{"id":2365,"date":"2024-01-25T10:16:44","date_gmt":"2024-01-25T10:16:44","guid":{"rendered":"https:\/\/www.dzwchafingdish.com\/?post_type=product&#038;p=2365"},"modified":"2024-06-13T03:14:58","modified_gmt":"2024-06-13T03:14:58","slug":"buffet-plate-wholesale","status":"publish","type":"product","link":"https:\/\/www.dzwchafingdish.com\/fr\/product\/buffet-plate-wholesale\/","title":{"rendered":"Petit plateau de buffet Or et argent en gros"},"content":{"rendered":"<div class=\"wp-block-columns is-layout-flex wp-container-core-columns-is-layout-28f84493 wp-block-columns-is-layout-flex\">\n<div class=\"wp-block-column is-vertically-aligned-center is-layout-flow wp-block-column-is-layout-flow\">\n<h2 class=\"wp-block-heading\" style=\"font-size:18px\"><strong>Dimension de l'assiette de buffet<\/strong><\/h2>\n\n\n\n<figure class=\"wp-block-table\"><table><tbody><tr><td>ITEM NO.<\/td><td>LONGUEUR<\/td><td>LARGE<\/td><td>HAUTEUR<\/td><\/tr><tr><td>DZW-T017<\/td><td>17,8 cm<\/td><td>8.4cm<\/td><td>1cm<\/td><\/tr><tr><td>DZW-T022<\/td><td>22,8 cm<\/td><td>9cm<\/td><td>1cm<\/td><\/tr><tr><td>DZW-T030<\/td><td>30 cm<\/td><td>12cm<\/td><td>1cm<\/td><\/tr><\/tbody><\/table><\/figure>\n<\/div>\n\n\n\n<div class=\"wp-block-column is-layout-flow wp-block-column-is-layout-flow\">\n<figure class=\"wp-block-image aligncenter size-full is-resized\"><img fetchpriority=\"high\" decoding=\"async\" width=\"790\" height=\"723\" src=\"https:\/\/www.dzwchafingdish.com\/wp-content\/uploads\/2024\/01\/wholesale-buffet-plate.webp\" alt=\"assiette de buffet en gros\" class=\"wp-image-2373\" style=\"width:408px;height:auto\" srcset=\"https:\/\/www.dzwchafingdish.com\/wp-content\/uploads\/2024\/01\/wholesale-buffet-plate.webp 790w, https:\/\/www.dzwchafingdish.com\/wp-content\/uploads\/2024\/01\/wholesale-buffet-plate-300x275.webp 300w, https:\/\/www.dzwchafingdish.com\/wp-content\/uploads\/2024\/01\/wholesale-buffet-plate-768x703.webp 768w\" sizes=\"(max-width: 790px) 100vw, 790px\" \/><\/figure>\n<\/div>\n<\/div>\n\n\n\n<div class=\"wp-block-columns is-layout-flex wp-container-core-columns-is-layout-28f84493 wp-block-columns-is-layout-flex\">\n<div class=\"wp-block-column is-layout-flow wp-block-column-is-layout-flow\">\n<figure class=\"wp-block-image aligncenter size-full is-resized\"><img decoding=\"async\" width=\"800\" height=\"800\" src=\"https:\/\/www.dzwchafingdish.com\/wp-content\/uploads\/2024\/01\/bulk-stainless-steel-tray-small.webp\" alt=\"plateau en acier inoxydable en vrac petit\" class=\"wp-image-2368\" style=\"width:458px;height:auto\" srcset=\"https:\/\/www.dzwchafingdish.com\/wp-content\/uploads\/2024\/01\/bulk-stainless-steel-tray-small.webp 800w, https:\/\/www.dzwchafingdish.com\/wp-content\/uploads\/2024\/01\/bulk-stainless-steel-tray-small-300x300.webp 300w, https:\/\/www.dzwchafingdish.com\/wp-content\/uploads\/2024\/01\/bulk-stainless-steel-tray-small-150x150.webp 150w, https:\/\/www.dzwchafingdish.com\/wp-content\/uploads\/2024\/01\/bulk-stainless-steel-tray-small-768x768.webp 768w\" sizes=\"(max-width: 800px) 100vw, 800px\" \/><\/figure>\n<\/div>\n\n\n\n<div class=\"wp-block-column is-vertically-aligned-center is-layout-flow wp-block-column-is-layout-flow\" style=\"font-size:18px\">\n<h2 class=\"wp-block-heading\" style=\"font-size:18px\"><strong>Assiette de buffet de qualit\u00e9 sup\u00e9rieure Caract\u00e9ristiques :<\/strong><\/h2>\n\n\n\n<p>- La couleur de l'assiette de buffet est brillante, l'apparence d\u00e9licate, naturelle et belle pour le restaurant.<\/p>\n\n\n\n<p>- Fabriqu\u00e9 en acier inoxydable, d'aspect simple et g\u00e9n\u00e9reux\uff0c r\u00e9sistant \u00e0 l'usure et durable<\/p>\n\n\n\n<p>- Les assiettes de buffet conviennent \u00e0 de nombreuses occasions, non seulement pour les cuisines domestiques et les caf\u00e9t\u00e9rias, mais aussi pour les pique-niques et les f\u00eates en plein air.<\/p>\n\n\n\n<p>- Disponibles en trois tailles, ils peuvent \u00eatre personnalis\u00e9s en fonction de vos besoins en termes de couleurs, de tailles et d'emballages.<\/p>\n<\/div>\n<\/div>","protected":false},"excerpt":{"rendered":"<p>Buffet Plate Dimension ITEM NO. LENGTH WIDE HIGHT DZW-T017 17.8 cm 8.4cm 1cm DZW-T022 22.8 cm 9cm 1cm DZW-T030 30 cm 12cm 1cm Premium Buffet Plate Features: \u00b7 The Buffet plate color is bright,delicate appearance, natural and beautiful for restaurant \u00b7 Made of stainless steel, simple and generous look design\uff0cwear-resistant and durable \u00b7 Buffet plates [&hellip;]<\/p>","protected":false},"author":1,"featured_media":2370,"parent":0,"menu_order":0,"template":"","format":"standard","meta":{"_acf_changed":false,"site-sidebar-layout":"default","site-content-layout":"","ast-site-content-layout":"default","site-content-style":"default","site-sidebar-style":"default","ast-global-header-display":"","ast-banner-title-visibility":"","ast-main-header-display":"","ast-hfb-above-header-display":"","ast-hfb-below-header-display":"","ast-hfb-mobile-header-display":"","site-post-title":"","ast-breadcrumbs-content":"","ast-featured-img":"","footer-sml-layout":"","theme-transparent-header-meta":"","adv-header-id-meta":"","stick-header-meta":"","header-above-stick-meta":"","header-main-stick-meta":"","header-below-stick-meta":"","astra-migrate-meta-layouts":"default","ast-page-background-enabled":"default","ast-page-background-meta":{"desktop":{"background-color":"var(--ast-global-color-4)","background-image":"","background-repeat":"repeat","background-position":"center center","background-size":"auto","background-attachment":"scroll","background-type":"","background-media":"","overlay-type":"","overlay-color":"","overlay-opacity":"","overlay-gradient":""},"tablet":{"background-color":"","background-image":"","background-repeat":"repeat","background-position":"center center","background-size":"auto","background-attachment":"scroll","background-type":"","background-media":"","overlay-type":"","overlay-color":"","overlay-opacity":"","overlay-gradient":""},"mobile":{"background-color":"","background-image":"","background-repeat":"repeat","background-position":"center center","background-size":"auto","background-attachment":"scroll","background-type":"","background-media":"","overlay-type":"","overlay-color":"","overlay-opacity":"","overlay-gradient":""}},"ast-content-background-meta":{"desktop":{"background-color":"var(--ast-global-color-5)","background-image":"","background-repeat":"repeat","background-position":"center center","background-size":"auto","background-attachment":"scroll","background-type":"","background-media":"","overlay-type":"","overlay-color":"","overlay-opacity":"","overlay-gradient":""},"tablet":{"background-color":"var(--ast-global-color-5)","background-image":"","background-repeat":"repeat","background-position":"center center","background-size":"auto","background-attachment":"scroll","background-type":"","background-media":"","overlay-type":"","overlay-color":"","overlay-opacity":"","overlay-gradient":""},"mobile":{"background-color":"var(--ast-global-color-5)","background-image":"","background-repeat":"repeat","background-position":"center center","background-size":"auto","background-attachment":"scroll","background-type":"","background-media":"","overlay-type":"","overlay-color":"","overlay-opacity":"","overlay-gradient":""}},"footnotes":""},"product-categories":[67],"product-tag":[],"class_list":["post-2365","product","type-product","status-publish","format-standard","has-post-thumbnail","hentry","product-categories-buffet-plates-and-bowl"],"acf":{"title":"Petit plateau de buffet Or et argent en gros","title_source":{"label":"Title","type":"text","formatted_value":"Small Buffet Plate Wholesale Gold and Silver"},"short_description":"Wholesale stainless steel buffet plates, which come in a variety of sizes and can hold different amounts of food. Mirror polished surface creates a gorgeous dining atmosphere.","short_description_source":{"label":"Short description","type":"textarea","formatted_value":"Wholesale stainless steel buffet plates, which come in a variety of sizes and can hold different amounts of food. Mirror polished surface creates a gorgeous dining atmosphere."},"parameters":"<table border=\"0\" width=\"452\" cellspacing=\"0\" cellpadding=\"0\">\r\n<tbody>\r\n<tr>\r\n<td width=\"166\" height=\"23\">Manufacturer<\/td>\r\n<td width=\"286\">DONGZHAOWEI<\/td>\r\n<\/tr>\r\n<tr>\r\n<td height=\"23\">Material<\/td>\r\n<td>Stainless Steel 201<\/td>\r\n<\/tr>\r\n<tr>\r\n<td height=\"23\">Color<\/td>\r\n<td>Golden \/ Silver<\/td>\r\n<\/tr>\r\n<tr>\r\n<td height=\"24\">Design<\/td>\r\n<td>Rectangular Shape<\/td>\r\n<\/tr>\r\n<tr>\r\n<td height=\"24\">Size<\/td>\r\n<td>18 cm, 23 cm, 30 cm<\/td>\r\n<\/tr>\r\n<tr>\r\n<td height=\"24\">Custom<\/td>\r\n<td>Color\/Logo\/Package<\/td>\r\n<\/tr>\r\n<tr>\r\n<td height=\"24\">MOQ<\/td>\r\n<td>20 sets<\/td>\r\n<\/tr>\r\n<\/tbody>\r\n<\/table>","parameters_source":{"label":"Parameters","type":"wysiwyg","formatted_value":"<table border=\"0\" width=\"452\" cellspacing=\"0\" cellpadding=\"0\">\n<tbody>\n<tr>\n<td width=\"166\" height=\"23\">Manufacturer<\/td>\n<td width=\"286\">DONGZHAOWEI<\/td>\n<\/tr>\n<tr>\n<td height=\"23\">Material<\/td>\n<td>Stainless Steel 201<\/td>\n<\/tr>\n<tr>\n<td height=\"23\">Color<\/td>\n<td>Golden \/ Silver<\/td>\n<\/tr>\n<tr>\n<td height=\"24\">Design<\/td>\n<td>Rectangular Shape<\/td>\n<\/tr>\n<tr>\n<td height=\"24\">Size<\/td>\n<td>18 cm, 23 cm, 30 cm<\/td>\n<\/tr>\n<tr>\n<td height=\"24\">Custom<\/td>\n<td>Color\/Logo\/Package<\/td>\n<\/tr>\n<tr>\n<td height=\"24\">MOQ<\/td>\n<td>20 sets<\/td>\n<\/tr>\n<\/tbody>\n<\/table>\n"},"photo_gallery":{"product_gallery":[[{"id":2367,"title":"Buffet plate suppliers","caption":"Buffet plate suppliers","full_image_url":"https:\/\/www.dzwchafingdish.com\/wp-content\/uploads\/2024\/01\/Buffet-plate-suppliers.webp","thumbnail_image_url":"https:\/\/www.dzwchafingdish.com\/wp-content\/uploads\/2024\/01\/Buffet-plate-suppliers-150x150.webp","large_srcset":"https:\/\/www.dzwchafingdish.com\/wp-content\/uploads\/2024\/01\/Buffet-plate-suppliers.webp 790w, https:\/\/www.dzwchafingdish.com\/wp-content\/uploads\/2024\/01\/Buffet-plate-suppliers-300x273.webp 300w, https:\/\/www.dzwchafingdish.com\/wp-content\/uploads\/2024\/01\/Buffet-plate-suppliers-768x700.webp 768w","medium_srcset":"https:\/\/www.dzwchafingdish.com\/wp-content\/uploads\/2024\/01\/Buffet-plate-suppliers-300x273.webp 300w, https:\/\/www.dzwchafingdish.com\/wp-content\/uploads\/2024\/01\/Buffet-plate-suppliers-768x700.webp 768w, https:\/\/www.dzwchafingdish.com\/wp-content\/uploads\/2024\/01\/Buffet-plate-suppliers.webp 790w","media_details":{"width":790,"height":720,"sizes":{"medium":{"file":"Buffet-plate-suppliers-300x273.webp","width":300,"height":273,"mime-type":"image\/webp","filesize":13366,"source_url":"https:\/\/www.dzwchafingdish.com\/wp-content\/uploads\/2024\/01\/Buffet-plate-suppliers-300x273.webp"},"thumbnail":{"file":"Buffet-plate-suppliers-150x150.webp","width":150,"height":150,"mime-type":"image\/webp","filesize":5518,"source_url":"https:\/\/www.dzwchafingdish.com\/wp-content\/uploads\/2024\/01\/Buffet-plate-suppliers-150x150.webp"},"medium_large":{"file":"Buffet-plate-suppliers-768x700.webp","width":768,"height":700,"mime-type":"image\/webp","filesize":50088,"source_url":"https:\/\/www.dzwchafingdish.com\/wp-content\/uploads\/2024\/01\/Buffet-plate-suppliers-768x700.webp"}}},"alt_text":"Buffet plate suppliers","url":"","target":""},{"id":2368,"title":"bulk stainless steel tray small","caption":"bulk stainless steel tray small","full_image_url":"https:\/\/www.dzwchafingdish.com\/wp-content\/uploads\/2024\/01\/bulk-stainless-steel-tray-small.webp","thumbnail_image_url":"https:\/\/www.dzwchafingdish.com\/wp-content\/uploads\/2024\/01\/bulk-stainless-steel-tray-small-150x150.webp","large_srcset":"https:\/\/www.dzwchafingdish.com\/wp-content\/uploads\/2024\/01\/bulk-stainless-steel-tray-small.webp 800w, https:\/\/www.dzwchafingdish.com\/wp-content\/uploads\/2024\/01\/bulk-stainless-steel-tray-small-300x300.webp 300w, https:\/\/www.dzwchafingdish.com\/wp-content\/uploads\/2024\/01\/bulk-stainless-steel-tray-small-150x150.webp 150w, https:\/\/www.dzwchafingdish.com\/wp-content\/uploads\/2024\/01\/bulk-stainless-steel-tray-small-768x768.webp 768w","medium_srcset":"https:\/\/www.dzwchafingdish.com\/wp-content\/uploads\/2024\/01\/bulk-stainless-steel-tray-small-300x300.webp 300w, https:\/\/www.dzwchafingdish.com\/wp-content\/uploads\/2024\/01\/bulk-stainless-steel-tray-small-150x150.webp 150w, https:\/\/www.dzwchafingdish.com\/wp-content\/uploads\/2024\/01\/bulk-stainless-steel-tray-small-768x768.webp 768w, https:\/\/www.dzwchafingdish.com\/wp-content\/uploads\/2024\/01\/bulk-stainless-steel-tray-small.webp 800w","media_details":{"width":800,"height":800,"sizes":{"medium":{"file":"bulk-stainless-steel-tray-small-300x300.webp","width":300,"height":300,"mime-type":"image\/webp","filesize":16536,"source_url":"https:\/\/www.dzwchafingdish.com\/wp-content\/uploads\/2024\/01\/bulk-stainless-steel-tray-small-300x300.webp"},"thumbnail":{"file":"bulk-stainless-steel-tray-small-150x150.webp","width":150,"height":150,"mime-type":"image\/webp","filesize":5756,"source_url":"https:\/\/www.dzwchafingdish.com\/wp-content\/uploads\/2024\/01\/bulk-stainless-steel-tray-small-150x150.webp"},"medium_large":{"file":"bulk-stainless-steel-tray-small-768x768.webp","width":768,"height":768,"mime-type":"image\/webp","filesize":61462,"source_url":"https:\/\/www.dzwchafingdish.com\/wp-content\/uploads\/2024\/01\/bulk-stainless-steel-tray-small-768x768.webp"}}},"alt_text":"bulk stainless steel tray small","url":"","target":""},{"id":2369,"title":"cheap stainless steel tray small","caption":"cheap stainless steel tray small","full_image_url":"https:\/\/www.dzwchafingdish.com\/wp-content\/uploads\/2024\/01\/cheap-stainless-steel-tray-small.webp","thumbnail_image_url":"https:\/\/www.dzwchafingdish.com\/wp-content\/uploads\/2024\/01\/cheap-stainless-steel-tray-small-150x150.webp","large_srcset":"https:\/\/www.dzwchafingdish.com\/wp-content\/uploads\/2024\/01\/cheap-stainless-steel-tray-small.webp 800w, https:\/\/www.dzwchafingdish.com\/wp-content\/uploads\/2024\/01\/cheap-stainless-steel-tray-small-300x300.webp 300w, https:\/\/www.dzwchafingdish.com\/wp-content\/uploads\/2024\/01\/cheap-stainless-steel-tray-small-150x150.webp 150w, https:\/\/www.dzwchafingdish.com\/wp-content\/uploads\/2024\/01\/cheap-stainless-steel-tray-small-768x768.webp 768w","medium_srcset":"https:\/\/www.dzwchafingdish.com\/wp-content\/uploads\/2024\/01\/cheap-stainless-steel-tray-small-300x300.webp 300w, https:\/\/www.dzwchafingdish.com\/wp-content\/uploads\/2024\/01\/cheap-stainless-steel-tray-small-150x150.webp 150w, https:\/\/www.dzwchafingdish.com\/wp-content\/uploads\/2024\/01\/cheap-stainless-steel-tray-small-768x768.webp 768w, https:\/\/www.dzwchafingdish.com\/wp-content\/uploads\/2024\/01\/cheap-stainless-steel-tray-small.webp 800w","media_details":{"width":800,"height":800,"sizes":{"medium":{"file":"cheap-stainless-steel-tray-small-300x300.webp","width":300,"height":300,"mime-type":"image\/webp","filesize":12990,"source_url":"https:\/\/www.dzwchafingdish.com\/wp-content\/uploads\/2024\/01\/cheap-stainless-steel-tray-small-300x300.webp"},"thumbnail":{"file":"cheap-stainless-steel-tray-small-150x150.webp","width":150,"height":150,"mime-type":"image\/webp","filesize":4668,"source_url":"https:\/\/www.dzwchafingdish.com\/wp-content\/uploads\/2024\/01\/cheap-stainless-steel-tray-small-150x150.webp"},"medium_large":{"file":"cheap-stainless-steel-tray-small-768x768.webp","width":768,"height":768,"mime-type":"image\/webp","filesize":53074,"source_url":"https:\/\/www.dzwchafingdish.com\/wp-content\/uploads\/2024\/01\/cheap-stainless-steel-tray-small-768x768.webp"}}},"alt_text":"cheap stainless steel tray small","url":"","target":""},{"id":2366,"title":"buffet dinner plate for sale","caption":"buffet dinner plate for sale","full_image_url":"https:\/\/www.dzwchafingdish.com\/wp-content\/uploads\/2024\/01\/buffet-dinner-plate-for-sale.webp","thumbnail_image_url":"https:\/\/www.dzwchafingdish.com\/wp-content\/uploads\/2024\/01\/buffet-dinner-plate-for-sale-150x150.webp","large_srcset":"https:\/\/www.dzwchafingdish.com\/wp-content\/uploads\/2024\/01\/buffet-dinner-plate-for-sale.webp 800w, https:\/\/www.dzwchafingdish.com\/wp-content\/uploads\/2024\/01\/buffet-dinner-plate-for-sale-300x300.webp 300w, https:\/\/www.dzwchafingdish.com\/wp-content\/uploads\/2024\/01\/buffet-dinner-plate-for-sale-150x150.webp 150w, https:\/\/www.dzwchafingdish.com\/wp-content\/uploads\/2024\/01\/buffet-dinner-plate-for-sale-768x768.webp 768w","medium_srcset":"https:\/\/www.dzwchafingdish.com\/wp-content\/uploads\/2024\/01\/buffet-dinner-plate-for-sale-300x300.webp 300w, https:\/\/www.dzwchafingdish.com\/wp-content\/uploads\/2024\/01\/buffet-dinner-plate-for-sale-150x150.webp 150w, https:\/\/www.dzwchafingdish.com\/wp-content\/uploads\/2024\/01\/buffet-dinner-plate-for-sale-768x768.webp 768w, https:\/\/www.dzwchafingdish.com\/wp-content\/uploads\/2024\/01\/buffet-dinner-plate-for-sale.webp 800w","media_details":{"width":800,"height":800,"sizes":{"medium":{"file":"buffet-dinner-plate-for-sale-300x300.webp","width":300,"height":300,"mime-type":"image\/webp","filesize":10454,"source_url":"https:\/\/www.dzwchafingdish.com\/wp-content\/uploads\/2024\/01\/buffet-dinner-plate-for-sale-300x300.webp"},"thumbnail":{"file":"buffet-dinner-plate-for-sale-150x150.webp","width":150,"height":150,"mime-type":"image\/webp","filesize":4206,"source_url":"https:\/\/www.dzwchafingdish.com\/wp-content\/uploads\/2024\/01\/buffet-dinner-plate-for-sale-150x150.webp"},"medium_large":{"file":"buffet-dinner-plate-for-sale-768x768.webp","width":768,"height":768,"mime-type":"image\/webp","filesize":36288,"source_url":"https:\/\/www.dzwchafingdish.com\/wp-content\/uploads\/2024\/01\/buffet-dinner-plate-for-sale-768x768.webp"}}},"alt_text":"buffet dinner plate for sale","url":"","target":""},{"id":2373,"title":"wholesale buffet plate","caption":"wholesale buffet plate","full_image_url":"https:\/\/www.dzwchafingdish.com\/wp-content\/uploads\/2024\/01\/wholesale-buffet-plate.webp","thumbnail_image_url":"https:\/\/www.dzwchafingdish.com\/wp-content\/uploads\/2024\/01\/wholesale-buffet-plate-150x150.webp","large_srcset":"https:\/\/www.dzwchafingdish.com\/wp-content\/uploads\/2024\/01\/wholesale-buffet-plate.webp 790w, https:\/\/www.dzwchafingdish.com\/wp-content\/uploads\/2024\/01\/wholesale-buffet-plate-300x275.webp 300w, https:\/\/www.dzwchafingdish.com\/wp-content\/uploads\/2024\/01\/wholesale-buffet-plate-768x703.webp 768w","medium_srcset":"https:\/\/www.dzwchafingdish.com\/wp-content\/uploads\/2024\/01\/wholesale-buffet-plate-300x275.webp 300w, https:\/\/www.dzwchafingdish.com\/wp-content\/uploads\/2024\/01\/wholesale-buffet-plate-768x703.webp 768w, https:\/\/www.dzwchafingdish.com\/wp-content\/uploads\/2024\/01\/wholesale-buffet-plate.webp 790w","media_details":{"width":790,"height":723,"sizes":{"medium":{"file":"wholesale-buffet-plate-300x275.webp","width":300,"height":275,"mime-type":"image\/webp","filesize":11134,"source_url":"https:\/\/www.dzwchafingdish.com\/wp-content\/uploads\/2024\/01\/wholesale-buffet-plate-300x275.webp"},"thumbnail":{"file":"wholesale-buffet-plate-150x150.webp","width":150,"height":150,"mime-type":"image\/webp","filesize":4816,"source_url":"https:\/\/www.dzwchafingdish.com\/wp-content\/uploads\/2024\/01\/wholesale-buffet-plate-150x150.webp"},"medium_large":{"file":"wholesale-buffet-plate-768x703.webp","width":768,"height":703,"mime-type":"image\/webp","filesize":40404,"source_url":"https:\/\/www.dzwchafingdish.com\/wp-content\/uploads\/2024\/01\/wholesale-buffet-plate-768x703.webp"}}},"alt_text":"wholesale buffet plate","url":"","target":""},{"id":2372,"title":"small dining plate wholesale","caption":"small dining plate wholesale","full_image_url":"https:\/\/www.dzwchafingdish.com\/wp-content\/uploads\/2024\/01\/small-dining-plate-wholesale.webp","thumbnail_image_url":"https:\/\/www.dzwchafingdish.com\/wp-content\/uploads\/2024\/01\/small-dining-plate-wholesale-150x150.webp","large_srcset":"https:\/\/www.dzwchafingdish.com\/wp-content\/uploads\/2024\/01\/small-dining-plate-wholesale.webp 790w, https:\/\/www.dzwchafingdish.com\/wp-content\/uploads\/2024\/01\/small-dining-plate-wholesale-300x278.webp 300w, https:\/\/www.dzwchafingdish.com\/wp-content\/uploads\/2024\/01\/small-dining-plate-wholesale-768x712.webp 768w","medium_srcset":"https:\/\/www.dzwchafingdish.com\/wp-content\/uploads\/2024\/01\/small-dining-plate-wholesale-300x278.webp 300w, https:\/\/www.dzwchafingdish.com\/wp-content\/uploads\/2024\/01\/small-dining-plate-wholesale-768x712.webp 768w, https:\/\/www.dzwchafingdish.com\/wp-content\/uploads\/2024\/01\/small-dining-plate-wholesale.webp 790w","media_details":{"width":790,"height":732,"sizes":{"medium":{"file":"small-dining-plate-wholesale-300x278.webp","width":300,"height":278,"mime-type":"image\/webp","filesize":7550,"source_url":"https:\/\/www.dzwchafingdish.com\/wp-content\/uploads\/2024\/01\/small-dining-plate-wholesale-300x278.webp"},"thumbnail":{"file":"small-dining-plate-wholesale-150x150.webp","width":150,"height":150,"mime-type":"image\/webp","filesize":3642,"source_url":"https:\/\/www.dzwchafingdish.com\/wp-content\/uploads\/2024\/01\/small-dining-plate-wholesale-150x150.webp"},"medium_large":{"file":"small-dining-plate-wholesale-768x712.webp","width":768,"height":712,"mime-type":"image\/webp","filesize":23558,"source_url":"https:\/\/www.dzwchafingdish.com\/wp-content\/uploads\/2024\/01\/small-dining-plate-wholesale-768x712.webp"}}},"alt_text":"small dining plate wholesale","url":"","target":""}]]}},"_links":{"self":[{"href":"https:\/\/www.dzwchafingdish.com\/fr\/wp-json\/wp\/v2\/product\/2365","targetHints":{"allow":["GET"]}}],"collection":[{"href":"https:\/\/www.dzwchafingdish.com\/fr\/wp-json\/wp\/v2\/product"}],"about":[{"href":"https:\/\/www.dzwchafingdish.com\/fr\/wp-json\/wp\/v2\/types\/product"}],"author":[{"embeddable":true,"href":"https:\/\/www.dzwchafingdish.com\/fr\/wp-json\/wp\/v2\/users\/1"}],"version-history":[{"count":0,"href":"https:\/\/www.dzwchafingdish.com\/fr\/wp-json\/wp\/v2\/product\/2365\/revisions"}],"wp:featuredmedia":[{"embeddable":true,"href":"https:\/\/www.dzwchafingdish.com\/fr\/wp-json\/wp\/v2\/media\/2370"}],"wp:attachment":[{"href":"https:\/\/www.dzwchafingdish.com\/fr\/wp-json\/wp\/v2\/media?parent=2365"}],"wp:term":[{"taxonomy":"product-categories","embeddable":true,"href":"https:\/\/www.dzwchafingdish.com\/fr\/wp-json\/wp\/v2\/product-categories?post=2365"},{"taxonomy":"product-tag","embeddable":true,"href":"https:\/\/www.dzwchafingdish.com\/fr\/wp-json\/wp\/v2\/product-tag?post=2365"}],"curies":[{"name":"wp","href":"https:\/\/api.w.org\/{rel}","templated":true}]}}