{"id":2376,"date":"2024-01-25T10:57:49","date_gmt":"2024-01-25T10:57:49","guid":{"rendered":"https:\/\/www.dzwchafingdish.com\/?post_type=product&#038;p=2376"},"modified":"2024-06-13T03:49:42","modified_gmt":"2024-06-13T03:49:42","slug":"custom-cutlery-sets-4-piece","status":"publish","type":"product","link":"https:\/\/www.dzwchafingdish.com\/fr\/product\/custom-cutlery-sets-4-piece\/","title":{"rendered":"Ensemble de couverts en acier inoxydable 4 pi\u00e8ces sur mesure"},"content":{"rendered":"<div class=\"wp-block-columns is-layout-flex wp-container-core-columns-is-layout-28f84493 wp-block-columns-is-layout-flex\">\n<div class=\"wp-block-column is-layout-flow wp-block-column-is-layout-flow\">\n<p style=\"font-size:18px\"><strong> Coffrets de couverts Dimension<\/strong><\/p>\n\n\n\n<figure class=\"wp-block-table\"><table><tbody><tr><td>ITEM<\/td><td>LARGE<\/td><td>HAUTEUR<\/td><td>Poids<\/td><\/tr><tr><td>Fourchette<\/td><td>2 cm<\/td><td>22 cm<\/td><td>70 g<\/td><\/tr><tr><td>Couteau<\/td><td>1,8 cm<\/td><td>25,3 cm<\/td><td>97 g<\/td><\/tr><tr><td>Cuill\u00e8re<\/td><td>4 cm<\/td><td>22,2 cm<\/td><td>79.5 g<\/td><\/tr><tr><td>Cuill\u00e8re(s)<\/td><td>2,7 cm<\/td><td>15 cm<\/td><td>30 g<\/td><\/tr><\/tbody><\/table><\/figure>\n<\/div>\n\n\n\n<div class=\"wp-block-column is-layout-flow wp-block-column-is-layout-flow\">\n<figure class=\"wp-block-image aligncenter size-full is-resized\"><img fetchpriority=\"high\" decoding=\"async\" width=\"800\" height=\"800\" src=\"https:\/\/www.dzwchafingdish.com\/wp-content\/uploads\/2024\/01\/wholesale-serving-utensils.webp\" alt=\"ustensiles de service en gros\" class=\"wp-image-2385\" style=\"width:402px;height:auto\" srcset=\"https:\/\/www.dzwchafingdish.com\/wp-content\/uploads\/2024\/01\/wholesale-serving-utensils.webp 800w, https:\/\/www.dzwchafingdish.com\/wp-content\/uploads\/2024\/01\/wholesale-serving-utensils-300x300.webp 300w, https:\/\/www.dzwchafingdish.com\/wp-content\/uploads\/2024\/01\/wholesale-serving-utensils-150x150.webp 150w, https:\/\/www.dzwchafingdish.com\/wp-content\/uploads\/2024\/01\/wholesale-serving-utensils-768x768.webp 768w\" sizes=\"(max-width: 800px) 100vw, 800px\" \/><\/figure>\n<\/div>\n<\/div>\n\n\n\n<div class=\"wp-block-columns is-layout-flex wp-container-core-columns-is-layout-28f84493 wp-block-columns-is-layout-flex\">\n<div class=\"wp-block-column is-layout-flow wp-block-column-is-layout-flow\">\n<figure class=\"wp-block-image aligncenter size-full is-resized\"><img decoding=\"async\" width=\"732\" height=\"1093\" src=\"https:\/\/www.dzwchafingdish.com\/wp-content\/uploads\/2024\/01\/Wholesale-Cutlery-Sets-4-Piece-2.webp\" alt=\"Wholesale Set de couverts 4 pi\u00e8ces (2)\" class=\"wp-image-2383\" style=\"width:454px;height:auto\" srcset=\"https:\/\/www.dzwchafingdish.com\/wp-content\/uploads\/2024\/01\/Wholesale-Cutlery-Sets-4-Piece-2.webp 732w, https:\/\/www.dzwchafingdish.com\/wp-content\/uploads\/2024\/01\/Wholesale-Cutlery-Sets-4-Piece-2-201x300.webp 201w\" sizes=\"(max-width: 732px) 100vw, 732px\" \/><\/figure>\n<\/div>\n\n\n\n<div class=\"wp-block-column is-layout-flow wp-block-column-is-layout-flow\" style=\"font-size:18px\">\n<p><strong>Ensemble de couverts de qualit\u00e9 sup\u00e9rieure Caract\u00e9ristiques :<\/strong><\/p>\n\n\n\n<p>Acier inoxydable 304 mat\u00e9riau de polissage :<br>Fabriqu\u00e9 en acier inoxydable 304 de haute qualit\u00e9, poli pour une durabilit\u00e9 sup\u00e9rieure et une r\u00e9sistance \u00e0 la corrosion.<\/p>\n\n\n\n<p>Options de couleurs personnalis\u00e9es :<br>Les couleurs populaires or, argent, noir et autres peuvent \u00eatre personnalis\u00e9es. Nos couverts personnalis\u00e9s<strong> <\/strong>permettent \u00e0 votre vaisselle de correspondre au th\u00e8me de l'\u00e9v\u00e9nement et de s'adapter \u00e0 diff\u00e9rentes sc\u00e8nes.<\/p>\n\n\n\n<p>Ensemble complet de 5 pi\u00e8ces :<br>L'ensemble de couverts comprend un ensemble complet de 5 pi\u00e8ces, dont 2 petites cuill\u00e8res, 1 couteau et 2 fourchettes. Cet ensemble complet r\u00e9pond aux diff\u00e9rents besoins des convives, en fournissant l'ustensile ad\u00e9quat pour chaque plat et en am\u00e9liorant l'exp\u00e9rience globale du repas.<\/p>\n\n\n\n<p>Commander des sets de couverts en vrac est la solution parfaite et efficace pour dresser une table ou servir un buffet. Nous proposons des prix d'usine et de la vaisselle de haute qualit\u00e9 pour cr\u00e9er un service de restauration professionnel.<\/p>\n<\/div>\n<\/div>","protected":false},"excerpt":{"rendered":"<p>Cutlery Sets Dimension ITEM WIDE HIGHT Weight Fork 2 cm 22 cm 70 g Knife 1.8 cm 25.3 cm 97 g Spoon 4 cm 22.2 cm 79.5 g Spoon(s) 2.7 cm 15 cm 30 g Premium Cutlery Sets Features: 304 stainless steel polishing material:Made of high quality 304 stainless steel, polished for superior durability, corrosion [&hellip;]<\/p>","protected":false},"author":1,"featured_media":2379,"parent":0,"menu_order":0,"template":"","format":"standard","meta":{"_acf_changed":false,"site-sidebar-layout":"default","site-content-layout":"","ast-site-content-layout":"default","site-content-style":"default","site-sidebar-style":"default","ast-global-header-display":"","ast-banner-title-visibility":"","ast-main-header-display":"","ast-hfb-above-header-display":"","ast-hfb-below-header-display":"","ast-hfb-mobile-header-display":"","site-post-title":"","ast-breadcrumbs-content":"","ast-featured-img":"","footer-sml-layout":"","theme-transparent-header-meta":"","adv-header-id-meta":"","stick-header-meta":"","header-above-stick-meta":"","header-main-stick-meta":"","header-below-stick-meta":"","astra-migrate-meta-layouts":"default","ast-page-background-enabled":"default","ast-page-background-meta":{"desktop":{"background-color":"var(--ast-global-color-4)","background-image":"","background-repeat":"repeat","background-position":"center center","background-size":"auto","background-attachment":"scroll","background-type":"","background-media":"","overlay-type":"","overlay-color":"","overlay-opacity":"","overlay-gradient":""},"tablet":{"background-color":"","background-image":"","background-repeat":"repeat","background-position":"center center","background-size":"auto","background-attachment":"scroll","background-type":"","background-media":"","overlay-type":"","overlay-color":"","overlay-opacity":"","overlay-gradient":""},"mobile":{"background-color":"","background-image":"","background-repeat":"repeat","background-position":"center center","background-size":"auto","background-attachment":"scroll","background-type":"","background-media":"","overlay-type":"","overlay-color":"","overlay-opacity":"","overlay-gradient":""}},"ast-content-background-meta":{"desktop":{"background-color":"var(--ast-global-color-5)","background-image":"","background-repeat":"repeat","background-position":"center center","background-size":"auto","background-attachment":"scroll","background-type":"","background-media":"","overlay-type":"","overlay-color":"","overlay-opacity":"","overlay-gradient":""},"tablet":{"background-color":"var(--ast-global-color-5)","background-image":"","background-repeat":"repeat","background-position":"center center","background-size":"auto","background-attachment":"scroll","background-type":"","background-media":"","overlay-type":"","overlay-color":"","overlay-opacity":"","overlay-gradient":""},"mobile":{"background-color":"var(--ast-global-color-5)","background-image":"","background-repeat":"repeat","background-position":"center center","background-size":"auto","background-attachment":"scroll","background-type":"","background-media":"","overlay-type":"","overlay-color":"","overlay-opacity":"","overlay-gradient":""}},"footnotes":""},"product-categories":[68],"product-tag":[],"class_list":["post-2376","product","type-product","status-publish","format-standard","has-post-thumbnail","hentry","product-categories-cutlery-sets-and-tongs"],"acf":{"title":"Ensemble de couverts en acier inoxydable 4 pi\u00e8ces sur mesure","title_source":{"label":"Title","type":"text","formatted_value":"Stainless Steel Cutlery Sets 4 Piece Custom"},"short_description":"Custom cutlery sets in polished bright stainless steel. As a buffet equipment manufacturer, we custom luxury cutlery sets, including custom logo color packaging and more. Welcome to contact us for cost-effective products!","short_description_source":{"label":"Short description","type":"textarea","formatted_value":"Custom cutlery sets in polished bright stainless steel. As a buffet equipment manufacturer, we custom luxury cutlery sets, including custom logo color packaging and more. Welcome to contact us for cost-effective products!"},"parameters":"<table border=\"0\" width=\"423\" cellspacing=\"0\" cellpadding=\"0\">\r\n<tbody>\r\n<tr>\r\n<td width=\"166\" height=\"23\">Manufacturer<\/td>\r\n<td width=\"257\">DONGZHAOWEI<\/td>\r\n<\/tr>\r\n<tr>\r\n<td height=\"23\">Material<\/td>\r\n<td>Stainless Steel 304<\/td>\r\n<\/tr>\r\n<tr>\r\n<td height=\"23\">Set<\/td>\r\n<td>5 Piece-Spoon, Fork, Knife<\/td>\r\n<\/tr>\r\n<tr>\r\n<td height=\"24\">Color<\/td>\r\n<td>Golden\/Sliver\/Black<\/td>\r\n<\/tr>\r\n<tr>\r\n<td height=\"24\">Custom<\/td>\r\n<td>Color\/Logo\/Package<\/td>\r\n<\/tr>\r\n<tr>\r\n<td height=\"24\">MOQ<\/td>\r\n<td>100 Sets<\/td>\r\n<\/tr>\r\n<\/tbody>\r\n<\/table>","parameters_source":{"label":"Parameters","type":"wysiwyg","formatted_value":"<table border=\"0\" width=\"423\" cellspacing=\"0\" cellpadding=\"0\">\n<tbody>\n<tr>\n<td width=\"166\" height=\"23\">Manufacturer<\/td>\n<td width=\"257\">DONGZHAOWEI<\/td>\n<\/tr>\n<tr>\n<td height=\"23\">Material<\/td>\n<td>Stainless Steel 304<\/td>\n<\/tr>\n<tr>\n<td height=\"23\">Set<\/td>\n<td>5 Piece-Spoon, Fork, Knife<\/td>\n<\/tr>\n<tr>\n<td height=\"24\">Color<\/td>\n<td>Golden\/Sliver\/Black<\/td>\n<\/tr>\n<tr>\n<td height=\"24\">Custom<\/td>\n<td>Color\/Logo\/Package<\/td>\n<\/tr>\n<tr>\n<td height=\"24\">MOQ<\/td>\n<td>100 Sets<\/td>\n<\/tr>\n<\/tbody>\n<\/table>\n"},"photo_gallery":{"product_gallery":[[{"id":2379,"title":"custom Cutlery Sets","caption":"custom Cutlery Sets","full_image_url":"https:\/\/www.dzwchafingdish.com\/wp-content\/uploads\/2024\/01\/custom-Cutlery-Sets-2.webp","thumbnail_image_url":"https:\/\/www.dzwchafingdish.com\/wp-content\/uploads\/2024\/01\/custom-Cutlery-Sets-2-150x150.webp","large_srcset":"https:\/\/www.dzwchafingdish.com\/wp-content\/uploads\/2024\/01\/custom-Cutlery-Sets-2.webp 800w, https:\/\/www.dzwchafingdish.com\/wp-content\/uploads\/2024\/01\/custom-Cutlery-Sets-2-300x300.webp 300w, https:\/\/www.dzwchafingdish.com\/wp-content\/uploads\/2024\/01\/custom-Cutlery-Sets-2-150x150.webp 150w, https:\/\/www.dzwchafingdish.com\/wp-content\/uploads\/2024\/01\/custom-Cutlery-Sets-2-768x768.webp 768w","medium_srcset":"https:\/\/www.dzwchafingdish.com\/wp-content\/uploads\/2024\/01\/custom-Cutlery-Sets-2-300x300.webp 300w, https:\/\/www.dzwchafingdish.com\/wp-content\/uploads\/2024\/01\/custom-Cutlery-Sets-2-150x150.webp 150w, https:\/\/www.dzwchafingdish.com\/wp-content\/uploads\/2024\/01\/custom-Cutlery-Sets-2-768x768.webp 768w, https:\/\/www.dzwchafingdish.com\/wp-content\/uploads\/2024\/01\/custom-Cutlery-Sets-2.webp 800w","media_details":{"width":800,"height":800,"sizes":{"medium":{"file":"custom-Cutlery-Sets-2-300x300.webp","width":300,"height":300,"mime-type":"image\/webp","filesize":16198,"source_url":"https:\/\/www.dzwchafingdish.com\/wp-content\/uploads\/2024\/01\/custom-Cutlery-Sets-2-300x300.webp"},"thumbnail":{"file":"custom-Cutlery-Sets-2-150x150.webp","width":150,"height":150,"mime-type":"image\/webp","filesize":6328,"source_url":"https:\/\/www.dzwchafingdish.com\/wp-content\/uploads\/2024\/01\/custom-Cutlery-Sets-2-150x150.webp"},"medium_large":{"file":"custom-Cutlery-Sets-2-768x768.webp","width":768,"height":768,"mime-type":"image\/webp","filesize":60686,"source_url":"https:\/\/www.dzwchafingdish.com\/wp-content\/uploads\/2024\/01\/custom-Cutlery-Sets-2-768x768.webp"}}},"alt_text":"custom Cutlery Sets","url":"","target":""},{"id":2384,"title":"Wholesale Cutlery Sets","caption":"Wholesale Cutlery Sets","full_image_url":"https:\/\/www.dzwchafingdish.com\/wp-content\/uploads\/2024\/01\/Wholesale-Cutlery-Sets-1.webp","thumbnail_image_url":"https:\/\/www.dzwchafingdish.com\/wp-content\/uploads\/2024\/01\/Wholesale-Cutlery-Sets-1-150x150.webp","large_srcset":"https:\/\/www.dzwchafingdish.com\/wp-content\/uploads\/2024\/01\/Wholesale-Cutlery-Sets-1.webp 800w, https:\/\/www.dzwchafingdish.com\/wp-content\/uploads\/2024\/01\/Wholesale-Cutlery-Sets-1-300x300.webp 300w, https:\/\/www.dzwchafingdish.com\/wp-content\/uploads\/2024\/01\/Wholesale-Cutlery-Sets-1-150x150.webp 150w, https:\/\/www.dzwchafingdish.com\/wp-content\/uploads\/2024\/01\/Wholesale-Cutlery-Sets-1-768x768.webp 768w","medium_srcset":"https:\/\/www.dzwchafingdish.com\/wp-content\/uploads\/2024\/01\/Wholesale-Cutlery-Sets-1-300x300.webp 300w, https:\/\/www.dzwchafingdish.com\/wp-content\/uploads\/2024\/01\/Wholesale-Cutlery-Sets-1-150x150.webp 150w, https:\/\/www.dzwchafingdish.com\/wp-content\/uploads\/2024\/01\/Wholesale-Cutlery-Sets-1-768x768.webp 768w, https:\/\/www.dzwchafingdish.com\/wp-content\/uploads\/2024\/01\/Wholesale-Cutlery-Sets-1.webp 800w","media_details":{"width":800,"height":800,"sizes":{"medium":{"file":"Wholesale-Cutlery-Sets-1-300x300.webp","width":300,"height":300,"mime-type":"image\/webp","filesize":18752,"source_url":"https:\/\/www.dzwchafingdish.com\/wp-content\/uploads\/2024\/01\/Wholesale-Cutlery-Sets-1-300x300.webp"},"thumbnail":{"file":"Wholesale-Cutlery-Sets-1-150x150.webp","width":150,"height":150,"mime-type":"image\/webp","filesize":5726,"source_url":"https:\/\/www.dzwchafingdish.com\/wp-content\/uploads\/2024\/01\/Wholesale-Cutlery-Sets-1-150x150.webp"},"medium_large":{"file":"Wholesale-Cutlery-Sets-1-768x768.webp","width":768,"height":768,"mime-type":"image\/webp","filesize":108118,"source_url":"https:\/\/www.dzwchafingdish.com\/wp-content\/uploads\/2024\/01\/Wholesale-Cutlery-Sets-1-768x768.webp"}}},"alt_text":"Wholesale Cutlery Sets","url":"","target":""},{"id":2382,"title":"cutlery sets wholesalers","caption":"cutlery sets wholesalers","full_image_url":"https:\/\/www.dzwchafingdish.com\/wp-content\/uploads\/2024\/01\/cutlery-sets-wholesalers-1.webp","thumbnail_image_url":"https:\/\/www.dzwchafingdish.com\/wp-content\/uploads\/2024\/01\/cutlery-sets-wholesalers-1-150x150.webp","large_srcset":"https:\/\/www.dzwchafingdish.com\/wp-content\/uploads\/2024\/01\/cutlery-sets-wholesalers-1.webp 800w, https:\/\/www.dzwchafingdish.com\/wp-content\/uploads\/2024\/01\/cutlery-sets-wholesalers-1-300x300.webp 300w, https:\/\/www.dzwchafingdish.com\/wp-content\/uploads\/2024\/01\/cutlery-sets-wholesalers-1-150x150.webp 150w, https:\/\/www.dzwchafingdish.com\/wp-content\/uploads\/2024\/01\/cutlery-sets-wholesalers-1-768x768.webp 768w","medium_srcset":"https:\/\/www.dzwchafingdish.com\/wp-content\/uploads\/2024\/01\/cutlery-sets-wholesalers-1-300x300.webp 300w, https:\/\/www.dzwchafingdish.com\/wp-content\/uploads\/2024\/01\/cutlery-sets-wholesalers-1-150x150.webp 150w, https:\/\/www.dzwchafingdish.com\/wp-content\/uploads\/2024\/01\/cutlery-sets-wholesalers-1-768x768.webp 768w, https:\/\/www.dzwchafingdish.com\/wp-content\/uploads\/2024\/01\/cutlery-sets-wholesalers-1.webp 800w","media_details":{"width":800,"height":800,"sizes":{"medium":{"file":"cutlery-sets-wholesalers-1-300x300.webp","width":300,"height":300,"mime-type":"image\/webp","filesize":12374,"source_url":"https:\/\/www.dzwchafingdish.com\/wp-content\/uploads\/2024\/01\/cutlery-sets-wholesalers-1-300x300.webp"},"thumbnail":{"file":"cutlery-sets-wholesalers-1-150x150.webp","width":150,"height":150,"mime-type":"image\/webp","filesize":4622,"source_url":"https:\/\/www.dzwchafingdish.com\/wp-content\/uploads\/2024\/01\/cutlery-sets-wholesalers-1-150x150.webp"},"medium_large":{"file":"cutlery-sets-wholesalers-1-768x768.webp","width":768,"height":768,"mime-type":"image\/webp","filesize":44000,"source_url":"https:\/\/www.dzwchafingdish.com\/wp-content\/uploads\/2024\/01\/cutlery-sets-wholesalers-1-768x768.webp"}}},"alt_text":"cutlery sets wholesalers","url":"","target":""},{"id":2378,"title":"buffet supplies wholesale","caption":"buffet supplies wholesale","full_image_url":"https:\/\/www.dzwchafingdish.com\/wp-content\/uploads\/2024\/01\/buffet-supplies-wholesale.webp","thumbnail_image_url":"https:\/\/www.dzwchafingdish.com\/wp-content\/uploads\/2024\/01\/buffet-supplies-wholesale-150x150.webp","large_srcset":"https:\/\/www.dzwchafingdish.com\/wp-content\/uploads\/2024\/01\/buffet-supplies-wholesale.webp 800w, https:\/\/www.dzwchafingdish.com\/wp-content\/uploads\/2024\/01\/buffet-supplies-wholesale-300x300.webp 300w, https:\/\/www.dzwchafingdish.com\/wp-content\/uploads\/2024\/01\/buffet-supplies-wholesale-150x150.webp 150w, https:\/\/www.dzwchafingdish.com\/wp-content\/uploads\/2024\/01\/buffet-supplies-wholesale-768x768.webp 768w","medium_srcset":"https:\/\/www.dzwchafingdish.com\/wp-content\/uploads\/2024\/01\/buffet-supplies-wholesale-300x300.webp 300w, https:\/\/www.dzwchafingdish.com\/wp-content\/uploads\/2024\/01\/buffet-supplies-wholesale-150x150.webp 150w, https:\/\/www.dzwchafingdish.com\/wp-content\/uploads\/2024\/01\/buffet-supplies-wholesale-768x768.webp 768w, https:\/\/www.dzwchafingdish.com\/wp-content\/uploads\/2024\/01\/buffet-supplies-wholesale.webp 800w","media_details":{"width":800,"height":800,"sizes":{"medium":{"file":"buffet-supplies-wholesale-300x300.webp","width":300,"height":300,"mime-type":"image\/webp","filesize":12810,"source_url":"https:\/\/www.dzwchafingdish.com\/wp-content\/uploads\/2024\/01\/buffet-supplies-wholesale-300x300.webp"},"thumbnail":{"file":"buffet-supplies-wholesale-150x150.webp","width":150,"height":150,"mime-type":"image\/webp","filesize":4374,"source_url":"https:\/\/www.dzwchafingdish.com\/wp-content\/uploads\/2024\/01\/buffet-supplies-wholesale-150x150.webp"},"medium_large":{"file":"buffet-supplies-wholesale-768x768.webp","width":768,"height":768,"mime-type":"image\/webp","filesize":53632,"source_url":"https:\/\/www.dzwchafingdish.com\/wp-content\/uploads\/2024\/01\/buffet-supplies-wholesale-768x768.webp"}}},"alt_text":"buffet supplies wholesale","url":"","target":""},{"id":2381,"title":"Cutlery Sets Wholesale","caption":"Cutlery Sets Wholesale","full_image_url":"https:\/\/www.dzwchafingdish.com\/wp-content\/uploads\/2024\/01\/Cutlery-Sets-Wholesale-1.webp","thumbnail_image_url":"https:\/\/www.dzwchafingdish.com\/wp-content\/uploads\/2024\/01\/Cutlery-Sets-Wholesale-1-150x150.webp","large_srcset":"https:\/\/www.dzwchafingdish.com\/wp-content\/uploads\/2024\/01\/Cutlery-Sets-Wholesale-1.webp 800w, https:\/\/www.dzwchafingdish.com\/wp-content\/uploads\/2024\/01\/Cutlery-Sets-Wholesale-1-300x300.webp 300w, https:\/\/www.dzwchafingdish.com\/wp-content\/uploads\/2024\/01\/Cutlery-Sets-Wholesale-1-150x150.webp 150w, https:\/\/www.dzwchafingdish.com\/wp-content\/uploads\/2024\/01\/Cutlery-Sets-Wholesale-1-768x768.webp 768w","medium_srcset":"https:\/\/www.dzwchafingdish.com\/wp-content\/uploads\/2024\/01\/Cutlery-Sets-Wholesale-1-300x300.webp 300w, https:\/\/www.dzwchafingdish.com\/wp-content\/uploads\/2024\/01\/Cutlery-Sets-Wholesale-1-150x150.webp 150w, https:\/\/www.dzwchafingdish.com\/wp-content\/uploads\/2024\/01\/Cutlery-Sets-Wholesale-1-768x768.webp 768w, https:\/\/www.dzwchafingdish.com\/wp-content\/uploads\/2024\/01\/Cutlery-Sets-Wholesale-1.webp 800w","media_details":{"width":800,"height":800,"sizes":{"medium":{"file":"Cutlery-Sets-Wholesale-1-300x300.webp","width":300,"height":300,"mime-type":"image\/webp","filesize":4098,"source_url":"https:\/\/www.dzwchafingdish.com\/wp-content\/uploads\/2024\/01\/Cutlery-Sets-Wholesale-1-300x300.webp"},"thumbnail":{"file":"Cutlery-Sets-Wholesale-1-150x150.webp","width":150,"height":150,"mime-type":"image\/webp","filesize":1680,"source_url":"https:\/\/www.dzwchafingdish.com\/wp-content\/uploads\/2024\/01\/Cutlery-Sets-Wholesale-1-150x150.webp"},"medium_large":{"file":"Cutlery-Sets-Wholesale-1-768x768.webp","width":768,"height":768,"mime-type":"image\/webp","filesize":12792,"source_url":"https:\/\/www.dzwchafingdish.com\/wp-content\/uploads\/2024\/01\/Cutlery-Sets-Wholesale-1-768x768.webp"}}},"alt_text":"Cutlery Sets Wholesale","url":"","target":""},{"id":2385,"title":"wholesale serving utensils","caption":"wholesale serving utensils","full_image_url":"https:\/\/www.dzwchafingdish.com\/wp-content\/uploads\/2024\/01\/wholesale-serving-utensils.webp","thumbnail_image_url":"https:\/\/www.dzwchafingdish.com\/wp-content\/uploads\/2024\/01\/wholesale-serving-utensils-150x150.webp","large_srcset":"https:\/\/www.dzwchafingdish.com\/wp-content\/uploads\/2024\/01\/wholesale-serving-utensils.webp 800w, https:\/\/www.dzwchafingdish.com\/wp-content\/uploads\/2024\/01\/wholesale-serving-utensils-300x300.webp 300w, https:\/\/www.dzwchafingdish.com\/wp-content\/uploads\/2024\/01\/wholesale-serving-utensils-150x150.webp 150w, https:\/\/www.dzwchafingdish.com\/wp-content\/uploads\/2024\/01\/wholesale-serving-utensils-768x768.webp 768w","medium_srcset":"https:\/\/www.dzwchafingdish.com\/wp-content\/uploads\/2024\/01\/wholesale-serving-utensils-300x300.webp 300w, https:\/\/www.dzwchafingdish.com\/wp-content\/uploads\/2024\/01\/wholesale-serving-utensils-150x150.webp 150w, https:\/\/www.dzwchafingdish.com\/wp-content\/uploads\/2024\/01\/wholesale-serving-utensils-768x768.webp 768w, https:\/\/www.dzwchafingdish.com\/wp-content\/uploads\/2024\/01\/wholesale-serving-utensils.webp 800w","media_details":{"width":800,"height":800,"sizes":{"medium":{"file":"wholesale-serving-utensils-300x300.webp","width":300,"height":300,"mime-type":"image\/webp","filesize":7530,"source_url":"https:\/\/www.dzwchafingdish.com\/wp-content\/uploads\/2024\/01\/wholesale-serving-utensils-300x300.webp"},"thumbnail":{"file":"wholesale-serving-utensils-150x150.webp","width":150,"height":150,"mime-type":"image\/webp","filesize":3018,"source_url":"https:\/\/www.dzwchafingdish.com\/wp-content\/uploads\/2024\/01\/wholesale-serving-utensils-150x150.webp"},"medium_large":{"file":"wholesale-serving-utensils-768x768.webp","width":768,"height":768,"mime-type":"image\/webp","filesize":25718,"source_url":"https:\/\/www.dzwchafingdish.com\/wp-content\/uploads\/2024\/01\/wholesale-serving-utensils-768x768.webp"}}},"alt_text":"wholesale serving utensils","url":"","target":""}]]}},"_links":{"self":[{"href":"https:\/\/www.dzwchafingdish.com\/fr\/wp-json\/wp\/v2\/product\/2376","targetHints":{"allow":["GET"]}}],"collection":[{"href":"https:\/\/www.dzwchafingdish.com\/fr\/wp-json\/wp\/v2\/product"}],"about":[{"href":"https:\/\/www.dzwchafingdish.com\/fr\/wp-json\/wp\/v2\/types\/product"}],"author":[{"embeddable":true,"href":"https:\/\/www.dzwchafingdish.com\/fr\/wp-json\/wp\/v2\/users\/1"}],"version-history":[{"count":0,"href":"https:\/\/www.dzwchafingdish.com\/fr\/wp-json\/wp\/v2\/product\/2376\/revisions"}],"wp:featuredmedia":[{"embeddable":true,"href":"https:\/\/www.dzwchafingdish.com\/fr\/wp-json\/wp\/v2\/media\/2379"}],"wp:attachment":[{"href":"https:\/\/www.dzwchafingdish.com\/fr\/wp-json\/wp\/v2\/media?parent=2376"}],"wp:term":[{"taxonomy":"product-categories","embeddable":true,"href":"https:\/\/www.dzwchafingdish.com\/fr\/wp-json\/wp\/v2\/product-categories?post=2376"},{"taxonomy":"product-tag","embeddable":true,"href":"https:\/\/www.dzwchafingdish.com\/fr\/wp-json\/wp\/v2\/product-tag?post=2376"}],"curies":[{"name":"wp","href":"https:\/\/api.w.org\/{rel}","templated":true}]}}