{"id":2425,"date":"2024-01-26T11:11:36","date_gmt":"2024-01-26T11:11:36","guid":{"rendered":"https:\/\/www.dzwchafingdish.com\/?post_type=product&#038;p=2425"},"modified":"2024-06-13T03:04:21","modified_gmt":"2024-06-13T03:04:21","slug":"buffet-plate-rectangular","status":"publish","type":"product","link":"https:\/\/www.dzwchafingdish.com\/fr\/product\/buffet-plate-rectangular\/","title":{"rendered":"Wholesale Buffet Plate Rectangulaire Acier Inoxydable"},"content":{"rendered":"<div class=\"wp-block-columns is-layout-flex wp-container-core-columns-is-layout-28f84493 wp-block-columns-is-layout-flex\">\n<div class=\"wp-block-column is-vertically-aligned-center is-layout-flow wp-block-column-is-layout-flow\">\n<h2 class=\"wp-block-heading\" style=\"font-size:18px\"><strong>Assiette de buffet Dimension rectangulaire<\/strong><\/h2>\n\n\n\n<figure class=\"wp-block-table\"><table><tbody><tr><td>ITEM NO.<\/td><td>LONGUEUR<\/td><td>LARGE<\/td><td>HAUTEUR<\/td><\/tr><tr><td>DZW-ST22<\/td><td>22cm<\/td><td>14cm<\/td><td>1cm<\/td><\/tr><tr><td>DZW-ST32<\/td><td>32cm<\/td><td>16cm<\/td><td>1cm<\/td><\/tr><tr><td>DZW-ST36<\/td><td>36cm<\/td><td>20cm<\/td><td>1cm<\/td><\/tr><\/tbody><\/table><\/figure>\n<\/div>\n\n\n\n<div class=\"wp-block-column is-layout-flow wp-block-column-is-layout-flow\">\n<figure class=\"wp-block-image aligncenter size-full is-resized\"><img fetchpriority=\"high\" decoding=\"async\" width=\"800\" height=\"800\" src=\"https:\/\/www.dzwchafingdish.com\/wp-content\/uploads\/2024\/01\/custom-buffet-plate-rectangular.webp\" alt=\"buffet personnalis\u00e9 rectangulaire\" class=\"wp-image-2428\" style=\"width:378px;height:auto\" srcset=\"https:\/\/www.dzwchafingdish.com\/wp-content\/uploads\/2024\/01\/custom-buffet-plate-rectangular.webp 800w, https:\/\/www.dzwchafingdish.com\/wp-content\/uploads\/2024\/01\/custom-buffet-plate-rectangular-300x300.webp 300w, https:\/\/www.dzwchafingdish.com\/wp-content\/uploads\/2024\/01\/custom-buffet-plate-rectangular-150x150.webp 150w, https:\/\/www.dzwchafingdish.com\/wp-content\/uploads\/2024\/01\/custom-buffet-plate-rectangular-768x768.webp 768w\" sizes=\"(max-width: 800px) 100vw, 800px\" \/><\/figure>\n<\/div>\n<\/div>\n\n\n\n<div class=\"wp-block-columns is-layout-flex wp-container-core-columns-is-layout-28f84493 wp-block-columns-is-layout-flex\">\n<div class=\"wp-block-column is-layout-flow wp-block-column-is-layout-flow\">\n<figure class=\"wp-block-image aligncenter size-full is-resized\"><img decoding=\"async\" width=\"800\" height=\"800\" src=\"https:\/\/www.dzwchafingdish.com\/wp-content\/uploads\/2024\/01\/Customize-stainless-steel-serving-tray.webp\" alt=\"Personnaliser le plateau de service en acier inoxydable\" class=\"wp-image-2430\" style=\"width:462px;height:auto\" srcset=\"https:\/\/www.dzwchafingdish.com\/wp-content\/uploads\/2024\/01\/Customize-stainless-steel-serving-tray.webp 800w, https:\/\/www.dzwchafingdish.com\/wp-content\/uploads\/2024\/01\/Customize-stainless-steel-serving-tray-300x300.webp 300w, https:\/\/www.dzwchafingdish.com\/wp-content\/uploads\/2024\/01\/Customize-stainless-steel-serving-tray-150x150.webp 150w, https:\/\/www.dzwchafingdish.com\/wp-content\/uploads\/2024\/01\/Customize-stainless-steel-serving-tray-768x768.webp 768w\" sizes=\"(max-width: 800px) 100vw, 800px\" \/><\/figure>\n<\/div>\n\n\n\n<div class=\"wp-block-column is-vertically-aligned-center is-layout-flow wp-block-column-is-layout-flow\" style=\"font-size:18px\">\n<h2 class=\"wp-block-heading\" style=\"font-size:18px\"><strong>Assiette de buffet de qualit\u00e9 sup\u00e9rieure Caract\u00e9ristiques :<\/strong><\/h2>\n\n\n\n<ul class=\"wp-block-list\">\n<li>Mat\u00e9riau en acier inoxydable de haute qualit\u00e9, r\u00e9sistance g\u00e9n\u00e9rale \u00e0 la corrosion, durable.<\/li>\n\n\n\n<li>Le ch\u00e2ssis rectangulaire serti et la conception de la poign\u00e9e rendent la prise en main plus confortable et plus s\u00fbre.<\/li>\n\n\n\n<li>De grande ou de petite taille, il peut fournir des grillades, des steaks, des fruits, des desserts, des sushis et d'autres aliments pour le restaurant ou l'h\u00f4tel.<\/li>\n\n\n\n<li>Les plateaux de buffet aux couleurs vives et les rev\u00eatements brillants donnent aux aliments un aspect plus d\u00e9licieux.<\/li>\n<\/ul>\n<\/div>\n<\/div>","protected":false},"excerpt":{"rendered":"<p>Assiette de Buffet Rectangulaire Dimension ITEM NO. LONGUEUR LARGE HAUTEUR DZW-ST22 22cm 14cm 1cm DZW-ST32 32cm 16cm 1cm DZW-ST36 36cm 20cm 1cm Assiette Buffet Premium Caract\u00e9ristiques :<\/p>","protected":false},"author":1,"featured_media":2426,"parent":0,"menu_order":0,"template":"","format":"standard","meta":{"_acf_changed":false,"site-sidebar-layout":"default","site-content-layout":"","ast-site-content-layout":"default","site-content-style":"default","site-sidebar-style":"default","ast-global-header-display":"","ast-banner-title-visibility":"","ast-main-header-display":"","ast-hfb-above-header-display":"","ast-hfb-below-header-display":"","ast-hfb-mobile-header-display":"","site-post-title":"","ast-breadcrumbs-content":"","ast-featured-img":"","footer-sml-layout":"","theme-transparent-header-meta":"","adv-header-id-meta":"","stick-header-meta":"","header-above-stick-meta":"","header-main-stick-meta":"","header-below-stick-meta":"","astra-migrate-meta-layouts":"default","ast-page-background-enabled":"default","ast-page-background-meta":{"desktop":{"background-color":"var(--ast-global-color-4)","background-image":"","background-repeat":"repeat","background-position":"center center","background-size":"auto","background-attachment":"scroll","background-type":"","background-media":"","overlay-type":"","overlay-color":"","overlay-opacity":"","overlay-gradient":""},"tablet":{"background-color":"","background-image":"","background-repeat":"repeat","background-position":"center center","background-size":"auto","background-attachment":"scroll","background-type":"","background-media":"","overlay-type":"","overlay-color":"","overlay-opacity":"","overlay-gradient":""},"mobile":{"background-color":"","background-image":"","background-repeat":"repeat","background-position":"center center","background-size":"auto","background-attachment":"scroll","background-type":"","background-media":"","overlay-type":"","overlay-color":"","overlay-opacity":"","overlay-gradient":""}},"ast-content-background-meta":{"desktop":{"background-color":"var(--ast-global-color-5)","background-image":"","background-repeat":"repeat","background-position":"center center","background-size":"auto","background-attachment":"scroll","background-type":"","background-media":"","overlay-type":"","overlay-color":"","overlay-opacity":"","overlay-gradient":""},"tablet":{"background-color":"var(--ast-global-color-5)","background-image":"","background-repeat":"repeat","background-position":"center center","background-size":"auto","background-attachment":"scroll","background-type":"","background-media":"","overlay-type":"","overlay-color":"","overlay-opacity":"","overlay-gradient":""},"mobile":{"background-color":"var(--ast-global-color-5)","background-image":"","background-repeat":"repeat","background-position":"center center","background-size":"auto","background-attachment":"scroll","background-type":"","background-media":"","overlay-type":"","overlay-color":"","overlay-opacity":"","overlay-gradient":""}},"footnotes":""},"product-categories":[67],"product-tag":[],"class_list":["post-2425","product","type-product","status-publish","format-standard","has-post-thumbnail","hentry","product-categories-buffet-plates-and-bowl"],"acf":{"title":"Wholesale Buffet Plate Rectangulaire Acier Inoxydable","title_source":{"label":"Title","type":"text","formatted_value":"Wholesale Buffet Plate Rectangular Stainless Steel"},"short_description":"Our wholesale buffet plate rectangular series are available in a variety of sizes for barbecues, snacks, staples and more. Ordering our buffet plates in bulk will be an essential addition to your catering service.","short_description_source":{"label":"Short description","type":"textarea","formatted_value":"Our wholesale buffet plate rectangular series are available in a variety of sizes for barbecues, snacks, staples and more. Ordering our buffet plates in bulk will be an essential addition to your catering service."},"parameters":"<table border=\"0\" width=\"452\" cellspacing=\"0\" cellpadding=\"0\">\r\n<tbody>\r\n<tr>\r\n<td width=\"166\" height=\"23\">Manufacturer<\/td>\r\n<td width=\"286\">DONGZHAOWEI<\/td>\r\n<\/tr>\r\n<tr>\r\n<td height=\"23\">Material<\/td>\r\n<td>Stainless Steel 201<\/td>\r\n<\/tr>\r\n<tr>\r\n<td height=\"23\">Color<\/td>\r\n<td>Golden \/ Silver<\/td>\r\n<\/tr>\r\n<tr>\r\n<td height=\"24\">Design<\/td>\r\n<td>Rectangular Shape<\/td>\r\n<\/tr>\r\n<tr>\r\n<td height=\"24\">Specification<\/td>\r\n<td>22 cm\/32 cm\/30 cm<\/td>\r\n<\/tr>\r\n<tr>\r\n<td height=\"24\">Custom<\/td>\r\n<td>Color\/Logo\/Package<\/td>\r\n<\/tr>\r\n<tr>\r\n<td height=\"24\">MOQ<\/td>\r\n<td>20 sets<\/td>\r\n<\/tr>\r\n<\/tbody>\r\n<\/table>","parameters_source":{"label":"Parameters","type":"wysiwyg","formatted_value":"<table border=\"0\" width=\"452\" cellspacing=\"0\" cellpadding=\"0\">\n<tbody>\n<tr>\n<td width=\"166\" height=\"23\">Manufacturer<\/td>\n<td width=\"286\">DONGZHAOWEI<\/td>\n<\/tr>\n<tr>\n<td height=\"23\">Material<\/td>\n<td>Stainless Steel 201<\/td>\n<\/tr>\n<tr>\n<td height=\"23\">Color<\/td>\n<td>Golden \/ Silver<\/td>\n<\/tr>\n<tr>\n<td height=\"24\">Design<\/td>\n<td>Rectangular Shape<\/td>\n<\/tr>\n<tr>\n<td height=\"24\">Specification<\/td>\n<td>22 cm\/32 cm\/30 cm<\/td>\n<\/tr>\n<tr>\n<td height=\"24\">Custom<\/td>\n<td>Color\/Logo\/Package<\/td>\n<\/tr>\n<tr>\n<td height=\"24\">MOQ<\/td>\n<td>20 sets<\/td>\n<\/tr>\n<\/tbody>\n<\/table>\n"},"photo_gallery":{"product_gallery":[[{"id":2426,"title":"buffet plate rectangular wholesale","caption":"buffet plate rectangular wholesale","full_image_url":"https:\/\/www.dzwchafingdish.com\/wp-content\/uploads\/2024\/01\/buffet-plate-rectangular-wholesale.webp","thumbnail_image_url":"https:\/\/www.dzwchafingdish.com\/wp-content\/uploads\/2024\/01\/buffet-plate-rectangular-wholesale-150x150.webp","large_srcset":"https:\/\/www.dzwchafingdish.com\/wp-content\/uploads\/2024\/01\/buffet-plate-rectangular-wholesale.webp 800w, https:\/\/www.dzwchafingdish.com\/wp-content\/uploads\/2024\/01\/buffet-plate-rectangular-wholesale-300x300.webp 300w, https:\/\/www.dzwchafingdish.com\/wp-content\/uploads\/2024\/01\/buffet-plate-rectangular-wholesale-150x150.webp 150w, https:\/\/www.dzwchafingdish.com\/wp-content\/uploads\/2024\/01\/buffet-plate-rectangular-wholesale-768x768.webp 768w","medium_srcset":"https:\/\/www.dzwchafingdish.com\/wp-content\/uploads\/2024\/01\/buffet-plate-rectangular-wholesale-300x300.webp 300w, https:\/\/www.dzwchafingdish.com\/wp-content\/uploads\/2024\/01\/buffet-plate-rectangular-wholesale-150x150.webp 150w, https:\/\/www.dzwchafingdish.com\/wp-content\/uploads\/2024\/01\/buffet-plate-rectangular-wholesale-768x768.webp 768w, https:\/\/www.dzwchafingdish.com\/wp-content\/uploads\/2024\/01\/buffet-plate-rectangular-wholesale.webp 800w","media_details":{"width":800,"height":800,"sizes":{"medium":{"file":"buffet-plate-rectangular-wholesale-300x300.webp","width":300,"height":300,"mime-type":"image\/webp","filesize":19172,"source_url":"https:\/\/www.dzwchafingdish.com\/wp-content\/uploads\/2024\/01\/buffet-plate-rectangular-wholesale-300x300.webp"},"thumbnail":{"file":"buffet-plate-rectangular-wholesale-150x150.webp","width":150,"height":150,"mime-type":"image\/webp","filesize":6882,"source_url":"https:\/\/www.dzwchafingdish.com\/wp-content\/uploads\/2024\/01\/buffet-plate-rectangular-wholesale-150x150.webp"},"medium_large":{"file":"buffet-plate-rectangular-wholesale-768x768.webp","width":768,"height":768,"mime-type":"image\/webp","filesize":67246,"source_url":"https:\/\/www.dzwchafingdish.com\/wp-content\/uploads\/2024\/01\/buffet-plate-rectangular-wholesale-768x768.webp"}}},"alt_text":"buffet plate rectangular wholesale","url":"","target":""},{"id":2429,"title":"Custom buffet serving trays","caption":"Custom buffet serving trays","full_image_url":"https:\/\/www.dzwchafingdish.com\/wp-content\/uploads\/2024\/01\/Custom-buffet-serving-trays.webp","thumbnail_image_url":"https:\/\/www.dzwchafingdish.com\/wp-content\/uploads\/2024\/01\/Custom-buffet-serving-trays-150x150.webp","large_srcset":"https:\/\/www.dzwchafingdish.com\/wp-content\/uploads\/2024\/01\/Custom-buffet-serving-trays.webp 800w, https:\/\/www.dzwchafingdish.com\/wp-content\/uploads\/2024\/01\/Custom-buffet-serving-trays-300x300.webp 300w, https:\/\/www.dzwchafingdish.com\/wp-content\/uploads\/2024\/01\/Custom-buffet-serving-trays-150x150.webp 150w, https:\/\/www.dzwchafingdish.com\/wp-content\/uploads\/2024\/01\/Custom-buffet-serving-trays-768x768.webp 768w","medium_srcset":"https:\/\/www.dzwchafingdish.com\/wp-content\/uploads\/2024\/01\/Custom-buffet-serving-trays-300x300.webp 300w, https:\/\/www.dzwchafingdish.com\/wp-content\/uploads\/2024\/01\/Custom-buffet-serving-trays-150x150.webp 150w, https:\/\/www.dzwchafingdish.com\/wp-content\/uploads\/2024\/01\/Custom-buffet-serving-trays-768x768.webp 768w, https:\/\/www.dzwchafingdish.com\/wp-content\/uploads\/2024\/01\/Custom-buffet-serving-trays.webp 800w","media_details":{"width":800,"height":800,"sizes":{"medium":{"file":"Custom-buffet-serving-trays-300x300.webp","width":300,"height":300,"mime-type":"image\/webp","filesize":21534,"source_url":"https:\/\/www.dzwchafingdish.com\/wp-content\/uploads\/2024\/01\/Custom-buffet-serving-trays-300x300.webp"},"thumbnail":{"file":"Custom-buffet-serving-trays-150x150.webp","width":150,"height":150,"mime-type":"image\/webp","filesize":7042,"source_url":"https:\/\/www.dzwchafingdish.com\/wp-content\/uploads\/2024\/01\/Custom-buffet-serving-trays-150x150.webp"},"medium_large":{"file":"Custom-buffet-serving-trays-768x768.webp","width":768,"height":768,"mime-type":"image\/webp","filesize":98954,"source_url":"https:\/\/www.dzwchafingdish.com\/wp-content\/uploads\/2024\/01\/Custom-buffet-serving-trays-768x768.webp"}}},"alt_text":"Custom buffet serving trays","url":"","target":""},{"id":2430,"title":"Customize stainless steel serving tray","caption":"Customize stainless steel serving tray","full_image_url":"https:\/\/www.dzwchafingdish.com\/wp-content\/uploads\/2024\/01\/Customize-stainless-steel-serving-tray.webp","thumbnail_image_url":"https:\/\/www.dzwchafingdish.com\/wp-content\/uploads\/2024\/01\/Customize-stainless-steel-serving-tray-150x150.webp","large_srcset":"https:\/\/www.dzwchafingdish.com\/wp-content\/uploads\/2024\/01\/Customize-stainless-steel-serving-tray.webp 800w, https:\/\/www.dzwchafingdish.com\/wp-content\/uploads\/2024\/01\/Customize-stainless-steel-serving-tray-300x300.webp 300w, https:\/\/www.dzwchafingdish.com\/wp-content\/uploads\/2024\/01\/Customize-stainless-steel-serving-tray-150x150.webp 150w, https:\/\/www.dzwchafingdish.com\/wp-content\/uploads\/2024\/01\/Customize-stainless-steel-serving-tray-768x768.webp 768w","medium_srcset":"https:\/\/www.dzwchafingdish.com\/wp-content\/uploads\/2024\/01\/Customize-stainless-steel-serving-tray-300x300.webp 300w, https:\/\/www.dzwchafingdish.com\/wp-content\/uploads\/2024\/01\/Customize-stainless-steel-serving-tray-150x150.webp 150w, https:\/\/www.dzwchafingdish.com\/wp-content\/uploads\/2024\/01\/Customize-stainless-steel-serving-tray-768x768.webp 768w, https:\/\/www.dzwchafingdish.com\/wp-content\/uploads\/2024\/01\/Customize-stainless-steel-serving-tray.webp 800w","media_details":{"width":800,"height":800,"sizes":{"medium":{"file":"Customize-stainless-steel-serving-tray-300x300.webp","width":300,"height":300,"mime-type":"image\/webp","filesize":14996,"source_url":"https:\/\/www.dzwchafingdish.com\/wp-content\/uploads\/2024\/01\/Customize-stainless-steel-serving-tray-300x300.webp"},"thumbnail":{"file":"Customize-stainless-steel-serving-tray-150x150.webp","width":150,"height":150,"mime-type":"image\/webp","filesize":5332,"source_url":"https:\/\/www.dzwchafingdish.com\/wp-content\/uploads\/2024\/01\/Customize-stainless-steel-serving-tray-150x150.webp"},"medium_large":{"file":"Customize-stainless-steel-serving-tray-768x768.webp","width":768,"height":768,"mime-type":"image\/webp","filesize":57100,"source_url":"https:\/\/www.dzwchafingdish.com\/wp-content\/uploads\/2024\/01\/Customize-stainless-steel-serving-tray-768x768.webp"}}},"alt_text":"Customize stainless steel serving tray","url":"","target":""},{"id":2427,"title":"catering plate small bulk","caption":"catering plate small bulk","full_image_url":"https:\/\/www.dzwchafingdish.com\/wp-content\/uploads\/2024\/01\/catering-plate-small-bulk.webp","thumbnail_image_url":"https:\/\/www.dzwchafingdish.com\/wp-content\/uploads\/2024\/01\/catering-plate-small-bulk-150x150.webp","large_srcset":"https:\/\/www.dzwchafingdish.com\/wp-content\/uploads\/2024\/01\/catering-plate-small-bulk.webp 800w, https:\/\/www.dzwchafingdish.com\/wp-content\/uploads\/2024\/01\/catering-plate-small-bulk-300x300.webp 300w, https:\/\/www.dzwchafingdish.com\/wp-content\/uploads\/2024\/01\/catering-plate-small-bulk-150x150.webp 150w, https:\/\/www.dzwchafingdish.com\/wp-content\/uploads\/2024\/01\/catering-plate-small-bulk-768x768.webp 768w","medium_srcset":"https:\/\/www.dzwchafingdish.com\/wp-content\/uploads\/2024\/01\/catering-plate-small-bulk-300x300.webp 300w, https:\/\/www.dzwchafingdish.com\/wp-content\/uploads\/2024\/01\/catering-plate-small-bulk-150x150.webp 150w, https:\/\/www.dzwchafingdish.com\/wp-content\/uploads\/2024\/01\/catering-plate-small-bulk-768x768.webp 768w, https:\/\/www.dzwchafingdish.com\/wp-content\/uploads\/2024\/01\/catering-plate-small-bulk.webp 800w","media_details":{"width":800,"height":800,"sizes":{"medium":{"file":"catering-plate-small-bulk-300x300.webp","width":300,"height":300,"mime-type":"image\/webp","filesize":22270,"source_url":"https:\/\/www.dzwchafingdish.com\/wp-content\/uploads\/2024\/01\/catering-plate-small-bulk-300x300.webp"},"thumbnail":{"file":"catering-plate-small-bulk-150x150.webp","width":150,"height":150,"mime-type":"image\/webp","filesize":7286,"source_url":"https:\/\/www.dzwchafingdish.com\/wp-content\/uploads\/2024\/01\/catering-plate-small-bulk-150x150.webp"},"medium_large":{"file":"catering-plate-small-bulk-768x768.webp","width":768,"height":768,"mime-type":"image\/webp","filesize":115662,"source_url":"https:\/\/www.dzwchafingdish.com\/wp-content\/uploads\/2024\/01\/catering-plate-small-bulk-768x768.webp"}}},"alt_text":"catering plate small bulk","url":"","target":""},{"id":2431,"title":"Gold Dinner plate supplier","caption":"Gold Dinner plate supplier","full_image_url":"https:\/\/www.dzwchafingdish.com\/wp-content\/uploads\/2024\/01\/Gold-Dinner-plate-supplier.webp","thumbnail_image_url":"https:\/\/www.dzwchafingdish.com\/wp-content\/uploads\/2024\/01\/Gold-Dinner-plate-supplier-150x150.webp","large_srcset":"https:\/\/www.dzwchafingdish.com\/wp-content\/uploads\/2024\/01\/Gold-Dinner-plate-supplier.webp 800w, https:\/\/www.dzwchafingdish.com\/wp-content\/uploads\/2024\/01\/Gold-Dinner-plate-supplier-300x300.webp 300w, https:\/\/www.dzwchafingdish.com\/wp-content\/uploads\/2024\/01\/Gold-Dinner-plate-supplier-150x150.webp 150w, https:\/\/www.dzwchafingdish.com\/wp-content\/uploads\/2024\/01\/Gold-Dinner-plate-supplier-768x768.webp 768w","medium_srcset":"https:\/\/www.dzwchafingdish.com\/wp-content\/uploads\/2024\/01\/Gold-Dinner-plate-supplier-300x300.webp 300w, https:\/\/www.dzwchafingdish.com\/wp-content\/uploads\/2024\/01\/Gold-Dinner-plate-supplier-150x150.webp 150w, https:\/\/www.dzwchafingdish.com\/wp-content\/uploads\/2024\/01\/Gold-Dinner-plate-supplier-768x768.webp 768w, https:\/\/www.dzwchafingdish.com\/wp-content\/uploads\/2024\/01\/Gold-Dinner-plate-supplier.webp 800w","media_details":{"width":800,"height":800,"sizes":{"medium":{"file":"Gold-Dinner-plate-supplier-300x300.webp","width":300,"height":300,"mime-type":"image\/webp","filesize":12200,"source_url":"https:\/\/www.dzwchafingdish.com\/wp-content\/uploads\/2024\/01\/Gold-Dinner-plate-supplier-300x300.webp"},"thumbnail":{"file":"Gold-Dinner-plate-supplier-150x150.webp","width":150,"height":150,"mime-type":"image\/webp","filesize":4890,"source_url":"https:\/\/www.dzwchafingdish.com\/wp-content\/uploads\/2024\/01\/Gold-Dinner-plate-supplier-150x150.webp"},"medium_large":{"file":"Gold-Dinner-plate-supplier-768x768.webp","width":768,"height":768,"mime-type":"image\/webp","filesize":40660,"source_url":"https:\/\/www.dzwchafingdish.com\/wp-content\/uploads\/2024\/01\/Gold-Dinner-plate-supplier-768x768.webp"}}},"alt_text":"Gold Dinner plate supplier","url":"","target":""},{"id":2428,"title":"custom buffet plate rectangular","caption":"custom buffet plate rectangular","full_image_url":"https:\/\/www.dzwchafingdish.com\/wp-content\/uploads\/2024\/01\/custom-buffet-plate-rectangular.webp","thumbnail_image_url":"https:\/\/www.dzwchafingdish.com\/wp-content\/uploads\/2024\/01\/custom-buffet-plate-rectangular-150x150.webp","large_srcset":"https:\/\/www.dzwchafingdish.com\/wp-content\/uploads\/2024\/01\/custom-buffet-plate-rectangular.webp 800w, https:\/\/www.dzwchafingdish.com\/wp-content\/uploads\/2024\/01\/custom-buffet-plate-rectangular-300x300.webp 300w, https:\/\/www.dzwchafingdish.com\/wp-content\/uploads\/2024\/01\/custom-buffet-plate-rectangular-150x150.webp 150w, https:\/\/www.dzwchafingdish.com\/wp-content\/uploads\/2024\/01\/custom-buffet-plate-rectangular-768x768.webp 768w","medium_srcset":"https:\/\/www.dzwchafingdish.com\/wp-content\/uploads\/2024\/01\/custom-buffet-plate-rectangular-300x300.webp 300w, https:\/\/www.dzwchafingdish.com\/wp-content\/uploads\/2024\/01\/custom-buffet-plate-rectangular-150x150.webp 150w, https:\/\/www.dzwchafingdish.com\/wp-content\/uploads\/2024\/01\/custom-buffet-plate-rectangular-768x768.webp 768w, https:\/\/www.dzwchafingdish.com\/wp-content\/uploads\/2024\/01\/custom-buffet-plate-rectangular.webp 800w","media_details":{"width":800,"height":800,"sizes":{"medium":{"file":"custom-buffet-plate-rectangular-300x300.webp","width":300,"height":300,"mime-type":"image\/webp","filesize":7072,"source_url":"https:\/\/www.dzwchafingdish.com\/wp-content\/uploads\/2024\/01\/custom-buffet-plate-rectangular-300x300.webp"},"thumbnail":{"file":"custom-buffet-plate-rectangular-150x150.webp","width":150,"height":150,"mime-type":"image\/webp","filesize":2926,"source_url":"https:\/\/www.dzwchafingdish.com\/wp-content\/uploads\/2024\/01\/custom-buffet-plate-rectangular-150x150.webp"},"medium_large":{"file":"custom-buffet-plate-rectangular-768x768.webp","width":768,"height":768,"mime-type":"image\/webp","filesize":21544,"source_url":"https:\/\/www.dzwchafingdish.com\/wp-content\/uploads\/2024\/01\/custom-buffet-plate-rectangular-768x768.webp"}}},"alt_text":"custom buffet plate rectangular","url":"","target":""}]]}},"_links":{"self":[{"href":"https:\/\/www.dzwchafingdish.com\/fr\/wp-json\/wp\/v2\/product\/2425","targetHints":{"allow":["GET"]}}],"collection":[{"href":"https:\/\/www.dzwchafingdish.com\/fr\/wp-json\/wp\/v2\/product"}],"about":[{"href":"https:\/\/www.dzwchafingdish.com\/fr\/wp-json\/wp\/v2\/types\/product"}],"author":[{"embeddable":true,"href":"https:\/\/www.dzwchafingdish.com\/fr\/wp-json\/wp\/v2\/users\/1"}],"version-history":[{"count":0,"href":"https:\/\/www.dzwchafingdish.com\/fr\/wp-json\/wp\/v2\/product\/2425\/revisions"}],"wp:featuredmedia":[{"embeddable":true,"href":"https:\/\/www.dzwchafingdish.com\/fr\/wp-json\/wp\/v2\/media\/2426"}],"wp:attachment":[{"href":"https:\/\/www.dzwchafingdish.com\/fr\/wp-json\/wp\/v2\/media?parent=2425"}],"wp:term":[{"taxonomy":"product-categories","embeddable":true,"href":"https:\/\/www.dzwchafingdish.com\/fr\/wp-json\/wp\/v2\/product-categories?post=2425"},{"taxonomy":"product-tag","embeddable":true,"href":"https:\/\/www.dzwchafingdish.com\/fr\/wp-json\/wp\/v2\/product-tag?post=2425"}],"curies":[{"name":"wp","href":"https:\/\/api.w.org\/{rel}","templated":true}]}}