{"id":2491,"date":"2024-01-30T07:42:10","date_gmt":"2024-01-30T07:42:10","guid":{"rendered":"https:\/\/www.dzwchafingdish.com\/?post_type=product&#038;p=2491"},"modified":"2024-06-12T07:44:52","modified_gmt":"2024-06-12T07:44:52","slug":"pastry-stand","status":"publish","type":"product","link":"https:\/\/www.dzwchafingdish.com\/fr\/product\/pastry-stand\/","title":{"rendered":"Nouveau Arriv\u00e9e Support \u00e0 p\u00e2tisserie \u00e0 2 niveaux en acier inoxydable"},"content":{"rendered":"<div class=\"wp-block-columns is-layout-flex wp-container-core-columns-is-layout-28f84493 wp-block-columns-is-layout-flex\">\n<div class=\"wp-block-column is-vertically-aligned-center is-layout-flow wp-block-column-is-layout-flow\">\n<h2 class=\"wp-block-heading\" style=\"font-size:18px\"><strong>Dimensions du support \u00e0 p\u00e2tisserie<\/strong><\/h2>\n\n\n\n<figure class=\"wp-block-table\"><table><tbody><tr><td>ITEM NO.<\/td><td>Longueur<\/td><td>Largeur<\/td><td>Hauteur<\/td><\/tr><tr><td>DZW-GD01<br>DZW-SD02<\/td><td>34,5 cm<\/td><td>26 cm<\/td><td>39 cm<\/td><\/tr><\/tbody><\/table><\/figure>\n<\/div>\n\n\n\n<div class=\"wp-block-column is-layout-flow wp-block-column-is-layout-flow\">\n<div class=\"wp-block-columns is-layout-flex wp-container-core-columns-is-layout-28f84493 wp-block-columns-is-layout-flex\">\n<div class=\"wp-block-column is-layout-flow wp-block-column-is-layout-flow\">\n<figure class=\"wp-block-image size-full\"><img fetchpriority=\"high\" decoding=\"async\" width=\"800\" height=\"800\" src=\"https:\/\/www.dzwchafingdish.com\/wp-content\/uploads\/2024\/01\/Pastry-Stand-wholesale.webp\" alt=\"Supports \u00e0 p\u00e2tisserie en gros\" class=\"wp-image-2497\" srcset=\"https:\/\/www.dzwchafingdish.com\/wp-content\/uploads\/2024\/01\/Pastry-Stand-wholesale.webp 800w, https:\/\/www.dzwchafingdish.com\/wp-content\/uploads\/2024\/01\/Pastry-Stand-wholesale-300x300.webp 300w, https:\/\/www.dzwchafingdish.com\/wp-content\/uploads\/2024\/01\/Pastry-Stand-wholesale-150x150.webp 150w, https:\/\/www.dzwchafingdish.com\/wp-content\/uploads\/2024\/01\/Pastry-Stand-wholesale-768x768.webp 768w\" sizes=\"(max-width: 800px) 100vw, 800px\" \/><\/figure>\n<\/div>\n\n\n\n<div class=\"wp-block-column is-layout-flow wp-block-column-is-layout-flow\">\n<figure class=\"wp-block-image size-full\"><img decoding=\"async\" width=\"800\" height=\"800\" src=\"https:\/\/www.dzwchafingdish.com\/wp-content\/uploads\/2024\/01\/Pastry-Stand-sliver-wholesale.webp\" alt=\"Support \u00e0 p\u00e2tisserie argent\u00e9 en gros\" class=\"wp-image-2496\" srcset=\"https:\/\/www.dzwchafingdish.com\/wp-content\/uploads\/2024\/01\/Pastry-Stand-sliver-wholesale.webp 800w, https:\/\/www.dzwchafingdish.com\/wp-content\/uploads\/2024\/01\/Pastry-Stand-sliver-wholesale-300x300.webp 300w, https:\/\/www.dzwchafingdish.com\/wp-content\/uploads\/2024\/01\/Pastry-Stand-sliver-wholesale-150x150.webp 150w, https:\/\/www.dzwchafingdish.com\/wp-content\/uploads\/2024\/01\/Pastry-Stand-sliver-wholesale-768x768.webp 768w\" sizes=\"(max-width: 800px) 100vw, 800px\" \/><\/figure>\n<\/div>\n<\/div>\n<\/div>\n<\/div>\n\n\n\n<div class=\"wp-block-columns is-layout-flex wp-container-core-columns-is-layout-28f84493 wp-block-columns-is-layout-flex\">\n<div class=\"wp-block-column is-layout-flow wp-block-column-is-layout-flow\">\n<figure class=\"wp-block-image size-full\"><img decoding=\"async\" width=\"800\" height=\"800\" src=\"https:\/\/www.dzwchafingdish.com\/wp-content\/uploads\/2024\/01\/Pastry-Stand-custom.webp\" alt=\"Support \u00e0 p\u00e2tisserie sur mesure\" class=\"wp-image-2495\" srcset=\"https:\/\/www.dzwchafingdish.com\/wp-content\/uploads\/2024\/01\/Pastry-Stand-custom.webp 800w, https:\/\/www.dzwchafingdish.com\/wp-content\/uploads\/2024\/01\/Pastry-Stand-custom-300x300.webp 300w, https:\/\/www.dzwchafingdish.com\/wp-content\/uploads\/2024\/01\/Pastry-Stand-custom-150x150.webp 150w, https:\/\/www.dzwchafingdish.com\/wp-content\/uploads\/2024\/01\/Pastry-Stand-custom-768x768.webp 768w\" sizes=\"(max-width: 800px) 100vw, 800px\" \/><\/figure>\n<\/div>\n\n\n\n<div class=\"wp-block-column is-vertically-aligned-center is-layout-flow wp-block-column-is-layout-flow\">\n<h2 class=\"wp-block-heading\" style=\"font-size:18px\"><strong>Support \u00e0 p\u00e2tisserie de qualit\u00e9 sup\u00e9rieure Caract\u00e9ristiques :<\/strong><\/h2>\n\n\n\n<p>Construction en acier inoxydable de qualit\u00e9 sup\u00e9rieure CONSTRUCTION : Nos pr\u00e9sentoirs \u00e0 p\u00e2tisserie sont fabriqu\u00e9s en acier inoxydable de qualit\u00e9 sup\u00e9rieure, ce qui garantit leur durabilit\u00e9 et leur long\u00e9vit\u00e9, et constitue une solution de pr\u00e9sentation fiable pour vos p\u00e2tisseries et vos desserts.<\/p>\n\n\n\n<p>Conception en forme d'arche d\u00e9cor\u00e9e de diamants : une pr\u00e9sentation luxueuse, belle et facile \u00e0 emporter et \u00e0 d\u00e9placer.<\/p>\n\n\n\n<p>Finition dor\u00e9e et argent\u00e9e : Choisissez une finition moderne dor\u00e9e ou argent\u00e9e pour enrichir votre \u00e9v\u00e9nement et cr\u00e9er un point de mire \u00e9tonnant lors d'un mariage, d'une f\u00eate ou de toute autre occasion sp\u00e9ciale.<\/p>\n<\/div>\n<\/div>","protected":false},"excerpt":{"rendered":"<p>Dimensions du support \u00e0 p\u00e2tisserie ITEM NO. Longueur Largeur Hauteur DZW-GD01DZW-SD02 34.5 cm 26 cm 39 cm Pr\u00e9sentoir \u00e0 p\u00e2tisserie Premium Caract\u00e9ristiques : Construction en acier inoxydable de qualit\u00e9 sup\u00e9rieure CONSTRUCTION : Nos pr\u00e9sentoirs \u00e0 p\u00e2tisserie sont fabriqu\u00e9s en acier inoxydable de qualit\u00e9 sup\u00e9rieure, garantissant durabilit\u00e9 et long\u00e9vit\u00e9, et offrant une solution de pr\u00e9sentation fiable pour vos p\u00e2tisseries et desserts. Design en forme d'arche d\u00e9cor\u00e9 de diamants : un pr\u00e9sentoir luxueux, [...]<\/p>","protected":false},"author":1,"featured_media":2497,"parent":0,"menu_order":0,"template":"","format":"standard","meta":{"_acf_changed":false,"site-sidebar-layout":"default","site-content-layout":"","ast-site-content-layout":"default","site-content-style":"default","site-sidebar-style":"default","ast-global-header-display":"","ast-banner-title-visibility":"","ast-main-header-display":"","ast-hfb-above-header-display":"","ast-hfb-below-header-display":"","ast-hfb-mobile-header-display":"","site-post-title":"","ast-breadcrumbs-content":"","ast-featured-img":"","footer-sml-layout":"","theme-transparent-header-meta":"","adv-header-id-meta":"","stick-header-meta":"","header-above-stick-meta":"","header-main-stick-meta":"","header-below-stick-meta":"","astra-migrate-meta-layouts":"default","ast-page-background-enabled":"default","ast-page-background-meta":{"desktop":{"background-color":"var(--ast-global-color-4)","background-image":"","background-repeat":"repeat","background-position":"center center","background-size":"auto","background-attachment":"scroll","background-type":"","background-media":"","overlay-type":"","overlay-color":"","overlay-opacity":"","overlay-gradient":""},"tablet":{"background-color":"","background-image":"","background-repeat":"repeat","background-position":"center center","background-size":"auto","background-attachment":"scroll","background-type":"","background-media":"","overlay-type":"","overlay-color":"","overlay-opacity":"","overlay-gradient":""},"mobile":{"background-color":"","background-image":"","background-repeat":"repeat","background-position":"center center","background-size":"auto","background-attachment":"scroll","background-type":"","background-media":"","overlay-type":"","overlay-color":"","overlay-opacity":"","overlay-gradient":""}},"ast-content-background-meta":{"desktop":{"background-color":"var(--ast-global-color-5)","background-image":"","background-repeat":"repeat","background-position":"center center","background-size":"auto","background-attachment":"scroll","background-type":"","background-media":"","overlay-type":"","overlay-color":"","overlay-opacity":"","overlay-gradient":""},"tablet":{"background-color":"var(--ast-global-color-5)","background-image":"","background-repeat":"repeat","background-position":"center center","background-size":"auto","background-attachment":"scroll","background-type":"","background-media":"","overlay-type":"","overlay-color":"","overlay-opacity":"","overlay-gradient":""},"mobile":{"background-color":"var(--ast-global-color-5)","background-image":"","background-repeat":"repeat","background-position":"center center","background-size":"auto","background-attachment":"scroll","background-type":"","background-media":"","overlay-type":"","overlay-color":"","overlay-opacity":"","overlay-gradient":""}},"footnotes":""},"product-categories":[65],"product-tag":[],"class_list":["post-2491","product","type-product","status-publish","format-standard","has-post-thumbnail","hentry","product-categories-dessert-stand"],"acf":{"title":"Nouveau Arriv\u00e9e Support \u00e0 p\u00e2tisserie \u00e0 2 niveaux en acier inoxydable","title_source":{"label":"Title","type":"text","formatted_value":"New Arrival 2-Tiered Pastry Stand Stainless Steel"},"short_description":"The pastry stands feature a double-tier, arched diamond design, making them suitable for a variety of events, from weddings and parties to corporate gatherings and afternoon teas. Creating high-quality decor for catering service events, order in bulk now!","short_description_source":{"label":"Short description","type":"textarea","formatted_value":"The pastry stands feature a double-tier, arched diamond design, making them suitable for a variety of events, from weddings and parties to corporate gatherings and afternoon teas. Creating high-quality decor for catering service events, order in bulk now!"},"parameters":"<table border=\"0\" width=\"423\" cellspacing=\"0\" cellpadding=\"0\">\r\n<tbody>\r\n<tr>\r\n<td width=\"166\" height=\"23\">Manufacturer<\/td>\r\n<td width=\"257\">DONGZHAOWEI<\/td>\r\n<\/tr>\r\n<tr>\r\n<td height=\"23\">Material<\/td>\r\n<td>Stainless Steel 201<\/td>\r\n<\/tr>\r\n<tr>\r\n<td height=\"23\">Tier<\/td>\r\n<td>2 Tier<\/td>\r\n<\/tr>\r\n<tr>\r\n<td height=\"24\">Color<\/td>\r\n<td>Golden \/ Silver<\/td>\r\n<\/tr>\r\n<tr>\r\n<td height=\"24\">Shape<\/td>\r\n<td>Arch shape<\/td>\r\n<\/tr>\r\n<tr>\r\n<td height=\"24\">Custom<\/td>\r\n<td>Color\/Logo\/Package<\/td>\r\n<\/tr>\r\n<tr>\r\n<td height=\"24\">MOQ<\/td>\r\n<td>20 Sets<\/td>\r\n<\/tr>\r\n<\/tbody>\r\n<\/table>","parameters_source":{"label":"Parameters","type":"wysiwyg","formatted_value":"<table border=\"0\" width=\"423\" cellspacing=\"0\" cellpadding=\"0\">\n<tbody>\n<tr>\n<td width=\"166\" height=\"23\">Manufacturer<\/td>\n<td width=\"257\">DONGZHAOWEI<\/td>\n<\/tr>\n<tr>\n<td height=\"23\">Material<\/td>\n<td>Stainless Steel 201<\/td>\n<\/tr>\n<tr>\n<td height=\"23\">Tier<\/td>\n<td>2 Tier<\/td>\n<\/tr>\n<tr>\n<td height=\"24\">Color<\/td>\n<td>Golden \/ Silver<\/td>\n<\/tr>\n<tr>\n<td height=\"24\">Shape<\/td>\n<td>Arch shape<\/td>\n<\/tr>\n<tr>\n<td height=\"24\">Custom<\/td>\n<td>Color\/Logo\/Package<\/td>\n<\/tr>\n<tr>\n<td height=\"24\">MOQ<\/td>\n<td>20 Sets<\/td>\n<\/tr>\n<\/tbody>\n<\/table>\n"},"photo_gallery":{"product_gallery":[[{"id":2497,"title":"Pastry Stand wholesale","caption":"Pastry Stand wholesale","full_image_url":"https:\/\/www.dzwchafingdish.com\/wp-content\/uploads\/2024\/01\/Pastry-Stand-wholesale.webp","thumbnail_image_url":"https:\/\/www.dzwchafingdish.com\/wp-content\/uploads\/2024\/01\/Pastry-Stand-wholesale-150x150.webp","large_srcset":"https:\/\/www.dzwchafingdish.com\/wp-content\/uploads\/2024\/01\/Pastry-Stand-wholesale.webp 800w, https:\/\/www.dzwchafingdish.com\/wp-content\/uploads\/2024\/01\/Pastry-Stand-wholesale-300x300.webp 300w, https:\/\/www.dzwchafingdish.com\/wp-content\/uploads\/2024\/01\/Pastry-Stand-wholesale-150x150.webp 150w, https:\/\/www.dzwchafingdish.com\/wp-content\/uploads\/2024\/01\/Pastry-Stand-wholesale-768x768.webp 768w","medium_srcset":"https:\/\/www.dzwchafingdish.com\/wp-content\/uploads\/2024\/01\/Pastry-Stand-wholesale-300x300.webp 300w, https:\/\/www.dzwchafingdish.com\/wp-content\/uploads\/2024\/01\/Pastry-Stand-wholesale-150x150.webp 150w, https:\/\/www.dzwchafingdish.com\/wp-content\/uploads\/2024\/01\/Pastry-Stand-wholesale-768x768.webp 768w, https:\/\/www.dzwchafingdish.com\/wp-content\/uploads\/2024\/01\/Pastry-Stand-wholesale.webp 800w","media_details":{"width":800,"height":800,"sizes":{"medium":{"file":"Pastry-Stand-wholesale-300x300.webp","width":300,"height":300,"mime-type":"image\/webp","filesize":7668,"source_url":"https:\/\/www.dzwchafingdish.com\/wp-content\/uploads\/2024\/01\/Pastry-Stand-wholesale-300x300.webp"},"thumbnail":{"file":"Pastry-Stand-wholesale-150x150.webp","width":150,"height":150,"mime-type":"image\/webp","filesize":2840,"source_url":"https:\/\/www.dzwchafingdish.com\/wp-content\/uploads\/2024\/01\/Pastry-Stand-wholesale-150x150.webp"},"medium_large":{"file":"Pastry-Stand-wholesale-768x768.webp","width":768,"height":768,"mime-type":"image\/webp","filesize":29232,"source_url":"https:\/\/www.dzwchafingdish.com\/wp-content\/uploads\/2024\/01\/Pastry-Stand-wholesale-768x768.webp"}}},"alt_text":"Pastry Stand wholesale","url":"","target":""},{"id":2496,"title":"Pastry Stand sliver wholesale","caption":"Pastry Stand sliver wholesale","full_image_url":"https:\/\/www.dzwchafingdish.com\/wp-content\/uploads\/2024\/01\/Pastry-Stand-sliver-wholesale.webp","thumbnail_image_url":"https:\/\/www.dzwchafingdish.com\/wp-content\/uploads\/2024\/01\/Pastry-Stand-sliver-wholesale-150x150.webp","large_srcset":"https:\/\/www.dzwchafingdish.com\/wp-content\/uploads\/2024\/01\/Pastry-Stand-sliver-wholesale.webp 800w, https:\/\/www.dzwchafingdish.com\/wp-content\/uploads\/2024\/01\/Pastry-Stand-sliver-wholesale-300x300.webp 300w, https:\/\/www.dzwchafingdish.com\/wp-content\/uploads\/2024\/01\/Pastry-Stand-sliver-wholesale-150x150.webp 150w, https:\/\/www.dzwchafingdish.com\/wp-content\/uploads\/2024\/01\/Pastry-Stand-sliver-wholesale-768x768.webp 768w","medium_srcset":"https:\/\/www.dzwchafingdish.com\/wp-content\/uploads\/2024\/01\/Pastry-Stand-sliver-wholesale-300x300.webp 300w, https:\/\/www.dzwchafingdish.com\/wp-content\/uploads\/2024\/01\/Pastry-Stand-sliver-wholesale-150x150.webp 150w, https:\/\/www.dzwchafingdish.com\/wp-content\/uploads\/2024\/01\/Pastry-Stand-sliver-wholesale-768x768.webp 768w, https:\/\/www.dzwchafingdish.com\/wp-content\/uploads\/2024\/01\/Pastry-Stand-sliver-wholesale.webp 800w","media_details":{"width":800,"height":800,"sizes":{"medium":{"file":"Pastry-Stand-sliver-wholesale-300x300.webp","width":300,"height":300,"mime-type":"image\/webp","filesize":6596,"source_url":"https:\/\/www.dzwchafingdish.com\/wp-content\/uploads\/2024\/01\/Pastry-Stand-sliver-wholesale-300x300.webp"},"thumbnail":{"file":"Pastry-Stand-sliver-wholesale-150x150.webp","width":150,"height":150,"mime-type":"image\/webp","filesize":2368,"source_url":"https:\/\/www.dzwchafingdish.com\/wp-content\/uploads\/2024\/01\/Pastry-Stand-sliver-wholesale-150x150.webp"},"medium_large":{"file":"Pastry-Stand-sliver-wholesale-768x768.webp","width":768,"height":768,"mime-type":"image\/webp","filesize":27190,"source_url":"https:\/\/www.dzwchafingdish.com\/wp-content\/uploads\/2024\/01\/Pastry-Stand-sliver-wholesale-768x768.webp"}}},"alt_text":"Pastry Stand sliver wholesale","url":"","target":""},{"id":2499,"title":"wholesale Pastry Stand","caption":"wholesale Pastry Stand","full_image_url":"https:\/\/www.dzwchafingdish.com\/wp-content\/uploads\/2024\/01\/wholesale-Pastry-Stand.webp","thumbnail_image_url":"https:\/\/www.dzwchafingdish.com\/wp-content\/uploads\/2024\/01\/wholesale-Pastry-Stand-150x150.webp","large_srcset":"https:\/\/www.dzwchafingdish.com\/wp-content\/uploads\/2024\/01\/wholesale-Pastry-Stand.webp 800w, https:\/\/www.dzwchafingdish.com\/wp-content\/uploads\/2024\/01\/wholesale-Pastry-Stand-300x300.webp 300w, https:\/\/www.dzwchafingdish.com\/wp-content\/uploads\/2024\/01\/wholesale-Pastry-Stand-150x150.webp 150w, https:\/\/www.dzwchafingdish.com\/wp-content\/uploads\/2024\/01\/wholesale-Pastry-Stand-768x768.webp 768w","medium_srcset":"https:\/\/www.dzwchafingdish.com\/wp-content\/uploads\/2024\/01\/wholesale-Pastry-Stand-300x300.webp 300w, https:\/\/www.dzwchafingdish.com\/wp-content\/uploads\/2024\/01\/wholesale-Pastry-Stand-150x150.webp 150w, https:\/\/www.dzwchafingdish.com\/wp-content\/uploads\/2024\/01\/wholesale-Pastry-Stand-768x768.webp 768w, https:\/\/www.dzwchafingdish.com\/wp-content\/uploads\/2024\/01\/wholesale-Pastry-Stand.webp 800w","media_details":{"width":800,"height":800,"sizes":{"medium":{"file":"wholesale-Pastry-Stand-300x300.webp","width":300,"height":300,"mime-type":"image\/webp","filesize":6572,"source_url":"https:\/\/www.dzwchafingdish.com\/wp-content\/uploads\/2024\/01\/wholesale-Pastry-Stand-300x300.webp"},"thumbnail":{"file":"wholesale-Pastry-Stand-150x150.webp","width":150,"height":150,"mime-type":"image\/webp","filesize":2446,"source_url":"https:\/\/www.dzwchafingdish.com\/wp-content\/uploads\/2024\/01\/wholesale-Pastry-Stand-150x150.webp"},"medium_large":{"file":"wholesale-Pastry-Stand-768x768.webp","width":768,"height":768,"mime-type":"image\/webp","filesize":27102,"source_url":"https:\/\/www.dzwchafingdish.com\/wp-content\/uploads\/2024\/01\/wholesale-Pastry-Stand-768x768.webp"}}},"alt_text":"wholesale Pastry Stand","url":"","target":""},{"id":2495,"title":"Pastry Stand custom","caption":"Pastry Stand custom","full_image_url":"https:\/\/www.dzwchafingdish.com\/wp-content\/uploads\/2024\/01\/Pastry-Stand-custom.webp","thumbnail_image_url":"https:\/\/www.dzwchafingdish.com\/wp-content\/uploads\/2024\/01\/Pastry-Stand-custom-150x150.webp","large_srcset":"https:\/\/www.dzwchafingdish.com\/wp-content\/uploads\/2024\/01\/Pastry-Stand-custom.webp 800w, https:\/\/www.dzwchafingdish.com\/wp-content\/uploads\/2024\/01\/Pastry-Stand-custom-300x300.webp 300w, https:\/\/www.dzwchafingdish.com\/wp-content\/uploads\/2024\/01\/Pastry-Stand-custom-150x150.webp 150w, https:\/\/www.dzwchafingdish.com\/wp-content\/uploads\/2024\/01\/Pastry-Stand-custom-768x768.webp 768w","medium_srcset":"https:\/\/www.dzwchafingdish.com\/wp-content\/uploads\/2024\/01\/Pastry-Stand-custom-300x300.webp 300w, https:\/\/www.dzwchafingdish.com\/wp-content\/uploads\/2024\/01\/Pastry-Stand-custom-150x150.webp 150w, https:\/\/www.dzwchafingdish.com\/wp-content\/uploads\/2024\/01\/Pastry-Stand-custom-768x768.webp 768w, https:\/\/www.dzwchafingdish.com\/wp-content\/uploads\/2024\/01\/Pastry-Stand-custom.webp 800w","media_details":{"width":800,"height":800,"sizes":{"medium":{"file":"Pastry-Stand-custom-300x300.webp","width":300,"height":300,"mime-type":"image\/webp","filesize":7566,"source_url":"https:\/\/www.dzwchafingdish.com\/wp-content\/uploads\/2024\/01\/Pastry-Stand-custom-300x300.webp"},"thumbnail":{"file":"Pastry-Stand-custom-150x150.webp","width":150,"height":150,"mime-type":"image\/webp","filesize":2970,"source_url":"https:\/\/www.dzwchafingdish.com\/wp-content\/uploads\/2024\/01\/Pastry-Stand-custom-150x150.webp"},"medium_large":{"file":"Pastry-Stand-custom-768x768.webp","width":768,"height":768,"mime-type":"image\/webp","filesize":29594,"source_url":"https:\/\/www.dzwchafingdish.com\/wp-content\/uploads\/2024\/01\/Pastry-Stand-custom-768x768.webp"}}},"alt_text":"Pastry Stand custom","url":"","target":""},{"id":2498,"title":"sliver Pastry Stand bulk","caption":"sliver Pastry Stand bulk","full_image_url":"https:\/\/www.dzwchafingdish.com\/wp-content\/uploads\/2024\/01\/sliver-Pastry-Stand-bulk.webp","thumbnail_image_url":"https:\/\/www.dzwchafingdish.com\/wp-content\/uploads\/2024\/01\/sliver-Pastry-Stand-bulk-150x150.webp","large_srcset":"https:\/\/www.dzwchafingdish.com\/wp-content\/uploads\/2024\/01\/sliver-Pastry-Stand-bulk.webp 800w, https:\/\/www.dzwchafingdish.com\/wp-content\/uploads\/2024\/01\/sliver-Pastry-Stand-bulk-300x300.webp 300w, https:\/\/www.dzwchafingdish.com\/wp-content\/uploads\/2024\/01\/sliver-Pastry-Stand-bulk-150x150.webp 150w, https:\/\/www.dzwchafingdish.com\/wp-content\/uploads\/2024\/01\/sliver-Pastry-Stand-bulk-768x768.webp 768w","medium_srcset":"https:\/\/www.dzwchafingdish.com\/wp-content\/uploads\/2024\/01\/sliver-Pastry-Stand-bulk-300x300.webp 300w, https:\/\/www.dzwchafingdish.com\/wp-content\/uploads\/2024\/01\/sliver-Pastry-Stand-bulk-150x150.webp 150w, https:\/\/www.dzwchafingdish.com\/wp-content\/uploads\/2024\/01\/sliver-Pastry-Stand-bulk-768x768.webp 768w, https:\/\/www.dzwchafingdish.com\/wp-content\/uploads\/2024\/01\/sliver-Pastry-Stand-bulk.webp 800w","media_details":{"width":800,"height":800,"sizes":{"medium":{"file":"sliver-Pastry-Stand-bulk-300x300.webp","width":300,"height":300,"mime-type":"image\/webp","filesize":5404,"source_url":"https:\/\/www.dzwchafingdish.com\/wp-content\/uploads\/2024\/01\/sliver-Pastry-Stand-bulk-300x300.webp"},"thumbnail":{"file":"sliver-Pastry-Stand-bulk-150x150.webp","width":150,"height":150,"mime-type":"image\/webp","filesize":1758,"source_url":"https:\/\/www.dzwchafingdish.com\/wp-content\/uploads\/2024\/01\/sliver-Pastry-Stand-bulk-150x150.webp"},"medium_large":{"file":"sliver-Pastry-Stand-bulk-768x768.webp","width":768,"height":768,"mime-type":"image\/webp","filesize":25220,"source_url":"https:\/\/www.dzwchafingdish.com\/wp-content\/uploads\/2024\/01\/sliver-Pastry-Stand-bulk-768x768.webp"}}},"alt_text":"sliver Pastry Stand bulk","url":"","target":""},{"id":2494,"title":"cupcake Stand custom","caption":"cupcake Stand custom","full_image_url":"https:\/\/www.dzwchafingdish.com\/wp-content\/uploads\/2024\/01\/cupcake-Stand-custom.webp","thumbnail_image_url":"https:\/\/www.dzwchafingdish.com\/wp-content\/uploads\/2024\/01\/cupcake-Stand-custom-150x150.webp","large_srcset":"https:\/\/www.dzwchafingdish.com\/wp-content\/uploads\/2024\/01\/cupcake-Stand-custom.webp 800w, https:\/\/www.dzwchafingdish.com\/wp-content\/uploads\/2024\/01\/cupcake-Stand-custom-300x300.webp 300w, https:\/\/www.dzwchafingdish.com\/wp-content\/uploads\/2024\/01\/cupcake-Stand-custom-150x150.webp 150w, https:\/\/www.dzwchafingdish.com\/wp-content\/uploads\/2024\/01\/cupcake-Stand-custom-768x768.webp 768w","medium_srcset":"https:\/\/www.dzwchafingdish.com\/wp-content\/uploads\/2024\/01\/cupcake-Stand-custom-300x300.webp 300w, https:\/\/www.dzwchafingdish.com\/wp-content\/uploads\/2024\/01\/cupcake-Stand-custom-150x150.webp 150w, https:\/\/www.dzwchafingdish.com\/wp-content\/uploads\/2024\/01\/cupcake-Stand-custom-768x768.webp 768w, https:\/\/www.dzwchafingdish.com\/wp-content\/uploads\/2024\/01\/cupcake-Stand-custom.webp 800w","media_details":{"width":800,"height":800,"sizes":{"medium":{"file":"cupcake-Stand-custom-300x300.webp","width":300,"height":300,"mime-type":"image\/webp","filesize":6314,"source_url":"https:\/\/www.dzwchafingdish.com\/wp-content\/uploads\/2024\/01\/cupcake-Stand-custom-300x300.webp"},"thumbnail":{"file":"cupcake-Stand-custom-150x150.webp","width":150,"height":150,"mime-type":"image\/webp","filesize":2186,"source_url":"https:\/\/www.dzwchafingdish.com\/wp-content\/uploads\/2024\/01\/cupcake-Stand-custom-150x150.webp"},"medium_large":{"file":"cupcake-Stand-custom-768x768.webp","width":768,"height":768,"mime-type":"image\/webp","filesize":26644,"source_url":"https:\/\/www.dzwchafingdish.com\/wp-content\/uploads\/2024\/01\/cupcake-Stand-custom-768x768.webp"}}},"alt_text":"cupcake Stand custom","url":"","target":""}]]}},"_links":{"self":[{"href":"https:\/\/www.dzwchafingdish.com\/fr\/wp-json\/wp\/v2\/product\/2491","targetHints":{"allow":["GET"]}}],"collection":[{"href":"https:\/\/www.dzwchafingdish.com\/fr\/wp-json\/wp\/v2\/product"}],"about":[{"href":"https:\/\/www.dzwchafingdish.com\/fr\/wp-json\/wp\/v2\/types\/product"}],"author":[{"embeddable":true,"href":"https:\/\/www.dzwchafingdish.com\/fr\/wp-json\/wp\/v2\/users\/1"}],"version-history":[{"count":0,"href":"https:\/\/www.dzwchafingdish.com\/fr\/wp-json\/wp\/v2\/product\/2491\/revisions"}],"wp:featuredmedia":[{"embeddable":true,"href":"https:\/\/www.dzwchafingdish.com\/fr\/wp-json\/wp\/v2\/media\/2497"}],"wp:attachment":[{"href":"https:\/\/www.dzwchafingdish.com\/fr\/wp-json\/wp\/v2\/media?parent=2491"}],"wp:term":[{"taxonomy":"product-categories","embeddable":true,"href":"https:\/\/www.dzwchafingdish.com\/fr\/wp-json\/wp\/v2\/product-categories?post=2491"},{"taxonomy":"product-tag","embeddable":true,"href":"https:\/\/www.dzwchafingdish.com\/fr\/wp-json\/wp\/v2\/product-tag?post=2491"}],"curies":[{"name":"wp","href":"https:\/\/api.w.org\/{rel}","templated":true}]}}