{"id":2604,"date":"2024-02-02T10:41:36","date_gmt":"2024-02-02T10:41:36","guid":{"rendered":"https:\/\/www.dzwchafingdish.com\/?post_type=product&#038;p=2604"},"modified":"2024-06-14T01:29:08","modified_gmt":"2024-06-14T01:29:08","slug":"champagne-ice-bucket","status":"publish","type":"product","link":"https:\/\/www.dzwchafingdish.com\/fr\/product\/champagne-ice-bucket\/","title":{"rendered":"Wholesale Champagne Ice Bucket Golden Flower Shape (seau \u00e0 glace pour champagne)"},"content":{"rendered":"<div class=\"wp-block-columns is-layout-flex wp-container-core-columns-is-layout-28f84493 wp-block-columns-is-layout-flex\">\n<div class=\"wp-block-column is-layout-flow wp-block-column-is-layout-flow\">\n<h2 class=\"wp-block-heading\" style=\"font-size:18px\"><strong>Seau \u00e0 glace pour le champagne Dimension<\/strong><\/h2>\n\n\n\n<figure class=\"wp-block-table\"><table><tbody><tr><td>ITEM NO.<\/td><td>TAILLE<\/td><td>LONGUEUR<\/td><td>LARGE<\/td><td>HAUTEUR<\/td><td>N.W \/SET<\/td><\/tr><tr><td>DZW-IB09<\/td><td rowspan=\"2\">9 L<\/td><td rowspan=\"2\">34 cm<\/td><td rowspan=\"2\">14 cm<\/td><td rowspan=\"2\">22 cm<\/td><td rowspan=\"2\">1600 g<\/td><\/tr><tr><td>DZW-IB10<\/td><\/tr><\/tbody><\/table><\/figure>\n\n\n\n<h2 class=\"wp-block-heading\" style=\"font-size:18px\"><strong>Seau \u00e0 glace \u00e0 champagne Premium Caract\u00e9ristiques :<\/strong><\/h2>\n\n\n\n<p>Processus de polissage de l'acier inoxydable dor\u00e9 : L'aspect dor\u00e9 est lisse et brillant, ce qui donne au seau \u00e0 glace un aspect luxueux et renforce l'attrait du champagne glac\u00e9.<\/p>\n\n\n\n<p>Bol \u00e0 bord irr\u00e9gulier : une caract\u00e9ristique unique et artistique du seau \u00e0 glace<\/p>\n\n\n\n<p>Grande capacit\u00e9 de 9 litres : convient pour contenir plusieurs bouteilles de champagne ou de grandes quantit\u00e9s de gla\u00e7ons, r\u00e9pondant ainsi aux besoins des grandes f\u00eates ou \u00e9v\u00e9nements et garantissant un effet de refroidissement durable.<\/p>\n<\/div>\n\n\n\n<div class=\"wp-block-column is-vertically-aligned-center is-layout-flow wp-block-column-is-layout-flow\" style=\"flex-basis:40%\">\n<figure class=\"wp-block-image size-full is-resized\"><img fetchpriority=\"high\" decoding=\"async\" width=\"800\" height=\"800\" src=\"https:\/\/www.dzwchafingdish.com\/wp-content\/uploads\/2024\/02\/champagne-bowl-stainless-steel-wholesale.webp\" alt=\"Coupe \u00e0 champagne en acier inoxydable grossiste\" class=\"wp-image-2607\" style=\"width:436px;height:auto\" srcset=\"https:\/\/www.dzwchafingdish.com\/wp-content\/uploads\/2024\/02\/champagne-bowl-stainless-steel-wholesale.webp 800w, https:\/\/www.dzwchafingdish.com\/wp-content\/uploads\/2024\/02\/champagne-bowl-stainless-steel-wholesale-300x300.webp 300w, https:\/\/www.dzwchafingdish.com\/wp-content\/uploads\/2024\/02\/champagne-bowl-stainless-steel-wholesale-150x150.webp 150w, https:\/\/www.dzwchafingdish.com\/wp-content\/uploads\/2024\/02\/champagne-bowl-stainless-steel-wholesale-768x768.webp 768w\" sizes=\"(max-width: 800px) 100vw, 800px\" \/><\/figure>\n<\/div>\n<\/div>","protected":false},"excerpt":{"rendered":"<p>Seau \u00e0 glace \u00e0 champagne Dimension N\u00b0 d'article DZW-IB09 9 L 34 cm 14 cm 22 cm 1600 g DZW-IB10 Seau \u00e0 glace \u00e0 champagne Premium Caract\u00e9ristiques : Processus de polissage de l'acier inoxydable dor\u00e9 : L'aspect dor\u00e9 est lisse et brillant, donnant au seau \u00e0 glace une sensation de luxe et renfor\u00e7ant l'attrait du champagne glac\u00e9. [...]<\/p>","protected":false},"author":1,"featured_media":2607,"parent":0,"menu_order":0,"template":"","format":"standard","meta":{"_acf_changed":false,"site-sidebar-layout":"default","site-content-layout":"","ast-site-content-layout":"default","site-content-style":"default","site-sidebar-style":"default","ast-global-header-display":"","ast-banner-title-visibility":"","ast-main-header-display":"","ast-hfb-above-header-display":"","ast-hfb-below-header-display":"","ast-hfb-mobile-header-display":"","site-post-title":"","ast-breadcrumbs-content":"","ast-featured-img":"","footer-sml-layout":"","theme-transparent-header-meta":"","adv-header-id-meta":"","stick-header-meta":"","header-above-stick-meta":"","header-main-stick-meta":"","header-below-stick-meta":"","astra-migrate-meta-layouts":"default","ast-page-background-enabled":"default","ast-page-background-meta":{"desktop":{"background-color":"var(--ast-global-color-4)","background-image":"","background-repeat":"repeat","background-position":"center center","background-size":"auto","background-attachment":"scroll","background-type":"","background-media":"","overlay-type":"","overlay-color":"","overlay-opacity":"","overlay-gradient":""},"tablet":{"background-color":"","background-image":"","background-repeat":"repeat","background-position":"center center","background-size":"auto","background-attachment":"scroll","background-type":"","background-media":"","overlay-type":"","overlay-color":"","overlay-opacity":"","overlay-gradient":""},"mobile":{"background-color":"","background-image":"","background-repeat":"repeat","background-position":"center center","background-size":"auto","background-attachment":"scroll","background-type":"","background-media":"","overlay-type":"","overlay-color":"","overlay-opacity":"","overlay-gradient":""}},"ast-content-background-meta":{"desktop":{"background-color":"var(--ast-global-color-5)","background-image":"","background-repeat":"repeat","background-position":"center center","background-size":"auto","background-attachment":"scroll","background-type":"","background-media":"","overlay-type":"","overlay-color":"","overlay-opacity":"","overlay-gradient":""},"tablet":{"background-color":"var(--ast-global-color-5)","background-image":"","background-repeat":"repeat","background-position":"center center","background-size":"auto","background-attachment":"scroll","background-type":"","background-media":"","overlay-type":"","overlay-color":"","overlay-opacity":"","overlay-gradient":""},"mobile":{"background-color":"var(--ast-global-color-5)","background-image":"","background-repeat":"repeat","background-position":"center center","background-size":"auto","background-attachment":"scroll","background-type":"","background-media":"","overlay-type":"","overlay-color":"","overlay-opacity":"","overlay-gradient":""}},"footnotes":""},"product-categories":[66],"product-tag":[],"class_list":["post-2604","product","type-product","status-publish","format-standard","has-post-thumbnail","hentry","product-categories-ice-buckets"],"acf":{"title":"Wholesale Champagne Ice Bucket Golden Flower Shape (seau \u00e0 glace pour champagne)","title_source":{"label":"Title","type":"text","formatted_value":"Wholesale Champagne Ice Bucket Golden Flower Shape"},"short_description":"Wholesale Champagne Ice Bucket for bars, restaurants, hotels and other commercial venues, ensuring your needs are met cost-effectively. This champagne ice bucket combines luxurious appearance and practicality, making it the perfect ice bucket choice for a luxurious atmosphere.","short_description_source":{"label":"Short description","type":"textarea","formatted_value":"Wholesale Champagne Ice Bucket for bars, restaurants, hotels and other commercial venues, ensuring your needs are met cost-effectively. This champagne ice bucket combines luxurious appearance and practicality, making it the perfect ice bucket choice for a luxurious atmosphere."},"parameters":"<table border=\"0\" width=\"452\" cellspacing=\"0\" cellpadding=\"0\">\r\n<tbody>\r\n<tr>\r\n<td width=\"166\" height=\"23\">Manufacturer<\/td>\r\n<td width=\"286\">DONGZHAOWEI<\/td>\r\n<\/tr>\r\n<tr>\r\n<td height=\"23\">Material<\/td>\r\n<td>Stainless Steel 304<\/td>\r\n<\/tr>\r\n<tr>\r\n<td height=\"23\">Capacity<\/td>\r\n<td>9 L<\/td>\r\n<\/tr>\r\n<tr>\r\n<td height=\"24\">Color<\/td>\r\n<td>Golden \/ Silver<\/td>\r\n<\/tr>\r\n<tr>\r\n<td height=\"24\">Design<\/td>\r\n<td>3 Angle Ice Bowl<\/td>\r\n<\/tr>\r\n<tr>\r\n<td height=\"24\">Shape<\/td>\r\n<td>Irregular Shape<\/td>\r\n<\/tr>\r\n<tr>\r\n<td height=\"24\">custom<\/td>\r\n<td>color\/logo\/package<\/td>\r\n<\/tr>\r\n<tr>\r\n<td height=\"23\">MOQ<\/td>\r\n<td>20 sets<\/td>\r\n<\/tr>\r\n<\/tbody>\r\n<\/table>","parameters_source":{"label":"Parameters","type":"wysiwyg","formatted_value":"<table border=\"0\" width=\"452\" cellspacing=\"0\" cellpadding=\"0\">\n<tbody>\n<tr>\n<td width=\"166\" height=\"23\">Manufacturer<\/td>\n<td width=\"286\">DONGZHAOWEI<\/td>\n<\/tr>\n<tr>\n<td height=\"23\">Material<\/td>\n<td>Stainless Steel 304<\/td>\n<\/tr>\n<tr>\n<td height=\"23\">Capacity<\/td>\n<td>9 L<\/td>\n<\/tr>\n<tr>\n<td height=\"24\">Color<\/td>\n<td>Golden \/ Silver<\/td>\n<\/tr>\n<tr>\n<td height=\"24\">Design<\/td>\n<td>3 Angle Ice Bowl<\/td>\n<\/tr>\n<tr>\n<td height=\"24\">Shape<\/td>\n<td>Irregular Shape<\/td>\n<\/tr>\n<tr>\n<td height=\"24\">custom<\/td>\n<td>color\/logo\/package<\/td>\n<\/tr>\n<tr>\n<td height=\"23\">MOQ<\/td>\n<td>20 sets<\/td>\n<\/tr>\n<\/tbody>\n<\/table>\n"},"photo_gallery":{"product_gallery":[[{"id":2607,"title":"champagne bowl stainless steel wholesale","caption":"champagne bowl stainless steel wholesale","full_image_url":"https:\/\/www.dzwchafingdish.com\/wp-content\/uploads\/2024\/02\/champagne-bowl-stainless-steel-wholesale.webp","thumbnail_image_url":"https:\/\/www.dzwchafingdish.com\/wp-content\/uploads\/2024\/02\/champagne-bowl-stainless-steel-wholesale-150x150.webp","large_srcset":"https:\/\/www.dzwchafingdish.com\/wp-content\/uploads\/2024\/02\/champagne-bowl-stainless-steel-wholesale.webp 800w, https:\/\/www.dzwchafingdish.com\/wp-content\/uploads\/2024\/02\/champagne-bowl-stainless-steel-wholesale-300x300.webp 300w, https:\/\/www.dzwchafingdish.com\/wp-content\/uploads\/2024\/02\/champagne-bowl-stainless-steel-wholesale-150x150.webp 150w, https:\/\/www.dzwchafingdish.com\/wp-content\/uploads\/2024\/02\/champagne-bowl-stainless-steel-wholesale-768x768.webp 768w","medium_srcset":"https:\/\/www.dzwchafingdish.com\/wp-content\/uploads\/2024\/02\/champagne-bowl-stainless-steel-wholesale-300x300.webp 300w, https:\/\/www.dzwchafingdish.com\/wp-content\/uploads\/2024\/02\/champagne-bowl-stainless-steel-wholesale-150x150.webp 150w, https:\/\/www.dzwchafingdish.com\/wp-content\/uploads\/2024\/02\/champagne-bowl-stainless-steel-wholesale-768x768.webp 768w, https:\/\/www.dzwchafingdish.com\/wp-content\/uploads\/2024\/02\/champagne-bowl-stainless-steel-wholesale.webp 800w","media_details":{"width":800,"height":800,"sizes":{"medium":{"file":"champagne-bowl-stainless-steel-wholesale-300x300.webp","width":300,"height":300,"mime-type":"image\/webp","filesize":8918,"source_url":"https:\/\/www.dzwchafingdish.com\/wp-content\/uploads\/2024\/02\/champagne-bowl-stainless-steel-wholesale-300x300.webp"},"thumbnail":{"file":"champagne-bowl-stainless-steel-wholesale-150x150.webp","width":150,"height":150,"mime-type":"image\/webp","filesize":3674,"source_url":"https:\/\/www.dzwchafingdish.com\/wp-content\/uploads\/2024\/02\/champagne-bowl-stainless-steel-wholesale-150x150.webp"},"medium_large":{"file":"champagne-bowl-stainless-steel-wholesale-768x768.webp","width":768,"height":768,"mime-type":"image\/webp","filesize":28006,"source_url":"https:\/\/www.dzwchafingdish.com\/wp-content\/uploads\/2024\/02\/champagne-bowl-stainless-steel-wholesale-768x768.webp"}}},"alt_text":"champagne bowl stainless steel wholesale","url":"","target":""},{"id":2606,"title":"champagne bowl gold wholesale","caption":"Champagne bowl gold wholesale","full_image_url":"https:\/\/www.dzwchafingdish.com\/wp-content\/uploads\/2024\/02\/champagne-bowl-gold-wholesale.webp","thumbnail_image_url":"https:\/\/www.dzwchafingdish.com\/wp-content\/uploads\/2024\/02\/champagne-bowl-gold-wholesale-150x150.webp","large_srcset":"https:\/\/www.dzwchafingdish.com\/wp-content\/uploads\/2024\/02\/champagne-bowl-gold-wholesale.webp 800w, https:\/\/www.dzwchafingdish.com\/wp-content\/uploads\/2024\/02\/champagne-bowl-gold-wholesale-300x300.webp 300w, https:\/\/www.dzwchafingdish.com\/wp-content\/uploads\/2024\/02\/champagne-bowl-gold-wholesale-150x150.webp 150w, https:\/\/www.dzwchafingdish.com\/wp-content\/uploads\/2024\/02\/champagne-bowl-gold-wholesale-768x768.webp 768w","medium_srcset":"https:\/\/www.dzwchafingdish.com\/wp-content\/uploads\/2024\/02\/champagne-bowl-gold-wholesale-300x300.webp 300w, https:\/\/www.dzwchafingdish.com\/wp-content\/uploads\/2024\/02\/champagne-bowl-gold-wholesale-150x150.webp 150w, https:\/\/www.dzwchafingdish.com\/wp-content\/uploads\/2024\/02\/champagne-bowl-gold-wholesale-768x768.webp 768w, https:\/\/www.dzwchafingdish.com\/wp-content\/uploads\/2024\/02\/champagne-bowl-gold-wholesale.webp 800w","media_details":{"width":800,"height":800,"sizes":{"medium":{"file":"champagne-bowl-gold-wholesale-300x300.webp","width":300,"height":300,"mime-type":"image\/webp","filesize":7512,"source_url":"https:\/\/www.dzwchafingdish.com\/wp-content\/uploads\/2024\/02\/champagne-bowl-gold-wholesale-300x300.webp"},"thumbnail":{"file":"champagne-bowl-gold-wholesale-150x150.webp","width":150,"height":150,"mime-type":"image\/webp","filesize":3196,"source_url":"https:\/\/www.dzwchafingdish.com\/wp-content\/uploads\/2024\/02\/champagne-bowl-gold-wholesale-150x150.webp"},"medium_large":{"file":"champagne-bowl-gold-wholesale-768x768.webp","width":768,"height":768,"mime-type":"image\/webp","filesize":24688,"source_url":"https:\/\/www.dzwchafingdish.com\/wp-content\/uploads\/2024\/02\/champagne-bowl-gold-wholesale-768x768.webp"}}},"alt_text":"Champagne bowl gold wholesale","url":"","target":""}]]}},"_links":{"self":[{"href":"https:\/\/www.dzwchafingdish.com\/fr\/wp-json\/wp\/v2\/product\/2604","targetHints":{"allow":["GET"]}}],"collection":[{"href":"https:\/\/www.dzwchafingdish.com\/fr\/wp-json\/wp\/v2\/product"}],"about":[{"href":"https:\/\/www.dzwchafingdish.com\/fr\/wp-json\/wp\/v2\/types\/product"}],"author":[{"embeddable":true,"href":"https:\/\/www.dzwchafingdish.com\/fr\/wp-json\/wp\/v2\/users\/1"}],"version-history":[{"count":0,"href":"https:\/\/www.dzwchafingdish.com\/fr\/wp-json\/wp\/v2\/product\/2604\/revisions"}],"wp:featuredmedia":[{"embeddable":true,"href":"https:\/\/www.dzwchafingdish.com\/fr\/wp-json\/wp\/v2\/media\/2607"}],"wp:attachment":[{"href":"https:\/\/www.dzwchafingdish.com\/fr\/wp-json\/wp\/v2\/media?parent=2604"}],"wp:term":[{"taxonomy":"product-categories","embeddable":true,"href":"https:\/\/www.dzwchafingdish.com\/fr\/wp-json\/wp\/v2\/product-categories?post=2604"},{"taxonomy":"product-tag","embeddable":true,"href":"https:\/\/www.dzwchafingdish.com\/fr\/wp-json\/wp\/v2\/product-tag?post=2604"}],"curies":[{"name":"wp","href":"https:\/\/api.w.org\/{rel}","templated":true}]}}