{"id":2703,"date":"2024-02-08T17:27:53","date_gmt":"2024-02-08T17:27:53","guid":{"rendered":"https:\/\/www.dzwchafingdish.com\/?post_type=product&#038;p=2703"},"modified":"2024-06-14T01:31:30","modified_gmt":"2024-06-14T01:31:30","slug":"ice-bucket-with-stand","status":"publish","type":"product","link":"https:\/\/www.dzwchafingdish.com\/fr\/product\/ice-bucket-with-stand\/","title":{"rendered":"Seau \u00e0 glace dor\u00e9 martel\u00e9 avec support en vrac"},"content":{"rendered":"<div class=\"wp-block-columns is-layout-flex wp-container-core-columns-is-layout-28f84493 wp-block-columns-is-layout-flex\">\n<div class=\"wp-block-column is-layout-flow wp-block-column-is-layout-flow\">\n<h2 class=\"wp-block-heading\" style=\"font-size:18px\">Dimension du seau \u00e0 glace<\/h2>\n\n\n\n<figure class=\"wp-block-table\"><table><tbody><tr><td>ITEM NO.<\/td><td>TAILLE<\/td><td>LONGUEUR<\/td><td>LARGE<\/td><td>HAUTEUR<\/td><td>N.W \/SET<\/td><\/tr><tr><td>DZW-IB24<br>DZW-IB25<br>DZW-IB26<\/td><td>5L<\/td><td>18cm<\/td><td>14cm<\/td><td>19cm<\/td><td>1050g<\/td><\/tr><\/tbody><\/table><\/figure>\n<\/div>\n\n\n\n<div class=\"wp-block-column is-layout-flow wp-block-column-is-layout-flow\">\n<figure class=\"wp-block-image aligncenter size-full is-resized\"><img fetchpriority=\"high\" decoding=\"async\" width=\"678\" height=\"678\" src=\"https:\/\/www.dzwchafingdish.com\/wp-content\/uploads\/2024\/02\/wholesales-Ice-Bucket.webp\" alt=\"Seau \u00e0 glace en gros\" class=\"wp-image-2708\" style=\"width:293px;height:auto\" srcset=\"https:\/\/www.dzwchafingdish.com\/wp-content\/uploads\/2024\/02\/wholesales-Ice-Bucket.webp 678w, https:\/\/www.dzwchafingdish.com\/wp-content\/uploads\/2024\/02\/wholesales-Ice-Bucket-300x300.webp 300w, https:\/\/www.dzwchafingdish.com\/wp-content\/uploads\/2024\/02\/wholesales-Ice-Bucket-150x150.webp 150w\" sizes=\"(max-width: 678px) 100vw, 678px\" \/><\/figure>\n<\/div>\n<\/div>\n\n\n\n<div class=\"wp-block-columns is-layout-flex wp-container-core-columns-is-layout-28f84493 wp-block-columns-is-layout-flex\">\n<div class=\"wp-block-column is-layout-flow wp-block-column-is-layout-flow\">\n<figure class=\"wp-block-image aligncenter size-full is-resized\"><img decoding=\"async\" width=\"750\" height=\"1020\" src=\"https:\/\/www.dzwchafingdish.com\/wp-content\/uploads\/2024\/02\/bulk-Ice-Bucket-with-Stand.webp\" alt=\"Seau \u00e0 glace en vrac avec support\" class=\"wp-image-2709\" style=\"width:460px;height:auto\" srcset=\"https:\/\/www.dzwchafingdish.com\/wp-content\/uploads\/2024\/02\/bulk-Ice-Bucket-with-Stand.webp 750w, https:\/\/www.dzwchafingdish.com\/wp-content\/uploads\/2024\/02\/bulk-Ice-Bucket-with-Stand-221x300.webp 221w\" sizes=\"(max-width: 750px) 100vw, 750px\" \/><\/figure>\n<\/div>\n\n\n\n<div class=\"wp-block-column is-vertically-aligned-center is-layout-flow wp-block-column-is-layout-flow\">\n<h2 class=\"wp-block-heading\" style=\"font-size:18px\">Seau \u00e0 glace Premium avec support Caract\u00e9ristiques :<\/h2>\n\n\n\n<p>Fabriqu\u00e9 en acier inoxydable de haute qualit\u00e9, il garantit la durabilit\u00e9 et la r\u00e9sistance \u00e0 la corrosion.<\/p>\n\n\n\n<p>Surface martel\u00e9e gaufr\u00e9e : ajoute une texture unique et magnifique \u00e0 la mode tout en offrant une prise antid\u00e9rapante pour faciliter les mouvements.<\/p>\n\n\n\n<p>Trois options de couleurs - or, argent et noir : des couleurs \u00e9l\u00e9gantes et modernes qui s'adaptent \u00e0 tous les th\u00e8mes.<\/p>\n\n\n\n<p>Support pratique inclus : Le support robuste ajoute \u00e0 l'aspect pratique du design, en \u00e9levant le seau \u00e0 glace \u00e0 une hauteur pratique pour une utilisation ais\u00e9e. Le support assure la stabilit\u00e9 et fournit une pr\u00e9sentation \u00e9l\u00e9gante pour vos boissons r\u00e9frig\u00e9r\u00e9es.<\/p>\n<\/div>\n<\/div>","protected":false},"excerpt":{"rendered":"<p>Seau \u00e0 glace Dimension ITEM NO. DZW-IB24DZW-IB25DZW-IB26 5L 18cm 14cm 19cm 1050g Seau \u00e0 glace Premium avec support Caract\u00e9ristiques : Fabriqu\u00e9 en acier inoxydable de haute qualit\u00e9 garantissant la durabilit\u00e9 et la r\u00e9sistance \u00e0 la corrosion Surface martel\u00e9e en relief : ajoute une texture unique et magnifique \u00e0 la mode tout en offrant une prise antid\u00e9rapante pour faciliter les mouvements. Trois options de couleur - or, [...]<\/p>","protected":false},"author":1,"featured_media":2708,"parent":0,"menu_order":0,"template":"","format":"standard","meta":{"_acf_changed":false,"site-sidebar-layout":"default","site-content-layout":"","ast-site-content-layout":"default","site-content-style":"default","site-sidebar-style":"default","ast-global-header-display":"","ast-banner-title-visibility":"","ast-main-header-display":"","ast-hfb-above-header-display":"","ast-hfb-below-header-display":"","ast-hfb-mobile-header-display":"","site-post-title":"","ast-breadcrumbs-content":"","ast-featured-img":"","footer-sml-layout":"","theme-transparent-header-meta":"","adv-header-id-meta":"","stick-header-meta":"","header-above-stick-meta":"","header-main-stick-meta":"","header-below-stick-meta":"","astra-migrate-meta-layouts":"default","ast-page-background-enabled":"default","ast-page-background-meta":{"desktop":{"background-color":"var(--ast-global-color-4)","background-image":"","background-repeat":"repeat","background-position":"center center","background-size":"auto","background-attachment":"scroll","background-type":"","background-media":"","overlay-type":"","overlay-color":"","overlay-opacity":"","overlay-gradient":""},"tablet":{"background-color":"","background-image":"","background-repeat":"repeat","background-position":"center center","background-size":"auto","background-attachment":"scroll","background-type":"","background-media":"","overlay-type":"","overlay-color":"","overlay-opacity":"","overlay-gradient":""},"mobile":{"background-color":"","background-image":"","background-repeat":"repeat","background-position":"center center","background-size":"auto","background-attachment":"scroll","background-type":"","background-media":"","overlay-type":"","overlay-color":"","overlay-opacity":"","overlay-gradient":""}},"ast-content-background-meta":{"desktop":{"background-color":"var(--ast-global-color-5)","background-image":"","background-repeat":"repeat","background-position":"center center","background-size":"auto","background-attachment":"scroll","background-type":"","background-media":"","overlay-type":"","overlay-color":"","overlay-opacity":"","overlay-gradient":""},"tablet":{"background-color":"var(--ast-global-color-5)","background-image":"","background-repeat":"repeat","background-position":"center center","background-size":"auto","background-attachment":"scroll","background-type":"","background-media":"","overlay-type":"","overlay-color":"","overlay-opacity":"","overlay-gradient":""},"mobile":{"background-color":"var(--ast-global-color-5)","background-image":"","background-repeat":"repeat","background-position":"center center","background-size":"auto","background-attachment":"scroll","background-type":"","background-media":"","overlay-type":"","overlay-color":"","overlay-opacity":"","overlay-gradient":""}},"footnotes":""},"product-categories":[66],"product-tag":[],"class_list":["post-2703","product","type-product","status-publish","format-standard","has-post-thumbnail","hentry","product-categories-ice-buckets"],"acf":{"title":"Seau \u00e0 glace dor\u00e9 martel\u00e9 avec support en vrac","title_source":{"label":"Title","type":"text","formatted_value":"Hammered Golden Ice Bucket with Stand in Bulk"},"short_description":"The Ice Bucket with Stand with stand provides better service to your drinks, and with a stylish, thumping design, it provides an attractive solution for keeping drinks refreshing and cool.","short_description_source":{"label":"Short description","type":"textarea","formatted_value":"The Ice Bucket with Stand with stand provides better service to your drinks, and with a stylish, thumping design, it provides an attractive solution for keeping drinks refreshing and cool."},"parameters":"<table width=\"367\">\r\n<tbody>\r\n<tr>\r\n<td style=\"font-weight: 400;\" width=\"89\">Manufacturer<\/td>\r\n<td style=\"font-weight: 400;\" width=\"278\">DONGZHAOWEI<\/td>\r\n<\/tr>\r\n<tr>\r\n<td style=\"font-weight: 400;\" width=\"89\">Material<\/td>\r\n<td style=\"font-weight: 400;\" width=\"278\">Stainless\u00a0Steel\u00a0304<\/td>\r\n<\/tr>\r\n<tr>\r\n<td style=\"font-weight: 400;\" width=\"89\">Capacity<\/td>\r\n<td style=\"font-weight: 400;\" width=\"278\">5L<\/td>\r\n<\/tr>\r\n<tr>\r\n<td style=\"font-weight: 400;\" width=\"89\">Color<\/td>\r\n<td style=\"font-weight: 400;\" width=\"278\">Golden\u00a0\/\u00a0Silver\u00a0\/\u00a0Black\u00a0golden<\/td>\r\n<\/tr>\r\n<tr>\r\n<td style=\"font-weight: 400;\" width=\"89\">Design<\/td>\r\n<td style=\"font-weight: 400;\" width=\"278\">Hammered Dimension<\/td>\r\n<\/tr>\r\n<tr>\r\n<td style=\"font-weight: 400;\" width=\"89\">custom<\/td>\r\n<td style=\"font-weight: 400;\" width=\"278\">color\/logo\/package<\/td>\r\n<\/tr>\r\n<tr>\r\n<td style=\"font-weight: 400;\" width=\"89\">MOQ<\/td>\r\n<td style=\"font-weight: 400;\" width=\"278\">20\u00a0sets<\/td>\r\n<\/tr>\r\n<\/tbody>\r\n<\/table>","parameters_source":{"label":"Parameters","type":"wysiwyg","formatted_value":"<table width=\"367\">\n<tbody>\n<tr>\n<td style=\"font-weight: 400;\" width=\"89\">Manufacturer<\/td>\n<td style=\"font-weight: 400;\" width=\"278\">DONGZHAOWEI<\/td>\n<\/tr>\n<tr>\n<td style=\"font-weight: 400;\" width=\"89\">Material<\/td>\n<td style=\"font-weight: 400;\" width=\"278\">Stainless\u00a0Steel\u00a0304<\/td>\n<\/tr>\n<tr>\n<td style=\"font-weight: 400;\" width=\"89\">Capacity<\/td>\n<td style=\"font-weight: 400;\" width=\"278\">5L<\/td>\n<\/tr>\n<tr>\n<td style=\"font-weight: 400;\" width=\"89\">Color<\/td>\n<td style=\"font-weight: 400;\" width=\"278\">Golden\u00a0\/\u00a0Silver\u00a0\/\u00a0Black\u00a0golden<\/td>\n<\/tr>\n<tr>\n<td style=\"font-weight: 400;\" width=\"89\">Design<\/td>\n<td style=\"font-weight: 400;\" width=\"278\">Hammered Dimension<\/td>\n<\/tr>\n<tr>\n<td style=\"font-weight: 400;\" width=\"89\">custom<\/td>\n<td style=\"font-weight: 400;\" width=\"278\">color\/logo\/package<\/td>\n<\/tr>\n<tr>\n<td style=\"font-weight: 400;\" width=\"89\">MOQ<\/td>\n<td style=\"font-weight: 400;\" width=\"278\">20\u00a0sets<\/td>\n<\/tr>\n<\/tbody>\n<\/table>\n"},"photo_gallery":{"product_gallery":[[{"id":2708,"title":"wholesales Ice Bucket","caption":"wholesales Ice Bucket","full_image_url":"https:\/\/www.dzwchafingdish.com\/wp-content\/uploads\/2024\/02\/wholesales-Ice-Bucket.webp","thumbnail_image_url":"https:\/\/www.dzwchafingdish.com\/wp-content\/uploads\/2024\/02\/wholesales-Ice-Bucket-150x150.webp","large_srcset":"https:\/\/www.dzwchafingdish.com\/wp-content\/uploads\/2024\/02\/wholesales-Ice-Bucket.webp 678w, https:\/\/www.dzwchafingdish.com\/wp-content\/uploads\/2024\/02\/wholesales-Ice-Bucket-300x300.webp 300w, https:\/\/www.dzwchafingdish.com\/wp-content\/uploads\/2024\/02\/wholesales-Ice-Bucket-150x150.webp 150w","medium_srcset":"https:\/\/www.dzwchafingdish.com\/wp-content\/uploads\/2024\/02\/wholesales-Ice-Bucket-300x300.webp 300w, https:\/\/www.dzwchafingdish.com\/wp-content\/uploads\/2024\/02\/wholesales-Ice-Bucket-150x150.webp 150w, https:\/\/www.dzwchafingdish.com\/wp-content\/uploads\/2024\/02\/wholesales-Ice-Bucket.webp 678w","media_details":{"width":678,"height":678,"sizes":{"medium":{"file":"wholesales-Ice-Bucket-300x300.webp","width":300,"height":300,"mime-type":"image\/webp","filesize":19364,"source_url":"https:\/\/www.dzwchafingdish.com\/wp-content\/uploads\/2024\/02\/wholesales-Ice-Bucket-300x300.webp"},"thumbnail":{"file":"wholesales-Ice-Bucket-150x150.webp","width":150,"height":150,"mime-type":"image\/webp","filesize":5618,"source_url":"https:\/\/www.dzwchafingdish.com\/wp-content\/uploads\/2024\/02\/wholesales-Ice-Bucket-150x150.webp"}}},"alt_text":"wholesales Ice Bucket","url":"","target":""},{"id":2709,"title":"bulk Ice Bucket with Stand","caption":"bulk Ice Bucket with Stand","full_image_url":"https:\/\/www.dzwchafingdish.com\/wp-content\/uploads\/2024\/02\/bulk-Ice-Bucket-with-Stand.webp","thumbnail_image_url":"https:\/\/www.dzwchafingdish.com\/wp-content\/uploads\/2024\/02\/bulk-Ice-Bucket-with-Stand-150x150.webp","large_srcset":"https:\/\/www.dzwchafingdish.com\/wp-content\/uploads\/2024\/02\/bulk-Ice-Bucket-with-Stand.webp 750w, https:\/\/www.dzwchafingdish.com\/wp-content\/uploads\/2024\/02\/bulk-Ice-Bucket-with-Stand-221x300.webp 221w","medium_srcset":"https:\/\/www.dzwchafingdish.com\/wp-content\/uploads\/2024\/02\/bulk-Ice-Bucket-with-Stand-221x300.webp 221w, https:\/\/www.dzwchafingdish.com\/wp-content\/uploads\/2024\/02\/bulk-Ice-Bucket-with-Stand.webp 750w","media_details":{"width":750,"height":1020,"sizes":{"medium":{"file":"bulk-Ice-Bucket-with-Stand-221x300.webp","width":221,"height":300,"mime-type":"image\/webp","filesize":7628,"source_url":"https:\/\/www.dzwchafingdish.com\/wp-content\/uploads\/2024\/02\/bulk-Ice-Bucket-with-Stand-221x300.webp"},"thumbnail":{"file":"bulk-Ice-Bucket-with-Stand-150x150.webp","width":150,"height":150,"mime-type":"image\/webp","filesize":3092,"source_url":"https:\/\/www.dzwchafingdish.com\/wp-content\/uploads\/2024\/02\/bulk-Ice-Bucket-with-Stand-150x150.webp"}}},"alt_text":"bulk Ice Bucket with Stand","url":"","target":""},{"id":2704,"title":"Ice Bucket wholesale","caption":"Ice Bucket wholesale","full_image_url":"https:\/\/www.dzwchafingdish.com\/wp-content\/uploads\/2024\/02\/Ice-Bucket-wholesale.webp","thumbnail_image_url":"https:\/\/www.dzwchafingdish.com\/wp-content\/uploads\/2024\/02\/Ice-Bucket-wholesale-150x150.webp","large_srcset":"https:\/\/www.dzwchafingdish.com\/wp-content\/uploads\/2024\/02\/Ice-Bucket-wholesale.webp 682w, https:\/\/www.dzwchafingdish.com\/wp-content\/uploads\/2024\/02\/Ice-Bucket-wholesale-300x300.webp 300w, https:\/\/www.dzwchafingdish.com\/wp-content\/uploads\/2024\/02\/Ice-Bucket-wholesale-150x150.webp 150w","medium_srcset":"https:\/\/www.dzwchafingdish.com\/wp-content\/uploads\/2024\/02\/Ice-Bucket-wholesale-300x300.webp 300w, https:\/\/www.dzwchafingdish.com\/wp-content\/uploads\/2024\/02\/Ice-Bucket-wholesale-150x150.webp 150w, https:\/\/www.dzwchafingdish.com\/wp-content\/uploads\/2024\/02\/Ice-Bucket-wholesale.webp 682w","media_details":{"width":682,"height":682,"sizes":{"medium":{"file":"Ice-Bucket-wholesale-300x300.webp","width":300,"height":300,"mime-type":"image\/webp","filesize":16732,"source_url":"https:\/\/www.dzwchafingdish.com\/wp-content\/uploads\/2024\/02\/Ice-Bucket-wholesale-300x300.webp"},"thumbnail":{"file":"Ice-Bucket-wholesale-150x150.webp","width":150,"height":150,"mime-type":"image\/webp","filesize":4534,"source_url":"https:\/\/www.dzwchafingdish.com\/wp-content\/uploads\/2024\/02\/Ice-Bucket-wholesale-150x150.webp"}}},"alt_text":"Ice Bucket wholesale","url":"","target":""},{"id":2705,"title":"Ice Bucket bulk","caption":"Ice Bucket bulk","full_image_url":"https:\/\/www.dzwchafingdish.com\/wp-content\/uploads\/2024\/02\/Ice-Bucket-bulk.webp","thumbnail_image_url":"https:\/\/www.dzwchafingdish.com\/wp-content\/uploads\/2024\/02\/Ice-Bucket-bulk-150x150.webp","large_srcset":"https:\/\/www.dzwchafingdish.com\/wp-content\/uploads\/2024\/02\/Ice-Bucket-bulk.webp 681w, https:\/\/www.dzwchafingdish.com\/wp-content\/uploads\/2024\/02\/Ice-Bucket-bulk-300x300.webp 300w, https:\/\/www.dzwchafingdish.com\/wp-content\/uploads\/2024\/02\/Ice-Bucket-bulk-150x150.webp 150w","medium_srcset":"https:\/\/www.dzwchafingdish.com\/wp-content\/uploads\/2024\/02\/Ice-Bucket-bulk-300x300.webp 300w, https:\/\/www.dzwchafingdish.com\/wp-content\/uploads\/2024\/02\/Ice-Bucket-bulk-150x150.webp 150w, https:\/\/www.dzwchafingdish.com\/wp-content\/uploads\/2024\/02\/Ice-Bucket-bulk.webp 681w","media_details":{"width":681,"height":681,"sizes":{"medium":{"file":"Ice-Bucket-bulk-300x300.webp","width":300,"height":300,"mime-type":"image\/webp","filesize":17480,"source_url":"https:\/\/www.dzwchafingdish.com\/wp-content\/uploads\/2024\/02\/Ice-Bucket-bulk-300x300.webp"},"thumbnail":{"file":"Ice-Bucket-bulk-150x150.webp","width":150,"height":150,"mime-type":"image\/webp","filesize":5058,"source_url":"https:\/\/www.dzwchafingdish.com\/wp-content\/uploads\/2024\/02\/Ice-Bucket-bulk-150x150.webp"}}},"alt_text":"Ice Bucket bulk","url":"","target":""},{"id":2706,"title":"Ice Bucket with Stand bulk","caption":"Ice Bucket with Stand bulk","full_image_url":"https:\/\/www.dzwchafingdish.com\/wp-content\/uploads\/2024\/02\/Ice-Bucket-with-Stand-bulk.webp","thumbnail_image_url":"https:\/\/www.dzwchafingdish.com\/wp-content\/uploads\/2024\/02\/Ice-Bucket-with-Stand-bulk-150x150.webp","large_srcset":"https:\/\/www.dzwchafingdish.com\/wp-content\/uploads\/2024\/02\/Ice-Bucket-with-Stand-bulk.webp 750w, https:\/\/www.dzwchafingdish.com\/wp-content\/uploads\/2024\/02\/Ice-Bucket-with-Stand-bulk-225x300.webp 225w","medium_srcset":"https:\/\/www.dzwchafingdish.com\/wp-content\/uploads\/2024\/02\/Ice-Bucket-with-Stand-bulk-225x300.webp 225w, https:\/\/www.dzwchafingdish.com\/wp-content\/uploads\/2024\/02\/Ice-Bucket-with-Stand-bulk.webp 750w","media_details":{"width":750,"height":1002,"sizes":{"medium":{"file":"Ice-Bucket-with-Stand-bulk-225x300.webp","width":225,"height":300,"mime-type":"image\/webp","filesize":7538,"source_url":"https:\/\/www.dzwchafingdish.com\/wp-content\/uploads\/2024\/02\/Ice-Bucket-with-Stand-bulk-225x300.webp"},"thumbnail":{"file":"Ice-Bucket-with-Stand-bulk-150x150.webp","width":150,"height":150,"mime-type":"image\/webp","filesize":2948,"source_url":"https:\/\/www.dzwchafingdish.com\/wp-content\/uploads\/2024\/02\/Ice-Bucket-with-Stand-bulk-150x150.webp"}}},"alt_text":"Ice Bucket with Stand bulk","url":"","target":""},{"id":2707,"title":"Ice Bucket with Stand wholesale","caption":"Ice Bucket with Stand wholesale","full_image_url":"https:\/\/www.dzwchafingdish.com\/wp-content\/uploads\/2024\/02\/Ice-Bucket-with-Stand-wholesale.webp","thumbnail_image_url":"https:\/\/www.dzwchafingdish.com\/wp-content\/uploads\/2024\/02\/Ice-Bucket-with-Stand-wholesale-150x150.webp","large_srcset":"https:\/\/www.dzwchafingdish.com\/wp-content\/uploads\/2024\/02\/Ice-Bucket-with-Stand-wholesale.webp 750w, https:\/\/www.dzwchafingdish.com\/wp-content\/uploads\/2024\/02\/Ice-Bucket-with-Stand-wholesale-224x300.webp 224w","medium_srcset":"https:\/\/www.dzwchafingdish.com\/wp-content\/uploads\/2024\/02\/Ice-Bucket-with-Stand-wholesale-224x300.webp 224w, https:\/\/www.dzwchafingdish.com\/wp-content\/uploads\/2024\/02\/Ice-Bucket-with-Stand-wholesale.webp 750w","media_details":{"width":750,"height":1004,"sizes":{"medium":{"file":"Ice-Bucket-with-Stand-wholesale-224x300.webp","width":224,"height":300,"mime-type":"image\/webp","filesize":7486,"source_url":"https:\/\/www.dzwchafingdish.com\/wp-content\/uploads\/2024\/02\/Ice-Bucket-with-Stand-wholesale-224x300.webp"},"thumbnail":{"file":"Ice-Bucket-with-Stand-wholesale-150x150.webp","width":150,"height":150,"mime-type":"image\/webp","filesize":2944,"source_url":"https:\/\/www.dzwchafingdish.com\/wp-content\/uploads\/2024\/02\/Ice-Bucket-with-Stand-wholesale-150x150.webp"}}},"alt_text":"Ice Bucket with Stand wholesale","url":"","target":""}]]}},"_links":{"self":[{"href":"https:\/\/www.dzwchafingdish.com\/fr\/wp-json\/wp\/v2\/product\/2703","targetHints":{"allow":["GET"]}}],"collection":[{"href":"https:\/\/www.dzwchafingdish.com\/fr\/wp-json\/wp\/v2\/product"}],"about":[{"href":"https:\/\/www.dzwchafingdish.com\/fr\/wp-json\/wp\/v2\/types\/product"}],"author":[{"embeddable":true,"href":"https:\/\/www.dzwchafingdish.com\/fr\/wp-json\/wp\/v2\/users\/1"}],"version-history":[{"count":0,"href":"https:\/\/www.dzwchafingdish.com\/fr\/wp-json\/wp\/v2\/product\/2703\/revisions"}],"wp:featuredmedia":[{"embeddable":true,"href":"https:\/\/www.dzwchafingdish.com\/fr\/wp-json\/wp\/v2\/media\/2708"}],"wp:attachment":[{"href":"https:\/\/www.dzwchafingdish.com\/fr\/wp-json\/wp\/v2\/media?parent=2703"}],"wp:term":[{"taxonomy":"product-categories","embeddable":true,"href":"https:\/\/www.dzwchafingdish.com\/fr\/wp-json\/wp\/v2\/product-categories?post=2703"},{"taxonomy":"product-tag","embeddable":true,"href":"https:\/\/www.dzwchafingdish.com\/fr\/wp-json\/wp\/v2\/product-tag?post=2703"}],"curies":[{"name":"wp","href":"https:\/\/api.w.org\/{rel}","templated":true}]}}