{"id":2714,"date":"2024-02-08T17:51:31","date_gmt":"2024-02-08T17:51:31","guid":{"rendered":"https:\/\/www.dzwchafingdish.com\/?post_type=product&#038;p=2714"},"modified":"2024-06-15T05:04:50","modified_gmt":"2024-06-15T05:04:50","slug":"stainless-steel-chafing-dish","status":"publish","type":"product","link":"https:\/\/www.dzwchafingdish.com\/fr\/product\/stainless-steel-chafing-dish\/","title":{"rendered":"Grossiste Chafing Dish en acier inoxydable Luxury Golden"},"content":{"rendered":"<div class=\"wp-block-columns is-layout-flex wp-container-core-columns-is-layout-28f84493 wp-block-columns-is-layout-flex\">\n<div class=\"wp-block-column is-vertically-aligned-center is-layout-flow wp-block-column-is-layout-flow\">\n<h2 class=\"wp-block-heading\" style=\"font-size:18px\"><strong>Dimensions du plat \u00e0 r\u00f4tir en acier inoxydable<\/strong><\/h2>\n\n\n\n<figure class=\"wp-block-table\"><table><tbody><tr><td>ITEM NO.<\/td><td>TAILLE<\/td><td>LONGUEUR<\/td><td>LARGE<\/td><td>HAUTEUR<\/td><td>N.W \/SET<\/td><\/tr><tr><td>DZW-S045<br>DZW-G045<\/td><td>4.5L<\/td><td>35cm<\/td><td>35cm<\/td><td>55cm<\/td><td>3150g<\/td><\/tr><\/tbody><\/table><\/figure>\n<\/div>\n\n\n\n<div class=\"wp-block-column is-layout-flow wp-block-column-is-layout-flow\">\n<figure class=\"wp-block-image aligncenter size-full is-resized\"><img fetchpriority=\"high\" decoding=\"async\" width=\"800\" height=\"800\" src=\"https:\/\/www.dzwchafingdish.com\/wp-content\/uploads\/2024\/02\/stainless-steel-chafing-dish-wholesale.webp\" alt=\"Plat \u00e0 r\u00f4tir en acier inoxydable (vente en gros)\" class=\"wp-image-2715\" style=\"width:390px;height:auto\" srcset=\"https:\/\/www.dzwchafingdish.com\/wp-content\/uploads\/2024\/02\/stainless-steel-chafing-dish-wholesale.webp 800w, https:\/\/www.dzwchafingdish.com\/wp-content\/uploads\/2024\/02\/stainless-steel-chafing-dish-wholesale-300x300.webp 300w, https:\/\/www.dzwchafingdish.com\/wp-content\/uploads\/2024\/02\/stainless-steel-chafing-dish-wholesale-150x150.webp 150w, https:\/\/www.dzwchafingdish.com\/wp-content\/uploads\/2024\/02\/stainless-steel-chafing-dish-wholesale-768x768.webp 768w\" sizes=\"(max-width: 800px) 100vw, 800px\" \/><\/figure>\n<\/div>\n<\/div>\n\n\n\n<div class=\"wp-block-columns is-layout-flex wp-container-core-columns-is-layout-28f84493 wp-block-columns-is-layout-flex\">\n<div class=\"wp-block-column is-layout-flow wp-block-column-is-layout-flow\">\n<figure class=\"wp-block-image size-full\"><img decoding=\"async\" width=\"1080\" height=\"1080\" src=\"https:\/\/www.dzwchafingdish.com\/wp-content\/uploads\/2024\/02\/wholesale-chafing-dish.webp\" alt=\"Gros chafing dish\" class=\"wp-image-2718\" srcset=\"https:\/\/www.dzwchafingdish.com\/wp-content\/uploads\/2024\/02\/wholesale-chafing-dish.webp 1080w, https:\/\/www.dzwchafingdish.com\/wp-content\/uploads\/2024\/02\/wholesale-chafing-dish-300x300.webp 300w, https:\/\/www.dzwchafingdish.com\/wp-content\/uploads\/2024\/02\/wholesale-chafing-dish-150x150.webp 150w, https:\/\/www.dzwchafingdish.com\/wp-content\/uploads\/2024\/02\/wholesale-chafing-dish-768x768.webp 768w\" sizes=\"(max-width: 1080px) 100vw, 1080px\" \/><\/figure>\n<\/div>\n\n\n\n<div class=\"wp-block-column is-vertically-aligned-center is-layout-flow wp-block-column-is-layout-flow\" style=\"font-size:18px\">\n<h2 class=\"wp-block-heading\" style=\"font-size:18px\">Caract\u00e9ristiques du plat \u00e0 r\u00f4tir en acier inoxydable de qualit\u00e9 sup\u00e9rieure :<\/h2>\n\n\n\n<p>Construction robuste en acier inoxydable : Durable et r\u00e9sistant \u00e0 la corrosion, un choix fiable pour les \u00e9v\u00e9nements de restauration et les buffets.<\/p>\n\n\n\n<p>Couvercle suspendu : Pratique \u00e0 utiliser, il simplifie le service et le remplissage des aliments.<\/p>\n\n\n\n<p>Polissage miroir : La marmite en acier inoxydable pr\u00e9sente non seulement une esth\u00e9tique moderne, mais sa surface lisse est \u00e9galement facile \u00e0 nettoyer.<\/p>\n\n\n\n<p>Base de s\u00e9curit\u00e9 robuste : Assure un placement s\u00fbr sur n'importe quelle surface.<\/p>\n<\/div>\n<\/div>","protected":false},"excerpt":{"rendered":"<p>Dimensions de la marmite en acier inoxydable ITEM NO. DZW-S045DZW-G045 4.5L 35cm 35cm 55cm 3150g Premium Stainless Steel Chafing Dish Features : Construction robuste en acier inoxydable : Durable et r\u00e9sistant \u00e0 la corrosion, un choix fiable pour les \u00e9v\u00e9nements de restauration et les buffets. Couvercle suspendu : Pratique \u00e0 utiliser, il simplifie le service et le remplissage des aliments : La marmite en acier inoxydable [...]<\/p>","protected":false},"author":1,"featured_media":2715,"parent":0,"menu_order":0,"template":"","format":"standard","meta":{"_acf_changed":false,"site-sidebar-layout":"default","site-content-layout":"","ast-site-content-layout":"default","site-content-style":"default","site-sidebar-style":"default","ast-global-header-display":"","ast-banner-title-visibility":"","ast-main-header-display":"","ast-hfb-above-header-display":"","ast-hfb-below-header-display":"","ast-hfb-mobile-header-display":"","site-post-title":"","ast-breadcrumbs-content":"","ast-featured-img":"","footer-sml-layout":"","theme-transparent-header-meta":"","adv-header-id-meta":"","stick-header-meta":"","header-above-stick-meta":"","header-main-stick-meta":"","header-below-stick-meta":"","astra-migrate-meta-layouts":"default","ast-page-background-enabled":"default","ast-page-background-meta":{"desktop":{"background-color":"var(--ast-global-color-4)","background-image":"","background-repeat":"repeat","background-position":"center center","background-size":"auto","background-attachment":"scroll","background-type":"","background-media":"","overlay-type":"","overlay-color":"","overlay-opacity":"","overlay-gradient":""},"tablet":{"background-color":"","background-image":"","background-repeat":"repeat","background-position":"center center","background-size":"auto","background-attachment":"scroll","background-type":"","background-media":"","overlay-type":"","overlay-color":"","overlay-opacity":"","overlay-gradient":""},"mobile":{"background-color":"","background-image":"","background-repeat":"repeat","background-position":"center center","background-size":"auto","background-attachment":"scroll","background-type":"","background-media":"","overlay-type":"","overlay-color":"","overlay-opacity":"","overlay-gradient":""}},"ast-content-background-meta":{"desktop":{"background-color":"var(--ast-global-color-5)","background-image":"","background-repeat":"repeat","background-position":"center center","background-size":"auto","background-attachment":"scroll","background-type":"","background-media":"","overlay-type":"","overlay-color":"","overlay-opacity":"","overlay-gradient":""},"tablet":{"background-color":"var(--ast-global-color-5)","background-image":"","background-repeat":"repeat","background-position":"center center","background-size":"auto","background-attachment":"scroll","background-type":"","background-media":"","overlay-type":"","overlay-color":"","overlay-opacity":"","overlay-gradient":""},"mobile":{"background-color":"var(--ast-global-color-5)","background-image":"","background-repeat":"repeat","background-position":"center center","background-size":"auto","background-attachment":"scroll","background-type":"","background-media":"","overlay-type":"","overlay-color":"","overlay-opacity":"","overlay-gradient":""}},"footnotes":""},"product-categories":[63],"product-tag":[97,90,91],"class_list":["post-2714","product","type-product","status-publish","format-standard","has-post-thumbnail","hentry","product-categories-chafing-dish","product-tag-chafing-dish-with-hanging-lid","product-tag-fuel-chafing-dish","product-tag-round-chafing-dish"],"acf":{"title":"Grossiste Chafing Dish en acier inoxydable Luxury Golden","title_source":{"label":"Title","type":"text","formatted_value":"Wholesale Stainless Steel Chafing Dish Luxury Golden"},"short_description":"Wholesale stainless steel chafing dishes, we provide customized solutions to create an efficient and modern buffet catering business for you. With its glossy polished finish, this chafing dish is modern and user-friendly.","short_description_source":{"label":"Short description","type":"textarea","formatted_value":"Wholesale stainless steel chafing dishes, we provide customized solutions to create an efficient and modern buffet catering business for you. With its glossy polished finish, this chafing dish is modern and user-friendly."},"parameters":"<table width=\"309\">\r\n<tbody>\r\n<tr>\r\n<td width=\"79\">Manufacturer<\/td>\r\n<td width=\"230\">DONGZHAOWEI<\/td>\r\n<\/tr>\r\n<tr>\r\n<td width=\"79\">Material<\/td>\r\n<td width=\"230\">Stainless\u00a0Steel\u00a0201<\/td>\r\n<\/tr>\r\n<tr>\r\n<td width=\"79\">Capacity<\/td>\r\n<td width=\"230\">4.5L<\/td>\r\n<\/tr>\r\n<tr>\r\n<td width=\"79\">Color<\/td>\r\n<td width=\"230\">Golden\u00a0\/\u00a0Silver<\/td>\r\n<\/tr>\r\n<tr>\r\n<td width=\"79\">Design<\/td>\r\n<td width=\"230\">Round\u00a0Shape<\/td>\r\n<\/tr>\r\n<tr>\r\n<td width=\"79\">Lid\u00a0Type<\/td>\r\n<td width=\"230\">Hanging\u00a0Lid<\/td>\r\n<\/tr>\r\n<tr>\r\n<td width=\"79\">Heat<\/td>\r\n<td width=\"230\">Fuel<\/td>\r\n<\/tr>\r\n<tr>\r\n<td width=\"79\">Custom<\/td>\r\n<td width=\"230\">Color\/Logo\/Package<\/td>\r\n<\/tr>\r\n<tr>\r\n<td width=\"79\">MOQ<\/td>\r\n<td width=\"230\">20sets<\/td>\r\n<\/tr>\r\n<\/tbody>\r\n<\/table>","parameters_source":{"label":"Parameters","type":"wysiwyg","formatted_value":"<table width=\"309\">\n<tbody>\n<tr>\n<td width=\"79\">Manufacturer<\/td>\n<td width=\"230\">DONGZHAOWEI<\/td>\n<\/tr>\n<tr>\n<td width=\"79\">Material<\/td>\n<td width=\"230\">Stainless\u00a0Steel\u00a0201<\/td>\n<\/tr>\n<tr>\n<td width=\"79\">Capacity<\/td>\n<td width=\"230\">4.5L<\/td>\n<\/tr>\n<tr>\n<td width=\"79\">Color<\/td>\n<td width=\"230\">Golden\u00a0\/\u00a0Silver<\/td>\n<\/tr>\n<tr>\n<td width=\"79\">Design<\/td>\n<td width=\"230\">Round\u00a0Shape<\/td>\n<\/tr>\n<tr>\n<td width=\"79\">Lid\u00a0Type<\/td>\n<td width=\"230\">Hanging\u00a0Lid<\/td>\n<\/tr>\n<tr>\n<td width=\"79\">Heat<\/td>\n<td width=\"230\">Fuel<\/td>\n<\/tr>\n<tr>\n<td width=\"79\">Custom<\/td>\n<td width=\"230\">Color\/Logo\/Package<\/td>\n<\/tr>\n<tr>\n<td width=\"79\">MOQ<\/td>\n<td width=\"230\">20sets<\/td>\n<\/tr>\n<\/tbody>\n<\/table>\n"},"photo_gallery":{"product_gallery":[[{"id":2715,"title":"stainless steel chafing dish wholesale","caption":"stainless steel chafing dish wholesale","full_image_url":"https:\/\/www.dzwchafingdish.com\/wp-content\/uploads\/2024\/02\/stainless-steel-chafing-dish-wholesale.webp","thumbnail_image_url":"https:\/\/www.dzwchafingdish.com\/wp-content\/uploads\/2024\/02\/stainless-steel-chafing-dish-wholesale-150x150.webp","large_srcset":"https:\/\/www.dzwchafingdish.com\/wp-content\/uploads\/2024\/02\/stainless-steel-chafing-dish-wholesale.webp 800w, https:\/\/www.dzwchafingdish.com\/wp-content\/uploads\/2024\/02\/stainless-steel-chafing-dish-wholesale-300x300.webp 300w, https:\/\/www.dzwchafingdish.com\/wp-content\/uploads\/2024\/02\/stainless-steel-chafing-dish-wholesale-150x150.webp 150w, https:\/\/www.dzwchafingdish.com\/wp-content\/uploads\/2024\/02\/stainless-steel-chafing-dish-wholesale-768x768.webp 768w","medium_srcset":"https:\/\/www.dzwchafingdish.com\/wp-content\/uploads\/2024\/02\/stainless-steel-chafing-dish-wholesale-300x300.webp 300w, https:\/\/www.dzwchafingdish.com\/wp-content\/uploads\/2024\/02\/stainless-steel-chafing-dish-wholesale-150x150.webp 150w, https:\/\/www.dzwchafingdish.com\/wp-content\/uploads\/2024\/02\/stainless-steel-chafing-dish-wholesale-768x768.webp 768w, https:\/\/www.dzwchafingdish.com\/wp-content\/uploads\/2024\/02\/stainless-steel-chafing-dish-wholesale.webp 800w","media_details":{"width":800,"height":800,"sizes":{"medium":{"file":"stainless-steel-chafing-dish-wholesale-300x300.webp","width":300,"height":300,"mime-type":"image\/webp","filesize":7330,"source_url":"https:\/\/www.dzwchafingdish.com\/wp-content\/uploads\/2024\/02\/stainless-steel-chafing-dish-wholesale-300x300.webp"},"thumbnail":{"file":"stainless-steel-chafing-dish-wholesale-150x150.webp","width":150,"height":150,"mime-type":"image\/webp","filesize":2818,"source_url":"https:\/\/www.dzwchafingdish.com\/wp-content\/uploads\/2024\/02\/stainless-steel-chafing-dish-wholesale-150x150.webp"},"medium_large":{"file":"stainless-steel-chafing-dish-wholesale-768x768.webp","width":768,"height":768,"mime-type":"image\/webp","filesize":25124,"source_url":"https:\/\/www.dzwchafingdish.com\/wp-content\/uploads\/2024\/02\/stainless-steel-chafing-dish-wholesale-768x768.webp"}}},"alt_text":"stainless steel chafing dish wholesale","url":"","target":""},{"id":2716,"title":"wholesale stainless steel chafing dish","caption":"wholesale stainless steel chafing dish","full_image_url":"https:\/\/www.dzwchafingdish.com\/wp-content\/uploads\/2024\/02\/wholesale-stainless-steel-chafing-dish.webp","thumbnail_image_url":"https:\/\/www.dzwchafingdish.com\/wp-content\/uploads\/2024\/02\/wholesale-stainless-steel-chafing-dish-150x150.webp","large_srcset":"https:\/\/www.dzwchafingdish.com\/wp-content\/uploads\/2024\/02\/wholesale-stainless-steel-chafing-dish.webp 800w, https:\/\/www.dzwchafingdish.com\/wp-content\/uploads\/2024\/02\/wholesale-stainless-steel-chafing-dish-300x300.webp 300w, https:\/\/www.dzwchafingdish.com\/wp-content\/uploads\/2024\/02\/wholesale-stainless-steel-chafing-dish-150x150.webp 150w, https:\/\/www.dzwchafingdish.com\/wp-content\/uploads\/2024\/02\/wholesale-stainless-steel-chafing-dish-768x768.webp 768w","medium_srcset":"https:\/\/www.dzwchafingdish.com\/wp-content\/uploads\/2024\/02\/wholesale-stainless-steel-chafing-dish-300x300.webp 300w, https:\/\/www.dzwchafingdish.com\/wp-content\/uploads\/2024\/02\/wholesale-stainless-steel-chafing-dish-150x150.webp 150w, https:\/\/www.dzwchafingdish.com\/wp-content\/uploads\/2024\/02\/wholesale-stainless-steel-chafing-dish-768x768.webp 768w, https:\/\/www.dzwchafingdish.com\/wp-content\/uploads\/2024\/02\/wholesale-stainless-steel-chafing-dish.webp 800w","media_details":{"width":800,"height":800,"sizes":{"medium":{"file":"wholesale-stainless-steel-chafing-dish-300x300.webp","width":300,"height":300,"mime-type":"image\/webp","filesize":6226,"source_url":"https:\/\/www.dzwchafingdish.com\/wp-content\/uploads\/2024\/02\/wholesale-stainless-steel-chafing-dish-300x300.webp"},"thumbnail":{"file":"wholesale-stainless-steel-chafing-dish-150x150.webp","width":150,"height":150,"mime-type":"image\/webp","filesize":2354,"source_url":"https:\/\/www.dzwchafingdish.com\/wp-content\/uploads\/2024\/02\/wholesale-stainless-steel-chafing-dish-150x150.webp"},"medium_large":{"file":"wholesale-stainless-steel-chafing-dish-768x768.webp","width":768,"height":768,"mime-type":"image\/webp","filesize":21460,"source_url":"https:\/\/www.dzwchafingdish.com\/wp-content\/uploads\/2024\/02\/wholesale-stainless-steel-chafing-dish-768x768.webp"}}},"alt_text":"wholesale stainless steel chafing dish","url":"","target":""},{"id":2718,"title":"wholesale chafing dish","caption":"wholesale chafing dish","full_image_url":"https:\/\/www.dzwchafingdish.com\/wp-content\/uploads\/2024\/02\/wholesale-chafing-dish.webp","thumbnail_image_url":"https:\/\/www.dzwchafingdish.com\/wp-content\/uploads\/2024\/02\/wholesale-chafing-dish-150x150.webp","large_srcset":"https:\/\/www.dzwchafingdish.com\/wp-content\/uploads\/2024\/02\/wholesale-chafing-dish.webp 1080w, https:\/\/www.dzwchafingdish.com\/wp-content\/uploads\/2024\/02\/wholesale-chafing-dish-300x300.webp 300w, https:\/\/www.dzwchafingdish.com\/wp-content\/uploads\/2024\/02\/wholesale-chafing-dish-150x150.webp 150w, https:\/\/www.dzwchafingdish.com\/wp-content\/uploads\/2024\/02\/wholesale-chafing-dish-768x768.webp 768w","medium_srcset":"https:\/\/www.dzwchafingdish.com\/wp-content\/uploads\/2024\/02\/wholesale-chafing-dish-300x300.webp 300w, https:\/\/www.dzwchafingdish.com\/wp-content\/uploads\/2024\/02\/wholesale-chafing-dish-150x150.webp 150w, https:\/\/www.dzwchafingdish.com\/wp-content\/uploads\/2024\/02\/wholesale-chafing-dish-768x768.webp 768w, https:\/\/www.dzwchafingdish.com\/wp-content\/uploads\/2024\/02\/wholesale-chafing-dish.webp 1080w","media_details":{"width":1080,"height":1080,"sizes":{"medium":{"file":"wholesale-chafing-dish-300x300.webp","width":300,"height":300,"mime-type":"image\/webp","filesize":9610,"source_url":"https:\/\/www.dzwchafingdish.com\/wp-content\/uploads\/2024\/02\/wholesale-chafing-dish-300x300.webp"},"thumbnail":{"file":"wholesale-chafing-dish-150x150.webp","width":150,"height":150,"mime-type":"image\/webp","filesize":3728,"source_url":"https:\/\/www.dzwchafingdish.com\/wp-content\/uploads\/2024\/02\/wholesale-chafing-dish-150x150.webp"},"medium_large":{"file":"wholesale-chafing-dish-768x768.webp","width":768,"height":768,"mime-type":"image\/webp","filesize":31114,"source_url":"https:\/\/www.dzwchafingdish.com\/wp-content\/uploads\/2024\/02\/wholesale-chafing-dish-768x768.webp"}}},"alt_text":"wholesale chafing dish","url":"","target":""},{"id":2719,"title":"chafing dish with lid wholesale","caption":"chafing dish with lid wholesale","full_image_url":"https:\/\/www.dzwchafingdish.com\/wp-content\/uploads\/2024\/02\/chafing-dish-with-lid-wholesale.webp","thumbnail_image_url":"https:\/\/www.dzwchafingdish.com\/wp-content\/uploads\/2024\/02\/chafing-dish-with-lid-wholesale-150x150.webp","large_srcset":"https:\/\/www.dzwchafingdish.com\/wp-content\/uploads\/2024\/02\/chafing-dish-with-lid-wholesale.webp 1080w, https:\/\/www.dzwchafingdish.com\/wp-content\/uploads\/2024\/02\/chafing-dish-with-lid-wholesale-300x300.webp 300w, https:\/\/www.dzwchafingdish.com\/wp-content\/uploads\/2024\/02\/chafing-dish-with-lid-wholesale-150x150.webp 150w, https:\/\/www.dzwchafingdish.com\/wp-content\/uploads\/2024\/02\/chafing-dish-with-lid-wholesale-768x768.webp 768w","medium_srcset":"https:\/\/www.dzwchafingdish.com\/wp-content\/uploads\/2024\/02\/chafing-dish-with-lid-wholesale-300x300.webp 300w, https:\/\/www.dzwchafingdish.com\/wp-content\/uploads\/2024\/02\/chafing-dish-with-lid-wholesale-150x150.webp 150w, https:\/\/www.dzwchafingdish.com\/wp-content\/uploads\/2024\/02\/chafing-dish-with-lid-wholesale-768x768.webp 768w, https:\/\/www.dzwchafingdish.com\/wp-content\/uploads\/2024\/02\/chafing-dish-with-lid-wholesale.webp 1080w","media_details":{"width":1080,"height":1080,"sizes":{"medium":{"file":"chafing-dish-with-lid-wholesale-300x300.webp","width":300,"height":300,"mime-type":"image\/webp","filesize":10878,"source_url":"https:\/\/www.dzwchafingdish.com\/wp-content\/uploads\/2024\/02\/chafing-dish-with-lid-wholesale-300x300.webp"},"thumbnail":{"file":"chafing-dish-with-lid-wholesale-150x150.webp","width":150,"height":150,"mime-type":"image\/webp","filesize":4172,"source_url":"https:\/\/www.dzwchafingdish.com\/wp-content\/uploads\/2024\/02\/chafing-dish-with-lid-wholesale-150x150.webp"},"medium_large":{"file":"chafing-dish-with-lid-wholesale-768x768.webp","width":768,"height":768,"mime-type":"image\/webp","filesize":38564,"source_url":"https:\/\/www.dzwchafingdish.com\/wp-content\/uploads\/2024\/02\/chafing-dish-with-lid-wholesale-768x768.webp"}}},"alt_text":"chafing dish with lid wholesale","url":"","target":""},{"id":2717,"title":"bulk stainless steel chafing dish","caption":"bulk stainless steel chafing dish","full_image_url":"https:\/\/www.dzwchafingdish.com\/wp-content\/uploads\/2024\/02\/bulk-stainless-steel-chafing-dish.webp","thumbnail_image_url":"https:\/\/www.dzwchafingdish.com\/wp-content\/uploads\/2024\/02\/bulk-stainless-steel-chafing-dish-150x150.webp","large_srcset":"https:\/\/www.dzwchafingdish.com\/wp-content\/uploads\/2024\/02\/bulk-stainless-steel-chafing-dish.webp 1000w, https:\/\/www.dzwchafingdish.com\/wp-content\/uploads\/2024\/02\/bulk-stainless-steel-chafing-dish-300x300.webp 300w, https:\/\/www.dzwchafingdish.com\/wp-content\/uploads\/2024\/02\/bulk-stainless-steel-chafing-dish-150x150.webp 150w, https:\/\/www.dzwchafingdish.com\/wp-content\/uploads\/2024\/02\/bulk-stainless-steel-chafing-dish-768x768.webp 768w","medium_srcset":"https:\/\/www.dzwchafingdish.com\/wp-content\/uploads\/2024\/02\/bulk-stainless-steel-chafing-dish-300x300.webp 300w, https:\/\/www.dzwchafingdish.com\/wp-content\/uploads\/2024\/02\/bulk-stainless-steel-chafing-dish-150x150.webp 150w, https:\/\/www.dzwchafingdish.com\/wp-content\/uploads\/2024\/02\/bulk-stainless-steel-chafing-dish-768x768.webp 768w, https:\/\/www.dzwchafingdish.com\/wp-content\/uploads\/2024\/02\/bulk-stainless-steel-chafing-dish.webp 1000w","media_details":{"width":1000,"height":1000,"sizes":{"medium":{"file":"bulk-stainless-steel-chafing-dish-300x300.webp","width":300,"height":300,"mime-type":"image\/webp","filesize":7660,"source_url":"https:\/\/www.dzwchafingdish.com\/wp-content\/uploads\/2024\/02\/bulk-stainless-steel-chafing-dish-300x300.webp"},"thumbnail":{"file":"bulk-stainless-steel-chafing-dish-150x150.webp","width":150,"height":150,"mime-type":"image\/webp","filesize":3060,"source_url":"https:\/\/www.dzwchafingdish.com\/wp-content\/uploads\/2024\/02\/bulk-stainless-steel-chafing-dish-150x150.webp"},"medium_large":{"file":"bulk-stainless-steel-chafing-dish-768x768.webp","width":768,"height":768,"mime-type":"image\/webp","filesize":24666,"source_url":"https:\/\/www.dzwchafingdish.com\/wp-content\/uploads\/2024\/02\/bulk-stainless-steel-chafing-dish-768x768.webp"}}},"alt_text":"bulk stainless steel chafing dish","url":"","target":""},{"id":2720,"title":"stainless steel chafing dish","caption":"stainless steel chafing dish","full_image_url":"https:\/\/www.dzwchafingdish.com\/wp-content\/uploads\/2024\/02\/stainless-steel-chafing-dish.webp","thumbnail_image_url":"https:\/\/www.dzwchafingdish.com\/wp-content\/uploads\/2024\/02\/stainless-steel-chafing-dish-150x150.webp","large_srcset":"https:\/\/www.dzwchafingdish.com\/wp-content\/uploads\/2024\/02\/stainless-steel-chafing-dish.webp 800w, https:\/\/www.dzwchafingdish.com\/wp-content\/uploads\/2024\/02\/stainless-steel-chafing-dish-300x300.webp 300w, https:\/\/www.dzwchafingdish.com\/wp-content\/uploads\/2024\/02\/stainless-steel-chafing-dish-150x150.webp 150w, https:\/\/www.dzwchafingdish.com\/wp-content\/uploads\/2024\/02\/stainless-steel-chafing-dish-768x768.webp 768w","medium_srcset":"https:\/\/www.dzwchafingdish.com\/wp-content\/uploads\/2024\/02\/stainless-steel-chafing-dish-300x300.webp 300w, https:\/\/www.dzwchafingdish.com\/wp-content\/uploads\/2024\/02\/stainless-steel-chafing-dish-150x150.webp 150w, https:\/\/www.dzwchafingdish.com\/wp-content\/uploads\/2024\/02\/stainless-steel-chafing-dish-768x768.webp 768w, https:\/\/www.dzwchafingdish.com\/wp-content\/uploads\/2024\/02\/stainless-steel-chafing-dish.webp 800w","media_details":{"width":800,"height":800,"sizes":{"medium":{"file":"stainless-steel-chafing-dish-300x300.webp","width":300,"height":300,"mime-type":"image\/webp","filesize":6156,"source_url":"https:\/\/www.dzwchafingdish.com\/wp-content\/uploads\/2024\/02\/stainless-steel-chafing-dish-300x300.webp"},"thumbnail":{"file":"stainless-steel-chafing-dish-150x150.webp","width":150,"height":150,"mime-type":"image\/webp","filesize":2562,"source_url":"https:\/\/www.dzwchafingdish.com\/wp-content\/uploads\/2024\/02\/stainless-steel-chafing-dish-150x150.webp"},"medium_large":{"file":"stainless-steel-chafing-dish-768x768.webp","width":768,"height":768,"mime-type":"image\/webp","filesize":20060,"source_url":"https:\/\/www.dzwchafingdish.com\/wp-content\/uploads\/2024\/02\/stainless-steel-chafing-dish-768x768.webp"}}},"alt_text":"stainless steel chafing dish","url":"","target":""}]]}},"_links":{"self":[{"href":"https:\/\/www.dzwchafingdish.com\/fr\/wp-json\/wp\/v2\/product\/2714","targetHints":{"allow":["GET"]}}],"collection":[{"href":"https:\/\/www.dzwchafingdish.com\/fr\/wp-json\/wp\/v2\/product"}],"about":[{"href":"https:\/\/www.dzwchafingdish.com\/fr\/wp-json\/wp\/v2\/types\/product"}],"author":[{"embeddable":true,"href":"https:\/\/www.dzwchafingdish.com\/fr\/wp-json\/wp\/v2\/users\/1"}],"version-history":[{"count":0,"href":"https:\/\/www.dzwchafingdish.com\/fr\/wp-json\/wp\/v2\/product\/2714\/revisions"}],"wp:featuredmedia":[{"embeddable":true,"href":"https:\/\/www.dzwchafingdish.com\/fr\/wp-json\/wp\/v2\/media\/2715"}],"wp:attachment":[{"href":"https:\/\/www.dzwchafingdish.com\/fr\/wp-json\/wp\/v2\/media?parent=2714"}],"wp:term":[{"taxonomy":"product-categories","embeddable":true,"href":"https:\/\/www.dzwchafingdish.com\/fr\/wp-json\/wp\/v2\/product-categories?post=2714"},{"taxonomy":"product-tag","embeddable":true,"href":"https:\/\/www.dzwchafingdish.com\/fr\/wp-json\/wp\/v2\/product-tag?post=2714"}],"curies":[{"name":"wp","href":"https:\/\/api.w.org\/{rel}","templated":true}]}}