{"id":2724,"date":"2024-02-08T18:18:19","date_gmt":"2024-02-08T18:18:19","guid":{"rendered":"https:\/\/www.dzwchafingdish.com\/?post_type=product&#038;p=2724"},"modified":"2024-06-13T03:56:37","modified_gmt":"2024-06-13T03:56:37","slug":"ice-tongs","status":"publish","type":"product","link":"https:\/\/www.dzwchafingdish.com\/fr\/product\/ice-tongs\/","title":{"rendered":"Pince \u00e0 glace personnalis\u00e9e avec poign\u00e9e en forme de fleur"},"content":{"rendered":"<div class=\"wp-block-columns is-layout-flex wp-container-core-columns-is-layout-28f84493 wp-block-columns-is-layout-flex\">\n<div class=\"wp-block-column is-layout-flow wp-block-column-is-layout-flow\">\n<figure class=\"wp-block-image size-full\"><img fetchpriority=\"high\" decoding=\"async\" width=\"800\" height=\"800\" src=\"https:\/\/www.dzwchafingdish.com\/wp-content\/uploads\/2024\/02\/Ice-Tongs-supplier.webp\" alt=\"Fournisseur de pinces \u00e0 glace\" class=\"wp-image-2741\" srcset=\"https:\/\/www.dzwchafingdish.com\/wp-content\/uploads\/2024\/02\/Ice-Tongs-supplier.webp 800w, https:\/\/www.dzwchafingdish.com\/wp-content\/uploads\/2024\/02\/Ice-Tongs-supplier-300x300.webp 300w, https:\/\/www.dzwchafingdish.com\/wp-content\/uploads\/2024\/02\/Ice-Tongs-supplier-150x150.webp 150w, https:\/\/www.dzwchafingdish.com\/wp-content\/uploads\/2024\/02\/Ice-Tongs-supplier-768x768.webp 768w\" sizes=\"(max-width: 800px) 100vw, 800px\" \/><\/figure>\n<\/div>\n\n\n\n<div class=\"wp-block-column is-layout-flow wp-block-column-is-layout-flow\">\n<h2 class=\"wp-block-heading\" style=\"font-size:18px\"><strong>Pince \u00e0 glace Dimension<\/strong><\/h2>\n\n\n\n<figure class=\"wp-block-table\"><table><tbody><tr><td>ITEM NO.<\/td><td>LONGUEUR<\/td><td>LARGE<\/td><td>POIDS<\/td><\/tr><tr><td>DZW-IT02<br>DZW-IT03<\/td><td>10,5 cm<\/td><td>1,7 cm<\/td><td>19g\/PC<\/td><\/tr><\/tbody><\/table><\/figure>\n\n\n\n<h2 class=\"wp-block-heading\" style=\"font-size:18px\"><strong>Caract\u00e9ristiques de la pince \u00e0 glace<\/strong><\/h2>\n\n\n\n<p>Fabriqu\u00e9 en acier inoxydable de haute qualit\u00e9 et dot\u00e9 d'un design poli miroir, il garantit non seulement la durabilit\u00e9, mais apporte \u00e9galement un sentiment de luxe intemporel.<\/p>\n\n\n\n<p>La poign\u00e9e au design unique et au d\u00e9licat motif de rose ajoute une touche d'\u00e9l\u00e9gance et de charme.<\/p>\n\n\n\n<p>Avec ses finitions or et argent, il s'adapte \u00e0 diff\u00e9rents styles de sc\u00e8ne et cr\u00e9e une atmosph\u00e8re de salle \u00e0 manger haut de gamme.<\/p>\n<\/div>\n<\/div>","protected":false},"excerpt":{"rendered":"<p>Pince \u00e0 glace Dimension ITEM NO. LONGUEUR LARGE POIDS DZW-IT02DZW-IT03 10,5 cm 1,7 cm 19g\/PC Pince \u00e0 glace Caract\u00e9ristiques Fabriqu\u00e9e en acier inoxydable de haute qualit\u00e9 avec un design poli miroir, elle assure non seulement la durabilit\u00e9 mais apporte \u00e9galement un sentiment de luxe intemporel. La poign\u00e9e au design unique et au d\u00e9licat motif de rose ajoute une touche d'\u00e9l\u00e9gance et de charme. Avec des motifs dor\u00e9s et [...]<\/p>","protected":false},"author":1,"featured_media":2741,"parent":0,"menu_order":0,"template":"","format":"standard","meta":{"_acf_changed":false,"site-sidebar-layout":"default","site-content-layout":"","ast-site-content-layout":"default","site-content-style":"default","site-sidebar-style":"default","ast-global-header-display":"","ast-banner-title-visibility":"","ast-main-header-display":"","ast-hfb-above-header-display":"","ast-hfb-below-header-display":"","ast-hfb-mobile-header-display":"","site-post-title":"","ast-breadcrumbs-content":"","ast-featured-img":"","footer-sml-layout":"","theme-transparent-header-meta":"","adv-header-id-meta":"","stick-header-meta":"","header-above-stick-meta":"","header-main-stick-meta":"","header-below-stick-meta":"","astra-migrate-meta-layouts":"default","ast-page-background-enabled":"default","ast-page-background-meta":{"desktop":{"background-color":"var(--ast-global-color-4)","background-image":"","background-repeat":"repeat","background-position":"center center","background-size":"auto","background-attachment":"scroll","background-type":"","background-media":"","overlay-type":"","overlay-color":"","overlay-opacity":"","overlay-gradient":""},"tablet":{"background-color":"","background-image":"","background-repeat":"repeat","background-position":"center center","background-size":"auto","background-attachment":"scroll","background-type":"","background-media":"","overlay-type":"","overlay-color":"","overlay-opacity":"","overlay-gradient":""},"mobile":{"background-color":"","background-image":"","background-repeat":"repeat","background-position":"center center","background-size":"auto","background-attachment":"scroll","background-type":"","background-media":"","overlay-type":"","overlay-color":"","overlay-opacity":"","overlay-gradient":""}},"ast-content-background-meta":{"desktop":{"background-color":"var(--ast-global-color-5)","background-image":"","background-repeat":"repeat","background-position":"center center","background-size":"auto","background-attachment":"scroll","background-type":"","background-media":"","overlay-type":"","overlay-color":"","overlay-opacity":"","overlay-gradient":""},"tablet":{"background-color":"var(--ast-global-color-5)","background-image":"","background-repeat":"repeat","background-position":"center center","background-size":"auto","background-attachment":"scroll","background-type":"","background-media":"","overlay-type":"","overlay-color":"","overlay-opacity":"","overlay-gradient":""},"mobile":{"background-color":"var(--ast-global-color-5)","background-image":"","background-repeat":"repeat","background-position":"center center","background-size":"auto","background-attachment":"scroll","background-type":"","background-media":"","overlay-type":"","overlay-color":"","overlay-opacity":"","overlay-gradient":""}},"footnotes":""},"product-categories":[68],"product-tag":[],"class_list":["post-2724","product","type-product","status-publish","format-standard","has-post-thumbnail","hentry","product-categories-cutlery-sets-and-tongs"],"acf":{"title":"Pince \u00e0 glace personnalis\u00e9e avec poign\u00e9e en forme de fleur","title_source":{"label":"Title","type":"text","formatted_value":"Custom Ice Tongs with Flower Pattern Handle Design"},"short_description":"Beautiful ice tongs with elegant rose pattern handles allow you to deliver ice cubes with ease, precision and style. Whether you're hosting a formal dinner or a casual gathering, our ice tongs are the perfect accessory to enhance your service presentation.","short_description_source":{"label":"Short description","type":"textarea","formatted_value":"Beautiful ice tongs with elegant rose pattern handles allow you to deliver ice cubes with ease, precision and style. Whether you're hosting a formal dinner or a casual gathering, our ice tongs are the perfect accessory to enhance your service presentation."},"parameters":"<table width=\"267\">\r\n<tbody>\r\n<tr>\r\n<td width=\"74\">Manufacturer<\/td>\r\n<td width=\"193\">DONGZHAOWEI<\/td>\r\n<\/tr>\r\n<tr>\r\n<td width=\"74\">Material<\/td>\r\n<td width=\"193\">Stainless\u00a0Steel\u00a0201<\/td>\r\n<\/tr>\r\n<tr>\r\n<td width=\"74\">Size<\/td>\r\n<td width=\"193\">10.5cm<\/td>\r\n<\/tr>\r\n<tr>\r\n<td width=\"74\">Color<\/td>\r\n<td width=\"193\">Golden\u00a0\/\u00a0Silver<\/td>\r\n<\/tr>\r\n<tr>\r\n<td width=\"74\">custom<\/td>\r\n<td width=\"193\">color\/logo\/package<\/td>\r\n<\/tr>\r\n<tr>\r\n<td width=\"74\">MOQ<\/td>\r\n<td width=\"193\">100set<\/td>\r\n<\/tr>\r\n<\/tbody>\r\n<\/table>","parameters_source":{"label":"Parameters","type":"wysiwyg","formatted_value":"<table width=\"267\">\n<tbody>\n<tr>\n<td width=\"74\">Manufacturer<\/td>\n<td width=\"193\">DONGZHAOWEI<\/td>\n<\/tr>\n<tr>\n<td width=\"74\">Material<\/td>\n<td width=\"193\">Stainless\u00a0Steel\u00a0201<\/td>\n<\/tr>\n<tr>\n<td width=\"74\">Size<\/td>\n<td width=\"193\">10.5cm<\/td>\n<\/tr>\n<tr>\n<td width=\"74\">Color<\/td>\n<td width=\"193\">Golden\u00a0\/\u00a0Silver<\/td>\n<\/tr>\n<tr>\n<td width=\"74\">custom<\/td>\n<td width=\"193\">color\/logo\/package<\/td>\n<\/tr>\n<tr>\n<td width=\"74\">MOQ<\/td>\n<td width=\"193\">100set<\/td>\n<\/tr>\n<\/tbody>\n<\/table>\n"},"photo_gallery":{"product_gallery":[[{"id":2741,"title":"Ice Tongs supplier","caption":"Ice Tongs supplier","full_image_url":"https:\/\/www.dzwchafingdish.com\/wp-content\/uploads\/2024\/02\/Ice-Tongs-supplier.webp","thumbnail_image_url":"https:\/\/www.dzwchafingdish.com\/wp-content\/uploads\/2024\/02\/Ice-Tongs-supplier-150x150.webp","large_srcset":"https:\/\/www.dzwchafingdish.com\/wp-content\/uploads\/2024\/02\/Ice-Tongs-supplier.webp 800w, https:\/\/www.dzwchafingdish.com\/wp-content\/uploads\/2024\/02\/Ice-Tongs-supplier-300x300.webp 300w, https:\/\/www.dzwchafingdish.com\/wp-content\/uploads\/2024\/02\/Ice-Tongs-supplier-150x150.webp 150w, https:\/\/www.dzwchafingdish.com\/wp-content\/uploads\/2024\/02\/Ice-Tongs-supplier-768x768.webp 768w","medium_srcset":"https:\/\/www.dzwchafingdish.com\/wp-content\/uploads\/2024\/02\/Ice-Tongs-supplier-300x300.webp 300w, https:\/\/www.dzwchafingdish.com\/wp-content\/uploads\/2024\/02\/Ice-Tongs-supplier-150x150.webp 150w, https:\/\/www.dzwchafingdish.com\/wp-content\/uploads\/2024\/02\/Ice-Tongs-supplier-768x768.webp 768w, https:\/\/www.dzwchafingdish.com\/wp-content\/uploads\/2024\/02\/Ice-Tongs-supplier.webp 800w","media_details":{"width":800,"height":800,"sizes":{"medium":{"file":"Ice-Tongs-supplier-300x300.webp","width":300,"height":300,"mime-type":"image\/webp","filesize":11706,"source_url":"https:\/\/www.dzwchafingdish.com\/wp-content\/uploads\/2024\/02\/Ice-Tongs-supplier-300x300.webp"},"thumbnail":{"file":"Ice-Tongs-supplier-150x150.webp","width":150,"height":150,"mime-type":"image\/webp","filesize":4488,"source_url":"https:\/\/www.dzwchafingdish.com\/wp-content\/uploads\/2024\/02\/Ice-Tongs-supplier-150x150.webp"},"medium_large":{"file":"Ice-Tongs-supplier-768x768.webp","width":768,"height":768,"mime-type":"image\/webp","filesize":38734,"source_url":"https:\/\/www.dzwchafingdish.com\/wp-content\/uploads\/2024\/02\/Ice-Tongs-supplier-768x768.webp"}}},"alt_text":"Ice Tongs supplier","url":"","target":""},{"id":2742,"title":"Ice Tongs wholesale","caption":"Ice Tongs wholesale","full_image_url":"https:\/\/www.dzwchafingdish.com\/wp-content\/uploads\/2024\/02\/Ice-Tongs-wholesale.webp","thumbnail_image_url":"https:\/\/www.dzwchafingdish.com\/wp-content\/uploads\/2024\/02\/Ice-Tongs-wholesale-150x150.webp","large_srcset":"https:\/\/www.dzwchafingdish.com\/wp-content\/uploads\/2024\/02\/Ice-Tongs-wholesale.webp 800w, https:\/\/www.dzwchafingdish.com\/wp-content\/uploads\/2024\/02\/Ice-Tongs-wholesale-300x300.webp 300w, https:\/\/www.dzwchafingdish.com\/wp-content\/uploads\/2024\/02\/Ice-Tongs-wholesale-150x150.webp 150w, https:\/\/www.dzwchafingdish.com\/wp-content\/uploads\/2024\/02\/Ice-Tongs-wholesale-768x768.webp 768w","medium_srcset":"https:\/\/www.dzwchafingdish.com\/wp-content\/uploads\/2024\/02\/Ice-Tongs-wholesale-300x300.webp 300w, https:\/\/www.dzwchafingdish.com\/wp-content\/uploads\/2024\/02\/Ice-Tongs-wholesale-150x150.webp 150w, https:\/\/www.dzwchafingdish.com\/wp-content\/uploads\/2024\/02\/Ice-Tongs-wholesale-768x768.webp 768w, https:\/\/www.dzwchafingdish.com\/wp-content\/uploads\/2024\/02\/Ice-Tongs-wholesale.webp 800w","media_details":{"width":800,"height":800,"sizes":{"medium":{"file":"Ice-Tongs-wholesale-300x300.webp","width":300,"height":300,"mime-type":"image\/webp","filesize":11128,"source_url":"https:\/\/www.dzwchafingdish.com\/wp-content\/uploads\/2024\/02\/Ice-Tongs-wholesale-300x300.webp"},"thumbnail":{"file":"Ice-Tongs-wholesale-150x150.webp","width":150,"height":150,"mime-type":"image\/webp","filesize":4176,"source_url":"https:\/\/www.dzwchafingdish.com\/wp-content\/uploads\/2024\/02\/Ice-Tongs-wholesale-150x150.webp"},"medium_large":{"file":"Ice-Tongs-wholesale-768x768.webp","width":768,"height":768,"mime-type":"image\/webp","filesize":33536,"source_url":"https:\/\/www.dzwchafingdish.com\/wp-content\/uploads\/2024\/02\/Ice-Tongs-wholesale-768x768.webp"}}},"alt_text":"Ice Tongs wholesale","url":"","target":""},{"id":2739,"title":"Ice Tongs bulk","caption":"","full_image_url":"https:\/\/www.dzwchafingdish.com\/wp-content\/uploads\/2024\/02\/Ice-Tongs-bulk.webp","thumbnail_image_url":"https:\/\/www.dzwchafingdish.com\/wp-content\/uploads\/2024\/02\/Ice-Tongs-bulk-150x150.webp","large_srcset":"https:\/\/www.dzwchafingdish.com\/wp-content\/uploads\/2024\/02\/Ice-Tongs-bulk.webp 800w, https:\/\/www.dzwchafingdish.com\/wp-content\/uploads\/2024\/02\/Ice-Tongs-bulk-300x300.webp 300w, https:\/\/www.dzwchafingdish.com\/wp-content\/uploads\/2024\/02\/Ice-Tongs-bulk-150x150.webp 150w, https:\/\/www.dzwchafingdish.com\/wp-content\/uploads\/2024\/02\/Ice-Tongs-bulk-768x768.webp 768w","medium_srcset":"https:\/\/www.dzwchafingdish.com\/wp-content\/uploads\/2024\/02\/Ice-Tongs-bulk-300x300.webp 300w, https:\/\/www.dzwchafingdish.com\/wp-content\/uploads\/2024\/02\/Ice-Tongs-bulk-150x150.webp 150w, https:\/\/www.dzwchafingdish.com\/wp-content\/uploads\/2024\/02\/Ice-Tongs-bulk-768x768.webp 768w, https:\/\/www.dzwchafingdish.com\/wp-content\/uploads\/2024\/02\/Ice-Tongs-bulk.webp 800w","media_details":{"width":800,"height":800,"sizes":{"medium":{"file":"Ice-Tongs-bulk-300x300.webp","width":300,"height":300,"mime-type":"image\/webp","filesize":7228,"source_url":"https:\/\/www.dzwchafingdish.com\/wp-content\/uploads\/2024\/02\/Ice-Tongs-bulk-300x300.webp"},"thumbnail":{"file":"Ice-Tongs-bulk-150x150.webp","width":150,"height":150,"mime-type":"image\/webp","filesize":2818,"source_url":"https:\/\/www.dzwchafingdish.com\/wp-content\/uploads\/2024\/02\/Ice-Tongs-bulk-150x150.webp"},"medium_large":{"file":"Ice-Tongs-bulk-768x768.webp","width":768,"height":768,"mime-type":"image\/webp","filesize":23602,"source_url":"https:\/\/www.dzwchafingdish.com\/wp-content\/uploads\/2024\/02\/Ice-Tongs-bulk-768x768.webp"}}},"alt_text":"Ice Tongs bulk","url":"","target":""},{"id":2743,"title":"wholesale Ice Tongs","caption":"wholesale Ice Tongs","full_image_url":"https:\/\/www.dzwchafingdish.com\/wp-content\/uploads\/2024\/02\/wholesale-Ice-Tongs.webp","thumbnail_image_url":"https:\/\/www.dzwchafingdish.com\/wp-content\/uploads\/2024\/02\/wholesale-Ice-Tongs-150x150.webp","large_srcset":"https:\/\/www.dzwchafingdish.com\/wp-content\/uploads\/2024\/02\/wholesale-Ice-Tongs.webp 800w, https:\/\/www.dzwchafingdish.com\/wp-content\/uploads\/2024\/02\/wholesale-Ice-Tongs-300x300.webp 300w, https:\/\/www.dzwchafingdish.com\/wp-content\/uploads\/2024\/02\/wholesale-Ice-Tongs-150x150.webp 150w, https:\/\/www.dzwchafingdish.com\/wp-content\/uploads\/2024\/02\/wholesale-Ice-Tongs-768x768.webp 768w","medium_srcset":"https:\/\/www.dzwchafingdish.com\/wp-content\/uploads\/2024\/02\/wholesale-Ice-Tongs-300x300.webp 300w, https:\/\/www.dzwchafingdish.com\/wp-content\/uploads\/2024\/02\/wholesale-Ice-Tongs-150x150.webp 150w, https:\/\/www.dzwchafingdish.com\/wp-content\/uploads\/2024\/02\/wholesale-Ice-Tongs-768x768.webp 768w, https:\/\/www.dzwchafingdish.com\/wp-content\/uploads\/2024\/02\/wholesale-Ice-Tongs.webp 800w","media_details":{"width":800,"height":800,"sizes":{"medium":{"file":"wholesale-Ice-Tongs-300x300.webp","width":300,"height":300,"mime-type":"image\/webp","filesize":8676,"source_url":"https:\/\/www.dzwchafingdish.com\/wp-content\/uploads\/2024\/02\/wholesale-Ice-Tongs-300x300.webp"},"thumbnail":{"file":"wholesale-Ice-Tongs-150x150.webp","width":150,"height":150,"mime-type":"image\/webp","filesize":3238,"source_url":"https:\/\/www.dzwchafingdish.com\/wp-content\/uploads\/2024\/02\/wholesale-Ice-Tongs-150x150.webp"},"medium_large":{"file":"wholesale-Ice-Tongs-768x768.webp","width":768,"height":768,"mime-type":"image\/webp","filesize":28388,"source_url":"https:\/\/www.dzwchafingdish.com\/wp-content\/uploads\/2024\/02\/wholesale-Ice-Tongs-768x768.webp"}}},"alt_text":"wholesale Ice Tongs","url":"","target":""},{"id":3007,"title":"Ice Tongs in bulk","caption":"Ice Tongs in bulk","full_image_url":"https:\/\/www.dzwchafingdish.com\/wp-content\/uploads\/2024\/02\/Ice-Tongs-in-bulk.jpg","thumbnail_image_url":"https:\/\/www.dzwchafingdish.com\/wp-content\/uploads\/2024\/02\/Ice-Tongs-in-bulk-150x150.jpg","large_srcset":"https:\/\/www.dzwchafingdish.com\/wp-content\/uploads\/2024\/02\/Ice-Tongs-in-bulk.jpg 800w, https:\/\/www.dzwchafingdish.com\/wp-content\/uploads\/2024\/02\/Ice-Tongs-in-bulk-300x263.jpg 300w, https:\/\/www.dzwchafingdish.com\/wp-content\/uploads\/2024\/02\/Ice-Tongs-in-bulk-768x672.jpg 768w","medium_srcset":"https:\/\/www.dzwchafingdish.com\/wp-content\/uploads\/2024\/02\/Ice-Tongs-in-bulk-300x263.jpg 300w, https:\/\/www.dzwchafingdish.com\/wp-content\/uploads\/2024\/02\/Ice-Tongs-in-bulk-768x672.jpg 768w, https:\/\/www.dzwchafingdish.com\/wp-content\/uploads\/2024\/02\/Ice-Tongs-in-bulk.jpg 800w","media_details":{"width":800,"height":700,"sizes":{"medium":{"file":"Ice-Tongs-in-bulk-300x263.jpg","width":300,"height":263,"mime-type":"image\/jpeg","filesize":7206,"source_url":"https:\/\/www.dzwchafingdish.com\/wp-content\/uploads\/2024\/02\/Ice-Tongs-in-bulk-300x263.jpg"},"thumbnail":{"file":"Ice-Tongs-in-bulk-150x150.jpg","width":150,"height":150,"mime-type":"image\/jpeg","filesize":3243,"source_url":"https:\/\/www.dzwchafingdish.com\/wp-content\/uploads\/2024\/02\/Ice-Tongs-in-bulk-150x150.jpg"},"medium_large":{"file":"Ice-Tongs-in-bulk-768x672.jpg","width":768,"height":672,"mime-type":"image\/jpeg","filesize":28040,"source_url":"https:\/\/www.dzwchafingdish.com\/wp-content\/uploads\/2024\/02\/Ice-Tongs-in-bulk-768x672.jpg"}}},"alt_text":"Ice Tongs in bulk","url":"","target":""},{"id":3008,"title":"wholesale Ice Tongs","caption":"wholesale Ice Tongs","full_image_url":"https:\/\/www.dzwchafingdish.com\/wp-content\/uploads\/2024\/02\/wholesale-Ice-Tongs.jpg","thumbnail_image_url":"https:\/\/www.dzwchafingdish.com\/wp-content\/uploads\/2024\/02\/wholesale-Ice-Tongs-150x150.jpg","large_srcset":"https:\/\/www.dzwchafingdish.com\/wp-content\/uploads\/2024\/02\/wholesale-Ice-Tongs.jpg 800w, https:\/\/www.dzwchafingdish.com\/wp-content\/uploads\/2024\/02\/wholesale-Ice-Tongs-300x264.jpg 300w, https:\/\/www.dzwchafingdish.com\/wp-content\/uploads\/2024\/02\/wholesale-Ice-Tongs-768x676.jpg 768w","medium_srcset":"https:\/\/www.dzwchafingdish.com\/wp-content\/uploads\/2024\/02\/wholesale-Ice-Tongs-300x264.jpg 300w, https:\/\/www.dzwchafingdish.com\/wp-content\/uploads\/2024\/02\/wholesale-Ice-Tongs-768x676.jpg 768w, https:\/\/www.dzwchafingdish.com\/wp-content\/uploads\/2024\/02\/wholesale-Ice-Tongs.jpg 800w","media_details":{"width":800,"height":704,"sizes":{"medium":{"file":"wholesale-Ice-Tongs-300x264.jpg","width":300,"height":264,"mime-type":"image\/jpeg","filesize":7046,"source_url":"https:\/\/www.dzwchafingdish.com\/wp-content\/uploads\/2024\/02\/wholesale-Ice-Tongs-300x264.jpg"},"thumbnail":{"file":"wholesale-Ice-Tongs-150x150.jpg","width":150,"height":150,"mime-type":"image\/jpeg","filesize":3240,"source_url":"https:\/\/www.dzwchafingdish.com\/wp-content\/uploads\/2024\/02\/wholesale-Ice-Tongs-150x150.jpg"},"medium_large":{"file":"wholesale-Ice-Tongs-768x676.jpg","width":768,"height":676,"mime-type":"image\/jpeg","filesize":27493,"source_url":"https:\/\/www.dzwchafingdish.com\/wp-content\/uploads\/2024\/02\/wholesale-Ice-Tongs-768x676.jpg"}}},"alt_text":"wholesale Ice Tongs","url":"","target":""}]]}},"_links":{"self":[{"href":"https:\/\/www.dzwchafingdish.com\/fr\/wp-json\/wp\/v2\/product\/2724","targetHints":{"allow":["GET"]}}],"collection":[{"href":"https:\/\/www.dzwchafingdish.com\/fr\/wp-json\/wp\/v2\/product"}],"about":[{"href":"https:\/\/www.dzwchafingdish.com\/fr\/wp-json\/wp\/v2\/types\/product"}],"author":[{"embeddable":true,"href":"https:\/\/www.dzwchafingdish.com\/fr\/wp-json\/wp\/v2\/users\/1"}],"version-history":[{"count":0,"href":"https:\/\/www.dzwchafingdish.com\/fr\/wp-json\/wp\/v2\/product\/2724\/revisions"}],"wp:featuredmedia":[{"embeddable":true,"href":"https:\/\/www.dzwchafingdish.com\/fr\/wp-json\/wp\/v2\/media\/2741"}],"wp:attachment":[{"href":"https:\/\/www.dzwchafingdish.com\/fr\/wp-json\/wp\/v2\/media?parent=2724"}],"wp:term":[{"taxonomy":"product-categories","embeddable":true,"href":"https:\/\/www.dzwchafingdish.com\/fr\/wp-json\/wp\/v2\/product-categories?post=2724"},{"taxonomy":"product-tag","embeddable":true,"href":"https:\/\/www.dzwchafingdish.com\/fr\/wp-json\/wp\/v2\/product-tag?post=2724"}],"curies":[{"name":"wp","href":"https:\/\/api.w.org\/{rel}","templated":true}]}}