{"id":3580,"date":"2024-05-13T10:17:17","date_gmt":"2024-05-13T10:17:17","guid":{"rendered":"https:\/\/www.dzwchafingdish.com\/?post_type=product&#038;p=3580"},"modified":"2024-06-15T05:07:03","modified_gmt":"2024-06-15T05:07:03","slug":"chafing-dish-buffet-set","status":"publish","type":"product","link":"https:\/\/www.dzwchafingdish.com\/fr\/product\/chafing-dish-buffet-set\/","title":{"rendered":"Wholesale Chafing Dish Buffet Set 3.5L-8L with Glass And Steel Lid"},"content":{"rendered":"<div class=\"wp-block-columns is-layout-flex wp-container-core-columns-is-layout-28f84493 wp-block-columns-is-layout-flex\">\n<div class=\"wp-block-column is-vertically-aligned-center is-layout-flow wp-block-column-is-layout-flow\">\n<h2 class=\"wp-block-heading\">Set de buffets pour chafing dish <strong>Dimension<\/strong><\/h2>\n\n\n\n<figure class=\"wp-block-table\"><table><tbody><tr><td>ITEM NO.<\/td><td>TAILLE<\/td><td>LONGUEUR<\/td><td>LARGE<\/td><td>HAUTEUR<\/td><td>N.W \/SET<\/td><\/tr><tr><td>DZW-JF035<\/td><td>3.5L<\/td><td>28 cm<\/td><td>28 cm<\/td><td>62 cm<\/td><td>2450 g<\/td><\/tr><tr><td>DZW-JF040<\/td><td>4.0L<\/td><td>30 cm<\/td><td>30 cm<\/td><td>64 cm<\/td><td>2750 g<\/td><\/tr><tr><td>DZW-JF060<\/td><td>6.0L<\/td><td>36 cm<\/td><td>36 cm<\/td><td>68 cm<\/td><td>3500 g<\/td><\/tr><tr><td>DZW-JF080<\/td><td>8.0L<\/td><td>38 cm<\/td><td>38 cm<\/td><td>70 cm<\/td><td>3700 g<\/td><\/tr><\/tbody><\/table><\/figure>\n<\/div>\n\n\n\n<div class=\"wp-block-column is-layout-flow wp-block-column-is-layout-flow\">\n<figure class=\"wp-block-image size-full is-resized\"><img fetchpriority=\"high\" decoding=\"async\" width=\"1000\" height=\"1000\" src=\"https:\/\/www.dzwchafingdish.com\/wp-content\/uploads\/2024\/03\/wholesale-gold-chafing-dish-4.webp\" alt=\"Gros plat d&#039;or en porcelaine\" class=\"wp-image-3583\" style=\"width:492px;height:auto\" srcset=\"https:\/\/www.dzwchafingdish.com\/wp-content\/uploads\/2024\/03\/wholesale-gold-chafing-dish-4.webp 1000w, https:\/\/www.dzwchafingdish.com\/wp-content\/uploads\/2024\/03\/wholesale-gold-chafing-dish-4-300x300.webp 300w, https:\/\/www.dzwchafingdish.com\/wp-content\/uploads\/2024\/03\/wholesale-gold-chafing-dish-4-150x150.webp 150w, https:\/\/www.dzwchafingdish.com\/wp-content\/uploads\/2024\/03\/wholesale-gold-chafing-dish-4-768x768.webp 768w\" sizes=\"(max-width: 1000px) 100vw, 1000px\" \/><\/figure>\n<\/div>\n<\/div>\n\n\n\n<div class=\"wp-block-columns is-layout-flex wp-container-core-columns-is-layout-28f84493 wp-block-columns-is-layout-flex\">\n<div class=\"wp-block-column is-layout-flow wp-block-column-is-layout-flow\">\n<figure class=\"wp-block-image size-full\"><img decoding=\"async\" width=\"1000\" height=\"1000\" src=\"https:\/\/www.dzwchafingdish.com\/wp-content\/uploads\/2024\/03\/wholesale-gold-chafing-dish-6.webp\" alt=\"Gros plat d&#039;or en porcelaine\" class=\"wp-image-3585\" srcset=\"https:\/\/www.dzwchafingdish.com\/wp-content\/uploads\/2024\/03\/wholesale-gold-chafing-dish-6.webp 1000w, https:\/\/www.dzwchafingdish.com\/wp-content\/uploads\/2024\/03\/wholesale-gold-chafing-dish-6-300x300.webp 300w, https:\/\/www.dzwchafingdish.com\/wp-content\/uploads\/2024\/03\/wholesale-gold-chafing-dish-6-150x150.webp 150w, https:\/\/www.dzwchafingdish.com\/wp-content\/uploads\/2024\/03\/wholesale-gold-chafing-dish-6-768x768.webp 768w\" sizes=\"(max-width: 1000px) 100vw, 1000px\" \/><\/figure>\n<\/div>\n\n\n\n<div class=\"wp-block-column is-layout-flow wp-block-column-is-layout-flow\">\n<h2 class=\"wp-block-heading\"><strong>Ensemble Buffet Chafing Dish Caract\u00e9ristiques :<\/strong><\/h2>\n\n\n\n<ul class=\"wp-block-list\">\n<li>Design \u00e9l\u00e9gant : Nos chafing dish en or sont sculpt\u00e9s du couvercle au bord, combinant un design r\u00e9tro \u00e9l\u00e9gant avec un charme unique pour ajouter une atmosph\u00e8re et un style uniques \u00e0 un restaurant ou \u00e0 un banquet.<\/li>\n\n\n\n<li>Fonction humanis\u00e9e : Ce plat \u00e0 r\u00f4tir en or est \u00e9quip\u00e9 d'un couvercle, vous n'avez pas \u00e0 vous soucier de l'espace suppl\u00e9mentaire occup\u00e9 par le couvercle, vous pouvez ouvrir ou fermer le couvercle \u00e0 tout moment, beau et pratique, pour am\u00e9liorer l'exp\u00e9rience culinaire.<\/li>\n\n\n\n<li>Mat\u00e9riaux de qualit\u00e9 : Fabriqu\u00e9 en acier inoxydable de haute qualit\u00e9 pour garantir la durabilit\u00e9 et l'utilisation \u00e0 long terme, il offre aux clients des performances fiables et une valeur durable.<\/li>\n\n\n\n<li>Application multi-sc\u00e8ne : Convient aux caf\u00e9t\u00e9rias d'h\u00f4tels, aux banquets de mariage et \u00e0 d'autres occasions de restauration, offrant aux clients une vari\u00e9t\u00e9 d'options de service, c'est un outil id\u00e9al pour am\u00e9liorer le niveau du service de restauration.<\/li>\n<\/ul>\n<\/div>\n<\/div>","protected":false},"excerpt":{"rendered":"<p>Chafing Dish Buffet Set Dimension ITEM NO. TAILLE LONGUEUR LARGE HAUTEUR N.B. \/SET DZW-JF035 3.5L 28 cm 28 cm 62 cm 2450 g DZW-JF040 4.0L 30 cm 30 cm 64 cm 2750 g DZW-JF060 6.0L 36 cm 36 cm 68 cm 3500 g DZW-JF080 8.0L 38 cm 38 cm 70 cm 3700 g Chafing Dish [...]<\/p>","protected":false},"author":3,"featured_media":3582,"parent":0,"menu_order":0,"template":"","format":"standard","meta":{"_acf_changed":false,"site-sidebar-layout":"default","site-content-layout":"","ast-site-content-layout":"default","site-content-style":"default","site-sidebar-style":"default","ast-global-header-display":"","ast-banner-title-visibility":"","ast-main-header-display":"","ast-hfb-above-header-display":"","ast-hfb-below-header-display":"","ast-hfb-mobile-header-display":"","site-post-title":"","ast-breadcrumbs-content":"","ast-featured-img":"","footer-sml-layout":"","theme-transparent-header-meta":"","adv-header-id-meta":"","stick-header-meta":"","header-above-stick-meta":"","header-main-stick-meta":"","header-below-stick-meta":"","astra-migrate-meta-layouts":"default","ast-page-background-enabled":"default","ast-page-background-meta":{"desktop":{"background-color":"var(--ast-global-color-4)","background-image":"","background-repeat":"repeat","background-position":"center center","background-size":"auto","background-attachment":"scroll","background-type":"","background-media":"","overlay-type":"","overlay-color":"","overlay-opacity":"","overlay-gradient":""},"tablet":{"background-color":"","background-image":"","background-repeat":"repeat","background-position":"center center","background-size":"auto","background-attachment":"scroll","background-type":"","background-media":"","overlay-type":"","overlay-color":"","overlay-opacity":"","overlay-gradient":""},"mobile":{"background-color":"","background-image":"","background-repeat":"repeat","background-position":"center center","background-size":"auto","background-attachment":"scroll","background-type":"","background-media":"","overlay-type":"","overlay-color":"","overlay-opacity":"","overlay-gradient":""}},"ast-content-background-meta":{"desktop":{"background-color":"var(--ast-global-color-5)","background-image":"","background-repeat":"repeat","background-position":"center center","background-size":"auto","background-attachment":"scroll","background-type":"","background-media":"","overlay-type":"","overlay-color":"","overlay-opacity":"","overlay-gradient":""},"tablet":{"background-color":"var(--ast-global-color-5)","background-image":"","background-repeat":"repeat","background-position":"center center","background-size":"auto","background-attachment":"scroll","background-type":"","background-media":"","overlay-type":"","overlay-color":"","overlay-opacity":"","overlay-gradient":""},"mobile":{"background-color":"var(--ast-global-color-5)","background-image":"","background-repeat":"repeat","background-position":"center center","background-size":"auto","background-attachment":"scroll","background-type":"","background-media":"","overlay-type":"","overlay-color":"","overlay-opacity":"","overlay-gradient":""}},"footnotes":""},"product-categories":[63],"product-tag":[95,97,90,91],"class_list":["post-3580","product","type-product","status-publish","format-standard","has-post-thumbnail","hentry","product-categories-chafing-dish","product-tag-chafing-dish-with-glass-lid","product-tag-chafing-dish-with-hanging-lid","product-tag-fuel-chafing-dish","product-tag-round-chafing-dish"],"acf":{"title":"Wholesale Chafing Dish Buffet Set 3.5L-8L with Glass And Steel Lid","title_source":{"label":"Title","type":"text","formatted_value":"Wholesale Chafing Dish Buffet Set 3.5L-8L with Glass And Steel Lid"},"short_description":"We wholesales and customize all kinds of chafing dish buffet sets. High quality chafing dish with glass and stainless steel hangings lid to be choose, available in a wide range of sizes 3.5L, 4L, 6L, 8L. Contact us for a factory pricing OEM or ODM solution.","short_description_source":{"label":"Short description","type":"textarea","formatted_value":"We wholesales and customize all kinds of chafing dish buffet sets. High quality chafing dish with glass and stainless steel hangings lid to be choose, available in a wide range of sizes 3.5L, 4L, 6L, 8L. Contact us for a factory pricing OEM or ODM solution."},"parameters":"<table border=\"0\" width=\"275\" cellspacing=\"0\" cellpadding=\"0\">\r\n<tbody>\r\n<tr>\r\n<td width=\"108\" height=\"17\">Manufacturer<\/td>\r\n<td width=\"167\">DONGZHAOWEI<\/td>\r\n<\/tr>\r\n<tr>\r\n<td height=\"17\">Material<\/td>\r\n<td>Stainless Steel 201<\/td>\r\n<\/tr>\r\n<tr>\r\n<td height=\"17\">Capacity<\/td>\r\n<td>3.5L; 4.0L; 6.0L; 8.0L<\/td>\r\n<\/tr>\r\n<tr>\r\n<td height=\"17\">Color<\/td>\r\n<td>Golden \/ Silver<\/td>\r\n<\/tr>\r\n<tr>\r\n<td height=\"17\">Design<\/td>\r\n<td>Round shape<\/td>\r\n<\/tr>\r\n<tr>\r\n<td height=\"17\">Tray<\/td>\r\n<td>No divided \/ Divided tray<\/td>\r\n<\/tr>\r\n<tr>\r\n<td height=\"17\">Lid type<\/td>\r\n<td>Glass lid\/ Stainless Steel lid<\/td>\r\n<\/tr>\r\n<tr>\r\n<td height=\"17\">Heat<\/td>\r\n<td>Fuel<\/td>\r\n<\/tr>\r\n<tr>\r\n<td height=\"17\">Custom<\/td>\r\n<td>Color\/Logo\/Package<\/td>\r\n<\/tr>\r\n<\/tbody>\r\n<\/table>","parameters_source":{"label":"Parameters","type":"wysiwyg","formatted_value":"<table border=\"0\" width=\"275\" cellspacing=\"0\" cellpadding=\"0\">\n<tbody>\n<tr>\n<td width=\"108\" height=\"17\">Manufacturer<\/td>\n<td width=\"167\">DONGZHAOWEI<\/td>\n<\/tr>\n<tr>\n<td height=\"17\">Material<\/td>\n<td>Stainless Steel 201<\/td>\n<\/tr>\n<tr>\n<td height=\"17\">Capacity<\/td>\n<td>3.5L; 4.0L; 6.0L; 8.0L<\/td>\n<\/tr>\n<tr>\n<td height=\"17\">Color<\/td>\n<td>Golden \/ Silver<\/td>\n<\/tr>\n<tr>\n<td height=\"17\">Design<\/td>\n<td>Round shape<\/td>\n<\/tr>\n<tr>\n<td height=\"17\">Tray<\/td>\n<td>No divided \/ Divided tray<\/td>\n<\/tr>\n<tr>\n<td height=\"17\">Lid type<\/td>\n<td>Glass lid\/ Stainless Steel lid<\/td>\n<\/tr>\n<tr>\n<td height=\"17\">Heat<\/td>\n<td>Fuel<\/td>\n<\/tr>\n<tr>\n<td height=\"17\">Custom<\/td>\n<td>Color\/Logo\/Package<\/td>\n<\/tr>\n<\/tbody>\n<\/table>\n"},"photo_gallery":{"product_gallery":[[{"id":3582,"title":"wholesale-gold-chafing-dish-3","caption":"wholesale-gold-chafing-dish","full_image_url":"https:\/\/www.dzwchafingdish.com\/wp-content\/uploads\/2024\/03\/wholesale-gold-chafing-dish-3.webp","thumbnail_image_url":"https:\/\/www.dzwchafingdish.com\/wp-content\/uploads\/2024\/03\/wholesale-gold-chafing-dish-3-150x150.webp","large_srcset":"https:\/\/www.dzwchafingdish.com\/wp-content\/uploads\/2024\/03\/wholesale-gold-chafing-dish-3.webp 1000w, https:\/\/www.dzwchafingdish.com\/wp-content\/uploads\/2024\/03\/wholesale-gold-chafing-dish-3-300x300.webp 300w, https:\/\/www.dzwchafingdish.com\/wp-content\/uploads\/2024\/03\/wholesale-gold-chafing-dish-3-150x150.webp 150w, https:\/\/www.dzwchafingdish.com\/wp-content\/uploads\/2024\/03\/wholesale-gold-chafing-dish-3-768x768.webp 768w","medium_srcset":"https:\/\/www.dzwchafingdish.com\/wp-content\/uploads\/2024\/03\/wholesale-gold-chafing-dish-3-300x300.webp 300w, https:\/\/www.dzwchafingdish.com\/wp-content\/uploads\/2024\/03\/wholesale-gold-chafing-dish-3-150x150.webp 150w, https:\/\/www.dzwchafingdish.com\/wp-content\/uploads\/2024\/03\/wholesale-gold-chafing-dish-3-768x768.webp 768w, https:\/\/www.dzwchafingdish.com\/wp-content\/uploads\/2024\/03\/wholesale-gold-chafing-dish-3.webp 1000w","media_details":{"width":1000,"height":1000,"sizes":{"medium":{"file":"wholesale-gold-chafing-dish-3-300x300.webp","width":300,"height":300,"mime-type":"image\/webp","filesize":11062,"source_url":"https:\/\/www.dzwchafingdish.com\/wp-content\/uploads\/2024\/03\/wholesale-gold-chafing-dish-3-300x300.webp"},"thumbnail":{"file":"wholesale-gold-chafing-dish-3-150x150.webp","width":150,"height":150,"mime-type":"image\/webp","filesize":3590,"source_url":"https:\/\/www.dzwchafingdish.com\/wp-content\/uploads\/2024\/03\/wholesale-gold-chafing-dish-3-150x150.webp"},"medium_large":{"file":"wholesale-gold-chafing-dish-3-768x768.webp","width":768,"height":768,"mime-type":"image\/webp","filesize":51584,"source_url":"https:\/\/www.dzwchafingdish.com\/wp-content\/uploads\/2024\/03\/wholesale-gold-chafing-dish-3-768x768.webp"}}},"alt_text":"wholesale-gold-chafing-dish","url":"","target":""},{"id":3585,"title":"wholesale-gold-chafing-dish-6","caption":"wholesale-gold-chafing-dish","full_image_url":"https:\/\/www.dzwchafingdish.com\/wp-content\/uploads\/2024\/03\/wholesale-gold-chafing-dish-6.webp","thumbnail_image_url":"https:\/\/www.dzwchafingdish.com\/wp-content\/uploads\/2024\/03\/wholesale-gold-chafing-dish-6-150x150.webp","large_srcset":"https:\/\/www.dzwchafingdish.com\/wp-content\/uploads\/2024\/03\/wholesale-gold-chafing-dish-6.webp 1000w, https:\/\/www.dzwchafingdish.com\/wp-content\/uploads\/2024\/03\/wholesale-gold-chafing-dish-6-300x300.webp 300w, https:\/\/www.dzwchafingdish.com\/wp-content\/uploads\/2024\/03\/wholesale-gold-chafing-dish-6-150x150.webp 150w, https:\/\/www.dzwchafingdish.com\/wp-content\/uploads\/2024\/03\/wholesale-gold-chafing-dish-6-768x768.webp 768w","medium_srcset":"https:\/\/www.dzwchafingdish.com\/wp-content\/uploads\/2024\/03\/wholesale-gold-chafing-dish-6-300x300.webp 300w, https:\/\/www.dzwchafingdish.com\/wp-content\/uploads\/2024\/03\/wholesale-gold-chafing-dish-6-150x150.webp 150w, https:\/\/www.dzwchafingdish.com\/wp-content\/uploads\/2024\/03\/wholesale-gold-chafing-dish-6-768x768.webp 768w, https:\/\/www.dzwchafingdish.com\/wp-content\/uploads\/2024\/03\/wholesale-gold-chafing-dish-6.webp 1000w","media_details":{"width":1000,"height":1000,"sizes":{"medium":{"file":"wholesale-gold-chafing-dish-6-300x300.webp","width":300,"height":300,"mime-type":"image\/webp","filesize":8810,"source_url":"https:\/\/www.dzwchafingdish.com\/wp-content\/uploads\/2024\/03\/wholesale-gold-chafing-dish-6-300x300.webp"},"thumbnail":{"file":"wholesale-gold-chafing-dish-6-150x150.webp","width":150,"height":150,"mime-type":"image\/webp","filesize":2684,"source_url":"https:\/\/www.dzwchafingdish.com\/wp-content\/uploads\/2024\/03\/wholesale-gold-chafing-dish-6-150x150.webp"},"medium_large":{"file":"wholesale-gold-chafing-dish-6-768x768.webp","width":768,"height":768,"mime-type":"image\/webp","filesize":44710,"source_url":"https:\/\/www.dzwchafingdish.com\/wp-content\/uploads\/2024\/03\/wholesale-gold-chafing-dish-6-768x768.webp"}}},"alt_text":"wholesale-gold-chafing-dish","url":"","target":""},{"id":3584,"title":"wholesale-gold-chafing-dish-5","caption":"wholesale-gold-chafing-dish","full_image_url":"https:\/\/www.dzwchafingdish.com\/wp-content\/uploads\/2024\/03\/wholesale-gold-chafing-dish-5.webp","thumbnail_image_url":"https:\/\/www.dzwchafingdish.com\/wp-content\/uploads\/2024\/03\/wholesale-gold-chafing-dish-5-150x150.webp","large_srcset":"https:\/\/www.dzwchafingdish.com\/wp-content\/uploads\/2024\/03\/wholesale-gold-chafing-dish-5.webp 1000w, https:\/\/www.dzwchafingdish.com\/wp-content\/uploads\/2024\/03\/wholesale-gold-chafing-dish-5-300x300.webp 300w, https:\/\/www.dzwchafingdish.com\/wp-content\/uploads\/2024\/03\/wholesale-gold-chafing-dish-5-150x150.webp 150w, https:\/\/www.dzwchafingdish.com\/wp-content\/uploads\/2024\/03\/wholesale-gold-chafing-dish-5-768x768.webp 768w","medium_srcset":"https:\/\/www.dzwchafingdish.com\/wp-content\/uploads\/2024\/03\/wholesale-gold-chafing-dish-5-300x300.webp 300w, https:\/\/www.dzwchafingdish.com\/wp-content\/uploads\/2024\/03\/wholesale-gold-chafing-dish-5-150x150.webp 150w, https:\/\/www.dzwchafingdish.com\/wp-content\/uploads\/2024\/03\/wholesale-gold-chafing-dish-5-768x768.webp 768w, https:\/\/www.dzwchafingdish.com\/wp-content\/uploads\/2024\/03\/wholesale-gold-chafing-dish-5.webp 1000w","media_details":{"width":1000,"height":1000,"sizes":{"medium":{"file":"wholesale-gold-chafing-dish-5-300x300.webp","width":300,"height":300,"mime-type":"image\/webp","filesize":8380,"source_url":"https:\/\/www.dzwchafingdish.com\/wp-content\/uploads\/2024\/03\/wholesale-gold-chafing-dish-5-300x300.webp"},"thumbnail":{"file":"wholesale-gold-chafing-dish-5-150x150.webp","width":150,"height":150,"mime-type":"image\/webp","filesize":2680,"source_url":"https:\/\/www.dzwchafingdish.com\/wp-content\/uploads\/2024\/03\/wholesale-gold-chafing-dish-5-150x150.webp"},"medium_large":{"file":"wholesale-gold-chafing-dish-5-768x768.webp","width":768,"height":768,"mime-type":"image\/webp","filesize":39874,"source_url":"https:\/\/www.dzwchafingdish.com\/wp-content\/uploads\/2024\/03\/wholesale-gold-chafing-dish-5-768x768.webp"}}},"alt_text":"wholesale-gold-chafing-dish","url":"","target":""},{"id":3583,"title":"wholesale-gold-chafing-dish-4","caption":"wholesale-gold-chafing-dish","full_image_url":"https:\/\/www.dzwchafingdish.com\/wp-content\/uploads\/2024\/03\/wholesale-gold-chafing-dish-4.webp","thumbnail_image_url":"https:\/\/www.dzwchafingdish.com\/wp-content\/uploads\/2024\/03\/wholesale-gold-chafing-dish-4-150x150.webp","large_srcset":"https:\/\/www.dzwchafingdish.com\/wp-content\/uploads\/2024\/03\/wholesale-gold-chafing-dish-4.webp 1000w, https:\/\/www.dzwchafingdish.com\/wp-content\/uploads\/2024\/03\/wholesale-gold-chafing-dish-4-300x300.webp 300w, https:\/\/www.dzwchafingdish.com\/wp-content\/uploads\/2024\/03\/wholesale-gold-chafing-dish-4-150x150.webp 150w, https:\/\/www.dzwchafingdish.com\/wp-content\/uploads\/2024\/03\/wholesale-gold-chafing-dish-4-768x768.webp 768w","medium_srcset":"https:\/\/www.dzwchafingdish.com\/wp-content\/uploads\/2024\/03\/wholesale-gold-chafing-dish-4-300x300.webp 300w, https:\/\/www.dzwchafingdish.com\/wp-content\/uploads\/2024\/03\/wholesale-gold-chafing-dish-4-150x150.webp 150w, https:\/\/www.dzwchafingdish.com\/wp-content\/uploads\/2024\/03\/wholesale-gold-chafing-dish-4-768x768.webp 768w, https:\/\/www.dzwchafingdish.com\/wp-content\/uploads\/2024\/03\/wholesale-gold-chafing-dish-4.webp 1000w","media_details":{"width":1000,"height":1000,"sizes":{"medium":{"file":"wholesale-gold-chafing-dish-4-300x300.webp","width":300,"height":300,"mime-type":"image\/webp","filesize":9056,"source_url":"https:\/\/www.dzwchafingdish.com\/wp-content\/uploads\/2024\/03\/wholesale-gold-chafing-dish-4-300x300.webp"},"thumbnail":{"file":"wholesale-gold-chafing-dish-4-150x150.webp","width":150,"height":150,"mime-type":"image\/webp","filesize":3044,"source_url":"https:\/\/www.dzwchafingdish.com\/wp-content\/uploads\/2024\/03\/wholesale-gold-chafing-dish-4-150x150.webp"},"medium_large":{"file":"wholesale-gold-chafing-dish-4-768x768.webp","width":768,"height":768,"mime-type":"image\/webp","filesize":41432,"source_url":"https:\/\/www.dzwchafingdish.com\/wp-content\/uploads\/2024\/03\/wholesale-gold-chafing-dish-4-768x768.webp"}}},"alt_text":"wholesale-gold-chafing-dish","url":"","target":""},{"id":3581,"title":"wholesale-gold-chafing-dish-2","caption":"wholesale-gold-chafing-dish","full_image_url":"https:\/\/www.dzwchafingdish.com\/wp-content\/uploads\/2024\/03\/wholesale-gold-chafing-dish-2.webp","thumbnail_image_url":"https:\/\/www.dzwchafingdish.com\/wp-content\/uploads\/2024\/03\/wholesale-gold-chafing-dish-2-150x150.webp","large_srcset":"https:\/\/www.dzwchafingdish.com\/wp-content\/uploads\/2024\/03\/wholesale-gold-chafing-dish-2.webp 756w, https:\/\/www.dzwchafingdish.com\/wp-content\/uploads\/2024\/03\/wholesale-gold-chafing-dish-2-300x300.webp 300w, https:\/\/www.dzwchafingdish.com\/wp-content\/uploads\/2024\/03\/wholesale-gold-chafing-dish-2-150x150.webp 150w","medium_srcset":"https:\/\/www.dzwchafingdish.com\/wp-content\/uploads\/2024\/03\/wholesale-gold-chafing-dish-2-300x300.webp 300w, https:\/\/www.dzwchafingdish.com\/wp-content\/uploads\/2024\/03\/wholesale-gold-chafing-dish-2-150x150.webp 150w, https:\/\/www.dzwchafingdish.com\/wp-content\/uploads\/2024\/03\/wholesale-gold-chafing-dish-2.webp 756w","media_details":{"width":756,"height":756,"sizes":{"medium":{"file":"wholesale-gold-chafing-dish-2-300x300.webp","width":300,"height":300,"mime-type":"image\/webp","filesize":20478,"source_url":"https:\/\/www.dzwchafingdish.com\/wp-content\/uploads\/2024\/03\/wholesale-gold-chafing-dish-2-300x300.webp"},"thumbnail":{"file":"wholesale-gold-chafing-dish-2-150x150.webp","width":150,"height":150,"mime-type":"image\/webp","filesize":6216,"source_url":"https:\/\/www.dzwchafingdish.com\/wp-content\/uploads\/2024\/03\/wholesale-gold-chafing-dish-2-150x150.webp"}}},"alt_text":"wholesale-gold-chafing-dish","url":"","target":""}]]}},"_links":{"self":[{"href":"https:\/\/www.dzwchafingdish.com\/fr\/wp-json\/wp\/v2\/product\/3580","targetHints":{"allow":["GET"]}}],"collection":[{"href":"https:\/\/www.dzwchafingdish.com\/fr\/wp-json\/wp\/v2\/product"}],"about":[{"href":"https:\/\/www.dzwchafingdish.com\/fr\/wp-json\/wp\/v2\/types\/product"}],"author":[{"embeddable":true,"href":"https:\/\/www.dzwchafingdish.com\/fr\/wp-json\/wp\/v2\/users\/3"}],"version-history":[{"count":0,"href":"https:\/\/www.dzwchafingdish.com\/fr\/wp-json\/wp\/v2\/product\/3580\/revisions"}],"wp:featuredmedia":[{"embeddable":true,"href":"https:\/\/www.dzwchafingdish.com\/fr\/wp-json\/wp\/v2\/media\/3582"}],"wp:attachment":[{"href":"https:\/\/www.dzwchafingdish.com\/fr\/wp-json\/wp\/v2\/media?parent=3580"}],"wp:term":[{"taxonomy":"product-categories","embeddable":true,"href":"https:\/\/www.dzwchafingdish.com\/fr\/wp-json\/wp\/v2\/product-categories?post=3580"},{"taxonomy":"product-tag","embeddable":true,"href":"https:\/\/www.dzwchafingdish.com\/fr\/wp-json\/wp\/v2\/product-tag?post=3580"}],"curies":[{"name":"wp","href":"https:\/\/api.w.org\/{rel}","templated":true}]}}