{"id":3700,"date":"2024-04-23T08:07:10","date_gmt":"2024-04-23T08:07:10","guid":{"rendered":"https:\/\/www.dzwchafingdish.com\/?post_type=product&#038;p=3700"},"modified":"2024-06-15T03:59:50","modified_gmt":"2024-06-15T03:59:50","slug":"chafing-dish-with-stand-2","status":"publish","type":"product","link":"https:\/\/www.dzwchafingdish.com\/fr\/product\/chafing-dish-with-stand-2\/","title":{"rendered":"Plat \u00e0 r\u00f4tir sph\u00e9rique personnalis\u00e9 avec support Luxe"},"content":{"rendered":"<div class=\"wp-block-columns is-layout-flex wp-container-core-columns-is-layout-28f84493 wp-block-columns-is-layout-flex\">\n<div class=\"wp-block-column is-vertically-aligned-center is-layout-flow wp-block-column-is-layout-flow\">\n<h2 class=\"wp-block-heading\">Chafing Dish with Stand <strong>Dimension<\/strong><\/h2>\n\n\n\n<figure class=\"wp-block-table\"><table><tbody><tr><td>ITEM NO.<\/td><td>TAILLE<\/td><td>LONGUEUR<\/td><td>LARGE<\/td><td>HAUTEUR<\/td><td>N.W \/SET<\/td><\/tr><tr><td>DZW-HB045<\/td><td>4.5L<\/td><td>37,7 cm<\/td><td>33,8 cm<\/td><td>45 cm<\/td><td>3800 g<\/td><\/tr><tr><td>DZW-HB060<\/td><td>6.0L<\/td><td>39,5 cm<\/td><td>38 cm<\/td><td>48 cm<\/td><td>4200 g<\/td><\/tr><tr><td>DZW-HB080<\/td><td>8.0L<\/td><td>43,5 cm<\/td><td>41 cm<\/td><td>48 cm<\/td><td>4500 g<\/td><\/tr><tr><td>DZW-HE245<\/td><td>4.5L<\/td><td>37,7 cm<\/td><td>33,8 cm<\/td><td>45 cm<\/td><td>3800 g<\/td><\/tr><tr><td>DZW-HE260<\/td><td>6.0L<\/td><td>39,5 cm<\/td><td>38 cm<\/td><td>48 cm<\/td><td>4200 g<\/td><\/tr><tr><td>DZW-HE280<\/td><td>8.0L<\/td><td>43,5 cm<\/td><td>41 cm<\/td><td>48 cm<\/td><td>4500 g<\/td><\/tr><\/tbody><\/table><\/figure>\n<\/div>\n\n\n\n<div class=\"wp-block-column is-layout-flow wp-block-column-is-layout-flow\">\n<figure class=\"wp-block-image size-full is-resized\"><img fetchpriority=\"high\" decoding=\"async\" width=\"1000\" height=\"1000\" src=\"https:\/\/www.dzwchafingdish.com\/wp-content\/uploads\/2024\/03\/wholesale-chafing-dish-with-stand-5.webp\" alt=\"grossiste-plat \u00e0 gaufre avec support\" class=\"wp-image-3707\" style=\"width:466px;height:auto\" srcset=\"https:\/\/www.dzwchafingdish.com\/wp-content\/uploads\/2024\/03\/wholesale-chafing-dish-with-stand-5.webp 1000w, https:\/\/www.dzwchafingdish.com\/wp-content\/uploads\/2024\/03\/wholesale-chafing-dish-with-stand-5-300x300.webp 300w, https:\/\/www.dzwchafingdish.com\/wp-content\/uploads\/2024\/03\/wholesale-chafing-dish-with-stand-5-150x150.webp 150w, https:\/\/www.dzwchafingdish.com\/wp-content\/uploads\/2024\/03\/wholesale-chafing-dish-with-stand-5-768x768.webp 768w\" sizes=\"(max-width: 1000px) 100vw, 1000px\" \/><\/figure>\n<\/div>\n<\/div>\n\n\n\n<div class=\"wp-block-columns is-layout-flex wp-container-core-columns-is-layout-28f84493 wp-block-columns-is-layout-flex\">\n<div class=\"wp-block-column is-layout-flow wp-block-column-is-layout-flow\">\n<figure class=\"wp-block-image size-full is-resized\"><img decoding=\"async\" width=\"1000\" height=\"1000\" src=\"https:\/\/www.dzwchafingdish.com\/wp-content\/uploads\/2024\/03\/wholesale-chafing-dish-with-stand-4.webp\" alt=\"grossiste-plat \u00e0 gaufre avec support\" class=\"wp-image-3706\" style=\"width:513px;height:auto\" srcset=\"https:\/\/www.dzwchafingdish.com\/wp-content\/uploads\/2024\/03\/wholesale-chafing-dish-with-stand-4.webp 1000w, https:\/\/www.dzwchafingdish.com\/wp-content\/uploads\/2024\/03\/wholesale-chafing-dish-with-stand-4-300x300.webp 300w, https:\/\/www.dzwchafingdish.com\/wp-content\/uploads\/2024\/03\/wholesale-chafing-dish-with-stand-4-150x150.webp 150w, https:\/\/www.dzwchafingdish.com\/wp-content\/uploads\/2024\/03\/wholesale-chafing-dish-with-stand-4-768x768.webp 768w\" sizes=\"(max-width: 1000px) 100vw, 1000px\" \/><\/figure>\n<\/div>\n\n\n\n<div class=\"wp-block-column is-vertically-aligned-center is-layout-flow wp-block-column-is-layout-flow\">\n<h2 class=\"wp-block-heading\"><strong>Premium Chafing Dish with Stand Caract\u00e9ristiques :<\/strong><\/h2>\n\n\n\n<ul class=\"wp-block-list\">\n<li>Design unique : La forme sph\u00e9rique de ce chafing dish de luxe le distingue, ajoutant une touche d'\u00e9l\u00e9gance et de modernit\u00e9 \u00e0 tout \u00e9v\u00e9nement ou salle \u00e0 manger.<\/li>\n\n\n\n<li>R\u00e9tention sup\u00e9rieure de la chaleur : Fabriqu\u00e9 \u00e0 partir de mat\u00e9riaux de haute qualit\u00e9, ce chafing dish assure une r\u00e9tention optimale de la chaleur, gardant vos plats \u00e0 la temp\u00e9rature id\u00e9ale de service pendant de longues p\u00e9riodes.<\/li>\n\n\n\n<li>Construction durable : Con\u00e7u pour r\u00e9sister aux rigueurs de la restauration professionnelle, ce plat \u00e0 chafing est m\u00e9ticuleusement fabriqu\u00e9 dans un souci de durabilit\u00e9. Sa construction robuste garantit des performances durables.<\/li>\n<\/ul>\n<\/div>\n<\/div>","protected":false},"excerpt":{"rendered":"<p>Chafing Dish with Stand Dimension ITEM NO. TAILLE LONGUEUR LARGE HAUTEUR N.B. \/SET DZW-HB045 4.5L 37.7 cm 33.8 cm 45 cm 3800 g DZW-HB060 6.0L 39.5 cm 38 cm 48 cm 4200 g DZW-HB080 8.0L 43.5 cm 41 cm 48 cm 4500 g DZW-HE245 4.5L 37.7 cm 33.8 cm 45 cm 3800 g DZW-HE260 6.0L [...]<\/p>","protected":false},"author":3,"featured_media":3703,"parent":0,"menu_order":0,"template":"","format":"standard","meta":{"_acf_changed":false,"site-sidebar-layout":"default","site-content-layout":"","ast-site-content-layout":"default","site-content-style":"default","site-sidebar-style":"default","ast-global-header-display":"","ast-banner-title-visibility":"","ast-main-header-display":"","ast-hfb-above-header-display":"","ast-hfb-below-header-display":"","ast-hfb-mobile-header-display":"","site-post-title":"","ast-breadcrumbs-content":"","ast-featured-img":"","footer-sml-layout":"","theme-transparent-header-meta":"","adv-header-id-meta":"","stick-header-meta":"","header-above-stick-meta":"","header-main-stick-meta":"","header-below-stick-meta":"","astra-migrate-meta-layouts":"default","ast-page-background-enabled":"default","ast-page-background-meta":{"desktop":{"background-color":"var(--ast-global-color-4)","background-image":"","background-repeat":"repeat","background-position":"center center","background-size":"auto","background-attachment":"scroll","background-type":"","background-media":"","overlay-type":"","overlay-color":"","overlay-opacity":"","overlay-gradient":""},"tablet":{"background-color":"","background-image":"","background-repeat":"repeat","background-position":"center center","background-size":"auto","background-attachment":"scroll","background-type":"","background-media":"","overlay-type":"","overlay-color":"","overlay-opacity":"","overlay-gradient":""},"mobile":{"background-color":"","background-image":"","background-repeat":"repeat","background-position":"center center","background-size":"auto","background-attachment":"scroll","background-type":"","background-media":"","overlay-type":"","overlay-color":"","overlay-opacity":"","overlay-gradient":""}},"ast-content-background-meta":{"desktop":{"background-color":"var(--ast-global-color-5)","background-image":"","background-repeat":"repeat","background-position":"center center","background-size":"auto","background-attachment":"scroll","background-type":"","background-media":"","overlay-type":"","overlay-color":"","overlay-opacity":"","overlay-gradient":""},"tablet":{"background-color":"var(--ast-global-color-5)","background-image":"","background-repeat":"repeat","background-position":"center center","background-size":"auto","background-attachment":"scroll","background-type":"","background-media":"","overlay-type":"","overlay-color":"","overlay-opacity":"","overlay-gradient":""},"mobile":{"background-color":"var(--ast-global-color-5)","background-image":"","background-repeat":"repeat","background-position":"center center","background-size":"auto","background-attachment":"scroll","background-type":"","background-media":"","overlay-type":"","overlay-color":"","overlay-opacity":"","overlay-gradient":""}},"footnotes":""},"product-categories":[63],"product-tag":[90,91],"class_list":["post-3700","product","type-product","status-publish","format-standard","has-post-thumbnail","hentry","product-categories-chafing-dish","product-tag-fuel-chafing-dish","product-tag-round-chafing-dish"],"acf":{"title":"Plat \u00e0 r\u00f4tir sph\u00e9rique personnalis\u00e9 avec support Luxe","title_source":{"label":"Title","type":"text","formatted_value":"Custom Spherical Chafing Dish with Stand Luxury"},"short_description":"Wholesale Luxury Spherical Chafing Dish with Stand, this chafing dish has a unique appearance design and excellent insulation function, large capacity. Dongzhaowei factory provide high quality cheap price custom solution for each customers.","short_description_source":{"label":"Short description","type":"textarea","formatted_value":"Wholesale Luxury Spherical Chafing Dish with Stand, this chafing dish has a unique appearance design and excellent insulation function, large capacity. Dongzhaowei factory provide high quality cheap price custom solution for each customers."},"parameters":"<table border=\"0\" width=\"275\" cellspacing=\"0\" cellpadding=\"0\">\r\n<tbody>\r\n<tr>\r\n<td width=\"108\" height=\"17\">Manufacturer<\/td>\r\n<td width=\"167\">DONGZHAOWEI<\/td>\r\n<\/tr>\r\n<tr>\r\n<td height=\"17\">Material<\/td>\r\n<td>Stainless Steel 201<\/td>\r\n<\/tr>\r\n<tr>\r\n<td height=\"17\">Capacity<\/td>\r\n<td>4.5L; 6.0L; 8.0L<\/td>\r\n<\/tr>\r\n<tr>\r\n<td height=\"17\">Color<\/td>\r\n<td>Golden and Silver<\/td>\r\n<\/tr>\r\n<tr>\r\n<td height=\"17\">Design<\/td>\r\n<td>Spherical<\/td>\r\n<\/tr>\r\n<tr>\r\n<td height=\"17\">Tray<\/td>\r\n<td>No divided \/ Divided tray<\/td>\r\n<\/tr>\r\n<tr>\r\n<td height=\"17\">Lid type<\/td>\r\n<td>Round stainless steel lid<\/td>\r\n<\/tr>\r\n<tr>\r\n<td height=\"17\">Heat<\/td>\r\n<td>Fuel<\/td>\r\n<\/tr>\r\n<tr>\r\n<td height=\"17\">Custom<\/td>\r\n<td>Color\/Logo\/Package<\/td>\r\n<\/tr>\r\n<\/tbody>\r\n<\/table>","parameters_source":{"label":"Parameters","type":"wysiwyg","formatted_value":"<table border=\"0\" width=\"275\" cellspacing=\"0\" cellpadding=\"0\">\n<tbody>\n<tr>\n<td width=\"108\" height=\"17\">Manufacturer<\/td>\n<td width=\"167\">DONGZHAOWEI<\/td>\n<\/tr>\n<tr>\n<td height=\"17\">Material<\/td>\n<td>Stainless Steel 201<\/td>\n<\/tr>\n<tr>\n<td height=\"17\">Capacity<\/td>\n<td>4.5L; 6.0L; 8.0L<\/td>\n<\/tr>\n<tr>\n<td height=\"17\">Color<\/td>\n<td>Golden and Silver<\/td>\n<\/tr>\n<tr>\n<td height=\"17\">Design<\/td>\n<td>Spherical<\/td>\n<\/tr>\n<tr>\n<td height=\"17\">Tray<\/td>\n<td>No divided \/ Divided tray<\/td>\n<\/tr>\n<tr>\n<td height=\"17\">Lid type<\/td>\n<td>Round stainless steel lid<\/td>\n<\/tr>\n<tr>\n<td height=\"17\">Heat<\/td>\n<td>Fuel<\/td>\n<\/tr>\n<tr>\n<td height=\"17\">Custom<\/td>\n<td>Color\/Logo\/Package<\/td>\n<\/tr>\n<\/tbody>\n<\/table>\n"},"photo_gallery":{"product_gallery":[[{"id":3703,"title":"wholesale-chafing-dish-with-stand-1","caption":"wholesale-chafing-dish-with-stand","full_image_url":"https:\/\/www.dzwchafingdish.com\/wp-content\/uploads\/2024\/03\/wholesale-chafing-dish-with-stand-1.webp","thumbnail_image_url":"https:\/\/www.dzwchafingdish.com\/wp-content\/uploads\/2024\/03\/wholesale-chafing-dish-with-stand-1-150x150.webp","large_srcset":"https:\/\/www.dzwchafingdish.com\/wp-content\/uploads\/2024\/03\/wholesale-chafing-dish-with-stand-1.webp 1000w, https:\/\/www.dzwchafingdish.com\/wp-content\/uploads\/2024\/03\/wholesale-chafing-dish-with-stand-1-300x300.webp 300w, https:\/\/www.dzwchafingdish.com\/wp-content\/uploads\/2024\/03\/wholesale-chafing-dish-with-stand-1-150x150.webp 150w, https:\/\/www.dzwchafingdish.com\/wp-content\/uploads\/2024\/03\/wholesale-chafing-dish-with-stand-1-768x768.webp 768w","medium_srcset":"https:\/\/www.dzwchafingdish.com\/wp-content\/uploads\/2024\/03\/wholesale-chafing-dish-with-stand-1-300x300.webp 300w, https:\/\/www.dzwchafingdish.com\/wp-content\/uploads\/2024\/03\/wholesale-chafing-dish-with-stand-1-150x150.webp 150w, https:\/\/www.dzwchafingdish.com\/wp-content\/uploads\/2024\/03\/wholesale-chafing-dish-with-stand-1-768x768.webp 768w, https:\/\/www.dzwchafingdish.com\/wp-content\/uploads\/2024\/03\/wholesale-chafing-dish-with-stand-1.webp 1000w","media_details":{"width":1000,"height":1000,"sizes":{"medium":{"file":"wholesale-chafing-dish-with-stand-1-300x300.webp","width":300,"height":300,"mime-type":"image\/webp","filesize":11326,"source_url":"https:\/\/www.dzwchafingdish.com\/wp-content\/uploads\/2024\/03\/wholesale-chafing-dish-with-stand-1-300x300.webp"},"thumbnail":{"file":"wholesale-chafing-dish-with-stand-1-150x150.webp","width":150,"height":150,"mime-type":"image\/webp","filesize":4256,"source_url":"https:\/\/www.dzwchafingdish.com\/wp-content\/uploads\/2024\/03\/wholesale-chafing-dish-with-stand-1-150x150.webp"},"medium_large":{"file":"wholesale-chafing-dish-with-stand-1-768x768.webp","width":768,"height":768,"mime-type":"image\/webp","filesize":42500,"source_url":"https:\/\/www.dzwchafingdish.com\/wp-content\/uploads\/2024\/03\/wholesale-chafing-dish-with-stand-1-768x768.webp"}}},"alt_text":"wholesale-chafing-dish-with-stand","url":"","target":""},{"id":3704,"title":"wholesale-chafing-dish-with-stand-2","caption":"wholesale-chafing-dish-with-stand","full_image_url":"https:\/\/www.dzwchafingdish.com\/wp-content\/uploads\/2024\/03\/wholesale-chafing-dish-with-stand-2.webp","thumbnail_image_url":"https:\/\/www.dzwchafingdish.com\/wp-content\/uploads\/2024\/03\/wholesale-chafing-dish-with-stand-2-150x150.webp","large_srcset":"https:\/\/www.dzwchafingdish.com\/wp-content\/uploads\/2024\/03\/wholesale-chafing-dish-with-stand-2.webp 1000w, https:\/\/www.dzwchafingdish.com\/wp-content\/uploads\/2024\/03\/wholesale-chafing-dish-with-stand-2-300x300.webp 300w, https:\/\/www.dzwchafingdish.com\/wp-content\/uploads\/2024\/03\/wholesale-chafing-dish-with-stand-2-150x150.webp 150w, https:\/\/www.dzwchafingdish.com\/wp-content\/uploads\/2024\/03\/wholesale-chafing-dish-with-stand-2-768x768.webp 768w","medium_srcset":"https:\/\/www.dzwchafingdish.com\/wp-content\/uploads\/2024\/03\/wholesale-chafing-dish-with-stand-2-300x300.webp 300w, https:\/\/www.dzwchafingdish.com\/wp-content\/uploads\/2024\/03\/wholesale-chafing-dish-with-stand-2-150x150.webp 150w, https:\/\/www.dzwchafingdish.com\/wp-content\/uploads\/2024\/03\/wholesale-chafing-dish-with-stand-2-768x768.webp 768w, https:\/\/www.dzwchafingdish.com\/wp-content\/uploads\/2024\/03\/wholesale-chafing-dish-with-stand-2.webp 1000w","media_details":{"width":1000,"height":1000,"sizes":{"medium":{"file":"wholesale-chafing-dish-with-stand-2-300x300.webp","width":300,"height":300,"mime-type":"image\/webp","filesize":8958,"source_url":"https:\/\/www.dzwchafingdish.com\/wp-content\/uploads\/2024\/03\/wholesale-chafing-dish-with-stand-2-300x300.webp"},"thumbnail":{"file":"wholesale-chafing-dish-with-stand-2-150x150.webp","width":150,"height":150,"mime-type":"image\/webp","filesize":3214,"source_url":"https:\/\/www.dzwchafingdish.com\/wp-content\/uploads\/2024\/03\/wholesale-chafing-dish-with-stand-2-150x150.webp"},"medium_large":{"file":"wholesale-chafing-dish-with-stand-2-768x768.webp","width":768,"height":768,"mime-type":"image\/webp","filesize":35016,"source_url":"https:\/\/www.dzwchafingdish.com\/wp-content\/uploads\/2024\/03\/wholesale-chafing-dish-with-stand-2-768x768.webp"}}},"alt_text":"wholesale-chafing-dish-with-stand","url":"","target":""},{"id":3706,"title":"wholesale-chafing-dish-with-stand-4","caption":"wholesale-chafing-dish-with-stand","full_image_url":"https:\/\/www.dzwchafingdish.com\/wp-content\/uploads\/2024\/03\/wholesale-chafing-dish-with-stand-4.webp","thumbnail_image_url":"https:\/\/www.dzwchafingdish.com\/wp-content\/uploads\/2024\/03\/wholesale-chafing-dish-with-stand-4-150x150.webp","large_srcset":"https:\/\/www.dzwchafingdish.com\/wp-content\/uploads\/2024\/03\/wholesale-chafing-dish-with-stand-4.webp 1000w, https:\/\/www.dzwchafingdish.com\/wp-content\/uploads\/2024\/03\/wholesale-chafing-dish-with-stand-4-300x300.webp 300w, https:\/\/www.dzwchafingdish.com\/wp-content\/uploads\/2024\/03\/wholesale-chafing-dish-with-stand-4-150x150.webp 150w, https:\/\/www.dzwchafingdish.com\/wp-content\/uploads\/2024\/03\/wholesale-chafing-dish-with-stand-4-768x768.webp 768w","medium_srcset":"https:\/\/www.dzwchafingdish.com\/wp-content\/uploads\/2024\/03\/wholesale-chafing-dish-with-stand-4-300x300.webp 300w, https:\/\/www.dzwchafingdish.com\/wp-content\/uploads\/2024\/03\/wholesale-chafing-dish-with-stand-4-150x150.webp 150w, https:\/\/www.dzwchafingdish.com\/wp-content\/uploads\/2024\/03\/wholesale-chafing-dish-with-stand-4-768x768.webp 768w, https:\/\/www.dzwchafingdish.com\/wp-content\/uploads\/2024\/03\/wholesale-chafing-dish-with-stand-4.webp 1000w","media_details":{"width":1000,"height":1000,"sizes":{"medium":{"file":"wholesale-chafing-dish-with-stand-4-300x300.webp","width":300,"height":300,"mime-type":"image\/webp","filesize":8816,"source_url":"https:\/\/www.dzwchafingdish.com\/wp-content\/uploads\/2024\/03\/wholesale-chafing-dish-with-stand-4-300x300.webp"},"thumbnail":{"file":"wholesale-chafing-dish-with-stand-4-150x150.webp","width":150,"height":150,"mime-type":"image\/webp","filesize":3050,"source_url":"https:\/\/www.dzwchafingdish.com\/wp-content\/uploads\/2024\/03\/wholesale-chafing-dish-with-stand-4-150x150.webp"},"medium_large":{"file":"wholesale-chafing-dish-with-stand-4-768x768.webp","width":768,"height":768,"mime-type":"image\/webp","filesize":35320,"source_url":"https:\/\/www.dzwchafingdish.com\/wp-content\/uploads\/2024\/03\/wholesale-chafing-dish-with-stand-4-768x768.webp"}}},"alt_text":"wholesale-chafing-dish-with-stand","url":"","target":""},{"id":3707,"title":"wholesale-chafing-dish-with-stand-5","caption":"wholesale-chafing-dish-with-stand","full_image_url":"https:\/\/www.dzwchafingdish.com\/wp-content\/uploads\/2024\/03\/wholesale-chafing-dish-with-stand-5.webp","thumbnail_image_url":"https:\/\/www.dzwchafingdish.com\/wp-content\/uploads\/2024\/03\/wholesale-chafing-dish-with-stand-5-150x150.webp","large_srcset":"https:\/\/www.dzwchafingdish.com\/wp-content\/uploads\/2024\/03\/wholesale-chafing-dish-with-stand-5.webp 1000w, https:\/\/www.dzwchafingdish.com\/wp-content\/uploads\/2024\/03\/wholesale-chafing-dish-with-stand-5-300x300.webp 300w, https:\/\/www.dzwchafingdish.com\/wp-content\/uploads\/2024\/03\/wholesale-chafing-dish-with-stand-5-150x150.webp 150w, https:\/\/www.dzwchafingdish.com\/wp-content\/uploads\/2024\/03\/wholesale-chafing-dish-with-stand-5-768x768.webp 768w","medium_srcset":"https:\/\/www.dzwchafingdish.com\/wp-content\/uploads\/2024\/03\/wholesale-chafing-dish-with-stand-5-300x300.webp 300w, https:\/\/www.dzwchafingdish.com\/wp-content\/uploads\/2024\/03\/wholesale-chafing-dish-with-stand-5-150x150.webp 150w, https:\/\/www.dzwchafingdish.com\/wp-content\/uploads\/2024\/03\/wholesale-chafing-dish-with-stand-5-768x768.webp 768w, https:\/\/www.dzwchafingdish.com\/wp-content\/uploads\/2024\/03\/wholesale-chafing-dish-with-stand-5.webp 1000w","media_details":{"width":1000,"height":1000,"sizes":{"medium":{"file":"wholesale-chafing-dish-with-stand-5-300x300.webp","width":300,"height":300,"mime-type":"image\/webp","filesize":7142,"source_url":"https:\/\/www.dzwchafingdish.com\/wp-content\/uploads\/2024\/03\/wholesale-chafing-dish-with-stand-5-300x300.webp"},"thumbnail":{"file":"wholesale-chafing-dish-with-stand-5-150x150.webp","width":150,"height":150,"mime-type":"image\/webp","filesize":2734,"source_url":"https:\/\/www.dzwchafingdish.com\/wp-content\/uploads\/2024\/03\/wholesale-chafing-dish-with-stand-5-150x150.webp"},"medium_large":{"file":"wholesale-chafing-dish-with-stand-5-768x768.webp","width":768,"height":768,"mime-type":"image\/webp","filesize":25658,"source_url":"https:\/\/www.dzwchafingdish.com\/wp-content\/uploads\/2024\/03\/wholesale-chafing-dish-with-stand-5-768x768.webp"}}},"alt_text":"wholesale-chafing-dish-with-stand","url":"","target":""},{"id":3705,"title":"wholesale-chafing-dish-with-stand-3","caption":"wholesale-chafing-dish-with-stand","full_image_url":"https:\/\/www.dzwchafingdish.com\/wp-content\/uploads\/2024\/03\/wholesale-chafing-dish-with-stand-3.webp","thumbnail_image_url":"https:\/\/www.dzwchafingdish.com\/wp-content\/uploads\/2024\/03\/wholesale-chafing-dish-with-stand-3-150x150.webp","large_srcset":"https:\/\/www.dzwchafingdish.com\/wp-content\/uploads\/2024\/03\/wholesale-chafing-dish-with-stand-3.webp 800w, https:\/\/www.dzwchafingdish.com\/wp-content\/uploads\/2024\/03\/wholesale-chafing-dish-with-stand-3-300x300.webp 300w, https:\/\/www.dzwchafingdish.com\/wp-content\/uploads\/2024\/03\/wholesale-chafing-dish-with-stand-3-150x150.webp 150w, https:\/\/www.dzwchafingdish.com\/wp-content\/uploads\/2024\/03\/wholesale-chafing-dish-with-stand-3-768x768.webp 768w","medium_srcset":"https:\/\/www.dzwchafingdish.com\/wp-content\/uploads\/2024\/03\/wholesale-chafing-dish-with-stand-3-300x300.webp 300w, https:\/\/www.dzwchafingdish.com\/wp-content\/uploads\/2024\/03\/wholesale-chafing-dish-with-stand-3-150x150.webp 150w, https:\/\/www.dzwchafingdish.com\/wp-content\/uploads\/2024\/03\/wholesale-chafing-dish-with-stand-3-768x768.webp 768w, https:\/\/www.dzwchafingdish.com\/wp-content\/uploads\/2024\/03\/wholesale-chafing-dish-with-stand-3.webp 800w","media_details":{"width":800,"height":800,"sizes":{"medium":{"file":"wholesale-chafing-dish-with-stand-3-300x300.webp","width":300,"height":300,"mime-type":"image\/webp","filesize":13510,"source_url":"https:\/\/www.dzwchafingdish.com\/wp-content\/uploads\/2024\/03\/wholesale-chafing-dish-with-stand-3-300x300.webp"},"thumbnail":{"file":"wholesale-chafing-dish-with-stand-3-150x150.webp","width":150,"height":150,"mime-type":"image\/webp","filesize":4654,"source_url":"https:\/\/www.dzwchafingdish.com\/wp-content\/uploads\/2024\/03\/wholesale-chafing-dish-with-stand-3-150x150.webp"},"medium_large":{"file":"wholesale-chafing-dish-with-stand-3-768x768.webp","width":768,"height":768,"mime-type":"image\/webp","filesize":53956,"source_url":"https:\/\/www.dzwchafingdish.com\/wp-content\/uploads\/2024\/03\/wholesale-chafing-dish-with-stand-3-768x768.webp"}}},"alt_text":"wholesale-chafing-dish-with-stand","url":"","target":""}]]}},"_links":{"self":[{"href":"https:\/\/www.dzwchafingdish.com\/fr\/wp-json\/wp\/v2\/product\/3700","targetHints":{"allow":["GET"]}}],"collection":[{"href":"https:\/\/www.dzwchafingdish.com\/fr\/wp-json\/wp\/v2\/product"}],"about":[{"href":"https:\/\/www.dzwchafingdish.com\/fr\/wp-json\/wp\/v2\/types\/product"}],"author":[{"embeddable":true,"href":"https:\/\/www.dzwchafingdish.com\/fr\/wp-json\/wp\/v2\/users\/3"}],"version-history":[{"count":0,"href":"https:\/\/www.dzwchafingdish.com\/fr\/wp-json\/wp\/v2\/product\/3700\/revisions"}],"wp:featuredmedia":[{"embeddable":true,"href":"https:\/\/www.dzwchafingdish.com\/fr\/wp-json\/wp\/v2\/media\/3703"}],"wp:attachment":[{"href":"https:\/\/www.dzwchafingdish.com\/fr\/wp-json\/wp\/v2\/media?parent=3700"}],"wp:term":[{"taxonomy":"product-categories","embeddable":true,"href":"https:\/\/www.dzwchafingdish.com\/fr\/wp-json\/wp\/v2\/product-categories?post=3700"},{"taxonomy":"product-tag","embeddable":true,"href":"https:\/\/www.dzwchafingdish.com\/fr\/wp-json\/wp\/v2\/product-tag?post=3700"}],"curies":[{"name":"wp","href":"https:\/\/api.w.org\/{rel}","templated":true}]}}