{"id":3757,"date":"2024-04-07T13:32:54","date_gmt":"2024-04-07T13:32:54","guid":{"rendered":"https:\/\/www.dzwchafingdish.com\/?post_type=product&#038;p=3757"},"modified":"2024-06-15T05:17:41","modified_gmt":"2024-06-15T05:17:41","slug":"stainless-steel-buffet-server","status":"publish","type":"product","link":"https:\/\/www.dzwchafingdish.com\/fr\/product\/stainless-steel-buffet-server\/","title":{"rendered":"Nouveaux arrivages Serveur de buffet en acier inoxydable OEM et ODM"},"content":{"rendered":"<div class=\"wp-block-columns is-layout-flex wp-container-core-columns-is-layout-28f84493 wp-block-columns-is-layout-flex\">\n<div class=\"wp-block-column is-layout-flow wp-block-column-is-layout-flow\">\n<h2 class=\"wp-block-heading\"><strong>Dimension du serveur de buffet en acier inoxydable<\/strong> <\/h2>\n\n\n\n<figure class=\"wp-block-table\"><table><tbody><tr><td>ITEM NO.<\/td><td>TAILLE<\/td><td>LONGUEUR<\/td><td>LARGE<\/td><td>HAUTEUR<\/td><td>N.W \/SET<\/td><\/tr><tr><td>DZW-S218<\/td><td>6.0L<\/td><td>45 cm<\/td><td>40 cm<\/td><td>29 cm<\/td><td>5500 g<\/td><\/tr><tr><td>DZW-G218<\/td><td>6.0L<\/td><td>45 cm<\/td><td>40 cm<\/td><td>29 cm<\/td><td>5500 g<\/td><\/tr><\/tbody><\/table><\/figure>\n<\/div>\n\n\n\n<div class=\"wp-block-column is-layout-flow wp-block-column-is-layout-flow\">\n<figure class=\"wp-block-image size-full\"><img fetchpriority=\"high\" decoding=\"async\" width=\"800\" height=\"800\" src=\"https:\/\/www.dzwchafingdish.com\/wp-content\/uploads\/2024\/03\/wholesale-buffet-warmer-trays-3.webp\" alt=\"grossiste-buffet-trays chauffants\" class=\"wp-image-3766\" srcset=\"https:\/\/www.dzwchafingdish.com\/wp-content\/uploads\/2024\/03\/wholesale-buffet-warmer-trays-3.webp 800w, https:\/\/www.dzwchafingdish.com\/wp-content\/uploads\/2024\/03\/wholesale-buffet-warmer-trays-3-300x300.webp 300w, https:\/\/www.dzwchafingdish.com\/wp-content\/uploads\/2024\/03\/wholesale-buffet-warmer-trays-3-150x150.webp 150w, https:\/\/www.dzwchafingdish.com\/wp-content\/uploads\/2024\/03\/wholesale-buffet-warmer-trays-3-768x768.webp 768w\" sizes=\"(max-width: 800px) 100vw, 800px\" \/><\/figure>\n<\/div>\n<\/div>\n\n\n\n<div class=\"wp-block-columns is-layout-flex wp-container-core-columns-is-layout-28f84493 wp-block-columns-is-layout-flex\">\n<div class=\"wp-block-column is-layout-flow wp-block-column-is-layout-flow\">\n<figure class=\"wp-block-image size-full\"><img decoding=\"async\" width=\"800\" height=\"800\" src=\"https:\/\/www.dzwchafingdish.com\/wp-content\/uploads\/2024\/03\/wholesale-buffet-warmer-trays-2.webp\" alt=\"grossiste-buffet-trays chauffants\" class=\"wp-image-3765\" srcset=\"https:\/\/www.dzwchafingdish.com\/wp-content\/uploads\/2024\/03\/wholesale-buffet-warmer-trays-2.webp 800w, https:\/\/www.dzwchafingdish.com\/wp-content\/uploads\/2024\/03\/wholesale-buffet-warmer-trays-2-300x300.webp 300w, https:\/\/www.dzwchafingdish.com\/wp-content\/uploads\/2024\/03\/wholesale-buffet-warmer-trays-2-150x150.webp 150w, https:\/\/www.dzwchafingdish.com\/wp-content\/uploads\/2024\/03\/wholesale-buffet-warmer-trays-2-768x768.webp 768w\" sizes=\"(max-width: 800px) 100vw, 800px\" \/><\/figure>\n<\/div>\n\n\n\n<div class=\"wp-block-column is-layout-flow wp-block-column-is-layout-flow\">\n<h2 class=\"wp-block-heading\"><strong>Caract\u00e9ristiques Serveur de buffet en acier inoxydable<\/strong> :<\/h2>\n\n\n\n<ul class=\"wp-block-list\">\n<li>Design en forme de coquille : Gr\u00e2ce \u00e0 son design unique en forme de coquille, ce type de plateau chauffant pour buffet est pratique et rapide \u00e0 remplir et \u00e0 ramasser, ce qui rend le service de buffet plus pratique.<\/li>\n\n\n\n<li>Performance de conservation de la chaleur : L'excellente fonction de conservation de la chaleur garantit que les aliments restent chauds et savoureux pendant le service.<\/li>\n\n\n\n<li>Mat\u00e9riaux durables : Fabriqu\u00e9 \u00e0 partir de mat\u00e9riaux durables, avec une excellente durabilit\u00e9 et une r\u00e9sistance \u00e0 la corrosion, l'utilisation \u00e0 long terme n'est pas facile \u00e0 d\u00e9former, afin de garantir la stabilit\u00e9 et la durabilit\u00e9 du produit.<\/li>\n\n\n\n<li>Largement applicable : non seulement pour les restaurants et les banquets, mais aussi pour les d\u00eeners en famille, les f\u00eates et d'autres occasions, afin de fournir des solutions efficaces d'isolation des aliments pour diff\u00e9rentes sc\u00e8nes.<\/li>\n<\/ul>\n<\/div>\n<\/div>","protected":false},"excerpt":{"rendered":"<p>Dimensions du serveur de buffet en acier inoxydable ITEM NO. DZW-S218 6.0L 45 cm 40 cm 29 cm 5500 g DZW-G218 6.0L 45 cm 40 cm 29 cm 5500 g Caract\u00e9ristiques Serveur de buffet en acier inoxydable :<\/p>","protected":false},"author":3,"featured_media":3766,"parent":0,"menu_order":0,"template":"","format":"standard","meta":{"_acf_changed":false,"site-sidebar-layout":"default","site-content-layout":"","ast-site-content-layout":"default","site-content-style":"default","site-sidebar-style":"default","ast-global-header-display":"","ast-banner-title-visibility":"","ast-main-header-display":"","ast-hfb-above-header-display":"","ast-hfb-below-header-display":"","ast-hfb-mobile-header-display":"","site-post-title":"","ast-breadcrumbs-content":"","ast-featured-img":"","footer-sml-layout":"","theme-transparent-header-meta":"","adv-header-id-meta":"","stick-header-meta":"","header-above-stick-meta":"","header-main-stick-meta":"","header-below-stick-meta":"","astra-migrate-meta-layouts":"default","ast-page-background-enabled":"default","ast-page-background-meta":{"desktop":{"background-color":"var(--ast-global-color-4)","background-image":"","background-repeat":"repeat","background-position":"center center","background-size":"auto","background-attachment":"scroll","background-type":"","background-media":"","overlay-type":"","overlay-color":"","overlay-opacity":"","overlay-gradient":""},"tablet":{"background-color":"","background-image":"","background-repeat":"repeat","background-position":"center center","background-size":"auto","background-attachment":"scroll","background-type":"","background-media":"","overlay-type":"","overlay-color":"","overlay-opacity":"","overlay-gradient":""},"mobile":{"background-color":"","background-image":"","background-repeat":"repeat","background-position":"center center","background-size":"auto","background-attachment":"scroll","background-type":"","background-media":"","overlay-type":"","overlay-color":"","overlay-opacity":"","overlay-gradient":""}},"ast-content-background-meta":{"desktop":{"background-color":"var(--ast-global-color-5)","background-image":"","background-repeat":"repeat","background-position":"center center","background-size":"auto","background-attachment":"scroll","background-type":"","background-media":"","overlay-type":"","overlay-color":"","overlay-opacity":"","overlay-gradient":""},"tablet":{"background-color":"var(--ast-global-color-5)","background-image":"","background-repeat":"repeat","background-position":"center center","background-size":"auto","background-attachment":"scroll","background-type":"","background-media":"","overlay-type":"","overlay-color":"","overlay-opacity":"","overlay-gradient":""},"mobile":{"background-color":"var(--ast-global-color-5)","background-image":"","background-repeat":"repeat","background-position":"center center","background-size":"auto","background-attachment":"scroll","background-type":"","background-media":"","overlay-type":"","overlay-color":"","overlay-opacity":"","overlay-gradient":""}},"footnotes":""},"product-categories":[63],"product-tag":[95,96,89,90,93],"class_list":["post-3757","product","type-product","status-publish","format-standard","has-post-thumbnail","hentry","product-categories-chafing-dish","product-tag-chafing-dish-with-glass-lid","product-tag-chafing-dish-with-hinged-lid","product-tag-electric-chafing-dish","product-tag-fuel-chafing-dish","product-tag-rectangular-chafing-dish"],"acf":{"title":"Nouveaux arrivages Serveur de buffet en acier inoxydable OEM et ODM","title_source":{"label":"Title","type":"text","formatted_value":"New Arrival Stainless Steel Buffet Server OEM and ODM"},"short_description":"We wholesale and customize all types of stainless steel buffet servers, support OEM and ODM. This chafing dish with glass hinged cover and fuel, combining modern style with practical insulation, it is suitable for use in various scenarios.","short_description_source":{"label":"Short description","type":"textarea","formatted_value":"We wholesale and customize all types of stainless steel buffet servers, support OEM and ODM. This chafing dish with glass hinged cover and fuel, combining modern style with practical insulation, it is suitable for use in various scenarios."},"parameters":"<table border=\"0\" width=\"275\" cellspacing=\"0\" cellpadding=\"0\">\r\n<tbody>\r\n<tr>\r\n<td width=\"108\" height=\"17\">Manufacturer<\/td>\r\n<td width=\"167\">DONGZHAOWEI<\/td>\r\n<\/tr>\r\n<tr>\r\n<td height=\"17\">Material<\/td>\r\n<td>Stainless Steel 201<\/td>\r\n<\/tr>\r\n<tr>\r\n<td height=\"17\">Capacity<\/td>\r\n<td>6.0L<\/td>\r\n<\/tr>\r\n<tr>\r\n<td height=\"17\">Color<\/td>\r\n<td>Golden \/ Silver<\/td>\r\n<\/tr>\r\n<tr>\r\n<td height=\"17\">Design<\/td>\r\n<td>Square<\/td>\r\n<\/tr>\r\n<tr>\r\n<td height=\"17\">Tray<\/td>\r\n<td>No divided \/ Divided tray<\/td>\r\n<\/tr>\r\n<tr>\r\n<td height=\"17\">Lid type<\/td>\r\n<td>Glass hinged lid<\/td>\r\n<\/tr>\r\n<tr>\r\n<td height=\"17\">Heat<\/td>\r\n<td>Fuel\/Electric<\/td>\r\n<\/tr>\r\n<tr>\r\n<td height=\"17\">Custom<\/td>\r\n<td>Color\/Logo\/Package<\/td>\r\n<\/tr>\r\n<\/tbody>\r\n<\/table>","parameters_source":{"label":"Parameters","type":"wysiwyg","formatted_value":"<table border=\"0\" width=\"275\" cellspacing=\"0\" cellpadding=\"0\">\n<tbody>\n<tr>\n<td width=\"108\" height=\"17\">Manufacturer<\/td>\n<td width=\"167\">DONGZHAOWEI<\/td>\n<\/tr>\n<tr>\n<td height=\"17\">Material<\/td>\n<td>Stainless Steel 201<\/td>\n<\/tr>\n<tr>\n<td height=\"17\">Capacity<\/td>\n<td>6.0L<\/td>\n<\/tr>\n<tr>\n<td height=\"17\">Color<\/td>\n<td>Golden \/ Silver<\/td>\n<\/tr>\n<tr>\n<td height=\"17\">Design<\/td>\n<td>Square<\/td>\n<\/tr>\n<tr>\n<td height=\"17\">Tray<\/td>\n<td>No divided \/ Divided tray<\/td>\n<\/tr>\n<tr>\n<td height=\"17\">Lid type<\/td>\n<td>Glass hinged lid<\/td>\n<\/tr>\n<tr>\n<td height=\"17\">Heat<\/td>\n<td>Fuel\/Electric<\/td>\n<\/tr>\n<tr>\n<td height=\"17\">Custom<\/td>\n<td>Color\/Logo\/Package<\/td>\n<\/tr>\n<\/tbody>\n<\/table>\n"},"photo_gallery":{"product_gallery":[[{"id":3766,"title":"wholesale-buffet-warmer-trays-3","caption":"wholesale-buffet-warmer-trays","full_image_url":"https:\/\/www.dzwchafingdish.com\/wp-content\/uploads\/2024\/03\/wholesale-buffet-warmer-trays-3.webp","thumbnail_image_url":"https:\/\/www.dzwchafingdish.com\/wp-content\/uploads\/2024\/03\/wholesale-buffet-warmer-trays-3-150x150.webp","large_srcset":"https:\/\/www.dzwchafingdish.com\/wp-content\/uploads\/2024\/03\/wholesale-buffet-warmer-trays-3.webp 800w, https:\/\/www.dzwchafingdish.com\/wp-content\/uploads\/2024\/03\/wholesale-buffet-warmer-trays-3-300x300.webp 300w, https:\/\/www.dzwchafingdish.com\/wp-content\/uploads\/2024\/03\/wholesale-buffet-warmer-trays-3-150x150.webp 150w, https:\/\/www.dzwchafingdish.com\/wp-content\/uploads\/2024\/03\/wholesale-buffet-warmer-trays-3-768x768.webp 768w","medium_srcset":"https:\/\/www.dzwchafingdish.com\/wp-content\/uploads\/2024\/03\/wholesale-buffet-warmer-trays-3-300x300.webp 300w, https:\/\/www.dzwchafingdish.com\/wp-content\/uploads\/2024\/03\/wholesale-buffet-warmer-trays-3-150x150.webp 150w, https:\/\/www.dzwchafingdish.com\/wp-content\/uploads\/2024\/03\/wholesale-buffet-warmer-trays-3-768x768.webp 768w, https:\/\/www.dzwchafingdish.com\/wp-content\/uploads\/2024\/03\/wholesale-buffet-warmer-trays-3.webp 800w","media_details":{"width":800,"height":800,"sizes":{"medium":{"file":"wholesale-buffet-warmer-trays-3-300x300.webp","width":300,"height":300,"mime-type":"image\/webp","filesize":10540,"source_url":"https:\/\/www.dzwchafingdish.com\/wp-content\/uploads\/2024\/03\/wholesale-buffet-warmer-trays-3-300x300.webp"},"thumbnail":{"file":"wholesale-buffet-warmer-trays-3-150x150.webp","width":150,"height":150,"mime-type":"image\/webp","filesize":3892,"source_url":"https:\/\/www.dzwchafingdish.com\/wp-content\/uploads\/2024\/03\/wholesale-buffet-warmer-trays-3-150x150.webp"},"medium_large":{"file":"wholesale-buffet-warmer-trays-3-768x768.webp","width":768,"height":768,"mime-type":"image\/webp","filesize":35072,"source_url":"https:\/\/www.dzwchafingdish.com\/wp-content\/uploads\/2024\/03\/wholesale-buffet-warmer-trays-3-768x768.webp"}}},"alt_text":"wholesale-buffet-warmer-trays","url":"","target":""},{"id":3764,"title":"wholesale-buffet-warmer-trays-1","caption":"wholesale-buffet-warmer-trays","full_image_url":"https:\/\/www.dzwchafingdish.com\/wp-content\/uploads\/2024\/03\/wholesale-buffet-warmer-trays-1.webp","thumbnail_image_url":"https:\/\/www.dzwchafingdish.com\/wp-content\/uploads\/2024\/03\/wholesale-buffet-warmer-trays-1-150x150.webp","large_srcset":"https:\/\/www.dzwchafingdish.com\/wp-content\/uploads\/2024\/03\/wholesale-buffet-warmer-trays-1.webp 800w, https:\/\/www.dzwchafingdish.com\/wp-content\/uploads\/2024\/03\/wholesale-buffet-warmer-trays-1-300x300.webp 300w, https:\/\/www.dzwchafingdish.com\/wp-content\/uploads\/2024\/03\/wholesale-buffet-warmer-trays-1-150x150.webp 150w, https:\/\/www.dzwchafingdish.com\/wp-content\/uploads\/2024\/03\/wholesale-buffet-warmer-trays-1-768x768.webp 768w","medium_srcset":"https:\/\/www.dzwchafingdish.com\/wp-content\/uploads\/2024\/03\/wholesale-buffet-warmer-trays-1-300x300.webp 300w, https:\/\/www.dzwchafingdish.com\/wp-content\/uploads\/2024\/03\/wholesale-buffet-warmer-trays-1-150x150.webp 150w, https:\/\/www.dzwchafingdish.com\/wp-content\/uploads\/2024\/03\/wholesale-buffet-warmer-trays-1-768x768.webp 768w, https:\/\/www.dzwchafingdish.com\/wp-content\/uploads\/2024\/03\/wholesale-buffet-warmer-trays-1.webp 800w","media_details":{"width":800,"height":800,"sizes":{"medium":{"file":"wholesale-buffet-warmer-trays-1-300x300.webp","width":300,"height":300,"mime-type":"image\/webp","filesize":12052,"source_url":"https:\/\/www.dzwchafingdish.com\/wp-content\/uploads\/2024\/03\/wholesale-buffet-warmer-trays-1-300x300.webp"},"thumbnail":{"file":"wholesale-buffet-warmer-trays-1-150x150.webp","width":150,"height":150,"mime-type":"image\/webp","filesize":4470,"source_url":"https:\/\/www.dzwchafingdish.com\/wp-content\/uploads\/2024\/03\/wholesale-buffet-warmer-trays-1-150x150.webp"},"medium_large":{"file":"wholesale-buffet-warmer-trays-1-768x768.webp","width":768,"height":768,"mime-type":"image\/webp","filesize":41810,"source_url":"https:\/\/www.dzwchafingdish.com\/wp-content\/uploads\/2024\/03\/wholesale-buffet-warmer-trays-1-768x768.webp"}}},"alt_text":"wholesale-buffet-warmer-trays","url":"","target":""},{"id":3769,"title":"wholesale-buffet-warmer-trays-6","caption":"wholesale-buffet-warmer-trays","full_image_url":"https:\/\/www.dzwchafingdish.com\/wp-content\/uploads\/2024\/03\/wholesale-buffet-warmer-trays-6.webp","thumbnail_image_url":"https:\/\/www.dzwchafingdish.com\/wp-content\/uploads\/2024\/03\/wholesale-buffet-warmer-trays-6-150x150.webp","large_srcset":"https:\/\/www.dzwchafingdish.com\/wp-content\/uploads\/2024\/03\/wholesale-buffet-warmer-trays-6.webp 800w, https:\/\/www.dzwchafingdish.com\/wp-content\/uploads\/2024\/03\/wholesale-buffet-warmer-trays-6-300x300.webp 300w, https:\/\/www.dzwchafingdish.com\/wp-content\/uploads\/2024\/03\/wholesale-buffet-warmer-trays-6-150x150.webp 150w, https:\/\/www.dzwchafingdish.com\/wp-content\/uploads\/2024\/03\/wholesale-buffet-warmer-trays-6-768x768.webp 768w","medium_srcset":"https:\/\/www.dzwchafingdish.com\/wp-content\/uploads\/2024\/03\/wholesale-buffet-warmer-trays-6-300x300.webp 300w, https:\/\/www.dzwchafingdish.com\/wp-content\/uploads\/2024\/03\/wholesale-buffet-warmer-trays-6-150x150.webp 150w, https:\/\/www.dzwchafingdish.com\/wp-content\/uploads\/2024\/03\/wholesale-buffet-warmer-trays-6-768x768.webp 768w, https:\/\/www.dzwchafingdish.com\/wp-content\/uploads\/2024\/03\/wholesale-buffet-warmer-trays-6.webp 800w","media_details":{"width":800,"height":800,"sizes":{"medium":{"file":"wholesale-buffet-warmer-trays-6-300x300.webp","width":300,"height":300,"mime-type":"image\/webp","filesize":10866,"source_url":"https:\/\/www.dzwchafingdish.com\/wp-content\/uploads\/2024\/03\/wholesale-buffet-warmer-trays-6-300x300.webp"},"thumbnail":{"file":"wholesale-buffet-warmer-trays-6-150x150.webp","width":150,"height":150,"mime-type":"image\/webp","filesize":3674,"source_url":"https:\/\/www.dzwchafingdish.com\/wp-content\/uploads\/2024\/03\/wholesale-buffet-warmer-trays-6-150x150.webp"},"medium_large":{"file":"wholesale-buffet-warmer-trays-6-768x768.webp","width":768,"height":768,"mime-type":"image\/webp","filesize":40606,"source_url":"https:\/\/www.dzwchafingdish.com\/wp-content\/uploads\/2024\/03\/wholesale-buffet-warmer-trays-6-768x768.webp"}}},"alt_text":"wholesale-buffet-warmer-trays","url":"","target":""},{"id":3768,"title":"wholesale-buffet-warmer-trays-5","caption":"wholesale-buffet-warmer-trays","full_image_url":"https:\/\/www.dzwchafingdish.com\/wp-content\/uploads\/2024\/03\/wholesale-buffet-warmer-trays-5.webp","thumbnail_image_url":"https:\/\/www.dzwchafingdish.com\/wp-content\/uploads\/2024\/03\/wholesale-buffet-warmer-trays-5-150x150.webp","large_srcset":"https:\/\/www.dzwchafingdish.com\/wp-content\/uploads\/2024\/03\/wholesale-buffet-warmer-trays-5.webp 800w, https:\/\/www.dzwchafingdish.com\/wp-content\/uploads\/2024\/03\/wholesale-buffet-warmer-trays-5-300x300.webp 300w, https:\/\/www.dzwchafingdish.com\/wp-content\/uploads\/2024\/03\/wholesale-buffet-warmer-trays-5-150x150.webp 150w, https:\/\/www.dzwchafingdish.com\/wp-content\/uploads\/2024\/03\/wholesale-buffet-warmer-trays-5-768x768.webp 768w","medium_srcset":"https:\/\/www.dzwchafingdish.com\/wp-content\/uploads\/2024\/03\/wholesale-buffet-warmer-trays-5-300x300.webp 300w, https:\/\/www.dzwchafingdish.com\/wp-content\/uploads\/2024\/03\/wholesale-buffet-warmer-trays-5-150x150.webp 150w, https:\/\/www.dzwchafingdish.com\/wp-content\/uploads\/2024\/03\/wholesale-buffet-warmer-trays-5-768x768.webp 768w, https:\/\/www.dzwchafingdish.com\/wp-content\/uploads\/2024\/03\/wholesale-buffet-warmer-trays-5.webp 800w","media_details":{"width":800,"height":800,"sizes":{"medium":{"file":"wholesale-buffet-warmer-trays-5-300x300.webp","width":300,"height":300,"mime-type":"image\/webp","filesize":7658,"source_url":"https:\/\/www.dzwchafingdish.com\/wp-content\/uploads\/2024\/03\/wholesale-buffet-warmer-trays-5-300x300.webp"},"thumbnail":{"file":"wholesale-buffet-warmer-trays-5-150x150.webp","width":150,"height":150,"mime-type":"image\/webp","filesize":2644,"source_url":"https:\/\/www.dzwchafingdish.com\/wp-content\/uploads\/2024\/03\/wholesale-buffet-warmer-trays-5-150x150.webp"},"medium_large":{"file":"wholesale-buffet-warmer-trays-5-768x768.webp","width":768,"height":768,"mime-type":"image\/webp","filesize":28460,"source_url":"https:\/\/www.dzwchafingdish.com\/wp-content\/uploads\/2024\/03\/wholesale-buffet-warmer-trays-5-768x768.webp"}}},"alt_text":"wholesale-buffet-warmer-trays","url":"","target":""},{"id":3767,"title":"wholesale-buffet-warmer-trays-4","caption":"wholesale-buffet-warmer-trays","full_image_url":"https:\/\/www.dzwchafingdish.com\/wp-content\/uploads\/2024\/03\/wholesale-buffet-warmer-trays-4.webp","thumbnail_image_url":"https:\/\/www.dzwchafingdish.com\/wp-content\/uploads\/2024\/03\/wholesale-buffet-warmer-trays-4-150x150.webp","large_srcset":"https:\/\/www.dzwchafingdish.com\/wp-content\/uploads\/2024\/03\/wholesale-buffet-warmer-trays-4.webp 800w, https:\/\/www.dzwchafingdish.com\/wp-content\/uploads\/2024\/03\/wholesale-buffet-warmer-trays-4-300x300.webp 300w, https:\/\/www.dzwchafingdish.com\/wp-content\/uploads\/2024\/03\/wholesale-buffet-warmer-trays-4-150x150.webp 150w, https:\/\/www.dzwchafingdish.com\/wp-content\/uploads\/2024\/03\/wholesale-buffet-warmer-trays-4-768x768.webp 768w","medium_srcset":"https:\/\/www.dzwchafingdish.com\/wp-content\/uploads\/2024\/03\/wholesale-buffet-warmer-trays-4-300x300.webp 300w, https:\/\/www.dzwchafingdish.com\/wp-content\/uploads\/2024\/03\/wholesale-buffet-warmer-trays-4-150x150.webp 150w, https:\/\/www.dzwchafingdish.com\/wp-content\/uploads\/2024\/03\/wholesale-buffet-warmer-trays-4-768x768.webp 768w, https:\/\/www.dzwchafingdish.com\/wp-content\/uploads\/2024\/03\/wholesale-buffet-warmer-trays-4.webp 800w","media_details":{"width":800,"height":800,"sizes":{"medium":{"file":"wholesale-buffet-warmer-trays-4-300x300.webp","width":300,"height":300,"mime-type":"image\/webp","filesize":12820,"source_url":"https:\/\/www.dzwchafingdish.com\/wp-content\/uploads\/2024\/03\/wholesale-buffet-warmer-trays-4-300x300.webp"},"thumbnail":{"file":"wholesale-buffet-warmer-trays-4-150x150.webp","width":150,"height":150,"mime-type":"image\/webp","filesize":4434,"source_url":"https:\/\/www.dzwchafingdish.com\/wp-content\/uploads\/2024\/03\/wholesale-buffet-warmer-trays-4-150x150.webp"},"medium_large":{"file":"wholesale-buffet-warmer-trays-4-768x768.webp","width":768,"height":768,"mime-type":"image\/webp","filesize":47586,"source_url":"https:\/\/www.dzwchafingdish.com\/wp-content\/uploads\/2024\/03\/wholesale-buffet-warmer-trays-4-768x768.webp"}}},"alt_text":"wholesale-buffet-warmer-trays","url":"","target":""},{"id":3765,"title":"wholesale-buffet-warmer-trays-2","caption":"wholesale-buffet-warmer-trays","full_image_url":"https:\/\/www.dzwchafingdish.com\/wp-content\/uploads\/2024\/03\/wholesale-buffet-warmer-trays-2.webp","thumbnail_image_url":"https:\/\/www.dzwchafingdish.com\/wp-content\/uploads\/2024\/03\/wholesale-buffet-warmer-trays-2-150x150.webp","large_srcset":"https:\/\/www.dzwchafingdish.com\/wp-content\/uploads\/2024\/03\/wholesale-buffet-warmer-trays-2.webp 800w, https:\/\/www.dzwchafingdish.com\/wp-content\/uploads\/2024\/03\/wholesale-buffet-warmer-trays-2-300x300.webp 300w, https:\/\/www.dzwchafingdish.com\/wp-content\/uploads\/2024\/03\/wholesale-buffet-warmer-trays-2-150x150.webp 150w, https:\/\/www.dzwchafingdish.com\/wp-content\/uploads\/2024\/03\/wholesale-buffet-warmer-trays-2-768x768.webp 768w","medium_srcset":"https:\/\/www.dzwchafingdish.com\/wp-content\/uploads\/2024\/03\/wholesale-buffet-warmer-trays-2-300x300.webp 300w, https:\/\/www.dzwchafingdish.com\/wp-content\/uploads\/2024\/03\/wholesale-buffet-warmer-trays-2-150x150.webp 150w, https:\/\/www.dzwchafingdish.com\/wp-content\/uploads\/2024\/03\/wholesale-buffet-warmer-trays-2-768x768.webp 768w, https:\/\/www.dzwchafingdish.com\/wp-content\/uploads\/2024\/03\/wholesale-buffet-warmer-trays-2.webp 800w","media_details":{"width":800,"height":800,"sizes":{"medium":{"file":"wholesale-buffet-warmer-trays-2-300x300.webp","width":300,"height":300,"mime-type":"image\/webp","filesize":12366,"source_url":"https:\/\/www.dzwchafingdish.com\/wp-content\/uploads\/2024\/03\/wholesale-buffet-warmer-trays-2-300x300.webp"},"thumbnail":{"file":"wholesale-buffet-warmer-trays-2-150x150.webp","width":150,"height":150,"mime-type":"image\/webp","filesize":4644,"source_url":"https:\/\/www.dzwchafingdish.com\/wp-content\/uploads\/2024\/03\/wholesale-buffet-warmer-trays-2-150x150.webp"},"medium_large":{"file":"wholesale-buffet-warmer-trays-2-768x768.webp","width":768,"height":768,"mime-type":"image\/webp","filesize":45368,"source_url":"https:\/\/www.dzwchafingdish.com\/wp-content\/uploads\/2024\/03\/wholesale-buffet-warmer-trays-2-768x768.webp"}}},"alt_text":"wholesale-buffet-warmer-trays","url":"","target":""}]]}},"_links":{"self":[{"href":"https:\/\/www.dzwchafingdish.com\/fr\/wp-json\/wp\/v2\/product\/3757","targetHints":{"allow":["GET"]}}],"collection":[{"href":"https:\/\/www.dzwchafingdish.com\/fr\/wp-json\/wp\/v2\/product"}],"about":[{"href":"https:\/\/www.dzwchafingdish.com\/fr\/wp-json\/wp\/v2\/types\/product"}],"author":[{"embeddable":true,"href":"https:\/\/www.dzwchafingdish.com\/fr\/wp-json\/wp\/v2\/users\/3"}],"version-history":[{"count":0,"href":"https:\/\/www.dzwchafingdish.com\/fr\/wp-json\/wp\/v2\/product\/3757\/revisions"}],"wp:featuredmedia":[{"embeddable":true,"href":"https:\/\/www.dzwchafingdish.com\/fr\/wp-json\/wp\/v2\/media\/3766"}],"wp:attachment":[{"href":"https:\/\/www.dzwchafingdish.com\/fr\/wp-json\/wp\/v2\/media?parent=3757"}],"wp:term":[{"taxonomy":"product-categories","embeddable":true,"href":"https:\/\/www.dzwchafingdish.com\/fr\/wp-json\/wp\/v2\/product-categories?post=3757"},{"taxonomy":"product-tag","embeddable":true,"href":"https:\/\/www.dzwchafingdish.com\/fr\/wp-json\/wp\/v2\/product-tag?post=3757"}],"curies":[{"name":"wp","href":"https:\/\/api.w.org\/{rel}","templated":true}]}}