{"id":3771,"date":"2024-04-07T13:43:55","date_gmt":"2024-04-07T13:43:55","guid":{"rendered":"https:\/\/www.dzwchafingdish.com\/?post_type=product&#038;p=3771"},"modified":"2024-06-15T05:10:34","modified_gmt":"2024-06-15T05:10:34","slug":"chafer-dish-set","status":"publish","type":"product","link":"https:\/\/www.dzwchafingdish.com\/fr\/product\/chafer-dish-set\/","title":{"rendered":"Wholesale Rectangular Chafer Dish Set 9L with 2 Pans and Hinged Lid"},"content":{"rendered":"<div class=\"wp-block-columns is-layout-flex wp-container-core-columns-is-layout-28f84493 wp-block-columns-is-layout-flex\">\n<div class=\"wp-block-column is-layout-flow wp-block-column-is-layout-flow\">\n<h2 class=\"wp-block-heading\"><strong>Set d'assiettes creuses Dimension<\/strong><\/h2>\n\n\n\n<figure class=\"wp-block-table\"><table><tbody><tr><td>ITEM NO.<\/td><td>TAILLE<\/td><td>LONGUEUR<\/td><td>LARGE<\/td><td>HAUTEUR<\/td><td>N.W \/SET<\/td><\/tr><tr><td>DZW-S228<\/td><td>9.0L<\/td><td>58 cm<\/td><td>45 cm<\/td><td>29 cm<\/td><td>7400 g<\/td><\/tr><tr><td>DZW-G228<\/td><td>9.0L<\/td><td>58 cm<\/td><td>45 cm<\/td><td>29 cm<\/td><td>7400 g<\/td><\/tr><\/tbody><\/table><\/figure>\n<\/div>\n\n\n\n<div class=\"wp-block-column is-layout-flow wp-block-column-is-layout-flow\">\n<figure class=\"wp-block-image size-full\"><img fetchpriority=\"high\" decoding=\"async\" width=\"800\" height=\"800\" src=\"https:\/\/www.dzwchafingdish.com\/wp-content\/uploads\/2024\/03\/custom-chafer-dish-wholesale-2.webp\" alt=\"plat \u00e0 gaufre sur mesure - vente en gros\" class=\"wp-image-3775\" srcset=\"https:\/\/www.dzwchafingdish.com\/wp-content\/uploads\/2024\/03\/custom-chafer-dish-wholesale-2.webp 800w, https:\/\/www.dzwchafingdish.com\/wp-content\/uploads\/2024\/03\/custom-chafer-dish-wholesale-2-300x300.webp 300w, https:\/\/www.dzwchafingdish.com\/wp-content\/uploads\/2024\/03\/custom-chafer-dish-wholesale-2-150x150.webp 150w, https:\/\/www.dzwchafingdish.com\/wp-content\/uploads\/2024\/03\/custom-chafer-dish-wholesale-2-768x768.webp 768w\" sizes=\"(max-width: 800px) 100vw, 800px\" \/><\/figure>\n<\/div>\n<\/div>\n\n\n\n<div class=\"wp-block-columns is-layout-flex wp-container-core-columns-is-layout-28f84493 wp-block-columns-is-layout-flex\">\n<div class=\"wp-block-column is-layout-flow wp-block-column-is-layout-flow\">\n<figure class=\"wp-block-image size-full\"><img decoding=\"async\" width=\"800\" height=\"800\" src=\"https:\/\/www.dzwchafingdish.com\/wp-content\/uploads\/2024\/03\/custom-chafer-dish-wholesale-5.webp\" alt=\"plat \u00e0 gaufre sur mesure - vente en gros\" class=\"wp-image-3777\" srcset=\"https:\/\/www.dzwchafingdish.com\/wp-content\/uploads\/2024\/03\/custom-chafer-dish-wholesale-5.webp 800w, https:\/\/www.dzwchafingdish.com\/wp-content\/uploads\/2024\/03\/custom-chafer-dish-wholesale-5-300x300.webp 300w, https:\/\/www.dzwchafingdish.com\/wp-content\/uploads\/2024\/03\/custom-chafer-dish-wholesale-5-150x150.webp 150w, https:\/\/www.dzwchafingdish.com\/wp-content\/uploads\/2024\/03\/custom-chafer-dish-wholesale-5-768x768.webp 768w\" sizes=\"(max-width: 800px) 100vw, 800px\" \/><\/figure>\n<\/div>\n\n\n\n<div class=\"wp-block-column is-layout-flow wp-block-column-is-layout-flow\">\n<h2 class=\"wp-block-heading\">Prime\u00a0<strong>Set d'assiettes de cuisine <\/strong>Caract\u00e9ristiques :<\/h2>\n\n\n\n<ul class=\"wp-block-list\">\n<li>Mat\u00e9riau de haute qualit\u00e9 : Ce plat \u00e0 corbeille est fabriqu\u00e9 en acier inoxydable 201 de haute qualit\u00e9, afin de garantir la durabilit\u00e9 du produit et sa r\u00e9sistance \u00e0 la corrosion, pour une utilisation \u00e0 long terme sans d\u00e9formation.<\/li>\n\n\n\n<li>Conception \u00e0 double plateau : Ce plat \u00e0 corbeille est \u00e9quip\u00e9 de deux plateaux et de deux po\u00eales, ce qui permet d'accommoder une vari\u00e9t\u00e9 d'aliments en m\u00eame temps, afin de diversifier les choix alimentaires lors d'un banquet ou d'un \u00e9v\u00e9nement.<\/li>\n\n\n\n<li>Conception de la coquille : La coquille est sp\u00e9cialement con\u00e7ue pour permettre une alimentation et un retrait rapides et pratiques, rendant le service de buffet plus pratique et plus efficace.<\/li>\n\n\n\n<li>Design luxueux : L'apparence de ce plat \u00e0 hochets est exquise et \u00e0 la mode, soulignant le sens du luxe, ajoutant une atmosph\u00e8re haut de gamme \u00e0 votre banquet ou \u00e9v\u00e9nement, de sorte que les invit\u00e9s se sentent honor\u00e9s et \u00e0 l'aise pendant qu'ils d\u00e9gustent des plats.<\/li>\n<\/ul>\n<\/div>\n<\/div>","protected":false},"excerpt":{"rendered":"<p>Set d'assiettes creuses Dimension ITEM NO. DZW-S228 9.0L 58 cm 45 cm 29 cm 7400 g DZW-G228 9.0L 58 cm 45 cm 29 cm 7400 g Premium Chafer Dish Set Features :<\/p>","protected":false},"author":3,"featured_media":3776,"parent":0,"menu_order":0,"template":"","format":"standard","meta":{"_acf_changed":false,"site-sidebar-layout":"default","site-content-layout":"","ast-site-content-layout":"default","site-content-style":"default","site-sidebar-style":"default","ast-global-header-display":"","ast-banner-title-visibility":"","ast-main-header-display":"","ast-hfb-above-header-display":"","ast-hfb-below-header-display":"","ast-hfb-mobile-header-display":"","site-post-title":"","ast-breadcrumbs-content":"","ast-featured-img":"","footer-sml-layout":"","theme-transparent-header-meta":"","adv-header-id-meta":"","stick-header-meta":"","header-above-stick-meta":"","header-main-stick-meta":"","header-below-stick-meta":"","astra-migrate-meta-layouts":"default","ast-page-background-enabled":"default","ast-page-background-meta":{"desktop":{"background-color":"var(--ast-global-color-4)","background-image":"","background-repeat":"repeat","background-position":"center center","background-size":"auto","background-attachment":"scroll","background-type":"","background-media":"","overlay-type":"","overlay-color":"","overlay-opacity":"","overlay-gradient":""},"tablet":{"background-color":"","background-image":"","background-repeat":"repeat","background-position":"center center","background-size":"auto","background-attachment":"scroll","background-type":"","background-media":"","overlay-type":"","overlay-color":"","overlay-opacity":"","overlay-gradient":""},"mobile":{"background-color":"","background-image":"","background-repeat":"repeat","background-position":"center center","background-size":"auto","background-attachment":"scroll","background-type":"","background-media":"","overlay-type":"","overlay-color":"","overlay-opacity":"","overlay-gradient":""}},"ast-content-background-meta":{"desktop":{"background-color":"var(--ast-global-color-5)","background-image":"","background-repeat":"repeat","background-position":"center center","background-size":"auto","background-attachment":"scroll","background-type":"","background-media":"","overlay-type":"","overlay-color":"","overlay-opacity":"","overlay-gradient":""},"tablet":{"background-color":"var(--ast-global-color-5)","background-image":"","background-repeat":"repeat","background-position":"center center","background-size":"auto","background-attachment":"scroll","background-type":"","background-media":"","overlay-type":"","overlay-color":"","overlay-opacity":"","overlay-gradient":""},"mobile":{"background-color":"var(--ast-global-color-5)","background-image":"","background-repeat":"repeat","background-position":"center center","background-size":"auto","background-attachment":"scroll","background-type":"","background-media":"","overlay-type":"","overlay-color":"","overlay-opacity":"","overlay-gradient":""}},"footnotes":""},"product-categories":[63],"product-tag":[96,89,90,93],"class_list":["post-3771","product","type-product","status-publish","format-standard","has-post-thumbnail","hentry","product-categories-chafing-dish","product-tag-chafing-dish-with-hinged-lid","product-tag-electric-chafing-dish","product-tag-fuel-chafing-dish","product-tag-rectangular-chafing-dish"],"acf":{"title":"Wholesale Rectangular Chafer Dish Set 9L with 2 Pans and Hinged Lid","title_source":{"label":"Title","type":"text","formatted_value":"Wholesale Rectangular Chafer Dish Set 9L with 2 Pans and Hinged Lid"},"short_description":"Factory direct sales, oem and odm support. Chafer dish set with hinged lid, stylish gold and silver for a more advanced look. We offer factory pricing solutions to help your catering business succeed.","short_description_source":{"label":"Short description","type":"textarea","formatted_value":"Factory direct sales, oem and odm support. Chafer dish set with hinged lid, stylish gold and silver for a more advanced look. We offer factory pricing solutions to help your catering business succeed."},"parameters":"<table border=\"0\" width=\"275\" cellspacing=\"0\" cellpadding=\"0\">\r\n<tbody>\r\n<tr>\r\n<td width=\"108\" height=\"17\">Manufacturer<\/td>\r\n<td width=\"167\">DONGZHAOWEI<\/td>\r\n<\/tr>\r\n<tr>\r\n<td height=\"17\">Material<\/td>\r\n<td>Stainless Steel 201 + Glass<\/td>\r\n<\/tr>\r\n<tr>\r\n<td height=\"17\">Capacity<\/td>\r\n<td>9.0L<\/td>\r\n<\/tr>\r\n<tr>\r\n<td height=\"17\">Color<\/td>\r\n<td>Golden \/ Silver<\/td>\r\n<\/tr>\r\n<tr>\r\n<td height=\"17\">Design<\/td>\r\n<td>Rectangular<\/td>\r\n<\/tr>\r\n<tr>\r\n<td height=\"17\">Tray<\/td>\r\n<td>No divided \/ Divided tray<\/td>\r\n<\/tr>\r\n<tr>\r\n<td height=\"17\">Lid type<\/td>\r\n<td>Glass lid<\/td>\r\n<\/tr>\r\n<tr>\r\n<td height=\"17\">Heat<\/td>\r\n<td>Fuel\/Electric<\/td>\r\n<\/tr>\r\n<tr>\r\n<td height=\"17\">Custom<\/td>\r\n<td>Color\/Logo\/Package<\/td>\r\n<\/tr>\r\n<\/tbody>\r\n<\/table>","parameters_source":{"label":"Parameters","type":"wysiwyg","formatted_value":"<table border=\"0\" width=\"275\" cellspacing=\"0\" cellpadding=\"0\">\n<tbody>\n<tr>\n<td width=\"108\" height=\"17\">Manufacturer<\/td>\n<td width=\"167\">DONGZHAOWEI<\/td>\n<\/tr>\n<tr>\n<td height=\"17\">Material<\/td>\n<td>Stainless Steel 201 + Glass<\/td>\n<\/tr>\n<tr>\n<td height=\"17\">Capacity<\/td>\n<td>9.0L<\/td>\n<\/tr>\n<tr>\n<td height=\"17\">Color<\/td>\n<td>Golden \/ Silver<\/td>\n<\/tr>\n<tr>\n<td height=\"17\">Design<\/td>\n<td>Rectangular<\/td>\n<\/tr>\n<tr>\n<td height=\"17\">Tray<\/td>\n<td>No divided \/ Divided tray<\/td>\n<\/tr>\n<tr>\n<td height=\"17\">Lid type<\/td>\n<td>Glass lid<\/td>\n<\/tr>\n<tr>\n<td height=\"17\">Heat<\/td>\n<td>Fuel\/Electric<\/td>\n<\/tr>\n<tr>\n<td height=\"17\">Custom<\/td>\n<td>Color\/Logo\/Package<\/td>\n<\/tr>\n<\/tbody>\n<\/table>\n"},"photo_gallery":{"product_gallery":[[{"id":3776,"title":"custom-chafer-dish-wholesale-3","caption":"custom-chafer-dish-wholesale","full_image_url":"https:\/\/www.dzwchafingdish.com\/wp-content\/uploads\/2024\/03\/custom-chafer-dish-wholesale-3.webp","thumbnail_image_url":"https:\/\/www.dzwchafingdish.com\/wp-content\/uploads\/2024\/03\/custom-chafer-dish-wholesale-3-150x150.webp","large_srcset":"https:\/\/www.dzwchafingdish.com\/wp-content\/uploads\/2024\/03\/custom-chafer-dish-wholesale-3.webp 800w, https:\/\/www.dzwchafingdish.com\/wp-content\/uploads\/2024\/03\/custom-chafer-dish-wholesale-3-300x300.webp 300w, https:\/\/www.dzwchafingdish.com\/wp-content\/uploads\/2024\/03\/custom-chafer-dish-wholesale-3-150x150.webp 150w, https:\/\/www.dzwchafingdish.com\/wp-content\/uploads\/2024\/03\/custom-chafer-dish-wholesale-3-768x768.webp 768w","medium_srcset":"https:\/\/www.dzwchafingdish.com\/wp-content\/uploads\/2024\/03\/custom-chafer-dish-wholesale-3-300x300.webp 300w, https:\/\/www.dzwchafingdish.com\/wp-content\/uploads\/2024\/03\/custom-chafer-dish-wholesale-3-150x150.webp 150w, https:\/\/www.dzwchafingdish.com\/wp-content\/uploads\/2024\/03\/custom-chafer-dish-wholesale-3-768x768.webp 768w, https:\/\/www.dzwchafingdish.com\/wp-content\/uploads\/2024\/03\/custom-chafer-dish-wholesale-3.webp 800w","media_details":{"width":800,"height":800,"sizes":{"medium":{"file":"custom-chafer-dish-wholesale-3-300x300.webp","width":300,"height":300,"mime-type":"image\/webp","filesize":9956,"source_url":"https:\/\/www.dzwchafingdish.com\/wp-content\/uploads\/2024\/03\/custom-chafer-dish-wholesale-3-300x300.webp"},"thumbnail":{"file":"custom-chafer-dish-wholesale-3-150x150.webp","width":150,"height":150,"mime-type":"image\/webp","filesize":3570,"source_url":"https:\/\/www.dzwchafingdish.com\/wp-content\/uploads\/2024\/03\/custom-chafer-dish-wholesale-3-150x150.webp"},"medium_large":{"file":"custom-chafer-dish-wholesale-3-768x768.webp","width":768,"height":768,"mime-type":"image\/webp","filesize":36022,"source_url":"https:\/\/www.dzwchafingdish.com\/wp-content\/uploads\/2024\/03\/custom-chafer-dish-wholesale-3-768x768.webp"}}},"alt_text":"custom-chafer-dish-wholesale","url":"","target":""},{"id":3774,"title":"custom-chafer-dish-wholesale-1","caption":"custom-chafer-dish-wholesale","full_image_url":"https:\/\/www.dzwchafingdish.com\/wp-content\/uploads\/2024\/03\/custom-chafer-dish-wholesale-1.webp","thumbnail_image_url":"https:\/\/www.dzwchafingdish.com\/wp-content\/uploads\/2024\/03\/custom-chafer-dish-wholesale-1-150x150.webp","large_srcset":"https:\/\/www.dzwchafingdish.com\/wp-content\/uploads\/2024\/03\/custom-chafer-dish-wholesale-1.webp 800w, https:\/\/www.dzwchafingdish.com\/wp-content\/uploads\/2024\/03\/custom-chafer-dish-wholesale-1-300x300.webp 300w, https:\/\/www.dzwchafingdish.com\/wp-content\/uploads\/2024\/03\/custom-chafer-dish-wholesale-1-150x150.webp 150w, https:\/\/www.dzwchafingdish.com\/wp-content\/uploads\/2024\/03\/custom-chafer-dish-wholesale-1-768x768.webp 768w","medium_srcset":"https:\/\/www.dzwchafingdish.com\/wp-content\/uploads\/2024\/03\/custom-chafer-dish-wholesale-1-300x300.webp 300w, https:\/\/www.dzwchafingdish.com\/wp-content\/uploads\/2024\/03\/custom-chafer-dish-wholesale-1-150x150.webp 150w, https:\/\/www.dzwchafingdish.com\/wp-content\/uploads\/2024\/03\/custom-chafer-dish-wholesale-1-768x768.webp 768w, https:\/\/www.dzwchafingdish.com\/wp-content\/uploads\/2024\/03\/custom-chafer-dish-wholesale-1.webp 800w","media_details":{"width":800,"height":800,"sizes":{"medium":{"file":"custom-chafer-dish-wholesale-1-300x300.webp","width":300,"height":300,"mime-type":"image\/webp","filesize":10870,"source_url":"https:\/\/www.dzwchafingdish.com\/wp-content\/uploads\/2024\/03\/custom-chafer-dish-wholesale-1-300x300.webp"},"thumbnail":{"file":"custom-chafer-dish-wholesale-1-150x150.webp","width":150,"height":150,"mime-type":"image\/webp","filesize":4038,"source_url":"https:\/\/www.dzwchafingdish.com\/wp-content\/uploads\/2024\/03\/custom-chafer-dish-wholesale-1-150x150.webp"},"medium_large":{"file":"custom-chafer-dish-wholesale-1-768x768.webp","width":768,"height":768,"mime-type":"image\/webp","filesize":36958,"source_url":"https:\/\/www.dzwchafingdish.com\/wp-content\/uploads\/2024\/03\/custom-chafer-dish-wholesale-1-768x768.webp"}}},"alt_text":"custom-chafer-dish-wholesale","url":"","target":""},{"id":3775,"title":"custom-chafer-dish-wholesale-2","caption":"custom-chafer-dish-wholesale","full_image_url":"https:\/\/www.dzwchafingdish.com\/wp-content\/uploads\/2024\/03\/custom-chafer-dish-wholesale-2.webp","thumbnail_image_url":"https:\/\/www.dzwchafingdish.com\/wp-content\/uploads\/2024\/03\/custom-chafer-dish-wholesale-2-150x150.webp","large_srcset":"https:\/\/www.dzwchafingdish.com\/wp-content\/uploads\/2024\/03\/custom-chafer-dish-wholesale-2.webp 800w, https:\/\/www.dzwchafingdish.com\/wp-content\/uploads\/2024\/03\/custom-chafer-dish-wholesale-2-300x300.webp 300w, https:\/\/www.dzwchafingdish.com\/wp-content\/uploads\/2024\/03\/custom-chafer-dish-wholesale-2-150x150.webp 150w, https:\/\/www.dzwchafingdish.com\/wp-content\/uploads\/2024\/03\/custom-chafer-dish-wholesale-2-768x768.webp 768w","medium_srcset":"https:\/\/www.dzwchafingdish.com\/wp-content\/uploads\/2024\/03\/custom-chafer-dish-wholesale-2-300x300.webp 300w, https:\/\/www.dzwchafingdish.com\/wp-content\/uploads\/2024\/03\/custom-chafer-dish-wholesale-2-150x150.webp 150w, https:\/\/www.dzwchafingdish.com\/wp-content\/uploads\/2024\/03\/custom-chafer-dish-wholesale-2-768x768.webp 768w, https:\/\/www.dzwchafingdish.com\/wp-content\/uploads\/2024\/03\/custom-chafer-dish-wholesale-2.webp 800w","media_details":{"width":800,"height":800,"sizes":{"medium":{"file":"custom-chafer-dish-wholesale-2-300x300.webp","width":300,"height":300,"mime-type":"image\/webp","filesize":12492,"source_url":"https:\/\/www.dzwchafingdish.com\/wp-content\/uploads\/2024\/03\/custom-chafer-dish-wholesale-2-300x300.webp"},"thumbnail":{"file":"custom-chafer-dish-wholesale-2-150x150.webp","width":150,"height":150,"mime-type":"image\/webp","filesize":4606,"source_url":"https:\/\/www.dzwchafingdish.com\/wp-content\/uploads\/2024\/03\/custom-chafer-dish-wholesale-2-150x150.webp"},"medium_large":{"file":"custom-chafer-dish-wholesale-2-768x768.webp","width":768,"height":768,"mime-type":"image\/webp","filesize":47054,"source_url":"https:\/\/www.dzwchafingdish.com\/wp-content\/uploads\/2024\/03\/custom-chafer-dish-wholesale-2-768x768.webp"}}},"alt_text":"custom-chafer-dish-wholesale","url":"","target":""},{"id":3777,"title":"custom-chafer-dish-wholesale-5","caption":"custom-chafer-dish-wholesale","full_image_url":"https:\/\/www.dzwchafingdish.com\/wp-content\/uploads\/2024\/03\/custom-chafer-dish-wholesale-5.webp","thumbnail_image_url":"https:\/\/www.dzwchafingdish.com\/wp-content\/uploads\/2024\/03\/custom-chafer-dish-wholesale-5-150x150.webp","large_srcset":"https:\/\/www.dzwchafingdish.com\/wp-content\/uploads\/2024\/03\/custom-chafer-dish-wholesale-5.webp 800w, https:\/\/www.dzwchafingdish.com\/wp-content\/uploads\/2024\/03\/custom-chafer-dish-wholesale-5-300x300.webp 300w, https:\/\/www.dzwchafingdish.com\/wp-content\/uploads\/2024\/03\/custom-chafer-dish-wholesale-5-150x150.webp 150w, https:\/\/www.dzwchafingdish.com\/wp-content\/uploads\/2024\/03\/custom-chafer-dish-wholesale-5-768x768.webp 768w","medium_srcset":"https:\/\/www.dzwchafingdish.com\/wp-content\/uploads\/2024\/03\/custom-chafer-dish-wholesale-5-300x300.webp 300w, https:\/\/www.dzwchafingdish.com\/wp-content\/uploads\/2024\/03\/custom-chafer-dish-wholesale-5-150x150.webp 150w, https:\/\/www.dzwchafingdish.com\/wp-content\/uploads\/2024\/03\/custom-chafer-dish-wholesale-5-768x768.webp 768w, https:\/\/www.dzwchafingdish.com\/wp-content\/uploads\/2024\/03\/custom-chafer-dish-wholesale-5.webp 800w","media_details":{"width":800,"height":800,"sizes":{"medium":{"file":"custom-chafer-dish-wholesale-5-300x300.webp","width":300,"height":300,"mime-type":"image\/webp","filesize":9580,"source_url":"https:\/\/www.dzwchafingdish.com\/wp-content\/uploads\/2024\/03\/custom-chafer-dish-wholesale-5-300x300.webp"},"thumbnail":{"file":"custom-chafer-dish-wholesale-5-150x150.webp","width":150,"height":150,"mime-type":"image\/webp","filesize":3386,"source_url":"https:\/\/www.dzwchafingdish.com\/wp-content\/uploads\/2024\/03\/custom-chafer-dish-wholesale-5-150x150.webp"},"medium_large":{"file":"custom-chafer-dish-wholesale-5-768x768.webp","width":768,"height":768,"mime-type":"image\/webp","filesize":33574,"source_url":"https:\/\/www.dzwchafingdish.com\/wp-content\/uploads\/2024\/03\/custom-chafer-dish-wholesale-5-768x768.webp"}}},"alt_text":"custom-chafer-dish-wholesale","url":"","target":""},{"id":3773,"title":"custom-chafer-dish-wholesale-","caption":"custom-chafer-dish-wholesale","full_image_url":"https:\/\/www.dzwchafingdish.com\/wp-content\/uploads\/2024\/03\/custom-chafer-dish-wholesale-.webp","thumbnail_image_url":"https:\/\/www.dzwchafingdish.com\/wp-content\/uploads\/2024\/03\/custom-chafer-dish-wholesale--150x150.webp","large_srcset":"https:\/\/www.dzwchafingdish.com\/wp-content\/uploads\/2024\/03\/custom-chafer-dish-wholesale-.webp 800w, https:\/\/www.dzwchafingdish.com\/wp-content\/uploads\/2024\/03\/custom-chafer-dish-wholesale--300x300.webp 300w, https:\/\/www.dzwchafingdish.com\/wp-content\/uploads\/2024\/03\/custom-chafer-dish-wholesale--150x150.webp 150w, https:\/\/www.dzwchafingdish.com\/wp-content\/uploads\/2024\/03\/custom-chafer-dish-wholesale--768x768.webp 768w","medium_srcset":"https:\/\/www.dzwchafingdish.com\/wp-content\/uploads\/2024\/03\/custom-chafer-dish-wholesale--300x300.webp 300w, https:\/\/www.dzwchafingdish.com\/wp-content\/uploads\/2024\/03\/custom-chafer-dish-wholesale--150x150.webp 150w, https:\/\/www.dzwchafingdish.com\/wp-content\/uploads\/2024\/03\/custom-chafer-dish-wholesale--768x768.webp 768w, https:\/\/www.dzwchafingdish.com\/wp-content\/uploads\/2024\/03\/custom-chafer-dish-wholesale-.webp 800w","media_details":{"width":800,"height":800,"sizes":{"medium":{"file":"custom-chafer-dish-wholesale--300x300.webp","width":300,"height":300,"mime-type":"image\/webp","filesize":13634,"source_url":"https:\/\/www.dzwchafingdish.com\/wp-content\/uploads\/2024\/03\/custom-chafer-dish-wholesale--300x300.webp"},"thumbnail":{"file":"custom-chafer-dish-wholesale--150x150.webp","width":150,"height":150,"mime-type":"image\/webp","filesize":4446,"source_url":"https:\/\/www.dzwchafingdish.com\/wp-content\/uploads\/2024\/03\/custom-chafer-dish-wholesale--150x150.webp"},"medium_large":{"file":"custom-chafer-dish-wholesale--768x768.webp","width":768,"height":768,"mime-type":"image\/webp","filesize":54892,"source_url":"https:\/\/www.dzwchafingdish.com\/wp-content\/uploads\/2024\/03\/custom-chafer-dish-wholesale--768x768.webp"}}},"alt_text":"custom-chafer-dish-wholesale","url":"","target":""},{"id":3778,"title":"custom-chafer-dish-wholesale-6","caption":"custom-chafer-dish-wholesale","full_image_url":"https:\/\/www.dzwchafingdish.com\/wp-content\/uploads\/2024\/03\/custom-chafer-dish-wholesale-6.webp","thumbnail_image_url":"https:\/\/www.dzwchafingdish.com\/wp-content\/uploads\/2024\/03\/custom-chafer-dish-wholesale-6-150x150.webp","large_srcset":"https:\/\/www.dzwchafingdish.com\/wp-content\/uploads\/2024\/03\/custom-chafer-dish-wholesale-6.webp 800w, https:\/\/www.dzwchafingdish.com\/wp-content\/uploads\/2024\/03\/custom-chafer-dish-wholesale-6-300x300.webp 300w, https:\/\/www.dzwchafingdish.com\/wp-content\/uploads\/2024\/03\/custom-chafer-dish-wholesale-6-150x150.webp 150w, https:\/\/www.dzwchafingdish.com\/wp-content\/uploads\/2024\/03\/custom-chafer-dish-wholesale-6-768x768.webp 768w","medium_srcset":"https:\/\/www.dzwchafingdish.com\/wp-content\/uploads\/2024\/03\/custom-chafer-dish-wholesale-6-300x300.webp 300w, https:\/\/www.dzwchafingdish.com\/wp-content\/uploads\/2024\/03\/custom-chafer-dish-wholesale-6-150x150.webp 150w, https:\/\/www.dzwchafingdish.com\/wp-content\/uploads\/2024\/03\/custom-chafer-dish-wholesale-6-768x768.webp 768w, https:\/\/www.dzwchafingdish.com\/wp-content\/uploads\/2024\/03\/custom-chafer-dish-wholesale-6.webp 800w","media_details":{"width":800,"height":800,"sizes":{"medium":{"file":"custom-chafer-dish-wholesale-6-300x300.webp","width":300,"height":300,"mime-type":"image\/webp","filesize":5440,"source_url":"https:\/\/www.dzwchafingdish.com\/wp-content\/uploads\/2024\/03\/custom-chafer-dish-wholesale-6-300x300.webp"},"thumbnail":{"file":"custom-chafer-dish-wholesale-6-150x150.webp","width":150,"height":150,"mime-type":"image\/webp","filesize":2106,"source_url":"https:\/\/www.dzwchafingdish.com\/wp-content\/uploads\/2024\/03\/custom-chafer-dish-wholesale-6-150x150.webp"},"medium_large":{"file":"custom-chafer-dish-wholesale-6-768x768.webp","width":768,"height":768,"mime-type":"image\/webp","filesize":18258,"source_url":"https:\/\/www.dzwchafingdish.com\/wp-content\/uploads\/2024\/03\/custom-chafer-dish-wholesale-6-768x768.webp"}}},"alt_text":"custom-chafer-dish-wholesale","url":"","target":""}]]}},"_links":{"self":[{"href":"https:\/\/www.dzwchafingdish.com\/fr\/wp-json\/wp\/v2\/product\/3771","targetHints":{"allow":["GET"]}}],"collection":[{"href":"https:\/\/www.dzwchafingdish.com\/fr\/wp-json\/wp\/v2\/product"}],"about":[{"href":"https:\/\/www.dzwchafingdish.com\/fr\/wp-json\/wp\/v2\/types\/product"}],"author":[{"embeddable":true,"href":"https:\/\/www.dzwchafingdish.com\/fr\/wp-json\/wp\/v2\/users\/3"}],"version-history":[{"count":0,"href":"https:\/\/www.dzwchafingdish.com\/fr\/wp-json\/wp\/v2\/product\/3771\/revisions"}],"wp:featuredmedia":[{"embeddable":true,"href":"https:\/\/www.dzwchafingdish.com\/fr\/wp-json\/wp\/v2\/media\/3776"}],"wp:attachment":[{"href":"https:\/\/www.dzwchafingdish.com\/fr\/wp-json\/wp\/v2\/media?parent=3771"}],"wp:term":[{"taxonomy":"product-categories","embeddable":true,"href":"https:\/\/www.dzwchafingdish.com\/fr\/wp-json\/wp\/v2\/product-categories?post=3771"},{"taxonomy":"product-tag","embeddable":true,"href":"https:\/\/www.dzwchafingdish.com\/fr\/wp-json\/wp\/v2\/product-tag?post=3771"}],"curies":[{"name":"wp","href":"https:\/\/api.w.org\/{rel}","templated":true}]}}