{"id":3788,"date":"2024-04-16T01:50:26","date_gmt":"2024-04-16T01:50:26","guid":{"rendered":"https:\/\/www.dzwchafingdish.com\/?post_type=product&#038;p=3788"},"modified":"2024-06-15T05:09:31","modified_gmt":"2024-06-15T05:09:31","slug":"chafing-dish-buffet","status":"publish","type":"product","link":"https:\/\/www.dzwchafingdish.com\/fr\/product\/chafing-dish-buffet\/","title":{"rendered":"Wholesale Rectangle Chafing Dish Buffet 9L avec Roll Top Lid"},"content":{"rendered":"<div class=\"wp-block-columns is-layout-flex wp-container-core-columns-is-layout-28f84493 wp-block-columns-is-layout-flex\">\n<div class=\"wp-block-column is-vertically-aligned-center is-layout-flow wp-block-column-is-layout-flow\">\n<h2 class=\"wp-block-heading\"><strong>Dimension du buffet de chafing dish : <\/strong><\/h2>\n\n\n\n<figure class=\"wp-block-table\"><table><tbody><tr><td>ITEM NO.<\/td><td>TAILLE<\/td><td>LONGUEUR<\/td><td>LARGE<\/td><td>HAUTEUR<\/td><td>N.W \/SET<\/td><\/tr><tr><td>DZW-S723<\/td><td>9.0L<\/td><td>64 cm<\/td><td>46 cm<\/td><td>45 cm<\/td><td>7800 g<\/td><\/tr><tr><td>DZW-H723<\/td><td>9.0L<\/td><td>64 cm<\/td><td>46 cm<\/td><td>45 cm<\/td><td>7800 g<\/td><\/tr><tr><td>DZW-G723<\/td><td>9.0L<\/td><td>64 cm<\/td><td>46 cm<\/td><td>45 cm<\/td><td>7800 g<\/td><\/tr><\/tbody><\/table><\/figure>\n<\/div>\n\n\n\n<div class=\"wp-block-column is-layout-flow wp-block-column-is-layout-flow\">\n<figure class=\"wp-block-image aligncenter size-full is-resized\"><img fetchpriority=\"high\" decoding=\"async\" width=\"800\" height=\"800\" src=\"https:\/\/www.dzwchafingdish.com\/wp-content\/uploads\/2024\/03\/wholesale-food-warmers-for-parties-5.webp\" alt=\"Grossistes en produits alimentaires - r\u00e9chauffeurs pour f\u00eates\" class=\"wp-image-3793\" style=\"width:398px;height:auto\" srcset=\"https:\/\/www.dzwchafingdish.com\/wp-content\/uploads\/2024\/03\/wholesale-food-warmers-for-parties-5.webp 800w, https:\/\/www.dzwchafingdish.com\/wp-content\/uploads\/2024\/03\/wholesale-food-warmers-for-parties-5-300x300.webp 300w, https:\/\/www.dzwchafingdish.com\/wp-content\/uploads\/2024\/03\/wholesale-food-warmers-for-parties-5-150x150.webp 150w, https:\/\/www.dzwchafingdish.com\/wp-content\/uploads\/2024\/03\/wholesale-food-warmers-for-parties-5-768x768.webp 768w\" sizes=\"(max-width: 800px) 100vw, 800px\" \/><\/figure>\n<\/div>\n<\/div>\n\n\n\n<div class=\"wp-block-columns is-layout-flex wp-container-core-columns-is-layout-28f84493 wp-block-columns-is-layout-flex\">\n<div class=\"wp-block-column is-layout-flow wp-block-column-is-layout-flow\">\n<figure class=\"wp-block-image size-full is-resized\"><img decoding=\"async\" width=\"800\" height=\"800\" src=\"https:\/\/www.dzwchafingdish.com\/wp-content\/uploads\/2024\/03\/wholesale-food-warmers-for-parties-7.webp\" alt=\"Grossistes en produits alimentaires - r\u00e9chauffeurs pour f\u00eates\" class=\"wp-image-3795\" style=\"width:451px;height:auto\" srcset=\"https:\/\/www.dzwchafingdish.com\/wp-content\/uploads\/2024\/03\/wholesale-food-warmers-for-parties-7.webp 800w, https:\/\/www.dzwchafingdish.com\/wp-content\/uploads\/2024\/03\/wholesale-food-warmers-for-parties-7-300x300.webp 300w, https:\/\/www.dzwchafingdish.com\/wp-content\/uploads\/2024\/03\/wholesale-food-warmers-for-parties-7-150x150.webp 150w, https:\/\/www.dzwchafingdish.com\/wp-content\/uploads\/2024\/03\/wholesale-food-warmers-for-parties-7-768x768.webp 768w\" sizes=\"(max-width: 800px) 100vw, 800px\" \/><\/figure>\n<\/div>\n\n\n\n<div class=\"wp-block-column is-vertically-aligned-center is-layout-flow wp-block-column-is-layout-flow\">\n<h2 class=\"wp-block-heading\">Caract\u00e9ristiques <strong>Buffet de chafing dish<\/strong>:<\/h2>\n\n\n\n<ul class=\"wp-block-list\">\n<li>Fabrication de mat\u00e9riaux de haute qualit\u00e9 : L'utilisation de mat\u00e9riaux de haute qualit\u00e9 garantit la durabilit\u00e9 et la stabilit\u00e9 du produit, qui ne se d\u00e9forme pas facilement en cas d'utilisation prolong\u00e9e.<\/li>\n\n\n\n<li>Conception unique : Ces chauffe-plats pour f\u00eates sont faciles \u00e0 utiliser gr\u00e2ce \u00e0 un couvercle roulant. Les plateaux simples et doubles peuvent \u00eatre personnalis\u00e9s pour ajouter un charme unique \u00e0 une f\u00eate ou \u00e0 un rassemblement.<\/li>\n\n\n\n<li>Aspect luxueux : L'aspect de ces chauffe-plats pour les f\u00eates est magnifiquement con\u00e7u pour montrer un luxe haut de gamme et attirer l'attention.<\/li>\n\n\n\n<li>Largement applicable : non seulement pour toutes sortes de f\u00eates et de rassemblements, mais aussi pour les restaurants, les h\u00f4tels et d'autres occasions.<\/li>\n<\/ul>\n<\/div>\n<\/div>","protected":false},"excerpt":{"rendered":"<p>Dimensions de la marmite \u00e0 frire Buffet : ITEM NO. DZW-S723 9.0L 64 cm 46 cm 45 cm 7800 g DZW-H723 9.0L 64 cm 46 cm 45 cm 7800 g DZW-G723 9.0L 64 cm 46 cm 45 cm 7800 g Caract\u00e9ristiques de la marmite \u00e0 sauce :<\/p>","protected":false},"author":3,"featured_media":3790,"parent":0,"menu_order":0,"template":"","format":"standard","meta":{"_acf_changed":false,"site-sidebar-layout":"default","site-content-layout":"","ast-site-content-layout":"default","site-content-style":"default","site-sidebar-style":"default","ast-global-header-display":"","ast-banner-title-visibility":"","ast-main-header-display":"","ast-hfb-above-header-display":"","ast-hfb-below-header-display":"","ast-hfb-mobile-header-display":"","site-post-title":"","ast-breadcrumbs-content":"","ast-featured-img":"","footer-sml-layout":"","theme-transparent-header-meta":"","adv-header-id-meta":"","stick-header-meta":"","header-above-stick-meta":"","header-main-stick-meta":"","header-below-stick-meta":"","astra-migrate-meta-layouts":"default","ast-page-background-enabled":"default","ast-page-background-meta":{"desktop":{"background-color":"var(--ast-global-color-4)","background-image":"","background-repeat":"repeat","background-position":"center center","background-size":"auto","background-attachment":"scroll","background-type":"","background-media":"","overlay-type":"","overlay-color":"","overlay-opacity":"","overlay-gradient":""},"tablet":{"background-color":"","background-image":"","background-repeat":"repeat","background-position":"center center","background-size":"auto","background-attachment":"scroll","background-type":"","background-media":"","overlay-type":"","overlay-color":"","overlay-opacity":"","overlay-gradient":""},"mobile":{"background-color":"","background-image":"","background-repeat":"repeat","background-position":"center center","background-size":"auto","background-attachment":"scroll","background-type":"","background-media":"","overlay-type":"","overlay-color":"","overlay-opacity":"","overlay-gradient":""}},"ast-content-background-meta":{"desktop":{"background-color":"var(--ast-global-color-5)","background-image":"","background-repeat":"repeat","background-position":"center center","background-size":"auto","background-attachment":"scroll","background-type":"","background-media":"","overlay-type":"","overlay-color":"","overlay-opacity":"","overlay-gradient":""},"tablet":{"background-color":"var(--ast-global-color-5)","background-image":"","background-repeat":"repeat","background-position":"center center","background-size":"auto","background-attachment":"scroll","background-type":"","background-media":"","overlay-type":"","overlay-color":"","overlay-opacity":"","overlay-gradient":""},"mobile":{"background-color":"var(--ast-global-color-5)","background-image":"","background-repeat":"repeat","background-position":"center center","background-size":"auto","background-attachment":"scroll","background-type":"","background-media":"","overlay-type":"","overlay-color":"","overlay-opacity":"","overlay-gradient":""}},"footnotes":""},"product-categories":[63],"product-tag":[96,90,93],"class_list":["post-3788","product","type-product","status-publish","format-standard","has-post-thumbnail","hentry","product-categories-chafing-dish","product-tag-chafing-dish-with-hinged-lid","product-tag-fuel-chafing-dish","product-tag-rectangular-chafing-dish"],"acf":{"title":"Wholesale Rectangle Chafing Dish Buffet 9L avec Roll Top Lid","title_source":{"label":"Title","type":"text","formatted_value":"Wholesale Rectangle Chafing Dish Buffet 9L with Roll Top Lid"},"short_description":"Wholesale stainless steel chafing dish buffet, which with rectangular appearance and roll lid design. We offer OEM custom service and wholesale a range of luxury chafing dish for catering, welcome contact us for factory prices now.","short_description_source":{"label":"Short description","type":"textarea","formatted_value":"Wholesale stainless steel chafing dish buffet, which with rectangular appearance and roll lid design. We offer OEM custom service and wholesale a range of luxury chafing dish for catering, welcome contact us for factory prices now."},"parameters":"<table border=\"0\" width=\"275\" cellspacing=\"0\" cellpadding=\"0\">\r\n<tbody>\r\n<tr>\r\n<td width=\"108\" height=\"17\">Manufacturer<\/td>\r\n<td width=\"167\">DONGZHAOWEI<\/td>\r\n<\/tr>\r\n<tr>\r\n<td height=\"17\">Material<\/td>\r\n<td>Stainless Steel 201<\/td>\r\n<\/tr>\r\n<tr>\r\n<td height=\"17\">Capacity<\/td>\r\n<td>9.0L<\/td>\r\n<\/tr>\r\n<tr>\r\n<td height=\"17\">Color<\/td>\r\n<td>Golden\/ Half Golden\/ Silver<\/td>\r\n<\/tr>\r\n<tr>\r\n<td height=\"17\">Design<\/td>\r\n<td>Rectangular<\/td>\r\n<\/tr>\r\n<tr>\r\n<td height=\"17\">Tray<\/td>\r\n<td>No divided \/ Divided tray<\/td>\r\n<\/tr>\r\n<tr>\r\n<td height=\"17\">Lid type<\/td>\r\n<td>Roll Top lid<\/td>\r\n<\/tr>\r\n<tr>\r\n<td height=\"17\">Heat<\/td>\r\n<td>Fuel<\/td>\r\n<\/tr>\r\n<tr>\r\n<td height=\"17\">Custom<\/td>\r\n<td>Color\/Logo\/Package<\/td>\r\n<\/tr>\r\n<\/tbody>\r\n<\/table>","parameters_source":{"label":"Parameters","type":"wysiwyg","formatted_value":"<table border=\"0\" width=\"275\" cellspacing=\"0\" cellpadding=\"0\">\n<tbody>\n<tr>\n<td width=\"108\" height=\"17\">Manufacturer<\/td>\n<td width=\"167\">DONGZHAOWEI<\/td>\n<\/tr>\n<tr>\n<td height=\"17\">Material<\/td>\n<td>Stainless Steel 201<\/td>\n<\/tr>\n<tr>\n<td height=\"17\">Capacity<\/td>\n<td>9.0L<\/td>\n<\/tr>\n<tr>\n<td height=\"17\">Color<\/td>\n<td>Golden\/ Half Golden\/ Silver<\/td>\n<\/tr>\n<tr>\n<td height=\"17\">Design<\/td>\n<td>Rectangular<\/td>\n<\/tr>\n<tr>\n<td height=\"17\">Tray<\/td>\n<td>No divided \/ Divided tray<\/td>\n<\/tr>\n<tr>\n<td height=\"17\">Lid type<\/td>\n<td>Roll Top lid<\/td>\n<\/tr>\n<tr>\n<td height=\"17\">Heat<\/td>\n<td>Fuel<\/td>\n<\/tr>\n<tr>\n<td height=\"17\">Custom<\/td>\n<td>Color\/Logo\/Package<\/td>\n<\/tr>\n<\/tbody>\n<\/table>\n"},"photo_gallery":{"product_gallery":[[{"id":3790,"title":"wholesale-food-warmers-for-parties-2","caption":"","full_image_url":"https:\/\/www.dzwchafingdish.com\/wp-content\/uploads\/2024\/03\/wholesale-food-warmers-for-parties-2.webp","thumbnail_image_url":"https:\/\/www.dzwchafingdish.com\/wp-content\/uploads\/2024\/03\/wholesale-food-warmers-for-parties-2-150x150.webp","large_srcset":"https:\/\/www.dzwchafingdish.com\/wp-content\/uploads\/2024\/03\/wholesale-food-warmers-for-parties-2.webp 800w, https:\/\/www.dzwchafingdish.com\/wp-content\/uploads\/2024\/03\/wholesale-food-warmers-for-parties-2-300x300.webp 300w, https:\/\/www.dzwchafingdish.com\/wp-content\/uploads\/2024\/03\/wholesale-food-warmers-for-parties-2-150x150.webp 150w, https:\/\/www.dzwchafingdish.com\/wp-content\/uploads\/2024\/03\/wholesale-food-warmers-for-parties-2-768x768.webp 768w","medium_srcset":"https:\/\/www.dzwchafingdish.com\/wp-content\/uploads\/2024\/03\/wholesale-food-warmers-for-parties-2-300x300.webp 300w, https:\/\/www.dzwchafingdish.com\/wp-content\/uploads\/2024\/03\/wholesale-food-warmers-for-parties-2-150x150.webp 150w, https:\/\/www.dzwchafingdish.com\/wp-content\/uploads\/2024\/03\/wholesale-food-warmers-for-parties-2-768x768.webp 768w, https:\/\/www.dzwchafingdish.com\/wp-content\/uploads\/2024\/03\/wholesale-food-warmers-for-parties-2.webp 800w","media_details":{"width":800,"height":800,"sizes":{"medium":{"file":"wholesale-food-warmers-for-parties-2-300x300.webp","width":300,"height":300,"mime-type":"image\/webp","filesize":9498,"source_url":"https:\/\/www.dzwchafingdish.com\/wp-content\/uploads\/2024\/03\/wholesale-food-warmers-for-parties-2-300x300.webp"},"thumbnail":{"file":"wholesale-food-warmers-for-parties-2-150x150.webp","width":150,"height":150,"mime-type":"image\/webp","filesize":3800,"source_url":"https:\/\/www.dzwchafingdish.com\/wp-content\/uploads\/2024\/03\/wholesale-food-warmers-for-parties-2-150x150.webp"},"medium_large":{"file":"wholesale-food-warmers-for-parties-2-768x768.webp","width":768,"height":768,"mime-type":"image\/webp","filesize":29734,"source_url":"https:\/\/www.dzwchafingdish.com\/wp-content\/uploads\/2024\/03\/wholesale-food-warmers-for-parties-2-768x768.webp"}}},"alt_text":"wholesale-food-warmers-for-parties","url":"","target":""},{"id":3793,"title":"wholesale-food-warmers-for-parties-5","caption":"wholesale-food-warmers-for-parties","full_image_url":"https:\/\/www.dzwchafingdish.com\/wp-content\/uploads\/2024\/03\/wholesale-food-warmers-for-parties-5.webp","thumbnail_image_url":"https:\/\/www.dzwchafingdish.com\/wp-content\/uploads\/2024\/03\/wholesale-food-warmers-for-parties-5-150x150.webp","large_srcset":"https:\/\/www.dzwchafingdish.com\/wp-content\/uploads\/2024\/03\/wholesale-food-warmers-for-parties-5.webp 800w, https:\/\/www.dzwchafingdish.com\/wp-content\/uploads\/2024\/03\/wholesale-food-warmers-for-parties-5-300x300.webp 300w, https:\/\/www.dzwchafingdish.com\/wp-content\/uploads\/2024\/03\/wholesale-food-warmers-for-parties-5-150x150.webp 150w, https:\/\/www.dzwchafingdish.com\/wp-content\/uploads\/2024\/03\/wholesale-food-warmers-for-parties-5-768x768.webp 768w","medium_srcset":"https:\/\/www.dzwchafingdish.com\/wp-content\/uploads\/2024\/03\/wholesale-food-warmers-for-parties-5-300x300.webp 300w, https:\/\/www.dzwchafingdish.com\/wp-content\/uploads\/2024\/03\/wholesale-food-warmers-for-parties-5-150x150.webp 150w, https:\/\/www.dzwchafingdish.com\/wp-content\/uploads\/2024\/03\/wholesale-food-warmers-for-parties-5-768x768.webp 768w, https:\/\/www.dzwchafingdish.com\/wp-content\/uploads\/2024\/03\/wholesale-food-warmers-for-parties-5.webp 800w","media_details":{"width":800,"height":800,"sizes":{"medium":{"file":"wholesale-food-warmers-for-parties-5-300x300.webp","width":300,"height":300,"mime-type":"image\/webp","filesize":10694,"source_url":"https:\/\/www.dzwchafingdish.com\/wp-content\/uploads\/2024\/03\/wholesale-food-warmers-for-parties-5-300x300.webp"},"thumbnail":{"file":"wholesale-food-warmers-for-parties-5-150x150.webp","width":150,"height":150,"mime-type":"image\/webp","filesize":4052,"source_url":"https:\/\/www.dzwchafingdish.com\/wp-content\/uploads\/2024\/03\/wholesale-food-warmers-for-parties-5-150x150.webp"},"medium_large":{"file":"wholesale-food-warmers-for-parties-5-768x768.webp","width":768,"height":768,"mime-type":"image\/webp","filesize":38394,"source_url":"https:\/\/www.dzwchafingdish.com\/wp-content\/uploads\/2024\/03\/wholesale-food-warmers-for-parties-5-768x768.webp"}}},"alt_text":"wholesale-food-warmers-for-parties","url":"","target":""},{"id":3789,"title":"wholesale-food-warmers-for-parties-1","caption":"wholesale-food-warmers-for-parties","full_image_url":"https:\/\/www.dzwchafingdish.com\/wp-content\/uploads\/2024\/03\/wholesale-food-warmers-for-parties-1.webp","thumbnail_image_url":"https:\/\/www.dzwchafingdish.com\/wp-content\/uploads\/2024\/03\/wholesale-food-warmers-for-parties-1-150x150.webp","large_srcset":"https:\/\/www.dzwchafingdish.com\/wp-content\/uploads\/2024\/03\/wholesale-food-warmers-for-parties-1.webp 800w, https:\/\/www.dzwchafingdish.com\/wp-content\/uploads\/2024\/03\/wholesale-food-warmers-for-parties-1-300x300.webp 300w, https:\/\/www.dzwchafingdish.com\/wp-content\/uploads\/2024\/03\/wholesale-food-warmers-for-parties-1-150x150.webp 150w, https:\/\/www.dzwchafingdish.com\/wp-content\/uploads\/2024\/03\/wholesale-food-warmers-for-parties-1-768x768.webp 768w","medium_srcset":"https:\/\/www.dzwchafingdish.com\/wp-content\/uploads\/2024\/03\/wholesale-food-warmers-for-parties-1-300x300.webp 300w, https:\/\/www.dzwchafingdish.com\/wp-content\/uploads\/2024\/03\/wholesale-food-warmers-for-parties-1-150x150.webp 150w, https:\/\/www.dzwchafingdish.com\/wp-content\/uploads\/2024\/03\/wholesale-food-warmers-for-parties-1-768x768.webp 768w, https:\/\/www.dzwchafingdish.com\/wp-content\/uploads\/2024\/03\/wholesale-food-warmers-for-parties-1.webp 800w","media_details":{"width":800,"height":800,"sizes":{"medium":{"file":"wholesale-food-warmers-for-parties-1-300x300.webp","width":300,"height":300,"mime-type":"image\/webp","filesize":10520,"source_url":"https:\/\/www.dzwchafingdish.com\/wp-content\/uploads\/2024\/03\/wholesale-food-warmers-for-parties-1-300x300.webp"},"thumbnail":{"file":"wholesale-food-warmers-for-parties-1-150x150.webp","width":150,"height":150,"mime-type":"image\/webp","filesize":4274,"source_url":"https:\/\/www.dzwchafingdish.com\/wp-content\/uploads\/2024\/03\/wholesale-food-warmers-for-parties-1-150x150.webp"},"medium_large":{"file":"wholesale-food-warmers-for-parties-1-768x768.webp","width":768,"height":768,"mime-type":"image\/webp","filesize":34186,"source_url":"https:\/\/www.dzwchafingdish.com\/wp-content\/uploads\/2024\/03\/wholesale-food-warmers-for-parties-1-768x768.webp"}}},"alt_text":"wholesale-food-warmers-for-parties","url":"","target":""},{"id":3791,"title":"wholesale-food-warmers-for-parties-3","caption":"wholesale-food-warmers-for-parties","full_image_url":"https:\/\/www.dzwchafingdish.com\/wp-content\/uploads\/2024\/03\/wholesale-food-warmers-for-parties-3.webp","thumbnail_image_url":"https:\/\/www.dzwchafingdish.com\/wp-content\/uploads\/2024\/03\/wholesale-food-warmers-for-parties-3-150x150.webp","large_srcset":"https:\/\/www.dzwchafingdish.com\/wp-content\/uploads\/2024\/03\/wholesale-food-warmers-for-parties-3.webp 800w, https:\/\/www.dzwchafingdish.com\/wp-content\/uploads\/2024\/03\/wholesale-food-warmers-for-parties-3-300x300.webp 300w, https:\/\/www.dzwchafingdish.com\/wp-content\/uploads\/2024\/03\/wholesale-food-warmers-for-parties-3-150x150.webp 150w, https:\/\/www.dzwchafingdish.com\/wp-content\/uploads\/2024\/03\/wholesale-food-warmers-for-parties-3-768x768.webp 768w","medium_srcset":"https:\/\/www.dzwchafingdish.com\/wp-content\/uploads\/2024\/03\/wholesale-food-warmers-for-parties-3-300x300.webp 300w, https:\/\/www.dzwchafingdish.com\/wp-content\/uploads\/2024\/03\/wholesale-food-warmers-for-parties-3-150x150.webp 150w, https:\/\/www.dzwchafingdish.com\/wp-content\/uploads\/2024\/03\/wholesale-food-warmers-for-parties-3-768x768.webp 768w, https:\/\/www.dzwchafingdish.com\/wp-content\/uploads\/2024\/03\/wholesale-food-warmers-for-parties-3.webp 800w","media_details":{"width":800,"height":800,"sizes":{"medium":{"file":"wholesale-food-warmers-for-parties-3-300x300.webp","width":300,"height":300,"mime-type":"image\/webp","filesize":9080,"source_url":"https:\/\/www.dzwchafingdish.com\/wp-content\/uploads\/2024\/03\/wholesale-food-warmers-for-parties-3-300x300.webp"},"thumbnail":{"file":"wholesale-food-warmers-for-parties-3-150x150.webp","width":150,"height":150,"mime-type":"image\/webp","filesize":3502,"source_url":"https:\/\/www.dzwchafingdish.com\/wp-content\/uploads\/2024\/03\/wholesale-food-warmers-for-parties-3-150x150.webp"},"medium_large":{"file":"wholesale-food-warmers-for-parties-3-768x768.webp","width":768,"height":768,"mime-type":"image\/webp","filesize":30446,"source_url":"https:\/\/www.dzwchafingdish.com\/wp-content\/uploads\/2024\/03\/wholesale-food-warmers-for-parties-3-768x768.webp"}}},"alt_text":"wholesale-food-warmers-for-parties","url":"","target":""},{"id":3794,"title":"wholesale-food-warmers-for-parties-6","caption":"wholesale-food-warmers-for-parties","full_image_url":"https:\/\/www.dzwchafingdish.com\/wp-content\/uploads\/2024\/03\/wholesale-food-warmers-for-parties-6.webp","thumbnail_image_url":"https:\/\/www.dzwchafingdish.com\/wp-content\/uploads\/2024\/03\/wholesale-food-warmers-for-parties-6-150x150.webp","large_srcset":"https:\/\/www.dzwchafingdish.com\/wp-content\/uploads\/2024\/03\/wholesale-food-warmers-for-parties-6.webp 800w, https:\/\/www.dzwchafingdish.com\/wp-content\/uploads\/2024\/03\/wholesale-food-warmers-for-parties-6-300x300.webp 300w, https:\/\/www.dzwchafingdish.com\/wp-content\/uploads\/2024\/03\/wholesale-food-warmers-for-parties-6-150x150.webp 150w, https:\/\/www.dzwchafingdish.com\/wp-content\/uploads\/2024\/03\/wholesale-food-warmers-for-parties-6-768x768.webp 768w","medium_srcset":"https:\/\/www.dzwchafingdish.com\/wp-content\/uploads\/2024\/03\/wholesale-food-warmers-for-parties-6-300x300.webp 300w, https:\/\/www.dzwchafingdish.com\/wp-content\/uploads\/2024\/03\/wholesale-food-warmers-for-parties-6-150x150.webp 150w, https:\/\/www.dzwchafingdish.com\/wp-content\/uploads\/2024\/03\/wholesale-food-warmers-for-parties-6-768x768.webp 768w, https:\/\/www.dzwchafingdish.com\/wp-content\/uploads\/2024\/03\/wholesale-food-warmers-for-parties-6.webp 800w","media_details":{"width":800,"height":800,"sizes":{"medium":{"file":"wholesale-food-warmers-for-parties-6-300x300.webp","width":300,"height":300,"mime-type":"image\/webp","filesize":9548,"source_url":"https:\/\/www.dzwchafingdish.com\/wp-content\/uploads\/2024\/03\/wholesale-food-warmers-for-parties-6-300x300.webp"},"thumbnail":{"file":"wholesale-food-warmers-for-parties-6-150x150.webp","width":150,"height":150,"mime-type":"image\/webp","filesize":3514,"source_url":"https:\/\/www.dzwchafingdish.com\/wp-content\/uploads\/2024\/03\/wholesale-food-warmers-for-parties-6-150x150.webp"},"medium_large":{"file":"wholesale-food-warmers-for-parties-6-768x768.webp","width":768,"height":768,"mime-type":"image\/webp","filesize":36654,"source_url":"https:\/\/www.dzwchafingdish.com\/wp-content\/uploads\/2024\/03\/wholesale-food-warmers-for-parties-6-768x768.webp"}}},"alt_text":"wholesale-food-warmers-for-parties","url":"","target":""}]]}},"_links":{"self":[{"href":"https:\/\/www.dzwchafingdish.com\/fr\/wp-json\/wp\/v2\/product\/3788","targetHints":{"allow":["GET"]}}],"collection":[{"href":"https:\/\/www.dzwchafingdish.com\/fr\/wp-json\/wp\/v2\/product"}],"about":[{"href":"https:\/\/www.dzwchafingdish.com\/fr\/wp-json\/wp\/v2\/types\/product"}],"author":[{"embeddable":true,"href":"https:\/\/www.dzwchafingdish.com\/fr\/wp-json\/wp\/v2\/users\/3"}],"version-history":[{"count":0,"href":"https:\/\/www.dzwchafingdish.com\/fr\/wp-json\/wp\/v2\/product\/3788\/revisions"}],"wp:featuredmedia":[{"embeddable":true,"href":"https:\/\/www.dzwchafingdish.com\/fr\/wp-json\/wp\/v2\/media\/3790"}],"wp:attachment":[{"href":"https:\/\/www.dzwchafingdish.com\/fr\/wp-json\/wp\/v2\/media?parent=3788"}],"wp:term":[{"taxonomy":"product-categories","embeddable":true,"href":"https:\/\/www.dzwchafingdish.com\/fr\/wp-json\/wp\/v2\/product-categories?post=3788"},{"taxonomy":"product-tag","embeddable":true,"href":"https:\/\/www.dzwchafingdish.com\/fr\/wp-json\/wp\/v2\/product-tag?post=3788"}],"curies":[{"name":"wp","href":"https:\/\/api.w.org\/{rel}","templated":true}]}}