{"id":3800,"date":"2024-04-16T01:31:59","date_gmt":"2024-04-16T01:31:59","guid":{"rendered":"https:\/\/www.dzwchafingdish.com\/?post_type=product&#038;p=3800"},"modified":"2024-06-15T05:18:22","modified_gmt":"2024-06-15T05:18:22","slug":"roll-top-chafing-dish-buffet-set","status":"publish","type":"product","link":"https:\/\/www.dzwchafingdish.com\/fr\/product\/roll-top-chafing-dish-buffet-set\/","title":{"rendered":"OEM Roll Top Chafing Dish Buffet Set 6L with Glass Lid"},"content":{"rendered":"<div class=\"wp-block-columns is-layout-flex wp-container-core-columns-is-layout-28f84493 wp-block-columns-is-layout-flex\">\n<div class=\"wp-block-column is-vertically-aligned-center is-layout-flow wp-block-column-is-layout-flow\">\n<h2 class=\"wp-block-heading\"><strong>Dimension de l'ensemble de buffets de chafing dish \u00e0 plateau roulant<\/strong>:<\/h2>\n\n\n\n<figure class=\"wp-block-table\"><table><tbody><tr><td>ITEM NO.<\/td><td>TAILLE<\/td><td>LONGUEUR<\/td><td>LARGE<\/td><td>HAUTEUR<\/td><td>N.W \/SET<\/td><\/tr><tr><td>DZW-KS721<\/td><td>6.0L<\/td><td>48 cm<\/td><td>38,5 cm<\/td><td>44 cm<\/td><td>6100 g<\/td><\/tr><tr><td>DZW-KH721<\/td><td>6.0L<\/td><td>48 cm<\/td><td>38,5 cm<\/td><td>44 cm<\/td><td>6100 g<\/td><\/tr><tr><td>DZW-KG721<\/td><td>6.0L<\/td><td>48 cm<\/td><td>38,5 cm<\/td><td>44 cm<\/td><td>6100 g<\/td><\/tr><\/tbody><\/table><\/figure>\n<\/div>\n\n\n\n<div class=\"wp-block-column is-layout-flow wp-block-column-is-layout-flow\">\n<figure class=\"wp-block-image alignright size-full is-resized\"><img fetchpriority=\"high\" decoding=\"async\" width=\"800\" height=\"800\" src=\"https:\/\/www.dzwchafingdish.com\/wp-content\/uploads\/2024\/03\/wholesale-roll-top-chafing-dish-2.webp\" alt=\"grossiste - plat \u00e0 tartiner \u00e0 couvercle roul\u00e9\" class=\"wp-image-3802\" style=\"width:411px;height:auto\" srcset=\"https:\/\/www.dzwchafingdish.com\/wp-content\/uploads\/2024\/03\/wholesale-roll-top-chafing-dish-2.webp 800w, https:\/\/www.dzwchafingdish.com\/wp-content\/uploads\/2024\/03\/wholesale-roll-top-chafing-dish-2-300x300.webp 300w, https:\/\/www.dzwchafingdish.com\/wp-content\/uploads\/2024\/03\/wholesale-roll-top-chafing-dish-2-150x150.webp 150w, https:\/\/www.dzwchafingdish.com\/wp-content\/uploads\/2024\/03\/wholesale-roll-top-chafing-dish-2-768x768.webp 768w\" sizes=\"(max-width: 800px) 100vw, 800px\" \/><\/figure>\n<\/div>\n<\/div>\n\n\n\n<div class=\"wp-block-columns is-layout-flex wp-container-core-columns-is-layout-28f84493 wp-block-columns-is-layout-flex\">\n<div class=\"wp-block-column is-layout-flow wp-block-column-is-layout-flow\">\n<figure class=\"wp-block-image size-full is-resized\"><img decoding=\"async\" width=\"800\" height=\"800\" src=\"https:\/\/www.dzwchafingdish.com\/wp-content\/uploads\/2024\/03\/wholesale-roll-top-chafing-dish-4.webp\" alt=\"grossiste - plat \u00e0 tartiner \u00e0 couvercle roul\u00e9\" class=\"wp-image-3804\" style=\"width:501px;height:auto\" srcset=\"https:\/\/www.dzwchafingdish.com\/wp-content\/uploads\/2024\/03\/wholesale-roll-top-chafing-dish-4.webp 800w, https:\/\/www.dzwchafingdish.com\/wp-content\/uploads\/2024\/03\/wholesale-roll-top-chafing-dish-4-300x300.webp 300w, https:\/\/www.dzwchafingdish.com\/wp-content\/uploads\/2024\/03\/wholesale-roll-top-chafing-dish-4-150x150.webp 150w, https:\/\/www.dzwchafingdish.com\/wp-content\/uploads\/2024\/03\/wholesale-roll-top-chafing-dish-4-768x768.webp 768w\" sizes=\"(max-width: 800px) 100vw, 800px\" \/><\/figure>\n<\/div>\n\n\n\n<div class=\"wp-block-column is-layout-flow wp-block-column-is-layout-flow\">\n<h2 class=\"wp-block-heading\"><strong>Caract\u00e9ristiques de l'ensemble de buffets pour chafing dish :<\/strong><\/h2>\n\n\n\n<ul class=\"wp-block-list\">\n<li>Mat\u00e9riau en acier inoxydable de haute qualit\u00e9 : Ce plat \u00e0 chafing roll top est fabriqu\u00e9 en acier inoxydable 201 durable pour assurer la stabilit\u00e9 et la durabilit\u00e9 du produit, et ne rouillera pas facilement apr\u00e8s une utilisation \u00e0 long terme.<\/li>\n\n\n\n<li>Couvercle roulant : Ce plat \u00e0 chafing roll top est \u00e9quip\u00e9 d'un couvercle roulant, facile \u00e0 utiliser et pratique pour ajouter et r\u00e9cup\u00e9rer des mat\u00e9riaux, ce qui rend le service de buffet plus pratique et plus efficace.<\/li>\n\n\n\n<li>Fen\u00eatre en verre : Il est dot\u00e9 d'une fen\u00eatre en verre pour pr\u00e9senter les aliments, ce qui permet aux clients de voir les aliments d'un seul coup d'\u0153il, am\u00e9liorant ainsi l'exp\u00e9rience gastronomique.<\/li>\n\n\n\n<li>Produit \u00e0 succ\u00e8s : En tant que produit populaire le plus vendu, ce chafing dish \u00e0 couvercle roulant est tr\u00e8s appr\u00e9ci\u00e9 par les clients et largement utilis\u00e9 dans diverses occasions, y compris les restaurants, les banquets, les r\u00e9unions de famille, etc., pour vous fournir des solutions d'isolation alimentaire de haute qualit\u00e9.<\/li>\n<\/ul>\n<\/div>\n<\/div>","protected":false},"excerpt":{"rendered":"<p>Dimension de l'ensemble de buffets pour chafing dish : POINT NO. DZW-KS721 6.0L 48 cm 38.5 cm 44 cm 6100 g DZW-KH721 6.0L 48 cm 38.5 cm 44 cm 6100 g DZW-KG721 6.0L 48 cm 38.5 cm 44 cm 6100 g Caract\u00e9ristiques de l'ensemble d'assiettes \u00e0 r\u00f4tir :<\/p>","protected":false},"author":3,"featured_media":3802,"parent":0,"menu_order":0,"template":"","format":"standard","meta":{"_acf_changed":false,"site-sidebar-layout":"default","site-content-layout":"","ast-site-content-layout":"default","site-content-style":"default","site-sidebar-style":"default","ast-global-header-display":"","ast-banner-title-visibility":"","ast-main-header-display":"","ast-hfb-above-header-display":"","ast-hfb-below-header-display":"","ast-hfb-mobile-header-display":"","site-post-title":"","ast-breadcrumbs-content":"","ast-featured-img":"","footer-sml-layout":"","theme-transparent-header-meta":"","adv-header-id-meta":"","stick-header-meta":"","header-above-stick-meta":"","header-main-stick-meta":"","header-below-stick-meta":"","astra-migrate-meta-layouts":"default","ast-page-background-enabled":"default","ast-page-background-meta":{"desktop":{"background-color":"var(--ast-global-color-4)","background-image":"","background-repeat":"repeat","background-position":"center center","background-size":"auto","background-attachment":"scroll","background-type":"","background-media":"","overlay-type":"","overlay-color":"","overlay-opacity":"","overlay-gradient":""},"tablet":{"background-color":"","background-image":"","background-repeat":"repeat","background-position":"center center","background-size":"auto","background-attachment":"scroll","background-type":"","background-media":"","overlay-type":"","overlay-color":"","overlay-opacity":"","overlay-gradient":""},"mobile":{"background-color":"","background-image":"","background-repeat":"repeat","background-position":"center center","background-size":"auto","background-attachment":"scroll","background-type":"","background-media":"","overlay-type":"","overlay-color":"","overlay-opacity":"","overlay-gradient":""}},"ast-content-background-meta":{"desktop":{"background-color":"var(--ast-global-color-5)","background-image":"","background-repeat":"repeat","background-position":"center center","background-size":"auto","background-attachment":"scroll","background-type":"","background-media":"","overlay-type":"","overlay-color":"","overlay-opacity":"","overlay-gradient":""},"tablet":{"background-color":"var(--ast-global-color-5)","background-image":"","background-repeat":"repeat","background-position":"center center","background-size":"auto","background-attachment":"scroll","background-type":"","background-media":"","overlay-type":"","overlay-color":"","overlay-opacity":"","overlay-gradient":""},"mobile":{"background-color":"var(--ast-global-color-5)","background-image":"","background-repeat":"repeat","background-position":"center center","background-size":"auto","background-attachment":"scroll","background-type":"","background-media":"","overlay-type":"","overlay-color":"","overlay-opacity":"","overlay-gradient":""}},"footnotes":""},"product-categories":[63],"product-tag":[95,89,90,94,91],"class_list":["post-3800","product","type-product","status-publish","format-standard","has-post-thumbnail","hentry","product-categories-chafing-dish","product-tag-chafing-dish-with-glass-lid","product-tag-electric-chafing-dish","product-tag-fuel-chafing-dish","product-tag-roll-top-chafing-dish","product-tag-round-chafing-dish"],"acf":{"title":"OEM Roll Top Chafing Dish Buffet Set 6L with Glass Lid","title_source":{"label":"Title","type":"text","formatted_value":"OEM Roll Top Chafing Dish Buffet Set 6L with Glass Lid"},"short_description":"Bulk Roll Top Chafing Dish  Buffet Set, factory price direct sales, OEM and ODM support. With glass round window, clear view, easy to use and beautiful. Suitable for all kinds of parties, weddings, hotels, etc.","short_description_source":{"label":"Short description","type":"textarea","formatted_value":"Bulk Roll Top Chafing Dish  Buffet Set, factory price direct sales, OEM and ODM support. With glass round window, clear view, easy to use and beautiful. Suitable for all kinds of parties, weddings, hotels, etc."},"parameters":"<table border=\"0\" width=\"275\" cellspacing=\"0\" cellpadding=\"0\">\r\n<tbody>\r\n<tr>\r\n<td width=\"108\" height=\"17\">Manufacturer<\/td>\r\n<td width=\"167\">DONGZHAOWEI<\/td>\r\n<\/tr>\r\n<tr>\r\n<td height=\"17\">Material<\/td>\r\n<td>Stainless Steel 201 + Glass<\/td>\r\n<\/tr>\r\n<tr>\r\n<td height=\"17\">Capacity<\/td>\r\n<td>6.0L<\/td>\r\n<\/tr>\r\n<tr>\r\n<td height=\"17\">Color<\/td>\r\n<td>Golden\/ Half Golden\/ Silver<\/td>\r\n<\/tr>\r\n<tr>\r\n<td height=\"17\">Design<\/td>\r\n<td>Round Shape<\/td>\r\n<\/tr>\r\n<tr>\r\n<td height=\"17\">Tray<\/td>\r\n<td>No divided \/ Divided tray<\/td>\r\n<\/tr>\r\n<tr>\r\n<td height=\"17\">Lid type<\/td>\r\n<td>Roll Top lid<\/td>\r\n<\/tr>\r\n<tr>\r\n<td height=\"17\">Heat<\/td>\r\n<td>Fuel\/Electric<\/td>\r\n<\/tr>\r\n<tr>\r\n<td height=\"17\">Custom<\/td>\r\n<td>Color\/Logo\/Package<\/td>\r\n<\/tr>\r\n<\/tbody>\r\n<\/table>","parameters_source":{"label":"Parameters","type":"wysiwyg","formatted_value":"<table border=\"0\" width=\"275\" cellspacing=\"0\" cellpadding=\"0\">\n<tbody>\n<tr>\n<td width=\"108\" height=\"17\">Manufacturer<\/td>\n<td width=\"167\">DONGZHAOWEI<\/td>\n<\/tr>\n<tr>\n<td height=\"17\">Material<\/td>\n<td>Stainless Steel 201 + Glass<\/td>\n<\/tr>\n<tr>\n<td height=\"17\">Capacity<\/td>\n<td>6.0L<\/td>\n<\/tr>\n<tr>\n<td height=\"17\">Color<\/td>\n<td>Golden\/ Half Golden\/ Silver<\/td>\n<\/tr>\n<tr>\n<td height=\"17\">Design<\/td>\n<td>Round Shape<\/td>\n<\/tr>\n<tr>\n<td height=\"17\">Tray<\/td>\n<td>No divided \/ Divided tray<\/td>\n<\/tr>\n<tr>\n<td height=\"17\">Lid type<\/td>\n<td>Roll Top lid<\/td>\n<\/tr>\n<tr>\n<td height=\"17\">Heat<\/td>\n<td>Fuel\/Electric<\/td>\n<\/tr>\n<tr>\n<td height=\"17\">Custom<\/td>\n<td>Color\/Logo\/Package<\/td>\n<\/tr>\n<\/tbody>\n<\/table>\n"},"photo_gallery":{"product_gallery":[[{"id":3802,"title":"wholesale-roll-top-chafing-dish-2","caption":"wholesale-roll-top-chafing-dish","full_image_url":"https:\/\/www.dzwchafingdish.com\/wp-content\/uploads\/2024\/03\/wholesale-roll-top-chafing-dish-2.webp","thumbnail_image_url":"https:\/\/www.dzwchafingdish.com\/wp-content\/uploads\/2024\/03\/wholesale-roll-top-chafing-dish-2-150x150.webp","large_srcset":"https:\/\/www.dzwchafingdish.com\/wp-content\/uploads\/2024\/03\/wholesale-roll-top-chafing-dish-2.webp 800w, https:\/\/www.dzwchafingdish.com\/wp-content\/uploads\/2024\/03\/wholesale-roll-top-chafing-dish-2-300x300.webp 300w, https:\/\/www.dzwchafingdish.com\/wp-content\/uploads\/2024\/03\/wholesale-roll-top-chafing-dish-2-150x150.webp 150w, https:\/\/www.dzwchafingdish.com\/wp-content\/uploads\/2024\/03\/wholesale-roll-top-chafing-dish-2-768x768.webp 768w","medium_srcset":"https:\/\/www.dzwchafingdish.com\/wp-content\/uploads\/2024\/03\/wholesale-roll-top-chafing-dish-2-300x300.webp 300w, https:\/\/www.dzwchafingdish.com\/wp-content\/uploads\/2024\/03\/wholesale-roll-top-chafing-dish-2-150x150.webp 150w, https:\/\/www.dzwchafingdish.com\/wp-content\/uploads\/2024\/03\/wholesale-roll-top-chafing-dish-2-768x768.webp 768w, https:\/\/www.dzwchafingdish.com\/wp-content\/uploads\/2024\/03\/wholesale-roll-top-chafing-dish-2.webp 800w","media_details":{"width":800,"height":800,"sizes":{"medium":{"file":"wholesale-roll-top-chafing-dish-2-300x300.webp","width":300,"height":300,"mime-type":"image\/webp","filesize":10394,"source_url":"https:\/\/www.dzwchafingdish.com\/wp-content\/uploads\/2024\/03\/wholesale-roll-top-chafing-dish-2-300x300.webp"},"thumbnail":{"file":"wholesale-roll-top-chafing-dish-2-150x150.webp","width":150,"height":150,"mime-type":"image\/webp","filesize":4052,"source_url":"https:\/\/www.dzwchafingdish.com\/wp-content\/uploads\/2024\/03\/wholesale-roll-top-chafing-dish-2-150x150.webp"},"medium_large":{"file":"wholesale-roll-top-chafing-dish-2-768x768.webp","width":768,"height":768,"mime-type":"image\/webp","filesize":33886,"source_url":"https:\/\/www.dzwchafingdish.com\/wp-content\/uploads\/2024\/03\/wholesale-roll-top-chafing-dish-2-768x768.webp"}}},"alt_text":"wholesale-roll-top-chafing-dish","url":"","target":""},{"id":3801,"title":"wholesale-roll-top-chafing-dish-1","caption":"wholesale-roll-top-chafing-dish","full_image_url":"https:\/\/www.dzwchafingdish.com\/wp-content\/uploads\/2024\/03\/wholesale-roll-top-chafing-dish-1.webp","thumbnail_image_url":"https:\/\/www.dzwchafingdish.com\/wp-content\/uploads\/2024\/03\/wholesale-roll-top-chafing-dish-1-150x150.webp","large_srcset":"https:\/\/www.dzwchafingdish.com\/wp-content\/uploads\/2024\/03\/wholesale-roll-top-chafing-dish-1.webp 800w, https:\/\/www.dzwchafingdish.com\/wp-content\/uploads\/2024\/03\/wholesale-roll-top-chafing-dish-1-300x300.webp 300w, https:\/\/www.dzwchafingdish.com\/wp-content\/uploads\/2024\/03\/wholesale-roll-top-chafing-dish-1-150x150.webp 150w, https:\/\/www.dzwchafingdish.com\/wp-content\/uploads\/2024\/03\/wholesale-roll-top-chafing-dish-1-768x768.webp 768w","medium_srcset":"https:\/\/www.dzwchafingdish.com\/wp-content\/uploads\/2024\/03\/wholesale-roll-top-chafing-dish-1-300x300.webp 300w, https:\/\/www.dzwchafingdish.com\/wp-content\/uploads\/2024\/03\/wholesale-roll-top-chafing-dish-1-150x150.webp 150w, https:\/\/www.dzwchafingdish.com\/wp-content\/uploads\/2024\/03\/wholesale-roll-top-chafing-dish-1-768x768.webp 768w, https:\/\/www.dzwchafingdish.com\/wp-content\/uploads\/2024\/03\/wholesale-roll-top-chafing-dish-1.webp 800w","media_details":{"width":800,"height":800,"sizes":{"medium":{"file":"wholesale-roll-top-chafing-dish-1-300x300.webp","width":300,"height":300,"mime-type":"image\/webp","filesize":10744,"source_url":"https:\/\/www.dzwchafingdish.com\/wp-content\/uploads\/2024\/03\/wholesale-roll-top-chafing-dish-1-300x300.webp"},"thumbnail":{"file":"wholesale-roll-top-chafing-dish-1-150x150.webp","width":150,"height":150,"mime-type":"image\/webp","filesize":4268,"source_url":"https:\/\/www.dzwchafingdish.com\/wp-content\/uploads\/2024\/03\/wholesale-roll-top-chafing-dish-1-150x150.webp"},"medium_large":{"file":"wholesale-roll-top-chafing-dish-1-768x768.webp","width":768,"height":768,"mime-type":"image\/webp","filesize":34460,"source_url":"https:\/\/www.dzwchafingdish.com\/wp-content\/uploads\/2024\/03\/wholesale-roll-top-chafing-dish-1-768x768.webp"}}},"alt_text":"wholesale-roll-top-chafing-dish","url":"","target":""},{"id":3803,"title":"wholesale-roll-top-chafing-dish-3","caption":"wholesale-roll-top-chafing-dish","full_image_url":"https:\/\/www.dzwchafingdish.com\/wp-content\/uploads\/2024\/03\/wholesale-roll-top-chafing-dish-3.webp","thumbnail_image_url":"https:\/\/www.dzwchafingdish.com\/wp-content\/uploads\/2024\/03\/wholesale-roll-top-chafing-dish-3-150x150.webp","large_srcset":"https:\/\/www.dzwchafingdish.com\/wp-content\/uploads\/2024\/03\/wholesale-roll-top-chafing-dish-3.webp 800w, https:\/\/www.dzwchafingdish.com\/wp-content\/uploads\/2024\/03\/wholesale-roll-top-chafing-dish-3-300x300.webp 300w, https:\/\/www.dzwchafingdish.com\/wp-content\/uploads\/2024\/03\/wholesale-roll-top-chafing-dish-3-150x150.webp 150w, https:\/\/www.dzwchafingdish.com\/wp-content\/uploads\/2024\/03\/wholesale-roll-top-chafing-dish-3-768x768.webp 768w","medium_srcset":"https:\/\/www.dzwchafingdish.com\/wp-content\/uploads\/2024\/03\/wholesale-roll-top-chafing-dish-3-300x300.webp 300w, https:\/\/www.dzwchafingdish.com\/wp-content\/uploads\/2024\/03\/wholesale-roll-top-chafing-dish-3-150x150.webp 150w, https:\/\/www.dzwchafingdish.com\/wp-content\/uploads\/2024\/03\/wholesale-roll-top-chafing-dish-3-768x768.webp 768w, https:\/\/www.dzwchafingdish.com\/wp-content\/uploads\/2024\/03\/wholesale-roll-top-chafing-dish-3.webp 800w","media_details":{"width":800,"height":800,"sizes":{"medium":{"file":"wholesale-roll-top-chafing-dish-3-300x300.webp","width":300,"height":300,"mime-type":"image\/webp","filesize":9400,"source_url":"https:\/\/www.dzwchafingdish.com\/wp-content\/uploads\/2024\/03\/wholesale-roll-top-chafing-dish-3-300x300.webp"},"thumbnail":{"file":"wholesale-roll-top-chafing-dish-3-150x150.webp","width":150,"height":150,"mime-type":"image\/webp","filesize":3660,"source_url":"https:\/\/www.dzwchafingdish.com\/wp-content\/uploads\/2024\/03\/wholesale-roll-top-chafing-dish-3-150x150.webp"},"medium_large":{"file":"wholesale-roll-top-chafing-dish-3-768x768.webp","width":768,"height":768,"mime-type":"image\/webp","filesize":29784,"source_url":"https:\/\/www.dzwchafingdish.com\/wp-content\/uploads\/2024\/03\/wholesale-roll-top-chafing-dish-3-768x768.webp"}}},"alt_text":"wholesale-roll-top-chafing-dish","url":"","target":""},{"id":3804,"title":"wholesale-roll-top-chafing-dish-4","caption":"wholesale-roll-top-chafing-dish","full_image_url":"https:\/\/www.dzwchafingdish.com\/wp-content\/uploads\/2024\/03\/wholesale-roll-top-chafing-dish-4.webp","thumbnail_image_url":"https:\/\/www.dzwchafingdish.com\/wp-content\/uploads\/2024\/03\/wholesale-roll-top-chafing-dish-4-150x150.webp","large_srcset":"https:\/\/www.dzwchafingdish.com\/wp-content\/uploads\/2024\/03\/wholesale-roll-top-chafing-dish-4.webp 800w, https:\/\/www.dzwchafingdish.com\/wp-content\/uploads\/2024\/03\/wholesale-roll-top-chafing-dish-4-300x300.webp 300w, https:\/\/www.dzwchafingdish.com\/wp-content\/uploads\/2024\/03\/wholesale-roll-top-chafing-dish-4-150x150.webp 150w, https:\/\/www.dzwchafingdish.com\/wp-content\/uploads\/2024\/03\/wholesale-roll-top-chafing-dish-4-768x768.webp 768w","medium_srcset":"https:\/\/www.dzwchafingdish.com\/wp-content\/uploads\/2024\/03\/wholesale-roll-top-chafing-dish-4-300x300.webp 300w, https:\/\/www.dzwchafingdish.com\/wp-content\/uploads\/2024\/03\/wholesale-roll-top-chafing-dish-4-150x150.webp 150w, https:\/\/www.dzwchafingdish.com\/wp-content\/uploads\/2024\/03\/wholesale-roll-top-chafing-dish-4-768x768.webp 768w, https:\/\/www.dzwchafingdish.com\/wp-content\/uploads\/2024\/03\/wholesale-roll-top-chafing-dish-4.webp 800w","media_details":{"width":800,"height":800,"sizes":{"medium":{"file":"wholesale-roll-top-chafing-dish-4-300x300.webp","width":300,"height":300,"mime-type":"image\/webp","filesize":9054,"source_url":"https:\/\/www.dzwchafingdish.com\/wp-content\/uploads\/2024\/03\/wholesale-roll-top-chafing-dish-4-300x300.webp"},"thumbnail":{"file":"wholesale-roll-top-chafing-dish-4-150x150.webp","width":150,"height":150,"mime-type":"image\/webp","filesize":3594,"source_url":"https:\/\/www.dzwchafingdish.com\/wp-content\/uploads\/2024\/03\/wholesale-roll-top-chafing-dish-4-150x150.webp"},"medium_large":{"file":"wholesale-roll-top-chafing-dish-4-768x768.webp","width":768,"height":768,"mime-type":"image\/webp","filesize":28250,"source_url":"https:\/\/www.dzwchafingdish.com\/wp-content\/uploads\/2024\/03\/wholesale-roll-top-chafing-dish-4-768x768.webp"}}},"alt_text":"wholesale-roll-top-chafing-dish","url":"","target":""},{"id":3805,"title":"wholesale-roll-top-chafing-dish-5","caption":"wholesale-roll-top-chafing-dish","full_image_url":"https:\/\/www.dzwchafingdish.com\/wp-content\/uploads\/2024\/03\/wholesale-roll-top-chafing-dish-5.webp","thumbnail_image_url":"https:\/\/www.dzwchafingdish.com\/wp-content\/uploads\/2024\/03\/wholesale-roll-top-chafing-dish-5-150x150.webp","large_srcset":"https:\/\/www.dzwchafingdish.com\/wp-content\/uploads\/2024\/03\/wholesale-roll-top-chafing-dish-5.webp 800w, https:\/\/www.dzwchafingdish.com\/wp-content\/uploads\/2024\/03\/wholesale-roll-top-chafing-dish-5-300x300.webp 300w, https:\/\/www.dzwchafingdish.com\/wp-content\/uploads\/2024\/03\/wholesale-roll-top-chafing-dish-5-150x150.webp 150w, https:\/\/www.dzwchafingdish.com\/wp-content\/uploads\/2024\/03\/wholesale-roll-top-chafing-dish-5-768x768.webp 768w","medium_srcset":"https:\/\/www.dzwchafingdish.com\/wp-content\/uploads\/2024\/03\/wholesale-roll-top-chafing-dish-5-300x300.webp 300w, https:\/\/www.dzwchafingdish.com\/wp-content\/uploads\/2024\/03\/wholesale-roll-top-chafing-dish-5-150x150.webp 150w, https:\/\/www.dzwchafingdish.com\/wp-content\/uploads\/2024\/03\/wholesale-roll-top-chafing-dish-5-768x768.webp 768w, https:\/\/www.dzwchafingdish.com\/wp-content\/uploads\/2024\/03\/wholesale-roll-top-chafing-dish-5.webp 800w","media_details":{"width":800,"height":800,"sizes":{"medium":{"file":"wholesale-roll-top-chafing-dish-5-300x300.webp","width":300,"height":300,"mime-type":"image\/webp","filesize":8782,"source_url":"https:\/\/www.dzwchafingdish.com\/wp-content\/uploads\/2024\/03\/wholesale-roll-top-chafing-dish-5-300x300.webp"},"thumbnail":{"file":"wholesale-roll-top-chafing-dish-5-150x150.webp","width":150,"height":150,"mime-type":"image\/webp","filesize":3508,"source_url":"https:\/\/www.dzwchafingdish.com\/wp-content\/uploads\/2024\/03\/wholesale-roll-top-chafing-dish-5-150x150.webp"},"medium_large":{"file":"wholesale-roll-top-chafing-dish-5-768x768.webp","width":768,"height":768,"mime-type":"image\/webp","filesize":28548,"source_url":"https:\/\/www.dzwchafingdish.com\/wp-content\/uploads\/2024\/03\/wholesale-roll-top-chafing-dish-5-768x768.webp"}}},"alt_text":"wholesale-roll-top-chafing-dish","url":"","target":""},{"id":3807,"title":"wholesale-roll-top-chafing-dish-7","caption":"wholesale-roll-top-chafing-dish","full_image_url":"https:\/\/www.dzwchafingdish.com\/wp-content\/uploads\/2024\/03\/wholesale-roll-top-chafing-dish-7.webp","thumbnail_image_url":"https:\/\/www.dzwchafingdish.com\/wp-content\/uploads\/2024\/03\/wholesale-roll-top-chafing-dish-7-150x150.webp","large_srcset":"https:\/\/www.dzwchafingdish.com\/wp-content\/uploads\/2024\/03\/wholesale-roll-top-chafing-dish-7.webp 800w, https:\/\/www.dzwchafingdish.com\/wp-content\/uploads\/2024\/03\/wholesale-roll-top-chafing-dish-7-300x300.webp 300w, https:\/\/www.dzwchafingdish.com\/wp-content\/uploads\/2024\/03\/wholesale-roll-top-chafing-dish-7-150x150.webp 150w, https:\/\/www.dzwchafingdish.com\/wp-content\/uploads\/2024\/03\/wholesale-roll-top-chafing-dish-7-768x768.webp 768w","medium_srcset":"https:\/\/www.dzwchafingdish.com\/wp-content\/uploads\/2024\/03\/wholesale-roll-top-chafing-dish-7-300x300.webp 300w, https:\/\/www.dzwchafingdish.com\/wp-content\/uploads\/2024\/03\/wholesale-roll-top-chafing-dish-7-150x150.webp 150w, https:\/\/www.dzwchafingdish.com\/wp-content\/uploads\/2024\/03\/wholesale-roll-top-chafing-dish-7-768x768.webp 768w, https:\/\/www.dzwchafingdish.com\/wp-content\/uploads\/2024\/03\/wholesale-roll-top-chafing-dish-7.webp 800w","media_details":{"width":800,"height":800,"sizes":{"medium":{"file":"wholesale-roll-top-chafing-dish-7-300x300.webp","width":300,"height":300,"mime-type":"image\/webp","filesize":8114,"source_url":"https:\/\/www.dzwchafingdish.com\/wp-content\/uploads\/2024\/03\/wholesale-roll-top-chafing-dish-7-300x300.webp"},"thumbnail":{"file":"wholesale-roll-top-chafing-dish-7-150x150.webp","width":150,"height":150,"mime-type":"image\/webp","filesize":3116,"source_url":"https:\/\/www.dzwchafingdish.com\/wp-content\/uploads\/2024\/03\/wholesale-roll-top-chafing-dish-7-150x150.webp"},"medium_large":{"file":"wholesale-roll-top-chafing-dish-7-768x768.webp","width":768,"height":768,"mime-type":"image\/webp","filesize":26136,"source_url":"https:\/\/www.dzwchafingdish.com\/wp-content\/uploads\/2024\/03\/wholesale-roll-top-chafing-dish-7-768x768.webp"}}},"alt_text":"wholesale-roll-top-chafing-dish","url":"","target":""}]]}},"_links":{"self":[{"href":"https:\/\/www.dzwchafingdish.com\/fr\/wp-json\/wp\/v2\/product\/3800","targetHints":{"allow":["GET"]}}],"collection":[{"href":"https:\/\/www.dzwchafingdish.com\/fr\/wp-json\/wp\/v2\/product"}],"about":[{"href":"https:\/\/www.dzwchafingdish.com\/fr\/wp-json\/wp\/v2\/types\/product"}],"author":[{"embeddable":true,"href":"https:\/\/www.dzwchafingdish.com\/fr\/wp-json\/wp\/v2\/users\/3"}],"version-history":[{"count":0,"href":"https:\/\/www.dzwchafingdish.com\/fr\/wp-json\/wp\/v2\/product\/3800\/revisions"}],"wp:featuredmedia":[{"embeddable":true,"href":"https:\/\/www.dzwchafingdish.com\/fr\/wp-json\/wp\/v2\/media\/3802"}],"wp:attachment":[{"href":"https:\/\/www.dzwchafingdish.com\/fr\/wp-json\/wp\/v2\/media?parent=3800"}],"wp:term":[{"taxonomy":"product-categories","embeddable":true,"href":"https:\/\/www.dzwchafingdish.com\/fr\/wp-json\/wp\/v2\/product-categories?post=3800"},{"taxonomy":"product-tag","embeddable":true,"href":"https:\/\/www.dzwchafingdish.com\/fr\/wp-json\/wp\/v2\/product-tag?post=3800"}],"curies":[{"name":"wp","href":"https:\/\/api.w.org\/{rel}","templated":true}]}}