{"id":3812,"date":"2024-04-16T01:20:05","date_gmt":"2024-04-16T01:20:05","guid":{"rendered":"https:\/\/www.dzwchafingdish.com\/?post_type=product&#038;p=3812"},"modified":"2024-06-15T04:49:58","modified_gmt":"2024-06-15T04:49:58","slug":"chafing-dish-roll-top","status":"publish","type":"product","link":"https:\/\/www.dzwchafingdish.com\/fr\/product\/chafing-dish-roll-top\/","title":{"rendered":"Fabrique directe de plat \u00e0 chafing Roll Top 6L 201 acier inoxydable rond"},"content":{"rendered":"<div class=\"wp-block-columns is-layout-flex wp-container-core-columns-is-layout-28f84493 wp-block-columns-is-layout-flex\">\n<div class=\"wp-block-column is-vertically-aligned-center is-layout-flow wp-block-column-is-layout-flow\">\n<h2 class=\"wp-block-heading\"><strong>Dimension du plat \u00e0 r\u00f4tir Roll Top<\/strong><\/h2>\n\n\n\n<figure class=\"wp-block-table\"><table><tbody><tr><td>ITEM NO.<\/td><td>TAILLE<\/td><td>LONGUEUR<\/td><td>LARGE<\/td><td>HAUTEUR<\/td><td>N.W \/SET<\/td><\/tr><tr><td>DZW-S721<\/td><td>6.0L<\/td><td>48 cm<\/td><td>38,5 cm<\/td><td>44 cm<\/td><td>6100 g<\/td><\/tr><tr><td>DZW-H721<\/td><td>6.0L<\/td><td>48 cm<\/td><td>38,5 cm<\/td><td>44 cm<\/td><td>6100 g<\/td><\/tr><tr><td>DZW-G721<\/td><td>6.0L<\/td><td>48 cm<\/td><td>38,5 cm<\/td><td>44 cm<\/td><td>6100 g<\/td><\/tr><\/tbody><\/table><\/figure>\n<\/div>\n\n\n\n<div class=\"wp-block-column is-layout-flow wp-block-column-is-layout-flow\">\n<figure class=\"wp-block-image aligncenter size-full is-resized\"><img fetchpriority=\"high\" decoding=\"async\" width=\"800\" height=\"800\" src=\"https:\/\/www.dzwchafingdish.com\/wp-content\/uploads\/2024\/03\/custom-roll-top-chafing-dishes-wholesale-6.webp\" alt=\"Plats \u00e0 d\u00e9couper sur mesure - vente en gros\" class=\"wp-image-3818\" style=\"width:427px;height:auto\" srcset=\"https:\/\/www.dzwchafingdish.com\/wp-content\/uploads\/2024\/03\/custom-roll-top-chafing-dishes-wholesale-6.webp 800w, https:\/\/www.dzwchafingdish.com\/wp-content\/uploads\/2024\/03\/custom-roll-top-chafing-dishes-wholesale-6-300x300.webp 300w, https:\/\/www.dzwchafingdish.com\/wp-content\/uploads\/2024\/03\/custom-roll-top-chafing-dishes-wholesale-6-150x150.webp 150w, https:\/\/www.dzwchafingdish.com\/wp-content\/uploads\/2024\/03\/custom-roll-top-chafing-dishes-wholesale-6-768x768.webp 768w\" sizes=\"(max-width: 800px) 100vw, 800px\" \/><\/figure>\n<\/div>\n<\/div>\n\n\n\n<div class=\"wp-block-columns is-layout-flex wp-container-core-columns-is-layout-28f84493 wp-block-columns-is-layout-flex\">\n<div class=\"wp-block-column is-layout-flow wp-block-column-is-layout-flow\">\n<figure class=\"wp-block-image aligncenter size-full is-resized\"><img decoding=\"async\" width=\"800\" height=\"800\" src=\"https:\/\/www.dzwchafingdish.com\/wp-content\/uploads\/2024\/03\/custom-roll-top-chafing-dishes-wholesale-5.webp\" alt=\"Plats \u00e0 d\u00e9couper sur mesure - vente en gros\" class=\"wp-image-3817\" style=\"width:437px;height:auto\" srcset=\"https:\/\/www.dzwchafingdish.com\/wp-content\/uploads\/2024\/03\/custom-roll-top-chafing-dishes-wholesale-5.webp 800w, https:\/\/www.dzwchafingdish.com\/wp-content\/uploads\/2024\/03\/custom-roll-top-chafing-dishes-wholesale-5-300x300.webp 300w, https:\/\/www.dzwchafingdish.com\/wp-content\/uploads\/2024\/03\/custom-roll-top-chafing-dishes-wholesale-5-150x150.webp 150w, https:\/\/www.dzwchafingdish.com\/wp-content\/uploads\/2024\/03\/custom-roll-top-chafing-dishes-wholesale-5-768x768.webp 768w\" sizes=\"(max-width: 800px) 100vw, 800px\" \/><\/figure>\n<\/div>\n\n\n\n<div class=\"wp-block-column is-vertically-aligned-center is-layout-flow wp-block-column-is-layout-flow\">\n<h2 class=\"wp-block-heading\"><strong>Caract\u00e9ristiques <strong>Chafing Dish Roll Top<\/strong>:<\/strong><\/h2>\n\n\n\n<ul class=\"wp-block-list\">\n<li>Mat\u00e9riau de haute qualit\u00e9 : Fabriqu\u00e9 en acier inoxydable 201 de haute qualit\u00e9 pour garantir la durabilit\u00e9 et la stabilit\u00e9 du produit.<\/li>\n\n\n\n<li>Couvercle roulant : Ces chafing dishes \u00e0 couvercle roulant sont \u00e9quip\u00e9s d'un couvercle roulant, facile \u00e0 utiliser.<\/li>\n\n\n\n<li>Design rond : Le design rond est beau et \u00e9l\u00e9gant, il convient \u00e0 diverses occasions, notamment les banquets, les restaurants et les r\u00e9unions de famille.<\/li>\n\n\n\n<li>Vente directe \u00e0 l'usine : En tant que produit vendu directement par l'usine, il est abordable, de qualit\u00e9 fiable et jouit de la confiance des clients, ce qui vous permet d'obtenir des solutions d'isolation de buffet rentables.<\/li>\n<\/ul>\n<\/div>\n<\/div>","protected":false},"excerpt":{"rendered":"<p>Dimensions du plat \u00e0 r\u00f4tir Roll Top ITEM NO. DZW-S721 6.0L 48 cm 38.5 cm 44 cm 6100 g DZW-H721 6.0L 48 cm 38.5 cm 44 cm 6100 g DZW-G721 6.0L 48 cm 38.5 cm 44 cm 6100 g Caract\u00e9ristiques de la plaque \u00e0 r\u00f4tir :<\/p>","protected":false},"author":3,"featured_media":3814,"parent":0,"menu_order":0,"template":"","format":"standard","meta":{"_acf_changed":false,"site-sidebar-layout":"default","site-content-layout":"","ast-site-content-layout":"default","site-content-style":"default","site-sidebar-style":"default","ast-global-header-display":"","ast-banner-title-visibility":"","ast-main-header-display":"","ast-hfb-above-header-display":"","ast-hfb-below-header-display":"","ast-hfb-mobile-header-display":"","site-post-title":"","ast-breadcrumbs-content":"","ast-featured-img":"","footer-sml-layout":"","theme-transparent-header-meta":"","adv-header-id-meta":"","stick-header-meta":"","header-above-stick-meta":"","header-main-stick-meta":"","header-below-stick-meta":"","astra-migrate-meta-layouts":"default","ast-page-background-enabled":"default","ast-page-background-meta":{"desktop":{"background-color":"var(--ast-global-color-4)","background-image":"","background-repeat":"repeat","background-position":"center center","background-size":"auto","background-attachment":"scroll","background-type":"","background-media":"","overlay-type":"","overlay-color":"","overlay-opacity":"","overlay-gradient":""},"tablet":{"background-color":"","background-image":"","background-repeat":"repeat","background-position":"center center","background-size":"auto","background-attachment":"scroll","background-type":"","background-media":"","overlay-type":"","overlay-color":"","overlay-opacity":"","overlay-gradient":""},"mobile":{"background-color":"","background-image":"","background-repeat":"repeat","background-position":"center center","background-size":"auto","background-attachment":"scroll","background-type":"","background-media":"","overlay-type":"","overlay-color":"","overlay-opacity":"","overlay-gradient":""}},"ast-content-background-meta":{"desktop":{"background-color":"var(--ast-global-color-5)","background-image":"","background-repeat":"repeat","background-position":"center center","background-size":"auto","background-attachment":"scroll","background-type":"","background-media":"","overlay-type":"","overlay-color":"","overlay-opacity":"","overlay-gradient":""},"tablet":{"background-color":"var(--ast-global-color-5)","background-image":"","background-repeat":"repeat","background-position":"center center","background-size":"auto","background-attachment":"scroll","background-type":"","background-media":"","overlay-type":"","overlay-color":"","overlay-opacity":"","overlay-gradient":""},"mobile":{"background-color":"var(--ast-global-color-5)","background-image":"","background-repeat":"repeat","background-position":"center center","background-size":"auto","background-attachment":"scroll","background-type":"","background-media":"","overlay-type":"","overlay-color":"","overlay-opacity":"","overlay-gradient":""}},"footnotes":""},"product-categories":[63],"product-tag":[89,90,94,91],"class_list":["post-3812","product","type-product","status-publish","format-standard","has-post-thumbnail","hentry","product-categories-chafing-dish","product-tag-electric-chafing-dish","product-tag-fuel-chafing-dish","product-tag-roll-top-chafing-dish","product-tag-round-chafing-dish"],"acf":{"title":"Factory Direct Chafing Dish Roll Top 6L Stainless Steel Round","title_source":{"label":"Title","type":"text","formatted_value":"Factory Direct Chafing Dish Roll Top 6L Stainless Steel Round"},"short_description":"Welcome bulk buy and custom chafing dish, . These chafing dish roll top use high-quality materials, roll lid and circular design. It is the best cost-effective choice for your catering equipment.","short_description_source":{"label":"Short description","type":"textarea","formatted_value":"Welcome bulk buy and custom chafing dish, . These chafing dish roll top use high-quality materials, roll lid and circular design. It is the best cost-effective choice for your catering equipment."},"parameters":"<table border=\"0\" width=\"275\" cellspacing=\"0\" cellpadding=\"0\">\r\n<tbody>\r\n<tr>\r\n<td width=\"108\" height=\"17\">Manufacturer<\/td>\r\n<td width=\"167\">DONGZHAOWEI<\/td>\r\n<\/tr>\r\n<tr>\r\n<td height=\"17\">Material<\/td>\r\n<td>Stainless Steel 201<\/td>\r\n<\/tr>\r\n<tr>\r\n<td height=\"17\">Capacity<\/td>\r\n<td>6.0L<\/td>\r\n<\/tr>\r\n<tr>\r\n<td height=\"17\">Color<\/td>\r\n<td>Golden\/ Half Golden\/ Silver<\/td>\r\n<\/tr>\r\n<tr>\r\n<td height=\"17\">Design<\/td>\r\n<td>Round Shape<\/td>\r\n<\/tr>\r\n<tr>\r\n<td height=\"17\">Tray<\/td>\r\n<td>No divided \/ Divided tray<\/td>\r\n<\/tr>\r\n<tr>\r\n<td height=\"17\">Lid type<\/td>\r\n<td>Roll Top Lid<\/td>\r\n<\/tr>\r\n<tr>\r\n<td height=\"17\">Heat<\/td>\r\n<td>Fuel and Electric<\/td>\r\n<\/tr>\r\n<tr>\r\n<td height=\"17\">Custom<\/td>\r\n<td>Color\/Logo\/Package<\/td>\r\n<\/tr>\r\n<\/tbody>\r\n<\/table>","parameters_source":{"label":"Parameters","type":"wysiwyg","formatted_value":"<table border=\"0\" width=\"275\" cellspacing=\"0\" cellpadding=\"0\">\n<tbody>\n<tr>\n<td width=\"108\" height=\"17\">Manufacturer<\/td>\n<td width=\"167\">DONGZHAOWEI<\/td>\n<\/tr>\n<tr>\n<td height=\"17\">Material<\/td>\n<td>Stainless Steel 201<\/td>\n<\/tr>\n<tr>\n<td height=\"17\">Capacity<\/td>\n<td>6.0L<\/td>\n<\/tr>\n<tr>\n<td height=\"17\">Color<\/td>\n<td>Golden\/ Half Golden\/ Silver<\/td>\n<\/tr>\n<tr>\n<td height=\"17\">Design<\/td>\n<td>Round Shape<\/td>\n<\/tr>\n<tr>\n<td height=\"17\">Tray<\/td>\n<td>No divided \/ Divided tray<\/td>\n<\/tr>\n<tr>\n<td height=\"17\">Lid type<\/td>\n<td>Roll Top Lid<\/td>\n<\/tr>\n<tr>\n<td height=\"17\">Heat<\/td>\n<td>Fuel and Electric<\/td>\n<\/tr>\n<tr>\n<td height=\"17\">Custom<\/td>\n<td>Color\/Logo\/Package<\/td>\n<\/tr>\n<\/tbody>\n<\/table>\n"},"photo_gallery":{"product_gallery":[[{"id":3814,"title":"custom-roll-top-chafing-dishes-wholesale-2","caption":"custom-roll-top-chafing-dishes-wholesale","full_image_url":"https:\/\/www.dzwchafingdish.com\/wp-content\/uploads\/2024\/03\/custom-roll-top-chafing-dishes-wholesale-2.webp","thumbnail_image_url":"https:\/\/www.dzwchafingdish.com\/wp-content\/uploads\/2024\/03\/custom-roll-top-chafing-dishes-wholesale-2-150x150.webp","large_srcset":"https:\/\/www.dzwchafingdish.com\/wp-content\/uploads\/2024\/03\/custom-roll-top-chafing-dishes-wholesale-2.webp 800w, https:\/\/www.dzwchafingdish.com\/wp-content\/uploads\/2024\/03\/custom-roll-top-chafing-dishes-wholesale-2-300x300.webp 300w, https:\/\/www.dzwchafingdish.com\/wp-content\/uploads\/2024\/03\/custom-roll-top-chafing-dishes-wholesale-2-150x150.webp 150w, https:\/\/www.dzwchafingdish.com\/wp-content\/uploads\/2024\/03\/custom-roll-top-chafing-dishes-wholesale-2-768x768.webp 768w","medium_srcset":"https:\/\/www.dzwchafingdish.com\/wp-content\/uploads\/2024\/03\/custom-roll-top-chafing-dishes-wholesale-2-300x300.webp 300w, https:\/\/www.dzwchafingdish.com\/wp-content\/uploads\/2024\/03\/custom-roll-top-chafing-dishes-wholesale-2-150x150.webp 150w, https:\/\/www.dzwchafingdish.com\/wp-content\/uploads\/2024\/03\/custom-roll-top-chafing-dishes-wholesale-2-768x768.webp 768w, https:\/\/www.dzwchafingdish.com\/wp-content\/uploads\/2024\/03\/custom-roll-top-chafing-dishes-wholesale-2.webp 800w","media_details":{"width":800,"height":800,"sizes":{"medium":{"file":"custom-roll-top-chafing-dishes-wholesale-2-300x300.webp","width":300,"height":300,"mime-type":"image\/webp","filesize":8514,"source_url":"https:\/\/www.dzwchafingdish.com\/wp-content\/uploads\/2024\/03\/custom-roll-top-chafing-dishes-wholesale-2-300x300.webp"},"thumbnail":{"file":"custom-roll-top-chafing-dishes-wholesale-2-150x150.webp","width":150,"height":150,"mime-type":"image\/webp","filesize":3418,"source_url":"https:\/\/www.dzwchafingdish.com\/wp-content\/uploads\/2024\/03\/custom-roll-top-chafing-dishes-wholesale-2-150x150.webp"},"medium_large":{"file":"custom-roll-top-chafing-dishes-wholesale-2-768x768.webp","width":768,"height":768,"mime-type":"image\/webp","filesize":27806,"source_url":"https:\/\/www.dzwchafingdish.com\/wp-content\/uploads\/2024\/03\/custom-roll-top-chafing-dishes-wholesale-2-768x768.webp"}}},"alt_text":"custom-roll-top-chafing-dishes-wholesale","url":"","target":""},{"id":3821,"title":"custom-roll-top-chafing-dishes-wholesale-9","caption":"custom-roll-top-chafing-dishes-wholesale","full_image_url":"https:\/\/www.dzwchafingdish.com\/wp-content\/uploads\/2024\/03\/custom-roll-top-chafing-dishes-wholesale-9.webp","thumbnail_image_url":"https:\/\/www.dzwchafingdish.com\/wp-content\/uploads\/2024\/03\/custom-roll-top-chafing-dishes-wholesale-9-150x150.webp","large_srcset":"https:\/\/www.dzwchafingdish.com\/wp-content\/uploads\/2024\/03\/custom-roll-top-chafing-dishes-wholesale-9.webp 800w, https:\/\/www.dzwchafingdish.com\/wp-content\/uploads\/2024\/03\/custom-roll-top-chafing-dishes-wholesale-9-300x300.webp 300w, https:\/\/www.dzwchafingdish.com\/wp-content\/uploads\/2024\/03\/custom-roll-top-chafing-dishes-wholesale-9-150x150.webp 150w, https:\/\/www.dzwchafingdish.com\/wp-content\/uploads\/2024\/03\/custom-roll-top-chafing-dishes-wholesale-9-768x768.webp 768w","medium_srcset":"https:\/\/www.dzwchafingdish.com\/wp-content\/uploads\/2024\/03\/custom-roll-top-chafing-dishes-wholesale-9-300x300.webp 300w, https:\/\/www.dzwchafingdish.com\/wp-content\/uploads\/2024\/03\/custom-roll-top-chafing-dishes-wholesale-9-150x150.webp 150w, https:\/\/www.dzwchafingdish.com\/wp-content\/uploads\/2024\/03\/custom-roll-top-chafing-dishes-wholesale-9-768x768.webp 768w, https:\/\/www.dzwchafingdish.com\/wp-content\/uploads\/2024\/03\/custom-roll-top-chafing-dishes-wholesale-9.webp 800w","media_details":{"width":800,"height":800,"sizes":{"medium":{"file":"custom-roll-top-chafing-dishes-wholesale-9-300x300.webp","width":300,"height":300,"mime-type":"image\/webp","filesize":8460,"source_url":"https:\/\/www.dzwchafingdish.com\/wp-content\/uploads\/2024\/03\/custom-roll-top-chafing-dishes-wholesale-9-300x300.webp"},"thumbnail":{"file":"custom-roll-top-chafing-dishes-wholesale-9-150x150.webp","width":150,"height":150,"mime-type":"image\/webp","filesize":3212,"source_url":"https:\/\/www.dzwchafingdish.com\/wp-content\/uploads\/2024\/03\/custom-roll-top-chafing-dishes-wholesale-9-150x150.webp"},"medium_large":{"file":"custom-roll-top-chafing-dishes-wholesale-9-768x768.webp","width":768,"height":768,"mime-type":"image\/webp","filesize":28140,"source_url":"https:\/\/www.dzwchafingdish.com\/wp-content\/uploads\/2024\/03\/custom-roll-top-chafing-dishes-wholesale-9-768x768.webp"}}},"alt_text":"custom-roll-top-chafing-dishes-wholesale","url":"","target":""},{"id":3816,"title":"custom-roll-top-chafing-dishes-wholesale-4","caption":"custom-roll-top-chafing-dishes-wholesale","full_image_url":"https:\/\/www.dzwchafingdish.com\/wp-content\/uploads\/2024\/03\/custom-roll-top-chafing-dishes-wholesale-4.webp","thumbnail_image_url":"https:\/\/www.dzwchafingdish.com\/wp-content\/uploads\/2024\/03\/custom-roll-top-chafing-dishes-wholesale-4-150x150.webp","large_srcset":"https:\/\/www.dzwchafingdish.com\/wp-content\/uploads\/2024\/03\/custom-roll-top-chafing-dishes-wholesale-4.webp 800w, https:\/\/www.dzwchafingdish.com\/wp-content\/uploads\/2024\/03\/custom-roll-top-chafing-dishes-wholesale-4-300x300.webp 300w, https:\/\/www.dzwchafingdish.com\/wp-content\/uploads\/2024\/03\/custom-roll-top-chafing-dishes-wholesale-4-150x150.webp 150w, https:\/\/www.dzwchafingdish.com\/wp-content\/uploads\/2024\/03\/custom-roll-top-chafing-dishes-wholesale-4-768x768.webp 768w","medium_srcset":"https:\/\/www.dzwchafingdish.com\/wp-content\/uploads\/2024\/03\/custom-roll-top-chafing-dishes-wholesale-4-300x300.webp 300w, https:\/\/www.dzwchafingdish.com\/wp-content\/uploads\/2024\/03\/custom-roll-top-chafing-dishes-wholesale-4-150x150.webp 150w, https:\/\/www.dzwchafingdish.com\/wp-content\/uploads\/2024\/03\/custom-roll-top-chafing-dishes-wholesale-4-768x768.webp 768w, https:\/\/www.dzwchafingdish.com\/wp-content\/uploads\/2024\/03\/custom-roll-top-chafing-dishes-wholesale-4.webp 800w","media_details":{"width":800,"height":800,"sizes":{"medium":{"file":"custom-roll-top-chafing-dishes-wholesale-4-300x300.webp","width":300,"height":300,"mime-type":"image\/webp","filesize":9270,"source_url":"https:\/\/www.dzwchafingdish.com\/wp-content\/uploads\/2024\/03\/custom-roll-top-chafing-dishes-wholesale-4-300x300.webp"},"thumbnail":{"file":"custom-roll-top-chafing-dishes-wholesale-4-150x150.webp","width":150,"height":150,"mime-type":"image\/webp","filesize":3660,"source_url":"https:\/\/www.dzwchafingdish.com\/wp-content\/uploads\/2024\/03\/custom-roll-top-chafing-dishes-wholesale-4-150x150.webp"},"medium_large":{"file":"custom-roll-top-chafing-dishes-wholesale-4-768x768.webp","width":768,"height":768,"mime-type":"image\/webp","filesize":30278,"source_url":"https:\/\/www.dzwchafingdish.com\/wp-content\/uploads\/2024\/03\/custom-roll-top-chafing-dishes-wholesale-4-768x768.webp"}}},"alt_text":"custom-roll-top-chafing-dishes-wholesale","url":"","target":""},{"id":3813,"title":"custom-roll-top-chafing-dishes-wholesale-1","caption":"custom-roll-top-chafing-dishes-wholesale","full_image_url":"https:\/\/www.dzwchafingdish.com\/wp-content\/uploads\/2024\/03\/custom-roll-top-chafing-dishes-wholesale-1.webp","thumbnail_image_url":"https:\/\/www.dzwchafingdish.com\/wp-content\/uploads\/2024\/03\/custom-roll-top-chafing-dishes-wholesale-1-150x150.webp","large_srcset":"https:\/\/www.dzwchafingdish.com\/wp-content\/uploads\/2024\/03\/custom-roll-top-chafing-dishes-wholesale-1.webp 800w, https:\/\/www.dzwchafingdish.com\/wp-content\/uploads\/2024\/03\/custom-roll-top-chafing-dishes-wholesale-1-300x300.webp 300w, https:\/\/www.dzwchafingdish.com\/wp-content\/uploads\/2024\/03\/custom-roll-top-chafing-dishes-wholesale-1-150x150.webp 150w, https:\/\/www.dzwchafingdish.com\/wp-content\/uploads\/2024\/03\/custom-roll-top-chafing-dishes-wholesale-1-768x768.webp 768w","medium_srcset":"https:\/\/www.dzwchafingdish.com\/wp-content\/uploads\/2024\/03\/custom-roll-top-chafing-dishes-wholesale-1-300x300.webp 300w, https:\/\/www.dzwchafingdish.com\/wp-content\/uploads\/2024\/03\/custom-roll-top-chafing-dishes-wholesale-1-150x150.webp 150w, https:\/\/www.dzwchafingdish.com\/wp-content\/uploads\/2024\/03\/custom-roll-top-chafing-dishes-wholesale-1-768x768.webp 768w, https:\/\/www.dzwchafingdish.com\/wp-content\/uploads\/2024\/03\/custom-roll-top-chafing-dishes-wholesale-1.webp 800w","media_details":{"width":800,"height":800,"sizes":{"medium":{"file":"custom-roll-top-chafing-dishes-wholesale-1-300x300.webp","width":300,"height":300,"mime-type":"image\/webp","filesize":9470,"source_url":"https:\/\/www.dzwchafingdish.com\/wp-content\/uploads\/2024\/03\/custom-roll-top-chafing-dishes-wholesale-1-300x300.webp"},"thumbnail":{"file":"custom-roll-top-chafing-dishes-wholesale-1-150x150.webp","width":150,"height":150,"mime-type":"image\/webp","filesize":3790,"source_url":"https:\/\/www.dzwchafingdish.com\/wp-content\/uploads\/2024\/03\/custom-roll-top-chafing-dishes-wholesale-1-150x150.webp"},"medium_large":{"file":"custom-roll-top-chafing-dishes-wholesale-1-768x768.webp","width":768,"height":768,"mime-type":"image\/webp","filesize":31260,"source_url":"https:\/\/www.dzwchafingdish.com\/wp-content\/uploads\/2024\/03\/custom-roll-top-chafing-dishes-wholesale-1-768x768.webp"}}},"alt_text":"custom-roll-top-chafing-dishes-wholesale","url":"","target":""},{"id":3815,"title":"custom-roll-top-chafing-dishes-wholesale-3","caption":"custom-roll-top-chafing-dishes-wholesale","full_image_url":"https:\/\/www.dzwchafingdish.com\/wp-content\/uploads\/2024\/03\/custom-roll-top-chafing-dishes-wholesale-3.webp","thumbnail_image_url":"https:\/\/www.dzwchafingdish.com\/wp-content\/uploads\/2024\/03\/custom-roll-top-chafing-dishes-wholesale-3-150x150.webp","large_srcset":"https:\/\/www.dzwchafingdish.com\/wp-content\/uploads\/2024\/03\/custom-roll-top-chafing-dishes-wholesale-3.webp 800w, https:\/\/www.dzwchafingdish.com\/wp-content\/uploads\/2024\/03\/custom-roll-top-chafing-dishes-wholesale-3-300x300.webp 300w, https:\/\/www.dzwchafingdish.com\/wp-content\/uploads\/2024\/03\/custom-roll-top-chafing-dishes-wholesale-3-150x150.webp 150w, https:\/\/www.dzwchafingdish.com\/wp-content\/uploads\/2024\/03\/custom-roll-top-chafing-dishes-wholesale-3-768x768.webp 768w","medium_srcset":"https:\/\/www.dzwchafingdish.com\/wp-content\/uploads\/2024\/03\/custom-roll-top-chafing-dishes-wholesale-3-300x300.webp 300w, https:\/\/www.dzwchafingdish.com\/wp-content\/uploads\/2024\/03\/custom-roll-top-chafing-dishes-wholesale-3-150x150.webp 150w, https:\/\/www.dzwchafingdish.com\/wp-content\/uploads\/2024\/03\/custom-roll-top-chafing-dishes-wholesale-3-768x768.webp 768w, https:\/\/www.dzwchafingdish.com\/wp-content\/uploads\/2024\/03\/custom-roll-top-chafing-dishes-wholesale-3.webp 800w","media_details":{"width":800,"height":800,"sizes":{"medium":{"file":"custom-roll-top-chafing-dishes-wholesale-3-300x300.webp","width":300,"height":300,"mime-type":"image\/webp","filesize":7744,"source_url":"https:\/\/www.dzwchafingdish.com\/wp-content\/uploads\/2024\/03\/custom-roll-top-chafing-dishes-wholesale-3-300x300.webp"},"thumbnail":{"file":"custom-roll-top-chafing-dishes-wholesale-3-150x150.webp","width":150,"height":150,"mime-type":"image\/webp","filesize":3134,"source_url":"https:\/\/www.dzwchafingdish.com\/wp-content\/uploads\/2024\/03\/custom-roll-top-chafing-dishes-wholesale-3-150x150.webp"},"medium_large":{"file":"custom-roll-top-chafing-dishes-wholesale-3-768x768.webp","width":768,"height":768,"mime-type":"image\/webp","filesize":25556,"source_url":"https:\/\/www.dzwchafingdish.com\/wp-content\/uploads\/2024\/03\/custom-roll-top-chafing-dishes-wholesale-3-768x768.webp"}}},"alt_text":"custom-roll-top-chafing-dishes-wholesale","url":"","target":""},{"id":3820,"title":"custom-roll-top-chafing-dishes-wholesale-8","caption":"custom-roll-top-chafing-dishes-wholesale","full_image_url":"https:\/\/www.dzwchafingdish.com\/wp-content\/uploads\/2024\/03\/custom-roll-top-chafing-dishes-wholesale-8.webp","thumbnail_image_url":"https:\/\/www.dzwchafingdish.com\/wp-content\/uploads\/2024\/03\/custom-roll-top-chafing-dishes-wholesale-8-150x150.webp","large_srcset":"https:\/\/www.dzwchafingdish.com\/wp-content\/uploads\/2024\/03\/custom-roll-top-chafing-dishes-wholesale-8.webp 800w, https:\/\/www.dzwchafingdish.com\/wp-content\/uploads\/2024\/03\/custom-roll-top-chafing-dishes-wholesale-8-300x300.webp 300w, https:\/\/www.dzwchafingdish.com\/wp-content\/uploads\/2024\/03\/custom-roll-top-chafing-dishes-wholesale-8-150x150.webp 150w, https:\/\/www.dzwchafingdish.com\/wp-content\/uploads\/2024\/03\/custom-roll-top-chafing-dishes-wholesale-8-768x768.webp 768w","medium_srcset":"https:\/\/www.dzwchafingdish.com\/wp-content\/uploads\/2024\/03\/custom-roll-top-chafing-dishes-wholesale-8-300x300.webp 300w, https:\/\/www.dzwchafingdish.com\/wp-content\/uploads\/2024\/03\/custom-roll-top-chafing-dishes-wholesale-8-150x150.webp 150w, https:\/\/www.dzwchafingdish.com\/wp-content\/uploads\/2024\/03\/custom-roll-top-chafing-dishes-wholesale-8-768x768.webp 768w, https:\/\/www.dzwchafingdish.com\/wp-content\/uploads\/2024\/03\/custom-roll-top-chafing-dishes-wholesale-8.webp 800w","media_details":{"width":800,"height":800,"sizes":{"medium":{"file":"custom-roll-top-chafing-dishes-wholesale-8-300x300.webp","width":300,"height":300,"mime-type":"image\/webp","filesize":7530,"source_url":"https:\/\/www.dzwchafingdish.com\/wp-content\/uploads\/2024\/03\/custom-roll-top-chafing-dishes-wholesale-8-300x300.webp"},"thumbnail":{"file":"custom-roll-top-chafing-dishes-wholesale-8-150x150.webp","width":150,"height":150,"mime-type":"image\/webp","filesize":2794,"source_url":"https:\/\/www.dzwchafingdish.com\/wp-content\/uploads\/2024\/03\/custom-roll-top-chafing-dishes-wholesale-8-150x150.webp"},"medium_large":{"file":"custom-roll-top-chafing-dishes-wholesale-8-768x768.webp","width":768,"height":768,"mime-type":"image\/webp","filesize":27206,"source_url":"https:\/\/www.dzwchafingdish.com\/wp-content\/uploads\/2024\/03\/custom-roll-top-chafing-dishes-wholesale-8-768x768.webp"}}},"alt_text":"custom-roll-top-chafing-dishes-wholesale","url":"","target":""}]]}},"_links":{"self":[{"href":"https:\/\/www.dzwchafingdish.com\/fr\/wp-json\/wp\/v2\/product\/3812","targetHints":{"allow":["GET"]}}],"collection":[{"href":"https:\/\/www.dzwchafingdish.com\/fr\/wp-json\/wp\/v2\/product"}],"about":[{"href":"https:\/\/www.dzwchafingdish.com\/fr\/wp-json\/wp\/v2\/types\/product"}],"author":[{"embeddable":true,"href":"https:\/\/www.dzwchafingdish.com\/fr\/wp-json\/wp\/v2\/users\/3"}],"version-history":[{"count":0,"href":"https:\/\/www.dzwchafingdish.com\/fr\/wp-json\/wp\/v2\/product\/3812\/revisions"}],"wp:featuredmedia":[{"embeddable":true,"href":"https:\/\/www.dzwchafingdish.com\/fr\/wp-json\/wp\/v2\/media\/3814"}],"wp:attachment":[{"href":"https:\/\/www.dzwchafingdish.com\/fr\/wp-json\/wp\/v2\/media?parent=3812"}],"wp:term":[{"taxonomy":"product-categories","embeddable":true,"href":"https:\/\/www.dzwchafingdish.com\/fr\/wp-json\/wp\/v2\/product-categories?post=3812"},{"taxonomy":"product-tag","embeddable":true,"href":"https:\/\/www.dzwchafingdish.com\/fr\/wp-json\/wp\/v2\/product-tag?post=3812"}],"curies":[{"name":"wp","href":"https:\/\/api.w.org\/{rel}","templated":true}]}}