{"id":3861,"date":"2024-06-12T06:51:54","date_gmt":"2024-06-12T06:51:54","guid":{"rendered":"https:\/\/www.dzwchafingdish.com\/?post_type=product&#038;p=3861"},"modified":"2024-06-12T06:51:57","modified_gmt":"2024-06-12T06:51:57","slug":"dessert-display-stand-2","status":"publish","type":"product","link":"https:\/\/www.dzwchafingdish.com\/fr\/product\/dessert-display-stand-2\/","title":{"rendered":"Pr\u00e9sentoir \u00e0 desserts pour h\u00f4tel de mariage"},"content":{"rendered":"<div class=\"wp-block-columns is-layout-flex wp-container-core-columns-is-layout-28f84493 wp-block-columns-is-layout-flex\">\n<div class=\"wp-block-column is-layout-flow wp-block-column-is-layout-flow\">\n<h2 class=\"wp-block-heading\">Dimensions du pr\u00e9sentoir \u00e0 desserts<\/h2>\n\n\n\n<figure class=\"wp-block-table\"><table><tbody><tr><td>TAILLE<\/td><td>LONGUEUR<\/td><td>LARGE<\/td><td>HAUTEUR<\/td><\/tr><tr><td>Petit<\/td><td>18cm<\/td><td>18cm<\/td><td>19,5 kg<\/td><\/tr><tr><td>Moyen<\/td><td>24cm<\/td><td>24cm<\/td><td>15,5 kg<\/td><\/tr><tr><td>Grandes dimensions<\/td><td>26cm<\/td><td>26cm<\/td><td>15,5 kg<\/td><\/tr><\/tbody><\/table><\/figure>\n<\/div>\n\n\n\n<div class=\"wp-block-column is-layout-flow wp-block-column-is-layout-flow\">\n<figure class=\"wp-block-image aligncenter size-full is-resized\"><img fetchpriority=\"high\" decoding=\"async\" width=\"800\" height=\"800\" src=\"https:\/\/www.dzwchafingdish.com\/wp-content\/uploads\/2024\/03\/cake-plate-stand-1-1.webp\" alt=\"support pour assiette \u00e0 g\u00e2teau\" class=\"wp-image-3871\" style=\"width:506px;height:auto\" srcset=\"https:\/\/www.dzwchafingdish.com\/wp-content\/uploads\/2024\/03\/cake-plate-stand-1-1.webp 800w, https:\/\/www.dzwchafingdish.com\/wp-content\/uploads\/2024\/03\/cake-plate-stand-1-1-300x300.webp 300w, https:\/\/www.dzwchafingdish.com\/wp-content\/uploads\/2024\/03\/cake-plate-stand-1-1-150x150.webp 150w, https:\/\/www.dzwchafingdish.com\/wp-content\/uploads\/2024\/03\/cake-plate-stand-1-1-768x768.webp 768w\" sizes=\"(max-width: 800px) 100vw, 800px\" \/><\/figure>\n<\/div>\n<\/div>\n\n\n\n<div class=\"wp-block-columns is-layout-flex wp-container-core-columns-is-layout-28f84493 wp-block-columns-is-layout-flex\">\n<div class=\"wp-block-column is-layout-flow wp-block-column-is-layout-flow\">\n<figure class=\"wp-block-image size-full\"><img decoding=\"async\" width=\"1024\" height=\"1024\" src=\"https:\/\/www.dzwchafingdish.com\/wp-content\/uploads\/2024\/03\/cake-plate-stand-4-2.webp\" alt=\"support pour assiette \u00e0 g\u00e2teau\" class=\"wp-image-3878\" srcset=\"https:\/\/www.dzwchafingdish.com\/wp-content\/uploads\/2024\/03\/cake-plate-stand-4-2.webp 1024w, https:\/\/www.dzwchafingdish.com\/wp-content\/uploads\/2024\/03\/cake-plate-stand-4-2-300x300.webp 300w, https:\/\/www.dzwchafingdish.com\/wp-content\/uploads\/2024\/03\/cake-plate-stand-4-2-150x150.webp 150w, https:\/\/www.dzwchafingdish.com\/wp-content\/uploads\/2024\/03\/cake-plate-stand-4-2-768x768.webp 768w\" sizes=\"(max-width: 1024px) 100vw, 1024px\" \/><\/figure>\n<\/div>\n\n\n\n<div class=\"wp-block-column is-layout-flow wp-block-column-is-layout-flow\">\n<h2 class=\"wp-block-heading\">Pr\u00e9sentoir \u00e0 desserts Caract\u00e9ristiques :<\/h2>\n\n\n\n<ul class=\"wp-block-list\">\n<li>Design unique : support \u00e0 g\u00e2teaux carr\u00e9, avec un support en imitation de branche d'arbre, pour un aspect chic.<\/li>\n\n\n\n<li>Mat\u00e9riau en acier inoxydable : durable et facile \u00e0 nettoyer, il peut conserver son \u00e9clat et sa qualit\u00e9 pendant longtemps, ce qui garantit une utilisation durable de votre support \u00e0 g\u00e2teaux.<\/li>\n\n\n\n<li>Support stable : Le support robuste assure un soutien stable au support \u00e0 g\u00e2teaux, m\u00eame lorsque vous placez des g\u00e2teaux plus lourds, ils peuvent \u00eatre expos\u00e9s en toute s\u00e9curit\u00e9 et de mani\u00e8re stable.<\/li>\n\n\n\n<li>Utilisation multifonctionnelle : Pr\u00e9sentez des petits desserts, des p\u00e2tisseries, des biscuits et d'autres d\u00e9lices vari\u00e9s. Id\u00e9al pour les r\u00e9unions de famille, les f\u00eates d'anniversaire ou d'autres occasions sp\u00e9ciales.<\/li>\n<\/ul>\n<\/div>\n<\/div>","protected":false},"excerpt":{"rendered":"<p>Pr\u00e9sentoir \u00e0 Dessert Dimension TAILLE LONGUEUR LARGE HAUTEUR Petit 18cm 18cm 19.5kg Moyen 24cm 24cm 15.5kg Grand 26cm 26cm 15.5kg Pr\u00e9sentoir \u00e0 Dessert Caract\u00e9ristiques :<\/p>","protected":false},"author":1,"featured_media":3871,"parent":0,"menu_order":0,"template":"","format":"standard","meta":{"_acf_changed":false,"site-sidebar-layout":"default","site-content-layout":"","ast-site-content-layout":"default","site-content-style":"default","site-sidebar-style":"default","ast-global-header-display":"","ast-banner-title-visibility":"","ast-main-header-display":"","ast-hfb-above-header-display":"","ast-hfb-below-header-display":"","ast-hfb-mobile-header-display":"","site-post-title":"","ast-breadcrumbs-content":"","ast-featured-img":"","footer-sml-layout":"","theme-transparent-header-meta":"","adv-header-id-meta":"","stick-header-meta":"","header-above-stick-meta":"","header-main-stick-meta":"","header-below-stick-meta":"","astra-migrate-meta-layouts":"default","ast-page-background-enabled":"default","ast-page-background-meta":{"desktop":{"background-color":"var(--ast-global-color-4)","background-image":"","background-repeat":"repeat","background-position":"center center","background-size":"auto","background-attachment":"scroll","background-type":"","background-media":"","overlay-type":"","overlay-color":"","overlay-opacity":"","overlay-gradient":""},"tablet":{"background-color":"","background-image":"","background-repeat":"repeat","background-position":"center center","background-size":"auto","background-attachment":"scroll","background-type":"","background-media":"","overlay-type":"","overlay-color":"","overlay-opacity":"","overlay-gradient":""},"mobile":{"background-color":"","background-image":"","background-repeat":"repeat","background-position":"center center","background-size":"auto","background-attachment":"scroll","background-type":"","background-media":"","overlay-type":"","overlay-color":"","overlay-opacity":"","overlay-gradient":""}},"ast-content-background-meta":{"desktop":{"background-color":"var(--ast-global-color-5)","background-image":"","background-repeat":"repeat","background-position":"center center","background-size":"auto","background-attachment":"scroll","background-type":"","background-media":"","overlay-type":"","overlay-color":"","overlay-opacity":"","overlay-gradient":""},"tablet":{"background-color":"var(--ast-global-color-5)","background-image":"","background-repeat":"repeat","background-position":"center center","background-size":"auto","background-attachment":"scroll","background-type":"","background-media":"","overlay-type":"","overlay-color":"","overlay-opacity":"","overlay-gradient":""},"mobile":{"background-color":"var(--ast-global-color-5)","background-image":"","background-repeat":"repeat","background-position":"center center","background-size":"auto","background-attachment":"scroll","background-type":"","background-media":"","overlay-type":"","overlay-color":"","overlay-opacity":"","overlay-gradient":""}},"footnotes":""},"product-categories":[65],"product-tag":[],"class_list":["post-3861","product","type-product","status-publish","format-standard","has-post-thumbnail","hentry","product-categories-dessert-stand"],"acf":{"title":"Pr\u00e9sentoir \u00e0 desserts pour h\u00f4tel de mariage","title_source":{"label":"Title","type":"text","formatted_value":"Factory Supply Dessert Display Stand for Wedding Hotel"},"short_description":"Custom dessert display stand with unique carved base, and ceramic square plate, beautiful for weddings, corporate events and other occasions. Buffet Equipment Factory Direct sales welcome free inquiry!","short_description_source":{"label":"Short description","type":"textarea","formatted_value":"Custom dessert display stand with unique carved base, and ceramic square plate, beautiful for weddings, corporate events and other occasions. Buffet Equipment Factory Direct sales welcome free inquiry!"},"parameters":"<table border=\"0\" width=\"423\" cellspacing=\"0\" cellpadding=\"0\">\r\n<tbody>\r\n<tr>\r\n<td width=\"166\" height=\"23\">Manufacturer<\/td>\r\n<td width=\"257\">DONGZHAOWEI<\/td>\r\n<\/tr>\r\n<tr>\r\n<td height=\"23\">Material<\/td>\r\n<td>Stainless Steel 201 and Ceramic<\/td>\r\n<\/tr>\r\n<tr>\r\n<td height=\"23\">Tier<\/td>\r\n<td>1tier<\/td>\r\n<\/tr>\r\n<tr>\r\n<td height=\"24\">Color<\/td>\r\n<td>Golden\uff1bSilver<\/td>\r\n<\/tr>\r\n<tr>\r\n<td height=\"24\">Shape<\/td>\r\n<td>Square shape<\/td>\r\n<\/tr>\r\n<tr>\r\n<td height=\"24\">Custom<\/td>\r\n<td>Color\/Logo\/Package<\/td>\r\n<\/tr>\r\n<tr>\r\n<td height=\"24\">MOQ<\/td>\r\n<td>1 Sets<\/td>\r\n<\/tr>\r\n<\/tbody>\r\n<\/table>","parameters_source":{"label":"Parameters","type":"wysiwyg","formatted_value":"<table border=\"0\" width=\"423\" cellspacing=\"0\" cellpadding=\"0\">\n<tbody>\n<tr>\n<td width=\"166\" height=\"23\">Manufacturer<\/td>\n<td width=\"257\">DONGZHAOWEI<\/td>\n<\/tr>\n<tr>\n<td height=\"23\">Material<\/td>\n<td>Stainless Steel 201 and Ceramic<\/td>\n<\/tr>\n<tr>\n<td height=\"23\">Tier<\/td>\n<td>1tier<\/td>\n<\/tr>\n<tr>\n<td height=\"24\">Color<\/td>\n<td>Golden\uff1bSilver<\/td>\n<\/tr>\n<tr>\n<td height=\"24\">Shape<\/td>\n<td>Square shape<\/td>\n<\/tr>\n<tr>\n<td height=\"24\">Custom<\/td>\n<td>Color\/Logo\/Package<\/td>\n<\/tr>\n<tr>\n<td height=\"24\">MOQ<\/td>\n<td>1 Sets<\/td>\n<\/tr>\n<\/tbody>\n<\/table>\n"},"photo_gallery":{"product_gallery":[[{"id":3871,"title":"cake plate stand (1)","caption":"cake plate stand","full_image_url":"https:\/\/www.dzwchafingdish.com\/wp-content\/uploads\/2024\/03\/cake-plate-stand-1-1.webp","thumbnail_image_url":"https:\/\/www.dzwchafingdish.com\/wp-content\/uploads\/2024\/03\/cake-plate-stand-1-1-150x150.webp","large_srcset":"https:\/\/www.dzwchafingdish.com\/wp-content\/uploads\/2024\/03\/cake-plate-stand-1-1.webp 800w, https:\/\/www.dzwchafingdish.com\/wp-content\/uploads\/2024\/03\/cake-plate-stand-1-1-300x300.webp 300w, https:\/\/www.dzwchafingdish.com\/wp-content\/uploads\/2024\/03\/cake-plate-stand-1-1-150x150.webp 150w, https:\/\/www.dzwchafingdish.com\/wp-content\/uploads\/2024\/03\/cake-plate-stand-1-1-768x768.webp 768w","medium_srcset":"https:\/\/www.dzwchafingdish.com\/wp-content\/uploads\/2024\/03\/cake-plate-stand-1-1-300x300.webp 300w, https:\/\/www.dzwchafingdish.com\/wp-content\/uploads\/2024\/03\/cake-plate-stand-1-1-150x150.webp 150w, https:\/\/www.dzwchafingdish.com\/wp-content\/uploads\/2024\/03\/cake-plate-stand-1-1-768x768.webp 768w, https:\/\/www.dzwchafingdish.com\/wp-content\/uploads\/2024\/03\/cake-plate-stand-1-1.webp 800w","media_details":{"width":800,"height":800,"sizes":{"medium":{"file":"cake-plate-stand-1-1-300x300.webp","width":300,"height":300,"mime-type":"image\/webp","filesize":10286,"source_url":"https:\/\/www.dzwchafingdish.com\/wp-content\/uploads\/2024\/03\/cake-plate-stand-1-1-300x300.webp"},"thumbnail":{"file":"cake-plate-stand-1-1-150x150.webp","width":150,"height":150,"mime-type":"image\/webp","filesize":3442,"source_url":"https:\/\/www.dzwchafingdish.com\/wp-content\/uploads\/2024\/03\/cake-plate-stand-1-1-150x150.webp"},"medium_large":{"file":"cake-plate-stand-1-1-768x768.webp","width":768,"height":768,"mime-type":"image\/webp","filesize":37926,"source_url":"https:\/\/www.dzwchafingdish.com\/wp-content\/uploads\/2024\/03\/cake-plate-stand-1-1-768x768.webp"}}},"alt_text":"cake plate stand","url":"","target":""},{"id":3874,"title":"cake plate stand (4)","caption":"cake plate stand","full_image_url":"https:\/\/www.dzwchafingdish.com\/wp-content\/uploads\/2024\/03\/cake-plate-stand-4-1.webp","thumbnail_image_url":"https:\/\/www.dzwchafingdish.com\/wp-content\/uploads\/2024\/03\/cake-plate-stand-4-1-150x150.webp","large_srcset":"https:\/\/www.dzwchafingdish.com\/wp-content\/uploads\/2024\/03\/cake-plate-stand-4-1.webp 800w, https:\/\/www.dzwchafingdish.com\/wp-content\/uploads\/2024\/03\/cake-plate-stand-4-1-300x300.webp 300w, https:\/\/www.dzwchafingdish.com\/wp-content\/uploads\/2024\/03\/cake-plate-stand-4-1-150x150.webp 150w, https:\/\/www.dzwchafingdish.com\/wp-content\/uploads\/2024\/03\/cake-plate-stand-4-1-768x768.webp 768w","medium_srcset":"https:\/\/www.dzwchafingdish.com\/wp-content\/uploads\/2024\/03\/cake-plate-stand-4-1-300x300.webp 300w, https:\/\/www.dzwchafingdish.com\/wp-content\/uploads\/2024\/03\/cake-plate-stand-4-1-150x150.webp 150w, https:\/\/www.dzwchafingdish.com\/wp-content\/uploads\/2024\/03\/cake-plate-stand-4-1-768x768.webp 768w, https:\/\/www.dzwchafingdish.com\/wp-content\/uploads\/2024\/03\/cake-plate-stand-4-1.webp 800w","media_details":{"width":800,"height":800,"sizes":{"medium":{"file":"cake-plate-stand-4-1-300x300.webp","width":300,"height":300,"mime-type":"image\/webp","filesize":9278,"source_url":"https:\/\/www.dzwchafingdish.com\/wp-content\/uploads\/2024\/03\/cake-plate-stand-4-1-300x300.webp"},"thumbnail":{"file":"cake-plate-stand-4-1-150x150.webp","width":150,"height":150,"mime-type":"image\/webp","filesize":3346,"source_url":"https:\/\/www.dzwchafingdish.com\/wp-content\/uploads\/2024\/03\/cake-plate-stand-4-1-150x150.webp"},"medium_large":{"file":"cake-plate-stand-4-1-768x768.webp","width":768,"height":768,"mime-type":"image\/webp","filesize":30190,"source_url":"https:\/\/www.dzwchafingdish.com\/wp-content\/uploads\/2024\/03\/cake-plate-stand-4-1-768x768.webp"}}},"alt_text":"cake plate stand","url":"","target":""},{"id":3877,"title":"cake plate stand (3)","caption":"cake plate stand","full_image_url":"https:\/\/www.dzwchafingdish.com\/wp-content\/uploads\/2024\/03\/cake-plate-stand-3-2.webp","thumbnail_image_url":"https:\/\/www.dzwchafingdish.com\/wp-content\/uploads\/2024\/03\/cake-plate-stand-3-2-150x150.webp","large_srcset":"https:\/\/www.dzwchafingdish.com\/wp-content\/uploads\/2024\/03\/cake-plate-stand-3-2.webp 800w, https:\/\/www.dzwchafingdish.com\/wp-content\/uploads\/2024\/03\/cake-plate-stand-3-2-300x300.webp 300w, https:\/\/www.dzwchafingdish.com\/wp-content\/uploads\/2024\/03\/cake-plate-stand-3-2-150x150.webp 150w, https:\/\/www.dzwchafingdish.com\/wp-content\/uploads\/2024\/03\/cake-plate-stand-3-2-768x768.webp 768w","medium_srcset":"https:\/\/www.dzwchafingdish.com\/wp-content\/uploads\/2024\/03\/cake-plate-stand-3-2-300x300.webp 300w, https:\/\/www.dzwchafingdish.com\/wp-content\/uploads\/2024\/03\/cake-plate-stand-3-2-150x150.webp 150w, https:\/\/www.dzwchafingdish.com\/wp-content\/uploads\/2024\/03\/cake-plate-stand-3-2-768x768.webp 768w, https:\/\/www.dzwchafingdish.com\/wp-content\/uploads\/2024\/03\/cake-plate-stand-3-2.webp 800w","media_details":{"width":800,"height":800,"sizes":{"medium":{"file":"cake-plate-stand-3-2-300x300.webp","width":300,"height":300,"mime-type":"image\/webp","filesize":11190,"source_url":"https:\/\/www.dzwchafingdish.com\/wp-content\/uploads\/2024\/03\/cake-plate-stand-3-2-300x300.webp"},"thumbnail":{"file":"cake-plate-stand-3-2-150x150.webp","width":150,"height":150,"mime-type":"image\/webp","filesize":4064,"source_url":"https:\/\/www.dzwchafingdish.com\/wp-content\/uploads\/2024\/03\/cake-plate-stand-3-2-150x150.webp"},"medium_large":{"file":"cake-plate-stand-3-2-768x768.webp","width":768,"height":768,"mime-type":"image\/webp","filesize":36126,"source_url":"https:\/\/www.dzwchafingdish.com\/wp-content\/uploads\/2024\/03\/cake-plate-stand-3-2-768x768.webp"}}},"alt_text":"cake plate stand","url":"","target":""},{"id":3870,"title":"cake plate stand (9)","caption":"cake plate stand","full_image_url":"https:\/\/www.dzwchafingdish.com\/wp-content\/uploads\/2024\/03\/cake-plate-stand-9.webp","thumbnail_image_url":"https:\/\/www.dzwchafingdish.com\/wp-content\/uploads\/2024\/03\/cake-plate-stand-9-150x150.webp","large_srcset":"https:\/\/www.dzwchafingdish.com\/wp-content\/uploads\/2024\/03\/cake-plate-stand-9.webp 800w, https:\/\/www.dzwchafingdish.com\/wp-content\/uploads\/2024\/03\/cake-plate-stand-9-300x300.webp 300w, https:\/\/www.dzwchafingdish.com\/wp-content\/uploads\/2024\/03\/cake-plate-stand-9-150x150.webp 150w, https:\/\/www.dzwchafingdish.com\/wp-content\/uploads\/2024\/03\/cake-plate-stand-9-768x768.webp 768w","medium_srcset":"https:\/\/www.dzwchafingdish.com\/wp-content\/uploads\/2024\/03\/cake-plate-stand-9-300x300.webp 300w, https:\/\/www.dzwchafingdish.com\/wp-content\/uploads\/2024\/03\/cake-plate-stand-9-150x150.webp 150w, https:\/\/www.dzwchafingdish.com\/wp-content\/uploads\/2024\/03\/cake-plate-stand-9-768x768.webp 768w, https:\/\/www.dzwchafingdish.com\/wp-content\/uploads\/2024\/03\/cake-plate-stand-9.webp 800w","media_details":{"width":800,"height":800,"sizes":{"medium":{"file":"cake-plate-stand-9-300x300.webp","width":300,"height":300,"mime-type":"image\/webp","filesize":8028,"source_url":"https:\/\/www.dzwchafingdish.com\/wp-content\/uploads\/2024\/03\/cake-plate-stand-9-300x300.webp"},"thumbnail":{"file":"cake-plate-stand-9-150x150.webp","width":150,"height":150,"mime-type":"image\/webp","filesize":1840,"source_url":"https:\/\/www.dzwchafingdish.com\/wp-content\/uploads\/2024\/03\/cake-plate-stand-9-150x150.webp"},"medium_large":{"file":"cake-plate-stand-9-768x768.webp","width":768,"height":768,"mime-type":"image\/webp","filesize":51152,"source_url":"https:\/\/www.dzwchafingdish.com\/wp-content\/uploads\/2024\/03\/cake-plate-stand-9-768x768.webp"}}},"alt_text":"cake plate stand","url":"","target":""},{"id":3866,"title":"cake plate stand (5)","caption":"cake plate stand","full_image_url":"https:\/\/www.dzwchafingdish.com\/wp-content\/uploads\/2024\/03\/cake-plate-stand-5.webp","thumbnail_image_url":"https:\/\/www.dzwchafingdish.com\/wp-content\/uploads\/2024\/03\/cake-plate-stand-5-150x150.webp","large_srcset":"https:\/\/www.dzwchafingdish.com\/wp-content\/uploads\/2024\/03\/cake-plate-stand-5.webp 800w, https:\/\/www.dzwchafingdish.com\/wp-content\/uploads\/2024\/03\/cake-plate-stand-5-300x300.webp 300w, https:\/\/www.dzwchafingdish.com\/wp-content\/uploads\/2024\/03\/cake-plate-stand-5-150x150.webp 150w, https:\/\/www.dzwchafingdish.com\/wp-content\/uploads\/2024\/03\/cake-plate-stand-5-768x768.webp 768w","medium_srcset":"https:\/\/www.dzwchafingdish.com\/wp-content\/uploads\/2024\/03\/cake-plate-stand-5-300x300.webp 300w, https:\/\/www.dzwchafingdish.com\/wp-content\/uploads\/2024\/03\/cake-plate-stand-5-150x150.webp 150w, https:\/\/www.dzwchafingdish.com\/wp-content\/uploads\/2024\/03\/cake-plate-stand-5-768x768.webp 768w, https:\/\/www.dzwchafingdish.com\/wp-content\/uploads\/2024\/03\/cake-plate-stand-5.webp 800w","media_details":{"width":800,"height":800,"sizes":{"medium":{"file":"cake-plate-stand-5-300x300.webp","width":300,"height":300,"mime-type":"image\/webp","filesize":6808,"source_url":"https:\/\/www.dzwchafingdish.com\/wp-content\/uploads\/2024\/03\/cake-plate-stand-5-300x300.webp"},"thumbnail":{"file":"cake-plate-stand-5-150x150.webp","width":150,"height":150,"mime-type":"image\/webp","filesize":1628,"source_url":"https:\/\/www.dzwchafingdish.com\/wp-content\/uploads\/2024\/03\/cake-plate-stand-5-150x150.webp"},"medium_large":{"file":"cake-plate-stand-5-768x768.webp","width":768,"height":768,"mime-type":"image\/webp","filesize":44830,"source_url":"https:\/\/www.dzwchafingdish.com\/wp-content\/uploads\/2024\/03\/cake-plate-stand-5-768x768.webp"}}},"alt_text":"cake plate stand","url":"","target":""},{"id":3878,"title":"cake plate stand (4)","caption":"cake plate stand","full_image_url":"https:\/\/www.dzwchafingdish.com\/wp-content\/uploads\/2024\/03\/cake-plate-stand-4-2.webp","thumbnail_image_url":"https:\/\/www.dzwchafingdish.com\/wp-content\/uploads\/2024\/03\/cake-plate-stand-4-2-150x150.webp","large_srcset":"https:\/\/www.dzwchafingdish.com\/wp-content\/uploads\/2024\/03\/cake-plate-stand-4-2.webp 1024w, https:\/\/www.dzwchafingdish.com\/wp-content\/uploads\/2024\/03\/cake-plate-stand-4-2-300x300.webp 300w, https:\/\/www.dzwchafingdish.com\/wp-content\/uploads\/2024\/03\/cake-plate-stand-4-2-150x150.webp 150w, https:\/\/www.dzwchafingdish.com\/wp-content\/uploads\/2024\/03\/cake-plate-stand-4-2-768x768.webp 768w","medium_srcset":"https:\/\/www.dzwchafingdish.com\/wp-content\/uploads\/2024\/03\/cake-plate-stand-4-2-300x300.webp 300w, https:\/\/www.dzwchafingdish.com\/wp-content\/uploads\/2024\/03\/cake-plate-stand-4-2-150x150.webp 150w, https:\/\/www.dzwchafingdish.com\/wp-content\/uploads\/2024\/03\/cake-plate-stand-4-2-768x768.webp 768w, https:\/\/www.dzwchafingdish.com\/wp-content\/uploads\/2024\/03\/cake-plate-stand-4-2.webp 1024w","media_details":{"width":1024,"height":1024,"sizes":{"medium":{"file":"cake-plate-stand-4-2-300x300.webp","width":300,"height":300,"mime-type":"image\/webp","filesize":16886,"source_url":"https:\/\/www.dzwchafingdish.com\/wp-content\/uploads\/2024\/03\/cake-plate-stand-4-2-300x300.webp"},"thumbnail":{"file":"cake-plate-stand-4-2-150x150.webp","width":150,"height":150,"mime-type":"image\/webp","filesize":5416,"source_url":"https:\/\/www.dzwchafingdish.com\/wp-content\/uploads\/2024\/03\/cake-plate-stand-4-2-150x150.webp"},"medium_large":{"file":"cake-plate-stand-4-2-768x768.webp","width":768,"height":768,"mime-type":"image\/webp","filesize":66500,"source_url":"https:\/\/www.dzwchafingdish.com\/wp-content\/uploads\/2024\/03\/cake-plate-stand-4-2-768x768.webp"}}},"alt_text":"cake plate stand","url":"","target":""}]]}},"_links":{"self":[{"href":"https:\/\/www.dzwchafingdish.com\/fr\/wp-json\/wp\/v2\/product\/3861","targetHints":{"allow":["GET"]}}],"collection":[{"href":"https:\/\/www.dzwchafingdish.com\/fr\/wp-json\/wp\/v2\/product"}],"about":[{"href":"https:\/\/www.dzwchafingdish.com\/fr\/wp-json\/wp\/v2\/types\/product"}],"author":[{"embeddable":true,"href":"https:\/\/www.dzwchafingdish.com\/fr\/wp-json\/wp\/v2\/users\/1"}],"version-history":[{"count":0,"href":"https:\/\/www.dzwchafingdish.com\/fr\/wp-json\/wp\/v2\/product\/3861\/revisions"}],"wp:featuredmedia":[{"embeddable":true,"href":"https:\/\/www.dzwchafingdish.com\/fr\/wp-json\/wp\/v2\/media\/3871"}],"wp:attachment":[{"href":"https:\/\/www.dzwchafingdish.com\/fr\/wp-json\/wp\/v2\/media?parent=3861"}],"wp:term":[{"taxonomy":"product-categories","embeddable":true,"href":"https:\/\/www.dzwchafingdish.com\/fr\/wp-json\/wp\/v2\/product-categories?post=3861"},{"taxonomy":"product-tag","embeddable":true,"href":"https:\/\/www.dzwchafingdish.com\/fr\/wp-json\/wp\/v2\/product-tag?post=3861"}],"curies":[{"name":"wp","href":"https:\/\/api.w.org\/{rel}","templated":true}]}}