{"id":3952,"date":"2024-04-13T06:25:27","date_gmt":"2024-04-13T06:25:27","guid":{"rendered":"https:\/\/www.dzwchafingdish.com\/?post_type=product&#038;p=3952"},"modified":"2024-06-15T03:58:21","modified_gmt":"2024-06-15T03:58:21","slug":"small-chafing-dish","status":"publish","type":"product","link":"https:\/\/www.dzwchafingdish.com\/fr\/product\/small-chafing-dish\/","title":{"rendered":"Petit r\u00e9chaud personnalis\u00e9 en verre 2L avec support en or exquis"},"content":{"rendered":"<div class=\"wp-block-columns is-layout-flex wp-container-core-columns-is-layout-28f84493 wp-block-columns-is-layout-flex\">\n<div class=\"wp-block-column is-vertically-aligned-center is-layout-flow wp-block-column-is-layout-flow\">\n<h2 class=\"wp-block-heading\"><strong>Petit plat \u00e0 r\u00f4tir Dimension<\/strong><\/h2>\n\n\n\n<figure class=\"wp-block-table\"><table><tbody><tr><td>ITEM NO.<\/td><td>TAILLE<\/td><td>LONGUEUR<\/td><td>LARGE<\/td><td>HAUTEUR<\/td><td>N.W \/SET<\/td><\/tr><tr><td>DZW-OS030<\/td><td>2.0L<\/td><td>59 cm<\/td><td>59 cm<\/td><td>49 cm<\/td><td>1730 g<\/td><\/tr><tr><td>DZW-OS030<\/td><td>2.0L<\/td><td>59 cm<\/td><td>59 cm<\/td><td>49 cm<\/td><td>1730 g<\/td><\/tr><\/tbody><\/table><\/figure>\n<\/div>\n\n\n\n<div class=\"wp-block-column is-layout-flow wp-block-column-is-layout-flow\">\n<figure class=\"wp-block-image aligncenter size-full is-resized\"><img fetchpriority=\"high\" decoding=\"async\" width=\"800\" height=\"800\" src=\"https:\/\/www.dzwchafingdish.com\/wp-content\/uploads\/2024\/04\/wholesale-chafing-dish-buffet-set-6.webp\" alt=\"grossiste-chafing-dish-buffet-set-6\" class=\"wp-image-3958\" style=\"width:393px;height:auto\" srcset=\"https:\/\/www.dzwchafingdish.com\/wp-content\/uploads\/2024\/04\/wholesale-chafing-dish-buffet-set-6.webp 800w, https:\/\/www.dzwchafingdish.com\/wp-content\/uploads\/2024\/04\/wholesale-chafing-dish-buffet-set-6-300x300.webp 300w, https:\/\/www.dzwchafingdish.com\/wp-content\/uploads\/2024\/04\/wholesale-chafing-dish-buffet-set-6-150x150.webp 150w, https:\/\/www.dzwchafingdish.com\/wp-content\/uploads\/2024\/04\/wholesale-chafing-dish-buffet-set-6-768x768.webp 768w\" sizes=\"(max-width: 800px) 100vw, 800px\" \/><\/figure>\n<\/div>\n<\/div>\n\n\n\n<div class=\"wp-block-columns is-layout-flex wp-container-core-columns-is-layout-28f84493 wp-block-columns-is-layout-flex\">\n<div class=\"wp-block-column is-layout-flow wp-block-column-is-layout-flow\">\n<figure class=\"wp-block-image size-full\"><img decoding=\"async\" width=\"800\" height=\"800\" src=\"https:\/\/www.dzwchafingdish.com\/wp-content\/uploads\/2024\/04\/wholesale-chafing-dish-buffet-set-5.webp\" alt=\"set d&#039;assiettes en gros - chafing-dish-buffet-set-5\" class=\"wp-image-3957\" srcset=\"https:\/\/www.dzwchafingdish.com\/wp-content\/uploads\/2024\/04\/wholesale-chafing-dish-buffet-set-5.webp 800w, https:\/\/www.dzwchafingdish.com\/wp-content\/uploads\/2024\/04\/wholesale-chafing-dish-buffet-set-5-300x300.webp 300w, https:\/\/www.dzwchafingdish.com\/wp-content\/uploads\/2024\/04\/wholesale-chafing-dish-buffet-set-5-150x150.webp 150w, https:\/\/www.dzwchafingdish.com\/wp-content\/uploads\/2024\/04\/wholesale-chafing-dish-buffet-set-5-768x768.webp 768w\" sizes=\"(max-width: 800px) 100vw, 800px\" \/><\/figure>\n<\/div>\n\n\n\n<div class=\"wp-block-column is-layout-flow wp-block-column-is-layout-flow\">\n<h2 class=\"wp-block-heading\"><strong>Petit plat \u00e0 r\u00f4tir Caract\u00e9ristiques :<\/strong><\/h2>\n\n\n\n<ul class=\"wp-block-list\">\n<li>Service personnalis\u00e9 : Le service de buffet de chafing dish est personnalis\u00e9 en fonction des besoins du client afin de s'assurer que le produit est parfaitement adapt\u00e9 \u00e0 votre \u00e9v\u00e9nement ou occasion.<\/li>\n\n\n\n<li>Compact et portable : capacit\u00e9 de 2 litres, compact et l\u00e9ger, facile \u00e0 transporter et \u00e0 placer, convient aux petites r\u00e9unions, aux d\u00eeners en famille et \u00e0 d'autres occasions.<\/li>\n\n\n\n<li>Accessoires complets : \u00c9quip\u00e9 d'un couvercle, il permet de conserver efficacement les aliments au chaud et d'en pr\u00e9server le go\u00fbt et la temp\u00e9rature.<\/li>\n\n\n\n<li>Utilisation multifonctionnelle : Cet ensemble buffet pour chafing dish convient non seulement au service de buffet, mais aussi aux d\u00eeners en famille, aux pique-niques et \u00e0 d'autres occasions pour r\u00e9pondre \u00e0 des besoins diff\u00e9rents.<\/li>\n<\/ul>\n<\/div>\n<\/div>","protected":false},"excerpt":{"rendered":"<p>Petit plat \u00e0 r\u00f4tir Dimension ITEM NO. DZW-OS030 2.0L 59 cm 59 cm 49 cm 1730 g DZW-OS030 2.0L 59 cm 59 cm 49 cm 1730 g Petit plat \u00e0 r\u00f4tir Caract\u00e9ristiques :<\/p>","protected":false},"author":3,"featured_media":3955,"parent":0,"menu_order":0,"template":"","format":"standard","meta":{"_acf_changed":false,"site-sidebar-layout":"default","site-content-layout":"","ast-site-content-layout":"default","site-content-style":"default","site-sidebar-style":"default","ast-global-header-display":"","ast-banner-title-visibility":"","ast-main-header-display":"","ast-hfb-above-header-display":"","ast-hfb-below-header-display":"","ast-hfb-mobile-header-display":"","site-post-title":"","ast-breadcrumbs-content":"","ast-featured-img":"","footer-sml-layout":"","theme-transparent-header-meta":"","adv-header-id-meta":"","stick-header-meta":"","header-above-stick-meta":"","header-main-stick-meta":"","header-below-stick-meta":"","astra-migrate-meta-layouts":"default","ast-page-background-enabled":"default","ast-page-background-meta":{"desktop":{"background-color":"var(--ast-global-color-4)","background-image":"","background-repeat":"repeat","background-position":"center center","background-size":"auto","background-attachment":"scroll","background-type":"","background-media":"","overlay-type":"","overlay-color":"","overlay-opacity":"","overlay-gradient":""},"tablet":{"background-color":"","background-image":"","background-repeat":"repeat","background-position":"center center","background-size":"auto","background-attachment":"scroll","background-type":"","background-media":"","overlay-type":"","overlay-color":"","overlay-opacity":"","overlay-gradient":""},"mobile":{"background-color":"","background-image":"","background-repeat":"repeat","background-position":"center center","background-size":"auto","background-attachment":"scroll","background-type":"","background-media":"","overlay-type":"","overlay-color":"","overlay-opacity":"","overlay-gradient":""}},"ast-content-background-meta":{"desktop":{"background-color":"var(--ast-global-color-5)","background-image":"","background-repeat":"repeat","background-position":"center center","background-size":"auto","background-attachment":"scroll","background-type":"","background-media":"","overlay-type":"","overlay-color":"","overlay-opacity":"","overlay-gradient":""},"tablet":{"background-color":"var(--ast-global-color-5)","background-image":"","background-repeat":"repeat","background-position":"center center","background-size":"auto","background-attachment":"scroll","background-type":"","background-media":"","overlay-type":"","overlay-color":"","overlay-opacity":"","overlay-gradient":""},"mobile":{"background-color":"var(--ast-global-color-5)","background-image":"","background-repeat":"repeat","background-position":"center center","background-size":"auto","background-attachment":"scroll","background-type":"","background-media":"","overlay-type":"","overlay-color":"","overlay-opacity":"","overlay-gradient":""}},"footnotes":""},"product-categories":[63],"product-tag":[90,98,91],"class_list":["post-3952","product","type-product","status-publish","format-standard","has-post-thumbnail","hentry","product-categories-chafing-dish","product-tag-fuel-chafing-dish","product-tag-glass-chafing-dish","product-tag-round-chafing-dish"],"acf":{"title":"Petit r\u00e9chaud personnalis\u00e9 en verre 2L avec support en or exquis","title_source":{"label":"Title","type":"text","formatted_value":"Custom Small Chafing Dish Glass 2L with Exquisite Gold Stand"},"short_description":"Factory outlet glass chafing dish good price, welcome to order in bulk.  this small chafing dish combines beauty with durability, featuring a beautiful gold stainless steel stand and unique design paired with a glass pan,It's a popular style for restaurant weddings.","short_description_source":{"label":"Short description","type":"textarea","formatted_value":"Factory outlet glass chafing dish good price, welcome to order in bulk.  this small chafing dish combines beauty with durability, featuring a beautiful gold stainless steel stand and unique design paired with a glass pan,It's a popular style for restaurant weddings."},"parameters":"<table border=\"0\" width=\"275\" cellspacing=\"0\" cellpadding=\"0\">\r\n<tbody>\r\n<tr>\r\n<td width=\"108\" height=\"17\">Manufacturer<\/td>\r\n<td width=\"167\">DONGZHAOWEI<\/td>\r\n<\/tr>\r\n<tr>\r\n<td height=\"17\">Material<\/td>\r\n<td>Stainless Steel 201 + Glass<\/td>\r\n<\/tr>\r\n<tr>\r\n<td height=\"17\">Capacity<\/td>\r\n<td>2.0L<\/td>\r\n<\/tr>\r\n<tr>\r\n<td height=\"17\">Color<\/td>\r\n<td>Golden \/ Silver<\/td>\r\n<\/tr>\r\n<tr>\r\n<td height=\"17\">Design<\/td>\r\n<td>Round Shape<\/td>\r\n<\/tr>\r\n<tr>\r\n<td height=\"17\">Tray<\/td>\r\n<td>No divided \/ Divided tray<\/td>\r\n<\/tr>\r\n<tr>\r\n<td height=\"17\">Lid type<\/td>\r\n<td>Hanging Lid<\/td>\r\n<\/tr>\r\n<tr>\r\n<td height=\"17\">Heat<\/td>\r\n<td>Fuel<\/td>\r\n<\/tr>\r\n<tr>\r\n<td height=\"17\">Custom<\/td>\r\n<td>Color\/Logo\/Package<\/td>\r\n<\/tr>\r\n<\/tbody>\r\n<\/table>","parameters_source":{"label":"Parameters","type":"wysiwyg","formatted_value":"<table border=\"0\" width=\"275\" cellspacing=\"0\" cellpadding=\"0\">\n<tbody>\n<tr>\n<td width=\"108\" height=\"17\">Manufacturer<\/td>\n<td width=\"167\">DONGZHAOWEI<\/td>\n<\/tr>\n<tr>\n<td height=\"17\">Material<\/td>\n<td>Stainless Steel 201 + Glass<\/td>\n<\/tr>\n<tr>\n<td height=\"17\">Capacity<\/td>\n<td>2.0L<\/td>\n<\/tr>\n<tr>\n<td height=\"17\">Color<\/td>\n<td>Golden \/ Silver<\/td>\n<\/tr>\n<tr>\n<td height=\"17\">Design<\/td>\n<td>Round Shape<\/td>\n<\/tr>\n<tr>\n<td height=\"17\">Tray<\/td>\n<td>No divided \/ Divided tray<\/td>\n<\/tr>\n<tr>\n<td height=\"17\">Lid type<\/td>\n<td>Hanging Lid<\/td>\n<\/tr>\n<tr>\n<td height=\"17\">Heat<\/td>\n<td>Fuel<\/td>\n<\/tr>\n<tr>\n<td height=\"17\">Custom<\/td>\n<td>Color\/Logo\/Package<\/td>\n<\/tr>\n<\/tbody>\n<\/table>\n"},"photo_gallery":{"product_gallery":[[{"id":3955,"title":"wholesale-chafing-dish-buffet-set-3","caption":"wholesale-chafing-dish-buffet-set-3","full_image_url":"https:\/\/www.dzwchafingdish.com\/wp-content\/uploads\/2024\/04\/wholesale-chafing-dish-buffet-set-3.webp","thumbnail_image_url":"https:\/\/www.dzwchafingdish.com\/wp-content\/uploads\/2024\/04\/wholesale-chafing-dish-buffet-set-3-150x150.webp","large_srcset":"https:\/\/www.dzwchafingdish.com\/wp-content\/uploads\/2024\/04\/wholesale-chafing-dish-buffet-set-3.webp 800w, https:\/\/www.dzwchafingdish.com\/wp-content\/uploads\/2024\/04\/wholesale-chafing-dish-buffet-set-3-300x300.webp 300w, https:\/\/www.dzwchafingdish.com\/wp-content\/uploads\/2024\/04\/wholesale-chafing-dish-buffet-set-3-150x150.webp 150w, https:\/\/www.dzwchafingdish.com\/wp-content\/uploads\/2024\/04\/wholesale-chafing-dish-buffet-set-3-768x768.webp 768w","medium_srcset":"https:\/\/www.dzwchafingdish.com\/wp-content\/uploads\/2024\/04\/wholesale-chafing-dish-buffet-set-3-300x300.webp 300w, https:\/\/www.dzwchafingdish.com\/wp-content\/uploads\/2024\/04\/wholesale-chafing-dish-buffet-set-3-150x150.webp 150w, https:\/\/www.dzwchafingdish.com\/wp-content\/uploads\/2024\/04\/wholesale-chafing-dish-buffet-set-3-768x768.webp 768w, https:\/\/www.dzwchafingdish.com\/wp-content\/uploads\/2024\/04\/wholesale-chafing-dish-buffet-set-3.webp 800w","media_details":{"width":800,"height":800,"sizes":{"medium":{"file":"wholesale-chafing-dish-buffet-set-3-300x300.webp","width":300,"height":300,"mime-type":"image\/webp","filesize":11934,"source_url":"https:\/\/www.dzwchafingdish.com\/wp-content\/uploads\/2024\/04\/wholesale-chafing-dish-buffet-set-3-300x300.webp"},"thumbnail":{"file":"wholesale-chafing-dish-buffet-set-3-150x150.webp","width":150,"height":150,"mime-type":"image\/webp","filesize":4054,"source_url":"https:\/\/www.dzwchafingdish.com\/wp-content\/uploads\/2024\/04\/wholesale-chafing-dish-buffet-set-3-150x150.webp"},"medium_large":{"file":"wholesale-chafing-dish-buffet-set-3-768x768.webp","width":768,"height":768,"mime-type":"image\/webp","filesize":49600,"source_url":"https:\/\/www.dzwchafingdish.com\/wp-content\/uploads\/2024\/04\/wholesale-chafing-dish-buffet-set-3-768x768.webp"}}},"alt_text":"wholesale-chafing-dish-buffet-set-3","url":"","target":""},{"id":3953,"title":"wholesale-chafing-dish-buffet-set-1","caption":"wholesale-chafing-dish-buffet-set-1","full_image_url":"https:\/\/www.dzwchafingdish.com\/wp-content\/uploads\/2024\/04\/wholesale-chafing-dish-buffet-set-1.webp","thumbnail_image_url":"https:\/\/www.dzwchafingdish.com\/wp-content\/uploads\/2024\/04\/wholesale-chafing-dish-buffet-set-1-150x150.webp","large_srcset":"https:\/\/www.dzwchafingdish.com\/wp-content\/uploads\/2024\/04\/wholesale-chafing-dish-buffet-set-1.webp 800w, https:\/\/www.dzwchafingdish.com\/wp-content\/uploads\/2024\/04\/wholesale-chafing-dish-buffet-set-1-300x300.webp 300w, https:\/\/www.dzwchafingdish.com\/wp-content\/uploads\/2024\/04\/wholesale-chafing-dish-buffet-set-1-150x150.webp 150w, https:\/\/www.dzwchafingdish.com\/wp-content\/uploads\/2024\/04\/wholesale-chafing-dish-buffet-set-1-768x768.webp 768w","medium_srcset":"https:\/\/www.dzwchafingdish.com\/wp-content\/uploads\/2024\/04\/wholesale-chafing-dish-buffet-set-1-300x300.webp 300w, https:\/\/www.dzwchafingdish.com\/wp-content\/uploads\/2024\/04\/wholesale-chafing-dish-buffet-set-1-150x150.webp 150w, https:\/\/www.dzwchafingdish.com\/wp-content\/uploads\/2024\/04\/wholesale-chafing-dish-buffet-set-1-768x768.webp 768w, https:\/\/www.dzwchafingdish.com\/wp-content\/uploads\/2024\/04\/wholesale-chafing-dish-buffet-set-1.webp 800w","media_details":{"width":800,"height":800,"sizes":{"medium":{"file":"wholesale-chafing-dish-buffet-set-1-300x300.webp","width":300,"height":300,"mime-type":"image\/webp","filesize":9510,"source_url":"https:\/\/www.dzwchafingdish.com\/wp-content\/uploads\/2024\/04\/wholesale-chafing-dish-buffet-set-1-300x300.webp"},"thumbnail":{"file":"wholesale-chafing-dish-buffet-set-1-150x150.webp","width":150,"height":150,"mime-type":"image\/webp","filesize":3184,"source_url":"https:\/\/www.dzwchafingdish.com\/wp-content\/uploads\/2024\/04\/wholesale-chafing-dish-buffet-set-1-150x150.webp"},"medium_large":{"file":"wholesale-chafing-dish-buffet-set-1-768x768.webp","width":768,"height":768,"mime-type":"image\/webp","filesize":39574,"source_url":"https:\/\/www.dzwchafingdish.com\/wp-content\/uploads\/2024\/04\/wholesale-chafing-dish-buffet-set-1-768x768.webp"}}},"alt_text":"wholesale-chafing-dish-buffet-set-1","url":"","target":""},{"id":3957,"title":"wholesale-chafing-dish-buffet-set-5","caption":"wholesale-chafing-dish-buffet-set-5","full_image_url":"https:\/\/www.dzwchafingdish.com\/wp-content\/uploads\/2024\/04\/wholesale-chafing-dish-buffet-set-5.webp","thumbnail_image_url":"https:\/\/www.dzwchafingdish.com\/wp-content\/uploads\/2024\/04\/wholesale-chafing-dish-buffet-set-5-150x150.webp","large_srcset":"https:\/\/www.dzwchafingdish.com\/wp-content\/uploads\/2024\/04\/wholesale-chafing-dish-buffet-set-5.webp 800w, https:\/\/www.dzwchafingdish.com\/wp-content\/uploads\/2024\/04\/wholesale-chafing-dish-buffet-set-5-300x300.webp 300w, https:\/\/www.dzwchafingdish.com\/wp-content\/uploads\/2024\/04\/wholesale-chafing-dish-buffet-set-5-150x150.webp 150w, https:\/\/www.dzwchafingdish.com\/wp-content\/uploads\/2024\/04\/wholesale-chafing-dish-buffet-set-5-768x768.webp 768w","medium_srcset":"https:\/\/www.dzwchafingdish.com\/wp-content\/uploads\/2024\/04\/wholesale-chafing-dish-buffet-set-5-300x300.webp 300w, https:\/\/www.dzwchafingdish.com\/wp-content\/uploads\/2024\/04\/wholesale-chafing-dish-buffet-set-5-150x150.webp 150w, https:\/\/www.dzwchafingdish.com\/wp-content\/uploads\/2024\/04\/wholesale-chafing-dish-buffet-set-5-768x768.webp 768w, https:\/\/www.dzwchafingdish.com\/wp-content\/uploads\/2024\/04\/wholesale-chafing-dish-buffet-set-5.webp 800w","media_details":{"width":800,"height":800,"sizes":{"medium":{"file":"wholesale-chafing-dish-buffet-set-5-300x300.webp","width":300,"height":300,"mime-type":"image\/webp","filesize":12702,"source_url":"https:\/\/www.dzwchafingdish.com\/wp-content\/uploads\/2024\/04\/wholesale-chafing-dish-buffet-set-5-300x300.webp"},"thumbnail":{"file":"wholesale-chafing-dish-buffet-set-5-150x150.webp","width":150,"height":150,"mime-type":"image\/webp","filesize":3992,"source_url":"https:\/\/www.dzwchafingdish.com\/wp-content\/uploads\/2024\/04\/wholesale-chafing-dish-buffet-set-5-150x150.webp"},"medium_large":{"file":"wholesale-chafing-dish-buffet-set-5-768x768.webp","width":768,"height":768,"mime-type":"image\/webp","filesize":58144,"source_url":"https:\/\/www.dzwchafingdish.com\/wp-content\/uploads\/2024\/04\/wholesale-chafing-dish-buffet-set-5-768x768.webp"}}},"alt_text":"wholesale-chafing-dish-buffet-set-5","url":"","target":""},{"id":3954,"title":"wholesale-chafing-dish-buffet-set-2","caption":"wholesale-chafing-dish-buffet-set-2","full_image_url":"https:\/\/www.dzwchafingdish.com\/wp-content\/uploads\/2024\/04\/wholesale-chafing-dish-buffet-set-2.webp","thumbnail_image_url":"https:\/\/www.dzwchafingdish.com\/wp-content\/uploads\/2024\/04\/wholesale-chafing-dish-buffet-set-2-150x150.webp","large_srcset":"https:\/\/www.dzwchafingdish.com\/wp-content\/uploads\/2024\/04\/wholesale-chafing-dish-buffet-set-2.webp 800w, https:\/\/www.dzwchafingdish.com\/wp-content\/uploads\/2024\/04\/wholesale-chafing-dish-buffet-set-2-300x300.webp 300w, https:\/\/www.dzwchafingdish.com\/wp-content\/uploads\/2024\/04\/wholesale-chafing-dish-buffet-set-2-150x150.webp 150w, https:\/\/www.dzwchafingdish.com\/wp-content\/uploads\/2024\/04\/wholesale-chafing-dish-buffet-set-2-768x768.webp 768w","medium_srcset":"https:\/\/www.dzwchafingdish.com\/wp-content\/uploads\/2024\/04\/wholesale-chafing-dish-buffet-set-2-300x300.webp 300w, https:\/\/www.dzwchafingdish.com\/wp-content\/uploads\/2024\/04\/wholesale-chafing-dish-buffet-set-2-150x150.webp 150w, https:\/\/www.dzwchafingdish.com\/wp-content\/uploads\/2024\/04\/wholesale-chafing-dish-buffet-set-2-768x768.webp 768w, https:\/\/www.dzwchafingdish.com\/wp-content\/uploads\/2024\/04\/wholesale-chafing-dish-buffet-set-2.webp 800w","media_details":{"width":800,"height":800,"sizes":{"medium":{"file":"wholesale-chafing-dish-buffet-set-2-300x300.webp","width":300,"height":300,"mime-type":"image\/webp","filesize":10302,"source_url":"https:\/\/www.dzwchafingdish.com\/wp-content\/uploads\/2024\/04\/wholesale-chafing-dish-buffet-set-2-300x300.webp"},"thumbnail":{"file":"wholesale-chafing-dish-buffet-set-2-150x150.webp","width":150,"height":150,"mime-type":"image\/webp","filesize":3190,"source_url":"https:\/\/www.dzwchafingdish.com\/wp-content\/uploads\/2024\/04\/wholesale-chafing-dish-buffet-set-2-150x150.webp"},"medium_large":{"file":"wholesale-chafing-dish-buffet-set-2-768x768.webp","width":768,"height":768,"mime-type":"image\/webp","filesize":48462,"source_url":"https:\/\/www.dzwchafingdish.com\/wp-content\/uploads\/2024\/04\/wholesale-chafing-dish-buffet-set-2-768x768.webp"}}},"alt_text":"wholesale-chafing-dish-buffet-set-2","url":"","target":""},{"id":3958,"title":"wholesale-chafing-dish-buffet-set-6","caption":"wholesale-chafing-dish-buffet-set-6","full_image_url":"https:\/\/www.dzwchafingdish.com\/wp-content\/uploads\/2024\/04\/wholesale-chafing-dish-buffet-set-6.webp","thumbnail_image_url":"https:\/\/www.dzwchafingdish.com\/wp-content\/uploads\/2024\/04\/wholesale-chafing-dish-buffet-set-6-150x150.webp","large_srcset":"https:\/\/www.dzwchafingdish.com\/wp-content\/uploads\/2024\/04\/wholesale-chafing-dish-buffet-set-6.webp 800w, https:\/\/www.dzwchafingdish.com\/wp-content\/uploads\/2024\/04\/wholesale-chafing-dish-buffet-set-6-300x300.webp 300w, https:\/\/www.dzwchafingdish.com\/wp-content\/uploads\/2024\/04\/wholesale-chafing-dish-buffet-set-6-150x150.webp 150w, https:\/\/www.dzwchafingdish.com\/wp-content\/uploads\/2024\/04\/wholesale-chafing-dish-buffet-set-6-768x768.webp 768w","medium_srcset":"https:\/\/www.dzwchafingdish.com\/wp-content\/uploads\/2024\/04\/wholesale-chafing-dish-buffet-set-6-300x300.webp 300w, https:\/\/www.dzwchafingdish.com\/wp-content\/uploads\/2024\/04\/wholesale-chafing-dish-buffet-set-6-150x150.webp 150w, https:\/\/www.dzwchafingdish.com\/wp-content\/uploads\/2024\/04\/wholesale-chafing-dish-buffet-set-6-768x768.webp 768w, https:\/\/www.dzwchafingdish.com\/wp-content\/uploads\/2024\/04\/wholesale-chafing-dish-buffet-set-6.webp 800w","media_details":{"width":800,"height":800,"sizes":{"medium":{"file":"wholesale-chafing-dish-buffet-set-6-300x300.webp","width":300,"height":300,"mime-type":"image\/webp","filesize":12652,"source_url":"https:\/\/www.dzwchafingdish.com\/wp-content\/uploads\/2024\/04\/wholesale-chafing-dish-buffet-set-6-300x300.webp"},"thumbnail":{"file":"wholesale-chafing-dish-buffet-set-6-150x150.webp","width":150,"height":150,"mime-type":"image\/webp","filesize":4220,"source_url":"https:\/\/www.dzwchafingdish.com\/wp-content\/uploads\/2024\/04\/wholesale-chafing-dish-buffet-set-6-150x150.webp"},"medium_large":{"file":"wholesale-chafing-dish-buffet-set-6-768x768.webp","width":768,"height":768,"mime-type":"image\/webp","filesize":53260,"source_url":"https:\/\/www.dzwchafingdish.com\/wp-content\/uploads\/2024\/04\/wholesale-chafing-dish-buffet-set-6-768x768.webp"}}},"alt_text":"wholesale-chafing-dish-buffet-set-6","url":"","target":""},{"id":3956,"title":"wholesale-chafing-dish-buffet-set-4","caption":"wholesale-chafing-dish-buffet-set-4","full_image_url":"https:\/\/www.dzwchafingdish.com\/wp-content\/uploads\/2024\/04\/wholesale-chafing-dish-buffet-set-4.webp","thumbnail_image_url":"https:\/\/www.dzwchafingdish.com\/wp-content\/uploads\/2024\/04\/wholesale-chafing-dish-buffet-set-4-150x150.webp","large_srcset":"https:\/\/www.dzwchafingdish.com\/wp-content\/uploads\/2024\/04\/wholesale-chafing-dish-buffet-set-4.webp 800w, https:\/\/www.dzwchafingdish.com\/wp-content\/uploads\/2024\/04\/wholesale-chafing-dish-buffet-set-4-300x300.webp 300w, https:\/\/www.dzwchafingdish.com\/wp-content\/uploads\/2024\/04\/wholesale-chafing-dish-buffet-set-4-150x150.webp 150w, https:\/\/www.dzwchafingdish.com\/wp-content\/uploads\/2024\/04\/wholesale-chafing-dish-buffet-set-4-768x768.webp 768w","medium_srcset":"https:\/\/www.dzwchafingdish.com\/wp-content\/uploads\/2024\/04\/wholesale-chafing-dish-buffet-set-4-300x300.webp 300w, https:\/\/www.dzwchafingdish.com\/wp-content\/uploads\/2024\/04\/wholesale-chafing-dish-buffet-set-4-150x150.webp 150w, https:\/\/www.dzwchafingdish.com\/wp-content\/uploads\/2024\/04\/wholesale-chafing-dish-buffet-set-4-768x768.webp 768w, https:\/\/www.dzwchafingdish.com\/wp-content\/uploads\/2024\/04\/wholesale-chafing-dish-buffet-set-4.webp 800w","media_details":{"width":800,"height":800,"sizes":{"medium":{"file":"wholesale-chafing-dish-buffet-set-4-300x300.webp","width":300,"height":300,"mime-type":"image\/webp","filesize":10008,"source_url":"https:\/\/www.dzwchafingdish.com\/wp-content\/uploads\/2024\/04\/wholesale-chafing-dish-buffet-set-4-300x300.webp"},"thumbnail":{"file":"wholesale-chafing-dish-buffet-set-4-150x150.webp","width":150,"height":150,"mime-type":"image\/webp","filesize":3330,"source_url":"https:\/\/www.dzwchafingdish.com\/wp-content\/uploads\/2024\/04\/wholesale-chafing-dish-buffet-set-4-150x150.webp"},"medium_large":{"file":"wholesale-chafing-dish-buffet-set-4-768x768.webp","width":768,"height":768,"mime-type":"image\/webp","filesize":41860,"source_url":"https:\/\/www.dzwchafingdish.com\/wp-content\/uploads\/2024\/04\/wholesale-chafing-dish-buffet-set-4-768x768.webp"}}},"alt_text":"wholesale-chafing-dish-buffet-set-4","url":"","target":""}]]}},"_links":{"self":[{"href":"https:\/\/www.dzwchafingdish.com\/fr\/wp-json\/wp\/v2\/product\/3952","targetHints":{"allow":["GET"]}}],"collection":[{"href":"https:\/\/www.dzwchafingdish.com\/fr\/wp-json\/wp\/v2\/product"}],"about":[{"href":"https:\/\/www.dzwchafingdish.com\/fr\/wp-json\/wp\/v2\/types\/product"}],"author":[{"embeddable":true,"href":"https:\/\/www.dzwchafingdish.com\/fr\/wp-json\/wp\/v2\/users\/3"}],"version-history":[{"count":0,"href":"https:\/\/www.dzwchafingdish.com\/fr\/wp-json\/wp\/v2\/product\/3952\/revisions"}],"wp:featuredmedia":[{"embeddable":true,"href":"https:\/\/www.dzwchafingdish.com\/fr\/wp-json\/wp\/v2\/media\/3955"}],"wp:attachment":[{"href":"https:\/\/www.dzwchafingdish.com\/fr\/wp-json\/wp\/v2\/media?parent=3952"}],"wp:term":[{"taxonomy":"product-categories","embeddable":true,"href":"https:\/\/www.dzwchafingdish.com\/fr\/wp-json\/wp\/v2\/product-categories?post=3952"},{"taxonomy":"product-tag","embeddable":true,"href":"https:\/\/www.dzwchafingdish.com\/fr\/wp-json\/wp\/v2\/product-tag?post=3952"}],"curies":[{"name":"wp","href":"https:\/\/api.w.org\/{rel}","templated":true}]}}