{"id":3970,"date":"2024-04-13T04:10:54","date_gmt":"2024-04-13T04:10:54","guid":{"rendered":"https:\/\/www.dzwchafingdish.com\/?post_type=product&#038;p=3970"},"modified":"2024-06-15T05:08:10","modified_gmt":"2024-06-15T05:08:10","slug":"soup-chafer","status":"publish","type":"product","link":"https:\/\/www.dzwchafingdish.com\/fr\/product\/soup-chafer\/","title":{"rendered":"Wholesale Glass Soup Chafer 4L avec couvercle en acier inoxydable"},"content":{"rendered":"<p><\/p>\n\n\n\n<div class=\"wp-block-columns is-layout-flex wp-container-core-columns-is-layout-28f84493 wp-block-columns-is-layout-flex\">\n<div class=\"wp-block-column is-layout-flow wp-block-column-is-layout-flow\">\n<h2 class=\"wp-block-heading\">Panier \u00e0 soupe <strong>Dimension<\/strong><\/h2>\n\n\n\n<figure class=\"wp-block-table\"><table><tbody><tr><td>ITEM NO.<\/td><td>TAILLE<\/td><td>LONGUEUR<\/td><td>LARGE<\/td><td>HAUTEUR<\/td><td>N.W \/SET<\/td><\/tr><tr><td>DZW-GS04<\/td><td>4.0L<\/td><td>33,7 cm<\/td><td>24,2 cm<\/td><td>22,3 cm<\/td><td>2220 g<\/td><\/tr><tr><td>DZW-GS05<\/td><td>4.0L<\/td><td>33,7 cm<\/td><td>24,2 cm<\/td><td>22,3 cm<\/td><td>2220 g<\/td><\/tr><\/tbody><\/table><\/figure>\n<\/div>\n\n\n\n<div class=\"wp-block-column is-layout-flow wp-block-column-is-layout-flow\">\n<figure class=\"wp-block-image aligncenter size-full is-resized\"><img fetchpriority=\"high\" decoding=\"async\" width=\"800\" height=\"800\" src=\"https:\/\/www.dzwchafingdish.com\/wp-content\/uploads\/2024\/04\/wholesale-chafing-dish-for-soup-4.webp\" alt=\"grossiste-chafing-dish-for-soup-4\" class=\"wp-image-3974\" style=\"width:367px;height:auto\" srcset=\"https:\/\/www.dzwchafingdish.com\/wp-content\/uploads\/2024\/04\/wholesale-chafing-dish-for-soup-4.webp 800w, https:\/\/www.dzwchafingdish.com\/wp-content\/uploads\/2024\/04\/wholesale-chafing-dish-for-soup-4-300x300.webp 300w, https:\/\/www.dzwchafingdish.com\/wp-content\/uploads\/2024\/04\/wholesale-chafing-dish-for-soup-4-150x150.webp 150w, https:\/\/www.dzwchafingdish.com\/wp-content\/uploads\/2024\/04\/wholesale-chafing-dish-for-soup-4-768x768.webp 768w\" sizes=\"(max-width: 800px) 100vw, 800px\" \/><\/figure>\n<\/div>\n<\/div>\n\n\n\n<div class=\"wp-block-columns is-layout-flex wp-container-core-columns-is-layout-28f84493 wp-block-columns-is-layout-flex\">\n<div class=\"wp-block-column is-layout-flow wp-block-column-is-layout-flow\">\n<figure class=\"wp-block-image aligncenter size-full is-resized\"><img decoding=\"async\" width=\"3024\" height=\"3024\" src=\"https:\/\/www.dzwchafingdish.com\/wp-content\/uploads\/2024\/04\/wholesale-chafing-dish-for-soup-7.webp\" alt=\"grossiste-chafing-dish-for-soup-7\" class=\"wp-image-3975\" style=\"width:478px;height:auto\" srcset=\"https:\/\/www.dzwchafingdish.com\/wp-content\/uploads\/2024\/04\/wholesale-chafing-dish-for-soup-7.webp 3024w, https:\/\/www.dzwchafingdish.com\/wp-content\/uploads\/2024\/04\/wholesale-chafing-dish-for-soup-7-300x300.webp 300w, https:\/\/www.dzwchafingdish.com\/wp-content\/uploads\/2024\/04\/wholesale-chafing-dish-for-soup-7-150x150.webp 150w, https:\/\/www.dzwchafingdish.com\/wp-content\/uploads\/2024\/04\/wholesale-chafing-dish-for-soup-7-768x768.webp 768w\" sizes=\"(max-width: 3024px) 100vw, 3024px\" \/><\/figure>\n<\/div>\n\n\n\n<div class=\"wp-block-column is-vertically-aligned-center is-layout-flow wp-block-column-is-layout-flow\">\n<h2 class=\"wp-block-heading\"><strong>Caract\u00e9ristiques de la cafeti\u00e8re \u00e0 soupe Premium :<\/strong><\/h2>\n\n\n\n<ul class=\"wp-block-list\">\n<li>Apparence \u00e9l\u00e9gante : Les chafing dishes dor\u00e9s et argent\u00e9s ont une apparence \u00e9l\u00e9gante, ajoutant une touche professionnelle et une atmosph\u00e8re haut de gamme \u00e0 la caf\u00e9t\u00e9ria, attirant ainsi l'attention des clients.<\/li>\n\n\n\n<li>Contr\u00f4le stable de la temp\u00e9rature : Ces chafing dishes pour soupe assurent un contr\u00f4le stable de la temp\u00e9rature, garantissant que vos aliments restent \u00e0 la temp\u00e9rature et au go\u00fbt id\u00e9aux tout au long de votre repas.<\/li>\n\n\n\n<li>Souplesse et diversit\u00e9 : Des chafing dishes dor\u00e9s et argent\u00e9s pour la soupe en fonction des occasions et des th\u00e8mes, offrant \u00e0 la caf\u00e9t\u00e9ria une plus grande flexibilit\u00e9 et une plus grande diversit\u00e9 pour r\u00e9pondre aux besoins des diff\u00e9rents clients.<\/li>\n<\/ul>\n<\/div>\n<\/div>","protected":false},"excerpt":{"rendered":"<p>Dimensions de la marmite \u00e0 soupe ITEM NO. DZW-GS04 4.0L 33.7 cm 24.2 cm 22.3 cm 2220 g DZW-GS05 4.0L 33.7 cm 24.2 cm 22.3 cm 2220 g Caract\u00e9ristiques du panier \u00e0 soupe de qualit\u00e9 sup\u00e9rieure :<\/p>","protected":false},"author":3,"featured_media":3973,"parent":0,"menu_order":0,"template":"","format":"standard","meta":{"_acf_changed":false,"site-sidebar-layout":"default","site-content-layout":"","ast-site-content-layout":"default","site-content-style":"default","site-sidebar-style":"default","ast-global-header-display":"","ast-banner-title-visibility":"","ast-main-header-display":"","ast-hfb-above-header-display":"","ast-hfb-below-header-display":"","ast-hfb-mobile-header-display":"","site-post-title":"","ast-breadcrumbs-content":"","ast-featured-img":"","footer-sml-layout":"","theme-transparent-header-meta":"","adv-header-id-meta":"","stick-header-meta":"","header-above-stick-meta":"","header-main-stick-meta":"","header-below-stick-meta":"","astra-migrate-meta-layouts":"default","ast-page-background-enabled":"default","ast-page-background-meta":{"desktop":{"background-color":"var(--ast-global-color-4)","background-image":"","background-repeat":"repeat","background-position":"center center","background-size":"auto","background-attachment":"scroll","background-type":"","background-media":"","overlay-type":"","overlay-color":"","overlay-opacity":"","overlay-gradient":""},"tablet":{"background-color":"","background-image":"","background-repeat":"repeat","background-position":"center center","background-size":"auto","background-attachment":"scroll","background-type":"","background-media":"","overlay-type":"","overlay-color":"","overlay-opacity":"","overlay-gradient":""},"mobile":{"background-color":"","background-image":"","background-repeat":"repeat","background-position":"center center","background-size":"auto","background-attachment":"scroll","background-type":"","background-media":"","overlay-type":"","overlay-color":"","overlay-opacity":"","overlay-gradient":""}},"ast-content-background-meta":{"desktop":{"background-color":"var(--ast-global-color-5)","background-image":"","background-repeat":"repeat","background-position":"center center","background-size":"auto","background-attachment":"scroll","background-type":"","background-media":"","overlay-type":"","overlay-color":"","overlay-opacity":"","overlay-gradient":""},"tablet":{"background-color":"var(--ast-global-color-5)","background-image":"","background-repeat":"repeat","background-position":"center center","background-size":"auto","background-attachment":"scroll","background-type":"","background-media":"","overlay-type":"","overlay-color":"","overlay-opacity":"","overlay-gradient":""},"mobile":{"background-color":"var(--ast-global-color-5)","background-image":"","background-repeat":"repeat","background-position":"center center","background-size":"auto","background-attachment":"scroll","background-type":"","background-media":"","overlay-type":"","overlay-color":"","overlay-opacity":"","overlay-gradient":""}},"footnotes":""},"product-categories":[63],"product-tag":[90,98,99],"class_list":["post-3970","product","type-product","status-publish","format-standard","has-post-thumbnail","hentry","product-categories-chafing-dish","product-tag-fuel-chafing-dish","product-tag-glass-chafing-dish","product-tag-soup-chafing-dish"],"acf":{"title":"Wholesale Glass Soup Chafer 4L avec couvercle en acier inoxydable","title_source":{"label":"Title","type":"text","formatted_value":"Wholesale Glass Soup Chafer 4L with Stainless Steel lid "},"short_description":"Customizable glass soup chafer with 4l capacity, suitable for hotel, wedding,any scene. We offer OEM and OEM services,one-stop wholesale solutions at factory prices, to build your own catering equipment.","short_description_source":{"label":"Short description","type":"textarea","formatted_value":"Customizable glass soup chafer with 4l capacity, suitable for hotel, wedding,any scene. We offer OEM and OEM services,one-stop wholesale solutions at factory prices, to build your own catering equipment."},"parameters":"<table border=\"0\" width=\"275\" cellspacing=\"0\" cellpadding=\"0\">\r\n<tbody>\r\n<tr>\r\n<td width=\"108\" height=\"17\">Manufacturer<\/td>\r\n<td width=\"167\">DONGZHAOWEI<\/td>\r\n<\/tr>\r\n<tr>\r\n<td height=\"17\">Material<\/td>\r\n<td>Stainless Steel 201 + Glass<\/td>\r\n<\/tr>\r\n<tr>\r\n<td height=\"17\">Capacity<\/td>\r\n<td>4.0L<\/td>\r\n<\/tr>\r\n<tr>\r\n<td height=\"17\">Color<\/td>\r\n<td>Golden \/ Silver<\/td>\r\n<\/tr>\r\n<tr>\r\n<td height=\"17\">Design<\/td>\r\n<td>Round Shape<\/td>\r\n<\/tr>\r\n<tr>\r\n<td height=\"17\">Tray<\/td>\r\n<td>No divided<\/td>\r\n<\/tr>\r\n<tr>\r\n<td height=\"17\">Lid type<\/td>\r\n<td>Metal Lid<\/td>\r\n<\/tr>\r\n<tr>\r\n<td height=\"17\">Heat<\/td>\r\n<td>Fuel<\/td>\r\n<\/tr>\r\n<tr>\r\n<td height=\"17\">Custom<\/td>\r\n<td>Color\/Logo\/Package<\/td>\r\n<\/tr>\r\n<\/tbody>\r\n<\/table>","parameters_source":{"label":"Parameters","type":"wysiwyg","formatted_value":"<table border=\"0\" width=\"275\" cellspacing=\"0\" cellpadding=\"0\">\n<tbody>\n<tr>\n<td width=\"108\" height=\"17\">Manufacturer<\/td>\n<td width=\"167\">DONGZHAOWEI<\/td>\n<\/tr>\n<tr>\n<td height=\"17\">Material<\/td>\n<td>Stainless Steel 201 + Glass<\/td>\n<\/tr>\n<tr>\n<td height=\"17\">Capacity<\/td>\n<td>4.0L<\/td>\n<\/tr>\n<tr>\n<td height=\"17\">Color<\/td>\n<td>Golden \/ Silver<\/td>\n<\/tr>\n<tr>\n<td height=\"17\">Design<\/td>\n<td>Round Shape<\/td>\n<\/tr>\n<tr>\n<td height=\"17\">Tray<\/td>\n<td>No divided<\/td>\n<\/tr>\n<tr>\n<td height=\"17\">Lid type<\/td>\n<td>Metal Lid<\/td>\n<\/tr>\n<tr>\n<td height=\"17\">Heat<\/td>\n<td>Fuel<\/td>\n<\/tr>\n<tr>\n<td height=\"17\">Custom<\/td>\n<td>Color\/Logo\/Package<\/td>\n<\/tr>\n<\/tbody>\n<\/table>\n"},"photo_gallery":{"product_gallery":[[{"id":3973,"title":"wholesale-chafing-dish-for-soup-2","caption":"wholesale-chafing-dish-for-soup-2","full_image_url":"https:\/\/www.dzwchafingdish.com\/wp-content\/uploads\/2024\/04\/wholesale-chafing-dish-for-soup-2.webp","thumbnail_image_url":"https:\/\/www.dzwchafingdish.com\/wp-content\/uploads\/2024\/04\/wholesale-chafing-dish-for-soup-2-150x150.webp","large_srcset":"https:\/\/www.dzwchafingdish.com\/wp-content\/uploads\/2024\/04\/wholesale-chafing-dish-for-soup-2.webp 800w, https:\/\/www.dzwchafingdish.com\/wp-content\/uploads\/2024\/04\/wholesale-chafing-dish-for-soup-2-300x300.webp 300w, https:\/\/www.dzwchafingdish.com\/wp-content\/uploads\/2024\/04\/wholesale-chafing-dish-for-soup-2-150x150.webp 150w, https:\/\/www.dzwchafingdish.com\/wp-content\/uploads\/2024\/04\/wholesale-chafing-dish-for-soup-2-768x768.webp 768w","medium_srcset":"https:\/\/www.dzwchafingdish.com\/wp-content\/uploads\/2024\/04\/wholesale-chafing-dish-for-soup-2-300x300.webp 300w, https:\/\/www.dzwchafingdish.com\/wp-content\/uploads\/2024\/04\/wholesale-chafing-dish-for-soup-2-150x150.webp 150w, https:\/\/www.dzwchafingdish.com\/wp-content\/uploads\/2024\/04\/wholesale-chafing-dish-for-soup-2-768x768.webp 768w, https:\/\/www.dzwchafingdish.com\/wp-content\/uploads\/2024\/04\/wholesale-chafing-dish-for-soup-2.webp 800w","media_details":{"width":800,"height":800,"sizes":{"medium":{"file":"wholesale-chafing-dish-for-soup-2-300x300.webp","width":300,"height":300,"mime-type":"image\/webp","filesize":9050,"source_url":"https:\/\/www.dzwchafingdish.com\/wp-content\/uploads\/2024\/04\/wholesale-chafing-dish-for-soup-2-300x300.webp"},"thumbnail":{"file":"wholesale-chafing-dish-for-soup-2-150x150.webp","width":150,"height":150,"mime-type":"image\/webp","filesize":3338,"source_url":"https:\/\/www.dzwchafingdish.com\/wp-content\/uploads\/2024\/04\/wholesale-chafing-dish-for-soup-2-150x150.webp"},"medium_large":{"file":"wholesale-chafing-dish-for-soup-2-768x768.webp","width":768,"height":768,"mime-type":"image\/webp","filesize":32980,"source_url":"https:\/\/www.dzwchafingdish.com\/wp-content\/uploads\/2024\/04\/wholesale-chafing-dish-for-soup-2-768x768.webp"}}},"alt_text":"wholesale-chafing-dish-for-soup-2","url":"","target":""},{"id":3977,"title":"wholesale-chafing-dish-for-soup-13","caption":"wholesale-chafing-dish-for-soup-13","full_image_url":"https:\/\/www.dzwchafingdish.com\/wp-content\/uploads\/2024\/04\/wholesale-chafing-dish-for-soup-13.webp","thumbnail_image_url":"https:\/\/www.dzwchafingdish.com\/wp-content\/uploads\/2024\/04\/wholesale-chafing-dish-for-soup-13-150x150.webp","large_srcset":"https:\/\/www.dzwchafingdish.com\/wp-content\/uploads\/2024\/04\/wholesale-chafing-dish-for-soup-13.webp 800w, https:\/\/www.dzwchafingdish.com\/wp-content\/uploads\/2024\/04\/wholesale-chafing-dish-for-soup-13-300x300.webp 300w, https:\/\/www.dzwchafingdish.com\/wp-content\/uploads\/2024\/04\/wholesale-chafing-dish-for-soup-13-150x150.webp 150w, https:\/\/www.dzwchafingdish.com\/wp-content\/uploads\/2024\/04\/wholesale-chafing-dish-for-soup-13-768x768.webp 768w","medium_srcset":"https:\/\/www.dzwchafingdish.com\/wp-content\/uploads\/2024\/04\/wholesale-chafing-dish-for-soup-13-300x300.webp 300w, https:\/\/www.dzwchafingdish.com\/wp-content\/uploads\/2024\/04\/wholesale-chafing-dish-for-soup-13-150x150.webp 150w, https:\/\/www.dzwchafingdish.com\/wp-content\/uploads\/2024\/04\/wholesale-chafing-dish-for-soup-13-768x768.webp 768w, https:\/\/www.dzwchafingdish.com\/wp-content\/uploads\/2024\/04\/wholesale-chafing-dish-for-soup-13.webp 800w","media_details":{"width":800,"height":800,"sizes":{"medium":{"file":"wholesale-chafing-dish-for-soup-13-300x300.webp","width":300,"height":300,"mime-type":"image\/webp","filesize":9550,"source_url":"https:\/\/www.dzwchafingdish.com\/wp-content\/uploads\/2024\/04\/wholesale-chafing-dish-for-soup-13-300x300.webp"},"thumbnail":{"file":"wholesale-chafing-dish-for-soup-13-150x150.webp","width":150,"height":150,"mime-type":"image\/webp","filesize":3360,"source_url":"https:\/\/www.dzwchafingdish.com\/wp-content\/uploads\/2024\/04\/wholesale-chafing-dish-for-soup-13-150x150.webp"},"medium_large":{"file":"wholesale-chafing-dish-for-soup-13-768x768.webp","width":768,"height":768,"mime-type":"image\/webp","filesize":36988,"source_url":"https:\/\/www.dzwchafingdish.com\/wp-content\/uploads\/2024\/04\/wholesale-chafing-dish-for-soup-13-768x768.webp"}}},"alt_text":"wholesale-chafing-dish-for-soup-13","url":"","target":""},{"id":3976,"title":"wholesale-chafing-dish-for-soup-12","caption":"wholesale-chafing-dish-for-soup-12","full_image_url":"https:\/\/www.dzwchafingdish.com\/wp-content\/uploads\/2024\/04\/wholesale-chafing-dish-for-soup-12.webp","thumbnail_image_url":"https:\/\/www.dzwchafingdish.com\/wp-content\/uploads\/2024\/04\/wholesale-chafing-dish-for-soup-12-150x150.webp","large_srcset":"https:\/\/www.dzwchafingdish.com\/wp-content\/uploads\/2024\/04\/wholesale-chafing-dish-for-soup-12.webp 800w, https:\/\/www.dzwchafingdish.com\/wp-content\/uploads\/2024\/04\/wholesale-chafing-dish-for-soup-12-300x300.webp 300w, https:\/\/www.dzwchafingdish.com\/wp-content\/uploads\/2024\/04\/wholesale-chafing-dish-for-soup-12-150x150.webp 150w, https:\/\/www.dzwchafingdish.com\/wp-content\/uploads\/2024\/04\/wholesale-chafing-dish-for-soup-12-768x768.webp 768w","medium_srcset":"https:\/\/www.dzwchafingdish.com\/wp-content\/uploads\/2024\/04\/wholesale-chafing-dish-for-soup-12-300x300.webp 300w, https:\/\/www.dzwchafingdish.com\/wp-content\/uploads\/2024\/04\/wholesale-chafing-dish-for-soup-12-150x150.webp 150w, https:\/\/www.dzwchafingdish.com\/wp-content\/uploads\/2024\/04\/wholesale-chafing-dish-for-soup-12-768x768.webp 768w, https:\/\/www.dzwchafingdish.com\/wp-content\/uploads\/2024\/04\/wholesale-chafing-dish-for-soup-12.webp 800w","media_details":{"width":800,"height":800,"sizes":{"medium":{"file":"wholesale-chafing-dish-for-soup-12-300x300.webp","width":300,"height":300,"mime-type":"image\/webp","filesize":6480,"source_url":"https:\/\/www.dzwchafingdish.com\/wp-content\/uploads\/2024\/04\/wholesale-chafing-dish-for-soup-12-300x300.webp"},"thumbnail":{"file":"wholesale-chafing-dish-for-soup-12-150x150.webp","width":150,"height":150,"mime-type":"image\/webp","filesize":2304,"source_url":"https:\/\/www.dzwchafingdish.com\/wp-content\/uploads\/2024\/04\/wholesale-chafing-dish-for-soup-12-150x150.webp"},"medium_large":{"file":"wholesale-chafing-dish-for-soup-12-768x768.webp","width":768,"height":768,"mime-type":"image\/webp","filesize":23780,"source_url":"https:\/\/www.dzwchafingdish.com\/wp-content\/uploads\/2024\/04\/wholesale-chafing-dish-for-soup-12-768x768.webp"}}},"alt_text":"wholesale-chafing-dish-for-soup-12","url":"","target":""},{"id":3974,"title":"wholesale-chafing-dish-for-soup-4","caption":"wholesale-chafing-dish-for-soup-4","full_image_url":"https:\/\/www.dzwchafingdish.com\/wp-content\/uploads\/2024\/04\/wholesale-chafing-dish-for-soup-4.webp","thumbnail_image_url":"https:\/\/www.dzwchafingdish.com\/wp-content\/uploads\/2024\/04\/wholesale-chafing-dish-for-soup-4-150x150.webp","large_srcset":"https:\/\/www.dzwchafingdish.com\/wp-content\/uploads\/2024\/04\/wholesale-chafing-dish-for-soup-4.webp 800w, https:\/\/www.dzwchafingdish.com\/wp-content\/uploads\/2024\/04\/wholesale-chafing-dish-for-soup-4-300x300.webp 300w, https:\/\/www.dzwchafingdish.com\/wp-content\/uploads\/2024\/04\/wholesale-chafing-dish-for-soup-4-150x150.webp 150w, https:\/\/www.dzwchafingdish.com\/wp-content\/uploads\/2024\/04\/wholesale-chafing-dish-for-soup-4-768x768.webp 768w","medium_srcset":"https:\/\/www.dzwchafingdish.com\/wp-content\/uploads\/2024\/04\/wholesale-chafing-dish-for-soup-4-300x300.webp 300w, https:\/\/www.dzwchafingdish.com\/wp-content\/uploads\/2024\/04\/wholesale-chafing-dish-for-soup-4-150x150.webp 150w, https:\/\/www.dzwchafingdish.com\/wp-content\/uploads\/2024\/04\/wholesale-chafing-dish-for-soup-4-768x768.webp 768w, https:\/\/www.dzwchafingdish.com\/wp-content\/uploads\/2024\/04\/wholesale-chafing-dish-for-soup-4.webp 800w","media_details":{"width":800,"height":800,"sizes":{"medium":{"file":"wholesale-chafing-dish-for-soup-4-300x300.webp","width":300,"height":300,"mime-type":"image\/webp","filesize":6776,"source_url":"https:\/\/www.dzwchafingdish.com\/wp-content\/uploads\/2024\/04\/wholesale-chafing-dish-for-soup-4-300x300.webp"},"thumbnail":{"file":"wholesale-chafing-dish-for-soup-4-150x150.webp","width":150,"height":150,"mime-type":"image\/webp","filesize":2380,"source_url":"https:\/\/www.dzwchafingdish.com\/wp-content\/uploads\/2024\/04\/wholesale-chafing-dish-for-soup-4-150x150.webp"},"medium_large":{"file":"wholesale-chafing-dish-for-soup-4-768x768.webp","width":768,"height":768,"mime-type":"image\/webp","filesize":27230,"source_url":"https:\/\/www.dzwchafingdish.com\/wp-content\/uploads\/2024\/04\/wholesale-chafing-dish-for-soup-4-768x768.webp"}}},"alt_text":"wholesale-chafing-dish-for-soup-4","url":"","target":""},{"id":3975,"title":"wholesale-chafing-dish-for-soup-7","caption":"wholesale-chafing-dish-for-soup-7","full_image_url":"https:\/\/www.dzwchafingdish.com\/wp-content\/uploads\/2024\/04\/wholesale-chafing-dish-for-soup-7.webp","thumbnail_image_url":"https:\/\/www.dzwchafingdish.com\/wp-content\/uploads\/2024\/04\/wholesale-chafing-dish-for-soup-7-150x150.webp","large_srcset":"https:\/\/www.dzwchafingdish.com\/wp-content\/uploads\/2024\/04\/wholesale-chafing-dish-for-soup-7.webp 3024w, https:\/\/www.dzwchafingdish.com\/wp-content\/uploads\/2024\/04\/wholesale-chafing-dish-for-soup-7-300x300.webp 300w, https:\/\/www.dzwchafingdish.com\/wp-content\/uploads\/2024\/04\/wholesale-chafing-dish-for-soup-7-150x150.webp 150w, https:\/\/www.dzwchafingdish.com\/wp-content\/uploads\/2024\/04\/wholesale-chafing-dish-for-soup-7-768x768.webp 768w","medium_srcset":"https:\/\/www.dzwchafingdish.com\/wp-content\/uploads\/2024\/04\/wholesale-chafing-dish-for-soup-7-300x300.webp 300w, https:\/\/www.dzwchafingdish.com\/wp-content\/uploads\/2024\/04\/wholesale-chafing-dish-for-soup-7-150x150.webp 150w, https:\/\/www.dzwchafingdish.com\/wp-content\/uploads\/2024\/04\/wholesale-chafing-dish-for-soup-7-768x768.webp 768w","media_details":{"width":3024,"height":3024,"sizes":{"medium":{"file":"wholesale-chafing-dish-for-soup-7-300x300.webp","width":300,"height":300,"mime-type":"image\/webp","filesize":29654,"source_url":"https:\/\/www.dzwchafingdish.com\/wp-content\/uploads\/2024\/04\/wholesale-chafing-dish-for-soup-7-300x300.webp"},"thumbnail":{"file":"wholesale-chafing-dish-for-soup-7-150x150.webp","width":150,"height":150,"mime-type":"image\/webp","filesize":9320,"source_url":"https:\/\/www.dzwchafingdish.com\/wp-content\/uploads\/2024\/04\/wholesale-chafing-dish-for-soup-7-150x150.webp"},"medium_large":{"file":"wholesale-chafing-dish-for-soup-7-768x768.webp","width":768,"height":768,"mime-type":"image\/webp","filesize":128754,"source_url":"https:\/\/www.dzwchafingdish.com\/wp-content\/uploads\/2024\/04\/wholesale-chafing-dish-for-soup-7-768x768.webp"}}},"alt_text":"wholesale-chafing-dish-for-soup-7","url":"","target":""},{"id":3972,"title":"wholesale-chafing-dish-for-soup-1","caption":"wholesale-chafing-dish-for-soup-1","full_image_url":"https:\/\/www.dzwchafingdish.com\/wp-content\/uploads\/2024\/04\/wholesale-chafing-dish-for-soup-1.webp","thumbnail_image_url":"https:\/\/www.dzwchafingdish.com\/wp-content\/uploads\/2024\/04\/wholesale-chafing-dish-for-soup-1-150x150.webp","large_srcset":"https:\/\/www.dzwchafingdish.com\/wp-content\/uploads\/2024\/04\/wholesale-chafing-dish-for-soup-1.webp 3024w, https:\/\/www.dzwchafingdish.com\/wp-content\/uploads\/2024\/04\/wholesale-chafing-dish-for-soup-1-300x300.webp 300w, https:\/\/www.dzwchafingdish.com\/wp-content\/uploads\/2024\/04\/wholesale-chafing-dish-for-soup-1-150x150.webp 150w, https:\/\/www.dzwchafingdish.com\/wp-content\/uploads\/2024\/04\/wholesale-chafing-dish-for-soup-1-768x768.webp 768w","medium_srcset":"https:\/\/www.dzwchafingdish.com\/wp-content\/uploads\/2024\/04\/wholesale-chafing-dish-for-soup-1-300x300.webp 300w, https:\/\/www.dzwchafingdish.com\/wp-content\/uploads\/2024\/04\/wholesale-chafing-dish-for-soup-1-150x150.webp 150w, https:\/\/www.dzwchafingdish.com\/wp-content\/uploads\/2024\/04\/wholesale-chafing-dish-for-soup-1-768x768.webp 768w","media_details":{"width":3024,"height":3024,"sizes":{"medium":{"file":"wholesale-chafing-dish-for-soup-1-300x300.webp","width":300,"height":300,"mime-type":"image\/webp","filesize":29564,"source_url":"https:\/\/www.dzwchafingdish.com\/wp-content\/uploads\/2024\/04\/wholesale-chafing-dish-for-soup-1-300x300.webp"},"thumbnail":{"file":"wholesale-chafing-dish-for-soup-1-150x150.webp","width":150,"height":150,"mime-type":"image\/webp","filesize":9274,"source_url":"https:\/\/www.dzwchafingdish.com\/wp-content\/uploads\/2024\/04\/wholesale-chafing-dish-for-soup-1-150x150.webp"},"medium_large":{"file":"wholesale-chafing-dish-for-soup-1-768x768.webp","width":768,"height":768,"mime-type":"image\/webp","filesize":130682,"source_url":"https:\/\/www.dzwchafingdish.com\/wp-content\/uploads\/2024\/04\/wholesale-chafing-dish-for-soup-1-768x768.webp"}}},"alt_text":"wholesale-chafing-dish-for-soup-1","url":"","target":""}]]}},"_links":{"self":[{"href":"https:\/\/www.dzwchafingdish.com\/fr\/wp-json\/wp\/v2\/product\/3970","targetHints":{"allow":["GET"]}}],"collection":[{"href":"https:\/\/www.dzwchafingdish.com\/fr\/wp-json\/wp\/v2\/product"}],"about":[{"href":"https:\/\/www.dzwchafingdish.com\/fr\/wp-json\/wp\/v2\/types\/product"}],"author":[{"embeddable":true,"href":"https:\/\/www.dzwchafingdish.com\/fr\/wp-json\/wp\/v2\/users\/3"}],"version-history":[{"count":0,"href":"https:\/\/www.dzwchafingdish.com\/fr\/wp-json\/wp\/v2\/product\/3970\/revisions"}],"wp:featuredmedia":[{"embeddable":true,"href":"https:\/\/www.dzwchafingdish.com\/fr\/wp-json\/wp\/v2\/media\/3973"}],"wp:attachment":[{"href":"https:\/\/www.dzwchafingdish.com\/fr\/wp-json\/wp\/v2\/media?parent=3970"}],"wp:term":[{"taxonomy":"product-categories","embeddable":true,"href":"https:\/\/www.dzwchafingdish.com\/fr\/wp-json\/wp\/v2\/product-categories?post=3970"},{"taxonomy":"product-tag","embeddable":true,"href":"https:\/\/www.dzwchafingdish.com\/fr\/wp-json\/wp\/v2\/product-tag?post=3970"}],"curies":[{"name":"wp","href":"https:\/\/api.w.org\/{rel}","templated":true}]}}