{"id":4388,"date":"2024-06-13T10:20:33","date_gmt":"2024-06-13T10:20:33","guid":{"rendered":"https:\/\/www.dzwchafingdish.com\/?post_type=product&#038;p=4388"},"modified":"2024-06-13T10:20:35","modified_gmt":"2024-06-13T10:20:35","slug":"wine-ice-bucket","status":"publish","type":"product","link":"https:\/\/www.dzwchafingdish.com\/fr\/product\/wine-ice-bucket\/","title":{"rendered":"Wholesale Wine Ice Bucket Silver with Stand for Bar Hotel (seau \u00e0 glace pour le vin en argent avec support)"},"content":{"rendered":"<div class=\"wp-block-columns is-layout-flex wp-container-core-columns-is-layout-28f84493 wp-block-columns-is-layout-flex\">\n<div class=\"wp-block-column is-vertically-aligned-center is-layout-flow wp-block-column-is-layout-flow\">\n<h2 class=\"wp-block-heading\">Seau \u00e0 glace pour le vin Dimension<\/h2>\n\n\n\n<figure class=\"wp-block-table\"><table><tbody><tr><td>ITEM NO.<\/td><td>TAILLE<\/td><td>LONGUEUR<\/td><td>LARGE<\/td><td>HAUTEUR<\/td><td>N.W \/SET<\/td><\/tr><tr><td>DZW-IB60<br>DZW-IB61<br>DZW-IB62<\/td><td>2.5L<\/td><td>15 cm<\/td><td>11 cm<\/td><td>17 cm<\/td><td>610 g<\/td><\/tr><\/tbody><\/table><\/figure>\n<\/div>\n\n\n\n<div class=\"wp-block-column is-layout-flow wp-block-column-is-layout-flow\">\n<figure class=\"wp-block-image aligncenter size-full is-resized\"><img fetchpriority=\"high\" decoding=\"async\" width=\"790\" height=\"805\" src=\"https:\/\/www.dzwchafingdish.com\/wp-content\/uploads\/2024\/06\/wine-ice-bucket-in-bulk-1.webp\" alt=\"seau \u00e0 glace pour le vin en vrac\" class=\"wp-image-4374\" style=\"width:328px;height:auto\" srcset=\"https:\/\/www.dzwchafingdish.com\/wp-content\/uploads\/2024\/06\/wine-ice-bucket-in-bulk-1.webp 790w, https:\/\/www.dzwchafingdish.com\/wp-content\/uploads\/2024\/06\/wine-ice-bucket-in-bulk-1-294x300.webp 294w, https:\/\/www.dzwchafingdish.com\/wp-content\/uploads\/2024\/06\/wine-ice-bucket-in-bulk-1-768x783.webp 768w\" sizes=\"(max-width: 790px) 100vw, 790px\" \/><\/figure>\n<\/div>\n<\/div>\n\n\n\n<div class=\"wp-block-columns is-layout-flex wp-container-core-columns-is-layout-28f84493 wp-block-columns-is-layout-flex\">\n<div class=\"wp-block-column is-layout-flow wp-block-column-is-layout-flow\">\n<figure class=\"wp-block-image aligncenter size-full is-resized\"><img decoding=\"async\" width=\"800\" height=\"800\" src=\"https:\/\/www.dzwchafingdish.com\/wp-content\/uploads\/2024\/06\/wine-ice-bucket-in-bulk-8.webp\" alt=\"seau \u00e0 glace pour le vin en vrac\" class=\"wp-image-4381\" style=\"width:501px;height:auto\" srcset=\"https:\/\/www.dzwchafingdish.com\/wp-content\/uploads\/2024\/06\/wine-ice-bucket-in-bulk-8.webp 800w, https:\/\/www.dzwchafingdish.com\/wp-content\/uploads\/2024\/06\/wine-ice-bucket-in-bulk-8-300x300.webp 300w, https:\/\/www.dzwchafingdish.com\/wp-content\/uploads\/2024\/06\/wine-ice-bucket-in-bulk-8-150x150.webp 150w, https:\/\/www.dzwchafingdish.com\/wp-content\/uploads\/2024\/06\/wine-ice-bucket-in-bulk-8-768x768.webp 768w\" sizes=\"(max-width: 800px) 100vw, 800px\" \/><\/figure>\n<\/div>\n\n\n\n<div class=\"wp-block-column is-vertically-aligned-center is-layout-flow wp-block-column-is-layout-flow\">\n<h2 class=\"wp-block-heading\">Seau \u00e0 glace pour le vin Caract\u00e9ristiques :<\/h2>\n\n\n\n<p><strong>Acier inoxydable poli de haute qualit\u00e9<\/strong>: : Fabriqu\u00e9 en acier inoxydable 304 avec une surface polie, beau et non durable.<\/p>\n\n\n\n<p><strong>Poign\u00e9es pratiques<\/strong>: Le seau \u00e0 glace est muni de poign\u00e9es robustes des deux c\u00f4t\u00e9s pour faciliter le transport. Il est id\u00e9al pour les f\u00eates, les rassemblements et les \u00e9v\u00e9nements.<\/p>\n\n\n\n<p><strong>Support robuste inclus<\/strong>: Le seau \u00e0 glace est livr\u00e9 avec un support solide qui le sur\u00e9l\u00e8ve pour faciliter l'acc\u00e8s \u00e0 votre vin r\u00e9frig\u00e9r\u00e9.<\/p>\n\n\n\n<p><strong>Design \u00e9l\u00e9gant et fonctionnel : <\/strong>Ce seau \u00e0 glace pour le vin allie esth\u00e9tique et praticit\u00e9, ce qui le rend attrayant pour les \u00e9v\u00e9nements formels et d\u00e9contract\u00e9s.<\/p>\n<\/div>\n<\/div>","protected":false},"excerpt":{"rendered":"<p>Seau \u00e0 glace pour le vin Dimension ITEM NO. DZW-IB60DZW-IB61DZW-IB62 2.5L 15 cm 11 cm 17 cm 610 g Seau \u00e0 glace pour le vin Caract\u00e9ristiques : Acier inoxydable poli de haute qualit\u00e9: : Fabriqu\u00e9 en acier inoxydable 304 avec une surface polie, belle et non durable. Poign\u00e9es pratiques : Le seau \u00e0 glace est \u00e9quip\u00e9 de poign\u00e9es robustes des deux c\u00f4t\u00e9s pour faciliter la [...]<\/p>","protected":false},"author":1,"featured_media":4376,"parent":0,"menu_order":0,"template":"","format":"standard","meta":{"_acf_changed":false,"site-sidebar-layout":"default","site-content-layout":"","ast-site-content-layout":"default","site-content-style":"default","site-sidebar-style":"default","ast-global-header-display":"","ast-banner-title-visibility":"","ast-main-header-display":"","ast-hfb-above-header-display":"","ast-hfb-below-header-display":"","ast-hfb-mobile-header-display":"","site-post-title":"","ast-breadcrumbs-content":"","ast-featured-img":"","footer-sml-layout":"","theme-transparent-header-meta":"","adv-header-id-meta":"","stick-header-meta":"","header-above-stick-meta":"","header-main-stick-meta":"","header-below-stick-meta":"","astra-migrate-meta-layouts":"default","ast-page-background-enabled":"default","ast-page-background-meta":{"desktop":{"background-color":"var(--ast-global-color-4)","background-image":"","background-repeat":"repeat","background-position":"center center","background-size":"auto","background-attachment":"scroll","background-type":"","background-media":"","overlay-type":"","overlay-color":"","overlay-opacity":"","overlay-gradient":""},"tablet":{"background-color":"","background-image":"","background-repeat":"repeat","background-position":"center center","background-size":"auto","background-attachment":"scroll","background-type":"","background-media":"","overlay-type":"","overlay-color":"","overlay-opacity":"","overlay-gradient":""},"mobile":{"background-color":"","background-image":"","background-repeat":"repeat","background-position":"center center","background-size":"auto","background-attachment":"scroll","background-type":"","background-media":"","overlay-type":"","overlay-color":"","overlay-opacity":"","overlay-gradient":""}},"ast-content-background-meta":{"desktop":{"background-color":"var(--ast-global-color-5)","background-image":"","background-repeat":"repeat","background-position":"center center","background-size":"auto","background-attachment":"scroll","background-type":"","background-media":"","overlay-type":"","overlay-color":"","overlay-opacity":"","overlay-gradient":""},"tablet":{"background-color":"var(--ast-global-color-5)","background-image":"","background-repeat":"repeat","background-position":"center center","background-size":"auto","background-attachment":"scroll","background-type":"","background-media":"","overlay-type":"","overlay-color":"","overlay-opacity":"","overlay-gradient":""},"mobile":{"background-color":"var(--ast-global-color-5)","background-image":"","background-repeat":"repeat","background-position":"center center","background-size":"auto","background-attachment":"scroll","background-type":"","background-media":"","overlay-type":"","overlay-color":"","overlay-opacity":"","overlay-gradient":""}},"footnotes":""},"product-categories":[66],"product-tag":[],"class_list":["post-4388","product","type-product","status-publish","format-standard","has-post-thumbnail","hentry","product-categories-ice-buckets"],"acf":{"title":"Wholesale Wine Ice Bucket Silver with Stand for Bar Hotel (seau \u00e0 glace pour le vin en argent avec support)","title_source":{"label":"Title","type":"text","formatted_value":"Wholesale Wine Ice Bucket Silver with Stand for Bar Hotel"},"short_description":"Wholesale Wine Ice Bucket with Stand, modern glossy exterior comes with handles, ideal for parties, bars, catering events. Our factory prices offer custom ice bucket solutions for every customer!","short_description_source":{"label":"Short description","type":"textarea","formatted_value":"Wholesale Wine Ice Bucket with Stand, modern glossy exterior comes with handles, ideal for parties, bars, catering events. Our factory prices offer custom ice bucket solutions for every customer!"},"parameters":"<table border=\"0\" width=\"423\" cellspacing=\"0\" cellpadding=\"0\">\r\n<tbody>\r\n<tr>\r\n<td width=\"166\" height=\"24\">Manufacturer<\/td>\r\n<td width=\"257\">DONGZHAOWEI<\/td>\r\n<\/tr>\r\n<tr>\r\n<td height=\"24\">Material<\/td>\r\n<td>Stainless Steel 304<\/td>\r\n<\/tr>\r\n<tr>\r\n<td height=\"24\">Capacity<\/td>\r\n<td>2.5L<\/td>\r\n<\/tr>\r\n<tr>\r\n<td height=\"23\">Color<\/td>\r\n<td>Golden \/ Silver<\/td>\r\n<\/tr>\r\n<tr>\r\n<td height=\"23\">Design<\/td>\r\n<td>With handle and stand<\/td>\r\n<\/tr>\r\n<tr>\r\n<td height=\"23\">Shape<\/td>\r\n<td>Bucket Shape<\/td>\r\n<\/tr>\r\n<tr>\r\n<td height=\"23\">Custom<\/td>\r\n<td>Color\/Logo\/Package<\/td>\r\n<\/tr>\r\n<tr>\r\n<td height=\"23\">MOQ<\/td>\r\n<td>60 sets<\/td>\r\n<\/tr>\r\n<\/tbody>\r\n<\/table>","parameters_source":{"label":"Parameters","type":"wysiwyg","formatted_value":"<table border=\"0\" width=\"423\" cellspacing=\"0\" cellpadding=\"0\">\n<tbody>\n<tr>\n<td width=\"166\" height=\"24\">Manufacturer<\/td>\n<td width=\"257\">DONGZHAOWEI<\/td>\n<\/tr>\n<tr>\n<td height=\"24\">Material<\/td>\n<td>Stainless Steel 304<\/td>\n<\/tr>\n<tr>\n<td height=\"24\">Capacity<\/td>\n<td>2.5L<\/td>\n<\/tr>\n<tr>\n<td height=\"23\">Color<\/td>\n<td>Golden \/ Silver<\/td>\n<\/tr>\n<tr>\n<td height=\"23\">Design<\/td>\n<td>With handle and stand<\/td>\n<\/tr>\n<tr>\n<td height=\"23\">Shape<\/td>\n<td>Bucket Shape<\/td>\n<\/tr>\n<tr>\n<td height=\"23\">Custom<\/td>\n<td>Color\/Logo\/Package<\/td>\n<\/tr>\n<tr>\n<td height=\"23\">MOQ<\/td>\n<td>60 sets<\/td>\n<\/tr>\n<\/tbody>\n<\/table>\n"},"photo_gallery":{"product_gallery":[[{"id":4376,"title":"wine ice bucket in bulk (3)","caption":"wine ice bucket in bulk ","full_image_url":"https:\/\/www.dzwchafingdish.com\/wp-content\/uploads\/2024\/06\/wine-ice-bucket-in-bulk-3.webp","thumbnail_image_url":"https:\/\/www.dzwchafingdish.com\/wp-content\/uploads\/2024\/06\/wine-ice-bucket-in-bulk-3-150x150.webp","large_srcset":"https:\/\/www.dzwchafingdish.com\/wp-content\/uploads\/2024\/06\/wine-ice-bucket-in-bulk-3.webp 800w, https:\/\/www.dzwchafingdish.com\/wp-content\/uploads\/2024\/06\/wine-ice-bucket-in-bulk-3-300x300.webp 300w, https:\/\/www.dzwchafingdish.com\/wp-content\/uploads\/2024\/06\/wine-ice-bucket-in-bulk-3-150x150.webp 150w, https:\/\/www.dzwchafingdish.com\/wp-content\/uploads\/2024\/06\/wine-ice-bucket-in-bulk-3-768x768.webp 768w","medium_srcset":"https:\/\/www.dzwchafingdish.com\/wp-content\/uploads\/2024\/06\/wine-ice-bucket-in-bulk-3-300x300.webp 300w, https:\/\/www.dzwchafingdish.com\/wp-content\/uploads\/2024\/06\/wine-ice-bucket-in-bulk-3-150x150.webp 150w, https:\/\/www.dzwchafingdish.com\/wp-content\/uploads\/2024\/06\/wine-ice-bucket-in-bulk-3-768x768.webp 768w, https:\/\/www.dzwchafingdish.com\/wp-content\/uploads\/2024\/06\/wine-ice-bucket-in-bulk-3.webp 800w","media_details":{"width":800,"height":800,"sizes":{"medium":{"file":"wine-ice-bucket-in-bulk-3-300x300.webp","width":300,"height":300,"mime-type":"image\/webp","filesize":9476,"source_url":"https:\/\/www.dzwchafingdish.com\/wp-content\/uploads\/2024\/06\/wine-ice-bucket-in-bulk-3-300x300.webp"},"thumbnail":{"file":"wine-ice-bucket-in-bulk-3-150x150.webp","width":150,"height":150,"mime-type":"image\/webp","filesize":3262,"source_url":"https:\/\/www.dzwchafingdish.com\/wp-content\/uploads\/2024\/06\/wine-ice-bucket-in-bulk-3-150x150.webp"},"medium_large":{"file":"wine-ice-bucket-in-bulk-3-768x768.webp","width":768,"height":768,"mime-type":"image\/webp","filesize":38400,"source_url":"https:\/\/www.dzwchafingdish.com\/wp-content\/uploads\/2024\/06\/wine-ice-bucket-in-bulk-3-768x768.webp"}}},"alt_text":"wine ice bucket in bulk","url":"","target":""},{"id":4377,"title":"wine ice bucket in bulk (4)","caption":"wine ice bucket in bulk ","full_image_url":"https:\/\/www.dzwchafingdish.com\/wp-content\/uploads\/2024\/06\/wine-ice-bucket-in-bulk-4.webp","thumbnail_image_url":"https:\/\/www.dzwchafingdish.com\/wp-content\/uploads\/2024\/06\/wine-ice-bucket-in-bulk-4-150x150.webp","large_srcset":"https:\/\/www.dzwchafingdish.com\/wp-content\/uploads\/2024\/06\/wine-ice-bucket-in-bulk-4.webp 800w, https:\/\/www.dzwchafingdish.com\/wp-content\/uploads\/2024\/06\/wine-ice-bucket-in-bulk-4-300x300.webp 300w, https:\/\/www.dzwchafingdish.com\/wp-content\/uploads\/2024\/06\/wine-ice-bucket-in-bulk-4-150x150.webp 150w, https:\/\/www.dzwchafingdish.com\/wp-content\/uploads\/2024\/06\/wine-ice-bucket-in-bulk-4-768x768.webp 768w","medium_srcset":"https:\/\/www.dzwchafingdish.com\/wp-content\/uploads\/2024\/06\/wine-ice-bucket-in-bulk-4-300x300.webp 300w, https:\/\/www.dzwchafingdish.com\/wp-content\/uploads\/2024\/06\/wine-ice-bucket-in-bulk-4-150x150.webp 150w, https:\/\/www.dzwchafingdish.com\/wp-content\/uploads\/2024\/06\/wine-ice-bucket-in-bulk-4-768x768.webp 768w, https:\/\/www.dzwchafingdish.com\/wp-content\/uploads\/2024\/06\/wine-ice-bucket-in-bulk-4.webp 800w","media_details":{"width":800,"height":800,"sizes":{"medium":{"file":"wine-ice-bucket-in-bulk-4-300x300.webp","width":300,"height":300,"mime-type":"image\/webp","filesize":8630,"source_url":"https:\/\/www.dzwchafingdish.com\/wp-content\/uploads\/2024\/06\/wine-ice-bucket-in-bulk-4-300x300.webp"},"thumbnail":{"file":"wine-ice-bucket-in-bulk-4-150x150.webp","width":150,"height":150,"mime-type":"image\/webp","filesize":2786,"source_url":"https:\/\/www.dzwchafingdish.com\/wp-content\/uploads\/2024\/06\/wine-ice-bucket-in-bulk-4-150x150.webp"},"medium_large":{"file":"wine-ice-bucket-in-bulk-4-768x768.webp","width":768,"height":768,"mime-type":"image\/webp","filesize":37938,"source_url":"https:\/\/www.dzwchafingdish.com\/wp-content\/uploads\/2024\/06\/wine-ice-bucket-in-bulk-4-768x768.webp"}}},"alt_text":"wine ice bucket in bulk","url":"","target":""},{"id":4379,"title":"wine ice bucket in bulk (6)","caption":"wine ice bucket in bulk ","full_image_url":"https:\/\/www.dzwchafingdish.com\/wp-content\/uploads\/2024\/06\/wine-ice-bucket-in-bulk-6.webp","thumbnail_image_url":"https:\/\/www.dzwchafingdish.com\/wp-content\/uploads\/2024\/06\/wine-ice-bucket-in-bulk-6-150x150.webp","large_srcset":"https:\/\/www.dzwchafingdish.com\/wp-content\/uploads\/2024\/06\/wine-ice-bucket-in-bulk-6.webp 800w, https:\/\/www.dzwchafingdish.com\/wp-content\/uploads\/2024\/06\/wine-ice-bucket-in-bulk-6-300x300.webp 300w, https:\/\/www.dzwchafingdish.com\/wp-content\/uploads\/2024\/06\/wine-ice-bucket-in-bulk-6-150x150.webp 150w, https:\/\/www.dzwchafingdish.com\/wp-content\/uploads\/2024\/06\/wine-ice-bucket-in-bulk-6-768x768.webp 768w","medium_srcset":"https:\/\/www.dzwchafingdish.com\/wp-content\/uploads\/2024\/06\/wine-ice-bucket-in-bulk-6-300x300.webp 300w, https:\/\/www.dzwchafingdish.com\/wp-content\/uploads\/2024\/06\/wine-ice-bucket-in-bulk-6-150x150.webp 150w, https:\/\/www.dzwchafingdish.com\/wp-content\/uploads\/2024\/06\/wine-ice-bucket-in-bulk-6-768x768.webp 768w, https:\/\/www.dzwchafingdish.com\/wp-content\/uploads\/2024\/06\/wine-ice-bucket-in-bulk-6.webp 800w","media_details":{"width":800,"height":800,"sizes":{"medium":{"file":"wine-ice-bucket-in-bulk-6-300x300.webp","width":300,"height":300,"mime-type":"image\/webp","filesize":10790,"source_url":"https:\/\/www.dzwchafingdish.com\/wp-content\/uploads\/2024\/06\/wine-ice-bucket-in-bulk-6-300x300.webp"},"thumbnail":{"file":"wine-ice-bucket-in-bulk-6-150x150.webp","width":150,"height":150,"mime-type":"image\/webp","filesize":3642,"source_url":"https:\/\/www.dzwchafingdish.com\/wp-content\/uploads\/2024\/06\/wine-ice-bucket-in-bulk-6-150x150.webp"},"medium_large":{"file":"wine-ice-bucket-in-bulk-6-768x768.webp","width":768,"height":768,"mime-type":"image\/webp","filesize":40664,"source_url":"https:\/\/www.dzwchafingdish.com\/wp-content\/uploads\/2024\/06\/wine-ice-bucket-in-bulk-6-768x768.webp"}}},"alt_text":"wine ice bucket in bulk","url":"","target":""},{"id":4380,"title":"wine ice bucket in bulk (7)","caption":"wine ice bucket in bulk ","full_image_url":"https:\/\/www.dzwchafingdish.com\/wp-content\/uploads\/2024\/06\/wine-ice-bucket-in-bulk-7.webp","thumbnail_image_url":"https:\/\/www.dzwchafingdish.com\/wp-content\/uploads\/2024\/06\/wine-ice-bucket-in-bulk-7-150x150.webp","large_srcset":"https:\/\/www.dzwchafingdish.com\/wp-content\/uploads\/2024\/06\/wine-ice-bucket-in-bulk-7.webp 800w, https:\/\/www.dzwchafingdish.com\/wp-content\/uploads\/2024\/06\/wine-ice-bucket-in-bulk-7-300x300.webp 300w, https:\/\/www.dzwchafingdish.com\/wp-content\/uploads\/2024\/06\/wine-ice-bucket-in-bulk-7-150x150.webp 150w, https:\/\/www.dzwchafingdish.com\/wp-content\/uploads\/2024\/06\/wine-ice-bucket-in-bulk-7-768x768.webp 768w","medium_srcset":"https:\/\/www.dzwchafingdish.com\/wp-content\/uploads\/2024\/06\/wine-ice-bucket-in-bulk-7-300x300.webp 300w, https:\/\/www.dzwchafingdish.com\/wp-content\/uploads\/2024\/06\/wine-ice-bucket-in-bulk-7-150x150.webp 150w, https:\/\/www.dzwchafingdish.com\/wp-content\/uploads\/2024\/06\/wine-ice-bucket-in-bulk-7-768x768.webp 768w, https:\/\/www.dzwchafingdish.com\/wp-content\/uploads\/2024\/06\/wine-ice-bucket-in-bulk-7.webp 800w","media_details":{"width":800,"height":800,"sizes":{"medium":{"file":"wine-ice-bucket-in-bulk-7-300x300.webp","width":300,"height":300,"mime-type":"image\/webp","filesize":8440,"source_url":"https:\/\/www.dzwchafingdish.com\/wp-content\/uploads\/2024\/06\/wine-ice-bucket-in-bulk-7-300x300.webp"},"thumbnail":{"file":"wine-ice-bucket-in-bulk-7-150x150.webp","width":150,"height":150,"mime-type":"image\/webp","filesize":3208,"source_url":"https:\/\/www.dzwchafingdish.com\/wp-content\/uploads\/2024\/06\/wine-ice-bucket-in-bulk-7-150x150.webp"},"medium_large":{"file":"wine-ice-bucket-in-bulk-7-768x768.webp","width":768,"height":768,"mime-type":"image\/webp","filesize":35428,"source_url":"https:\/\/www.dzwchafingdish.com\/wp-content\/uploads\/2024\/06\/wine-ice-bucket-in-bulk-7-768x768.webp"}}},"alt_text":"wine ice bucket in bulk","url":"","target":""},{"id":4374,"title":"wine ice bucket in bulk (1)","caption":"wine ice bucket in bulk ","full_image_url":"https:\/\/www.dzwchafingdish.com\/wp-content\/uploads\/2024\/06\/wine-ice-bucket-in-bulk-1.webp","thumbnail_image_url":"https:\/\/www.dzwchafingdish.com\/wp-content\/uploads\/2024\/06\/wine-ice-bucket-in-bulk-1-150x150.webp","large_srcset":"https:\/\/www.dzwchafingdish.com\/wp-content\/uploads\/2024\/06\/wine-ice-bucket-in-bulk-1.webp 790w, https:\/\/www.dzwchafingdish.com\/wp-content\/uploads\/2024\/06\/wine-ice-bucket-in-bulk-1-294x300.webp 294w, https:\/\/www.dzwchafingdish.com\/wp-content\/uploads\/2024\/06\/wine-ice-bucket-in-bulk-1-768x783.webp 768w","medium_srcset":"https:\/\/www.dzwchafingdish.com\/wp-content\/uploads\/2024\/06\/wine-ice-bucket-in-bulk-1-294x300.webp 294w, https:\/\/www.dzwchafingdish.com\/wp-content\/uploads\/2024\/06\/wine-ice-bucket-in-bulk-1-768x783.webp 768w, https:\/\/www.dzwchafingdish.com\/wp-content\/uploads\/2024\/06\/wine-ice-bucket-in-bulk-1.webp 790w","media_details":{"width":790,"height":805,"sizes":{"medium":{"file":"wine-ice-bucket-in-bulk-1-294x300.webp","width":294,"height":300,"mime-type":"image\/webp","filesize":9022,"source_url":"https:\/\/www.dzwchafingdish.com\/wp-content\/uploads\/2024\/06\/wine-ice-bucket-in-bulk-1-294x300.webp"},"thumbnail":{"file":"wine-ice-bucket-in-bulk-1-150x150.webp","width":150,"height":150,"mime-type":"image\/webp","filesize":3088,"source_url":"https:\/\/www.dzwchafingdish.com\/wp-content\/uploads\/2024\/06\/wine-ice-bucket-in-bulk-1-150x150.webp"},"medium_large":{"file":"wine-ice-bucket-in-bulk-1-768x783.webp","width":768,"height":783,"mime-type":"image\/webp","filesize":43686,"source_url":"https:\/\/www.dzwchafingdish.com\/wp-content\/uploads\/2024\/06\/wine-ice-bucket-in-bulk-1-768x783.webp"}}},"alt_text":"wine ice bucket in bulk","url":"","target":""},{"id":4375,"title":"wine ice bucket in bulk (2)","caption":"wine ice bucket in bulk ","full_image_url":"https:\/\/www.dzwchafingdish.com\/wp-content\/uploads\/2024\/06\/wine-ice-bucket-in-bulk-2.webp","thumbnail_image_url":"https:\/\/www.dzwchafingdish.com\/wp-content\/uploads\/2024\/06\/wine-ice-bucket-in-bulk-2-150x150.webp","large_srcset":"https:\/\/www.dzwchafingdish.com\/wp-content\/uploads\/2024\/06\/wine-ice-bucket-in-bulk-2.webp 790w, https:\/\/www.dzwchafingdish.com\/wp-content\/uploads\/2024\/06\/wine-ice-bucket-in-bulk-2-294x300.webp 294w, https:\/\/www.dzwchafingdish.com\/wp-content\/uploads\/2024\/06\/wine-ice-bucket-in-bulk-2-768x783.webp 768w","medium_srcset":"https:\/\/www.dzwchafingdish.com\/wp-content\/uploads\/2024\/06\/wine-ice-bucket-in-bulk-2-294x300.webp 294w, https:\/\/www.dzwchafingdish.com\/wp-content\/uploads\/2024\/06\/wine-ice-bucket-in-bulk-2-768x783.webp 768w, https:\/\/www.dzwchafingdish.com\/wp-content\/uploads\/2024\/06\/wine-ice-bucket-in-bulk-2.webp 790w","media_details":{"width":790,"height":805,"sizes":{"medium":{"file":"wine-ice-bucket-in-bulk-2-294x300.webp","width":294,"height":300,"mime-type":"image\/webp","filesize":12358,"source_url":"https:\/\/www.dzwchafingdish.com\/wp-content\/uploads\/2024\/06\/wine-ice-bucket-in-bulk-2-294x300.webp"},"thumbnail":{"file":"wine-ice-bucket-in-bulk-2-150x150.webp","width":150,"height":150,"mime-type":"image\/webp","filesize":4386,"source_url":"https:\/\/www.dzwchafingdish.com\/wp-content\/uploads\/2024\/06\/wine-ice-bucket-in-bulk-2-150x150.webp"},"medium_large":{"file":"wine-ice-bucket-in-bulk-2-768x783.webp","width":768,"height":783,"mime-type":"image\/webp","filesize":55284,"source_url":"https:\/\/www.dzwchafingdish.com\/wp-content\/uploads\/2024\/06\/wine-ice-bucket-in-bulk-2-768x783.webp"}}},"alt_text":"wine ice bucket in bulk","url":"","target":""}]]}},"_links":{"self":[{"href":"https:\/\/www.dzwchafingdish.com\/fr\/wp-json\/wp\/v2\/product\/4388","targetHints":{"allow":["GET"]}}],"collection":[{"href":"https:\/\/www.dzwchafingdish.com\/fr\/wp-json\/wp\/v2\/product"}],"about":[{"href":"https:\/\/www.dzwchafingdish.com\/fr\/wp-json\/wp\/v2\/types\/product"}],"author":[{"embeddable":true,"href":"https:\/\/www.dzwchafingdish.com\/fr\/wp-json\/wp\/v2\/users\/1"}],"version-history":[{"count":0,"href":"https:\/\/www.dzwchafingdish.com\/fr\/wp-json\/wp\/v2\/product\/4388\/revisions"}],"wp:featuredmedia":[{"embeddable":true,"href":"https:\/\/www.dzwchafingdish.com\/fr\/wp-json\/wp\/v2\/media\/4376"}],"wp:attachment":[{"href":"https:\/\/www.dzwchafingdish.com\/fr\/wp-json\/wp\/v2\/media?parent=4388"}],"wp:term":[{"taxonomy":"product-categories","embeddable":true,"href":"https:\/\/www.dzwchafingdish.com\/fr\/wp-json\/wp\/v2\/product-categories?post=4388"},{"taxonomy":"product-tag","embeddable":true,"href":"https:\/\/www.dzwchafingdish.com\/fr\/wp-json\/wp\/v2\/product-tag?post=4388"}],"curies":[{"name":"wp","href":"https:\/\/api.w.org\/{rel}","templated":true}]}}