{"id":4816,"date":"2024-12-22T08:10:37","date_gmt":"2024-12-22T08:10:37","guid":{"rendered":"https:\/\/www.dzwchafingdish.com\/?post_type=product&#038;p=4816"},"modified":"2024-12-22T08:11:18","modified_gmt":"2024-12-22T08:11:18","slug":"custom-chafing-dish-gold","status":"publish","type":"product","link":"https:\/\/www.dzwchafingdish.com\/fr\/product\/custom-chafing-dish-gold\/","title":{"rendered":"Chafing dish personnalis\u00e9 Base papillon or avec couvercle en verre"},"content":{"rendered":"<div class=\"wp-block-columns is-layout-flex wp-container-core-columns-is-layout-28f84493 wp-block-columns-is-layout-flex\">\n<div class=\"wp-block-column is-layout-flow wp-block-column-is-layout-flow\">\n<h2 class=\"wp-block-heading\">Chafing Dish Gold Dimension<\/h2>\n\n\n\n<figure class=\"wp-block-table\"><table><tbody><tr><td>ITEM NO.<\/td><td>TAILLE<\/td><td>LONGUEUR<\/td><td>LARGE<\/td><td>HAUTEUR<\/td><td>N.W \/SET<\/td><\/tr><tr><td>DZW-BV045<\/td><td>4.5L<\/td><td>36 cm<\/td><td>32 cm<\/td><td>65 cm<\/td><td>3550 g<\/td><\/tr><tr><td>DZW-BV060<\/td><td>6.0L<\/td><td>40,5 cm<\/td><td>36 cm<\/td><td>68 cm<\/td><td>4400 g<\/td><\/tr><tr><td>DZW-BV080<\/td><td>8.0L<\/td><td>41 cm<\/td><td>38 cm<\/td><td>70 cm<\/td><td>4700 g<\/td><\/tr><tr><td>DZW-BV090<\/td><td>9.0L<\/td><td>44 cm<\/td><td>42cm<\/td><td>70 cm<\/td><td>5600 g<\/td><\/tr><\/tbody><\/table><\/figure>\n<\/div>\n\n\n\n<div class=\"wp-block-column is-layout-flow wp-block-column-is-layout-flow\">\n<div class=\"wp-block-columns is-layout-flex wp-container-core-columns-is-layout-28f84493 wp-block-columns-is-layout-flex\">\n<div class=\"wp-block-column is-layout-flow wp-block-column-is-layout-flow\">\n<figure class=\"wp-block-image aligncenter size-full is-resized\"><img fetchpriority=\"high\" decoding=\"async\" width=\"2620\" height=\"2620\" src=\"https:\/\/www.dzwchafingdish.com\/wp-content\/uploads\/2024\/12\/wholesale-butterfly-chaffing-dish.webp\" alt=\"D\u00e9canteur \u00e0 papillon en gros\" class=\"wp-image-4827\" style=\"width:418px;height:auto\" srcset=\"https:\/\/www.dzwchafingdish.com\/wp-content\/uploads\/2024\/12\/wholesale-butterfly-chaffing-dish.webp 2620w, https:\/\/www.dzwchafingdish.com\/wp-content\/uploads\/2024\/12\/wholesale-butterfly-chaffing-dish-300x300.webp 300w, https:\/\/www.dzwchafingdish.com\/wp-content\/uploads\/2024\/12\/wholesale-butterfly-chaffing-dish-150x150.webp 150w, https:\/\/www.dzwchafingdish.com\/wp-content\/uploads\/2024\/12\/wholesale-butterfly-chaffing-dish-768x768.webp 768w, https:\/\/www.dzwchafingdish.com\/wp-content\/uploads\/2024\/12\/wholesale-butterfly-chaffing-dish-12x12.webp 12w\" sizes=\"(max-width: 2620px) 100vw, 2620px\" \/><\/figure>\n<\/div>\n<\/div>\n<\/div>\n<\/div>\n\n\n\n<div class=\"wp-block-columns is-layout-flex wp-container-core-columns-is-layout-28f84493 wp-block-columns-is-layout-flex\">\n<div class=\"wp-block-column is-layout-flow wp-block-column-is-layout-flow\">\n<figure class=\"wp-block-image size-full is-resized\"><img decoding=\"async\" width=\"2956\" height=\"2956\" src=\"https:\/\/www.dzwchafingdish.com\/wp-content\/uploads\/2024\/12\/Gold-cheffing-dshes.webp\" alt=\"Wholesale Chafing Dish Gold\" class=\"wp-image-4825\" style=\"width:500px;height:auto\" srcset=\"https:\/\/www.dzwchafingdish.com\/wp-content\/uploads\/2024\/12\/Gold-cheffing-dshes.webp 2956w, https:\/\/www.dzwchafingdish.com\/wp-content\/uploads\/2024\/12\/Gold-cheffing-dshes-300x300.webp 300w, https:\/\/www.dzwchafingdish.com\/wp-content\/uploads\/2024\/12\/Gold-cheffing-dshes-150x150.webp 150w, https:\/\/www.dzwchafingdish.com\/wp-content\/uploads\/2024\/12\/Gold-cheffing-dshes-768x768.webp 768w, https:\/\/www.dzwchafingdish.com\/wp-content\/uploads\/2024\/12\/Gold-cheffing-dshes-12x12.webp 12w\" sizes=\"(max-width: 2956px) 100vw, 2956px\" \/><\/figure>\n<\/div>\n\n\n\n<div class=\"wp-block-column is-layout-flow wp-block-column-is-layout-flow\">\n<h2 class=\"wp-block-heading\">Chafing Dish Gold Caract\u00e9ristiques :<\/h2>\n\n\n\n<p><strong>Design \u00e9l\u00e9gant<\/strong>: Finition plaqu\u00e9e or avec des sculptures de papillons complexes sur le cadre, rehaussant l'attrait esth\u00e9tique de toute cuisine.<\/p>\n\n\n\n<p><strong>Construction durable et de haute qualit\u00e9<\/strong>: Fabriqu\u00e9 en acier inoxydable de premi\u00e8re qualit\u00e9 pour une meilleure durabilit\u00e9 et une excellente r\u00e9tention de la chaleur.<\/p>\n\n\n\n<p><strong>Couvercle visuel pour un contr\u00f4le facile<\/strong>: Couvercle transparent pour surveiller la chaleur des aliments sans soulever le couvercle.<\/p>\n\n\n\n<p><strong>Capacit\u00e9 polyvalente<\/strong>: Disponible dans des tailles allant de 4,5L \u00e0 9L pour r\u00e9pondre \u00e0 une vari\u00e9t\u00e9 de besoins en mati\u00e8re de chauffage.<\/p>\n\n\n\n<p><strong>Garder les aliments au chaud<\/strong>: Con\u00e7u sp\u00e9cifiquement pour maintenir les aliments au chaud, il ne convient pas pour la cuisson.<\/p>\n\n\n\n<p><strong>Options de personnalisation<\/strong>: Personnalisation des couleurs, ainsi que des emballages personnalis\u00e9s (bo\u00eetes de couleur, cartons ext\u00e9rieurs et \u00e9tiquettes) et logos grav\u00e9s au laser, offrant ainsi des solutions de marquage et d'emballage sur mesure.<\/p>\n<\/div>\n<\/div>\n\n\n\n<p><\/p>","protected":false},"excerpt":{"rendered":"<p>Chafing Dish Gold Dimension ITEM NO. DZW-BV045 4.5L 36 cm 32 cm 65 cm 3550 g DZW-BV060 6.0L 40.5 cm 36 cm 68 cm 4400 g DZW-BV080 8.0L 41 cm 38 cm 70 cm 4700 g DZW-BV090 9.0L 44 cm 42cm 70 cm 5600 g Casserole en or Caract\u00e9ristiques : [...]<\/p>","protected":false},"author":2,"featured_media":4826,"parent":0,"menu_order":0,"template":"","format":"standard","meta":{"_acf_changed":false,"site-sidebar-layout":"default","site-content-layout":"","ast-site-content-layout":"","site-content-style":"default","site-sidebar-style":"default","ast-global-header-display":"","ast-banner-title-visibility":"","ast-main-header-display":"","ast-hfb-above-header-display":"","ast-hfb-below-header-display":"","ast-hfb-mobile-header-display":"","site-post-title":"","ast-breadcrumbs-content":"","ast-featured-img":"","footer-sml-layout":"","theme-transparent-header-meta":"","adv-header-id-meta":"","stick-header-meta":"","header-above-stick-meta":"","header-main-stick-meta":"","header-below-stick-meta":"","astra-migrate-meta-layouts":"default","ast-page-background-enabled":"default","ast-page-background-meta":{"desktop":{"background-color":"var(--ast-global-color-4)","background-image":"","background-repeat":"repeat","background-position":"center center","background-size":"auto","background-attachment":"scroll","background-type":"","background-media":"","overlay-type":"","overlay-color":"","overlay-opacity":"","overlay-gradient":""},"tablet":{"background-color":"","background-image":"","background-repeat":"repeat","background-position":"center center","background-size":"auto","background-attachment":"scroll","background-type":"","background-media":"","overlay-type":"","overlay-color":"","overlay-opacity":"","overlay-gradient":""},"mobile":{"background-color":"","background-image":"","background-repeat":"repeat","background-position":"center center","background-size":"auto","background-attachment":"scroll","background-type":"","background-media":"","overlay-type":"","overlay-color":"","overlay-opacity":"","overlay-gradient":""}},"ast-content-background-meta":{"desktop":{"background-color":"var(--ast-global-color-5)","background-image":"","background-repeat":"repeat","background-position":"center center","background-size":"auto","background-attachment":"scroll","background-type":"","background-media":"","overlay-type":"","overlay-color":"","overlay-opacity":"","overlay-gradient":""},"tablet":{"background-color":"var(--ast-global-color-5)","background-image":"","background-repeat":"repeat","background-position":"center center","background-size":"auto","background-attachment":"scroll","background-type":"","background-media":"","overlay-type":"","overlay-color":"","overlay-opacity":"","overlay-gradient":""},"mobile":{"background-color":"var(--ast-global-color-5)","background-image":"","background-repeat":"repeat","background-position":"center center","background-size":"auto","background-attachment":"scroll","background-type":"","background-media":"","overlay-type":"","overlay-color":"","overlay-opacity":"","overlay-gradient":""}},"footnotes":""},"product-categories":[63],"product-tag":[97,90,91],"class_list":["post-4816","product","type-product","status-publish","format-standard","has-post-thumbnail","hentry","product-categories-chafing-dish","product-tag-chafing-dish-with-hanging-lid","product-tag-fuel-chafing-dish","product-tag-round-chafing-dish"],"acf":{"title":"Plat \u00e0 r\u00f4tir personnalis\u00e9 en or avec couvercle en verre pour les h\u00f4tels, les buffets et les traiteurs","title_source":{"label":"Title","type":"text","formatted_value":"Custom Chafing Dish Gold with Glass Lid for Hotel Buffet Catering"},"short_description":"Wholesale custom chafing dish gold, stainless steel butterfly engraving design, with glass hanging lid, luxurious and elegant, suitable for wedding and other catering events. Customized logo, color, packaging, etc. are available. Direct sales from chafing dish manufacturer, welcome to inquire!","short_description_source":{"label":"Short description","type":"textarea","formatted_value":"Wholesale custom chafing dish gold, stainless steel butterfly engraving design, with glass hanging lid, luxurious and elegant, suitable for wedding and other catering events. Customized logo, color, packaging, etc. are available. Direct sales from chafing dish manufacturer, welcome to inquire!"},"parameters":"<table border=\"0\" width=\"423\" cellspacing=\"0\" cellpadding=\"0\">\r\n<tbody>\r\n<tr>\r\n<td width=\"166\" height=\"24\">Manufacturer<\/td>\r\n<td width=\"257\">DONGZHAOWEI<\/td>\r\n<\/tr>\r\n<tr>\r\n<td height=\"24\">Material<\/td>\r\n<td>Stainless Steel 201<\/td>\r\n<\/tr>\r\n<tr>\r\n<td height=\"24\">Capacity<\/td>\r\n<td>4.5L\uff1b6.0L\uff1b8.0L\uff1b9.0L<\/td>\r\n<\/tr>\r\n<tr>\r\n<td height=\"24\">Color<\/td>\r\n<td>Golden<\/td>\r\n<\/tr>\r\n<tr>\r\n<td height=\"24\">Design<\/td>\r\n<td>Butterfly<\/td>\r\n<\/tr>\r\n<tr>\r\n<td height=\"24\">Lid type<\/td>\r\n<td>Glass Hanging lid<\/td>\r\n<\/tr>\r\n<tr>\r\n<td height=\"24\">Heat<\/td>\r\n<td>Fuel<\/td>\r\n<\/tr>\r\n<tr>\r\n<td height=\"24\">Custom<\/td>\r\n<td>Color\/Logo\/Package<\/td>\r\n<\/tr>\r\n<\/tbody>\r\n<\/table>","parameters_source":{"label":"Parameters","type":"wysiwyg","formatted_value":"<table border=\"0\" width=\"423\" cellspacing=\"0\" cellpadding=\"0\">\n<tbody>\n<tr>\n<td width=\"166\" height=\"24\">Manufacturer<\/td>\n<td width=\"257\">DONGZHAOWEI<\/td>\n<\/tr>\n<tr>\n<td height=\"24\">Material<\/td>\n<td>Stainless Steel 201<\/td>\n<\/tr>\n<tr>\n<td height=\"24\">Capacity<\/td>\n<td>4.5L\uff1b6.0L\uff1b8.0L\uff1b9.0L<\/td>\n<\/tr>\n<tr>\n<td height=\"24\">Color<\/td>\n<td>Golden<\/td>\n<\/tr>\n<tr>\n<td height=\"24\">Design<\/td>\n<td>Butterfly<\/td>\n<\/tr>\n<tr>\n<td height=\"24\">Lid type<\/td>\n<td>Glass Hanging lid<\/td>\n<\/tr>\n<tr>\n<td height=\"24\">Heat<\/td>\n<td>Fuel<\/td>\n<\/tr>\n<tr>\n<td height=\"24\">Custom<\/td>\n<td>Color\/Logo\/Package<\/td>\n<\/tr>\n<\/tbody>\n<\/table>\n"},"photo_gallery":{"product_gallery":[[{"id":4826,"title":"wholesale Chafing Dish Gold","caption":"wholesale Chafing Dish Gold","full_image_url":"https:\/\/www.dzwchafingdish.com\/wp-content\/uploads\/2024\/12\/Golden-Butterfly-Chafing-Dish.webp","thumbnail_image_url":"https:\/\/www.dzwchafingdish.com\/wp-content\/uploads\/2024\/12\/Golden-Butterfly-Chafing-Dish-150x150.webp","large_srcset":"https:\/\/www.dzwchafingdish.com\/wp-content\/uploads\/2024\/12\/Golden-Butterfly-Chafing-Dish.webp 2840w, https:\/\/www.dzwchafingdish.com\/wp-content\/uploads\/2024\/12\/Golden-Butterfly-Chafing-Dish-300x300.webp 300w, https:\/\/www.dzwchafingdish.com\/wp-content\/uploads\/2024\/12\/Golden-Butterfly-Chafing-Dish-150x150.webp 150w, https:\/\/www.dzwchafingdish.com\/wp-content\/uploads\/2024\/12\/Golden-Butterfly-Chafing-Dish-768x768.webp 768w, https:\/\/www.dzwchafingdish.com\/wp-content\/uploads\/2024\/12\/Golden-Butterfly-Chafing-Dish-12x12.webp 12w","medium_srcset":"https:\/\/www.dzwchafingdish.com\/wp-content\/uploads\/2024\/12\/Golden-Butterfly-Chafing-Dish-300x300.webp 300w, https:\/\/www.dzwchafingdish.com\/wp-content\/uploads\/2024\/12\/Golden-Butterfly-Chafing-Dish-150x150.webp 150w, https:\/\/www.dzwchafingdish.com\/wp-content\/uploads\/2024\/12\/Golden-Butterfly-Chafing-Dish-768x768.webp 768w, https:\/\/www.dzwchafingdish.com\/wp-content\/uploads\/2024\/12\/Golden-Butterfly-Chafing-Dish-12x12.webp 12w","media_details":{"width":2840,"height":2840,"sizes":{"medium":{"file":"Golden-Butterfly-Chafing-Dish-300x300.webp","width":300,"height":300,"mime-type":"image\/webp","filesize":28692,"source_url":"https:\/\/www.dzwchafingdish.com\/wp-content\/uploads\/2024\/12\/Golden-Butterfly-Chafing-Dish-300x300.webp"},"thumbnail":{"file":"Golden-Butterfly-Chafing-Dish-150x150.webp","width":150,"height":150,"mime-type":"image\/webp","filesize":8388,"source_url":"https:\/\/www.dzwchafingdish.com\/wp-content\/uploads\/2024\/12\/Golden-Butterfly-Chafing-Dish-150x150.webp"},"medium_large":{"file":"Golden-Butterfly-Chafing-Dish-768x768.webp","width":768,"height":768,"mime-type":"image\/webp","filesize":142060,"source_url":"https:\/\/www.dzwchafingdish.com\/wp-content\/uploads\/2024\/12\/Golden-Butterfly-Chafing-Dish-768x768.webp"},"trp-custom-language-flag":{"file":"Golden-Butterfly-Chafing-Dish-12x12.webp","width":12,"height":12,"mime-type":"image\/webp","filesize":156,"source_url":"https:\/\/www.dzwchafingdish.com\/wp-content\/uploads\/2024\/12\/Golden-Butterfly-Chafing-Dish-12x12.webp"}}},"alt_text":"wholesale Chafing Dish Gold","url":"","target":""},{"id":4827,"title":"wholesale Chafing Dish Gold","caption":"wholesale Chafing Dish Gold","full_image_url":"https:\/\/www.dzwchafingdish.com\/wp-content\/uploads\/2024\/12\/wholesale-butterfly-chaffing-dish.webp","thumbnail_image_url":"https:\/\/www.dzwchafingdish.com\/wp-content\/uploads\/2024\/12\/wholesale-butterfly-chaffing-dish-150x150.webp","large_srcset":"https:\/\/www.dzwchafingdish.com\/wp-content\/uploads\/2024\/12\/wholesale-butterfly-chaffing-dish.webp 2620w, https:\/\/www.dzwchafingdish.com\/wp-content\/uploads\/2024\/12\/wholesale-butterfly-chaffing-dish-300x300.webp 300w, https:\/\/www.dzwchafingdish.com\/wp-content\/uploads\/2024\/12\/wholesale-butterfly-chaffing-dish-150x150.webp 150w, https:\/\/www.dzwchafingdish.com\/wp-content\/uploads\/2024\/12\/wholesale-butterfly-chaffing-dish-768x768.webp 768w, https:\/\/www.dzwchafingdish.com\/wp-content\/uploads\/2024\/12\/wholesale-butterfly-chaffing-dish-12x12.webp 12w","medium_srcset":"https:\/\/www.dzwchafingdish.com\/wp-content\/uploads\/2024\/12\/wholesale-butterfly-chaffing-dish-300x300.webp 300w, https:\/\/www.dzwchafingdish.com\/wp-content\/uploads\/2024\/12\/wholesale-butterfly-chaffing-dish-150x150.webp 150w, https:\/\/www.dzwchafingdish.com\/wp-content\/uploads\/2024\/12\/wholesale-butterfly-chaffing-dish-768x768.webp 768w, https:\/\/www.dzwchafingdish.com\/wp-content\/uploads\/2024\/12\/wholesale-butterfly-chaffing-dish-12x12.webp 12w","media_details":{"width":2620,"height":2620,"sizes":{"medium":{"file":"wholesale-butterfly-chaffing-dish-300x300.webp","width":300,"height":300,"mime-type":"image\/webp","filesize":26304,"source_url":"https:\/\/www.dzwchafingdish.com\/wp-content\/uploads\/2024\/12\/wholesale-butterfly-chaffing-dish-300x300.webp"},"thumbnail":{"file":"wholesale-butterfly-chaffing-dish-150x150.webp","width":150,"height":150,"mime-type":"image\/webp","filesize":7912,"source_url":"https:\/\/www.dzwchafingdish.com\/wp-content\/uploads\/2024\/12\/wholesale-butterfly-chaffing-dish-150x150.webp"},"medium_large":{"file":"wholesale-butterfly-chaffing-dish-768x768.webp","width":768,"height":768,"mime-type":"image\/webp","filesize":126188,"source_url":"https:\/\/www.dzwchafingdish.com\/wp-content\/uploads\/2024\/12\/wholesale-butterfly-chaffing-dish-768x768.webp"},"trp-custom-language-flag":{"file":"wholesale-butterfly-chaffing-dish-12x12.webp","width":12,"height":12,"mime-type":"image\/webp","filesize":154,"source_url":"https:\/\/www.dzwchafingdish.com\/wp-content\/uploads\/2024\/12\/wholesale-butterfly-chaffing-dish-12x12.webp"}}},"alt_text":"wholesale Chafing Dish Gold","url":"","target":""},{"id":4823,"title":"wholesale Chafing Dish Gold","caption":"wholesale Chafing Dish Gold","full_image_url":"https:\/\/www.dzwchafingdish.com\/wp-content\/uploads\/2024\/12\/Chafing-dishes-Factory.webp","thumbnail_image_url":"https:\/\/www.dzwchafingdish.com\/wp-content\/uploads\/2024\/12\/Chafing-dishes-Factory-150x150.webp","large_srcset":"https:\/\/www.dzwchafingdish.com\/wp-content\/uploads\/2024\/12\/Chafing-dishes-Factory.webp 3024w, https:\/\/www.dzwchafingdish.com\/wp-content\/uploads\/2024\/12\/Chafing-dishes-Factory-300x300.webp 300w, https:\/\/www.dzwchafingdish.com\/wp-content\/uploads\/2024\/12\/Chafing-dishes-Factory-150x150.webp 150w, https:\/\/www.dzwchafingdish.com\/wp-content\/uploads\/2024\/12\/Chafing-dishes-Factory-768x768.webp 768w, https:\/\/www.dzwchafingdish.com\/wp-content\/uploads\/2024\/12\/Chafing-dishes-Factory-12x12.webp 12w","medium_srcset":"https:\/\/www.dzwchafingdish.com\/wp-content\/uploads\/2024\/12\/Chafing-dishes-Factory-300x300.webp 300w, https:\/\/www.dzwchafingdish.com\/wp-content\/uploads\/2024\/12\/Chafing-dishes-Factory-150x150.webp 150w, https:\/\/www.dzwchafingdish.com\/wp-content\/uploads\/2024\/12\/Chafing-dishes-Factory-768x768.webp 768w, https:\/\/www.dzwchafingdish.com\/wp-content\/uploads\/2024\/12\/Chafing-dishes-Factory-12x12.webp 12w","media_details":{"width":3024,"height":3024,"sizes":{"medium":{"file":"Chafing-dishes-Factory-300x300.webp","width":300,"height":300,"mime-type":"image\/webp","filesize":26890,"source_url":"https:\/\/www.dzwchafingdish.com\/wp-content\/uploads\/2024\/12\/Chafing-dishes-Factory-300x300.webp"},"thumbnail":{"file":"Chafing-dishes-Factory-150x150.webp","width":150,"height":150,"mime-type":"image\/webp","filesize":8318,"source_url":"https:\/\/www.dzwchafingdish.com\/wp-content\/uploads\/2024\/12\/Chafing-dishes-Factory-150x150.webp"},"medium_large":{"file":"Chafing-dishes-Factory-768x768.webp","width":768,"height":768,"mime-type":"image\/webp","filesize":131978,"source_url":"https:\/\/www.dzwchafingdish.com\/wp-content\/uploads\/2024\/12\/Chafing-dishes-Factory-768x768.webp"},"trp-custom-language-flag":{"file":"Chafing-dishes-Factory-12x12.webp","width":12,"height":12,"mime-type":"image\/webp","filesize":148,"source_url":"https:\/\/www.dzwchafingdish.com\/wp-content\/uploads\/2024\/12\/Chafing-dishes-Factory-12x12.webp"}}},"alt_text":"wholesale Chafing Dish Gold","url":"","target":""},{"id":4824,"title":"wholesale Chafing Dish Gold","caption":"wholesale Chafing Dish Gold","full_image_url":"https:\/\/www.dzwchafingdish.com\/wp-content\/uploads\/2024\/12\/Commercial-golden-Food-Warmer.webp","thumbnail_image_url":"https:\/\/www.dzwchafingdish.com\/wp-content\/uploads\/2024\/12\/Commercial-golden-Food-Warmer-150x150.webp","large_srcset":"https:\/\/www.dzwchafingdish.com\/wp-content\/uploads\/2024\/12\/Commercial-golden-Food-Warmer.webp 3024w, https:\/\/www.dzwchafingdish.com\/wp-content\/uploads\/2024\/12\/Commercial-golden-Food-Warmer-300x300.webp 300w, https:\/\/www.dzwchafingdish.com\/wp-content\/uploads\/2024\/12\/Commercial-golden-Food-Warmer-150x150.webp 150w, https:\/\/www.dzwchafingdish.com\/wp-content\/uploads\/2024\/12\/Commercial-golden-Food-Warmer-768x768.webp 768w, https:\/\/www.dzwchafingdish.com\/wp-content\/uploads\/2024\/12\/Commercial-golden-Food-Warmer-12x12.webp 12w","medium_srcset":"https:\/\/www.dzwchafingdish.com\/wp-content\/uploads\/2024\/12\/Commercial-golden-Food-Warmer-300x300.webp 300w, https:\/\/www.dzwchafingdish.com\/wp-content\/uploads\/2024\/12\/Commercial-golden-Food-Warmer-150x150.webp 150w, https:\/\/www.dzwchafingdish.com\/wp-content\/uploads\/2024\/12\/Commercial-golden-Food-Warmer-768x768.webp 768w, https:\/\/www.dzwchafingdish.com\/wp-content\/uploads\/2024\/12\/Commercial-golden-Food-Warmer-12x12.webp 12w","media_details":{"width":3024,"height":3024,"sizes":{"medium":{"file":"Commercial-golden-Food-Warmer-300x300.webp","width":300,"height":300,"mime-type":"image\/webp","filesize":27214,"source_url":"https:\/\/www.dzwchafingdish.com\/wp-content\/uploads\/2024\/12\/Commercial-golden-Food-Warmer-300x300.webp"},"thumbnail":{"file":"Commercial-golden-Food-Warmer-150x150.webp","width":150,"height":150,"mime-type":"image\/webp","filesize":8414,"source_url":"https:\/\/www.dzwchafingdish.com\/wp-content\/uploads\/2024\/12\/Commercial-golden-Food-Warmer-150x150.webp"},"medium_large":{"file":"Commercial-golden-Food-Warmer-768x768.webp","width":768,"height":768,"mime-type":"image\/webp","filesize":133872,"source_url":"https:\/\/www.dzwchafingdish.com\/wp-content\/uploads\/2024\/12\/Commercial-golden-Food-Warmer-768x768.webp"},"trp-custom-language-flag":{"file":"Commercial-golden-Food-Warmer-12x12.webp","width":12,"height":12,"mime-type":"image\/webp","filesize":152,"source_url":"https:\/\/www.dzwchafingdish.com\/wp-content\/uploads\/2024\/12\/Commercial-golden-Food-Warmer-12x12.webp"}}},"alt_text":"wholesale Chafing Dish Gold","url":"","target":""}]]}},"_links":{"self":[{"href":"https:\/\/www.dzwchafingdish.com\/fr\/wp-json\/wp\/v2\/product\/4816","targetHints":{"allow":["GET"]}}],"collection":[{"href":"https:\/\/www.dzwchafingdish.com\/fr\/wp-json\/wp\/v2\/product"}],"about":[{"href":"https:\/\/www.dzwchafingdish.com\/fr\/wp-json\/wp\/v2\/types\/product"}],"author":[{"embeddable":true,"href":"https:\/\/www.dzwchafingdish.com\/fr\/wp-json\/wp\/v2\/users\/2"}],"version-history":[{"count":0,"href":"https:\/\/www.dzwchafingdish.com\/fr\/wp-json\/wp\/v2\/product\/4816\/revisions"}],"wp:featuredmedia":[{"embeddable":true,"href":"https:\/\/www.dzwchafingdish.com\/fr\/wp-json\/wp\/v2\/media\/4826"}],"wp:attachment":[{"href":"https:\/\/www.dzwchafingdish.com\/fr\/wp-json\/wp\/v2\/media?parent=4816"}],"wp:term":[{"taxonomy":"product-categories","embeddable":true,"href":"https:\/\/www.dzwchafingdish.com\/fr\/wp-json\/wp\/v2\/product-categories?post=4816"},{"taxonomy":"product-tag","embeddable":true,"href":"https:\/\/www.dzwchafingdish.com\/fr\/wp-json\/wp\/v2\/product-tag?post=4816"}],"curies":[{"name":"wp","href":"https:\/\/api.w.org\/{rel}","templated":true}]}}