{"id":4903,"date":"2025-01-14T12:35:04","date_gmt":"2025-01-14T12:35:04","guid":{"rendered":"https:\/\/www.dzwchafingdish.com\/?post_type=product&#038;p=4903"},"modified":"2025-01-14T12:35:06","modified_gmt":"2025-01-14T12:35:06","slug":"wholesale-gold-chafing-dish-with-lid","status":"publish","type":"product","link":"https:\/\/www.dzwchafingdish.com\/fr\/product\/wholesale-gold-chafing-dish-with-lid\/","title":{"rendered":"New Arriva Gold Chafing Dish with Lid Wholesale Fancy Luxury Chafer Set"},"content":{"rendered":"<div class=\"wp-block-columns is-layout-flex wp-container-core-columns-is-layout-28f84493 wp-block-columns-is-layout-flex\">\n<div class=\"wp-block-column is-layout-flow wp-block-column-is-layout-flow\">\n<h2 class=\"wp-block-heading\">Dimension du plat \u00e0 r\u00f4tir en or avec couvercle :<\/h2>\n\n\n\n<figure class=\"wp-block-table\"><table class=\"has-fixed-layout\"><tbody><tr><td>ITEM NO.<\/td><td>TAILLE<\/td><td>LONGUEUR<\/td><td>LARGE<\/td><td>HAUTEUR<\/td><td>N.W \/SET<\/td><\/tr><tr><td>DZW-GS08<\/td><td>8L<\/td><td>38 cm<\/td><td>40 cm<\/td><td>64 cm<\/td><td>3900 g<\/td><\/tr><\/tbody><\/table><\/figure>\n<\/div>\n\n\n\n<div class=\"wp-block-column is-layout-flow wp-block-column-is-layout-flow\">\n<div class=\"wp-block-columns is-layout-flex wp-container-core-columns-is-layout-28f84493 wp-block-columns-is-layout-flex\">\n<div class=\"wp-block-column is-layout-flow wp-block-column-is-layout-flow\">\n<figure class=\"wp-block-image aligncenter size-full is-resized\"><img fetchpriority=\"high\" decoding=\"async\" width=\"800\" height=\"800\" src=\"https:\/\/www.dzwchafingdish.com\/wp-content\/uploads\/2025\/01\/wholesale-gold-chafing-dish-with-lid-2.webp\" alt=\"gros chafing dish dor\u00e9 avec couvercle\" class=\"wp-image-4937\" style=\"width:418px;height:auto\" srcset=\"https:\/\/www.dzwchafingdish.com\/wp-content\/uploads\/2025\/01\/wholesale-gold-chafing-dish-with-lid-2.webp 800w, https:\/\/www.dzwchafingdish.com\/wp-content\/uploads\/2025\/01\/wholesale-gold-chafing-dish-with-lid-2-300x300.webp 300w, https:\/\/www.dzwchafingdish.com\/wp-content\/uploads\/2025\/01\/wholesale-gold-chafing-dish-with-lid-2-150x150.webp 150w, https:\/\/www.dzwchafingdish.com\/wp-content\/uploads\/2025\/01\/wholesale-gold-chafing-dish-with-lid-2-768x768.webp 768w, https:\/\/www.dzwchafingdish.com\/wp-content\/uploads\/2025\/01\/wholesale-gold-chafing-dish-with-lid-2-12x12.webp 12w\" sizes=\"(max-width: 800px) 100vw, 800px\" \/><\/figure>\n<\/div>\n<\/div>\n<\/div>\n<\/div>\n\n\n\n<div class=\"wp-block-columns is-layout-flex wp-container-core-columns-is-layout-28f84493 wp-block-columns-is-layout-flex\">\n<div class=\"wp-block-column is-layout-flow wp-block-column-is-layout-flow\">\n<figure class=\"wp-block-image size-full is-resized\"><img decoding=\"async\" width=\"800\" height=\"800\" src=\"https:\/\/www.dzwchafingdish.com\/wp-content\/uploads\/2025\/01\/wholesale-gold-chafing-dish-with-lid-1.webp\" alt=\"gros chafing dish dor\u00e9 avec couvercle\" class=\"wp-image-4936\" style=\"width:500px;height:auto\" srcset=\"https:\/\/www.dzwchafingdish.com\/wp-content\/uploads\/2025\/01\/wholesale-gold-chafing-dish-with-lid-1.webp 800w, https:\/\/www.dzwchafingdish.com\/wp-content\/uploads\/2025\/01\/wholesale-gold-chafing-dish-with-lid-1-300x300.webp 300w, https:\/\/www.dzwchafingdish.com\/wp-content\/uploads\/2025\/01\/wholesale-gold-chafing-dish-with-lid-1-150x150.webp 150w, https:\/\/www.dzwchafingdish.com\/wp-content\/uploads\/2025\/01\/wholesale-gold-chafing-dish-with-lid-1-768x768.webp 768w, https:\/\/www.dzwchafingdish.com\/wp-content\/uploads\/2025\/01\/wholesale-gold-chafing-dish-with-lid-1-12x12.webp 12w\" sizes=\"(max-width: 800px) 100vw, 800px\" \/><\/figure>\n<\/div>\n\n\n\n<div class=\"wp-block-column is-layout-flow wp-block-column-is-layout-flow\">\n<h2 class=\"wp-block-heading\">Caract\u00e9ristiques Plat \u00e0 r\u00f4tir en or avec couvercle :<\/h2>\n\n\n\n<p><strong>Base creuse en forme d'\u00e9toile :<\/strong><br>Le design unique en forme d'\u00e9toile creuse a non seulement un effet d\u00e9coratif unique, mais favorise \u00e9galement la circulation de l'air, maintient un chauffage uniforme et am\u00e9liore l'effet d'isolation des aliments.<\/p>\n\n\n\n<p><strong>Design en or haut de gamme :<\/strong><br>L'aspect dor\u00e9 conf\u00e8re une apparence luxueuse et \u00e9l\u00e9gante, adapt\u00e9e aux banquets haut de gamme, aux h\u00f4tels ou \u00e0 d'autres occasions sp\u00e9ciales.<\/p>\n\n\n\n<p><strong>Mat\u00e9riau en acier inoxydable de haute qualit\u00e9 :<\/strong><br>L'utilisation de mat\u00e9riaux en acier inoxydable r\u00e9sistant \u00e0 la corrosion et aux temp\u00e9ratures \u00e9lev\u00e9es garantit la durabilit\u00e9 du produit, qui ne se d\u00e9forme pas et ne rouille pas facilement.<\/p>\n\n\n\n<p><strong>Couvercle suspendu en verre :<\/strong><br>\u00c9quip\u00e9 d'un couvercle en verre, il est pratique de v\u00e9rifier les aliments \u00e0 l'int\u00e9rieur tout en conservant la temp\u00e9rature et la fra\u00eecheur des aliments.<\/p>\n\n\n\n<p><strong>Support \u00e0 carburant :<\/strong><br>La grille \u00e0 combustible est stable, ce qui facilite son utilisation et permet de chauffer les aliments de mani\u00e8re stable.<\/p>\n\n\n\n<p><strong>Facile \u00e0 nettoyer :<\/strong><br>La surface de l'acier inoxydable est lisse, ce qui facilite le nettoyage et garantit l'hygi\u00e8ne.<\/p>\n<\/div>\n<\/div>\n\n\n\n<p><\/p>","protected":false},"excerpt":{"rendered":"<p>Dimension of Gold Chafing Dish with Lid: ITEM NO. SIZE LENGTH WIDE HIGHT N.W \/SET DZW-GS08 8L 38 cm 40 cm 64 cm 3900 g Features Gold Chafing Dish with Lid: Star hollow base design:The unique star hollow design not only has a unique decorative effect, but also promotes air circulation, maintains uniform heating, and [&hellip;]<\/p>","protected":false},"author":2,"featured_media":4938,"parent":0,"menu_order":0,"template":"","format":"standard","meta":{"_acf_changed":false,"site-sidebar-layout":"default","site-content-layout":"","ast-site-content-layout":"","site-content-style":"default","site-sidebar-style":"default","ast-global-header-display":"","ast-banner-title-visibility":"","ast-main-header-display":"","ast-hfb-above-header-display":"","ast-hfb-below-header-display":"","ast-hfb-mobile-header-display":"","site-post-title":"","ast-breadcrumbs-content":"","ast-featured-img":"","footer-sml-layout":"","theme-transparent-header-meta":"","adv-header-id-meta":"","stick-header-meta":"","header-above-stick-meta":"","header-main-stick-meta":"","header-below-stick-meta":"","astra-migrate-meta-layouts":"default","ast-page-background-enabled":"default","ast-page-background-meta":{"desktop":{"background-color":"var(--ast-global-color-4)","background-image":"","background-repeat":"repeat","background-position":"center center","background-size":"auto","background-attachment":"scroll","background-type":"","background-media":"","overlay-type":"","overlay-color":"","overlay-opacity":"","overlay-gradient":""},"tablet":{"background-color":"","background-image":"","background-repeat":"repeat","background-position":"center center","background-size":"auto","background-attachment":"scroll","background-type":"","background-media":"","overlay-type":"","overlay-color":"","overlay-opacity":"","overlay-gradient":""},"mobile":{"background-color":"","background-image":"","background-repeat":"repeat","background-position":"center center","background-size":"auto","background-attachment":"scroll","background-type":"","background-media":"","overlay-type":"","overlay-color":"","overlay-opacity":"","overlay-gradient":""}},"ast-content-background-meta":{"desktop":{"background-color":"var(--ast-global-color-5)","background-image":"","background-repeat":"repeat","background-position":"center center","background-size":"auto","background-attachment":"scroll","background-type":"","background-media":"","overlay-type":"","overlay-color":"","overlay-opacity":"","overlay-gradient":""},"tablet":{"background-color":"var(--ast-global-color-5)","background-image":"","background-repeat":"repeat","background-position":"center center","background-size":"auto","background-attachment":"scroll","background-type":"","background-media":"","overlay-type":"","overlay-color":"","overlay-opacity":"","overlay-gradient":""},"mobile":{"background-color":"var(--ast-global-color-5)","background-image":"","background-repeat":"repeat","background-position":"center center","background-size":"auto","background-attachment":"scroll","background-type":"","background-media":"","overlay-type":"","overlay-color":"","overlay-opacity":"","overlay-gradient":""}},"footnotes":""},"product-categories":[63],"product-tag":[97,90,91],"class_list":["post-4903","product","type-product","status-publish","format-standard","has-post-thumbnail","hentry","product-categories-chafing-dish","product-tag-chafing-dish-with-hanging-lid","product-tag-fuel-chafing-dish","product-tag-round-chafing-dish"],"acf":{"title":"Wholesale Gold Chafing Dish Dish with Lid Fancy Chafer Set","title_source":{"label":"Title","type":"text","formatted_value":"Wholesale Gold Chafing Dish with Lid Fancy Chafer Set"},"short_description":"The latest gold chafing dish with lid wholesale series, unique hollow carved base with glass hanging lid, luxury and elegant. Directly supplied by professional chafing dish manufacturer, welcome to consult us for more new product content!","short_description_source":{"label":"Short description","type":"textarea","formatted_value":"The latest gold chafing dish with lid wholesale series, unique hollow carved base with glass hanging lid, luxury and elegant. Directly supplied by professional chafing dish manufacturer, welcome to consult us for more new product content!"},"parameters":"<table border=\"0\" width=\"275\" cellspacing=\"0\" cellpadding=\"0\">\r\n<tbody>\r\n<tr>\r\n<td width=\"108\" height=\"17\">Manufacturer<\/td>\r\n<td width=\"167\">DONGZHAOWEI<\/td>\r\n<\/tr>\r\n<tr>\r\n<td height=\"17\">Material<\/td>\r\n<td>Stainless Steel 201<\/td>\r\n<\/tr>\r\n<tr>\r\n<td height=\"17\">Capacity<\/td>\r\n<td>8L<\/td>\r\n<\/tr>\r\n<tr>\r\n<td height=\"17\">Color<\/td>\r\n<td>Gold<\/td>\r\n<\/tr>\r\n<tr>\r\n<td height=\"17\">Design<\/td>\r\n<td>Round Shape Cutout design with Glass Lid<\/td>\r\n<\/tr>\r\n<tr>\r\n<td height=\"17\">Tray<\/td>\r\n<td>No divided \/ Divided tray<\/td>\r\n<\/tr>\r\n<tr>\r\n<td height=\"17\">Lid type<\/td>\r\n<td>Hanging Glass Lid<\/td>\r\n<\/tr>\r\n<tr>\r\n<td height=\"17\">Heat<\/td>\r\n<td>Fuel<\/td>\r\n<\/tr>\r\n<tr>\r\n<td height=\"17\">Custom<\/td>\r\n<td>Color\/Logo\/Package<\/td>\r\n<\/tr>\r\n<\/tbody>\r\n<\/table>","parameters_source":{"label":"Parameters","type":"wysiwyg","formatted_value":"<table border=\"0\" width=\"275\" cellspacing=\"0\" cellpadding=\"0\">\n<tbody>\n<tr>\n<td width=\"108\" height=\"17\">Manufacturer<\/td>\n<td width=\"167\">DONGZHAOWEI<\/td>\n<\/tr>\n<tr>\n<td height=\"17\">Material<\/td>\n<td>Stainless Steel 201<\/td>\n<\/tr>\n<tr>\n<td height=\"17\">Capacity<\/td>\n<td>8L<\/td>\n<\/tr>\n<tr>\n<td height=\"17\">Color<\/td>\n<td>Gold<\/td>\n<\/tr>\n<tr>\n<td height=\"17\">Design<\/td>\n<td>Round Shape Cutout design with Glass Lid<\/td>\n<\/tr>\n<tr>\n<td height=\"17\">Tray<\/td>\n<td>No divided \/ Divided tray<\/td>\n<\/tr>\n<tr>\n<td height=\"17\">Lid type<\/td>\n<td>Hanging Glass Lid<\/td>\n<\/tr>\n<tr>\n<td height=\"17\">Heat<\/td>\n<td>Fuel<\/td>\n<\/tr>\n<tr>\n<td height=\"17\">Custom<\/td>\n<td>Color\/Logo\/Package<\/td>\n<\/tr>\n<\/tbody>\n<\/table>\n"},"photo_gallery":{"product_gallery":[[{"id":4939,"title":"wholesale gold chafing dish with lid (4)","caption":"wholesale gold chafing dish with lid","full_image_url":"https:\/\/www.dzwchafingdish.com\/wp-content\/uploads\/2025\/01\/wholesale-gold-chafing-dish-with-lid-4.webp","thumbnail_image_url":"https:\/\/www.dzwchafingdish.com\/wp-content\/uploads\/2025\/01\/wholesale-gold-chafing-dish-with-lid-4-150x150.webp","large_srcset":"https:\/\/www.dzwchafingdish.com\/wp-content\/uploads\/2025\/01\/wholesale-gold-chafing-dish-with-lid-4.webp 800w, https:\/\/www.dzwchafingdish.com\/wp-content\/uploads\/2025\/01\/wholesale-gold-chafing-dish-with-lid-4-300x300.webp 300w, https:\/\/www.dzwchafingdish.com\/wp-content\/uploads\/2025\/01\/wholesale-gold-chafing-dish-with-lid-4-150x150.webp 150w, https:\/\/www.dzwchafingdish.com\/wp-content\/uploads\/2025\/01\/wholesale-gold-chafing-dish-with-lid-4-768x768.webp 768w, https:\/\/www.dzwchafingdish.com\/wp-content\/uploads\/2025\/01\/wholesale-gold-chafing-dish-with-lid-4-12x12.webp 12w","medium_srcset":"https:\/\/www.dzwchafingdish.com\/wp-content\/uploads\/2025\/01\/wholesale-gold-chafing-dish-with-lid-4-300x300.webp 300w, https:\/\/www.dzwchafingdish.com\/wp-content\/uploads\/2025\/01\/wholesale-gold-chafing-dish-with-lid-4-150x150.webp 150w, https:\/\/www.dzwchafingdish.com\/wp-content\/uploads\/2025\/01\/wholesale-gold-chafing-dish-with-lid-4-768x768.webp 768w, https:\/\/www.dzwchafingdish.com\/wp-content\/uploads\/2025\/01\/wholesale-gold-chafing-dish-with-lid-4-12x12.webp 12w, https:\/\/www.dzwchafingdish.com\/wp-content\/uploads\/2025\/01\/wholesale-gold-chafing-dish-with-lid-4.webp 800w","media_details":{"width":800,"height":800,"sizes":{"medium":{"file":"wholesale-gold-chafing-dish-with-lid-4-300x300.webp","width":300,"height":300,"mime-type":"image\/webp","filesize":8744,"source_url":"https:\/\/www.dzwchafingdish.com\/wp-content\/uploads\/2025\/01\/wholesale-gold-chafing-dish-with-lid-4-300x300.webp"},"thumbnail":{"file":"wholesale-gold-chafing-dish-with-lid-4-150x150.webp","width":150,"height":150,"mime-type":"image\/webp","filesize":2604,"source_url":"https:\/\/www.dzwchafingdish.com\/wp-content\/uploads\/2025\/01\/wholesale-gold-chafing-dish-with-lid-4-150x150.webp"},"medium_large":{"file":"wholesale-gold-chafing-dish-with-lid-4-768x768.webp","width":768,"height":768,"mime-type":"image\/webp","filesize":38158,"source_url":"https:\/\/www.dzwchafingdish.com\/wp-content\/uploads\/2025\/01\/wholesale-gold-chafing-dish-with-lid-4-768x768.webp"},"trp-custom-language-flag":{"file":"wholesale-gold-chafing-dish-with-lid-4-12x12.webp","width":12,"height":12,"mime-type":"image\/webp","filesize":114,"source_url":"https:\/\/www.dzwchafingdish.com\/wp-content\/uploads\/2025\/01\/wholesale-gold-chafing-dish-with-lid-4-12x12.webp"}}},"alt_text":"wholesale gold chafing dish with lid","url":"","target":""},{"id":4940,"title":"wholesale gold chafing dish with lid (5)","caption":"wholesale gold chafing dish with lid","full_image_url":"https:\/\/www.dzwchafingdish.com\/wp-content\/uploads\/2025\/01\/wholesale-gold-chafing-dish-with-lid-5.webp","thumbnail_image_url":"https:\/\/www.dzwchafingdish.com\/wp-content\/uploads\/2025\/01\/wholesale-gold-chafing-dish-with-lid-5-150x150.webp","large_srcset":"https:\/\/www.dzwchafingdish.com\/wp-content\/uploads\/2025\/01\/wholesale-gold-chafing-dish-with-lid-5.webp 800w, https:\/\/www.dzwchafingdish.com\/wp-content\/uploads\/2025\/01\/wholesale-gold-chafing-dish-with-lid-5-300x300.webp 300w, https:\/\/www.dzwchafingdish.com\/wp-content\/uploads\/2025\/01\/wholesale-gold-chafing-dish-with-lid-5-150x150.webp 150w, https:\/\/www.dzwchafingdish.com\/wp-content\/uploads\/2025\/01\/wholesale-gold-chafing-dish-with-lid-5-768x768.webp 768w, https:\/\/www.dzwchafingdish.com\/wp-content\/uploads\/2025\/01\/wholesale-gold-chafing-dish-with-lid-5-12x12.webp 12w","medium_srcset":"https:\/\/www.dzwchafingdish.com\/wp-content\/uploads\/2025\/01\/wholesale-gold-chafing-dish-with-lid-5-300x300.webp 300w, https:\/\/www.dzwchafingdish.com\/wp-content\/uploads\/2025\/01\/wholesale-gold-chafing-dish-with-lid-5-150x150.webp 150w, https:\/\/www.dzwchafingdish.com\/wp-content\/uploads\/2025\/01\/wholesale-gold-chafing-dish-with-lid-5-768x768.webp 768w, https:\/\/www.dzwchafingdish.com\/wp-content\/uploads\/2025\/01\/wholesale-gold-chafing-dish-with-lid-5-12x12.webp 12w, https:\/\/www.dzwchafingdish.com\/wp-content\/uploads\/2025\/01\/wholesale-gold-chafing-dish-with-lid-5.webp 800w","media_details":{"width":800,"height":800,"sizes":{"medium":{"file":"wholesale-gold-chafing-dish-with-lid-5-300x300.webp","width":300,"height":300,"mime-type":"image\/webp","filesize":10408,"source_url":"https:\/\/www.dzwchafingdish.com\/wp-content\/uploads\/2025\/01\/wholesale-gold-chafing-dish-with-lid-5-300x300.webp"},"thumbnail":{"file":"wholesale-gold-chafing-dish-with-lid-5-150x150.webp","width":150,"height":150,"mime-type":"image\/webp","filesize":3472,"source_url":"https:\/\/www.dzwchafingdish.com\/wp-content\/uploads\/2025\/01\/wholesale-gold-chafing-dish-with-lid-5-150x150.webp"},"medium_large":{"file":"wholesale-gold-chafing-dish-with-lid-5-768x768.webp","width":768,"height":768,"mime-type":"image\/webp","filesize":43354,"source_url":"https:\/\/www.dzwchafingdish.com\/wp-content\/uploads\/2025\/01\/wholesale-gold-chafing-dish-with-lid-5-768x768.webp"},"trp-custom-language-flag":{"file":"wholesale-gold-chafing-dish-with-lid-5-12x12.webp","width":12,"height":12,"mime-type":"image\/webp","filesize":140,"source_url":"https:\/\/www.dzwchafingdish.com\/wp-content\/uploads\/2025\/01\/wholesale-gold-chafing-dish-with-lid-5-12x12.webp"}}},"alt_text":"wholesale gold chafing dish with lid","url":"","target":""},{"id":4941,"title":"wholesale gold chafing dish with lid (6)","caption":"wholesale gold chafing dish with lid","full_image_url":"https:\/\/www.dzwchafingdish.com\/wp-content\/uploads\/2025\/01\/wholesale-gold-chafing-dish-with-lid-6.webp","thumbnail_image_url":"https:\/\/www.dzwchafingdish.com\/wp-content\/uploads\/2025\/01\/wholesale-gold-chafing-dish-with-lid-6-150x150.webp","large_srcset":"https:\/\/www.dzwchafingdish.com\/wp-content\/uploads\/2025\/01\/wholesale-gold-chafing-dish-with-lid-6.webp 800w, https:\/\/www.dzwchafingdish.com\/wp-content\/uploads\/2025\/01\/wholesale-gold-chafing-dish-with-lid-6-300x300.webp 300w, https:\/\/www.dzwchafingdish.com\/wp-content\/uploads\/2025\/01\/wholesale-gold-chafing-dish-with-lid-6-150x150.webp 150w, https:\/\/www.dzwchafingdish.com\/wp-content\/uploads\/2025\/01\/wholesale-gold-chafing-dish-with-lid-6-768x768.webp 768w, https:\/\/www.dzwchafingdish.com\/wp-content\/uploads\/2025\/01\/wholesale-gold-chafing-dish-with-lid-6-12x12.webp 12w","medium_srcset":"https:\/\/www.dzwchafingdish.com\/wp-content\/uploads\/2025\/01\/wholesale-gold-chafing-dish-with-lid-6-300x300.webp 300w, https:\/\/www.dzwchafingdish.com\/wp-content\/uploads\/2025\/01\/wholesale-gold-chafing-dish-with-lid-6-150x150.webp 150w, https:\/\/www.dzwchafingdish.com\/wp-content\/uploads\/2025\/01\/wholesale-gold-chafing-dish-with-lid-6-768x768.webp 768w, https:\/\/www.dzwchafingdish.com\/wp-content\/uploads\/2025\/01\/wholesale-gold-chafing-dish-with-lid-6-12x12.webp 12w, https:\/\/www.dzwchafingdish.com\/wp-content\/uploads\/2025\/01\/wholesale-gold-chafing-dish-with-lid-6.webp 800w","media_details":{"width":800,"height":800,"sizes":{"medium":{"file":"wholesale-gold-chafing-dish-with-lid-6-300x300.webp","width":300,"height":300,"mime-type":"image\/webp","filesize":11244,"source_url":"https:\/\/www.dzwchafingdish.com\/wp-content\/uploads\/2025\/01\/wholesale-gold-chafing-dish-with-lid-6-300x300.webp"},"thumbnail":{"file":"wholesale-gold-chafing-dish-with-lid-6-150x150.webp","width":150,"height":150,"mime-type":"image\/webp","filesize":3712,"source_url":"https:\/\/www.dzwchafingdish.com\/wp-content\/uploads\/2025\/01\/wholesale-gold-chafing-dish-with-lid-6-150x150.webp"},"medium_large":{"file":"wholesale-gold-chafing-dish-with-lid-6-768x768.webp","width":768,"height":768,"mime-type":"image\/webp","filesize":46716,"source_url":"https:\/\/www.dzwchafingdish.com\/wp-content\/uploads\/2025\/01\/wholesale-gold-chafing-dish-with-lid-6-768x768.webp"},"trp-custom-language-flag":{"file":"wholesale-gold-chafing-dish-with-lid-6-12x12.webp","width":12,"height":12,"mime-type":"image\/webp","filesize":146,"source_url":"https:\/\/www.dzwchafingdish.com\/wp-content\/uploads\/2025\/01\/wholesale-gold-chafing-dish-with-lid-6-12x12.webp"}}},"alt_text":"wholesale gold chafing dish with lid","url":"","target":""}]]}},"_links":{"self":[{"href":"https:\/\/www.dzwchafingdish.com\/fr\/wp-json\/wp\/v2\/product\/4903","targetHints":{"allow":["GET"]}}],"collection":[{"href":"https:\/\/www.dzwchafingdish.com\/fr\/wp-json\/wp\/v2\/product"}],"about":[{"href":"https:\/\/www.dzwchafingdish.com\/fr\/wp-json\/wp\/v2\/types\/product"}],"author":[{"embeddable":true,"href":"https:\/\/www.dzwchafingdish.com\/fr\/wp-json\/wp\/v2\/users\/2"}],"version-history":[{"count":0,"href":"https:\/\/www.dzwchafingdish.com\/fr\/wp-json\/wp\/v2\/product\/4903\/revisions"}],"wp:featuredmedia":[{"embeddable":true,"href":"https:\/\/www.dzwchafingdish.com\/fr\/wp-json\/wp\/v2\/media\/4938"}],"wp:attachment":[{"href":"https:\/\/www.dzwchafingdish.com\/fr\/wp-json\/wp\/v2\/media?parent=4903"}],"wp:term":[{"taxonomy":"product-categories","embeddable":true,"href":"https:\/\/www.dzwchafingdish.com\/fr\/wp-json\/wp\/v2\/product-categories?post=4903"},{"taxonomy":"product-tag","embeddable":true,"href":"https:\/\/www.dzwchafingdish.com\/fr\/wp-json\/wp\/v2\/product-tag?post=4903"}],"curies":[{"name":"wp","href":"https:\/\/api.w.org\/{rel}","templated":true}]}}