{"id":5014,"date":"2025-02-17T10:37:45","date_gmt":"2025-02-17T10:37:45","guid":{"rendered":"https:\/\/www.dzwchafingdish.com\/?post_type=product&#038;p=5014"},"modified":"2025-02-17T10:38:48","modified_gmt":"2025-02-17T10:38:48","slug":"custom-round-chafing-dish","status":"publish","type":"product","link":"https:\/\/www.dzwchafingdish.com\/fr\/product\/custom-round-chafing-dish\/","title":{"rendered":"New Custom Round Chafing Dish, Marble Roll Top Buffet Set"},"content":{"rendered":"<div class=\"wp-block-columns is-layout-flex wp-container-core-columns-is-layout-28f84493 wp-block-columns-is-layout-flex\">\n<div class=\"wp-block-column is-layout-flow wp-block-column-is-layout-flow\">\n<h2 class=\"wp-block-heading\">Plat \u00e0 gratin rond Dimension :<\/h2>\n\n\n\n<figure class=\"wp-block-table\"><table class=\"has-fixed-layout\"><tbody><tr><td>ITEM NO.<\/td><td>TAILLE<\/td><td>LONGUEUR<\/td><td>LARGE<\/td><td>HAUTEUR<\/td><td>N.W \/SET<\/td><\/tr><tr><td>DZW-KM721<\/td><td>6L<\/td><td>48 cm<\/td><td>38,5 cm<\/td><td>44 cm<\/td><td>6200 g<\/td><\/tr><tr><td>DZW-KS721<\/td><td>6L<\/td><td>48 cm<\/td><td>38,5 cm<\/td><td>44 cm<\/td><td>6200 g<\/td><\/tr><tr><td>DZW-KG721<\/td><td>6L<\/td><td>48 cm<\/td><td>38,5 cm<\/td><td>44 cm<\/td><td>6200 g<\/td><\/tr><\/tbody><\/table><\/figure>\n<\/div>\n\n\n\n<div class=\"wp-block-column is-layout-flow wp-block-column-is-layout-flow\">\n<div class=\"wp-block-columns is-layout-flex wp-container-core-columns-is-layout-28f84493 wp-block-columns-is-layout-flex\">\n<div class=\"wp-block-column is-layout-flow wp-block-column-is-layout-flow\">\n<figure class=\"wp-block-image aligncenter size-full is-resized\"><img fetchpriority=\"high\" decoding=\"async\" width=\"800\" height=\"800\" src=\"https:\/\/www.dzwchafingdish.com\/wp-content\/uploads\/2025\/02\/wholesale-round-chafing-dish-marble-1.webp\" alt=\"\" class=\"wp-image-5015\" style=\"width:396px;height:auto\" srcset=\"https:\/\/www.dzwchafingdish.com\/wp-content\/uploads\/2025\/02\/wholesale-round-chafing-dish-marble-1.webp 800w, https:\/\/www.dzwchafingdish.com\/wp-content\/uploads\/2025\/02\/wholesale-round-chafing-dish-marble-1-300x300.webp 300w, https:\/\/www.dzwchafingdish.com\/wp-content\/uploads\/2025\/02\/wholesale-round-chafing-dish-marble-1-150x150.webp 150w, https:\/\/www.dzwchafingdish.com\/wp-content\/uploads\/2025\/02\/wholesale-round-chafing-dish-marble-1-768x768.webp 768w, https:\/\/www.dzwchafingdish.com\/wp-content\/uploads\/2025\/02\/wholesale-round-chafing-dish-marble-1-12x12.webp 12w\" sizes=\"(max-width: 800px) 100vw, 800px\" \/><\/figure>\n<\/div>\n<\/div>\n<\/div>\n<\/div>\n\n\n\n<div class=\"wp-block-columns is-layout-flex wp-container-core-columns-is-layout-28f84493 wp-block-columns-is-layout-flex\">\n<div class=\"wp-block-column is-layout-flow wp-block-column-is-layout-flow\">\n<figure class=\"wp-block-image aligncenter size-full is-resized\"><img decoding=\"async\" width=\"800\" height=\"800\" src=\"https:\/\/www.dzwchafingdish.com\/wp-content\/uploads\/2025\/02\/wholesale-round-chafing-dish-marble-2.webp\" alt=\"\" class=\"wp-image-5016\" style=\"width:410px;height:auto\" srcset=\"https:\/\/www.dzwchafingdish.com\/wp-content\/uploads\/2025\/02\/wholesale-round-chafing-dish-marble-2.webp 800w, https:\/\/www.dzwchafingdish.com\/wp-content\/uploads\/2025\/02\/wholesale-round-chafing-dish-marble-2-300x300.webp 300w, https:\/\/www.dzwchafingdish.com\/wp-content\/uploads\/2025\/02\/wholesale-round-chafing-dish-marble-2-150x150.webp 150w, https:\/\/www.dzwchafingdish.com\/wp-content\/uploads\/2025\/02\/wholesale-round-chafing-dish-marble-2-768x768.webp 768w, https:\/\/www.dzwchafingdish.com\/wp-content\/uploads\/2025\/02\/wholesale-round-chafing-dish-marble-2-12x12.webp 12w\" sizes=\"(max-width: 800px) 100vw, 800px\" \/><\/figure>\n<\/div>\n\n\n\n<div class=\"wp-block-column is-layout-flow wp-block-column-is-layout-flow\">\n<h2 class=\"wp-block-heading\">Plat \u00e0 r\u00f4tir rond Caract\u00e9ristiques :<\/h2>\n\n\n\n<p><strong>Acier inoxydable de haute qualit\u00e9 : <\/strong>L'acier inoxydable solide et durable garantit une utilisation \u00e0 long terme, la s\u00e9curit\u00e9 et l'hygi\u00e8ne.<\/p>\n\n\n\n<p><strong>Design unique et \u00e9l\u00e9gant : <\/strong>Finition \u00e9l\u00e9gante en marbre, forme ronde classique, esth\u00e9tique moderne unique.<\/p>\n\n\n\n<p><strong>Couvercle facile \u00e0 enrouler : <\/strong>Couvercle \u00e0 enroulement avec fen\u00eatre en verre, facile \u00e0 utiliser, peut \u00eatre tourn\u00e9 \u00e0 180 degr\u00e9s, et permet de garder les aliments au chaud \u00e0 temps.<\/p>\n\n\n\n<p><strong>Facile \u00e0 nettoyer et \u00e0 entretenir :<\/strong> Mat\u00e9riau de haute qualit\u00e9 avec une surface lisse, n'adh\u00e9rant pas facilement aux taches, facile \u00e0 nettoyer et \u00e0 entretenir.<\/p>\n<\/div>\n<\/div>\n\n\n\n<p><\/p>","protected":false},"excerpt":{"rendered":"<p>Plat \u00e0 r\u00f4tir rond Dimension : POINT NO. DZW-KM721 6L 48 cm 38.5 cm 44 cm 6200 g DZW-KS721 6L 48 cm 38.5 cm 44 cm 6200 g DZW-KG721 6L 48 cm 38.5 cm 44 cm 6200 g Plat \u00e0 gratin rond Caract\u00e9ristiques : Acier inoxydable de haute qualit\u00e9 : l'acier inoxydable solide et durable assure [...]<\/p>","protected":false},"author":2,"featured_media":5015,"parent":0,"menu_order":0,"template":"","format":"standard","meta":{"_acf_changed":false,"site-sidebar-layout":"default","site-content-layout":"","ast-site-content-layout":"","site-content-style":"default","site-sidebar-style":"default","ast-global-header-display":"","ast-banner-title-visibility":"","ast-main-header-display":"","ast-hfb-above-header-display":"","ast-hfb-below-header-display":"","ast-hfb-mobile-header-display":"","site-post-title":"","ast-breadcrumbs-content":"","ast-featured-img":"","footer-sml-layout":"","theme-transparent-header-meta":"","adv-header-id-meta":"","stick-header-meta":"","header-above-stick-meta":"","header-main-stick-meta":"","header-below-stick-meta":"","astra-migrate-meta-layouts":"default","ast-page-background-enabled":"default","ast-page-background-meta":{"desktop":{"background-color":"var(--ast-global-color-4)","background-image":"","background-repeat":"repeat","background-position":"center center","background-size":"auto","background-attachment":"scroll","background-type":"","background-media":"","overlay-type":"","overlay-color":"","overlay-opacity":"","overlay-gradient":""},"tablet":{"background-color":"","background-image":"","background-repeat":"repeat","background-position":"center center","background-size":"auto","background-attachment":"scroll","background-type":"","background-media":"","overlay-type":"","overlay-color":"","overlay-opacity":"","overlay-gradient":""},"mobile":{"background-color":"","background-image":"","background-repeat":"repeat","background-position":"center center","background-size":"auto","background-attachment":"scroll","background-type":"","background-media":"","overlay-type":"","overlay-color":"","overlay-opacity":"","overlay-gradient":""}},"ast-content-background-meta":{"desktop":{"background-color":"var(--ast-global-color-5)","background-image":"","background-repeat":"repeat","background-position":"center center","background-size":"auto","background-attachment":"scroll","background-type":"","background-media":"","overlay-type":"","overlay-color":"","overlay-opacity":"","overlay-gradient":""},"tablet":{"background-color":"var(--ast-global-color-5)","background-image":"","background-repeat":"repeat","background-position":"center center","background-size":"auto","background-attachment":"scroll","background-type":"","background-media":"","overlay-type":"","overlay-color":"","overlay-opacity":"","overlay-gradient":""},"mobile":{"background-color":"var(--ast-global-color-5)","background-image":"","background-repeat":"repeat","background-position":"center center","background-size":"auto","background-attachment":"scroll","background-type":"","background-media":"","overlay-type":"","overlay-color":"","overlay-opacity":"","overlay-gradient":""}},"footnotes":""},"product-categories":[63],"product-tag":[89,90,94,91],"class_list":["post-5014","product","type-product","status-publish","format-standard","has-post-thumbnail","hentry","product-categories-chafing-dish","product-tag-electric-chafing-dish","product-tag-fuel-chafing-dish","product-tag-roll-top-chafing-dish","product-tag-round-chafing-dish"],"acf":{"title":"New Custom Round Chafing Dish, Marble Roll Top Buffet Set","title_source":{"label":"Title","type":"text","formatted_value":"New Custom Round Chafing Dish, Marble Roll Top Buffet Set"},"short_description":"New custom round chafing dish, with white marble finish, roll-top with glass window. Combining beauty and practicality, with a variety of colors to choose from. Wholesale price, factory direct sales, custom service, welcome to inquire!\r\n\r\n\r\n\r\n\r\n\r\n\r\n","short_description_source":{"label":"Short description","type":"textarea","formatted_value":"New custom round chafing dish, with white marble finish, roll-top with glass window. Combining beauty and practicality, with a variety of colors to choose from. Wholesale price, factory direct sales, custom service, welcome to inquire!\r\n\r\n\r\n\r\n\r\n\r\n\r\n"},"parameters":"<table border=\"0\" width=\"275\" cellspacing=\"0\" cellpadding=\"0\">\r\n<tbody>\r\n<tr>\r\n<td width=\"108\" height=\"17\">Manufacturer<\/td>\r\n<td width=\"167\">DONGZHAOWEI<\/td>\r\n<\/tr>\r\n<tr>\r\n<td height=\"17\">Material<\/td>\r\n<td>Stainless Steel 201<\/td>\r\n<\/tr>\r\n<tr>\r\n<td height=\"17\">Capacity<\/td>\r\n<td>9 L<\/td>\r\n<\/tr>\r\n<tr>\r\n<td height=\"17\">Color<\/td>\r\n<td>Golden \/ Silver \/ Half Golden \/ Marble<\/td>\r\n<\/tr>\r\n<tr>\r\n<td height=\"17\">Design<\/td>\r\n<td>Rectangular<\/td>\r\n<\/tr>\r\n<tr>\r\n<td height=\"17\">Tray<\/td>\r\n<td>No divided \/ Divided tray<\/td>\r\n<\/tr>\r\n<tr>\r\n<td height=\"17\">Lid type<\/td>\r\n<td>Roll Top Lid with Glass Window<\/td>\r\n<\/tr>\r\n<tr>\r\n<td height=\"17\">Heat<\/td>\r\n<td>Fuel or Electric<\/td>\r\n<\/tr>\r\n<tr>\r\n<td height=\"17\">Custom<\/td>\r\n<td>Color\/Logo\/Package<\/td>\r\n<\/tr>\r\n<\/tbody>\r\n<\/table>","parameters_source":{"label":"Parameters","type":"wysiwyg","formatted_value":"<table border=\"0\" width=\"275\" cellspacing=\"0\" cellpadding=\"0\">\n<tbody>\n<tr>\n<td width=\"108\" height=\"17\">Manufacturer<\/td>\n<td width=\"167\">DONGZHAOWEI<\/td>\n<\/tr>\n<tr>\n<td height=\"17\">Material<\/td>\n<td>Stainless Steel 201<\/td>\n<\/tr>\n<tr>\n<td height=\"17\">Capacity<\/td>\n<td>9 L<\/td>\n<\/tr>\n<tr>\n<td height=\"17\">Color<\/td>\n<td>Golden \/ Silver \/ Half Golden \/ Marble<\/td>\n<\/tr>\n<tr>\n<td height=\"17\">Design<\/td>\n<td>Rectangular<\/td>\n<\/tr>\n<tr>\n<td height=\"17\">Tray<\/td>\n<td>No divided \/ Divided tray<\/td>\n<\/tr>\n<tr>\n<td height=\"17\">Lid type<\/td>\n<td>Roll Top Lid with Glass Window<\/td>\n<\/tr>\n<tr>\n<td height=\"17\">Heat<\/td>\n<td>Fuel or Electric<\/td>\n<\/tr>\n<tr>\n<td height=\"17\">Custom<\/td>\n<td>Color\/Logo\/Package<\/td>\n<\/tr>\n<\/tbody>\n<\/table>\n"},"photo_gallery":{"product_gallery":[[{"id":5017,"title":"wholesale round chafing dish marble (3)","caption":"wholesale round chafing dish marble ","full_image_url":"https:\/\/www.dzwchafingdish.com\/wp-content\/uploads\/2025\/02\/wholesale-round-chafing-dish-marble-3.webp","thumbnail_image_url":"https:\/\/www.dzwchafingdish.com\/wp-content\/uploads\/2025\/02\/wholesale-round-chafing-dish-marble-3-150x150.webp","large_srcset":"https:\/\/www.dzwchafingdish.com\/wp-content\/uploads\/2025\/02\/wholesale-round-chafing-dish-marble-3.webp 800w, https:\/\/www.dzwchafingdish.com\/wp-content\/uploads\/2025\/02\/wholesale-round-chafing-dish-marble-3-300x300.webp 300w, https:\/\/www.dzwchafingdish.com\/wp-content\/uploads\/2025\/02\/wholesale-round-chafing-dish-marble-3-150x150.webp 150w, https:\/\/www.dzwchafingdish.com\/wp-content\/uploads\/2025\/02\/wholesale-round-chafing-dish-marble-3-768x768.webp 768w, https:\/\/www.dzwchafingdish.com\/wp-content\/uploads\/2025\/02\/wholesale-round-chafing-dish-marble-3-12x12.webp 12w","medium_srcset":"https:\/\/www.dzwchafingdish.com\/wp-content\/uploads\/2025\/02\/wholesale-round-chafing-dish-marble-3-300x300.webp 300w, https:\/\/www.dzwchafingdish.com\/wp-content\/uploads\/2025\/02\/wholesale-round-chafing-dish-marble-3-150x150.webp 150w, https:\/\/www.dzwchafingdish.com\/wp-content\/uploads\/2025\/02\/wholesale-round-chafing-dish-marble-3-768x768.webp 768w, https:\/\/www.dzwchafingdish.com\/wp-content\/uploads\/2025\/02\/wholesale-round-chafing-dish-marble-3-12x12.webp 12w, https:\/\/www.dzwchafingdish.com\/wp-content\/uploads\/2025\/02\/wholesale-round-chafing-dish-marble-3.webp 800w","media_details":{"width":800,"height":800,"sizes":{"medium":{"file":"wholesale-round-chafing-dish-marble-3-300x300.webp","width":300,"height":300,"mime-type":"image\/webp","filesize":7186,"source_url":"https:\/\/www.dzwchafingdish.com\/wp-content\/uploads\/2025\/02\/wholesale-round-chafing-dish-marble-3-300x300.webp"},"thumbnail":{"file":"wholesale-round-chafing-dish-marble-3-150x150.webp","width":150,"height":150,"mime-type":"image\/webp","filesize":2680,"source_url":"https:\/\/www.dzwchafingdish.com\/wp-content\/uploads\/2025\/02\/wholesale-round-chafing-dish-marble-3-150x150.webp"},"medium_large":{"file":"wholesale-round-chafing-dish-marble-3-768x768.webp","width":768,"height":768,"mime-type":"image\/webp","filesize":24422,"source_url":"https:\/\/www.dzwchafingdish.com\/wp-content\/uploads\/2025\/02\/wholesale-round-chafing-dish-marble-3-768x768.webp"},"trp-custom-language-flag":{"file":"wholesale-round-chafing-dish-marble-3-12x12.webp","width":12,"height":12,"mime-type":"image\/webp","filesize":132,"source_url":"https:\/\/www.dzwchafingdish.com\/wp-content\/uploads\/2025\/02\/wholesale-round-chafing-dish-marble-3-12x12.webp"}}},"alt_text":"wholesale round chafing dish marble","url":"","target":""},{"id":5016,"title":"wholesale round chafing dish marble (2)","caption":"wholesale round chafing dish marble ","full_image_url":"https:\/\/www.dzwchafingdish.com\/wp-content\/uploads\/2025\/02\/wholesale-round-chafing-dish-marble-2.webp","thumbnail_image_url":"https:\/\/www.dzwchafingdish.com\/wp-content\/uploads\/2025\/02\/wholesale-round-chafing-dish-marble-2-150x150.webp","large_srcset":"https:\/\/www.dzwchafingdish.com\/wp-content\/uploads\/2025\/02\/wholesale-round-chafing-dish-marble-2.webp 800w, https:\/\/www.dzwchafingdish.com\/wp-content\/uploads\/2025\/02\/wholesale-round-chafing-dish-marble-2-300x300.webp 300w, https:\/\/www.dzwchafingdish.com\/wp-content\/uploads\/2025\/02\/wholesale-round-chafing-dish-marble-2-150x150.webp 150w, https:\/\/www.dzwchafingdish.com\/wp-content\/uploads\/2025\/02\/wholesale-round-chafing-dish-marble-2-768x768.webp 768w, https:\/\/www.dzwchafingdish.com\/wp-content\/uploads\/2025\/02\/wholesale-round-chafing-dish-marble-2-12x12.webp 12w","medium_srcset":"https:\/\/www.dzwchafingdish.com\/wp-content\/uploads\/2025\/02\/wholesale-round-chafing-dish-marble-2-300x300.webp 300w, https:\/\/www.dzwchafingdish.com\/wp-content\/uploads\/2025\/02\/wholesale-round-chafing-dish-marble-2-150x150.webp 150w, https:\/\/www.dzwchafingdish.com\/wp-content\/uploads\/2025\/02\/wholesale-round-chafing-dish-marble-2-768x768.webp 768w, https:\/\/www.dzwchafingdish.com\/wp-content\/uploads\/2025\/02\/wholesale-round-chafing-dish-marble-2-12x12.webp 12w, https:\/\/www.dzwchafingdish.com\/wp-content\/uploads\/2025\/02\/wholesale-round-chafing-dish-marble-2.webp 800w","media_details":{"width":800,"height":800,"sizes":{"medium":{"file":"wholesale-round-chafing-dish-marble-2-300x300.webp","width":300,"height":300,"mime-type":"image\/webp","filesize":7936,"source_url":"https:\/\/www.dzwchafingdish.com\/wp-content\/uploads\/2025\/02\/wholesale-round-chafing-dish-marble-2-300x300.webp"},"thumbnail":{"file":"wholesale-round-chafing-dish-marble-2-150x150.webp","width":150,"height":150,"mime-type":"image\/webp","filesize":3102,"source_url":"https:\/\/www.dzwchafingdish.com\/wp-content\/uploads\/2025\/02\/wholesale-round-chafing-dish-marble-2-150x150.webp"},"medium_large":{"file":"wholesale-round-chafing-dish-marble-2-768x768.webp","width":768,"height":768,"mime-type":"image\/webp","filesize":28282,"source_url":"https:\/\/www.dzwchafingdish.com\/wp-content\/uploads\/2025\/02\/wholesale-round-chafing-dish-marble-2-768x768.webp"},"trp-custom-language-flag":{"file":"wholesale-round-chafing-dish-marble-2-12x12.webp","width":12,"height":12,"mime-type":"image\/webp","filesize":148,"source_url":"https:\/\/www.dzwchafingdish.com\/wp-content\/uploads\/2025\/02\/wholesale-round-chafing-dish-marble-2-12x12.webp"}}},"alt_text":"wholesale round chafing dish marble","url":"","target":""},{"id":5021,"title":"custom Roll top chafing dish marble","caption":"custom Roll top chafing dish marble","full_image_url":"https:\/\/www.dzwchafingdish.com\/wp-content\/uploads\/2025\/02\/wholesale-Roll-top-chafing-dish-marble-1.webp","thumbnail_image_url":"https:\/\/www.dzwchafingdish.com\/wp-content\/uploads\/2025\/02\/wholesale-Roll-top-chafing-dish-marble-1-150x150.webp","large_srcset":"https:\/\/www.dzwchafingdish.com\/wp-content\/uploads\/2025\/02\/wholesale-Roll-top-chafing-dish-marble-1.webp 800w, https:\/\/www.dzwchafingdish.com\/wp-content\/uploads\/2025\/02\/wholesale-Roll-top-chafing-dish-marble-1-300x300.webp 300w, https:\/\/www.dzwchafingdish.com\/wp-content\/uploads\/2025\/02\/wholesale-Roll-top-chafing-dish-marble-1-150x150.webp 150w, https:\/\/www.dzwchafingdish.com\/wp-content\/uploads\/2025\/02\/wholesale-Roll-top-chafing-dish-marble-1-768x768.webp 768w, https:\/\/www.dzwchafingdish.com\/wp-content\/uploads\/2025\/02\/wholesale-Roll-top-chafing-dish-marble-1-12x12.webp 12w","medium_srcset":"https:\/\/www.dzwchafingdish.com\/wp-content\/uploads\/2025\/02\/wholesale-Roll-top-chafing-dish-marble-1-300x300.webp 300w, https:\/\/www.dzwchafingdish.com\/wp-content\/uploads\/2025\/02\/wholesale-Roll-top-chafing-dish-marble-1-150x150.webp 150w, https:\/\/www.dzwchafingdish.com\/wp-content\/uploads\/2025\/02\/wholesale-Roll-top-chafing-dish-marble-1-768x768.webp 768w, https:\/\/www.dzwchafingdish.com\/wp-content\/uploads\/2025\/02\/wholesale-Roll-top-chafing-dish-marble-1-12x12.webp 12w, https:\/\/www.dzwchafingdish.com\/wp-content\/uploads\/2025\/02\/wholesale-Roll-top-chafing-dish-marble-1.webp 800w","media_details":{"width":800,"height":800,"sizes":{"medium":{"file":"wholesale-Roll-top-chafing-dish-marble-1-300x300.webp","width":300,"height":300,"mime-type":"image\/webp","filesize":9416,"source_url":"https:\/\/www.dzwchafingdish.com\/wp-content\/uploads\/2025\/02\/wholesale-Roll-top-chafing-dish-marble-1-300x300.webp"},"thumbnail":{"file":"wholesale-Roll-top-chafing-dish-marble-1-150x150.webp","width":150,"height":150,"mime-type":"image\/webp","filesize":3352,"source_url":"https:\/\/www.dzwchafingdish.com\/wp-content\/uploads\/2025\/02\/wholesale-Roll-top-chafing-dish-marble-1-150x150.webp"},"medium_large":{"file":"wholesale-Roll-top-chafing-dish-marble-1-768x768.webp","width":768,"height":768,"mime-type":"image\/webp","filesize":32682,"source_url":"https:\/\/www.dzwchafingdish.com\/wp-content\/uploads\/2025\/02\/wholesale-Roll-top-chafing-dish-marble-1-768x768.webp"},"trp-custom-language-flag":{"file":"wholesale-Roll-top-chafing-dish-marble-1-12x12.webp","width":12,"height":12,"mime-type":"image\/webp","filesize":126,"source_url":"https:\/\/www.dzwchafingdish.com\/wp-content\/uploads\/2025\/02\/wholesale-Roll-top-chafing-dish-marble-1-12x12.webp"}}},"alt_text":"custom Roll top chafing dish marble","url":"","target":""}]]}},"_links":{"self":[{"href":"https:\/\/www.dzwchafingdish.com\/fr\/wp-json\/wp\/v2\/product\/5014","targetHints":{"allow":["GET"]}}],"collection":[{"href":"https:\/\/www.dzwchafingdish.com\/fr\/wp-json\/wp\/v2\/product"}],"about":[{"href":"https:\/\/www.dzwchafingdish.com\/fr\/wp-json\/wp\/v2\/types\/product"}],"author":[{"embeddable":true,"href":"https:\/\/www.dzwchafingdish.com\/fr\/wp-json\/wp\/v2\/users\/2"}],"version-history":[{"count":0,"href":"https:\/\/www.dzwchafingdish.com\/fr\/wp-json\/wp\/v2\/product\/5014\/revisions"}],"wp:featuredmedia":[{"embeddable":true,"href":"https:\/\/www.dzwchafingdish.com\/fr\/wp-json\/wp\/v2\/media\/5015"}],"wp:attachment":[{"href":"https:\/\/www.dzwchafingdish.com\/fr\/wp-json\/wp\/v2\/media?parent=5014"}],"wp:term":[{"taxonomy":"product-categories","embeddable":true,"href":"https:\/\/www.dzwchafingdish.com\/fr\/wp-json\/wp\/v2\/product-categories?post=5014"},{"taxonomy":"product-tag","embeddable":true,"href":"https:\/\/www.dzwchafingdish.com\/fr\/wp-json\/wp\/v2\/product-tag?post=5014"}],"curies":[{"name":"wp","href":"https:\/\/api.w.org\/{rel}","templated":true}]}}