{"id":1855,"date":"2024-01-15T04:08:50","date_gmt":"2024-01-15T04:08:50","guid":{"rendered":"https:\/\/www.dzwchafingdish.com\/?post_type=product&#038;p=1855"},"modified":"2024-06-13T03:17:23","modified_gmt":"2024-06-13T03:17:23","slug":"serving-plate-with-lid","status":"publish","type":"product","link":"https:\/\/www.dzwchafingdish.com\/pt\/product\/serving-plate-with-lid\/","title":{"rendered":"Prato de servir em a\u00e7o inoxid\u00e1vel com tampa a granel"},"content":{"rendered":"<p style=\"font-size:18px\"> Prato de servir em a\u00e7o inoxid\u00e1vel com tampa em forma de torre e prato polido espelhado, criando um aspeto deslumbrante e \u00fanico. A nossa linha de pratos de servir oferece uma vasta gama de op\u00e7\u00f5es requintadas \u00e0 sua escolha.<\/p>\n\n\n\n<div class=\"wp-block-columns is-layout-flex wp-container-core-columns-is-layout-28f84493 wp-block-columns-is-layout-flex\">\n<div class=\"wp-block-column is-layout-flow wp-block-column-is-layout-flow\">\n<div class=\"wp-block-columns is-layout-flex wp-container-core-columns-is-layout-28f84493 wp-block-columns-is-layout-flex\">\n<div class=\"wp-block-column is-layout-flow wp-block-column-is-layout-flow\">\n<h2 class=\"wp-block-heading\" style=\"font-size:18px\"><strong>Dimens\u00e3o do prato de servir<\/strong><\/h2>\n\n\n\n<figure class=\"wp-block-table\"><table><tbody><tr><td>ITEM NO.<\/td><td>Espessura<\/td><td>Di\u00e2metro<br>(Pan)<\/td><td>ALTURA<br>(Pan)<\/td><td>Altura total<\/td><td>KG<\/td><\/tr><tr><td>Prato 30cm<\/td><td>0,5 cm<\/td><td>26 cm<\/td><td>4 cm<\/td><td>21,5 cm<\/td><td>650g<\/td><\/tr><tr><td>Prato 35cm<\/td><td>0,5 cm<\/td><td>28 cm<\/td><td>6,5 cm<\/td><td>23 cm<\/td><td>885g<\/td><\/tr><tr><td>Prato 40cm<\/td><td>0,52cm<\/td><td>30 cm<\/td><td>7 cm<\/td><td>24 cm<\/td><td>1090g<\/td><\/tr><tr><td>Prato 45cm<\/td><td>0,52cm<\/td><td>32 cm<\/td><td>8 cm<\/td><td>26 cm<\/td><td>1450g<\/td><\/tr><tr><td>Prato 50cm<\/td><td>0,56 cm<\/td><td>34 cm<\/td><td>8 cm<\/td><td>28 cm<\/td><td>1800g<\/td><\/tr><tr><td>Prato 55cm<\/td><td>0,58 cm<\/td><td>36 cm<\/td><td>9,5 cm<\/td><td>31cm<\/td><td>2200g<\/td><\/tr><\/tbody><\/table><\/figure>\n<\/div>\n<\/div>\n<\/div>\n\n\n\n<div class=\"wp-block-column is-layout-flow wp-block-column-is-layout-flow\">\n<figure class=\"wp-block-image size-full\"><img fetchpriority=\"high\" decoding=\"async\" width=\"800\" height=\"796\" src=\"https:\/\/www.dzwchafingdish.com\/wp-content\/uploads\/2024\/01\/custom-serving-plate-with-lid.webp\" alt=\"prato de servir personalizado com tampa\" class=\"wp-image-1824\" srcset=\"https:\/\/www.dzwchafingdish.com\/wp-content\/uploads\/2024\/01\/custom-serving-plate-with-lid.webp 800w, https:\/\/www.dzwchafingdish.com\/wp-content\/uploads\/2024\/01\/custom-serving-plate-with-lid-300x300.webp 300w, https:\/\/www.dzwchafingdish.com\/wp-content\/uploads\/2024\/01\/custom-serving-plate-with-lid-150x150.webp 150w, https:\/\/www.dzwchafingdish.com\/wp-content\/uploads\/2024\/01\/custom-serving-plate-with-lid-768x764.webp 768w\" sizes=\"(max-width: 800px) 100vw, 800px\" \/><\/figure>\n<\/div>\n<\/div>\n\n\n\n<div class=\"wp-block-columns is-layout-flex wp-container-core-columns-is-layout-28f84493 wp-block-columns-is-layout-flex\">\n<div class=\"wp-block-column is-layout-flow wp-block-column-is-layout-flow\">\n<div class=\"wp-block-columns is-layout-flex wp-container-core-columns-is-layout-28f84493 wp-block-columns-is-layout-flex\">\n<div class=\"wp-block-column is-layout-flow wp-block-column-is-layout-flow\">\n<figure class=\"wp-block-image size-full\"><img decoding=\"async\" width=\"744\" height=\"744\" src=\"https:\/\/www.dzwchafingdish.com\/wp-content\/uploads\/2024\/01\/Serving-plate-with-lid-wholesale.webp\" alt=\"Prato de servir com tampa por atacado\" class=\"wp-image-1829\" srcset=\"https:\/\/www.dzwchafingdish.com\/wp-content\/uploads\/2024\/01\/Serving-plate-with-lid-wholesale.webp 744w, https:\/\/www.dzwchafingdish.com\/wp-content\/uploads\/2024\/01\/Serving-plate-with-lid-wholesale-300x300.webp 300w, https:\/\/www.dzwchafingdish.com\/wp-content\/uploads\/2024\/01\/Serving-plate-with-lid-wholesale-150x150.webp 150w\" sizes=\"(max-width: 744px) 100vw, 744px\" \/><\/figure>\n<\/div>\n\n\n\n<div class=\"wp-block-column is-layout-flow wp-block-column-is-layout-flow\">\n<figure class=\"wp-block-image size-full\"><img decoding=\"async\" width=\"503\" height=\"503\" src=\"https:\/\/www.dzwchafingdish.com\/wp-content\/uploads\/2024\/01\/Serving-plate-with-lid.webp\" alt=\"Prato de servir com tampa\" class=\"wp-image-1830\" srcset=\"https:\/\/www.dzwchafingdish.com\/wp-content\/uploads\/2024\/01\/Serving-plate-with-lid.webp 503w, https:\/\/www.dzwchafingdish.com\/wp-content\/uploads\/2024\/01\/Serving-plate-with-lid-300x300.webp 300w, https:\/\/www.dzwchafingdish.com\/wp-content\/uploads\/2024\/01\/Serving-plate-with-lid-150x150.webp 150w\" sizes=\"(max-width: 503px) 100vw, 503px\" \/><\/figure>\n<\/div>\n<\/div>\n<\/div>\n\n\n\n<div class=\"wp-block-column is-layout-flow wp-block-column-is-layout-flow\">\n<p style=\"font-size:18px\"><strong>Constru\u00e7\u00e3o do prato de servir Premium:<\/strong><br>- Material de a\u00e7o inoxid\u00e1vel de alta qualidade, seguro e duradouro<br>- Espelho de prata galvanizado com eletrodeposi\u00e7\u00e3o dourada que n\u00e3o desvanece<br>- Tampa em forma de torre, bonita e pr\u00e1tica, f\u00e1cil de abrir<br>- Chassis redondo, fundo plano, colocar firmemente contra o deslizamento<\/p>\n<\/div>\n<\/div>","protected":false},"excerpt":{"rendered":"<p>Prato de servir em a\u00e7o inoxid\u00e1vel com tampa em forma de torre e prato polido espelhado, criando um aspeto deslumbrante e \u00fanico. A nossa linha de pratos de servir oferece uma vasta gama de op\u00e7\u00f5es requintadas \u00e0 sua escolha. Dimens\u00e3o do prato de servir ITEM NO. Espessura Di\u00e2metro(Pan) ALTURA(Pan) Altura total KG Prato 30cm 0,5cm 26 cm 4 cm 21,5cm 650g Prato [...]<\/p>","protected":false},"author":1,"featured_media":2085,"parent":0,"menu_order":0,"template":"","format":"standard","meta":{"_acf_changed":false,"site-sidebar-layout":"default","site-content-layout":"","ast-site-content-layout":"default","site-content-style":"default","site-sidebar-style":"default","ast-global-header-display":"","ast-banner-title-visibility":"","ast-main-header-display":"","ast-hfb-above-header-display":"","ast-hfb-below-header-display":"","ast-hfb-mobile-header-display":"","site-post-title":"","ast-breadcrumbs-content":"","ast-featured-img":"","footer-sml-layout":"","theme-transparent-header-meta":"","adv-header-id-meta":"","stick-header-meta":"","header-above-stick-meta":"","header-main-stick-meta":"","header-below-stick-meta":"","astra-migrate-meta-layouts":"default","ast-page-background-enabled":"default","ast-page-background-meta":{"desktop":{"background-color":"var(--ast-global-color-4)","background-image":"","background-repeat":"repeat","background-position":"center center","background-size":"auto","background-attachment":"scroll","background-type":"","background-media":"","overlay-type":"","overlay-color":"","overlay-opacity":"","overlay-gradient":""},"tablet":{"background-color":"","background-image":"","background-repeat":"repeat","background-position":"center center","background-size":"auto","background-attachment":"scroll","background-type":"","background-media":"","overlay-type":"","overlay-color":"","overlay-opacity":"","overlay-gradient":""},"mobile":{"background-color":"","background-image":"","background-repeat":"repeat","background-position":"center center","background-size":"auto","background-attachment":"scroll","background-type":"","background-media":"","overlay-type":"","overlay-color":"","overlay-opacity":"","overlay-gradient":""}},"ast-content-background-meta":{"desktop":{"background-color":"var(--ast-global-color-5)","background-image":"","background-repeat":"repeat","background-position":"center center","background-size":"auto","background-attachment":"scroll","background-type":"","background-media":"","overlay-type":"","overlay-color":"","overlay-opacity":"","overlay-gradient":""},"tablet":{"background-color":"var(--ast-global-color-5)","background-image":"","background-repeat":"repeat","background-position":"center center","background-size":"auto","background-attachment":"scroll","background-type":"","background-media":"","overlay-type":"","overlay-color":"","overlay-opacity":"","overlay-gradient":""},"mobile":{"background-color":"var(--ast-global-color-5)","background-image":"","background-repeat":"repeat","background-position":"center center","background-size":"auto","background-attachment":"scroll","background-type":"","background-media":"","overlay-type":"","overlay-color":"","overlay-opacity":"","overlay-gradient":""}},"footnotes":""},"product-categories":[67],"product-tag":[],"class_list":["post-1855","product","type-product","status-publish","format-standard","has-post-thumbnail","hentry","product-categories-buffet-plates-and-bowl"],"acf":{"title":"Prato de servir em a\u00e7o inoxid\u00e1vel com tampa a granel","title_source":{"label":"Title","type":"text","formatted_value":"Stainless Steel Serving Plate with Lid in Bulk"},"short_description":"Wholesale Stainless Steel Serving Plate with Lid, multiple sizes, gold and silver color combination suitable for many catering events. We offer factory priced bulk ordering programs, feel free to contact us to learn more!","short_description_source":{"label":"Short description","type":"textarea","formatted_value":"Wholesale Stainless Steel Serving Plate with Lid, multiple sizes, gold and silver color combination suitable for many catering events. We offer factory priced bulk ordering programs, feel free to contact us to learn more!"},"parameters":"<table border=\"0\" width=\"423\" cellspacing=\"0\" cellpadding=\"0\">\r\n<tbody>\r\n<tr>\r\n<td width=\"166\" height=\"24\">Manufacturer<\/td>\r\n<td width=\"257\">DONGZHAOWEI<\/td>\r\n<\/tr>\r\n<tr>\r\n<td height=\"24\">Material<\/td>\r\n<td>Stainless Steel 201<\/td>\r\n<\/tr>\r\n<tr>\r\n<td height=\"24\">Diameter<\/td>\r\n<td>26 cm,28 cm,30 cm,32-36 cm<\/td>\r\n<\/tr>\r\n<tr>\r\n<td height=\"23\">Color<\/td>\r\n<td>Golden \/ Silver<\/td>\r\n<\/tr>\r\n<tr>\r\n<td height=\"23\">Design<\/td>\r\n<td>With Tower lid<\/td>\r\n<\/tr>\r\n<tr>\r\n<td height=\"23\">Shape<\/td>\r\n<td>Round shape<\/td>\r\n<\/tr>\r\n<tr>\r\n<td height=\"23\">Custom<\/td>\r\n<td>color\/logo\/package<\/td>\r\n<\/tr>\r\n<tr>\r\n<td height=\"23\">MOQ<\/td>\r\n<td>200 sets<\/td>\r\n<\/tr>\r\n<\/tbody>\r\n<\/table>","parameters_source":{"label":"Parameters","type":"wysiwyg","formatted_value":"<table border=\"0\" width=\"423\" cellspacing=\"0\" cellpadding=\"0\">\n<tbody>\n<tr>\n<td width=\"166\" height=\"24\">Manufacturer<\/td>\n<td width=\"257\">DONGZHAOWEI<\/td>\n<\/tr>\n<tr>\n<td height=\"24\">Material<\/td>\n<td>Stainless Steel 201<\/td>\n<\/tr>\n<tr>\n<td height=\"24\">Diameter<\/td>\n<td>26 cm,28 cm,30 cm,32-36 cm<\/td>\n<\/tr>\n<tr>\n<td height=\"23\">Color<\/td>\n<td>Golden \/ Silver<\/td>\n<\/tr>\n<tr>\n<td height=\"23\">Design<\/td>\n<td>With Tower lid<\/td>\n<\/tr>\n<tr>\n<td height=\"23\">Shape<\/td>\n<td>Round shape<\/td>\n<\/tr>\n<tr>\n<td height=\"23\">Custom<\/td>\n<td>color\/logo\/package<\/td>\n<\/tr>\n<tr>\n<td height=\"23\">MOQ<\/td>\n<td>200 sets<\/td>\n<\/tr>\n<\/tbody>\n<\/table>\n"},"photo_gallery":{"product_gallery":[[{"id":2085,"title":"1705574024-serving plate with lid wholesale","caption":"serving plate with lid wholesale","full_image_url":"https:\/\/www.dzwchafingdish.com\/wp-content\/uploads\/2024\/01\/1705574024-serving-plate-with-lid-wholesale.webp","thumbnail_image_url":"https:\/\/www.dzwchafingdish.com\/wp-content\/uploads\/2024\/01\/1705574024-serving-plate-with-lid-wholesale-150x150.webp","large_srcset":"https:\/\/www.dzwchafingdish.com\/wp-content\/uploads\/2024\/01\/1705574024-serving-plate-with-lid-wholesale.webp 800w, https:\/\/www.dzwchafingdish.com\/wp-content\/uploads\/2024\/01\/1705574024-serving-plate-with-lid-wholesale-300x300.webp 300w, https:\/\/www.dzwchafingdish.com\/wp-content\/uploads\/2024\/01\/1705574024-serving-plate-with-lid-wholesale-150x150.webp 150w, https:\/\/www.dzwchafingdish.com\/wp-content\/uploads\/2024\/01\/1705574024-serving-plate-with-lid-wholesale-768x768.webp 768w","medium_srcset":"https:\/\/www.dzwchafingdish.com\/wp-content\/uploads\/2024\/01\/1705574024-serving-plate-with-lid-wholesale-300x300.webp 300w, https:\/\/www.dzwchafingdish.com\/wp-content\/uploads\/2024\/01\/1705574024-serving-plate-with-lid-wholesale-150x150.webp 150w, https:\/\/www.dzwchafingdish.com\/wp-content\/uploads\/2024\/01\/1705574024-serving-plate-with-lid-wholesale-768x768.webp 768w, https:\/\/www.dzwchafingdish.com\/wp-content\/uploads\/2024\/01\/1705574024-serving-plate-with-lid-wholesale.webp 800w","media_details":{"width":800,"height":800,"sizes":{"medium":{"file":"1705574024-serving-plate-with-lid-wholesale-300x300.webp","width":300,"height":300,"mime-type":"image\/webp","filesize":11244,"source_url":"https:\/\/www.dzwchafingdish.com\/wp-content\/uploads\/2024\/01\/1705574024-serving-plate-with-lid-wholesale-300x300.webp"},"thumbnail":{"file":"1705574024-serving-plate-with-lid-wholesale-150x150.webp","width":150,"height":150,"mime-type":"image\/webp","filesize":3646,"source_url":"https:\/\/www.dzwchafingdish.com\/wp-content\/uploads\/2024\/01\/1705574024-serving-plate-with-lid-wholesale-150x150.webp"},"medium_large":{"file":"1705574024-serving-plate-with-lid-wholesale-768x768.webp","width":768,"height":768,"mime-type":"image\/webp","filesize":42532,"source_url":"https:\/\/www.dzwchafingdish.com\/wp-content\/uploads\/2024\/01\/1705574024-serving-plate-with-lid-wholesale-768x768.webp"}}},"alt_text":"serving plate with lid wholesale","url":"","target":""},{"id":1826,"title":"Serving plate sliver bulk","caption":"Serving plate sliver bulk","full_image_url":"https:\/\/www.dzwchafingdish.com\/wp-content\/uploads\/2024\/01\/Serving-plate-sliver-bulk.webp","thumbnail_image_url":"https:\/\/www.dzwchafingdish.com\/wp-content\/uploads\/2024\/01\/Serving-plate-sliver-bulk-150x150.webp","large_srcset":"https:\/\/www.dzwchafingdish.com\/wp-content\/uploads\/2024\/01\/Serving-plate-sliver-bulk.webp 800w, https:\/\/www.dzwchafingdish.com\/wp-content\/uploads\/2024\/01\/Serving-plate-sliver-bulk-300x300.webp 300w, https:\/\/www.dzwchafingdish.com\/wp-content\/uploads\/2024\/01\/Serving-plate-sliver-bulk-150x150.webp 150w, https:\/\/www.dzwchafingdish.com\/wp-content\/uploads\/2024\/01\/Serving-plate-sliver-bulk-768x768.webp 768w","medium_srcset":"https:\/\/www.dzwchafingdish.com\/wp-content\/uploads\/2024\/01\/Serving-plate-sliver-bulk-300x300.webp 300w, https:\/\/www.dzwchafingdish.com\/wp-content\/uploads\/2024\/01\/Serving-plate-sliver-bulk-150x150.webp 150w, https:\/\/www.dzwchafingdish.com\/wp-content\/uploads\/2024\/01\/Serving-plate-sliver-bulk-768x768.webp 768w, https:\/\/www.dzwchafingdish.com\/wp-content\/uploads\/2024\/01\/Serving-plate-sliver-bulk.webp 800w","media_details":{"width":800,"height":800,"sizes":{"medium":{"file":"Serving-plate-sliver-bulk-300x300.webp","width":300,"height":300,"mime-type":"image\/webp","filesize":8954,"source_url":"https:\/\/www.dzwchafingdish.com\/wp-content\/uploads\/2024\/01\/Serving-plate-sliver-bulk-300x300.webp"},"thumbnail":{"file":"Serving-plate-sliver-bulk-150x150.webp","width":150,"height":150,"mime-type":"image\/webp","filesize":2994,"source_url":"https:\/\/www.dzwchafingdish.com\/wp-content\/uploads\/2024\/01\/Serving-plate-sliver-bulk-150x150.webp"},"medium_large":{"file":"Serving-plate-sliver-bulk-768x768.webp","width":768,"height":768,"mime-type":"image\/webp","filesize":33642,"source_url":"https:\/\/www.dzwchafingdish.com\/wp-content\/uploads\/2024\/01\/Serving-plate-sliver-bulk-768x768.webp"}}},"alt_text":"Serving plate sliver bulk","url":"","target":""},{"id":1829,"title":"Serving plate with lid wholesale","caption":"Serving plate with lid wholesale","full_image_url":"https:\/\/www.dzwchafingdish.com\/wp-content\/uploads\/2024\/01\/Serving-plate-with-lid-wholesale.webp","thumbnail_image_url":"https:\/\/www.dzwchafingdish.com\/wp-content\/uploads\/2024\/01\/Serving-plate-with-lid-wholesale-150x150.webp","large_srcset":"https:\/\/www.dzwchafingdish.com\/wp-content\/uploads\/2024\/01\/Serving-plate-with-lid-wholesale.webp 744w, https:\/\/www.dzwchafingdish.com\/wp-content\/uploads\/2024\/01\/Serving-plate-with-lid-wholesale-300x300.webp 300w, https:\/\/www.dzwchafingdish.com\/wp-content\/uploads\/2024\/01\/Serving-plate-with-lid-wholesale-150x150.webp 150w","medium_srcset":"https:\/\/www.dzwchafingdish.com\/wp-content\/uploads\/2024\/01\/Serving-plate-with-lid-wholesale-300x300.webp 300w, https:\/\/www.dzwchafingdish.com\/wp-content\/uploads\/2024\/01\/Serving-plate-with-lid-wholesale-150x150.webp 150w, https:\/\/www.dzwchafingdish.com\/wp-content\/uploads\/2024\/01\/Serving-plate-with-lid-wholesale.webp 744w","media_details":{"width":744,"height":744,"sizes":{"medium":{"file":"Serving-plate-with-lid-wholesale-300x300.webp","width":300,"height":300,"mime-type":"image\/webp","filesize":22110,"source_url":"https:\/\/www.dzwchafingdish.com\/wp-content\/uploads\/2024\/01\/Serving-plate-with-lid-wholesale-300x300.webp"},"thumbnail":{"file":"Serving-plate-with-lid-wholesale-150x150.webp","width":150,"height":150,"mime-type":"image\/webp","filesize":6944,"source_url":"https:\/\/www.dzwchafingdish.com\/wp-content\/uploads\/2024\/01\/Serving-plate-with-lid-wholesale-150x150.webp"}}},"alt_text":"Serving plate with lid wholesale","url":"","target":""},{"id":1825,"title":"dinner plate with lid wholesale","caption":"custom serving plate with lid","full_image_url":"https:\/\/www.dzwchafingdish.com\/wp-content\/uploads\/2024\/01\/dinner-plate-with-lid-wholesale.webp","thumbnail_image_url":"https:\/\/www.dzwchafingdish.com\/wp-content\/uploads\/2024\/01\/dinner-plate-with-lid-wholesale-150x150.webp","large_srcset":"https:\/\/www.dzwchafingdish.com\/wp-content\/uploads\/2024\/01\/dinner-plate-with-lid-wholesale.webp 764w, https:\/\/www.dzwchafingdish.com\/wp-content\/uploads\/2024\/01\/dinner-plate-with-lid-wholesale-300x300.webp 300w, https:\/\/www.dzwchafingdish.com\/wp-content\/uploads\/2024\/01\/dinner-plate-with-lid-wholesale-150x150.webp 150w","medium_srcset":"https:\/\/www.dzwchafingdish.com\/wp-content\/uploads\/2024\/01\/dinner-plate-with-lid-wholesale-300x300.webp 300w, https:\/\/www.dzwchafingdish.com\/wp-content\/uploads\/2024\/01\/dinner-plate-with-lid-wholesale-150x150.webp 150w, https:\/\/www.dzwchafingdish.com\/wp-content\/uploads\/2024\/01\/dinner-plate-with-lid-wholesale.webp 764w","media_details":{"width":764,"height":764,"sizes":{"medium":{"file":"dinner-plate-with-lid-wholesale-300x300.webp","width":300,"height":300,"mime-type":"image\/webp","filesize":19554,"source_url":"https:\/\/www.dzwchafingdish.com\/wp-content\/uploads\/2024\/01\/dinner-plate-with-lid-wholesale-300x300.webp"},"thumbnail":{"file":"dinner-plate-with-lid-wholesale-150x150.webp","width":150,"height":150,"mime-type":"image\/webp","filesize":6246,"source_url":"https:\/\/www.dzwchafingdish.com\/wp-content\/uploads\/2024\/01\/dinner-plate-with-lid-wholesale-150x150.webp"}}},"alt_text":"custom serving plate with lid","url":"","target":""},{"id":1827,"title":"Serving plate wholesale","caption":"Serving plate wholesale","full_image_url":"https:\/\/www.dzwchafingdish.com\/wp-content\/uploads\/2024\/01\/Serving-plate-wholesale.webp","thumbnail_image_url":"https:\/\/www.dzwchafingdish.com\/wp-content\/uploads\/2024\/01\/Serving-plate-wholesale-150x150.webp","large_srcset":"https:\/\/www.dzwchafingdish.com\/wp-content\/uploads\/2024\/01\/Serving-plate-wholesale.webp 739w, https:\/\/www.dzwchafingdish.com\/wp-content\/uploads\/2024\/01\/Serving-plate-wholesale-300x300.webp 300w, https:\/\/www.dzwchafingdish.com\/wp-content\/uploads\/2024\/01\/Serving-plate-wholesale-150x150.webp 150w","medium_srcset":"https:\/\/www.dzwchafingdish.com\/wp-content\/uploads\/2024\/01\/Serving-plate-wholesale-300x300.webp 300w, https:\/\/www.dzwchafingdish.com\/wp-content\/uploads\/2024\/01\/Serving-plate-wholesale-150x150.webp 150w, https:\/\/www.dzwchafingdish.com\/wp-content\/uploads\/2024\/01\/Serving-plate-wholesale.webp 739w","media_details":{"width":739,"height":739,"sizes":{"medium":{"file":"Serving-plate-wholesale-300x300.webp","width":300,"height":300,"mime-type":"image\/webp","filesize":23522,"source_url":"https:\/\/www.dzwchafingdish.com\/wp-content\/uploads\/2024\/01\/Serving-plate-wholesale-300x300.webp"},"thumbnail":{"file":"Serving-plate-wholesale-150x150.webp","width":150,"height":150,"mime-type":"image\/webp","filesize":7764,"source_url":"https:\/\/www.dzwchafingdish.com\/wp-content\/uploads\/2024\/01\/Serving-plate-wholesale-150x150.webp"}}},"alt_text":"Serving plate wholesale","url":"","target":""},{"id":1831,"title":"wholesale serving plate with lid","caption":"wholesale serving plate with lid","full_image_url":"https:\/\/www.dzwchafingdish.com\/wp-content\/uploads\/2024\/01\/wholesale-serving-plate-with-lid.webp","thumbnail_image_url":"https:\/\/www.dzwchafingdish.com\/wp-content\/uploads\/2024\/01\/wholesale-serving-plate-with-lid-150x150.webp","large_srcset":"https:\/\/www.dzwchafingdish.com\/wp-content\/uploads\/2024\/01\/wholesale-serving-plate-with-lid.webp 800w, https:\/\/www.dzwchafingdish.com\/wp-content\/uploads\/2024\/01\/wholesale-serving-plate-with-lid-285x300.webp 285w, https:\/\/www.dzwchafingdish.com\/wp-content\/uploads\/2024\/01\/wholesale-serving-plate-with-lid-768x808.webp 768w","medium_srcset":"https:\/\/www.dzwchafingdish.com\/wp-content\/uploads\/2024\/01\/wholesale-serving-plate-with-lid-285x300.webp 285w, https:\/\/www.dzwchafingdish.com\/wp-content\/uploads\/2024\/01\/wholesale-serving-plate-with-lid-768x808.webp 768w, https:\/\/www.dzwchafingdish.com\/wp-content\/uploads\/2024\/01\/wholesale-serving-plate-with-lid.webp 800w","media_details":{"width":800,"height":842,"sizes":{"medium":{"file":"wholesale-serving-plate-with-lid-285x300.webp","width":285,"height":300,"mime-type":"image\/webp","filesize":18564,"source_url":"https:\/\/www.dzwchafingdish.com\/wp-content\/uploads\/2024\/01\/wholesale-serving-plate-with-lid-285x300.webp"},"thumbnail":{"file":"wholesale-serving-plate-with-lid-150x150.webp","width":150,"height":150,"mime-type":"image\/webp","filesize":6164,"source_url":"https:\/\/www.dzwchafingdish.com\/wp-content\/uploads\/2024\/01\/wholesale-serving-plate-with-lid-150x150.webp"},"medium_large":{"file":"wholesale-serving-plate-with-lid-768x808.webp","width":768,"height":808,"mime-type":"image\/webp","filesize":99926,"source_url":"https:\/\/www.dzwchafingdish.com\/wp-content\/uploads\/2024\/01\/wholesale-serving-plate-with-lid-768x808.webp"}}},"alt_text":"wholesale serving plate with lid","url":"","target":""}]]}},"_links":{"self":[{"href":"https:\/\/www.dzwchafingdish.com\/pt\/wp-json\/wp\/v2\/product\/1855","targetHints":{"allow":["GET"]}}],"collection":[{"href":"https:\/\/www.dzwchafingdish.com\/pt\/wp-json\/wp\/v2\/product"}],"about":[{"href":"https:\/\/www.dzwchafingdish.com\/pt\/wp-json\/wp\/v2\/types\/product"}],"author":[{"embeddable":true,"href":"https:\/\/www.dzwchafingdish.com\/pt\/wp-json\/wp\/v2\/users\/1"}],"version-history":[{"count":0,"href":"https:\/\/www.dzwchafingdish.com\/pt\/wp-json\/wp\/v2\/product\/1855\/revisions"}],"wp:featuredmedia":[{"embeddable":true,"href":"https:\/\/www.dzwchafingdish.com\/pt\/wp-json\/wp\/v2\/media\/2085"}],"wp:attachment":[{"href":"https:\/\/www.dzwchafingdish.com\/pt\/wp-json\/wp\/v2\/media?parent=1855"}],"wp:term":[{"taxonomy":"product-categories","embeddable":true,"href":"https:\/\/www.dzwchafingdish.com\/pt\/wp-json\/wp\/v2\/product-categories?post=1855"},{"taxonomy":"product-tag","embeddable":true,"href":"https:\/\/www.dzwchafingdish.com\/pt\/wp-json\/wp\/v2\/product-tag?post=1855"}],"curies":[{"name":"wp","href":"https:\/\/api.w.org\/{rel}","templated":true}]}}