{"id":2444,"date":"2024-01-29T04:05:07","date_gmt":"2024-01-29T04:05:07","guid":{"rendered":"https:\/\/www.dzwchafingdish.com\/?post_type=product&#038;p=2444"},"modified":"2024-06-12T07:42:51","modified_gmt":"2024-06-12T07:42:51","slug":"dessert-tower-stand","status":"publish","type":"product","link":"https:\/\/www.dzwchafingdish.com\/pt\/product\/dessert-tower-stand\/","title":{"rendered":"Torre de sobremesa de luxo personalizada em a\u00e7o inoxid\u00e1vel"},"content":{"rendered":"<div class=\"wp-block-columns is-layout-flex wp-container-core-columns-is-layout-28f84493 wp-block-columns-is-layout-flex\">\n<div class=\"wp-block-column is-layout-flow wp-block-column-is-layout-flow\">\n<h2 class=\"wp-block-heading\" style=\"font-size:18px\">Dimens\u00e3o do suporte da torre de sobremesas<\/h2>\n\n\n\n<figure class=\"wp-block-table\"><table><tbody><tr><td>ITEM NO.<\/td><td>Comprimento<\/td><td>Largura<\/td><td>Altura<\/td><\/tr><tr><td>DZW-GW01<\/td><td>31 cm<\/td><td>26 cm<\/td><td>44 cm<\/td><\/tr><tr><td>DZW-SW02<\/td><td>31 cm<\/td><td>26 cm<\/td><td>44 cm<\/td><\/tr><\/tbody><\/table><\/figure>\n<\/div>\n\n\n\n<div class=\"wp-block-column is-layout-flow wp-block-column-is-layout-flow\">\n<div class=\"wp-block-columns is-layout-flex wp-container-core-columns-is-layout-28f84493 wp-block-columns-is-layout-flex\">\n<div class=\"wp-block-column is-layout-flow wp-block-column-is-layout-flow\">\n<figure class=\"wp-block-image size-full\"><img fetchpriority=\"high\" decoding=\"async\" width=\"800\" height=\"800\" src=\"https:\/\/www.dzwchafingdish.com\/wp-content\/uploads\/2024\/01\/dessert-tower-stand-wholesale.webp\" alt=\"torre de sobremesas por atacado\" class=\"wp-image-2447\" srcset=\"https:\/\/www.dzwchafingdish.com\/wp-content\/uploads\/2024\/01\/dessert-tower-stand-wholesale.webp 800w, https:\/\/www.dzwchafingdish.com\/wp-content\/uploads\/2024\/01\/dessert-tower-stand-wholesale-300x300.webp 300w, https:\/\/www.dzwchafingdish.com\/wp-content\/uploads\/2024\/01\/dessert-tower-stand-wholesale-150x150.webp 150w, https:\/\/www.dzwchafingdish.com\/wp-content\/uploads\/2024\/01\/dessert-tower-stand-wholesale-768x768.webp 768w\" sizes=\"(max-width: 800px) 100vw, 800px\" \/><\/figure>\n<\/div>\n\n\n\n<div class=\"wp-block-column is-layout-flow wp-block-column-is-layout-flow\">\n<figure class=\"wp-block-image size-full\"><img decoding=\"async\" width=\"800\" height=\"800\" src=\"https:\/\/www.dzwchafingdish.com\/wp-content\/uploads\/2024\/01\/dessert-stand-tower-wholesale.webp\" alt=\"torre de suporte para sobremesas por atacado\" class=\"wp-image-2446\" srcset=\"https:\/\/www.dzwchafingdish.com\/wp-content\/uploads\/2024\/01\/dessert-stand-tower-wholesale.webp 800w, https:\/\/www.dzwchafingdish.com\/wp-content\/uploads\/2024\/01\/dessert-stand-tower-wholesale-300x300.webp 300w, https:\/\/www.dzwchafingdish.com\/wp-content\/uploads\/2024\/01\/dessert-stand-tower-wholesale-150x150.webp 150w, https:\/\/www.dzwchafingdish.com\/wp-content\/uploads\/2024\/01\/dessert-stand-tower-wholesale-768x768.webp 768w\" sizes=\"(max-width: 800px) 100vw, 800px\" \/><\/figure>\n<\/div>\n<\/div>\n<\/div>\n<\/div>\n\n\n\n<div class=\"wp-block-columns is-layout-flex wp-container-core-columns-is-layout-28f84493 wp-block-columns-is-layout-flex\">\n<div class=\"wp-block-column is-layout-flow wp-block-column-is-layout-flow\">\n<figure class=\"wp-block-image size-full is-resized\"><img decoding=\"async\" width=\"800\" height=\"800\" src=\"https:\/\/www.dzwchafingdish.com\/wp-content\/uploads\/2024\/01\/custom-dessert-tower-stand.webp\" alt=\"torre de sobremesas personalizada\" class=\"wp-image-2445\" style=\"width:523px;height:auto\" srcset=\"https:\/\/www.dzwchafingdish.com\/wp-content\/uploads\/2024\/01\/custom-dessert-tower-stand.webp 800w, https:\/\/www.dzwchafingdish.com\/wp-content\/uploads\/2024\/01\/custom-dessert-tower-stand-300x300.webp 300w, https:\/\/www.dzwchafingdish.com\/wp-content\/uploads\/2024\/01\/custom-dessert-tower-stand-150x150.webp 150w, https:\/\/www.dzwchafingdish.com\/wp-content\/uploads\/2024\/01\/custom-dessert-tower-stand-768x768.webp 768w\" sizes=\"(max-width: 800px) 100vw, 800px\" \/><\/figure>\n<\/div>\n\n\n\n<div class=\"wp-block-column is-vertically-aligned-center is-layout-flow wp-block-column-is-layout-flow\">\n<h2 class=\"wp-block-heading\" style=\"font-size:18px\">Suporte de torre de sobremesa Premium Carater\u00edsticas:<\/h2>\n\n\n\n<p>Material em a\u00e7o inoxid\u00e1vel: Fabricado em a\u00e7o inoxid\u00e1vel de alta qualidade, dur\u00e1vel e resistente. Dispon\u00edvel nas elegantes cores dourada e prateada, adicionando um toque de luxo ao seu expositor de sobremesas.<\/p>\n\n\n\n<p>Torre \u00fanica em forma de gota de \u00e1gua com design de 2 n\u00edveis: Apresenta um design distinto e o design de dois n\u00edveis acrescenta profundidade e atra\u00e7\u00e3o visual.<\/p>\n\n\n\n<p>Pratos amov\u00edveis: Cada prato \u00e9 facilmente remov\u00edvel, facilitando a limpeza sem esfor\u00e7o e permitindo a disposi\u00e7\u00e3o de v\u00e1rios sabores de sobremesas, aumentando a flexibilidade de utiliza\u00e7\u00e3o.<\/p>\n\n\n\n<p>Embalagens com log\u00f3tipo personalizado: Oferece op\u00e7\u00f5es de venda por grosso juntamente com a personaliza\u00e7\u00e3o de log\u00f3tipos e embalagens, alinhando perfeitamente o produto com a imagem da sua marca e refor\u00e7ando a sua singularidade.<\/p>\n\n\n\n<p><\/p>\n<\/div>\n<\/div>","protected":false},"excerpt":{"rendered":"<p>Torre de sobremesa Dimens\u00e3o do suporte ITEM NO. Comprimento Largura Altura DZW-GW01 31 cm 26 cm 44 cm DZW-SW02 31 cm 26 cm 44 cm Suporte para torre de sobremesa Premium Carater\u00edsticas: Material em a\u00e7o inoxid\u00e1vel: Fabricado em a\u00e7o inoxid\u00e1vel de alta qualidade, dur\u00e1vel e resistente. Dispon\u00edvel nas elegantes cores dourado e prateado, adicionando um toque de luxo \u00e0 sua exposi\u00e7\u00e3o de sobremesas. [...]<\/p>","protected":false},"author":1,"featured_media":2447,"parent":0,"menu_order":0,"template":"","format":"standard","meta":{"_acf_changed":false,"site-sidebar-layout":"default","site-content-layout":"","ast-site-content-layout":"default","site-content-style":"default","site-sidebar-style":"default","ast-global-header-display":"","ast-banner-title-visibility":"","ast-main-header-display":"","ast-hfb-above-header-display":"","ast-hfb-below-header-display":"","ast-hfb-mobile-header-display":"","site-post-title":"","ast-breadcrumbs-content":"","ast-featured-img":"","footer-sml-layout":"","theme-transparent-header-meta":"","adv-header-id-meta":"","stick-header-meta":"","header-above-stick-meta":"","header-main-stick-meta":"","header-below-stick-meta":"","astra-migrate-meta-layouts":"default","ast-page-background-enabled":"default","ast-page-background-meta":{"desktop":{"background-color":"var(--ast-global-color-4)","background-image":"","background-repeat":"repeat","background-position":"center center","background-size":"auto","background-attachment":"scroll","background-type":"","background-media":"","overlay-type":"","overlay-color":"","overlay-opacity":"","overlay-gradient":""},"tablet":{"background-color":"","background-image":"","background-repeat":"repeat","background-position":"center center","background-size":"auto","background-attachment":"scroll","background-type":"","background-media":"","overlay-type":"","overlay-color":"","overlay-opacity":"","overlay-gradient":""},"mobile":{"background-color":"","background-image":"","background-repeat":"repeat","background-position":"center center","background-size":"auto","background-attachment":"scroll","background-type":"","background-media":"","overlay-type":"","overlay-color":"","overlay-opacity":"","overlay-gradient":""}},"ast-content-background-meta":{"desktop":{"background-color":"var(--ast-global-color-5)","background-image":"","background-repeat":"repeat","background-position":"center center","background-size":"auto","background-attachment":"scroll","background-type":"","background-media":"","overlay-type":"","overlay-color":"","overlay-opacity":"","overlay-gradient":""},"tablet":{"background-color":"var(--ast-global-color-5)","background-image":"","background-repeat":"repeat","background-position":"center center","background-size":"auto","background-attachment":"scroll","background-type":"","background-media":"","overlay-type":"","overlay-color":"","overlay-opacity":"","overlay-gradient":""},"mobile":{"background-color":"var(--ast-global-color-5)","background-image":"","background-repeat":"repeat","background-position":"center center","background-size":"auto","background-attachment":"scroll","background-type":"","background-media":"","overlay-type":"","overlay-color":"","overlay-opacity":"","overlay-gradient":""}},"footnotes":""},"product-categories":[65],"product-tag":[],"class_list":["post-2444","product","type-product","status-publish","format-standard","has-post-thumbnail","hentry","product-categories-dessert-stand"],"acf":{"title":"Torre de sobremesa de luxo personalizada em a\u00e7o inoxid\u00e1vel","title_source":{"label":"Title","type":"text","formatted_value":"Custom Luxury Dessert Tower Stand Stainless Steel"},"short_description":"The dessert tower stand combines high-quality stainless steel materials and unique tower design, making it an ideal choice for luxury catering services. We offer one-stop solution solution of wholesale and custom dessert tower stand, meet you all needs.","short_description_source":{"label":"Short description","type":"textarea","formatted_value":"The dessert tower stand combines high-quality stainless steel materials and unique tower design, making it an ideal choice for luxury catering services. We offer one-stop solution solution of wholesale and custom dessert tower stand, meet you all needs."},"parameters":"<table border=\"0\" width=\"423\" cellspacing=\"0\" cellpadding=\"0\">\r\n<tbody>\r\n<tr>\r\n<td width=\"166\" height=\"23\">Manufacturer<\/td>\r\n<td width=\"257\">DONGZHAOWEI<\/td>\r\n<\/tr>\r\n<tr>\r\n<td height=\"23\">Material<\/td>\r\n<td>Stainless Steel 201<\/td>\r\n<\/tr>\r\n<tr>\r\n<td height=\"23\">Tier<\/td>\r\n<td>2 Tier<\/td>\r\n<\/tr>\r\n<tr>\r\n<td height=\"24\">Color<\/td>\r\n<td>Golden \/ Silver<\/td>\r\n<\/tr>\r\n<tr>\r\n<td height=\"24\">Shape<\/td>\r\n<td>Tower Shape\/Water Drop Shape<\/td>\r\n<\/tr>\r\n<tr>\r\n<td height=\"24\">Custom<\/td>\r\n<td>Color\/Logo\/Package<\/td>\r\n<\/tr>\r\n<tr>\r\n<td height=\"24\">MOQ<\/td>\r\n<td>20 Sets<\/td>\r\n<\/tr>\r\n<\/tbody>\r\n<\/table>","parameters_source":{"label":"Parameters","type":"wysiwyg","formatted_value":"<table border=\"0\" width=\"423\" cellspacing=\"0\" cellpadding=\"0\">\n<tbody>\n<tr>\n<td width=\"166\" height=\"23\">Manufacturer<\/td>\n<td width=\"257\">DONGZHAOWEI<\/td>\n<\/tr>\n<tr>\n<td height=\"23\">Material<\/td>\n<td>Stainless Steel 201<\/td>\n<\/tr>\n<tr>\n<td height=\"23\">Tier<\/td>\n<td>2 Tier<\/td>\n<\/tr>\n<tr>\n<td height=\"24\">Color<\/td>\n<td>Golden \/ Silver<\/td>\n<\/tr>\n<tr>\n<td height=\"24\">Shape<\/td>\n<td>Tower Shape\/Water Drop Shape<\/td>\n<\/tr>\n<tr>\n<td height=\"24\">Custom<\/td>\n<td>Color\/Logo\/Package<\/td>\n<\/tr>\n<tr>\n<td height=\"24\">MOQ<\/td>\n<td>20 Sets<\/td>\n<\/tr>\n<\/tbody>\n<\/table>\n"},"photo_gallery":{"product_gallery":[[{"id":2447,"title":"dessert tower stand wholesale","caption":"dessert tower stand wholesale","full_image_url":"https:\/\/www.dzwchafingdish.com\/wp-content\/uploads\/2024\/01\/dessert-tower-stand-wholesale.webp","thumbnail_image_url":"https:\/\/www.dzwchafingdish.com\/wp-content\/uploads\/2024\/01\/dessert-tower-stand-wholesale-150x150.webp","large_srcset":"https:\/\/www.dzwchafingdish.com\/wp-content\/uploads\/2024\/01\/dessert-tower-stand-wholesale.webp 800w, https:\/\/www.dzwchafingdish.com\/wp-content\/uploads\/2024\/01\/dessert-tower-stand-wholesale-300x300.webp 300w, https:\/\/www.dzwchafingdish.com\/wp-content\/uploads\/2024\/01\/dessert-tower-stand-wholesale-150x150.webp 150w, https:\/\/www.dzwchafingdish.com\/wp-content\/uploads\/2024\/01\/dessert-tower-stand-wholesale-768x768.webp 768w","medium_srcset":"https:\/\/www.dzwchafingdish.com\/wp-content\/uploads\/2024\/01\/dessert-tower-stand-wholesale-300x300.webp 300w, https:\/\/www.dzwchafingdish.com\/wp-content\/uploads\/2024\/01\/dessert-tower-stand-wholesale-150x150.webp 150w, https:\/\/www.dzwchafingdish.com\/wp-content\/uploads\/2024\/01\/dessert-tower-stand-wholesale-768x768.webp 768w, https:\/\/www.dzwchafingdish.com\/wp-content\/uploads\/2024\/01\/dessert-tower-stand-wholesale.webp 800w","media_details":{"width":800,"height":800,"sizes":{"medium":{"file":"dessert-tower-stand-wholesale-300x300.webp","width":300,"height":300,"mime-type":"image\/webp","filesize":7594,"source_url":"https:\/\/www.dzwchafingdish.com\/wp-content\/uploads\/2024\/01\/dessert-tower-stand-wholesale-300x300.webp"},"thumbnail":{"file":"dessert-tower-stand-wholesale-150x150.webp","width":150,"height":150,"mime-type":"image\/webp","filesize":2912,"source_url":"https:\/\/www.dzwchafingdish.com\/wp-content\/uploads\/2024\/01\/dessert-tower-stand-wholesale-150x150.webp"},"medium_large":{"file":"dessert-tower-stand-wholesale-768x768.webp","width":768,"height":768,"mime-type":"image\/webp","filesize":28978,"source_url":"https:\/\/www.dzwchafingdish.com\/wp-content\/uploads\/2024\/01\/dessert-tower-stand-wholesale-768x768.webp"}}},"alt_text":"dessert tower stand wholesale","url":"","target":""},{"id":2446,"title":"dessert stand tower wholesale","caption":"dessert stand tower wholesale","full_image_url":"https:\/\/www.dzwchafingdish.com\/wp-content\/uploads\/2024\/01\/dessert-stand-tower-wholesale.webp","thumbnail_image_url":"https:\/\/www.dzwchafingdish.com\/wp-content\/uploads\/2024\/01\/dessert-stand-tower-wholesale-150x150.webp","large_srcset":"https:\/\/www.dzwchafingdish.com\/wp-content\/uploads\/2024\/01\/dessert-stand-tower-wholesale.webp 800w, https:\/\/www.dzwchafingdish.com\/wp-content\/uploads\/2024\/01\/dessert-stand-tower-wholesale-300x300.webp 300w, https:\/\/www.dzwchafingdish.com\/wp-content\/uploads\/2024\/01\/dessert-stand-tower-wholesale-150x150.webp 150w, https:\/\/www.dzwchafingdish.com\/wp-content\/uploads\/2024\/01\/dessert-stand-tower-wholesale-768x768.webp 768w","medium_srcset":"https:\/\/www.dzwchafingdish.com\/wp-content\/uploads\/2024\/01\/dessert-stand-tower-wholesale-300x300.webp 300w, https:\/\/www.dzwchafingdish.com\/wp-content\/uploads\/2024\/01\/dessert-stand-tower-wholesale-150x150.webp 150w, https:\/\/www.dzwchafingdish.com\/wp-content\/uploads\/2024\/01\/dessert-stand-tower-wholesale-768x768.webp 768w, https:\/\/www.dzwchafingdish.com\/wp-content\/uploads\/2024\/01\/dessert-stand-tower-wholesale.webp 800w","media_details":{"width":800,"height":800,"sizes":{"medium":{"file":"dessert-stand-tower-wholesale-300x300.webp","width":300,"height":300,"mime-type":"image\/webp","filesize":6240,"source_url":"https:\/\/www.dzwchafingdish.com\/wp-content\/uploads\/2024\/01\/dessert-stand-tower-wholesale-300x300.webp"},"thumbnail":{"file":"dessert-stand-tower-wholesale-150x150.webp","width":150,"height":150,"mime-type":"image\/webp","filesize":2252,"source_url":"https:\/\/www.dzwchafingdish.com\/wp-content\/uploads\/2024\/01\/dessert-stand-tower-wholesale-150x150.webp"},"medium_large":{"file":"dessert-stand-tower-wholesale-768x768.webp","width":768,"height":768,"mime-type":"image\/webp","filesize":25550,"source_url":"https:\/\/www.dzwchafingdish.com\/wp-content\/uploads\/2024\/01\/dessert-stand-tower-wholesale-768x768.webp"}}},"alt_text":"dessert stand tower wholesale","url":"","target":""},{"id":2449,"title":"wholesale dessert tower stand","caption":"wholesale dessert tower stand","full_image_url":"https:\/\/www.dzwchafingdish.com\/wp-content\/uploads\/2024\/01\/wholesale-dessert-tower-stand.webp","thumbnail_image_url":"https:\/\/www.dzwchafingdish.com\/wp-content\/uploads\/2024\/01\/wholesale-dessert-tower-stand-150x150.webp","large_srcset":"https:\/\/www.dzwchafingdish.com\/wp-content\/uploads\/2024\/01\/wholesale-dessert-tower-stand.webp 800w, https:\/\/www.dzwchafingdish.com\/wp-content\/uploads\/2024\/01\/wholesale-dessert-tower-stand-300x300.webp 300w, https:\/\/www.dzwchafingdish.com\/wp-content\/uploads\/2024\/01\/wholesale-dessert-tower-stand-150x150.webp 150w, https:\/\/www.dzwchafingdish.com\/wp-content\/uploads\/2024\/01\/wholesale-dessert-tower-stand-768x768.webp 768w","medium_srcset":"https:\/\/www.dzwchafingdish.com\/wp-content\/uploads\/2024\/01\/wholesale-dessert-tower-stand-300x300.webp 300w, https:\/\/www.dzwchafingdish.com\/wp-content\/uploads\/2024\/01\/wholesale-dessert-tower-stand-150x150.webp 150w, https:\/\/www.dzwchafingdish.com\/wp-content\/uploads\/2024\/01\/wholesale-dessert-tower-stand-768x768.webp 768w, https:\/\/www.dzwchafingdish.com\/wp-content\/uploads\/2024\/01\/wholesale-dessert-tower-stand.webp 800w","media_details":{"width":800,"height":800,"sizes":{"medium":{"file":"wholesale-dessert-tower-stand-300x300.webp","width":300,"height":300,"mime-type":"image\/webp","filesize":6430,"source_url":"https:\/\/www.dzwchafingdish.com\/wp-content\/uploads\/2024\/01\/wholesale-dessert-tower-stand-300x300.webp"},"thumbnail":{"file":"wholesale-dessert-tower-stand-150x150.webp","width":150,"height":150,"mime-type":"image\/webp","filesize":2406,"source_url":"https:\/\/www.dzwchafingdish.com\/wp-content\/uploads\/2024\/01\/wholesale-dessert-tower-stand-150x150.webp"},"medium_large":{"file":"wholesale-dessert-tower-stand-768x768.webp","width":768,"height":768,"mime-type":"image\/webp","filesize":27308,"source_url":"https:\/\/www.dzwchafingdish.com\/wp-content\/uploads\/2024\/01\/wholesale-dessert-tower-stand-768x768.webp"}}},"alt_text":"wholesale dessert tower stand","url":"","target":""},{"id":2445,"title":"custom dessert tower stand","caption":"custom dessert tower stand","full_image_url":"https:\/\/www.dzwchafingdish.com\/wp-content\/uploads\/2024\/01\/custom-dessert-tower-stand.webp","thumbnail_image_url":"https:\/\/www.dzwchafingdish.com\/wp-content\/uploads\/2024\/01\/custom-dessert-tower-stand-150x150.webp","large_srcset":"https:\/\/www.dzwchafingdish.com\/wp-content\/uploads\/2024\/01\/custom-dessert-tower-stand.webp 800w, https:\/\/www.dzwchafingdish.com\/wp-content\/uploads\/2024\/01\/custom-dessert-tower-stand-300x300.webp 300w, https:\/\/www.dzwchafingdish.com\/wp-content\/uploads\/2024\/01\/custom-dessert-tower-stand-150x150.webp 150w, https:\/\/www.dzwchafingdish.com\/wp-content\/uploads\/2024\/01\/custom-dessert-tower-stand-768x768.webp 768w","medium_srcset":"https:\/\/www.dzwchafingdish.com\/wp-content\/uploads\/2024\/01\/custom-dessert-tower-stand-300x300.webp 300w, https:\/\/www.dzwchafingdish.com\/wp-content\/uploads\/2024\/01\/custom-dessert-tower-stand-150x150.webp 150w, https:\/\/www.dzwchafingdish.com\/wp-content\/uploads\/2024\/01\/custom-dessert-tower-stand-768x768.webp 768w, https:\/\/www.dzwchafingdish.com\/wp-content\/uploads\/2024\/01\/custom-dessert-tower-stand.webp 800w","media_details":{"width":800,"height":800,"sizes":{"medium":{"file":"custom-dessert-tower-stand-300x300.webp","width":300,"height":300,"mime-type":"image\/webp","filesize":7604,"source_url":"https:\/\/www.dzwchafingdish.com\/wp-content\/uploads\/2024\/01\/custom-dessert-tower-stand-300x300.webp"},"thumbnail":{"file":"custom-dessert-tower-stand-150x150.webp","width":150,"height":150,"mime-type":"image\/webp","filesize":2922,"source_url":"https:\/\/www.dzwchafingdish.com\/wp-content\/uploads\/2024\/01\/custom-dessert-tower-stand-150x150.webp"},"medium_large":{"file":"custom-dessert-tower-stand-768x768.webp","width":768,"height":768,"mime-type":"image\/webp","filesize":29766,"source_url":"https:\/\/www.dzwchafingdish.com\/wp-content\/uploads\/2024\/01\/custom-dessert-tower-stand-768x768.webp"}}},"alt_text":"custom dessert tower stand","url":"","target":""},{"id":2448,"title":"tower dessert stand bulk","caption":"tower dessert stand bulk","full_image_url":"https:\/\/www.dzwchafingdish.com\/wp-content\/uploads\/2024\/01\/tower-dessert-stand-bulk.webp","thumbnail_image_url":"https:\/\/www.dzwchafingdish.com\/wp-content\/uploads\/2024\/01\/tower-dessert-stand-bulk-150x150.webp","large_srcset":"https:\/\/www.dzwchafingdish.com\/wp-content\/uploads\/2024\/01\/tower-dessert-stand-bulk.webp 800w, https:\/\/www.dzwchafingdish.com\/wp-content\/uploads\/2024\/01\/tower-dessert-stand-bulk-300x300.webp 300w, https:\/\/www.dzwchafingdish.com\/wp-content\/uploads\/2024\/01\/tower-dessert-stand-bulk-150x150.webp 150w, https:\/\/www.dzwchafingdish.com\/wp-content\/uploads\/2024\/01\/tower-dessert-stand-bulk-768x768.webp 768w","medium_srcset":"https:\/\/www.dzwchafingdish.com\/wp-content\/uploads\/2024\/01\/tower-dessert-stand-bulk-300x300.webp 300w, https:\/\/www.dzwchafingdish.com\/wp-content\/uploads\/2024\/01\/tower-dessert-stand-bulk-150x150.webp 150w, https:\/\/www.dzwchafingdish.com\/wp-content\/uploads\/2024\/01\/tower-dessert-stand-bulk-768x768.webp 768w, https:\/\/www.dzwchafingdish.com\/wp-content\/uploads\/2024\/01\/tower-dessert-stand-bulk.webp 800w","media_details":{"width":800,"height":800,"sizes":{"medium":{"file":"tower-dessert-stand-bulk-300x300.webp","width":300,"height":300,"mime-type":"image\/webp","filesize":4754,"source_url":"https:\/\/www.dzwchafingdish.com\/wp-content\/uploads\/2024\/01\/tower-dessert-stand-bulk-300x300.webp"},"thumbnail":{"file":"tower-dessert-stand-bulk-150x150.webp","width":150,"height":150,"mime-type":"image\/webp","filesize":1540,"source_url":"https:\/\/www.dzwchafingdish.com\/wp-content\/uploads\/2024\/01\/tower-dessert-stand-bulk-150x150.webp"},"medium_large":{"file":"tower-dessert-stand-bulk-768x768.webp","width":768,"height":768,"mime-type":"image\/webp","filesize":23084,"source_url":"https:\/\/www.dzwchafingdish.com\/wp-content\/uploads\/2024\/01\/tower-dessert-stand-bulk-768x768.webp"}}},"alt_text":"tower dessert stand bulk","url":"","target":""},{"id":2450,"title":"wholesale tower cupcake stand","caption":"wholesale tower cupcake stand","full_image_url":"https:\/\/www.dzwchafingdish.com\/wp-content\/uploads\/2024\/01\/wholesale-tower-cupcake-stand.webp","thumbnail_image_url":"https:\/\/www.dzwchafingdish.com\/wp-content\/uploads\/2024\/01\/wholesale-tower-cupcake-stand-150x150.webp","large_srcset":"https:\/\/www.dzwchafingdish.com\/wp-content\/uploads\/2024\/01\/wholesale-tower-cupcake-stand.webp 800w, https:\/\/www.dzwchafingdish.com\/wp-content\/uploads\/2024\/01\/wholesale-tower-cupcake-stand-300x300.webp 300w, https:\/\/www.dzwchafingdish.com\/wp-content\/uploads\/2024\/01\/wholesale-tower-cupcake-stand-150x150.webp 150w, https:\/\/www.dzwchafingdish.com\/wp-content\/uploads\/2024\/01\/wholesale-tower-cupcake-stand-768x768.webp 768w","medium_srcset":"https:\/\/www.dzwchafingdish.com\/wp-content\/uploads\/2024\/01\/wholesale-tower-cupcake-stand-300x300.webp 300w, https:\/\/www.dzwchafingdish.com\/wp-content\/uploads\/2024\/01\/wholesale-tower-cupcake-stand-150x150.webp 150w, https:\/\/www.dzwchafingdish.com\/wp-content\/uploads\/2024\/01\/wholesale-tower-cupcake-stand-768x768.webp 768w, https:\/\/www.dzwchafingdish.com\/wp-content\/uploads\/2024\/01\/wholesale-tower-cupcake-stand.webp 800w","media_details":{"width":800,"height":800,"sizes":{"medium":{"file":"wholesale-tower-cupcake-stand-300x300.webp","width":300,"height":300,"mime-type":"image\/webp","filesize":5848,"source_url":"https:\/\/www.dzwchafingdish.com\/wp-content\/uploads\/2024\/01\/wholesale-tower-cupcake-stand-300x300.webp"},"thumbnail":{"file":"wholesale-tower-cupcake-stand-150x150.webp","width":150,"height":150,"mime-type":"image\/webp","filesize":1998,"source_url":"https:\/\/www.dzwchafingdish.com\/wp-content\/uploads\/2024\/01\/wholesale-tower-cupcake-stand-150x150.webp"},"medium_large":{"file":"wholesale-tower-cupcake-stand-768x768.webp","width":768,"height":768,"mime-type":"image\/webp","filesize":25486,"source_url":"https:\/\/www.dzwchafingdish.com\/wp-content\/uploads\/2024\/01\/wholesale-tower-cupcake-stand-768x768.webp"}}},"alt_text":"wholesale tower cupcake stand","url":"","target":""}]]}},"_links":{"self":[{"href":"https:\/\/www.dzwchafingdish.com\/pt\/wp-json\/wp\/v2\/product\/2444","targetHints":{"allow":["GET"]}}],"collection":[{"href":"https:\/\/www.dzwchafingdish.com\/pt\/wp-json\/wp\/v2\/product"}],"about":[{"href":"https:\/\/www.dzwchafingdish.com\/pt\/wp-json\/wp\/v2\/types\/product"}],"author":[{"embeddable":true,"href":"https:\/\/www.dzwchafingdish.com\/pt\/wp-json\/wp\/v2\/users\/1"}],"version-history":[{"count":0,"href":"https:\/\/www.dzwchafingdish.com\/pt\/wp-json\/wp\/v2\/product\/2444\/revisions"}],"wp:featuredmedia":[{"embeddable":true,"href":"https:\/\/www.dzwchafingdish.com\/pt\/wp-json\/wp\/v2\/media\/2447"}],"wp:attachment":[{"href":"https:\/\/www.dzwchafingdish.com\/pt\/wp-json\/wp\/v2\/media?parent=2444"}],"wp:term":[{"taxonomy":"product-categories","embeddable":true,"href":"https:\/\/www.dzwchafingdish.com\/pt\/wp-json\/wp\/v2\/product-categories?post=2444"},{"taxonomy":"product-tag","embeddable":true,"href":"https:\/\/www.dzwchafingdish.com\/pt\/wp-json\/wp\/v2\/product-tag?post=2444"}],"curies":[{"name":"wp","href":"https:\/\/api.w.org\/{rel}","templated":true}]}}