{"id":2454,"date":"2024-01-29T06:55:13","date_gmt":"2024-01-29T06:55:13","guid":{"rendered":"https:\/\/www.dzwchafingdish.com\/?post_type=product&#038;p=2454"},"modified":"2024-06-12T07:55:30","modified_gmt":"2024-06-12T07:55:30","slug":"tiered-dessert-stand","status":"publish","type":"product","link":"https:\/\/www.dzwchafingdish.com\/pt\/product\/tiered-dessert-stand\/","title":{"rendered":"Suporte de sobremesa em camadas por atacado Morden para hotel de casamento"},"content":{"rendered":"<div class=\"wp-block-columns is-layout-flex wp-container-core-columns-is-layout-28f84493 wp-block-columns-is-layout-flex\">\n<div class=\"wp-block-column is-vertically-aligned-center is-layout-flow wp-block-column-is-layout-flow\">\n<h2 class=\"wp-block-heading\" style=\"font-size:18px\">Dimens\u00e3o do suporte para sobremesas em camadas<\/h2>\n\n\n\n<figure class=\"wp-block-table\"><table><tbody><tr><td>ITEM NO.<\/td><td>Comprimento<\/td><td>Largura<\/td><td>Altura<\/td><\/tr><tr><td>DZW-GM01<\/td><td>36 cm<\/td><td>26 cm<\/td><td>45 cm<\/td><\/tr><tr><td>DZW-SM02<\/td><td>36 cm<\/td><td>26 cm<\/td><td>45 cm<\/td><\/tr><\/tbody><\/table><\/figure>\n<\/div>\n\n\n\n<div class=\"wp-block-column is-layout-flow wp-block-column-is-layout-flow\">\n<div class=\"wp-block-columns is-layout-flex wp-container-core-columns-is-layout-28f84493 wp-block-columns-is-layout-flex\">\n<div class=\"wp-block-column is-layout-flow wp-block-column-is-layout-flow\">\n<figure class=\"wp-block-image size-full\"><img fetchpriority=\"high\" decoding=\"async\" width=\"800\" height=\"800\" src=\"https:\/\/www.dzwchafingdish.com\/wp-content\/uploads\/2024\/01\/tiered-dessert-stand-wholesale.webp\" alt=\"suporte para sobremesas em camadas por atacado\" class=\"wp-image-2459\" srcset=\"https:\/\/www.dzwchafingdish.com\/wp-content\/uploads\/2024\/01\/tiered-dessert-stand-wholesale.webp 800w, https:\/\/www.dzwchafingdish.com\/wp-content\/uploads\/2024\/01\/tiered-dessert-stand-wholesale-300x300.webp 300w, https:\/\/www.dzwchafingdish.com\/wp-content\/uploads\/2024\/01\/tiered-dessert-stand-wholesale-150x150.webp 150w, https:\/\/www.dzwchafingdish.com\/wp-content\/uploads\/2024\/01\/tiered-dessert-stand-wholesale-768x768.webp 768w\" sizes=\"(max-width: 800px) 100vw, 800px\" \/><\/figure>\n<\/div>\n\n\n\n<div class=\"wp-block-column is-layout-flow wp-block-column-is-layout-flow\">\n<figure class=\"wp-block-image size-full\"><img decoding=\"async\" width=\"800\" height=\"800\" src=\"https:\/\/www.dzwchafingdish.com\/wp-content\/uploads\/2024\/01\/tiered-dessert-stand-bulk.webp\" alt=\"suporte para sobremesas em camadas a granel\" class=\"wp-image-2458\" srcset=\"https:\/\/www.dzwchafingdish.com\/wp-content\/uploads\/2024\/01\/tiered-dessert-stand-bulk.webp 800w, https:\/\/www.dzwchafingdish.com\/wp-content\/uploads\/2024\/01\/tiered-dessert-stand-bulk-300x300.webp 300w, https:\/\/www.dzwchafingdish.com\/wp-content\/uploads\/2024\/01\/tiered-dessert-stand-bulk-150x150.webp 150w, https:\/\/www.dzwchafingdish.com\/wp-content\/uploads\/2024\/01\/tiered-dessert-stand-bulk-768x768.webp 768w\" sizes=\"(max-width: 800px) 100vw, 800px\" \/><\/figure>\n<\/div>\n<\/div>\n<\/div>\n<\/div>\n\n\n\n<div class=\"wp-block-columns is-layout-flex wp-container-core-columns-is-layout-28f84493 wp-block-columns-is-layout-flex\">\n<div class=\"wp-block-column is-layout-flow wp-block-column-is-layout-flow\">\n<figure class=\"wp-block-image size-full\"><img decoding=\"async\" width=\"800\" height=\"800\" src=\"https:\/\/www.dzwchafingdish.com\/wp-content\/uploads\/2024\/01\/custom-tiered-dessert-stand.webp\" alt=\"suporte para sobremesas em camadas personalizado\" class=\"wp-image-2457\" srcset=\"https:\/\/www.dzwchafingdish.com\/wp-content\/uploads\/2024\/01\/custom-tiered-dessert-stand.webp 800w, https:\/\/www.dzwchafingdish.com\/wp-content\/uploads\/2024\/01\/custom-tiered-dessert-stand-300x300.webp 300w, https:\/\/www.dzwchafingdish.com\/wp-content\/uploads\/2024\/01\/custom-tiered-dessert-stand-150x150.webp 150w, https:\/\/www.dzwchafingdish.com\/wp-content\/uploads\/2024\/01\/custom-tiered-dessert-stand-768x768.webp 768w\" sizes=\"(max-width: 800px) 100vw, 800px\" \/><\/figure>\n<\/div>\n\n\n\n<div class=\"wp-block-column is-vertically-aligned-center is-layout-flow wp-block-column-is-layout-flow\">\n<h2 class=\"wp-block-heading\" style=\"font-size:18px\"><strong>Suporte para sobremesas em camadas Carater\u00edsticas:<\/strong><\/h2>\n\n\n\n<p>Constru\u00e7\u00e3o em a\u00e7o inoxid\u00e1vel: Totalmente constru\u00eddo em a\u00e7o inoxid\u00e1vel dur\u00e1vel para uma manuten\u00e7\u00e3o f\u00e1cil.<\/p>\n\n\n\n<p>Design de dois andares em forma de torre: proporciona uma exposi\u00e7\u00e3o elegante e atractiva para as sobremesas.<\/p>\n\n\n\n<p>Pega superior redonda pr\u00e1tica: Existe uma pega redonda na parte superior do suporte, que \u00e9 conveniente para o transporte e coloca\u00e7\u00e3o, e melhora o car\u00e1cter pr\u00e1tico durante a utiliza\u00e7\u00e3o.<\/p>\n\n\n\n<p>Pratos amov\u00edveis: Cada prato foi concebido para poder ser facilmente deslocado para uma limpeza f\u00e1cil e uma disposi\u00e7\u00e3o flex\u00edvel para a apresenta\u00e7\u00e3o de v\u00e1rias sobremesas.<\/p>\n<\/div>\n<\/div>","protected":false},"excerpt":{"rendered":"<p>Suporte para sobremesas em camadas Dimens\u00e3o ITEM NO. Comprimento Largura Altura DZW-GM01 36 cm 26 cm 45 cm DZW-SM02 36 cm 26 cm 45 cm Suporte para sobremesas em camadas Carater\u00edsticas: Constru\u00e7\u00e3o em a\u00e7o inoxid\u00e1vel: Totalmente constru\u00eddo em a\u00e7o inoxid\u00e1vel dur\u00e1vel para f\u00e1cil manuten\u00e7\u00e3o. Design de dois andares em forma de torre: proporciona uma exposi\u00e7\u00e3o elegante e apelativa para as sobremesas. Pr\u00e1tica pega superior redonda: Existe [...]<\/p>","protected":false},"author":1,"featured_media":2459,"parent":0,"menu_order":0,"template":"","format":"standard","meta":{"_acf_changed":false,"site-sidebar-layout":"default","site-content-layout":"","ast-site-content-layout":"default","site-content-style":"default","site-sidebar-style":"default","ast-global-header-display":"","ast-banner-title-visibility":"","ast-main-header-display":"","ast-hfb-above-header-display":"","ast-hfb-below-header-display":"","ast-hfb-mobile-header-display":"","site-post-title":"","ast-breadcrumbs-content":"","ast-featured-img":"","footer-sml-layout":"","theme-transparent-header-meta":"","adv-header-id-meta":"","stick-header-meta":"","header-above-stick-meta":"","header-main-stick-meta":"","header-below-stick-meta":"","astra-migrate-meta-layouts":"default","ast-page-background-enabled":"default","ast-page-background-meta":{"desktop":{"background-color":"var(--ast-global-color-4)","background-image":"","background-repeat":"repeat","background-position":"center center","background-size":"auto","background-attachment":"scroll","background-type":"","background-media":"","overlay-type":"","overlay-color":"","overlay-opacity":"","overlay-gradient":""},"tablet":{"background-color":"","background-image":"","background-repeat":"repeat","background-position":"center center","background-size":"auto","background-attachment":"scroll","background-type":"","background-media":"","overlay-type":"","overlay-color":"","overlay-opacity":"","overlay-gradient":""},"mobile":{"background-color":"","background-image":"","background-repeat":"repeat","background-position":"center center","background-size":"auto","background-attachment":"scroll","background-type":"","background-media":"","overlay-type":"","overlay-color":"","overlay-opacity":"","overlay-gradient":""}},"ast-content-background-meta":{"desktop":{"background-color":"var(--ast-global-color-5)","background-image":"","background-repeat":"repeat","background-position":"center center","background-size":"auto","background-attachment":"scroll","background-type":"","background-media":"","overlay-type":"","overlay-color":"","overlay-opacity":"","overlay-gradient":""},"tablet":{"background-color":"var(--ast-global-color-5)","background-image":"","background-repeat":"repeat","background-position":"center center","background-size":"auto","background-attachment":"scroll","background-type":"","background-media":"","overlay-type":"","overlay-color":"","overlay-opacity":"","overlay-gradient":""},"mobile":{"background-color":"var(--ast-global-color-5)","background-image":"","background-repeat":"repeat","background-position":"center center","background-size":"auto","background-attachment":"scroll","background-type":"","background-media":"","overlay-type":"","overlay-color":"","overlay-opacity":"","overlay-gradient":""}},"footnotes":""},"product-categories":[65],"product-tag":[],"class_list":["post-2454","product","type-product","status-publish","format-standard","has-post-thumbnail","hentry","product-categories-dessert-stand"],"acf":{"title":"Suporte para sobremesas em camadas","title_source":{"label":"Title","type":"text","formatted_value":"Tiered Dessert Stand"},"short_description":"Wholesale tiered dessert stand with luxurious gold or silver finish, suitable for dessert display at weddings, birthdays, afternoon tea, etc. For more customized tiered dessert rack solutions, please contact our sales team\uff01","short_description_source":{"label":"Short description","type":"textarea","formatted_value":"Wholesale tiered dessert stand with luxurious gold or silver finish, suitable for dessert display at weddings, birthdays, afternoon tea, etc. For more customized tiered dessert rack solutions, please contact our sales team\uff01"},"parameters":"<table border=\"0\" width=\"423\" cellspacing=\"0\" cellpadding=\"0\">\r\n<tbody>\r\n<tr>\r\n<td width=\"166\" height=\"23\">Manufacturer<\/td>\r\n<td width=\"257\">DONGZHAOWEI<\/td>\r\n<\/tr>\r\n<tr>\r\n<td height=\"23\">Material<\/td>\r\n<td>Stainless Steel 201<\/td>\r\n<\/tr>\r\n<tr>\r\n<td height=\"23\">Tier<\/td>\r\n<td>2 Tier<\/td>\r\n<\/tr>\r\n<tr>\r\n<td height=\"24\">Color<\/td>\r\n<td>Golden\/Sliver<\/td>\r\n<\/tr>\r\n<tr>\r\n<td height=\"24\">Shape<\/td>\r\n<td>Tower Shape<\/td>\r\n<\/tr>\r\n<tr>\r\n<td height=\"24\">Custom<\/td>\r\n<td>Color\/Logo\/Package<\/td>\r\n<\/tr>\r\n<tr>\r\n<td height=\"24\">MOQ<\/td>\r\n<td>20 Sets<\/td>\r\n<\/tr>\r\n<\/tbody>\r\n<\/table>","parameters_source":{"label":"Parameters","type":"wysiwyg","formatted_value":"<table border=\"0\" width=\"423\" cellspacing=\"0\" cellpadding=\"0\">\n<tbody>\n<tr>\n<td width=\"166\" height=\"23\">Manufacturer<\/td>\n<td width=\"257\">DONGZHAOWEI<\/td>\n<\/tr>\n<tr>\n<td height=\"23\">Material<\/td>\n<td>Stainless Steel 201<\/td>\n<\/tr>\n<tr>\n<td height=\"23\">Tier<\/td>\n<td>2 Tier<\/td>\n<\/tr>\n<tr>\n<td height=\"24\">Color<\/td>\n<td>Golden\/Sliver<\/td>\n<\/tr>\n<tr>\n<td height=\"24\">Shape<\/td>\n<td>Tower Shape<\/td>\n<\/tr>\n<tr>\n<td height=\"24\">Custom<\/td>\n<td>Color\/Logo\/Package<\/td>\n<\/tr>\n<tr>\n<td height=\"24\">MOQ<\/td>\n<td>20 Sets<\/td>\n<\/tr>\n<\/tbody>\n<\/table>\n"},"photo_gallery":{"product_gallery":[[{"id":2459,"title":"tiered dessert stand wholesale","caption":"tiered dessert stand wholesale","full_image_url":"https:\/\/www.dzwchafingdish.com\/wp-content\/uploads\/2024\/01\/tiered-dessert-stand-wholesale.webp","thumbnail_image_url":"https:\/\/www.dzwchafingdish.com\/wp-content\/uploads\/2024\/01\/tiered-dessert-stand-wholesale-150x150.webp","large_srcset":"https:\/\/www.dzwchafingdish.com\/wp-content\/uploads\/2024\/01\/tiered-dessert-stand-wholesale.webp 800w, https:\/\/www.dzwchafingdish.com\/wp-content\/uploads\/2024\/01\/tiered-dessert-stand-wholesale-300x300.webp 300w, https:\/\/www.dzwchafingdish.com\/wp-content\/uploads\/2024\/01\/tiered-dessert-stand-wholesale-150x150.webp 150w, https:\/\/www.dzwchafingdish.com\/wp-content\/uploads\/2024\/01\/tiered-dessert-stand-wholesale-768x768.webp 768w","medium_srcset":"https:\/\/www.dzwchafingdish.com\/wp-content\/uploads\/2024\/01\/tiered-dessert-stand-wholesale-300x300.webp 300w, https:\/\/www.dzwchafingdish.com\/wp-content\/uploads\/2024\/01\/tiered-dessert-stand-wholesale-150x150.webp 150w, https:\/\/www.dzwchafingdish.com\/wp-content\/uploads\/2024\/01\/tiered-dessert-stand-wholesale-768x768.webp 768w, https:\/\/www.dzwchafingdish.com\/wp-content\/uploads\/2024\/01\/tiered-dessert-stand-wholesale.webp 800w","media_details":{"width":800,"height":800,"sizes":{"medium":{"file":"tiered-dessert-stand-wholesale-300x300.webp","width":300,"height":300,"mime-type":"image\/webp","filesize":8704,"source_url":"https:\/\/www.dzwchafingdish.com\/wp-content\/uploads\/2024\/01\/tiered-dessert-stand-wholesale-300x300.webp"},"thumbnail":{"file":"tiered-dessert-stand-wholesale-150x150.webp","width":150,"height":150,"mime-type":"image\/webp","filesize":3358,"source_url":"https:\/\/www.dzwchafingdish.com\/wp-content\/uploads\/2024\/01\/tiered-dessert-stand-wholesale-150x150.webp"},"medium_large":{"file":"tiered-dessert-stand-wholesale-768x768.webp","width":768,"height":768,"mime-type":"image\/webp","filesize":32472,"source_url":"https:\/\/www.dzwchafingdish.com\/wp-content\/uploads\/2024\/01\/tiered-dessert-stand-wholesale-768x768.webp"}}},"alt_text":"tiered dessert stand wholesale","url":"","target":""},{"id":2458,"title":"tiered dessert stand bulk","caption":"tiered dessert stand bulk","full_image_url":"https:\/\/www.dzwchafingdish.com\/wp-content\/uploads\/2024\/01\/tiered-dessert-stand-bulk.webp","thumbnail_image_url":"https:\/\/www.dzwchafingdish.com\/wp-content\/uploads\/2024\/01\/tiered-dessert-stand-bulk-150x150.webp","large_srcset":"https:\/\/www.dzwchafingdish.com\/wp-content\/uploads\/2024\/01\/tiered-dessert-stand-bulk.webp 800w, https:\/\/www.dzwchafingdish.com\/wp-content\/uploads\/2024\/01\/tiered-dessert-stand-bulk-300x300.webp 300w, https:\/\/www.dzwchafingdish.com\/wp-content\/uploads\/2024\/01\/tiered-dessert-stand-bulk-150x150.webp 150w, https:\/\/www.dzwchafingdish.com\/wp-content\/uploads\/2024\/01\/tiered-dessert-stand-bulk-768x768.webp 768w","medium_srcset":"https:\/\/www.dzwchafingdish.com\/wp-content\/uploads\/2024\/01\/tiered-dessert-stand-bulk-300x300.webp 300w, https:\/\/www.dzwchafingdish.com\/wp-content\/uploads\/2024\/01\/tiered-dessert-stand-bulk-150x150.webp 150w, https:\/\/www.dzwchafingdish.com\/wp-content\/uploads\/2024\/01\/tiered-dessert-stand-bulk-768x768.webp 768w, https:\/\/www.dzwchafingdish.com\/wp-content\/uploads\/2024\/01\/tiered-dessert-stand-bulk.webp 800w","media_details":{"width":800,"height":800,"sizes":{"medium":{"file":"tiered-dessert-stand-bulk-300x300.webp","width":300,"height":300,"mime-type":"image\/webp","filesize":6702,"source_url":"https:\/\/www.dzwchafingdish.com\/wp-content\/uploads\/2024\/01\/tiered-dessert-stand-bulk-300x300.webp"},"thumbnail":{"file":"tiered-dessert-stand-bulk-150x150.webp","width":150,"height":150,"mime-type":"image\/webp","filesize":2496,"source_url":"https:\/\/www.dzwchafingdish.com\/wp-content\/uploads\/2024\/01\/tiered-dessert-stand-bulk-150x150.webp"},"medium_large":{"file":"tiered-dessert-stand-bulk-768x768.webp","width":768,"height":768,"mime-type":"image\/webp","filesize":27484,"source_url":"https:\/\/www.dzwchafingdish.com\/wp-content\/uploads\/2024\/01\/tiered-dessert-stand-bulk-768x768.webp"}}},"alt_text":"tiered dessert stand bulk","url":"","target":""},{"id":2460,"title":"wholesale tiered dessert stand","caption":"wholesale tiered dessert stand","full_image_url":"https:\/\/www.dzwchafingdish.com\/wp-content\/uploads\/2024\/01\/wholesale-tiered-dessert-stand.webp","thumbnail_image_url":"https:\/\/www.dzwchafingdish.com\/wp-content\/uploads\/2024\/01\/wholesale-tiered-dessert-stand-150x150.webp","large_srcset":"https:\/\/www.dzwchafingdish.com\/wp-content\/uploads\/2024\/01\/wholesale-tiered-dessert-stand.webp 800w, https:\/\/www.dzwchafingdish.com\/wp-content\/uploads\/2024\/01\/wholesale-tiered-dessert-stand-300x300.webp 300w, https:\/\/www.dzwchafingdish.com\/wp-content\/uploads\/2024\/01\/wholesale-tiered-dessert-stand-150x150.webp 150w, https:\/\/www.dzwchafingdish.com\/wp-content\/uploads\/2024\/01\/wholesale-tiered-dessert-stand-768x768.webp 768w","medium_srcset":"https:\/\/www.dzwchafingdish.com\/wp-content\/uploads\/2024\/01\/wholesale-tiered-dessert-stand-300x300.webp 300w, https:\/\/www.dzwchafingdish.com\/wp-content\/uploads\/2024\/01\/wholesale-tiered-dessert-stand-150x150.webp 150w, https:\/\/www.dzwchafingdish.com\/wp-content\/uploads\/2024\/01\/wholesale-tiered-dessert-stand-768x768.webp 768w, https:\/\/www.dzwchafingdish.com\/wp-content\/uploads\/2024\/01\/wholesale-tiered-dessert-stand.webp 800w","media_details":{"width":800,"height":800,"sizes":{"medium":{"file":"wholesale-tiered-dessert-stand-300x300.webp","width":300,"height":300,"mime-type":"image\/webp","filesize":7990,"source_url":"https:\/\/www.dzwchafingdish.com\/wp-content\/uploads\/2024\/01\/wholesale-tiered-dessert-stand-300x300.webp"},"thumbnail":{"file":"wholesale-tiered-dessert-stand-150x150.webp","width":150,"height":150,"mime-type":"image\/webp","filesize":2970,"source_url":"https:\/\/www.dzwchafingdish.com\/wp-content\/uploads\/2024\/01\/wholesale-tiered-dessert-stand-150x150.webp"},"medium_large":{"file":"wholesale-tiered-dessert-stand-768x768.webp","width":768,"height":768,"mime-type":"image\/webp","filesize":33038,"source_url":"https:\/\/www.dzwchafingdish.com\/wp-content\/uploads\/2024\/01\/wholesale-tiered-dessert-stand-768x768.webp"}}},"alt_text":"wholesale tiered dessert stand","url":"","target":""},{"id":2457,"title":"custom tiered dessert stand","caption":"custom tiered dessert stand","full_image_url":"https:\/\/www.dzwchafingdish.com\/wp-content\/uploads\/2024\/01\/custom-tiered-dessert-stand.webp","thumbnail_image_url":"https:\/\/www.dzwchafingdish.com\/wp-content\/uploads\/2024\/01\/custom-tiered-dessert-stand-150x150.webp","large_srcset":"https:\/\/www.dzwchafingdish.com\/wp-content\/uploads\/2024\/01\/custom-tiered-dessert-stand.webp 800w, https:\/\/www.dzwchafingdish.com\/wp-content\/uploads\/2024\/01\/custom-tiered-dessert-stand-300x300.webp 300w, https:\/\/www.dzwchafingdish.com\/wp-content\/uploads\/2024\/01\/custom-tiered-dessert-stand-150x150.webp 150w, https:\/\/www.dzwchafingdish.com\/wp-content\/uploads\/2024\/01\/custom-tiered-dessert-stand-768x768.webp 768w","medium_srcset":"https:\/\/www.dzwchafingdish.com\/wp-content\/uploads\/2024\/01\/custom-tiered-dessert-stand-300x300.webp 300w, https:\/\/www.dzwchafingdish.com\/wp-content\/uploads\/2024\/01\/custom-tiered-dessert-stand-150x150.webp 150w, https:\/\/www.dzwchafingdish.com\/wp-content\/uploads\/2024\/01\/custom-tiered-dessert-stand-768x768.webp 768w, https:\/\/www.dzwchafingdish.com\/wp-content\/uploads\/2024\/01\/custom-tiered-dessert-stand.webp 800w","media_details":{"width":800,"height":800,"sizes":{"medium":{"file":"custom-tiered-dessert-stand-300x300.webp","width":300,"height":300,"mime-type":"image\/webp","filesize":8684,"source_url":"https:\/\/www.dzwchafingdish.com\/wp-content\/uploads\/2024\/01\/custom-tiered-dessert-stand-300x300.webp"},"thumbnail":{"file":"custom-tiered-dessert-stand-150x150.webp","width":150,"height":150,"mime-type":"image\/webp","filesize":3432,"source_url":"https:\/\/www.dzwchafingdish.com\/wp-content\/uploads\/2024\/01\/custom-tiered-dessert-stand-150x150.webp"},"medium_large":{"file":"custom-tiered-dessert-stand-768x768.webp","width":768,"height":768,"mime-type":"image\/webp","filesize":32578,"source_url":"https:\/\/www.dzwchafingdish.com\/wp-content\/uploads\/2024\/01\/custom-tiered-dessert-stand-768x768.webp"}}},"alt_text":"custom tiered dessert stand","url":"","target":""},{"id":2455,"title":"bulk tiered dessert stand","caption":"bulk tiered dessert stand","full_image_url":"https:\/\/www.dzwchafingdish.com\/wp-content\/uploads\/2024\/01\/bulk-tiered-dessert-stand.webp","thumbnail_image_url":"https:\/\/www.dzwchafingdish.com\/wp-content\/uploads\/2024\/01\/bulk-tiered-dessert-stand-150x150.webp","large_srcset":"https:\/\/www.dzwchafingdish.com\/wp-content\/uploads\/2024\/01\/bulk-tiered-dessert-stand.webp 800w, https:\/\/www.dzwchafingdish.com\/wp-content\/uploads\/2024\/01\/bulk-tiered-dessert-stand-300x300.webp 300w, https:\/\/www.dzwchafingdish.com\/wp-content\/uploads\/2024\/01\/bulk-tiered-dessert-stand-150x150.webp 150w, https:\/\/www.dzwchafingdish.com\/wp-content\/uploads\/2024\/01\/bulk-tiered-dessert-stand-768x768.webp 768w","medium_srcset":"https:\/\/www.dzwchafingdish.com\/wp-content\/uploads\/2024\/01\/bulk-tiered-dessert-stand-300x300.webp 300w, https:\/\/www.dzwchafingdish.com\/wp-content\/uploads\/2024\/01\/bulk-tiered-dessert-stand-150x150.webp 150w, https:\/\/www.dzwchafingdish.com\/wp-content\/uploads\/2024\/01\/bulk-tiered-dessert-stand-768x768.webp 768w, https:\/\/www.dzwchafingdish.com\/wp-content\/uploads\/2024\/01\/bulk-tiered-dessert-stand.webp 800w","media_details":{"width":800,"height":800,"sizes":{"medium":{"file":"bulk-tiered-dessert-stand-300x300.webp","width":300,"height":300,"mime-type":"image\/webp","filesize":6026,"source_url":"https:\/\/www.dzwchafingdish.com\/wp-content\/uploads\/2024\/01\/bulk-tiered-dessert-stand-300x300.webp"},"thumbnail":{"file":"bulk-tiered-dessert-stand-150x150.webp","width":150,"height":150,"mime-type":"image\/webp","filesize":2052,"source_url":"https:\/\/www.dzwchafingdish.com\/wp-content\/uploads\/2024\/01\/bulk-tiered-dessert-stand-150x150.webp"},"medium_large":{"file":"bulk-tiered-dessert-stand-768x768.webp","width":768,"height":768,"mime-type":"image\/webp","filesize":26394,"source_url":"https:\/\/www.dzwchafingdish.com\/wp-content\/uploads\/2024\/01\/bulk-tiered-dessert-stand-768x768.webp"}}},"alt_text":"bulk tiered dessert stand","url":"","target":""},{"id":2456,"title":"custom tiered dessert stand sliver","caption":"custom tiered dessert stand sliver","full_image_url":"https:\/\/www.dzwchafingdish.com\/wp-content\/uploads\/2024\/01\/custom-tiered-dessert-stand-sliver.webp","thumbnail_image_url":"https:\/\/www.dzwchafingdish.com\/wp-content\/uploads\/2024\/01\/custom-tiered-dessert-stand-sliver-150x150.webp","large_srcset":"https:\/\/www.dzwchafingdish.com\/wp-content\/uploads\/2024\/01\/custom-tiered-dessert-stand-sliver.webp 800w, https:\/\/www.dzwchafingdish.com\/wp-content\/uploads\/2024\/01\/custom-tiered-dessert-stand-sliver-300x300.webp 300w, https:\/\/www.dzwchafingdish.com\/wp-content\/uploads\/2024\/01\/custom-tiered-dessert-stand-sliver-150x150.webp 150w, https:\/\/www.dzwchafingdish.com\/wp-content\/uploads\/2024\/01\/custom-tiered-dessert-stand-sliver-768x768.webp 768w","medium_srcset":"https:\/\/www.dzwchafingdish.com\/wp-content\/uploads\/2024\/01\/custom-tiered-dessert-stand-sliver-300x300.webp 300w, https:\/\/www.dzwchafingdish.com\/wp-content\/uploads\/2024\/01\/custom-tiered-dessert-stand-sliver-150x150.webp 150w, https:\/\/www.dzwchafingdish.com\/wp-content\/uploads\/2024\/01\/custom-tiered-dessert-stand-sliver-768x768.webp 768w, https:\/\/www.dzwchafingdish.com\/wp-content\/uploads\/2024\/01\/custom-tiered-dessert-stand-sliver.webp 800w","media_details":{"width":800,"height":800,"sizes":{"medium":{"file":"custom-tiered-dessert-stand-sliver-300x300.webp","width":300,"height":300,"mime-type":"image\/webp","filesize":6456,"source_url":"https:\/\/www.dzwchafingdish.com\/wp-content\/uploads\/2024\/01\/custom-tiered-dessert-stand-sliver-300x300.webp"},"thumbnail":{"file":"custom-tiered-dessert-stand-sliver-150x150.webp","width":150,"height":150,"mime-type":"image\/webp","filesize":2326,"source_url":"https:\/\/www.dzwchafingdish.com\/wp-content\/uploads\/2024\/01\/custom-tiered-dessert-stand-sliver-150x150.webp"},"medium_large":{"file":"custom-tiered-dessert-stand-sliver-768x768.webp","width":768,"height":768,"mime-type":"image\/webp","filesize":27082,"source_url":"https:\/\/www.dzwchafingdish.com\/wp-content\/uploads\/2024\/01\/custom-tiered-dessert-stand-sliver-768x768.webp"}}},"alt_text":"custom tiered dessert stand sliver","url":"","target":""}]]}},"_links":{"self":[{"href":"https:\/\/www.dzwchafingdish.com\/pt\/wp-json\/wp\/v2\/product\/2454","targetHints":{"allow":["GET"]}}],"collection":[{"href":"https:\/\/www.dzwchafingdish.com\/pt\/wp-json\/wp\/v2\/product"}],"about":[{"href":"https:\/\/www.dzwchafingdish.com\/pt\/wp-json\/wp\/v2\/types\/product"}],"author":[{"embeddable":true,"href":"https:\/\/www.dzwchafingdish.com\/pt\/wp-json\/wp\/v2\/users\/1"}],"version-history":[{"count":0,"href":"https:\/\/www.dzwchafingdish.com\/pt\/wp-json\/wp\/v2\/product\/2454\/revisions"}],"wp:featuredmedia":[{"embeddable":true,"href":"https:\/\/www.dzwchafingdish.com\/pt\/wp-json\/wp\/v2\/media\/2459"}],"wp:attachment":[{"href":"https:\/\/www.dzwchafingdish.com\/pt\/wp-json\/wp\/v2\/media?parent=2454"}],"wp:term":[{"taxonomy":"product-categories","embeddable":true,"href":"https:\/\/www.dzwchafingdish.com\/pt\/wp-json\/wp\/v2\/product-categories?post=2454"},{"taxonomy":"product-tag","embeddable":true,"href":"https:\/\/www.dzwchafingdish.com\/pt\/wp-json\/wp\/v2\/product-tag?post=2454"}],"curies":[{"name":"wp","href":"https:\/\/api.w.org\/{rel}","templated":true}]}}