{"id":2503,"date":"2024-01-30T09:18:08","date_gmt":"2024-01-30T09:18:08","guid":{"rendered":"https:\/\/www.dzwchafingdish.com\/?post_type=product&#038;p=2503"},"modified":"2024-06-15T05:02:24","modified_gmt":"2024-06-15T05:02:24","slug":"round-chafer-with-hanging-lid","status":"publish","type":"product","link":"https:\/\/www.dzwchafingdish.com\/pt\/product\/round-chafer-with-hanging-lid\/","title":{"rendered":"Chafer redondo por atacado 2.5L-8L com tampa de vidro suspensa"},"content":{"rendered":"<div class=\"wp-block-columns is-layout-flex wp-container-core-columns-is-layout-28f84493 wp-block-columns-is-layout-flex\">\n<div class=\"wp-block-column is-layout-flow wp-block-column-is-layout-flow\">\n<h2 class=\"wp-block-heading\" style=\"font-size:18px\"><strong>Dimens\u00e3o do chafer redondo<\/strong><\/h2>\n\n\n\n<figure class=\"wp-block-table\"><table><tbody><tr><td>ITEM NO.<\/td><td>TAMANHO<\/td><td>COMPRIMENTO<\/td><td>LARGO<\/td><td>ALTURA<\/td><td>N.W \/SET<\/td><\/tr><tr><td>DZW-A2025<\/td><td>2.5 L<\/td><td>32,5 cm<\/td><td>26 cm<\/td><td>45 cm<\/td><td>1750 g<\/td><\/tr><tr><td>DZW-A2035<\/td><td>3.5 L<\/td><td>35 cm<\/td><td>28 cm<\/td><td>47 cm<\/td><td>2000 g<\/td><\/tr><tr><td>DZW-A2040<\/td><td>4.0 L<\/td><td>38 cm<\/td><td>30 cm<\/td><td>49 cm<\/td><td>2200 g<\/td><\/tr><tr><td>DZW-A2045<\/td><td>4.5 L<\/td><td>39 cm<\/td><td>32 cm<\/td><td>52 cm<\/td><td>2750 g<\/td><\/tr><tr><td>DZW-A2050<\/td><td>5.0 L<\/td><td>42 cm<\/td><td>34 cm<\/td><td>56 cm<\/td><td>3000 g<\/td><\/tr><tr><td>DZW-A2060<\/td><td>6.0 L<\/td><td>44 cm<\/td><td>36 cm<\/td><td>62 cm<\/td><td>3250 g<\/td><\/tr><tr><td>DZW-A2080<\/td><td>8.0L<\/td><td>46 cm<\/td><td>38 cm<\/td><td>62 cm<\/td><td>3850 g<\/td><\/tr><\/tbody><\/table><\/figure>\n<\/div>\n\n\n\n<div class=\"wp-block-column is-layout-flow wp-block-column-is-layout-flow\" style=\"flex-basis:40%\">\n<figure class=\"wp-block-image aligncenter size-full is-resized\"><img fetchpriority=\"high\" decoding=\"async\" width=\"800\" height=\"800\" src=\"https:\/\/www.dzwchafingdish.com\/wp-content\/uploads\/2024\/01\/Hook-chafing-dish-wholesale.webp\" alt=\"Prato para assar com gancho por atacado\" class=\"wp-image-2510\" style=\"width:466px;height:auto\" srcset=\"https:\/\/www.dzwchafingdish.com\/wp-content\/uploads\/2024\/01\/Hook-chafing-dish-wholesale.webp 800w, https:\/\/www.dzwchafingdish.com\/wp-content\/uploads\/2024\/01\/Hook-chafing-dish-wholesale-300x300.webp 300w, https:\/\/www.dzwchafingdish.com\/wp-content\/uploads\/2024\/01\/Hook-chafing-dish-wholesale-150x150.webp 150w, https:\/\/www.dzwchafingdish.com\/wp-content\/uploads\/2024\/01\/Hook-chafing-dish-wholesale-768x768.webp 768w\" sizes=\"(max-width: 800px) 100vw, 800px\" \/><\/figure>\n<\/div>\n<\/div>\n\n\n\n<div class=\"wp-block-columns is-layout-flex wp-container-core-columns-is-layout-28f84493 wp-block-columns-is-layout-flex\">\n<div class=\"wp-block-column is-layout-flow wp-block-column-is-layout-flow\">\n<figure class=\"wp-block-image size-full\"><img decoding=\"async\" width=\"800\" height=\"800\" src=\"https:\/\/www.dzwchafingdish.com\/wp-content\/uploads\/2024\/01\/custom-Hook-chafing-dish.webp\" alt=\"prato para assar com gancho personalizado\" class=\"wp-image-2509\" srcset=\"https:\/\/www.dzwchafingdish.com\/wp-content\/uploads\/2024\/01\/custom-Hook-chafing-dish.webp 800w, https:\/\/www.dzwchafingdish.com\/wp-content\/uploads\/2024\/01\/custom-Hook-chafing-dish-300x300.webp 300w, https:\/\/www.dzwchafingdish.com\/wp-content\/uploads\/2024\/01\/custom-Hook-chafing-dish-150x150.webp 150w, https:\/\/www.dzwchafingdish.com\/wp-content\/uploads\/2024\/01\/custom-Hook-chafing-dish-768x768.webp 768w\" sizes=\"(max-width: 800px) 100vw, 800px\" \/><\/figure>\n<\/div>\n\n\n\n<div class=\"wp-block-column is-vertically-aligned-center is-layout-flow wp-block-column-is-layout-flow\">\n<h2 class=\"wp-block-heading\" style=\"font-size:18px\"><strong>Prato de Chafing Premium Carater\u00edsticas:<\/strong><\/h2>\n\n\n\n<p>Constru\u00e7\u00e3o em a\u00e7o inoxid\u00e1vel: Fabricados em a\u00e7o inoxid\u00e1vel de alta qualidade, os nossos medalh\u00f5es oferecem durabilidade e um aspeto suave e polido.<\/p>\n\n\n\n<p>Suporte de combust\u00edvel: Proporciona um aquecimento eficiente e uniforme, \u00e9 leve de utilizar e mant\u00e9m-se quente<\/p>\n\n\n\n<p>Tampa suspensa em vidro: O vidro transparente permite uma vis\u00e3o clara dos alimentos no interior. Equipado com um suporte de gancho para pendurar a tampa, tornando-o mais c\u00f3modo e f\u00e1cil de utilizar.<\/p>\n\n\n\n<p>As v\u00e1rias op\u00e7\u00f5es de tamanho, de 2,5 L a 8 L, proporcionam uma variedade de tamanhos para se adaptarem a v\u00e1rios tipos de cozedura de alimentos.<\/p>\n<\/div>\n<\/div>","protected":false},"excerpt":{"rendered":"<p>Chafer redondo Dimens\u00e3o ITEM NO. TAMANHO COMPRIMENTO LARGURA ALTURA N.W \/ CONJUNTO DZW-A2025 2,5 L 32,5 cm 26 cm 45 cm 1750 g DZW-A2035 3,5 L 35 cm 28 cm 47 cm 2000 g DZW-A2040 4,0 L 38 cm 30 cm 49 cm 2200 g DZW-A2045 4,5 L 39 cm 32 cm 52 cm 2750 g [...]<\/p>","protected":false},"author":1,"featured_media":2510,"parent":0,"menu_order":0,"template":"","format":"standard","meta":{"_acf_changed":false,"site-sidebar-layout":"default","site-content-layout":"","ast-site-content-layout":"default","site-content-style":"default","site-sidebar-style":"default","ast-global-header-display":"","ast-banner-title-visibility":"","ast-main-header-display":"","ast-hfb-above-header-display":"","ast-hfb-below-header-display":"","ast-hfb-mobile-header-display":"","site-post-title":"","ast-breadcrumbs-content":"","ast-featured-img":"","footer-sml-layout":"","theme-transparent-header-meta":"","adv-header-id-meta":"","stick-header-meta":"","header-above-stick-meta":"","header-main-stick-meta":"","header-below-stick-meta":"","astra-migrate-meta-layouts":"default","ast-page-background-enabled":"default","ast-page-background-meta":{"desktop":{"background-color":"var(--ast-global-color-4)","background-image":"","background-repeat":"repeat","background-position":"center center","background-size":"auto","background-attachment":"scroll","background-type":"","background-media":"","overlay-type":"","overlay-color":"","overlay-opacity":"","overlay-gradient":""},"tablet":{"background-color":"","background-image":"","background-repeat":"repeat","background-position":"center center","background-size":"auto","background-attachment":"scroll","background-type":"","background-media":"","overlay-type":"","overlay-color":"","overlay-opacity":"","overlay-gradient":""},"mobile":{"background-color":"","background-image":"","background-repeat":"repeat","background-position":"center center","background-size":"auto","background-attachment":"scroll","background-type":"","background-media":"","overlay-type":"","overlay-color":"","overlay-opacity":"","overlay-gradient":""}},"ast-content-background-meta":{"desktop":{"background-color":"var(--ast-global-color-5)","background-image":"","background-repeat":"repeat","background-position":"center center","background-size":"auto","background-attachment":"scroll","background-type":"","background-media":"","overlay-type":"","overlay-color":"","overlay-opacity":"","overlay-gradient":""},"tablet":{"background-color":"var(--ast-global-color-5)","background-image":"","background-repeat":"repeat","background-position":"center center","background-size":"auto","background-attachment":"scroll","background-type":"","background-media":"","overlay-type":"","overlay-color":"","overlay-opacity":"","overlay-gradient":""},"mobile":{"background-color":"var(--ast-global-color-5)","background-image":"","background-repeat":"repeat","background-position":"center center","background-size":"auto","background-attachment":"scroll","background-type":"","background-media":"","overlay-type":"","overlay-color":"","overlay-opacity":"","overlay-gradient":""}},"footnotes":""},"product-categories":[63],"product-tag":[95,97,90,91],"class_list":["post-2503","product","type-product","status-publish","format-standard","has-post-thumbnail","hentry","product-categories-chafing-dish","product-tag-chafing-dish-with-glass-lid","product-tag-chafing-dish-with-hanging-lid","product-tag-fuel-chafing-dish","product-tag-round-chafing-dish"],"acf":{"title":"Chafer redondo por atacado 2.5L-8L com tampa de vidro suspensa","title_source":{"label":"Title","type":"text","formatted_value":"Wholesale Round Chafer 2.5L-8L with Hanging Glass Lid"},"short_description":"The round chafer design features a stainless steel fuel holder and a glass hanging lid for added convenience. Designed to meet the needs of a variety of settings, making it suitable for restaurant, parties and hotel buffet and catered services.","short_description_source":{"label":"Short description","type":"textarea","formatted_value":"The round chafer design features a stainless steel fuel holder and a glass hanging lid for added convenience. Designed to meet the needs of a variety of settings, making it suitable for restaurant, parties and hotel buffet and catered services."},"parameters":"<table border=\"0\" width=\"423\" cellspacing=\"0\" cellpadding=\"0\">\r\n<tbody>\r\n<tr>\r\n<td width=\"166\" height=\"23\">Manufacturer<\/td>\r\n<td width=\"257\">DONGZHAOWEI<\/td>\r\n<\/tr>\r\n<tr>\r\n<td height=\"23\">Material<\/td>\r\n<td>Stainless Steel 201<\/td>\r\n<\/tr>\r\n<tr>\r\n<td height=\"23\">Capacity<\/td>\r\n<td>2.5 L; 3.5 L; 4.0 L; 4.5 L; 5.0 L; 6.0 L; 8.0 L<\/td>\r\n<\/tr>\r\n<tr>\r\n<td height=\"24\">Color<\/td>\r\n<td>Silver<\/td>\r\n<\/tr>\r\n<tr>\r\n<td height=\"24\">Design<\/td>\r\n<td>Round Shape<\/td>\r\n<\/tr>\r\n<tr>\r\n<td height=\"24\">Lid Type<\/td>\r\n<td>Hanging Lid<\/td>\r\n<\/tr>\r\n<tr>\r\n<td height=\"24\">Heat<\/td>\r\n<td>Fuel<\/td>\r\n<\/tr>\r\n<tr>\r\n<td height=\"24\">Custom<\/td>\r\n<td>Color\/Logo\/Package<\/td>\r\n<\/tr>\r\n<tr>\r\n<td height=\"23\">MOQ<\/td>\r\n<td>200 Sets<\/td>\r\n<\/tr>\r\n<\/tbody>\r\n<\/table>","parameters_source":{"label":"Parameters","type":"wysiwyg","formatted_value":"<table border=\"0\" width=\"423\" cellspacing=\"0\" cellpadding=\"0\">\n<tbody>\n<tr>\n<td width=\"166\" height=\"23\">Manufacturer<\/td>\n<td width=\"257\">DONGZHAOWEI<\/td>\n<\/tr>\n<tr>\n<td height=\"23\">Material<\/td>\n<td>Stainless Steel 201<\/td>\n<\/tr>\n<tr>\n<td height=\"23\">Capacity<\/td>\n<td>2.5 L; 3.5 L; 4.0 L; 4.5 L; 5.0 L; 6.0 L; 8.0 L<\/td>\n<\/tr>\n<tr>\n<td height=\"24\">Color<\/td>\n<td>Silver<\/td>\n<\/tr>\n<tr>\n<td height=\"24\">Design<\/td>\n<td>Round Shape<\/td>\n<\/tr>\n<tr>\n<td height=\"24\">Lid Type<\/td>\n<td>Hanging Lid<\/td>\n<\/tr>\n<tr>\n<td height=\"24\">Heat<\/td>\n<td>Fuel<\/td>\n<\/tr>\n<tr>\n<td height=\"24\">Custom<\/td>\n<td>Color\/Logo\/Package<\/td>\n<\/tr>\n<tr>\n<td height=\"23\">MOQ<\/td>\n<td>200 Sets<\/td>\n<\/tr>\n<\/tbody>\n<\/table>\n"},"photo_gallery":{"product_gallery":[[{"id":2510,"title":"Hook chafing dish wholesale","caption":"round chafer wholesale","full_image_url":"https:\/\/www.dzwchafingdish.com\/wp-content\/uploads\/2024\/01\/Hook-chafing-dish-wholesale.webp","thumbnail_image_url":"https:\/\/www.dzwchafingdish.com\/wp-content\/uploads\/2024\/01\/Hook-chafing-dish-wholesale-150x150.webp","large_srcset":"https:\/\/www.dzwchafingdish.com\/wp-content\/uploads\/2024\/01\/Hook-chafing-dish-wholesale.webp 800w, https:\/\/www.dzwchafingdish.com\/wp-content\/uploads\/2024\/01\/Hook-chafing-dish-wholesale-300x300.webp 300w, https:\/\/www.dzwchafingdish.com\/wp-content\/uploads\/2024\/01\/Hook-chafing-dish-wholesale-150x150.webp 150w, https:\/\/www.dzwchafingdish.com\/wp-content\/uploads\/2024\/01\/Hook-chafing-dish-wholesale-768x768.webp 768w","medium_srcset":"https:\/\/www.dzwchafingdish.com\/wp-content\/uploads\/2024\/01\/Hook-chafing-dish-wholesale-300x300.webp 300w, https:\/\/www.dzwchafingdish.com\/wp-content\/uploads\/2024\/01\/Hook-chafing-dish-wholesale-150x150.webp 150w, https:\/\/www.dzwchafingdish.com\/wp-content\/uploads\/2024\/01\/Hook-chafing-dish-wholesale-768x768.webp 768w, https:\/\/www.dzwchafingdish.com\/wp-content\/uploads\/2024\/01\/Hook-chafing-dish-wholesale.webp 800w","media_details":{"width":800,"height":800,"sizes":{"medium":{"file":"Hook-chafing-dish-wholesale-300x300.webp","width":300,"height":300,"mime-type":"image\/webp","filesize":4894,"source_url":"https:\/\/www.dzwchafingdish.com\/wp-content\/uploads\/2024\/01\/Hook-chafing-dish-wholesale-300x300.webp"},"thumbnail":{"file":"Hook-chafing-dish-wholesale-150x150.webp","width":150,"height":150,"mime-type":"image\/webp","filesize":1966,"source_url":"https:\/\/www.dzwchafingdish.com\/wp-content\/uploads\/2024\/01\/Hook-chafing-dish-wholesale-150x150.webp"},"medium_large":{"file":"Hook-chafing-dish-wholesale-768x768.webp","width":768,"height":768,"mime-type":"image\/webp","filesize":17362,"source_url":"https:\/\/www.dzwchafingdish.com\/wp-content\/uploads\/2024\/01\/Hook-chafing-dish-wholesale-768x768.webp"}}},"alt_text":"round chafer wholesale","url":"","target":""},{"id":2511,"title":"wholesale Hook chafing dish","caption":"wholesale Hook chafing dish","full_image_url":"https:\/\/www.dzwchafingdish.com\/wp-content\/uploads\/2024\/01\/wholesale-Hook-chafing-dish.webp","thumbnail_image_url":"https:\/\/www.dzwchafingdish.com\/wp-content\/uploads\/2024\/01\/wholesale-Hook-chafing-dish-150x150.webp","large_srcset":"https:\/\/www.dzwchafingdish.com\/wp-content\/uploads\/2024\/01\/wholesale-Hook-chafing-dish.webp 6614w, https:\/\/www.dzwchafingdish.com\/wp-content\/uploads\/2024\/01\/wholesale-Hook-chafing-dish-300x300.webp 300w, https:\/\/www.dzwchafingdish.com\/wp-content\/uploads\/2024\/01\/wholesale-Hook-chafing-dish-150x150.webp 150w, https:\/\/www.dzwchafingdish.com\/wp-content\/uploads\/2024\/01\/wholesale-Hook-chafing-dish-768x768.webp 768w","medium_srcset":"https:\/\/www.dzwchafingdish.com\/wp-content\/uploads\/2024\/01\/wholesale-Hook-chafing-dish-300x300.webp 300w, https:\/\/www.dzwchafingdish.com\/wp-content\/uploads\/2024\/01\/wholesale-Hook-chafing-dish-150x150.webp 150w, https:\/\/www.dzwchafingdish.com\/wp-content\/uploads\/2024\/01\/wholesale-Hook-chafing-dish-768x768.webp 768w","media_details":{"width":6614,"height":6614,"sizes":{"medium":{"file":"wholesale-Hook-chafing-dish-300x300.webp","width":300,"height":300,"mime-type":"image\/webp","filesize":3912,"source_url":"https:\/\/www.dzwchafingdish.com\/wp-content\/uploads\/2024\/01\/wholesale-Hook-chafing-dish-300x300.webp"},"thumbnail":{"file":"wholesale-Hook-chafing-dish-150x150.webp","width":150,"height":150,"mime-type":"image\/webp","filesize":1524,"source_url":"https:\/\/www.dzwchafingdish.com\/wp-content\/uploads\/2024\/01\/wholesale-Hook-chafing-dish-150x150.webp"},"medium_large":{"file":"wholesale-Hook-chafing-dish-768x768.webp","width":768,"height":768,"mime-type":"image\/webp","filesize":15594,"source_url":"https:\/\/www.dzwchafingdish.com\/wp-content\/uploads\/2024\/01\/wholesale-Hook-chafing-dish-768x768.webp"}}},"alt_text":"wholesale Hook chafing dish","url":"","target":""},{"id":2509,"title":"custom Hook chafing dish","caption":"custom Hook chafing dish","full_image_url":"https:\/\/www.dzwchafingdish.com\/wp-content\/uploads\/2024\/01\/custom-Hook-chafing-dish.webp","thumbnail_image_url":"https:\/\/www.dzwchafingdish.com\/wp-content\/uploads\/2024\/01\/custom-Hook-chafing-dish-150x150.webp","large_srcset":"https:\/\/www.dzwchafingdish.com\/wp-content\/uploads\/2024\/01\/custom-Hook-chafing-dish.webp 800w, https:\/\/www.dzwchafingdish.com\/wp-content\/uploads\/2024\/01\/custom-Hook-chafing-dish-300x300.webp 300w, https:\/\/www.dzwchafingdish.com\/wp-content\/uploads\/2024\/01\/custom-Hook-chafing-dish-150x150.webp 150w, https:\/\/www.dzwchafingdish.com\/wp-content\/uploads\/2024\/01\/custom-Hook-chafing-dish-768x768.webp 768w","medium_srcset":"https:\/\/www.dzwchafingdish.com\/wp-content\/uploads\/2024\/01\/custom-Hook-chafing-dish-300x300.webp 300w, https:\/\/www.dzwchafingdish.com\/wp-content\/uploads\/2024\/01\/custom-Hook-chafing-dish-150x150.webp 150w, https:\/\/www.dzwchafingdish.com\/wp-content\/uploads\/2024\/01\/custom-Hook-chafing-dish-768x768.webp 768w, https:\/\/www.dzwchafingdish.com\/wp-content\/uploads\/2024\/01\/custom-Hook-chafing-dish.webp 800w","media_details":{"width":800,"height":800,"sizes":{"medium":{"file":"custom-Hook-chafing-dish-300x300.webp","width":300,"height":300,"mime-type":"image\/webp","filesize":4410,"source_url":"https:\/\/www.dzwchafingdish.com\/wp-content\/uploads\/2024\/01\/custom-Hook-chafing-dish-300x300.webp"},"thumbnail":{"file":"custom-Hook-chafing-dish-150x150.webp","width":150,"height":150,"mime-type":"image\/webp","filesize":1760,"source_url":"https:\/\/www.dzwchafingdish.com\/wp-content\/uploads\/2024\/01\/custom-Hook-chafing-dish-150x150.webp"},"medium_large":{"file":"custom-Hook-chafing-dish-768x768.webp","width":768,"height":768,"mime-type":"image\/webp","filesize":14188,"source_url":"https:\/\/www.dzwchafingdish.com\/wp-content\/uploads\/2024\/01\/custom-Hook-chafing-dish-768x768.webp"}}},"alt_text":"custom Hook chafing dish","url":"","target":""},{"id":2508,"title":"chafing dish stand","caption":"chafing dish stand","full_image_url":"https:\/\/www.dzwchafingdish.com\/wp-content\/uploads\/2024\/01\/chafing-dish-stand.webp","thumbnail_image_url":"https:\/\/www.dzwchafingdish.com\/wp-content\/uploads\/2024\/01\/chafing-dish-stand-150x150.webp","large_srcset":"https:\/\/www.dzwchafingdish.com\/wp-content\/uploads\/2024\/01\/chafing-dish-stand.webp 800w, https:\/\/www.dzwchafingdish.com\/wp-content\/uploads\/2024\/01\/chafing-dish-stand-300x300.webp 300w, https:\/\/www.dzwchafingdish.com\/wp-content\/uploads\/2024\/01\/chafing-dish-stand-150x150.webp 150w, https:\/\/www.dzwchafingdish.com\/wp-content\/uploads\/2024\/01\/chafing-dish-stand-768x768.webp 768w","medium_srcset":"https:\/\/www.dzwchafingdish.com\/wp-content\/uploads\/2024\/01\/chafing-dish-stand-300x300.webp 300w, https:\/\/www.dzwchafingdish.com\/wp-content\/uploads\/2024\/01\/chafing-dish-stand-150x150.webp 150w, https:\/\/www.dzwchafingdish.com\/wp-content\/uploads\/2024\/01\/chafing-dish-stand-768x768.webp 768w, https:\/\/www.dzwchafingdish.com\/wp-content\/uploads\/2024\/01\/chafing-dish-stand.webp 800w","media_details":{"width":800,"height":800,"sizes":{"medium":{"file":"chafing-dish-stand-300x300.webp","width":300,"height":300,"mime-type":"image\/webp","filesize":3236,"source_url":"https:\/\/www.dzwchafingdish.com\/wp-content\/uploads\/2024\/01\/chafing-dish-stand-300x300.webp"},"thumbnail":{"file":"chafing-dish-stand-150x150.webp","width":150,"height":150,"mime-type":"image\/webp","filesize":1362,"source_url":"https:\/\/www.dzwchafingdish.com\/wp-content\/uploads\/2024\/01\/chafing-dish-stand-150x150.webp"},"medium_large":{"file":"chafing-dish-stand-768x768.webp","width":768,"height":768,"mime-type":"image\/webp","filesize":8458,"source_url":"https:\/\/www.dzwchafingdish.com\/wp-content\/uploads\/2024\/01\/chafing-dish-stand-768x768.webp"}}},"alt_text":"chafing dish stand","url":"","target":""},{"id":2507,"title":"chafing dish hook lid","caption":"chafing dish hook lid","full_image_url":"https:\/\/www.dzwchafingdish.com\/wp-content\/uploads\/2024\/01\/chafing-dish-hook-lid.webp","thumbnail_image_url":"https:\/\/www.dzwchafingdish.com\/wp-content\/uploads\/2024\/01\/chafing-dish-hook-lid-150x150.webp","large_srcset":"https:\/\/www.dzwchafingdish.com\/wp-content\/uploads\/2024\/01\/chafing-dish-hook-lid.webp 800w, https:\/\/www.dzwchafingdish.com\/wp-content\/uploads\/2024\/01\/chafing-dish-hook-lid-300x300.webp 300w, https:\/\/www.dzwchafingdish.com\/wp-content\/uploads\/2024\/01\/chafing-dish-hook-lid-150x150.webp 150w, https:\/\/www.dzwchafingdish.com\/wp-content\/uploads\/2024\/01\/chafing-dish-hook-lid-768x768.webp 768w","medium_srcset":"https:\/\/www.dzwchafingdish.com\/wp-content\/uploads\/2024\/01\/chafing-dish-hook-lid-300x300.webp 300w, https:\/\/www.dzwchafingdish.com\/wp-content\/uploads\/2024\/01\/chafing-dish-hook-lid-150x150.webp 150w, https:\/\/www.dzwchafingdish.com\/wp-content\/uploads\/2024\/01\/chafing-dish-hook-lid-768x768.webp 768w, https:\/\/www.dzwchafingdish.com\/wp-content\/uploads\/2024\/01\/chafing-dish-hook-lid.webp 800w","media_details":{"width":800,"height":800,"sizes":{"medium":{"file":"chafing-dish-hook-lid-300x300.webp","width":300,"height":300,"mime-type":"image\/webp","filesize":4202,"source_url":"https:\/\/www.dzwchafingdish.com\/wp-content\/uploads\/2024\/01\/chafing-dish-hook-lid-300x300.webp"},"thumbnail":{"file":"chafing-dish-hook-lid-150x150.webp","width":150,"height":150,"mime-type":"image\/webp","filesize":1798,"source_url":"https:\/\/www.dzwchafingdish.com\/wp-content\/uploads\/2024\/01\/chafing-dish-hook-lid-150x150.webp"},"medium_large":{"file":"chafing-dish-hook-lid-768x768.webp","width":768,"height":768,"mime-type":"image\/webp","filesize":12358,"source_url":"https:\/\/www.dzwchafingdish.com\/wp-content\/uploads\/2024\/01\/chafing-dish-hook-lid-768x768.webp"}}},"alt_text":"chafing dish hook lid","url":"","target":""}]]}},"_links":{"self":[{"href":"https:\/\/www.dzwchafingdish.com\/pt\/wp-json\/wp\/v2\/product\/2503","targetHints":{"allow":["GET"]}}],"collection":[{"href":"https:\/\/www.dzwchafingdish.com\/pt\/wp-json\/wp\/v2\/product"}],"about":[{"href":"https:\/\/www.dzwchafingdish.com\/pt\/wp-json\/wp\/v2\/types\/product"}],"author":[{"embeddable":true,"href":"https:\/\/www.dzwchafingdish.com\/pt\/wp-json\/wp\/v2\/users\/1"}],"version-history":[{"count":0,"href":"https:\/\/www.dzwchafingdish.com\/pt\/wp-json\/wp\/v2\/product\/2503\/revisions"}],"wp:featuredmedia":[{"embeddable":true,"href":"https:\/\/www.dzwchafingdish.com\/pt\/wp-json\/wp\/v2\/media\/2510"}],"wp:attachment":[{"href":"https:\/\/www.dzwchafingdish.com\/pt\/wp-json\/wp\/v2\/media?parent=2503"}],"wp:term":[{"taxonomy":"product-categories","embeddable":true,"href":"https:\/\/www.dzwchafingdish.com\/pt\/wp-json\/wp\/v2\/product-categories?post=2503"},{"taxonomy":"product-tag","embeddable":true,"href":"https:\/\/www.dzwchafingdish.com\/pt\/wp-json\/wp\/v2\/product-tag?post=2503"}],"curies":[{"name":"wp","href":"https:\/\/api.w.org\/{rel}","templated":true}]}}