{"id":2623,"date":"2024-02-03T01:58:10","date_gmt":"2024-02-03T01:58:10","guid":{"rendered":"https:\/\/www.dzwchafingdish.com\/?post_type=product&#038;p=2623"},"modified":"2024-06-14T01:37:48","modified_gmt":"2024-06-14T01:37:48","slug":"stainless-steel-champagne-bowl","status":"publish","type":"product","link":"https:\/\/www.dzwchafingdish.com\/pt\/product\/stainless-steel-champagne-bowl\/","title":{"rendered":"Ta\u00e7a de champanhe OEM em a\u00e7o inoxid\u00e1vel para bar de festas"},"content":{"rendered":"<div class=\"wp-block-columns is-layout-flex wp-container-core-columns-is-layout-28f84493 wp-block-columns-is-layout-flex\">\n<div class=\"wp-block-column is-layout-flow wp-block-column-is-layout-flow\">\n<h2 class=\"wp-block-heading\" style=\"font-size:18px\"><strong>Dimens\u00e3o da ta\u00e7a de champanhe<\/strong><\/h2>\n\n\n\n<figure class=\"wp-block-table\"><table><tbody><tr><td>ITEM NO.<\/td><td>TAMANHO<\/td><td>COMPRIMENTO<\/td><td>LARGO<\/td><td>ALTURA<\/td><td>N.W \/SET<\/td><\/tr><tr><td>DZW-IB14<\/td><td>3.5L<\/td><td>23,5 cm<\/td><td>16,5 cm<\/td><td>18,5 cm<\/td><td>1680 g<\/td><\/tr><\/tbody><\/table><\/figure>\n\n\n\n<h2 class=\"wp-block-heading\" style=\"font-size:18px\"><strong>Ta\u00e7a de champanhe Premium Carater\u00edsticas:<\/strong><\/h2>\n\n\n\n<p>Material de polimento em a\u00e7o inoxid\u00e1vel: superf\u00edcie lisa, luxo brilhante, resist\u00eancia \u00e0 corros\u00e3o e f\u00e1cil de limpar.<\/p>\n\n\n\n<p>Op\u00e7\u00f5es em dourado e prateado: duas op\u00e7\u00f5es de apar\u00eancia elegante, para que possa ser perfeitamente combinada numa variedade de ocasi\u00f5es, para satisfazer as necessidades de diferentes estilos.<\/p>\n\n\n\n<p>13,5 L Design de ta\u00e7a de grande capacidade: adequada para guardar grandes quantidades de champanhe ou outras bebidas. O design \u00fanico da ta\u00e7a n\u00e3o s\u00f3 exprime beleza, como tamb\u00e9m proporciona uma maior \u00e1rea de superf\u00edcie para gelo e bebidas.<\/p>\n<\/div>\n\n\n\n<div class=\"wp-block-column is-layout-flow wp-block-column-is-layout-flow\">\n<figure class=\"wp-block-image size-full\"><img fetchpriority=\"high\" decoding=\"async\" width=\"800\" height=\"800\" src=\"https:\/\/www.dzwchafingdish.com\/wp-content\/uploads\/2024\/02\/stainless-steel-champagne-bowl-wholesale.webp\" alt=\"ta\u00e7a de champanhe em a\u00e7o inoxid\u00e1vel por atacado\" class=\"wp-image-2626\" srcset=\"https:\/\/www.dzwchafingdish.com\/wp-content\/uploads\/2024\/02\/stainless-steel-champagne-bowl-wholesale.webp 800w, https:\/\/www.dzwchafingdish.com\/wp-content\/uploads\/2024\/02\/stainless-steel-champagne-bowl-wholesale-300x300.webp 300w, https:\/\/www.dzwchafingdish.com\/wp-content\/uploads\/2024\/02\/stainless-steel-champagne-bowl-wholesale-150x150.webp 150w, https:\/\/www.dzwchafingdish.com\/wp-content\/uploads\/2024\/02\/stainless-steel-champagne-bowl-wholesale-768x768.webp 768w\" sizes=\"(max-width: 800px) 100vw, 800px\" \/><\/figure>\n<\/div>\n<\/div>","protected":false},"excerpt":{"rendered":"<p>Ta\u00e7a de champanhe Dimens\u00e3o ITEM NO. TAMANHO COMPRIMENTO LARGURA ALTURA N.W \/SET DZW-IB14 3,5L 23,5 cm 16,5 cm 18,5 cm 1680 g Ta\u00e7a de champanhe Premium Carater\u00edsticas: Material de polimento em a\u00e7o inoxid\u00e1vel: superf\u00edcie lisa, luxo brilhante, resist\u00eancia \u00e0 corros\u00e3o e f\u00e1cil de limpar. Op\u00e7\u00f5es em dourado e prateado: duas op\u00e7\u00f5es de apar\u00eancia elegante, para que possa combinar na perfei\u00e7\u00e3o com [...]<\/p>","protected":false},"author":1,"featured_media":2626,"parent":0,"menu_order":0,"template":"","format":"standard","meta":{"_acf_changed":false,"site-sidebar-layout":"default","site-content-layout":"","ast-site-content-layout":"default","site-content-style":"default","site-sidebar-style":"default","ast-global-header-display":"","ast-banner-title-visibility":"","ast-main-header-display":"","ast-hfb-above-header-display":"","ast-hfb-below-header-display":"","ast-hfb-mobile-header-display":"","site-post-title":"","ast-breadcrumbs-content":"","ast-featured-img":"","footer-sml-layout":"","theme-transparent-header-meta":"","adv-header-id-meta":"","stick-header-meta":"","header-above-stick-meta":"","header-main-stick-meta":"","header-below-stick-meta":"","astra-migrate-meta-layouts":"default","ast-page-background-enabled":"default","ast-page-background-meta":{"desktop":{"background-color":"var(--ast-global-color-4)","background-image":"","background-repeat":"repeat","background-position":"center center","background-size":"auto","background-attachment":"scroll","background-type":"","background-media":"","overlay-type":"","overlay-color":"","overlay-opacity":"","overlay-gradient":""},"tablet":{"background-color":"","background-image":"","background-repeat":"repeat","background-position":"center center","background-size":"auto","background-attachment":"scroll","background-type":"","background-media":"","overlay-type":"","overlay-color":"","overlay-opacity":"","overlay-gradient":""},"mobile":{"background-color":"","background-image":"","background-repeat":"repeat","background-position":"center center","background-size":"auto","background-attachment":"scroll","background-type":"","background-media":"","overlay-type":"","overlay-color":"","overlay-opacity":"","overlay-gradient":""}},"ast-content-background-meta":{"desktop":{"background-color":"var(--ast-global-color-5)","background-image":"","background-repeat":"repeat","background-position":"center center","background-size":"auto","background-attachment":"scroll","background-type":"","background-media":"","overlay-type":"","overlay-color":"","overlay-opacity":"","overlay-gradient":""},"tablet":{"background-color":"var(--ast-global-color-5)","background-image":"","background-repeat":"repeat","background-position":"center center","background-size":"auto","background-attachment":"scroll","background-type":"","background-media":"","overlay-type":"","overlay-color":"","overlay-opacity":"","overlay-gradient":""},"mobile":{"background-color":"var(--ast-global-color-5)","background-image":"","background-repeat":"repeat","background-position":"center center","background-size":"auto","background-attachment":"scroll","background-type":"","background-media":"","overlay-type":"","overlay-color":"","overlay-opacity":"","overlay-gradient":""}},"footnotes":""},"product-categories":[66],"product-tag":[],"class_list":["post-2623","product","type-product","status-publish","format-standard","has-post-thumbnail","hentry","product-categories-ice-buckets"],"acf":{"title":"Ta\u00e7a de Champanhe OEM para Bar de Festa em A\u00e7o Inoxid\u00e1vel","title_source":{"label":"Title","type":"text","formatted_value":" OEM Champagne Bowl for Party Bar Stainless Steel"},"short_description":"Custom stainless steel champagne bowls provide a gorgeous and luxurious addition to your catering service. Champagne bowl with large capacity and polished surface, suitable for use in hotels, restaurants, bars and other places.","short_description_source":{"label":"Short description","type":"textarea","formatted_value":"Custom stainless steel champagne bowls provide a gorgeous and luxurious addition to your catering service. Champagne bowl with large capacity and polished surface, suitable for use in hotels, restaurants, bars and other places."},"parameters":"<table border=\"0\" width=\"452\" cellspacing=\"0\" cellpadding=\"0\">\r\n<tbody>\r\n<tr>\r\n<td width=\"166\" height=\"23\">Manufacturer<\/td>\r\n<td width=\"286\">DONGZHAOWEI<\/td>\r\n<\/tr>\r\n<tr>\r\n<td height=\"23\">Material<\/td>\r\n<td>Stainless Steel 304<\/td>\r\n<\/tr>\r\n<tr>\r\n<td height=\"23\">Capacity<\/td>\r\n<td>13.5 L<\/td>\r\n<\/tr>\r\n<tr>\r\n<td height=\"24\">Color<\/td>\r\n<td>Golden \/ Silver<\/td>\r\n<\/tr>\r\n<tr>\r\n<td height=\"24\">Design<\/td>\r\n<td>Polished Bright Surface<\/td>\r\n<\/tr>\r\n<tr>\r\n<td height=\"24\">Shape<\/td>\r\n<td>Bowl Shape<\/td>\r\n<\/tr>\r\n<tr>\r\n<td height=\"24\">Custom<\/td>\r\n<td>Color\/Logo\/Package<\/td>\r\n<\/tr>\r\n<tr>\r\n<td height=\"23\">MOQ<\/td>\r\n<td>20 Sets<\/td>\r\n<\/tr>\r\n<\/tbody>\r\n<\/table>","parameters_source":{"label":"Parameters","type":"wysiwyg","formatted_value":"<table border=\"0\" width=\"452\" cellspacing=\"0\" cellpadding=\"0\">\n<tbody>\n<tr>\n<td width=\"166\" height=\"23\">Manufacturer<\/td>\n<td width=\"286\">DONGZHAOWEI<\/td>\n<\/tr>\n<tr>\n<td height=\"23\">Material<\/td>\n<td>Stainless Steel 304<\/td>\n<\/tr>\n<tr>\n<td height=\"23\">Capacity<\/td>\n<td>13.5 L<\/td>\n<\/tr>\n<tr>\n<td height=\"24\">Color<\/td>\n<td>Golden \/ Silver<\/td>\n<\/tr>\n<tr>\n<td height=\"24\">Design<\/td>\n<td>Polished Bright Surface<\/td>\n<\/tr>\n<tr>\n<td height=\"24\">Shape<\/td>\n<td>Bowl Shape<\/td>\n<\/tr>\n<tr>\n<td height=\"24\">Custom<\/td>\n<td>Color\/Logo\/Package<\/td>\n<\/tr>\n<tr>\n<td height=\"23\">MOQ<\/td>\n<td>20 Sets<\/td>\n<\/tr>\n<\/tbody>\n<\/table>\n"},"photo_gallery":{"product_gallery":[[{"id":2626,"title":"stainless steel champagne bowl wholesale","caption":"stainless steel champagne bowl wholesale","full_image_url":"https:\/\/www.dzwchafingdish.com\/wp-content\/uploads\/2024\/02\/stainless-steel-champagne-bowl-wholesale.webp","thumbnail_image_url":"https:\/\/www.dzwchafingdish.com\/wp-content\/uploads\/2024\/02\/stainless-steel-champagne-bowl-wholesale-150x150.webp","large_srcset":"https:\/\/www.dzwchafingdish.com\/wp-content\/uploads\/2024\/02\/stainless-steel-champagne-bowl-wholesale.webp 800w, https:\/\/www.dzwchafingdish.com\/wp-content\/uploads\/2024\/02\/stainless-steel-champagne-bowl-wholesale-300x300.webp 300w, https:\/\/www.dzwchafingdish.com\/wp-content\/uploads\/2024\/02\/stainless-steel-champagne-bowl-wholesale-150x150.webp 150w, https:\/\/www.dzwchafingdish.com\/wp-content\/uploads\/2024\/02\/stainless-steel-champagne-bowl-wholesale-768x768.webp 768w","medium_srcset":"https:\/\/www.dzwchafingdish.com\/wp-content\/uploads\/2024\/02\/stainless-steel-champagne-bowl-wholesale-300x300.webp 300w, https:\/\/www.dzwchafingdish.com\/wp-content\/uploads\/2024\/02\/stainless-steel-champagne-bowl-wholesale-150x150.webp 150w, https:\/\/www.dzwchafingdish.com\/wp-content\/uploads\/2024\/02\/stainless-steel-champagne-bowl-wholesale-768x768.webp 768w, https:\/\/www.dzwchafingdish.com\/wp-content\/uploads\/2024\/02\/stainless-steel-champagne-bowl-wholesale.webp 800w","media_details":{"width":800,"height":800,"sizes":{"medium":{"file":"stainless-steel-champagne-bowl-wholesale-300x300.webp","width":300,"height":300,"mime-type":"image\/webp","filesize":10436,"source_url":"https:\/\/www.dzwchafingdish.com\/wp-content\/uploads\/2024\/02\/stainless-steel-champagne-bowl-wholesale-300x300.webp"},"thumbnail":{"file":"stainless-steel-champagne-bowl-wholesale-150x150.webp","width":150,"height":150,"mime-type":"image\/webp","filesize":4078,"source_url":"https:\/\/www.dzwchafingdish.com\/wp-content\/uploads\/2024\/02\/stainless-steel-champagne-bowl-wholesale-150x150.webp"},"medium_large":{"file":"stainless-steel-champagne-bowl-wholesale-768x768.webp","width":768,"height":768,"mime-type":"image\/webp","filesize":35760,"source_url":"https:\/\/www.dzwchafingdish.com\/wp-content\/uploads\/2024\/02\/stainless-steel-champagne-bowl-wholesale-768x768.webp"}}},"alt_text":"stainless steel champagne bowl wholesale","url":"","target":""},{"id":2624,"title":"champagne bowl gold wholesale","caption":"champagne bowl gold wholesale","full_image_url":"https:\/\/www.dzwchafingdish.com\/wp-content\/uploads\/2024\/02\/champagne-bowl-gold-wholesale-1.webp","thumbnail_image_url":"https:\/\/www.dzwchafingdish.com\/wp-content\/uploads\/2024\/02\/champagne-bowl-gold-wholesale-1-150x150.webp","large_srcset":"https:\/\/www.dzwchafingdish.com\/wp-content\/uploads\/2024\/02\/champagne-bowl-gold-wholesale-1.webp 800w, https:\/\/www.dzwchafingdish.com\/wp-content\/uploads\/2024\/02\/champagne-bowl-gold-wholesale-1-300x300.webp 300w, https:\/\/www.dzwchafingdish.com\/wp-content\/uploads\/2024\/02\/champagne-bowl-gold-wholesale-1-150x150.webp 150w, https:\/\/www.dzwchafingdish.com\/wp-content\/uploads\/2024\/02\/champagne-bowl-gold-wholesale-1-768x768.webp 768w","medium_srcset":"https:\/\/www.dzwchafingdish.com\/wp-content\/uploads\/2024\/02\/champagne-bowl-gold-wholesale-1-300x300.webp 300w, https:\/\/www.dzwchafingdish.com\/wp-content\/uploads\/2024\/02\/champagne-bowl-gold-wholesale-1-150x150.webp 150w, https:\/\/www.dzwchafingdish.com\/wp-content\/uploads\/2024\/02\/champagne-bowl-gold-wholesale-1-768x768.webp 768w, https:\/\/www.dzwchafingdish.com\/wp-content\/uploads\/2024\/02\/champagne-bowl-gold-wholesale-1.webp 800w","media_details":{"width":800,"height":800,"sizes":{"medium":{"file":"champagne-bowl-gold-wholesale-1-300x300.webp","width":300,"height":300,"mime-type":"image\/webp","filesize":11306,"source_url":"https:\/\/www.dzwchafingdish.com\/wp-content\/uploads\/2024\/02\/champagne-bowl-gold-wholesale-1-300x300.webp"},"thumbnail":{"file":"champagne-bowl-gold-wholesale-1-150x150.webp","width":150,"height":150,"mime-type":"image\/webp","filesize":4142,"source_url":"https:\/\/www.dzwchafingdish.com\/wp-content\/uploads\/2024\/02\/champagne-bowl-gold-wholesale-1-150x150.webp"},"medium_large":{"file":"champagne-bowl-gold-wholesale-1-768x768.webp","width":768,"height":768,"mime-type":"image\/webp","filesize":40732,"source_url":"https:\/\/www.dzwchafingdish.com\/wp-content\/uploads\/2024\/02\/champagne-bowl-gold-wholesale-1-768x768.webp"}}},"alt_text":"champagne bowl gold wholesale","url":"","target":""},{"id":2627,"title":"wholesale champagne bowl","caption":"wholesale champagne bowl","full_image_url":"https:\/\/www.dzwchafingdish.com\/wp-content\/uploads\/2024\/02\/wholesale-champagne-bowl.webp","thumbnail_image_url":"https:\/\/www.dzwchafingdish.com\/wp-content\/uploads\/2024\/02\/wholesale-champagne-bowl-150x150.webp","large_srcset":"https:\/\/www.dzwchafingdish.com\/wp-content\/uploads\/2024\/02\/wholesale-champagne-bowl.webp 800w, https:\/\/www.dzwchafingdish.com\/wp-content\/uploads\/2024\/02\/wholesale-champagne-bowl-300x300.webp 300w, https:\/\/www.dzwchafingdish.com\/wp-content\/uploads\/2024\/02\/wholesale-champagne-bowl-150x150.webp 150w, https:\/\/www.dzwchafingdish.com\/wp-content\/uploads\/2024\/02\/wholesale-champagne-bowl-768x768.webp 768w","medium_srcset":"https:\/\/www.dzwchafingdish.com\/wp-content\/uploads\/2024\/02\/wholesale-champagne-bowl-300x300.webp 300w, https:\/\/www.dzwchafingdish.com\/wp-content\/uploads\/2024\/02\/wholesale-champagne-bowl-150x150.webp 150w, https:\/\/www.dzwchafingdish.com\/wp-content\/uploads\/2024\/02\/wholesale-champagne-bowl-768x768.webp 768w, https:\/\/www.dzwchafingdish.com\/wp-content\/uploads\/2024\/02\/wholesale-champagne-bowl.webp 800w","media_details":{"width":800,"height":800,"sizes":{"medium":{"file":"wholesale-champagne-bowl-300x300.webp","width":300,"height":300,"mime-type":"image\/webp","filesize":6844,"source_url":"https:\/\/www.dzwchafingdish.com\/wp-content\/uploads\/2024\/02\/wholesale-champagne-bowl-300x300.webp"},"thumbnail":{"file":"wholesale-champagne-bowl-150x150.webp","width":150,"height":150,"mime-type":"image\/webp","filesize":2660,"source_url":"https:\/\/www.dzwchafingdish.com\/wp-content\/uploads\/2024\/02\/wholesale-champagne-bowl-150x150.webp"},"medium_large":{"file":"wholesale-champagne-bowl-768x768.webp","width":768,"height":768,"mime-type":"image\/webp","filesize":23872,"source_url":"https:\/\/www.dzwchafingdish.com\/wp-content\/uploads\/2024\/02\/wholesale-champagne-bowl-768x768.webp"}}},"alt_text":"wholesale champagne bowl","url":"","target":""},{"id":2625,"title":"champagne bowl sliver bulk","caption":"champagne bowl sliver bulk","full_image_url":"https:\/\/www.dzwchafingdish.com\/wp-content\/uploads\/2024\/02\/champagne-bowl-sliver-bulk.webp","thumbnail_image_url":"https:\/\/www.dzwchafingdish.com\/wp-content\/uploads\/2024\/02\/champagne-bowl-sliver-bulk-150x150.webp","large_srcset":"https:\/\/www.dzwchafingdish.com\/wp-content\/uploads\/2024\/02\/champagne-bowl-sliver-bulk.webp 800w, https:\/\/www.dzwchafingdish.com\/wp-content\/uploads\/2024\/02\/champagne-bowl-sliver-bulk-300x300.webp 300w, https:\/\/www.dzwchafingdish.com\/wp-content\/uploads\/2024\/02\/champagne-bowl-sliver-bulk-150x150.webp 150w, https:\/\/www.dzwchafingdish.com\/wp-content\/uploads\/2024\/02\/champagne-bowl-sliver-bulk-768x768.webp 768w","medium_srcset":"https:\/\/www.dzwchafingdish.com\/wp-content\/uploads\/2024\/02\/champagne-bowl-sliver-bulk-300x300.webp 300w, https:\/\/www.dzwchafingdish.com\/wp-content\/uploads\/2024\/02\/champagne-bowl-sliver-bulk-150x150.webp 150w, https:\/\/www.dzwchafingdish.com\/wp-content\/uploads\/2024\/02\/champagne-bowl-sliver-bulk-768x768.webp 768w, https:\/\/www.dzwchafingdish.com\/wp-content\/uploads\/2024\/02\/champagne-bowl-sliver-bulk.webp 800w","media_details":{"width":800,"height":800,"sizes":{"medium":{"file":"champagne-bowl-sliver-bulk-300x300.webp","width":300,"height":300,"mime-type":"image\/webp","filesize":8294,"source_url":"https:\/\/www.dzwchafingdish.com\/wp-content\/uploads\/2024\/02\/champagne-bowl-sliver-bulk-300x300.webp"},"thumbnail":{"file":"champagne-bowl-sliver-bulk-150x150.webp","width":150,"height":150,"mime-type":"image\/webp","filesize":3098,"source_url":"https:\/\/www.dzwchafingdish.com\/wp-content\/uploads\/2024\/02\/champagne-bowl-sliver-bulk-150x150.webp"},"medium_large":{"file":"champagne-bowl-sliver-bulk-768x768.webp","width":768,"height":768,"mime-type":"image\/webp","filesize":31072,"source_url":"https:\/\/www.dzwchafingdish.com\/wp-content\/uploads\/2024\/02\/champagne-bowl-sliver-bulk-768x768.webp"}}},"alt_text":"champagne bowl sliver bulk","url":"","target":""}]]}},"_links":{"self":[{"href":"https:\/\/www.dzwchafingdish.com\/pt\/wp-json\/wp\/v2\/product\/2623","targetHints":{"allow":["GET"]}}],"collection":[{"href":"https:\/\/www.dzwchafingdish.com\/pt\/wp-json\/wp\/v2\/product"}],"about":[{"href":"https:\/\/www.dzwchafingdish.com\/pt\/wp-json\/wp\/v2\/types\/product"}],"author":[{"embeddable":true,"href":"https:\/\/www.dzwchafingdish.com\/pt\/wp-json\/wp\/v2\/users\/1"}],"version-history":[{"count":0,"href":"https:\/\/www.dzwchafingdish.com\/pt\/wp-json\/wp\/v2\/product\/2623\/revisions"}],"wp:featuredmedia":[{"embeddable":true,"href":"https:\/\/www.dzwchafingdish.com\/pt\/wp-json\/wp\/v2\/media\/2626"}],"wp:attachment":[{"href":"https:\/\/www.dzwchafingdish.com\/pt\/wp-json\/wp\/v2\/media?parent=2623"}],"wp:term":[{"taxonomy":"product-categories","embeddable":true,"href":"https:\/\/www.dzwchafingdish.com\/pt\/wp-json\/wp\/v2\/product-categories?post=2623"},{"taxonomy":"product-tag","embeddable":true,"href":"https:\/\/www.dzwchafingdish.com\/pt\/wp-json\/wp\/v2\/product-tag?post=2623"}],"curies":[{"name":"wp","href":"https:\/\/api.w.org\/{rel}","templated":true}]}}