{"id":2668,"date":"2024-02-06T16:44:39","date_gmt":"2024-02-06T16:44:39","guid":{"rendered":"https:\/\/www.dzwchafingdish.com\/?post_type=product&#038;p=2668"},"modified":"2024-06-14T01:33:14","modified_gmt":"2024-06-14T01:33:14","slug":"small-ice-bucket","status":"publish","type":"product","link":"https:\/\/www.dzwchafingdish.com\/pt\/product\/small-ice-bucket\/","title":{"rendered":"Novo design Balde de gelo pequeno Preto mate em forma de S"},"content":{"rendered":"<div class=\"wp-block-columns is-layout-flex wp-container-core-columns-is-layout-28f84493 wp-block-columns-is-layout-flex\">\n<div class=\"wp-block-column is-layout-flow wp-block-column-is-layout-flow\">\n<figure class=\"wp-block-image size-full\"><img fetchpriority=\"high\" decoding=\"async\" width=\"800\" height=\"800\" src=\"https:\/\/www.dzwchafingdish.com\/wp-content\/uploads\/2024\/02\/small-ice-bucket-bulk.webp\" alt=\"balde de gelo pequeno a granel\" class=\"wp-image-2672\" srcset=\"https:\/\/www.dzwchafingdish.com\/wp-content\/uploads\/2024\/02\/small-ice-bucket-bulk.webp 800w, https:\/\/www.dzwchafingdish.com\/wp-content\/uploads\/2024\/02\/small-ice-bucket-bulk-300x300.webp 300w, https:\/\/www.dzwchafingdish.com\/wp-content\/uploads\/2024\/02\/small-ice-bucket-bulk-150x150.webp 150w, https:\/\/www.dzwchafingdish.com\/wp-content\/uploads\/2024\/02\/small-ice-bucket-bulk-768x768.webp 768w\" sizes=\"(max-width: 800px) 100vw, 800px\" \/><\/figure>\n<\/div>\n\n\n\n<div class=\"wp-block-column is-layout-flow wp-block-column-is-layout-flow\">\n<h2 class=\"wp-block-heading\" style=\"font-size:18px\"><strong>Dimens\u00e3o do balde de gelo pequeno<\/strong><\/h2>\n\n\n\n<figure class=\"wp-block-table\"><table><tbody><tr><td>ITEM NO.<\/td><td>TAMANHO<\/td><td>COMPRIMENTO<\/td><td>LARGO<\/td><td>ALTURA<\/td><td>N.W \/SET<\/td><\/tr><tr><td>DZW-IB21<\/td><td>5L<\/td><td>18 cm<\/td><td>19 cm<\/td><td>21,3 cm<\/td><td>1040g<\/td><\/tr><\/tbody><\/table><\/figure>\n\n\n\n<h2 class=\"wp-block-heading\" style=\"font-size:18px\"><strong>Carater\u00edsticas do balde de gelo pequeno Premium<\/strong><\/h2>\n\n\n\n<p>A\u00e7o inoxid\u00e1vel mate de qualidade superior: N\u00e3o s\u00f3 exala eleg\u00e2ncia como tamb\u00e9m garante durabilidade e resist\u00eancia \u00e0 corros\u00e3o.<\/p>\n\n\n\n<p>Exterior preto com interior dourado: cria um contraste marcante que confere opul\u00eancia ao expositor de bebidas.<\/p>\n\n\n\n<p>Design de curva em S: \u00fanico e elegante, mais atrativo, adequado para v\u00e1rios locais<\/p>\n<\/div>\n<\/div>","protected":false},"excerpt":{"rendered":"<p>Balde de gelo pequeno Dimens\u00e3o ITEM NO. TAMANHO COMPRIMENTO LARGURA ALTURA N.W \/SET DZW-IB21 5L 18cm 19cm 21.3cm 1040g Balde de gelo pequeno Premium Carater\u00edsticas A\u00e7o inoxid\u00e1vel mate Premium: N\u00e3o s\u00f3 exala eleg\u00e2ncia como tamb\u00e9m garante durabilidade e resist\u00eancia \u00e0 corros\u00e3o. Exterior preto com interior dourado: cria um contraste impressionante que acrescenta opul\u00eancia \u00e0 apresenta\u00e7\u00e3o da bebida. Design de curva em S: \u00fanico [...]<\/p>","protected":false},"author":1,"featured_media":2674,"parent":0,"menu_order":0,"template":"","format":"standard","meta":{"_acf_changed":false,"site-sidebar-layout":"default","site-content-layout":"","ast-site-content-layout":"default","site-content-style":"default","site-sidebar-style":"default","ast-global-header-display":"","ast-banner-title-visibility":"","ast-main-header-display":"","ast-hfb-above-header-display":"","ast-hfb-below-header-display":"","ast-hfb-mobile-header-display":"","site-post-title":"","ast-breadcrumbs-content":"","ast-featured-img":"","footer-sml-layout":"","theme-transparent-header-meta":"","adv-header-id-meta":"","stick-header-meta":"","header-above-stick-meta":"","header-main-stick-meta":"","header-below-stick-meta":"","astra-migrate-meta-layouts":"default","ast-page-background-enabled":"default","ast-page-background-meta":{"desktop":{"background-color":"var(--ast-global-color-4)","background-image":"","background-repeat":"repeat","background-position":"center center","background-size":"auto","background-attachment":"scroll","background-type":"","background-media":"","overlay-type":"","overlay-color":"","overlay-opacity":"","overlay-gradient":""},"tablet":{"background-color":"","background-image":"","background-repeat":"repeat","background-position":"center center","background-size":"auto","background-attachment":"scroll","background-type":"","background-media":"","overlay-type":"","overlay-color":"","overlay-opacity":"","overlay-gradient":""},"mobile":{"background-color":"","background-image":"","background-repeat":"repeat","background-position":"center center","background-size":"auto","background-attachment":"scroll","background-type":"","background-media":"","overlay-type":"","overlay-color":"","overlay-opacity":"","overlay-gradient":""}},"ast-content-background-meta":{"desktop":{"background-color":"var(--ast-global-color-5)","background-image":"","background-repeat":"repeat","background-position":"center center","background-size":"auto","background-attachment":"scroll","background-type":"","background-media":"","overlay-type":"","overlay-color":"","overlay-opacity":"","overlay-gradient":""},"tablet":{"background-color":"var(--ast-global-color-5)","background-image":"","background-repeat":"repeat","background-position":"center center","background-size":"auto","background-attachment":"scroll","background-type":"","background-media":"","overlay-type":"","overlay-color":"","overlay-opacity":"","overlay-gradient":""},"mobile":{"background-color":"var(--ast-global-color-5)","background-image":"","background-repeat":"repeat","background-position":"center center","background-size":"auto","background-attachment":"scroll","background-type":"","background-media":"","overlay-type":"","overlay-color":"","overlay-opacity":"","overlay-gradient":""}},"footnotes":""},"product-categories":[66],"product-tag":[],"class_list":["post-2668","product","type-product","status-publish","format-standard","has-post-thumbnail","hentry","product-categories-ice-buckets"],"acf":{"title":"Novo design Balde de gelo pequeno Preto mate em forma de S","title_source":{"label":"Title","type":"text","formatted_value":"New Design  Small Ice Bucket Black Matte S Shape"},"short_description":"The small ice bucket has a unique curved shape and a modern matte black appearance, making it a personalized item for bars or catering events. Ordering stainless steel ice buckets in bulk provides you with a stylish and economical solution.","short_description_source":{"label":"Short description","type":"textarea","formatted_value":"The small ice bucket has a unique curved shape and a modern matte black appearance, making it a personalized item for bars or catering events. Ordering stainless steel ice buckets in bulk provides you with a stylish and economical solution."},"parameters":"<table width=\"331\">\r\n<tbody>\r\n<tr>\r\n<td width=\"90\">Manufacturer<\/td>\r\n<td width=\"241\">DONGZHAOWEI<\/td>\r\n<\/tr>\r\n<tr>\r\n<td width=\"90\">Material<\/td>\r\n<td width=\"241\">Stainless\u00a0Steel\u00a0304<\/td>\r\n<\/tr>\r\n<tr>\r\n<td width=\"90\">Capacity<\/td>\r\n<td width=\"241\">5L<\/td>\r\n<\/tr>\r\n<tr>\r\n<td width=\"90\">Color<\/td>\r\n<td width=\"241\">Golden\u00a0\/\u00a0Black<\/td>\r\n<\/tr>\r\n<tr>\r\n<td width=\"90\">Design<\/td>\r\n<td width=\"241\">Matte texture<\/td>\r\n<\/tr>\r\n<tr>\r\n<td width=\"90\">Shape<\/td>\r\n<td width=\"241\">S Cylinder shape<\/td>\r\n<\/tr>\r\n<tr>\r\n<td width=\"90\">Custom<\/td>\r\n<td width=\"241\">Color\/Logo\/Package<\/td>\r\n<\/tr>\r\n<tr>\r\n<td width=\"90\">MOQ<\/td>\r\n<td width=\"241\">20 Sets<\/td>\r\n<\/tr>\r\n<\/tbody>\r\n<\/table>","parameters_source":{"label":"Parameters","type":"wysiwyg","formatted_value":"<table width=\"331\">\n<tbody>\n<tr>\n<td width=\"90\">Manufacturer<\/td>\n<td width=\"241\">DONGZHAOWEI<\/td>\n<\/tr>\n<tr>\n<td width=\"90\">Material<\/td>\n<td width=\"241\">Stainless\u00a0Steel\u00a0304<\/td>\n<\/tr>\n<tr>\n<td width=\"90\">Capacity<\/td>\n<td width=\"241\">5L<\/td>\n<\/tr>\n<tr>\n<td width=\"90\">Color<\/td>\n<td width=\"241\">Golden\u00a0\/\u00a0Black<\/td>\n<\/tr>\n<tr>\n<td width=\"90\">Design<\/td>\n<td width=\"241\">Matte texture<\/td>\n<\/tr>\n<tr>\n<td width=\"90\">Shape<\/td>\n<td width=\"241\">S Cylinder shape<\/td>\n<\/tr>\n<tr>\n<td width=\"90\">Custom<\/td>\n<td width=\"241\">Color\/Logo\/Package<\/td>\n<\/tr>\n<tr>\n<td width=\"90\">MOQ<\/td>\n<td width=\"241\">20 Sets<\/td>\n<\/tr>\n<\/tbody>\n<\/table>\n"},"photo_gallery":{"product_gallery":[[{"id":2674,"title":"small ice bucket wholeale","caption":"small ice bucket wholes\nale","full_image_url":"https:\/\/www.dzwchafingdish.com\/wp-content\/uploads\/2024\/02\/small-ice-bucket-wholeale.webp","thumbnail_image_url":"https:\/\/www.dzwchafingdish.com\/wp-content\/uploads\/2024\/02\/small-ice-bucket-wholeale-150x150.webp","large_srcset":"https:\/\/www.dzwchafingdish.com\/wp-content\/uploads\/2024\/02\/small-ice-bucket-wholeale.webp 1000w, https:\/\/www.dzwchafingdish.com\/wp-content\/uploads\/2024\/02\/small-ice-bucket-wholeale-300x300.webp 300w, https:\/\/www.dzwchafingdish.com\/wp-content\/uploads\/2024\/02\/small-ice-bucket-wholeale-150x150.webp 150w, https:\/\/www.dzwchafingdish.com\/wp-content\/uploads\/2024\/02\/small-ice-bucket-wholeale-768x768.webp 768w","medium_srcset":"https:\/\/www.dzwchafingdish.com\/wp-content\/uploads\/2024\/02\/small-ice-bucket-wholeale-300x300.webp 300w, https:\/\/www.dzwchafingdish.com\/wp-content\/uploads\/2024\/02\/small-ice-bucket-wholeale-150x150.webp 150w, https:\/\/www.dzwchafingdish.com\/wp-content\/uploads\/2024\/02\/small-ice-bucket-wholeale-768x768.webp 768w, https:\/\/www.dzwchafingdish.com\/wp-content\/uploads\/2024\/02\/small-ice-bucket-wholeale.webp 1000w","media_details":{"width":1000,"height":1000,"sizes":{"medium":{"file":"small-ice-bucket-wholeale-300x300.webp","width":300,"height":300,"mime-type":"image\/webp","filesize":3360,"source_url":"https:\/\/www.dzwchafingdish.com\/wp-content\/uploads\/2024\/02\/small-ice-bucket-wholeale-300x300.webp"},"thumbnail":{"file":"small-ice-bucket-wholeale-150x150.webp","width":150,"height":150,"mime-type":"image\/webp","filesize":1498,"source_url":"https:\/\/www.dzwchafingdish.com\/wp-content\/uploads\/2024\/02\/small-ice-bucket-wholeale-150x150.webp"},"medium_large":{"file":"small-ice-bucket-wholeale-768x768.webp","width":768,"height":768,"mime-type":"image\/webp","filesize":13118,"source_url":"https:\/\/www.dzwchafingdish.com\/wp-content\/uploads\/2024\/02\/small-ice-bucket-wholeale-768x768.webp"}}},"alt_text":"small ice bucket wholes ale","url":"","target":""},{"id":2673,"title":"small ice bucket supplier","caption":"small ice bucket supplier","full_image_url":"https:\/\/www.dzwchafingdish.com\/wp-content\/uploads\/2024\/02\/small-ice-bucket-supplier.webp","thumbnail_image_url":"https:\/\/www.dzwchafingdish.com\/wp-content\/uploads\/2024\/02\/small-ice-bucket-supplier-150x150.webp","large_srcset":"https:\/\/www.dzwchafingdish.com\/wp-content\/uploads\/2024\/02\/small-ice-bucket-supplier.webp 800w, https:\/\/www.dzwchafingdish.com\/wp-content\/uploads\/2024\/02\/small-ice-bucket-supplier-300x300.webp 300w, https:\/\/www.dzwchafingdish.com\/wp-content\/uploads\/2024\/02\/small-ice-bucket-supplier-150x150.webp 150w, https:\/\/www.dzwchafingdish.com\/wp-content\/uploads\/2024\/02\/small-ice-bucket-supplier-768x768.webp 768w","medium_srcset":"https:\/\/www.dzwchafingdish.com\/wp-content\/uploads\/2024\/02\/small-ice-bucket-supplier-300x300.webp 300w, https:\/\/www.dzwchafingdish.com\/wp-content\/uploads\/2024\/02\/small-ice-bucket-supplier-150x150.webp 150w, https:\/\/www.dzwchafingdish.com\/wp-content\/uploads\/2024\/02\/small-ice-bucket-supplier-768x768.webp 768w, https:\/\/www.dzwchafingdish.com\/wp-content\/uploads\/2024\/02\/small-ice-bucket-supplier.webp 800w","media_details":{"width":800,"height":800,"sizes":{"medium":{"file":"small-ice-bucket-supplier-300x300.webp","width":300,"height":300,"mime-type":"image\/webp","filesize":8906,"source_url":"https:\/\/www.dzwchafingdish.com\/wp-content\/uploads\/2024\/02\/small-ice-bucket-supplier-300x300.webp"},"thumbnail":{"file":"small-ice-bucket-supplier-150x150.webp","width":150,"height":150,"mime-type":"image\/webp","filesize":3206,"source_url":"https:\/\/www.dzwchafingdish.com\/wp-content\/uploads\/2024\/02\/small-ice-bucket-supplier-150x150.webp"},"medium_large":{"file":"small-ice-bucket-supplier-768x768.webp","width":768,"height":768,"mime-type":"image\/webp","filesize":38350,"source_url":"https:\/\/www.dzwchafingdish.com\/wp-content\/uploads\/2024\/02\/small-ice-bucket-supplier-768x768.webp"}}},"alt_text":"small ice bucket supplier","url":"","target":""},{"id":2672,"title":"small ice bucket bulk","caption":"small ice bucket bulk","full_image_url":"https:\/\/www.dzwchafingdish.com\/wp-content\/uploads\/2024\/02\/small-ice-bucket-bulk.webp","thumbnail_image_url":"https:\/\/www.dzwchafingdish.com\/wp-content\/uploads\/2024\/02\/small-ice-bucket-bulk-150x150.webp","large_srcset":"https:\/\/www.dzwchafingdish.com\/wp-content\/uploads\/2024\/02\/small-ice-bucket-bulk.webp 800w, https:\/\/www.dzwchafingdish.com\/wp-content\/uploads\/2024\/02\/small-ice-bucket-bulk-300x300.webp 300w, https:\/\/www.dzwchafingdish.com\/wp-content\/uploads\/2024\/02\/small-ice-bucket-bulk-150x150.webp 150w, https:\/\/www.dzwchafingdish.com\/wp-content\/uploads\/2024\/02\/small-ice-bucket-bulk-768x768.webp 768w","medium_srcset":"https:\/\/www.dzwchafingdish.com\/wp-content\/uploads\/2024\/02\/small-ice-bucket-bulk-300x300.webp 300w, https:\/\/www.dzwchafingdish.com\/wp-content\/uploads\/2024\/02\/small-ice-bucket-bulk-150x150.webp 150w, https:\/\/www.dzwchafingdish.com\/wp-content\/uploads\/2024\/02\/small-ice-bucket-bulk-768x768.webp 768w, https:\/\/www.dzwchafingdish.com\/wp-content\/uploads\/2024\/02\/small-ice-bucket-bulk.webp 800w","media_details":{"width":800,"height":800,"sizes":{"medium":{"file":"small-ice-bucket-bulk-300x300.webp","width":300,"height":300,"mime-type":"image\/webp","filesize":7012,"source_url":"https:\/\/www.dzwchafingdish.com\/wp-content\/uploads\/2024\/02\/small-ice-bucket-bulk-300x300.webp"},"thumbnail":{"file":"small-ice-bucket-bulk-150x150.webp","width":150,"height":150,"mime-type":"image\/webp","filesize":3174,"source_url":"https:\/\/www.dzwchafingdish.com\/wp-content\/uploads\/2024\/02\/small-ice-bucket-bulk-150x150.webp"},"medium_large":{"file":"small-ice-bucket-bulk-768x768.webp","width":768,"height":768,"mime-type":"image\/webp","filesize":20810,"source_url":"https:\/\/www.dzwchafingdish.com\/wp-content\/uploads\/2024\/02\/small-ice-bucket-bulk-768x768.webp"}}},"alt_text":"small ice bucket bulk","url":"","target":""},{"id":2671,"title":"ice bucket mini wholesale","caption":"ice bucket mini wholesale","full_image_url":"https:\/\/www.dzwchafingdish.com\/wp-content\/uploads\/2024\/02\/ice-bucket-mini-wholesalewebp.webp","thumbnail_image_url":"https:\/\/www.dzwchafingdish.com\/wp-content\/uploads\/2024\/02\/ice-bucket-mini-wholesalewebp-150x150.webp","large_srcset":"https:\/\/www.dzwchafingdish.com\/wp-content\/uploads\/2024\/02\/ice-bucket-mini-wholesalewebp.webp 800w, https:\/\/www.dzwchafingdish.com\/wp-content\/uploads\/2024\/02\/ice-bucket-mini-wholesalewebp-300x300.webp 300w, https:\/\/www.dzwchafingdish.com\/wp-content\/uploads\/2024\/02\/ice-bucket-mini-wholesalewebp-150x150.webp 150w, https:\/\/www.dzwchafingdish.com\/wp-content\/uploads\/2024\/02\/ice-bucket-mini-wholesalewebp-768x768.webp 768w","medium_srcset":"https:\/\/www.dzwchafingdish.com\/wp-content\/uploads\/2024\/02\/ice-bucket-mini-wholesalewebp-300x300.webp 300w, https:\/\/www.dzwchafingdish.com\/wp-content\/uploads\/2024\/02\/ice-bucket-mini-wholesalewebp-150x150.webp 150w, https:\/\/www.dzwchafingdish.com\/wp-content\/uploads\/2024\/02\/ice-bucket-mini-wholesalewebp-768x768.webp 768w, https:\/\/www.dzwchafingdish.com\/wp-content\/uploads\/2024\/02\/ice-bucket-mini-wholesalewebp.webp 800w","media_details":{"width":800,"height":800,"sizes":{"medium":{"file":"ice-bucket-mini-wholesalewebp-300x300.webp","width":300,"height":300,"mime-type":"image\/webp","filesize":7876,"source_url":"https:\/\/www.dzwchafingdish.com\/wp-content\/uploads\/2024\/02\/ice-bucket-mini-wholesalewebp-300x300.webp"},"thumbnail":{"file":"ice-bucket-mini-wholesalewebp-150x150.webp","width":150,"height":150,"mime-type":"image\/webp","filesize":2778,"source_url":"https:\/\/www.dzwchafingdish.com\/wp-content\/uploads\/2024\/02\/ice-bucket-mini-wholesalewebp-150x150.webp"},"medium_large":{"file":"ice-bucket-mini-wholesalewebp-768x768.webp","width":768,"height":768,"mime-type":"image\/webp","filesize":35492,"source_url":"https:\/\/www.dzwchafingdish.com\/wp-content\/uploads\/2024\/02\/ice-bucket-mini-wholesalewebp-768x768.webp"}}},"alt_text":"ice bucket mini wholesale","url":"","target":""},{"id":2670,"title":"wholesale small ice bucket","caption":"wholesale small ice bucket","full_image_url":"https:\/\/www.dzwchafingdish.com\/wp-content\/uploads\/2024\/02\/wholesale-small-ice-bucket.webp","thumbnail_image_url":"https:\/\/www.dzwchafingdish.com\/wp-content\/uploads\/2024\/02\/wholesale-small-ice-bucket-150x150.webp","large_srcset":"https:\/\/www.dzwchafingdish.com\/wp-content\/uploads\/2024\/02\/wholesale-small-ice-bucket.webp 800w, https:\/\/www.dzwchafingdish.com\/wp-content\/uploads\/2024\/02\/wholesale-small-ice-bucket-300x300.webp 300w, https:\/\/www.dzwchafingdish.com\/wp-content\/uploads\/2024\/02\/wholesale-small-ice-bucket-150x150.webp 150w, https:\/\/www.dzwchafingdish.com\/wp-content\/uploads\/2024\/02\/wholesale-small-ice-bucket-768x768.webp 768w","medium_srcset":"https:\/\/www.dzwchafingdish.com\/wp-content\/uploads\/2024\/02\/wholesale-small-ice-bucket-300x300.webp 300w, https:\/\/www.dzwchafingdish.com\/wp-content\/uploads\/2024\/02\/wholesale-small-ice-bucket-150x150.webp 150w, https:\/\/www.dzwchafingdish.com\/wp-content\/uploads\/2024\/02\/wholesale-small-ice-bucket-768x768.webp 768w, https:\/\/www.dzwchafingdish.com\/wp-content\/uploads\/2024\/02\/wholesale-small-ice-bucket.webp 800w","media_details":{"width":800,"height":800,"sizes":{"medium":{"file":"wholesale-small-ice-bucket-300x300.webp","width":300,"height":300,"mime-type":"image\/webp","filesize":5880,"source_url":"https:\/\/www.dzwchafingdish.com\/wp-content\/uploads\/2024\/02\/wholesale-small-ice-bucket-300x300.webp"},"thumbnail":{"file":"wholesale-small-ice-bucket-150x150.webp","width":150,"height":150,"mime-type":"image\/webp","filesize":2388,"source_url":"https:\/\/www.dzwchafingdish.com\/wp-content\/uploads\/2024\/02\/wholesale-small-ice-bucket-150x150.webp"},"medium_large":{"file":"wholesale-small-ice-bucket-768x768.webp","width":768,"height":768,"mime-type":"image\/webp","filesize":21880,"source_url":"https:\/\/www.dzwchafingdish.com\/wp-content\/uploads\/2024\/02\/wholesale-small-ice-bucket-768x768.webp"}}},"alt_text":"wholesale small ice bucket","url":"","target":""},{"id":2669,"title":"bulk small ice bucket","caption":"bulk small ice bucket","full_image_url":"https:\/\/www.dzwchafingdish.com\/wp-content\/uploads\/2024\/02\/bulk-small-ice-bucket.webp","thumbnail_image_url":"https:\/\/www.dzwchafingdish.com\/wp-content\/uploads\/2024\/02\/bulk-small-ice-bucket-150x150.webp","large_srcset":"https:\/\/www.dzwchafingdish.com\/wp-content\/uploads\/2024\/02\/bulk-small-ice-bucket.webp 800w, https:\/\/www.dzwchafingdish.com\/wp-content\/uploads\/2024\/02\/bulk-small-ice-bucket-300x300.webp 300w, https:\/\/www.dzwchafingdish.com\/wp-content\/uploads\/2024\/02\/bulk-small-ice-bucket-150x150.webp 150w, https:\/\/www.dzwchafingdish.com\/wp-content\/uploads\/2024\/02\/bulk-small-ice-bucket-768x768.webp 768w","medium_srcset":"https:\/\/www.dzwchafingdish.com\/wp-content\/uploads\/2024\/02\/bulk-small-ice-bucket-300x300.webp 300w, https:\/\/www.dzwchafingdish.com\/wp-content\/uploads\/2024\/02\/bulk-small-ice-bucket-150x150.webp 150w, https:\/\/www.dzwchafingdish.com\/wp-content\/uploads\/2024\/02\/bulk-small-ice-bucket-768x768.webp 768w, https:\/\/www.dzwchafingdish.com\/wp-content\/uploads\/2024\/02\/bulk-small-ice-bucket.webp 800w","media_details":{"width":800,"height":800,"sizes":{"medium":{"file":"bulk-small-ice-bucket-300x300.webp","width":300,"height":300,"mime-type":"image\/webp","filesize":9322,"source_url":"https:\/\/www.dzwchafingdish.com\/wp-content\/uploads\/2024\/02\/bulk-small-ice-bucket-300x300.webp"},"thumbnail":{"file":"bulk-small-ice-bucket-150x150.webp","width":150,"height":150,"mime-type":"image\/webp","filesize":3476,"source_url":"https:\/\/www.dzwchafingdish.com\/wp-content\/uploads\/2024\/02\/bulk-small-ice-bucket-150x150.webp"},"medium_large":{"file":"bulk-small-ice-bucket-768x768.webp","width":768,"height":768,"mime-type":"image\/webp","filesize":40638,"source_url":"https:\/\/www.dzwchafingdish.com\/wp-content\/uploads\/2024\/02\/bulk-small-ice-bucket-768x768.webp"}}},"alt_text":"bulk small ice bucket","url":"","target":""}]]}},"_links":{"self":[{"href":"https:\/\/www.dzwchafingdish.com\/pt\/wp-json\/wp\/v2\/product\/2668","targetHints":{"allow":["GET"]}}],"collection":[{"href":"https:\/\/www.dzwchafingdish.com\/pt\/wp-json\/wp\/v2\/product"}],"about":[{"href":"https:\/\/www.dzwchafingdish.com\/pt\/wp-json\/wp\/v2\/types\/product"}],"author":[{"embeddable":true,"href":"https:\/\/www.dzwchafingdish.com\/pt\/wp-json\/wp\/v2\/users\/1"}],"version-history":[{"count":0,"href":"https:\/\/www.dzwchafingdish.com\/pt\/wp-json\/wp\/v2\/product\/2668\/revisions"}],"wp:featuredmedia":[{"embeddable":true,"href":"https:\/\/www.dzwchafingdish.com\/pt\/wp-json\/wp\/v2\/media\/2674"}],"wp:attachment":[{"href":"https:\/\/www.dzwchafingdish.com\/pt\/wp-json\/wp\/v2\/media?parent=2668"}],"wp:term":[{"taxonomy":"product-categories","embeddable":true,"href":"https:\/\/www.dzwchafingdish.com\/pt\/wp-json\/wp\/v2\/product-categories?post=2668"},{"taxonomy":"product-tag","embeddable":true,"href":"https:\/\/www.dzwchafingdish.com\/pt\/wp-json\/wp\/v2\/product-tag?post=2668"}],"curies":[{"name":"wp","href":"https:\/\/api.w.org\/{rel}","templated":true}]}}