{"id":3014,"date":"2024-03-12T06:03:00","date_gmt":"2024-03-12T06:03:00","guid":{"rendered":"https:\/\/www.dzwchafingdish.com\/?post_type=product&#038;p=3014"},"modified":"2024-06-13T03:34:47","modified_gmt":"2024-06-13T03:34:47","slug":"bulk-cutlery-holder","status":"publish","type":"product","link":"https:\/\/www.dzwchafingdish.com\/pt\/product\/bulk-cutlery-holder\/","title":{"rendered":"Porta-talheres a granel em a\u00e7o inoxid\u00e1vel OEM"},"content":{"rendered":"<div class=\"wp-block-columns is-layout-flex wp-container-core-columns-is-layout-28f84493 wp-block-columns-is-layout-flex\">\n<div class=\"wp-block-column is-layout-flow wp-block-column-is-layout-flow\">\n<figure class=\"wp-block-image size-full\"><img fetchpriority=\"high\" decoding=\"async\" width=\"800\" height=\"800\" src=\"https:\/\/www.dzwchafingdish.com\/wp-content\/uploads\/2024\/03\/bulk-cutlery-holder-rose-gold.webp\" alt=\"porta-talheres a granel em ouro rosa\" class=\"wp-image-3098\" srcset=\"https:\/\/www.dzwchafingdish.com\/wp-content\/uploads\/2024\/03\/bulk-cutlery-holder-rose-gold.webp 800w, https:\/\/www.dzwchafingdish.com\/wp-content\/uploads\/2024\/03\/bulk-cutlery-holder-rose-gold-300x300.webp 300w, https:\/\/www.dzwchafingdish.com\/wp-content\/uploads\/2024\/03\/bulk-cutlery-holder-rose-gold-150x150.webp 150w, https:\/\/www.dzwchafingdish.com\/wp-content\/uploads\/2024\/03\/bulk-cutlery-holder-rose-gold-768x768.webp 768w\" sizes=\"(max-width: 800px) 100vw, 800px\" \/><\/figure>\n<\/div>\n\n\n\n<div class=\"wp-block-column is-layout-flow wp-block-column-is-layout-flow\">\n<h2 class=\"wp-block-heading\" style=\"font-size:18px\"><strong>Porta-talheres Dimens\u00e3o<\/strong><\/h2>\n\n\n\n<figure class=\"wp-block-table\"><table><tbody><tr><td>ITEM NO.<\/td><td>DZW-KH01<\/td><\/tr><tr><td>TAMANHO<\/td><td>10cm\u00d78cm\u00d72,5cm<\/td><\/tr><tr><td>PESO<\/td><td>85g\/PC<\/td><\/tr><tr><td>COR<\/td><td>Dourado\/Prata\/Dourado rosa\/Rosa\/Rosa\/Preto<\/td><\/tr><\/tbody><\/table><\/figure>\n\n\n\n<h2 class=\"wp-block-heading\" style=\"font-size:18px\"><strong>Porta-talheres Carater\u00edsticas<\/strong><\/h2>\n\n\n\n<p>Os suportes para talheres s\u00e3o fabricados em a\u00e7o inoxid\u00e1vel de alta qualidade, que mant\u00e9m o seu brilho e textura mesmo ap\u00f3s uma utiliza\u00e7\u00e3o prolongada.<\/p>\n\n\n\n<p>O material em a\u00e7o inoxid\u00e1vel tem propriedades antibacterianas. Protegendo o ambiente e a sa\u00fade pessoal enquanto desfruta de uma comida deliciosa. T\u00eam uma estrutura plana, f\u00e1cil de limpar.<\/p>\n\n\n\n<p>Para satisfazer as necessidades de v\u00e1rios cen\u00e1rios e as prefer\u00eancias de diferentes pessoas, oferecemos uma variedade de op\u00e7\u00f5es de personaliza\u00e7\u00e3o de cores. Para porta-talheres a granel, fornecemos pre\u00e7os de f\u00e1brica.<\/p>\n\n\n\n<p><\/p>\n<\/div>\n<\/div>","protected":false},"excerpt":{"rendered":"<p>Cutlery Holders Dimension ITEM NO. DZW-KH01 SIZE 10cm\u00d78cm\u00d72.5cm WEIGHT 85g\/PC COLOR Golden\/Silver\/Rose gold\/Pink\/Black Cutlery Holders Features The Cutlery Holders are made of high-quality stainless steel, which maintains their luster and texture even after prolonged use. Stainless steel material has antibacterial properties. Protecting the environment and personal health while enjoying delicious food. They have a flat [&hellip;]<\/p>","protected":false},"author":1,"featured_media":3098,"parent":0,"menu_order":0,"template":"","format":"standard","meta":{"_acf_changed":false,"site-sidebar-layout":"default","site-content-layout":"","ast-site-content-layout":"default","site-content-style":"default","site-sidebar-style":"default","ast-global-header-display":"","ast-banner-title-visibility":"","ast-main-header-display":"","ast-hfb-above-header-display":"","ast-hfb-below-header-display":"","ast-hfb-mobile-header-display":"","site-post-title":"","ast-breadcrumbs-content":"","ast-featured-img":"","footer-sml-layout":"","theme-transparent-header-meta":"","adv-header-id-meta":"","stick-header-meta":"","header-above-stick-meta":"","header-main-stick-meta":"","header-below-stick-meta":"","astra-migrate-meta-layouts":"default","ast-page-background-enabled":"default","ast-page-background-meta":{"desktop":{"background-color":"var(--ast-global-color-4)","background-image":"","background-repeat":"repeat","background-position":"center center","background-size":"auto","background-attachment":"scroll","background-type":"","background-media":"","overlay-type":"","overlay-color":"","overlay-opacity":"","overlay-gradient":""},"tablet":{"background-color":"","background-image":"","background-repeat":"repeat","background-position":"center center","background-size":"auto","background-attachment":"scroll","background-type":"","background-media":"","overlay-type":"","overlay-color":"","overlay-opacity":"","overlay-gradient":""},"mobile":{"background-color":"","background-image":"","background-repeat":"repeat","background-position":"center center","background-size":"auto","background-attachment":"scroll","background-type":"","background-media":"","overlay-type":"","overlay-color":"","overlay-opacity":"","overlay-gradient":""}},"ast-content-background-meta":{"desktop":{"background-color":"var(--ast-global-color-5)","background-image":"","background-repeat":"repeat","background-position":"center center","background-size":"auto","background-attachment":"scroll","background-type":"","background-media":"","overlay-type":"","overlay-color":"","overlay-opacity":"","overlay-gradient":""},"tablet":{"background-color":"var(--ast-global-color-5)","background-image":"","background-repeat":"repeat","background-position":"center center","background-size":"auto","background-attachment":"scroll","background-type":"","background-media":"","overlay-type":"","overlay-color":"","overlay-opacity":"","overlay-gradient":""},"mobile":{"background-color":"var(--ast-global-color-5)","background-image":"","background-repeat":"repeat","background-position":"center center","background-size":"auto","background-attachment":"scroll","background-type":"","background-media":"","overlay-type":"","overlay-color":"","overlay-opacity":"","overlay-gradient":""}},"footnotes":""},"product-categories":[68],"product-tag":[],"class_list":["post-3014","product","type-product","status-publish","format-standard","has-post-thumbnail","hentry","product-categories-cutlery-sets-and-tongs"],"acf":{"title":"Porta-talheres a granel em a\u00e7o inoxid\u00e1vel OEM","title_source":{"label":"Title","type":"text","formatted_value":"Bulk Cutlery Holders Stainless Steel OEM"},"short_description":"Wholesale cutlery holders, we offer a wide range of colors and custom cutlery solutions. Discover more stainless steel cutlery and catering equipment at dongzhaowei buffet equipment supplier, contact us now to find out!","short_description_source":{"label":"Short description","type":"textarea","formatted_value":"Wholesale cutlery holders, we offer a wide range of colors and custom cutlery solutions. Discover more stainless steel cutlery and catering equipment at dongzhaowei buffet equipment supplier, contact us now to find out!"},"parameters":"<table border=\"0\" width=\"577\" cellspacing=\"0\" cellpadding=\"0\">\r\n<tbody>\r\n<tr>\r\n<td width=\"192\" height=\"29\">Manufacturer<\/td>\r\n<td width=\"385\">DONGZHAOWEI<\/td>\r\n<\/tr>\r\n<tr>\r\n<td height=\"29\">Material<\/td>\r\n<td>Stainless Steel 201<\/td>\r\n<\/tr>\r\n<tr>\r\n<td height=\"29\">Color<\/td>\r\n<td>Golden\/Silver\/Rose gold\/Pink\/Black<\/td>\r\n<\/tr>\r\n<tr>\r\n<td height=\"29\">Custom<\/td>\r\n<td>Color\/Logo\/Package<\/td>\r\n<\/tr>\r\n<\/tbody>\r\n<\/table>","parameters_source":{"label":"Parameters","type":"wysiwyg","formatted_value":"<table border=\"0\" width=\"577\" cellspacing=\"0\" cellpadding=\"0\">\n<tbody>\n<tr>\n<td width=\"192\" height=\"29\">Manufacturer<\/td>\n<td width=\"385\">DONGZHAOWEI<\/td>\n<\/tr>\n<tr>\n<td height=\"29\">Material<\/td>\n<td>Stainless Steel 201<\/td>\n<\/tr>\n<tr>\n<td height=\"29\">Color<\/td>\n<td>Golden\/Silver\/Rose gold\/Pink\/Black<\/td>\n<\/tr>\n<tr>\n<td height=\"29\">Custom<\/td>\n<td>Color\/Logo\/Package<\/td>\n<\/tr>\n<\/tbody>\n<\/table>\n"},"photo_gallery":{"product_gallery":[[{"id":3100,"title":"custom cutlery holder","caption":"custom cutlery holder","full_image_url":"https:\/\/www.dzwchafingdish.com\/wp-content\/uploads\/2024\/03\/custom-cutlery-holder.webp","thumbnail_image_url":"https:\/\/www.dzwchafingdish.com\/wp-content\/uploads\/2024\/03\/custom-cutlery-holder-150x150.webp","large_srcset":"https:\/\/www.dzwchafingdish.com\/wp-content\/uploads\/2024\/03\/custom-cutlery-holder.webp 800w, https:\/\/www.dzwchafingdish.com\/wp-content\/uploads\/2024\/03\/custom-cutlery-holder-300x300.webp 300w, https:\/\/www.dzwchafingdish.com\/wp-content\/uploads\/2024\/03\/custom-cutlery-holder-150x150.webp 150w, https:\/\/www.dzwchafingdish.com\/wp-content\/uploads\/2024\/03\/custom-cutlery-holder-768x768.webp 768w","medium_srcset":"https:\/\/www.dzwchafingdish.com\/wp-content\/uploads\/2024\/03\/custom-cutlery-holder-300x300.webp 300w, https:\/\/www.dzwchafingdish.com\/wp-content\/uploads\/2024\/03\/custom-cutlery-holder-150x150.webp 150w, https:\/\/www.dzwchafingdish.com\/wp-content\/uploads\/2024\/03\/custom-cutlery-holder-768x768.webp 768w, https:\/\/www.dzwchafingdish.com\/wp-content\/uploads\/2024\/03\/custom-cutlery-holder.webp 800w","media_details":{"width":800,"height":800,"sizes":{"medium":{"file":"custom-cutlery-holder-300x300.webp","width":300,"height":300,"mime-type":"image\/webp","filesize":7878,"source_url":"https:\/\/www.dzwchafingdish.com\/wp-content\/uploads\/2024\/03\/custom-cutlery-holder-300x300.webp"},"thumbnail":{"file":"custom-cutlery-holder-150x150.webp","width":150,"height":150,"mime-type":"image\/webp","filesize":3122,"source_url":"https:\/\/www.dzwchafingdish.com\/wp-content\/uploads\/2024\/03\/custom-cutlery-holder-150x150.webp"},"medium_large":{"file":"custom-cutlery-holder-768x768.webp","width":768,"height":768,"mime-type":"image\/webp","filesize":25992,"source_url":"https:\/\/www.dzwchafingdish.com\/wp-content\/uploads\/2024\/03\/custom-cutlery-holder-768x768.webp"}}},"alt_text":"custom cutlery holder","url":"","target":""},{"id":3097,"title":"bulk-cutlery-holder","caption":"bulk cutlery holder","full_image_url":"https:\/\/www.dzwchafingdish.com\/wp-content\/uploads\/2024\/03\/bulk-cutlery-holder.webp","thumbnail_image_url":"https:\/\/www.dzwchafingdish.com\/wp-content\/uploads\/2024\/03\/bulk-cutlery-holder-150x150.webp","large_srcset":"https:\/\/www.dzwchafingdish.com\/wp-content\/uploads\/2024\/03\/bulk-cutlery-holder.webp 800w, https:\/\/www.dzwchafingdish.com\/wp-content\/uploads\/2024\/03\/bulk-cutlery-holder-300x300.webp 300w, https:\/\/www.dzwchafingdish.com\/wp-content\/uploads\/2024\/03\/bulk-cutlery-holder-150x150.webp 150w, https:\/\/www.dzwchafingdish.com\/wp-content\/uploads\/2024\/03\/bulk-cutlery-holder-768x768.webp 768w","medium_srcset":"https:\/\/www.dzwchafingdish.com\/wp-content\/uploads\/2024\/03\/bulk-cutlery-holder-300x300.webp 300w, https:\/\/www.dzwchafingdish.com\/wp-content\/uploads\/2024\/03\/bulk-cutlery-holder-150x150.webp 150w, https:\/\/www.dzwchafingdish.com\/wp-content\/uploads\/2024\/03\/bulk-cutlery-holder-768x768.webp 768w, https:\/\/www.dzwchafingdish.com\/wp-content\/uploads\/2024\/03\/bulk-cutlery-holder.webp 800w","media_details":{"width":800,"height":800,"sizes":{"medium":{"file":"bulk-cutlery-holder-300x300.webp","width":300,"height":300,"mime-type":"image\/webp","filesize":8940,"source_url":"https:\/\/www.dzwchafingdish.com\/wp-content\/uploads\/2024\/03\/bulk-cutlery-holder-300x300.webp"},"thumbnail":{"file":"bulk-cutlery-holder-150x150.webp","width":150,"height":150,"mime-type":"image\/webp","filesize":3348,"source_url":"https:\/\/www.dzwchafingdish.com\/wp-content\/uploads\/2024\/03\/bulk-cutlery-holder-150x150.webp"},"medium_large":{"file":"bulk-cutlery-holder-768x768.webp","width":768,"height":768,"mime-type":"image\/webp","filesize":32298,"source_url":"https:\/\/www.dzwchafingdish.com\/wp-content\/uploads\/2024\/03\/bulk-cutlery-holder-768x768.webp"}}},"alt_text":"bulk cutlery holder","url":"","target":""},{"id":3099,"title":"bulk cutlery stand","caption":"bulk cutlery stand","full_image_url":"https:\/\/www.dzwchafingdish.com\/wp-content\/uploads\/2024\/03\/bulk-cutlery-stand.webp","thumbnail_image_url":"https:\/\/www.dzwchafingdish.com\/wp-content\/uploads\/2024\/03\/bulk-cutlery-stand-150x150.webp","large_srcset":"https:\/\/www.dzwchafingdish.com\/wp-content\/uploads\/2024\/03\/bulk-cutlery-stand.webp 800w, https:\/\/www.dzwchafingdish.com\/wp-content\/uploads\/2024\/03\/bulk-cutlery-stand-300x300.webp 300w, https:\/\/www.dzwchafingdish.com\/wp-content\/uploads\/2024\/03\/bulk-cutlery-stand-150x150.webp 150w, https:\/\/www.dzwchafingdish.com\/wp-content\/uploads\/2024\/03\/bulk-cutlery-stand-768x768.webp 768w","medium_srcset":"https:\/\/www.dzwchafingdish.com\/wp-content\/uploads\/2024\/03\/bulk-cutlery-stand-300x300.webp 300w, https:\/\/www.dzwchafingdish.com\/wp-content\/uploads\/2024\/03\/bulk-cutlery-stand-150x150.webp 150w, https:\/\/www.dzwchafingdish.com\/wp-content\/uploads\/2024\/03\/bulk-cutlery-stand-768x768.webp 768w, https:\/\/www.dzwchafingdish.com\/wp-content\/uploads\/2024\/03\/bulk-cutlery-stand.webp 800w","media_details":{"width":800,"height":800,"sizes":{"medium":{"file":"bulk-cutlery-stand-300x300.webp","width":300,"height":300,"mime-type":"image\/webp","filesize":7594,"source_url":"https:\/\/www.dzwchafingdish.com\/wp-content\/uploads\/2024\/03\/bulk-cutlery-stand-300x300.webp"},"thumbnail":{"file":"bulk-cutlery-stand-150x150.webp","width":150,"height":150,"mime-type":"image\/webp","filesize":3098,"source_url":"https:\/\/www.dzwchafingdish.com\/wp-content\/uploads\/2024\/03\/bulk-cutlery-stand-150x150.webp"},"medium_large":{"file":"bulk-cutlery-stand-768x768.webp","width":768,"height":768,"mime-type":"image\/webp","filesize":26256,"source_url":"https:\/\/www.dzwchafingdish.com\/wp-content\/uploads\/2024\/03\/bulk-cutlery-stand-768x768.webp"}}},"alt_text":"bulk cutlery stand","url":"","target":""},{"id":3103,"title":"wholesale cutlery holder","caption":"wholesale cutlery holder","full_image_url":"https:\/\/www.dzwchafingdish.com\/wp-content\/uploads\/2024\/03\/wholesale-cutlery-holder.webp","thumbnail_image_url":"https:\/\/www.dzwchafingdish.com\/wp-content\/uploads\/2024\/03\/wholesale-cutlery-holder-150x150.webp","large_srcset":"https:\/\/www.dzwchafingdish.com\/wp-content\/uploads\/2024\/03\/wholesale-cutlery-holder.webp 800w, https:\/\/www.dzwchafingdish.com\/wp-content\/uploads\/2024\/03\/wholesale-cutlery-holder-300x300.webp 300w, https:\/\/www.dzwchafingdish.com\/wp-content\/uploads\/2024\/03\/wholesale-cutlery-holder-150x150.webp 150w, https:\/\/www.dzwchafingdish.com\/wp-content\/uploads\/2024\/03\/wholesale-cutlery-holder-768x768.webp 768w","medium_srcset":"https:\/\/www.dzwchafingdish.com\/wp-content\/uploads\/2024\/03\/wholesale-cutlery-holder-300x300.webp 300w, https:\/\/www.dzwchafingdish.com\/wp-content\/uploads\/2024\/03\/wholesale-cutlery-holder-150x150.webp 150w, https:\/\/www.dzwchafingdish.com\/wp-content\/uploads\/2024\/03\/wholesale-cutlery-holder-768x768.webp 768w, https:\/\/www.dzwchafingdish.com\/wp-content\/uploads\/2024\/03\/wholesale-cutlery-holder.webp 800w","media_details":{"width":800,"height":800,"sizes":{"medium":{"file":"wholesale-cutlery-holder-300x300.webp","width":300,"height":300,"mime-type":"image\/webp","filesize":6802,"source_url":"https:\/\/www.dzwchafingdish.com\/wp-content\/uploads\/2024\/03\/wholesale-cutlery-holder-300x300.webp"},"thumbnail":{"file":"wholesale-cutlery-holder-150x150.webp","width":150,"height":150,"mime-type":"image\/webp","filesize":2608,"source_url":"https:\/\/www.dzwchafingdish.com\/wp-content\/uploads\/2024\/03\/wholesale-cutlery-holder-150x150.webp"},"medium_large":{"file":"wholesale-cutlery-holder-768x768.webp","width":768,"height":768,"mime-type":"image\/webp","filesize":24568,"source_url":"https:\/\/www.dzwchafingdish.com\/wp-content\/uploads\/2024\/03\/wholesale-cutlery-holder-768x768.webp"}}},"alt_text":"wholesale cutlery holder","url":"","target":""},{"id":3102,"title":"gold cutlery holder","caption":"gold cutlery holder","full_image_url":"https:\/\/www.dzwchafingdish.com\/wp-content\/uploads\/2024\/03\/gold-cutlery-holder.webp","thumbnail_image_url":"https:\/\/www.dzwchafingdish.com\/wp-content\/uploads\/2024\/03\/gold-cutlery-holder-150x150.webp","large_srcset":"https:\/\/www.dzwchafingdish.com\/wp-content\/uploads\/2024\/03\/gold-cutlery-holder.webp 800w, https:\/\/www.dzwchafingdish.com\/wp-content\/uploads\/2024\/03\/gold-cutlery-holder-300x300.webp 300w, https:\/\/www.dzwchafingdish.com\/wp-content\/uploads\/2024\/03\/gold-cutlery-holder-150x150.webp 150w, https:\/\/www.dzwchafingdish.com\/wp-content\/uploads\/2024\/03\/gold-cutlery-holder-768x768.webp 768w","medium_srcset":"https:\/\/www.dzwchafingdish.com\/wp-content\/uploads\/2024\/03\/gold-cutlery-holder-300x300.webp 300w, https:\/\/www.dzwchafingdish.com\/wp-content\/uploads\/2024\/03\/gold-cutlery-holder-150x150.webp 150w, https:\/\/www.dzwchafingdish.com\/wp-content\/uploads\/2024\/03\/gold-cutlery-holder-768x768.webp 768w, https:\/\/www.dzwchafingdish.com\/wp-content\/uploads\/2024\/03\/gold-cutlery-holder.webp 800w","media_details":{"width":800,"height":800,"sizes":{"medium":{"file":"gold-cutlery-holder-300x300.webp","width":300,"height":300,"mime-type":"image\/webp","filesize":6452,"source_url":"https:\/\/www.dzwchafingdish.com\/wp-content\/uploads\/2024\/03\/gold-cutlery-holder-300x300.webp"},"thumbnail":{"file":"gold-cutlery-holder-150x150.webp","width":150,"height":150,"mime-type":"image\/webp","filesize":2476,"source_url":"https:\/\/www.dzwchafingdish.com\/wp-content\/uploads\/2024\/03\/gold-cutlery-holder-150x150.webp"},"medium_large":{"file":"gold-cutlery-holder-768x768.webp","width":768,"height":768,"mime-type":"image\/webp","filesize":22708,"source_url":"https:\/\/www.dzwchafingdish.com\/wp-content\/uploads\/2024\/03\/gold-cutlery-holder-768x768.webp"}}},"alt_text":"gold cutlery holder","url":"","target":""},{"id":3098,"title":"bulk cutlery holder rose gold","caption":"bulk cutlery holder rose gold ","full_image_url":"https:\/\/www.dzwchafingdish.com\/wp-content\/uploads\/2024\/03\/bulk-cutlery-holder-rose-gold.webp","thumbnail_image_url":"https:\/\/www.dzwchafingdish.com\/wp-content\/uploads\/2024\/03\/bulk-cutlery-holder-rose-gold-150x150.webp","large_srcset":"https:\/\/www.dzwchafingdish.com\/wp-content\/uploads\/2024\/03\/bulk-cutlery-holder-rose-gold.webp 800w, https:\/\/www.dzwchafingdish.com\/wp-content\/uploads\/2024\/03\/bulk-cutlery-holder-rose-gold-300x300.webp 300w, https:\/\/www.dzwchafingdish.com\/wp-content\/uploads\/2024\/03\/bulk-cutlery-holder-rose-gold-150x150.webp 150w, https:\/\/www.dzwchafingdish.com\/wp-content\/uploads\/2024\/03\/bulk-cutlery-holder-rose-gold-768x768.webp 768w","medium_srcset":"https:\/\/www.dzwchafingdish.com\/wp-content\/uploads\/2024\/03\/bulk-cutlery-holder-rose-gold-300x300.webp 300w, https:\/\/www.dzwchafingdish.com\/wp-content\/uploads\/2024\/03\/bulk-cutlery-holder-rose-gold-150x150.webp 150w, https:\/\/www.dzwchafingdish.com\/wp-content\/uploads\/2024\/03\/bulk-cutlery-holder-rose-gold-768x768.webp 768w, https:\/\/www.dzwchafingdish.com\/wp-content\/uploads\/2024\/03\/bulk-cutlery-holder-rose-gold.webp 800w","media_details":{"width":800,"height":800,"sizes":{"medium":{"file":"bulk-cutlery-holder-rose-gold-300x300.webp","width":300,"height":300,"mime-type":"image\/webp","filesize":7164,"source_url":"https:\/\/www.dzwchafingdish.com\/wp-content\/uploads\/2024\/03\/bulk-cutlery-holder-rose-gold-300x300.webp"},"thumbnail":{"file":"bulk-cutlery-holder-rose-gold-150x150.webp","width":150,"height":150,"mime-type":"image\/webp","filesize":2720,"source_url":"https:\/\/www.dzwchafingdish.com\/wp-content\/uploads\/2024\/03\/bulk-cutlery-holder-rose-gold-150x150.webp"},"medium_large":{"file":"bulk-cutlery-holder-rose-gold-768x768.webp","width":768,"height":768,"mime-type":"image\/webp","filesize":24268,"source_url":"https:\/\/www.dzwchafingdish.com\/wp-content\/uploads\/2024\/03\/bulk-cutlery-holder-rose-gold-768x768.webp"}}},"alt_text":"bulk cutlery holder rose gold","url":"","target":""},{"id":3101,"title":"custom cutlery stand","caption":"custom cutlery stand","full_image_url":"https:\/\/www.dzwchafingdish.com\/wp-content\/uploads\/2024\/03\/custom-cutlery-stand.webp","thumbnail_image_url":"https:\/\/www.dzwchafingdish.com\/wp-content\/uploads\/2024\/03\/custom-cutlery-stand-150x150.webp","large_srcset":"https:\/\/www.dzwchafingdish.com\/wp-content\/uploads\/2024\/03\/custom-cutlery-stand.webp 800w, https:\/\/www.dzwchafingdish.com\/wp-content\/uploads\/2024\/03\/custom-cutlery-stand-300x300.webp 300w, https:\/\/www.dzwchafingdish.com\/wp-content\/uploads\/2024\/03\/custom-cutlery-stand-150x150.webp 150w, https:\/\/www.dzwchafingdish.com\/wp-content\/uploads\/2024\/03\/custom-cutlery-stand-768x768.webp 768w","medium_srcset":"https:\/\/www.dzwchafingdish.com\/wp-content\/uploads\/2024\/03\/custom-cutlery-stand-300x300.webp 300w, https:\/\/www.dzwchafingdish.com\/wp-content\/uploads\/2024\/03\/custom-cutlery-stand-150x150.webp 150w, https:\/\/www.dzwchafingdish.com\/wp-content\/uploads\/2024\/03\/custom-cutlery-stand-768x768.webp 768w, https:\/\/www.dzwchafingdish.com\/wp-content\/uploads\/2024\/03\/custom-cutlery-stand.webp 800w","media_details":{"width":800,"height":800,"sizes":{"medium":{"file":"custom-cutlery-stand-300x300.webp","width":300,"height":300,"mime-type":"image\/webp","filesize":4912,"source_url":"https:\/\/www.dzwchafingdish.com\/wp-content\/uploads\/2024\/03\/custom-cutlery-stand-300x300.webp"},"thumbnail":{"file":"custom-cutlery-stand-150x150.webp","width":150,"height":150,"mime-type":"image\/webp","filesize":2370,"source_url":"https:\/\/www.dzwchafingdish.com\/wp-content\/uploads\/2024\/03\/custom-cutlery-stand-150x150.webp"},"medium_large":{"file":"custom-cutlery-stand-768x768.webp","width":768,"height":768,"mime-type":"image\/webp","filesize":15006,"source_url":"https:\/\/www.dzwchafingdish.com\/wp-content\/uploads\/2024\/03\/custom-cutlery-stand-768x768.webp"}}},"alt_text":"custom cutlery stand","url":"","target":""}]]}},"_links":{"self":[{"href":"https:\/\/www.dzwchafingdish.com\/pt\/wp-json\/wp\/v2\/product\/3014","targetHints":{"allow":["GET"]}}],"collection":[{"href":"https:\/\/www.dzwchafingdish.com\/pt\/wp-json\/wp\/v2\/product"}],"about":[{"href":"https:\/\/www.dzwchafingdish.com\/pt\/wp-json\/wp\/v2\/types\/product"}],"author":[{"embeddable":true,"href":"https:\/\/www.dzwchafingdish.com\/pt\/wp-json\/wp\/v2\/users\/1"}],"version-history":[{"count":0,"href":"https:\/\/www.dzwchafingdish.com\/pt\/wp-json\/wp\/v2\/product\/3014\/revisions"}],"wp:featuredmedia":[{"embeddable":true,"href":"https:\/\/www.dzwchafingdish.com\/pt\/wp-json\/wp\/v2\/media\/3098"}],"wp:attachment":[{"href":"https:\/\/www.dzwchafingdish.com\/pt\/wp-json\/wp\/v2\/media?parent=3014"}],"wp:term":[{"taxonomy":"product-categories","embeddable":true,"href":"https:\/\/www.dzwchafingdish.com\/pt\/wp-json\/wp\/v2\/product-categories?post=3014"},{"taxonomy":"product-tag","embeddable":true,"href":"https:\/\/www.dzwchafingdish.com\/pt\/wp-json\/wp\/v2\/product-tag?post=3014"}],"curies":[{"name":"wp","href":"https:\/\/api.w.org\/{rel}","templated":true}]}}