{"id":3129,"date":"2024-03-12T06:26:00","date_gmt":"2024-03-12T06:26:00","guid":{"rendered":"https:\/\/www.dzwchafingdish.com\/?post_type=product&#038;p=3129"},"modified":"2024-06-13T03:55:28","modified_gmt":"2024-06-13T03:55:28","slug":"spoon-with-plate-sets","status":"publish","type":"product","link":"https:\/\/www.dzwchafingdish.com\/pt\/product\/spoon-with-plate-sets\/","title":{"rendered":"Colher de ouro com conjuntos de pratos por atacado"},"content":{"rendered":"<div class=\"wp-block-columns is-layout-flex wp-container-core-columns-is-layout-28f84493 wp-block-columns-is-layout-flex\">\n<div class=\"wp-block-column is-layout-flow wp-block-column-is-layout-flow\">\n<figure class=\"wp-block-image size-full\"><img fetchpriority=\"high\" decoding=\"async\" width=\"4000\" height=\"4000\" src=\"https:\/\/www.dzwchafingdish.com\/wp-content\/uploads\/2024\/03\/Delicate-Spoons-Set.webp\" alt=\"Conjunto de colheres delicadas\" class=\"wp-image-3130\" srcset=\"https:\/\/www.dzwchafingdish.com\/wp-content\/uploads\/2024\/03\/Delicate-Spoons-Set.webp 4000w, https:\/\/www.dzwchafingdish.com\/wp-content\/uploads\/2024\/03\/Delicate-Spoons-Set-300x300.webp 300w, https:\/\/www.dzwchafingdish.com\/wp-content\/uploads\/2024\/03\/Delicate-Spoons-Set-150x150.webp 150w, https:\/\/www.dzwchafingdish.com\/wp-content\/uploads\/2024\/03\/Delicate-Spoons-Set-768x768.webp 768w\" sizes=\"(max-width: 4000px) 100vw, 4000px\" \/><\/figure>\n<\/div>\n\n\n\n<div class=\"wp-block-column is-layout-flow wp-block-column-is-layout-flow\">\n<h2 class=\"wp-block-heading\" style=\"font-size:18px\"><strong>Colher com conjuntos de pratos Dimens\u00e3o<\/strong><\/h2>\n\n\n\n<figure class=\"wp-block-table\"><table><tbody><tr><td>ITEM NO.<\/td><td>DZW-GS01<\/td><\/tr><tr><td>&nbsp;PESO<\/td><td>200g\/PC<\/td><\/tr><tr><td>TAMANHO<\/td><td>22cm x 4cm x 8,5cm<\/td><\/tr><tr><td>COR<\/td><td>Dourado\/Prata<\/td><\/tr><tr><td>MOQ<\/td><td>100 conjuntos<\/td><\/tr><\/tbody><\/table><\/figure>\n\n\n\n<h2 class=\"wp-block-heading\" style=\"font-size:18px\"><strong>Conjuntos de colheres e pratos Carater\u00edsticas<\/strong><\/h2>\n\n\n\n<p>Fabricado em a\u00e7o inoxid\u00e1vel 201 de alta qualidade, combina luxo e car\u00e1cter pr\u00e1tico. Dispon\u00edvel em dourado e prateado, \u00e9 uma \u00f3ptima escolha para o servi\u00e7o de restaurante e para a exposi\u00e7\u00e3o de suportes. Convenientemente embalado em conjuntos de 100 para satisfazer a procura em grande escala de material de restaura\u00e7\u00e3o para hot\u00e9is.<\/p>\n<\/div>\n<\/div>","protected":false},"excerpt":{"rendered":"<p>Spoon with Plate Sets Dimension ITEM NO. DZW-GS01 &nbsp;WEIGHT 200g\/PC SIZE 22cm x 4cm x 8.5cm COLOR Golden\/Silver MOQ 100 sets Spoon with Plate Sets Features Made of high-quality stainless steel 201, it combines luxury and practicality. Available in gold and silver, it&#8217;s a great choice for restaurant service and holder display.Conveniently packaged in sets [&hellip;]<\/p>","protected":false},"author":1,"featured_media":3133,"parent":0,"menu_order":0,"template":"","format":"standard","meta":{"_acf_changed":false,"site-sidebar-layout":"default","site-content-layout":"","ast-site-content-layout":"default","site-content-style":"default","site-sidebar-style":"default","ast-global-header-display":"","ast-banner-title-visibility":"","ast-main-header-display":"","ast-hfb-above-header-display":"","ast-hfb-below-header-display":"","ast-hfb-mobile-header-display":"","site-post-title":"","ast-breadcrumbs-content":"","ast-featured-img":"","footer-sml-layout":"","theme-transparent-header-meta":"","adv-header-id-meta":"","stick-header-meta":"","header-above-stick-meta":"","header-main-stick-meta":"","header-below-stick-meta":"","astra-migrate-meta-layouts":"default","ast-page-background-enabled":"default","ast-page-background-meta":{"desktop":{"background-color":"var(--ast-global-color-4)","background-image":"","background-repeat":"repeat","background-position":"center center","background-size":"auto","background-attachment":"scroll","background-type":"","background-media":"","overlay-type":"","overlay-color":"","overlay-opacity":"","overlay-gradient":""},"tablet":{"background-color":"","background-image":"","background-repeat":"repeat","background-position":"center center","background-size":"auto","background-attachment":"scroll","background-type":"","background-media":"","overlay-type":"","overlay-color":"","overlay-opacity":"","overlay-gradient":""},"mobile":{"background-color":"","background-image":"","background-repeat":"repeat","background-position":"center center","background-size":"auto","background-attachment":"scroll","background-type":"","background-media":"","overlay-type":"","overlay-color":"","overlay-opacity":"","overlay-gradient":""}},"ast-content-background-meta":{"desktop":{"background-color":"var(--ast-global-color-5)","background-image":"","background-repeat":"repeat","background-position":"center center","background-size":"auto","background-attachment":"scroll","background-type":"","background-media":"","overlay-type":"","overlay-color":"","overlay-opacity":"","overlay-gradient":""},"tablet":{"background-color":"var(--ast-global-color-5)","background-image":"","background-repeat":"repeat","background-position":"center center","background-size":"auto","background-attachment":"scroll","background-type":"","background-media":"","overlay-type":"","overlay-color":"","overlay-opacity":"","overlay-gradient":""},"mobile":{"background-color":"var(--ast-global-color-5)","background-image":"","background-repeat":"repeat","background-position":"center center","background-size":"auto","background-attachment":"scroll","background-type":"","background-media":"","overlay-type":"","overlay-color":"","overlay-opacity":"","overlay-gradient":""}},"footnotes":""},"product-categories":[68],"product-tag":[],"class_list":["post-3129","product","type-product","status-publish","format-standard","has-post-thumbnail","hentry","product-categories-cutlery-sets-and-tongs"],"acf":{"title":"Colher de ouro com conjuntos de pratos por atacado","title_source":{"label":"Title","type":"text","formatted_value":"Golden Spoon with Plate Sets Wholesale"},"short_description":"Wholesale gold spoon with plates, polished glossy luxury design for upscale catering events. Discover more flatware in bulk, at the leading catering equipment and supplies manufacturer, contact us now to learn more!","short_description_source":{"label":"Short description","type":"textarea","formatted_value":"Wholesale gold spoon with plates, polished glossy luxury design for upscale catering events. Discover more flatware in bulk, at the leading catering equipment and supplies manufacturer, contact us now to learn more!"},"parameters":"<table border=\"0\" width=\"645\" cellspacing=\"0\" cellpadding=\"0\">\r\n<tbody>\r\n<tr>\r\n<td width=\"234\" height=\"29\">Manufacturer<\/td>\r\n<td width=\"411\">DONGZHAOWEI<\/td>\r\n<\/tr>\r\n<tr>\r\n<td height=\"29\">Material<\/td>\r\n<td>Stainless Steel 201<\/td>\r\n<\/tr>\r\n<tr>\r\n<td height=\"29\">Color<\/td>\r\n<td>Golden\/Silver<\/td>\r\n<\/tr>\r\n<tr>\r\n<td height=\"29\">Custom<\/td>\r\n<td>Color\/Logo\/Package<\/td>\r\n<\/tr>\r\n<\/tbody>\r\n<\/table>","parameters_source":{"label":"Parameters","type":"wysiwyg","formatted_value":"<table border=\"0\" width=\"645\" cellspacing=\"0\" cellpadding=\"0\">\n<tbody>\n<tr>\n<td width=\"234\" height=\"29\">Manufacturer<\/td>\n<td width=\"411\">DONGZHAOWEI<\/td>\n<\/tr>\n<tr>\n<td height=\"29\">Material<\/td>\n<td>Stainless Steel 201<\/td>\n<\/tr>\n<tr>\n<td height=\"29\">Color<\/td>\n<td>Golden\/Silver<\/td>\n<\/tr>\n<tr>\n<td height=\"29\">Custom<\/td>\n<td>Color\/Logo\/Package<\/td>\n<\/tr>\n<\/tbody>\n<\/table>\n"},"photo_gallery":{"product_gallery":[[{"id":3132,"title":"Golden Spoons Set","caption":"Golden Spoons Set","full_image_url":"https:\/\/www.dzwchafingdish.com\/wp-content\/uploads\/2024\/03\/Golden-Spoons-Set.webp","thumbnail_image_url":"https:\/\/www.dzwchafingdish.com\/wp-content\/uploads\/2024\/03\/Golden-Spoons-Set-150x150.webp","large_srcset":"https:\/\/www.dzwchafingdish.com\/wp-content\/uploads\/2024\/03\/Golden-Spoons-Set.webp 2480w, https:\/\/www.dzwchafingdish.com\/wp-content\/uploads\/2024\/03\/Golden-Spoons-Set-300x300.webp 300w, https:\/\/www.dzwchafingdish.com\/wp-content\/uploads\/2024\/03\/Golden-Spoons-Set-150x150.webp 150w, https:\/\/www.dzwchafingdish.com\/wp-content\/uploads\/2024\/03\/Golden-Spoons-Set-768x768.webp 768w","medium_srcset":"https:\/\/www.dzwchafingdish.com\/wp-content\/uploads\/2024\/03\/Golden-Spoons-Set-300x300.webp 300w, https:\/\/www.dzwchafingdish.com\/wp-content\/uploads\/2024\/03\/Golden-Spoons-Set-150x150.webp 150w, https:\/\/www.dzwchafingdish.com\/wp-content\/uploads\/2024\/03\/Golden-Spoons-Set-768x768.webp 768w","media_details":{"width":2480,"height":2480,"sizes":{"medium":{"file":"Golden-Spoons-Set-300x300.webp","width":300,"height":300,"mime-type":"image\/webp","filesize":8698,"source_url":"https:\/\/www.dzwchafingdish.com\/wp-content\/uploads\/2024\/03\/Golden-Spoons-Set-300x300.webp"},"thumbnail":{"file":"Golden-Spoons-Set-150x150.webp","width":150,"height":150,"mime-type":"image\/webp","filesize":3236,"source_url":"https:\/\/www.dzwchafingdish.com\/wp-content\/uploads\/2024\/03\/Golden-Spoons-Set-150x150.webp"},"medium_large":{"file":"Golden-Spoons-Set-768x768.webp","width":768,"height":768,"mime-type":"image\/webp","filesize":31668,"source_url":"https:\/\/www.dzwchafingdish.com\/wp-content\/uploads\/2024\/03\/Golden-Spoons-Set-768x768.webp"}}},"alt_text":"Golden Spoons Set","url":"","target":""},{"id":3133,"title":"Golden Spoons with Plate-Set","caption":"Golden Spoons with Plate-Set","full_image_url":"https:\/\/www.dzwchafingdish.com\/wp-content\/uploads\/2024\/03\/Golden-Spoons-with-Plate-Set.webp","thumbnail_image_url":"https:\/\/www.dzwchafingdish.com\/wp-content\/uploads\/2024\/03\/Golden-Spoons-with-Plate-Set-150x150.webp","large_srcset":"https:\/\/www.dzwchafingdish.com\/wp-content\/uploads\/2024\/03\/Golden-Spoons-with-Plate-Set.webp 2480w, https:\/\/www.dzwchafingdish.com\/wp-content\/uploads\/2024\/03\/Golden-Spoons-with-Plate-Set-300x300.webp 300w, https:\/\/www.dzwchafingdish.com\/wp-content\/uploads\/2024\/03\/Golden-Spoons-with-Plate-Set-150x150.webp 150w, https:\/\/www.dzwchafingdish.com\/wp-content\/uploads\/2024\/03\/Golden-Spoons-with-Plate-Set-768x768.webp 768w","medium_srcset":"https:\/\/www.dzwchafingdish.com\/wp-content\/uploads\/2024\/03\/Golden-Spoons-with-Plate-Set-300x300.webp 300w, https:\/\/www.dzwchafingdish.com\/wp-content\/uploads\/2024\/03\/Golden-Spoons-with-Plate-Set-150x150.webp 150w, https:\/\/www.dzwchafingdish.com\/wp-content\/uploads\/2024\/03\/Golden-Spoons-with-Plate-Set-768x768.webp 768w","media_details":{"width":2480,"height":2480,"sizes":{"medium":{"file":"Golden-Spoons-with-Plate-Set-300x300.webp","width":300,"height":300,"mime-type":"image\/webp","filesize":10328,"source_url":"https:\/\/www.dzwchafingdish.com\/wp-content\/uploads\/2024\/03\/Golden-Spoons-with-Plate-Set-300x300.webp"},"thumbnail":{"file":"Golden-Spoons-with-Plate-Set-150x150.webp","width":150,"height":150,"mime-type":"image\/webp","filesize":3792,"source_url":"https:\/\/www.dzwchafingdish.com\/wp-content\/uploads\/2024\/03\/Golden-Spoons-with-Plate-Set-150x150.webp"},"medium_large":{"file":"Golden-Spoons-with-Plate-Set-768x768.webp","width":768,"height":768,"mime-type":"image\/webp","filesize":34260,"source_url":"https:\/\/www.dzwchafingdish.com\/wp-content\/uploads\/2024\/03\/Golden-Spoons-with-Plate-Set-768x768.webp"}}},"alt_text":"Golden Spoons with Plate-Set","url":"","target":""},{"id":3136,"title":"Spoons-with-Plate-Set","caption":"Spoons-with-Plate-Set","full_image_url":"https:\/\/www.dzwchafingdish.com\/wp-content\/uploads\/2024\/03\/Spoons-with-Plate-Set.webp","thumbnail_image_url":"https:\/\/www.dzwchafingdish.com\/wp-content\/uploads\/2024\/03\/Spoons-with-Plate-Set-150x150.webp","large_srcset":"https:\/\/www.dzwchafingdish.com\/wp-content\/uploads\/2024\/03\/Spoons-with-Plate-Set.webp 2480w, https:\/\/www.dzwchafingdish.com\/wp-content\/uploads\/2024\/03\/Spoons-with-Plate-Set-300x300.webp 300w, https:\/\/www.dzwchafingdish.com\/wp-content\/uploads\/2024\/03\/Spoons-with-Plate-Set-150x150.webp 150w, https:\/\/www.dzwchafingdish.com\/wp-content\/uploads\/2024\/03\/Spoons-with-Plate-Set-768x768.webp 768w","medium_srcset":"https:\/\/www.dzwchafingdish.com\/wp-content\/uploads\/2024\/03\/Spoons-with-Plate-Set-300x300.webp 300w, https:\/\/www.dzwchafingdish.com\/wp-content\/uploads\/2024\/03\/Spoons-with-Plate-Set-150x150.webp 150w, https:\/\/www.dzwchafingdish.com\/wp-content\/uploads\/2024\/03\/Spoons-with-Plate-Set-768x768.webp 768w","media_details":{"width":2480,"height":2480,"sizes":{"medium":{"file":"Spoons-with-Plate-Set-300x300.webp","width":300,"height":300,"mime-type":"image\/webp","filesize":14154,"source_url":"https:\/\/www.dzwchafingdish.com\/wp-content\/uploads\/2024\/03\/Spoons-with-Plate-Set-300x300.webp"},"thumbnail":{"file":"Spoons-with-Plate-Set-150x150.webp","width":150,"height":150,"mime-type":"image\/webp","filesize":5306,"source_url":"https:\/\/www.dzwchafingdish.com\/wp-content\/uploads\/2024\/03\/Spoons-with-Plate-Set-150x150.webp"},"medium_large":{"file":"Spoons-with-Plate-Set-768x768.webp","width":768,"height":768,"mime-type":"image\/webp","filesize":48932,"source_url":"https:\/\/www.dzwchafingdish.com\/wp-content\/uploads\/2024\/03\/Spoons-with-Plate-Set-768x768.webp"}}},"alt_text":"Spoons-with-Plate-Set","url":"","target":""},{"id":3134,"title":"Spoons Set","caption":"Spoons Set","full_image_url":"https:\/\/www.dzwchafingdish.com\/wp-content\/uploads\/2024\/03\/Spoons-Set.webp","thumbnail_image_url":"https:\/\/www.dzwchafingdish.com\/wp-content\/uploads\/2024\/03\/Spoons-Set-150x150.webp","large_srcset":"https:\/\/www.dzwchafingdish.com\/wp-content\/uploads\/2024\/03\/Spoons-Set.webp 2480w, https:\/\/www.dzwchafingdish.com\/wp-content\/uploads\/2024\/03\/Spoons-Set-300x300.webp 300w, https:\/\/www.dzwchafingdish.com\/wp-content\/uploads\/2024\/03\/Spoons-Set-150x150.webp 150w, https:\/\/www.dzwchafingdish.com\/wp-content\/uploads\/2024\/03\/Spoons-Set-768x768.webp 768w","medium_srcset":"https:\/\/www.dzwchafingdish.com\/wp-content\/uploads\/2024\/03\/Spoons-Set-300x300.webp 300w, https:\/\/www.dzwchafingdish.com\/wp-content\/uploads\/2024\/03\/Spoons-Set-150x150.webp 150w, https:\/\/www.dzwchafingdish.com\/wp-content\/uploads\/2024\/03\/Spoons-Set-768x768.webp 768w","media_details":{"width":2480,"height":2480,"sizes":{"medium":{"file":"Spoons-Set-300x300.webp","width":300,"height":300,"mime-type":"image\/webp","filesize":7856,"source_url":"https:\/\/www.dzwchafingdish.com\/wp-content\/uploads\/2024\/03\/Spoons-Set-300x300.webp"},"thumbnail":{"file":"Spoons-Set-150x150.webp","width":150,"height":150,"mime-type":"image\/webp","filesize":3142,"source_url":"https:\/\/www.dzwchafingdish.com\/wp-content\/uploads\/2024\/03\/Spoons-Set-150x150.webp"},"medium_large":{"file":"Spoons-Set-768x768.webp","width":768,"height":768,"mime-type":"image\/webp","filesize":26178,"source_url":"https:\/\/www.dzwchafingdish.com\/wp-content\/uploads\/2024\/03\/Spoons-Set-768x768.webp"}}},"alt_text":"Spoons Set","url":"","target":""},{"id":3130,"title":"Delicate Spoons Set","caption":"Delicate Spoons Set","full_image_url":"https:\/\/www.dzwchafingdish.com\/wp-content\/uploads\/2024\/03\/Delicate-Spoons-Set.webp","thumbnail_image_url":"https:\/\/www.dzwchafingdish.com\/wp-content\/uploads\/2024\/03\/Delicate-Spoons-Set-150x150.webp","large_srcset":"https:\/\/www.dzwchafingdish.com\/wp-content\/uploads\/2024\/03\/Delicate-Spoons-Set.webp 4000w, https:\/\/www.dzwchafingdish.com\/wp-content\/uploads\/2024\/03\/Delicate-Spoons-Set-300x300.webp 300w, https:\/\/www.dzwchafingdish.com\/wp-content\/uploads\/2024\/03\/Delicate-Spoons-Set-150x150.webp 150w, https:\/\/www.dzwchafingdish.com\/wp-content\/uploads\/2024\/03\/Delicate-Spoons-Set-768x768.webp 768w","medium_srcset":"https:\/\/www.dzwchafingdish.com\/wp-content\/uploads\/2024\/03\/Delicate-Spoons-Set-300x300.webp 300w, https:\/\/www.dzwchafingdish.com\/wp-content\/uploads\/2024\/03\/Delicate-Spoons-Set-150x150.webp 150w, https:\/\/www.dzwchafingdish.com\/wp-content\/uploads\/2024\/03\/Delicate-Spoons-Set-768x768.webp 768w","media_details":{"width":4000,"height":4000,"sizes":{"medium":{"file":"Delicate-Spoons-Set-300x300.webp","width":300,"height":300,"mime-type":"image\/webp","filesize":27362,"source_url":"https:\/\/www.dzwchafingdish.com\/wp-content\/uploads\/2024\/03\/Delicate-Spoons-Set-300x300.webp"},"thumbnail":{"file":"Delicate-Spoons-Set-150x150.webp","width":150,"height":150,"mime-type":"image\/webp","filesize":8582,"source_url":"https:\/\/www.dzwchafingdish.com\/wp-content\/uploads\/2024\/03\/Delicate-Spoons-Set-150x150.webp"},"medium_large":{"file":"Delicate-Spoons-Set-768x768.webp","width":768,"height":768,"mime-type":"image\/webp","filesize":126548,"source_url":"https:\/\/www.dzwchafingdish.com\/wp-content\/uploads\/2024\/03\/Delicate-Spoons-Set-768x768.webp"}}},"alt_text":"Delicate Spoons Set","url":"","target":""},{"id":3137,"title":"Delicate-Spoons-Size","caption":"","full_image_url":"https:\/\/www.dzwchafingdish.com\/wp-content\/uploads\/2024\/03\/Delicate-Spoons-Size.webp","thumbnail_image_url":"https:\/\/www.dzwchafingdish.com\/wp-content\/uploads\/2024\/03\/Delicate-Spoons-Size-150x150.webp","large_srcset":"https:\/\/www.dzwchafingdish.com\/wp-content\/uploads\/2024\/03\/Delicate-Spoons-Size.webp 800w, https:\/\/www.dzwchafingdish.com\/wp-content\/uploads\/2024\/03\/Delicate-Spoons-Size-300x300.webp 300w, https:\/\/www.dzwchafingdish.com\/wp-content\/uploads\/2024\/03\/Delicate-Spoons-Size-150x150.webp 150w, https:\/\/www.dzwchafingdish.com\/wp-content\/uploads\/2024\/03\/Delicate-Spoons-Size-768x768.webp 768w","medium_srcset":"https:\/\/www.dzwchafingdish.com\/wp-content\/uploads\/2024\/03\/Delicate-Spoons-Size-300x300.webp 300w, https:\/\/www.dzwchafingdish.com\/wp-content\/uploads\/2024\/03\/Delicate-Spoons-Size-150x150.webp 150w, https:\/\/www.dzwchafingdish.com\/wp-content\/uploads\/2024\/03\/Delicate-Spoons-Size-768x768.webp 768w, https:\/\/www.dzwchafingdish.com\/wp-content\/uploads\/2024\/03\/Delicate-Spoons-Size.webp 800w","media_details":{"width":800,"height":800,"sizes":{"medium":{"file":"Delicate-Spoons-Size-300x300.webp","width":300,"height":300,"mime-type":"image\/webp","filesize":3328,"source_url":"https:\/\/www.dzwchafingdish.com\/wp-content\/uploads\/2024\/03\/Delicate-Spoons-Size-300x300.webp"},"thumbnail":{"file":"Delicate-Spoons-Size-150x150.webp","width":150,"height":150,"mime-type":"image\/webp","filesize":1326,"source_url":"https:\/\/www.dzwchafingdish.com\/wp-content\/uploads\/2024\/03\/Delicate-Spoons-Size-150x150.webp"},"medium_large":{"file":"Delicate-Spoons-Size-768x768.webp","width":768,"height":768,"mime-type":"image\/webp","filesize":10036,"source_url":"https:\/\/www.dzwchafingdish.com\/wp-content\/uploads\/2024\/03\/Delicate-Spoons-Size-768x768.webp"}}},"alt_text":"","url":"","target":""}]]}},"_links":{"self":[{"href":"https:\/\/www.dzwchafingdish.com\/pt\/wp-json\/wp\/v2\/product\/3129","targetHints":{"allow":["GET"]}}],"collection":[{"href":"https:\/\/www.dzwchafingdish.com\/pt\/wp-json\/wp\/v2\/product"}],"about":[{"href":"https:\/\/www.dzwchafingdish.com\/pt\/wp-json\/wp\/v2\/types\/product"}],"author":[{"embeddable":true,"href":"https:\/\/www.dzwchafingdish.com\/pt\/wp-json\/wp\/v2\/users\/1"}],"version-history":[{"count":0,"href":"https:\/\/www.dzwchafingdish.com\/pt\/wp-json\/wp\/v2\/product\/3129\/revisions"}],"wp:featuredmedia":[{"embeddable":true,"href":"https:\/\/www.dzwchafingdish.com\/pt\/wp-json\/wp\/v2\/media\/3133"}],"wp:attachment":[{"href":"https:\/\/www.dzwchafingdish.com\/pt\/wp-json\/wp\/v2\/media?parent=3129"}],"wp:term":[{"taxonomy":"product-categories","embeddable":true,"href":"https:\/\/www.dzwchafingdish.com\/pt\/wp-json\/wp\/v2\/product-categories?post=3129"},{"taxonomy":"product-tag","embeddable":true,"href":"https:\/\/www.dzwchafingdish.com\/pt\/wp-json\/wp\/v2\/product-tag?post=3129"}],"curies":[{"name":"wp","href":"https:\/\/api.w.org\/{rel}","templated":true}]}}