{"id":3392,"date":"2024-03-23T12:37:20","date_gmt":"2024-03-23T12:37:20","guid":{"rendered":"https:\/\/www.dzwchafingdish.com\/?post_type=product&#038;p=3392"},"modified":"2024-06-15T05:18:44","modified_gmt":"2024-06-15T05:18:44","slug":"chafing-dish-food-warmer","status":"publish","type":"product","link":"https:\/\/www.dzwchafingdish.com\/pt\/product\/chafing-dish-food-warmer\/","title":{"rendered":"Aquecedor de Alimentos para Pratos de Chafing em A\u00e7o Inoxid\u00e1vel OEM para Buffet Catering"},"content":{"rendered":"<div class=\"wp-block-columns is-layout-flex wp-container-core-columns-is-layout-28f84493 wp-block-columns-is-layout-flex\">\n<div class=\"wp-block-column is-layout-flow wp-block-column-is-layout-flow\">\n<h2 class=\"wp-block-heading\"><strong>Dimens\u00e3o do aquecedor de alimentos para chafing Dish<\/strong><\/h2>\n\n\n\n<figure class=\"wp-block-table\"><table><tbody><tr><td>ITEM NO.<\/td><td>TAMANHO<\/td><td>COMPRIMENTO<\/td><td>LARGO<\/td><td>ALTURA<\/td><\/tr><tr><td>DZW-GE060<\/td><td>4.5L<\/td><td>41 cm<\/td><td>32 cm<\/td><td>59 cm<\/td><\/tr><tr><td>DZW-SE060<\/td><td>4.5L<\/td><td>41 cm<\/td><td>32 cm<\/td><td>59 cm<\/td><\/tr><tr><td>DZW-AS090<\/td><td>9.0L<\/td><td>48,5 cm<\/td><td>41,5 cm<\/td><td>74 cm<\/td><\/tr><tr><td>DZW-AG090<\/td><td>9.0L<\/td><td>48,5 cm<\/td><td>41,5 cm<\/td><td>74 cm<\/td><\/tr><\/tbody><\/table><\/figure>\n<\/div>\n\n\n\n<div class=\"wp-block-column is-layout-flow wp-block-column-is-layout-flow\">\n<figure class=\"wp-block-image aligncenter size-full is-resized\"><img fetchpriority=\"high\" decoding=\"async\" width=\"1042\" height=\"1041\" src=\"https:\/\/www.dzwchafingdish.com\/wp-content\/uploads\/2024\/03\/chafing-dish-food-warmer-1.webp\" alt=\"aquecedor de alimentos para assadeiras - venda por grosso\" class=\"wp-image-3393\" style=\"width:463px;height:auto\" srcset=\"https:\/\/www.dzwchafingdish.com\/wp-content\/uploads\/2024\/03\/chafing-dish-food-warmer-1.webp 1042w, https:\/\/www.dzwchafingdish.com\/wp-content\/uploads\/2024\/03\/chafing-dish-food-warmer-1-300x300.webp 300w, https:\/\/www.dzwchafingdish.com\/wp-content\/uploads\/2024\/03\/chafing-dish-food-warmer-1-150x150.webp 150w, https:\/\/www.dzwchafingdish.com\/wp-content\/uploads\/2024\/03\/chafing-dish-food-warmer-1-768x767.webp 768w\" sizes=\"(max-width: 1042px) 100vw, 1042px\" \/><\/figure>\n<\/div>\n<\/div>\n\n\n\n<div class=\"wp-block-columns is-layout-flex wp-container-core-columns-is-layout-28f84493 wp-block-columns-is-layout-flex\">\n<div class=\"wp-block-column is-layout-flow wp-block-column-is-layout-flow\">\n<figure class=\"wp-block-image aligncenter size-full is-resized\"><img decoding=\"async\" width=\"800\" height=\"800\" src=\"https:\/\/www.dzwchafingdish.com\/wp-content\/uploads\/2024\/03\/chafing-dish-food-warmer-3.webp\" alt=\"aquecedor de alimentos em forma de prato refrat\u00e1rio-3\" class=\"wp-image-3395\" style=\"width:522px;height:auto\" srcset=\"https:\/\/www.dzwchafingdish.com\/wp-content\/uploads\/2024\/03\/chafing-dish-food-warmer-3.webp 800w, https:\/\/www.dzwchafingdish.com\/wp-content\/uploads\/2024\/03\/chafing-dish-food-warmer-3-300x300.webp 300w, https:\/\/www.dzwchafingdish.com\/wp-content\/uploads\/2024\/03\/chafing-dish-food-warmer-3-150x150.webp 150w, https:\/\/www.dzwchafingdish.com\/wp-content\/uploads\/2024\/03\/chafing-dish-food-warmer-3-768x768.webp 768w\" sizes=\"(max-width: 800px) 100vw, 800px\" \/><\/figure>\n<\/div>\n\n\n\n<div class=\"wp-block-column is-vertically-aligned-center is-layout-flow wp-block-column-is-layout-flow\">\n<h2 class=\"wp-block-heading\"><strong>Carater\u00edsticas do Aquecedor de Alimentos para Chafing Dish :<\/strong><\/h2>\n\n\n\n<ul class=\"wp-block-list\">\n<li>Funcionalidade de aquecimento: Aquece eficazmente v\u00e1rios pratos, mantendo a temperatura perfeita dos alimentos para garantir a preserva\u00e7\u00e3o do sabor e da qualidade.<\/li>\n\n\n\n<li>Utiliza\u00e7\u00e3o c\u00f3moda: Concebida a pensar na comodidade do utilizador, a tampa foi concebida para poder ser pendurada, eliminando a necessidade de espa\u00e7o de arruma\u00e7\u00e3o extra durante as refei\u00e7\u00f5es e facilitando o acesso aos alimentos.<\/li>\n\n\n\n<li>Design Premium: Os aquecedores de alimentos para marmitas apresentam normalmente estilos de design requintados e de alta qualidade que n\u00e3o s\u00f3 satisfazem as necessidades funcionais dos utilizadores, como tamb\u00e9m melhoram o ambiente das refei\u00e7\u00f5es, tornando-as mais elegantes.<\/li>\n\n\n\n<li>Durabilidade: Fabricado com materiais dur\u00e1veis, possui uma grande durabilidade e uma longa vida \u00fatil, proporcionando aos utilizadores uma experi\u00eancia de utiliza\u00e7\u00e3o duradoura.<\/li>\n<\/ul>\n<\/div>\n<\/div>","protected":false},"excerpt":{"rendered":"<p>Aquecedor de alimentos para pratos quentes Dimens\u00e3o ITEM NO. TAMANHO COMPRIMENTO LARGURA ALTURA DZW-GE060 4,5L 41 cm 32 cm 59 cm DZW-SE060 4,5L 41 cm 32 cm 59 cm DZW-AS090 9,0L 48,5 cm 41,5 cm 74 cm DZW-AG090 9,0L 48,5 cm 41,5 cm 74 cm Carater\u00edsticas do aquecedor de alimentos para pratos quentes :<\/p>","protected":false},"author":3,"featured_media":3393,"parent":0,"menu_order":0,"template":"","format":"standard","meta":{"_acf_changed":false,"site-sidebar-layout":"default","site-content-layout":"","ast-site-content-layout":"default","site-content-style":"default","site-sidebar-style":"default","ast-global-header-display":"","ast-banner-title-visibility":"","ast-main-header-display":"","ast-hfb-above-header-display":"","ast-hfb-below-header-display":"","ast-hfb-mobile-header-display":"","site-post-title":"","ast-breadcrumbs-content":"","ast-featured-img":"","footer-sml-layout":"","theme-transparent-header-meta":"","adv-header-id-meta":"","stick-header-meta":"","header-above-stick-meta":"","header-main-stick-meta":"","header-below-stick-meta":"","astra-migrate-meta-layouts":"default","ast-page-background-enabled":"default","ast-page-background-meta":{"desktop":{"background-color":"var(--ast-global-color-4)","background-image":"","background-repeat":"repeat","background-position":"center center","background-size":"auto","background-attachment":"scroll","background-type":"","background-media":"","overlay-type":"","overlay-color":"","overlay-opacity":"","overlay-gradient":""},"tablet":{"background-color":"","background-image":"","background-repeat":"repeat","background-position":"center center","background-size":"auto","background-attachment":"scroll","background-type":"","background-media":"","overlay-type":"","overlay-color":"","overlay-opacity":"","overlay-gradient":""},"mobile":{"background-color":"","background-image":"","background-repeat":"repeat","background-position":"center center","background-size":"auto","background-attachment":"scroll","background-type":"","background-media":"","overlay-type":"","overlay-color":"","overlay-opacity":"","overlay-gradient":""}},"ast-content-background-meta":{"desktop":{"background-color":"var(--ast-global-color-5)","background-image":"","background-repeat":"repeat","background-position":"center center","background-size":"auto","background-attachment":"scroll","background-type":"","background-media":"","overlay-type":"","overlay-color":"","overlay-opacity":"","overlay-gradient":""},"tablet":{"background-color":"var(--ast-global-color-5)","background-image":"","background-repeat":"repeat","background-position":"center center","background-size":"auto","background-attachment":"scroll","background-type":"","background-media":"","overlay-type":"","overlay-color":"","overlay-opacity":"","overlay-gradient":""},"mobile":{"background-color":"var(--ast-global-color-5)","background-image":"","background-repeat":"repeat","background-position":"center center","background-size":"auto","background-attachment":"scroll","background-type":"","background-media":"","overlay-type":"","overlay-color":"","overlay-opacity":"","overlay-gradient":""}},"footnotes":""},"product-categories":[63],"product-tag":[97,90,91],"class_list":["post-3392","product","type-product","status-publish","format-standard","has-post-thumbnail","hentry","product-categories-chafing-dish","product-tag-chafing-dish-with-hanging-lid","product-tag-fuel-chafing-dish","product-tag-round-chafing-dish"],"acf":{"title":"Aquecedor de Alimentos para Pratos de Chafing em A\u00e7o Inoxid\u00e1vel OEM para Buffet Catering","title_source":{"label":"Title","type":"text","formatted_value":"Stainless Steel Chafing Dish Food Warmer OEM for Buffet Catering"},"short_description":"Wholesale stainless steel chafing dish food warmer offerings, we specialize in custom solutions to elevate your buffet catering business with efficiency and modern flair.   This chafing dish product is designed for user convenience with hangable lids. Crafted from durable materials, they ensure longevity, providing users with lasting satisfaction.","short_description_source":{"label":"Short description","type":"textarea","formatted_value":"Wholesale stainless steel chafing dish food warmer offerings, we specialize in custom solutions to elevate your buffet catering business with efficiency and modern flair.   This chafing dish product is designed for user convenience with hangable lids. Crafted from durable materials, they ensure longevity, providing users with lasting satisfaction."},"parameters":"<table border=\"0\" width=\"275\" cellspacing=\"0\" cellpadding=\"0\">\r\n<tbody>\r\n<tr>\r\n<td width=\"108\" height=\"17\">Manufacturer<\/td>\r\n<td width=\"167\">DONGZHAOWEI<\/td>\r\n<\/tr>\r\n<tr>\r\n<td height=\"17\">Material<\/td>\r\n<td>Stainless Steel 201<\/td>\r\n<\/tr>\r\n<tr>\r\n<td height=\"17\">Capacity<\/td>\r\n<td>4.5L\uff1b9.0L<\/td>\r\n<\/tr>\r\n<tr>\r\n<td height=\"17\">Color<\/td>\r\n<td>Golden \/ Silver<\/td>\r\n<\/tr>\r\n<tr>\r\n<td height=\"17\">Design<\/td>\r\n<td>Round shape<\/td>\r\n<\/tr>\r\n<tr>\r\n<td height=\"17\">Lid type<\/td>\r\n<td>Hanging lid<\/td>\r\n<\/tr>\r\n<tr>\r\n<td height=\"17\">Heat<\/td>\r\n<td>Fuel<\/td>\r\n<\/tr>\r\n<tr>\r\n<td height=\"17\">Custom<\/td>\r\n<td>Color\/Logo\/Package<\/td>\r\n<\/tr>\r\n<\/tbody>\r\n<\/table>","parameters_source":{"label":"Parameters","type":"wysiwyg","formatted_value":"<table border=\"0\" width=\"275\" cellspacing=\"0\" cellpadding=\"0\">\n<tbody>\n<tr>\n<td width=\"108\" height=\"17\">Manufacturer<\/td>\n<td width=\"167\">DONGZHAOWEI<\/td>\n<\/tr>\n<tr>\n<td height=\"17\">Material<\/td>\n<td>Stainless Steel 201<\/td>\n<\/tr>\n<tr>\n<td height=\"17\">Capacity<\/td>\n<td>4.5L\uff1b9.0L<\/td>\n<\/tr>\n<tr>\n<td height=\"17\">Color<\/td>\n<td>Golden \/ Silver<\/td>\n<\/tr>\n<tr>\n<td height=\"17\">Design<\/td>\n<td>Round shape<\/td>\n<\/tr>\n<tr>\n<td height=\"17\">Lid type<\/td>\n<td>Hanging lid<\/td>\n<\/tr>\n<tr>\n<td height=\"17\">Heat<\/td>\n<td>Fuel<\/td>\n<\/tr>\n<tr>\n<td height=\"17\">Custom<\/td>\n<td>Color\/Logo\/Package<\/td>\n<\/tr>\n<\/tbody>\n<\/table>\n"},"photo_gallery":{"product_gallery":[[{"id":3393,"title":"chafing-dish-food-warmer-wholesale-1","caption":"chafing-dish-food-warmer-wholesale","full_image_url":"https:\/\/www.dzwchafingdish.com\/wp-content\/uploads\/2024\/03\/chafing-dish-food-warmer-1.webp","thumbnail_image_url":"https:\/\/www.dzwchafingdish.com\/wp-content\/uploads\/2024\/03\/chafing-dish-food-warmer-1-150x150.webp","large_srcset":"https:\/\/www.dzwchafingdish.com\/wp-content\/uploads\/2024\/03\/chafing-dish-food-warmer-1.webp 1042w, https:\/\/www.dzwchafingdish.com\/wp-content\/uploads\/2024\/03\/chafing-dish-food-warmer-1-300x300.webp 300w, https:\/\/www.dzwchafingdish.com\/wp-content\/uploads\/2024\/03\/chafing-dish-food-warmer-1-150x150.webp 150w, https:\/\/www.dzwchafingdish.com\/wp-content\/uploads\/2024\/03\/chafing-dish-food-warmer-1-768x767.webp 768w","medium_srcset":"https:\/\/www.dzwchafingdish.com\/wp-content\/uploads\/2024\/03\/chafing-dish-food-warmer-1-300x300.webp 300w, https:\/\/www.dzwchafingdish.com\/wp-content\/uploads\/2024\/03\/chafing-dish-food-warmer-1-150x150.webp 150w, https:\/\/www.dzwchafingdish.com\/wp-content\/uploads\/2024\/03\/chafing-dish-food-warmer-1-768x767.webp 768w, https:\/\/www.dzwchafingdish.com\/wp-content\/uploads\/2024\/03\/chafing-dish-food-warmer-1.webp 1042w","media_details":{"width":1042,"height":1041,"sizes":{"medium":{"file":"chafing-dish-food-warmer-1-300x300.webp","width":300,"height":300,"mime-type":"image\/webp","filesize":8534,"source_url":"https:\/\/www.dzwchafingdish.com\/wp-content\/uploads\/2024\/03\/chafing-dish-food-warmer-1-300x300.webp"},"thumbnail":{"file":"chafing-dish-food-warmer-1-150x150.webp","width":150,"height":150,"mime-type":"image\/webp","filesize":3308,"source_url":"https:\/\/www.dzwchafingdish.com\/wp-content\/uploads\/2024\/03\/chafing-dish-food-warmer-1-150x150.webp"},"medium_large":{"file":"chafing-dish-food-warmer-1-768x767.webp","width":768,"height":767,"mime-type":"image\/webp","filesize":30934,"source_url":"https:\/\/www.dzwchafingdish.com\/wp-content\/uploads\/2024\/03\/chafing-dish-food-warmer-1-768x767.webp"}}},"alt_text":"chafing-dish-food-warmer-wholesale","url":"","target":""},{"id":3400,"title":"chafing-dish-food-warmer-z2","caption":"chafing-dish-food-warmer-z2","full_image_url":"https:\/\/www.dzwchafingdish.com\/wp-content\/uploads\/2024\/03\/chafing-dish-food-warmer-z2.webp","thumbnail_image_url":"https:\/\/www.dzwchafingdish.com\/wp-content\/uploads\/2024\/03\/chafing-dish-food-warmer-z2-150x150.webp","large_srcset":"https:\/\/www.dzwchafingdish.com\/wp-content\/uploads\/2024\/03\/chafing-dish-food-warmer-z2.webp 800w, https:\/\/www.dzwchafingdish.com\/wp-content\/uploads\/2024\/03\/chafing-dish-food-warmer-z2-300x300.webp 300w, https:\/\/www.dzwchafingdish.com\/wp-content\/uploads\/2024\/03\/chafing-dish-food-warmer-z2-150x150.webp 150w, https:\/\/www.dzwchafingdish.com\/wp-content\/uploads\/2024\/03\/chafing-dish-food-warmer-z2-768x768.webp 768w","medium_srcset":"https:\/\/www.dzwchafingdish.com\/wp-content\/uploads\/2024\/03\/chafing-dish-food-warmer-z2-300x300.webp 300w, https:\/\/www.dzwchafingdish.com\/wp-content\/uploads\/2024\/03\/chafing-dish-food-warmer-z2-150x150.webp 150w, https:\/\/www.dzwchafingdish.com\/wp-content\/uploads\/2024\/03\/chafing-dish-food-warmer-z2-768x768.webp 768w, https:\/\/www.dzwchafingdish.com\/wp-content\/uploads\/2024\/03\/chafing-dish-food-warmer-z2.webp 800w","media_details":{"width":800,"height":800,"sizes":{"medium":{"file":"chafing-dish-food-warmer-z2-300x300.webp","width":300,"height":300,"mime-type":"image\/webp","filesize":8108,"source_url":"https:\/\/www.dzwchafingdish.com\/wp-content\/uploads\/2024\/03\/chafing-dish-food-warmer-z2-300x300.webp"},"thumbnail":{"file":"chafing-dish-food-warmer-z2-150x150.webp","width":150,"height":150,"mime-type":"image\/webp","filesize":3230,"source_url":"https:\/\/www.dzwchafingdish.com\/wp-content\/uploads\/2024\/03\/chafing-dish-food-warmer-z2-150x150.webp"},"medium_large":{"file":"chafing-dish-food-warmer-z2-768x768.webp","width":768,"height":768,"mime-type":"image\/webp","filesize":27666,"source_url":"https:\/\/www.dzwchafingdish.com\/wp-content\/uploads\/2024\/03\/chafing-dish-food-warmer-z2-768x768.webp"}}},"alt_text":"chafing-dish-food-warmer-wholesale","url":"","target":""},{"id":3396,"title":"chafing-dish-food-warmer-4","caption":"chafing-dish-food-warmer-4","full_image_url":"https:\/\/www.dzwchafingdish.com\/wp-content\/uploads\/2024\/03\/chafing-dish-food-warmer-4.webp","thumbnail_image_url":"https:\/\/www.dzwchafingdish.com\/wp-content\/uploads\/2024\/03\/chafing-dish-food-warmer-4-150x150.webp","large_srcset":"https:\/\/www.dzwchafingdish.com\/wp-content\/uploads\/2024\/03\/chafing-dish-food-warmer-4.webp 800w, https:\/\/www.dzwchafingdish.com\/wp-content\/uploads\/2024\/03\/chafing-dish-food-warmer-4-300x300.webp 300w, https:\/\/www.dzwchafingdish.com\/wp-content\/uploads\/2024\/03\/chafing-dish-food-warmer-4-150x150.webp 150w, https:\/\/www.dzwchafingdish.com\/wp-content\/uploads\/2024\/03\/chafing-dish-food-warmer-4-768x768.webp 768w","medium_srcset":"https:\/\/www.dzwchafingdish.com\/wp-content\/uploads\/2024\/03\/chafing-dish-food-warmer-4-300x300.webp 300w, https:\/\/www.dzwchafingdish.com\/wp-content\/uploads\/2024\/03\/chafing-dish-food-warmer-4-150x150.webp 150w, https:\/\/www.dzwchafingdish.com\/wp-content\/uploads\/2024\/03\/chafing-dish-food-warmer-4-768x768.webp 768w, https:\/\/www.dzwchafingdish.com\/wp-content\/uploads\/2024\/03\/chafing-dish-food-warmer-4.webp 800w","media_details":{"width":800,"height":800,"sizes":{"medium":{"file":"chafing-dish-food-warmer-4-300x300.webp","width":300,"height":300,"mime-type":"image\/webp","filesize":6720,"source_url":"https:\/\/www.dzwchafingdish.com\/wp-content\/uploads\/2024\/03\/chafing-dish-food-warmer-4-300x300.webp"},"thumbnail":{"file":"chafing-dish-food-warmer-4-150x150.webp","width":150,"height":150,"mime-type":"image\/webp","filesize":2694,"source_url":"https:\/\/www.dzwchafingdish.com\/wp-content\/uploads\/2024\/03\/chafing-dish-food-warmer-4-150x150.webp"},"medium_large":{"file":"chafing-dish-food-warmer-4-768x768.webp","width":768,"height":768,"mime-type":"image\/webp","filesize":21290,"source_url":"https:\/\/www.dzwchafingdish.com\/wp-content\/uploads\/2024\/03\/chafing-dish-food-warmer-4-768x768.webp"}}},"alt_text":"chafing-dish-food-warmer-wholesale","url":"","target":""},{"id":3398,"title":"chafing-dish-food-warmer-6","caption":"chafing-dish-food-warmer-6","full_image_url":"https:\/\/www.dzwchafingdish.com\/wp-content\/uploads\/2024\/03\/chafing-dish-food-warmer-6.webp","thumbnail_image_url":"https:\/\/www.dzwchafingdish.com\/wp-content\/uploads\/2024\/03\/chafing-dish-food-warmer-6-150x150.webp","large_srcset":"https:\/\/www.dzwchafingdish.com\/wp-content\/uploads\/2024\/03\/chafing-dish-food-warmer-6.webp 1225w, https:\/\/www.dzwchafingdish.com\/wp-content\/uploads\/2024\/03\/chafing-dish-food-warmer-6-300x300.webp 300w, https:\/\/www.dzwchafingdish.com\/wp-content\/uploads\/2024\/03\/chafing-dish-food-warmer-6-150x150.webp 150w, https:\/\/www.dzwchafingdish.com\/wp-content\/uploads\/2024\/03\/chafing-dish-food-warmer-6-768x768.webp 768w","medium_srcset":"https:\/\/www.dzwchafingdish.com\/wp-content\/uploads\/2024\/03\/chafing-dish-food-warmer-6-300x300.webp 300w, https:\/\/www.dzwchafingdish.com\/wp-content\/uploads\/2024\/03\/chafing-dish-food-warmer-6-150x150.webp 150w, https:\/\/www.dzwchafingdish.com\/wp-content\/uploads\/2024\/03\/chafing-dish-food-warmer-6-768x768.webp 768w, https:\/\/www.dzwchafingdish.com\/wp-content\/uploads\/2024\/03\/chafing-dish-food-warmer-6.webp 1225w","media_details":{"width":1225,"height":1225,"sizes":{"medium":{"file":"chafing-dish-food-warmer-6-300x300.webp","width":300,"height":300,"mime-type":"image\/webp","filesize":6728,"source_url":"https:\/\/www.dzwchafingdish.com\/wp-content\/uploads\/2024\/03\/chafing-dish-food-warmer-6-300x300.webp"},"thumbnail":{"file":"chafing-dish-food-warmer-6-150x150.webp","width":150,"height":150,"mime-type":"image\/webp","filesize":2716,"source_url":"https:\/\/www.dzwchafingdish.com\/wp-content\/uploads\/2024\/03\/chafing-dish-food-warmer-6-150x150.webp"},"medium_large":{"file":"chafing-dish-food-warmer-6-768x768.webp","width":768,"height":768,"mime-type":"image\/webp","filesize":24392,"source_url":"https:\/\/www.dzwchafingdish.com\/wp-content\/uploads\/2024\/03\/chafing-dish-food-warmer-6-768x768.webp"}}},"alt_text":"chafing-dish-food-warmer-wholesale","url":"","target":""},{"id":3399,"title":"chafing-dish-food-warmer-7","caption":"chafing-dish-food-warmer-7","full_image_url":"https:\/\/www.dzwchafingdish.com\/wp-content\/uploads\/2024\/03\/chafing-dish-food-warmer-7.webp","thumbnail_image_url":"https:\/\/www.dzwchafingdish.com\/wp-content\/uploads\/2024\/03\/chafing-dish-food-warmer-7-150x150.webp","large_srcset":"https:\/\/www.dzwchafingdish.com\/wp-content\/uploads\/2024\/03\/chafing-dish-food-warmer-7.webp 1225w, https:\/\/www.dzwchafingdish.com\/wp-content\/uploads\/2024\/03\/chafing-dish-food-warmer-7-300x300.webp 300w, https:\/\/www.dzwchafingdish.com\/wp-content\/uploads\/2024\/03\/chafing-dish-food-warmer-7-150x150.webp 150w, https:\/\/www.dzwchafingdish.com\/wp-content\/uploads\/2024\/03\/chafing-dish-food-warmer-7-768x768.webp 768w","medium_srcset":"https:\/\/www.dzwchafingdish.com\/wp-content\/uploads\/2024\/03\/chafing-dish-food-warmer-7-300x300.webp 300w, https:\/\/www.dzwchafingdish.com\/wp-content\/uploads\/2024\/03\/chafing-dish-food-warmer-7-150x150.webp 150w, https:\/\/www.dzwchafingdish.com\/wp-content\/uploads\/2024\/03\/chafing-dish-food-warmer-7-768x768.webp 768w, https:\/\/www.dzwchafingdish.com\/wp-content\/uploads\/2024\/03\/chafing-dish-food-warmer-7.webp 1225w","media_details":{"width":1225,"height":1225,"sizes":{"medium":{"file":"chafing-dish-food-warmer-7-300x300.webp","width":300,"height":300,"mime-type":"image\/webp","filesize":5162,"source_url":"https:\/\/www.dzwchafingdish.com\/wp-content\/uploads\/2024\/03\/chafing-dish-food-warmer-7-300x300.webp"},"thumbnail":{"file":"chafing-dish-food-warmer-7-150x150.webp","width":150,"height":150,"mime-type":"image\/webp","filesize":2100,"source_url":"https:\/\/www.dzwchafingdish.com\/wp-content\/uploads\/2024\/03\/chafing-dish-food-warmer-7-150x150.webp"},"medium_large":{"file":"chafing-dish-food-warmer-7-768x768.webp","width":768,"height":768,"mime-type":"image\/webp","filesize":19272,"source_url":"https:\/\/www.dzwchafingdish.com\/wp-content\/uploads\/2024\/03\/chafing-dish-food-warmer-7-768x768.webp"}}},"alt_text":"chafing-dish-food-warmer-wholesale","url":"","target":""},{"id":3395,"title":"chafing-dish-food-warmer-3","caption":"chafing-dish-food-warmer-3","full_image_url":"https:\/\/www.dzwchafingdish.com\/wp-content\/uploads\/2024\/03\/chafing-dish-food-warmer-3.webp","thumbnail_image_url":"https:\/\/www.dzwchafingdish.com\/wp-content\/uploads\/2024\/03\/chafing-dish-food-warmer-3-150x150.webp","large_srcset":"https:\/\/www.dzwchafingdish.com\/wp-content\/uploads\/2024\/03\/chafing-dish-food-warmer-3.webp 800w, https:\/\/www.dzwchafingdish.com\/wp-content\/uploads\/2024\/03\/chafing-dish-food-warmer-3-300x300.webp 300w, https:\/\/www.dzwchafingdish.com\/wp-content\/uploads\/2024\/03\/chafing-dish-food-warmer-3-150x150.webp 150w, https:\/\/www.dzwchafingdish.com\/wp-content\/uploads\/2024\/03\/chafing-dish-food-warmer-3-768x768.webp 768w","medium_srcset":"https:\/\/www.dzwchafingdish.com\/wp-content\/uploads\/2024\/03\/chafing-dish-food-warmer-3-300x300.webp 300w, https:\/\/www.dzwchafingdish.com\/wp-content\/uploads\/2024\/03\/chafing-dish-food-warmer-3-150x150.webp 150w, https:\/\/www.dzwchafingdish.com\/wp-content\/uploads\/2024\/03\/chafing-dish-food-warmer-3-768x768.webp 768w, https:\/\/www.dzwchafingdish.com\/wp-content\/uploads\/2024\/03\/chafing-dish-food-warmer-3.webp 800w","media_details":{"width":800,"height":800,"sizes":{"medium":{"file":"chafing-dish-food-warmer-3-300x300.webp","width":300,"height":300,"mime-type":"image\/webp","filesize":9720,"source_url":"https:\/\/www.dzwchafingdish.com\/wp-content\/uploads\/2024\/03\/chafing-dish-food-warmer-3-300x300.webp"},"thumbnail":{"file":"chafing-dish-food-warmer-3-150x150.webp","width":150,"height":150,"mime-type":"image\/webp","filesize":3984,"source_url":"https:\/\/www.dzwchafingdish.com\/wp-content\/uploads\/2024\/03\/chafing-dish-food-warmer-3-150x150.webp"},"medium_large":{"file":"chafing-dish-food-warmer-3-768x768.webp","width":768,"height":768,"mime-type":"image\/webp","filesize":31042,"source_url":"https:\/\/www.dzwchafingdish.com\/wp-content\/uploads\/2024\/03\/chafing-dish-food-warmer-3-768x768.webp"}}},"alt_text":"chafing-dish-food-warmer-wholesale","url":"","target":""}]]}},"_links":{"self":[{"href":"https:\/\/www.dzwchafingdish.com\/pt\/wp-json\/wp\/v2\/product\/3392","targetHints":{"allow":["GET"]}}],"collection":[{"href":"https:\/\/www.dzwchafingdish.com\/pt\/wp-json\/wp\/v2\/product"}],"about":[{"href":"https:\/\/www.dzwchafingdish.com\/pt\/wp-json\/wp\/v2\/types\/product"}],"author":[{"embeddable":true,"href":"https:\/\/www.dzwchafingdish.com\/pt\/wp-json\/wp\/v2\/users\/3"}],"version-history":[{"count":0,"href":"https:\/\/www.dzwchafingdish.com\/pt\/wp-json\/wp\/v2\/product\/3392\/revisions"}],"wp:featuredmedia":[{"embeddable":true,"href":"https:\/\/www.dzwchafingdish.com\/pt\/wp-json\/wp\/v2\/media\/3393"}],"wp:attachment":[{"href":"https:\/\/www.dzwchafingdish.com\/pt\/wp-json\/wp\/v2\/media?parent=3392"}],"wp:term":[{"taxonomy":"product-categories","embeddable":true,"href":"https:\/\/www.dzwchafingdish.com\/pt\/wp-json\/wp\/v2\/product-categories?post=3392"},{"taxonomy":"product-tag","embeddable":true,"href":"https:\/\/www.dzwchafingdish.com\/pt\/wp-json\/wp\/v2\/product-tag?post=3392"}],"curies":[{"name":"wp","href":"https:\/\/api.w.org\/{rel}","templated":true}]}}