{"id":3404,"date":"2024-03-23T02:34:32","date_gmt":"2024-03-23T02:34:32","guid":{"rendered":"https:\/\/www.dzwchafingdish.com\/?post_type=product&#038;p=3404"},"modified":"2024-06-15T04:10:15","modified_gmt":"2024-06-15T04:10:15","slug":"electric-food-warmer-6qt-oem-and-odm","status":"publish","type":"product","link":"https:\/\/www.dzwchafingdish.com\/pt\/product\/electric-food-warmer-6qt-oem-and-odm\/","title":{"rendered":"Aquecedor El\u00e9trico de Alimentos Quadrado 6qt OEM e ODM"},"content":{"rendered":"<div class=\"wp-block-columns is-layout-flex wp-container-core-columns-is-layout-28f84493 wp-block-columns-is-layout-flex\">\n<div class=\"wp-block-column is-layout-flow wp-block-column-is-layout-flow\" style=\"flex-basis:60%\">\n<h2 class=\"wp-block-heading\"><strong>Dimens\u00e3o do aquecedor el\u00e9trico de alimentos<\/strong><\/h2>\n\n\n\n<figure class=\"wp-block-table\"><table><tbody><tr><td>ITEM NO.<\/td><td>COMPRIMENTO<\/td><td>LARGO<\/td><td>ALTURA<\/td><td>N.W \/SET<\/td><\/tr><tr><td>DZW-LS02-P\u00e9s curtos<\/td><td>40 cm<\/td><td>46 cm<\/td><td>24 cm<\/td><td>8600g<\/td><\/tr><tr><td>DZW-LS02-P\u00e9s altos<\/td><td>42,5 cm<\/td><td>46 cm<\/td><td>26 cm<\/td><td>10000 g<\/td><\/tr><\/tbody><\/table><\/figure>\n<\/div>\n\n\n\n<div class=\"wp-block-column is-layout-flow wp-block-column-is-layout-flow\">\n<div class=\"wp-block-columns is-layout-flex wp-container-core-columns-is-layout-28f84493 wp-block-columns-is-layout-flex\">\n<div class=\"wp-block-column is-layout-flow wp-block-column-is-layout-flow\" style=\"flex-basis:60%\">\n<figure class=\"wp-block-image aligncenter size-full is-resized\"><img fetchpriority=\"high\" decoding=\"async\" width=\"800\" height=\"800\" src=\"https:\/\/www.dzwchafingdish.com\/wp-content\/uploads\/2024\/03\/electric-food-warmer-supplier-3.webp\" alt=\"fornecedor de aquecedor el\u00e9trico de alimentos\" class=\"wp-image-3410\" style=\"width:357px;height:auto\" srcset=\"https:\/\/www.dzwchafingdish.com\/wp-content\/uploads\/2024\/03\/electric-food-warmer-supplier-3.webp 800w, https:\/\/www.dzwchafingdish.com\/wp-content\/uploads\/2024\/03\/electric-food-warmer-supplier-3-300x300.webp 300w, https:\/\/www.dzwchafingdish.com\/wp-content\/uploads\/2024\/03\/electric-food-warmer-supplier-3-150x150.webp 150w, https:\/\/www.dzwchafingdish.com\/wp-content\/uploads\/2024\/03\/electric-food-warmer-supplier-3-768x768.webp 768w\" sizes=\"(max-width: 800px) 100vw, 800px\" \/><\/figure>\n<\/div>\n<\/div>\n<\/div>\n<\/div>\n\n\n\n<div class=\"wp-block-columns is-layout-flex wp-container-core-columns-is-layout-28f84493 wp-block-columns-is-layout-flex\">\n<div class=\"wp-block-column is-layout-flow wp-block-column-is-layout-flow\">\n<figure class=\"wp-block-image size-full\"><img decoding=\"async\" width=\"3024\" height=\"3024\" src=\"https:\/\/www.dzwchafingdish.com\/wp-content\/uploads\/2024\/03\/electric-food-warmer-wholesale-2.webp\" alt=\"aquecedor el\u00e9trico de alimentos por atacado\" class=\"wp-image-3415\" srcset=\"https:\/\/www.dzwchafingdish.com\/wp-content\/uploads\/2024\/03\/electric-food-warmer-wholesale-2.webp 3024w, https:\/\/www.dzwchafingdish.com\/wp-content\/uploads\/2024\/03\/electric-food-warmer-wholesale-2-300x300.webp 300w, https:\/\/www.dzwchafingdish.com\/wp-content\/uploads\/2024\/03\/electric-food-warmer-wholesale-2-150x150.webp 150w, https:\/\/www.dzwchafingdish.com\/wp-content\/uploads\/2024\/03\/electric-food-warmer-wholesale-2-768x768.webp 768w\" sizes=\"(max-width: 3024px) 100vw, 3024px\" \/><\/figure>\n<\/div>\n\n\n\n<div class=\"wp-block-column is-layout-flow wp-block-column-is-layout-flow\">\n<h2 class=\"wp-block-heading\"><strong>Aquecedor de alimentos el\u00e9trico Carater\u00edsticas: <\/strong><\/h2>\n\n\n\n<ul class=\"wp-block-list\">\n<li>Constru\u00e7\u00e3o em a\u00e7o inoxid\u00e1vel: Garante a durabilidade e a resist\u00eancia \u00e0 corros\u00e3o, mantendo a qualidade do produto ao longo do tempo.<\/li>\n\n\n\n<li>Aquecimento el\u00e9trico: Proporciona um calor consistente e ajust\u00e1vel, permitindo um controlo preciso da temperatura para manter os alimentos quentes.<\/li>\n\n\n\n<li>Tampa articulada de vidro transparente: Permite uma f\u00e1cil visualiza\u00e7\u00e3o dos alimentos enquanto mant\u00e9m o calor, melhorando a apresenta\u00e7\u00e3o e a conveni\u00eancia de servir.<\/li>\n\n\n\n<li>Design quadrado moderno: Adequado para uma variedade de cen\u00e1rios, tais como catering, restaurantes, hot\u00e9is, casamentos, etc.<\/li>\n\n\n\n<li>Personaliza\u00e7\u00e3o ilimitada: De acordo com as suas necessidades, pode personalizar a forma, a cor, o log\u00f3tipo, a embalagem e muito mais.<\/li>\n<\/ul>\n\n\n\n<p>N\u00e3o se preocupe com a qualidade e o prazo de entrega. Encomende a granel agora para obter pre\u00e7os de f\u00e1brica\uff01<\/p>\n<\/div>\n<\/div>","protected":false},"excerpt":{"rendered":"<p>Aquecedor el\u00e9trico de alimentos Dimens\u00e3o ITEM NO. COMPRIMENTO LARGURA ALTURA N.W \/ CONJUNTO DZW-LS02-P\u00e9s curtos 40 cm 46 cm 24 cm 8600g DZW-LS02-P\u00e9s altos 42,5 cm 46 cm 26 cm 10000 g Aquecedor El\u00e9trico de Alimentos Carater\u00edsticas: N\u00e3o se preocupe com a qualidade e o prazo de entrega. Encomende a granel agora para obter pre\u00e7os de f\u00e1brica\uff01<\/p>","protected":false},"author":1,"featured_media":3410,"parent":0,"menu_order":0,"template":"","format":"standard","meta":{"_acf_changed":false,"site-sidebar-layout":"default","site-content-layout":"","ast-site-content-layout":"default","site-content-style":"default","site-sidebar-style":"default","ast-global-header-display":"","ast-banner-title-visibility":"","ast-main-header-display":"","ast-hfb-above-header-display":"","ast-hfb-below-header-display":"","ast-hfb-mobile-header-display":"","site-post-title":"","ast-breadcrumbs-content":"","ast-featured-img":"","footer-sml-layout":"","theme-transparent-header-meta":"","adv-header-id-meta":"","stick-header-meta":"","header-above-stick-meta":"","header-main-stick-meta":"","header-below-stick-meta":"","astra-migrate-meta-layouts":"default","ast-page-background-enabled":"default","ast-page-background-meta":{"desktop":{"background-color":"var(--ast-global-color-4)","background-image":"","background-repeat":"repeat","background-position":"center center","background-size":"auto","background-attachment":"scroll","background-type":"","background-media":"","overlay-type":"","overlay-color":"","overlay-opacity":"","overlay-gradient":""},"tablet":{"background-color":"","background-image":"","background-repeat":"repeat","background-position":"center center","background-size":"auto","background-attachment":"scroll","background-type":"","background-media":"","overlay-type":"","overlay-color":"","overlay-opacity":"","overlay-gradient":""},"mobile":{"background-color":"","background-image":"","background-repeat":"repeat","background-position":"center center","background-size":"auto","background-attachment":"scroll","background-type":"","background-media":"","overlay-type":"","overlay-color":"","overlay-opacity":"","overlay-gradient":""}},"ast-content-background-meta":{"desktop":{"background-color":"var(--ast-global-color-5)","background-image":"","background-repeat":"repeat","background-position":"center center","background-size":"auto","background-attachment":"scroll","background-type":"","background-media":"","overlay-type":"","overlay-color":"","overlay-opacity":"","overlay-gradient":""},"tablet":{"background-color":"var(--ast-global-color-5)","background-image":"","background-repeat":"repeat","background-position":"center center","background-size":"auto","background-attachment":"scroll","background-type":"","background-media":"","overlay-type":"","overlay-color":"","overlay-opacity":"","overlay-gradient":""},"mobile":{"background-color":"var(--ast-global-color-5)","background-image":"","background-repeat":"repeat","background-position":"center center","background-size":"auto","background-attachment":"scroll","background-type":"","background-media":"","overlay-type":"","overlay-color":"","overlay-opacity":"","overlay-gradient":""}},"footnotes":""},"product-categories":[63],"product-tag":[95,96,89,101],"class_list":["post-3404","product","type-product","status-publish","format-standard","has-post-thumbnail","hentry","product-categories-chafing-dish","product-tag-chafing-dish-with-glass-lid","product-tag-chafing-dish-with-hinged-lid","product-tag-electric-chafing-dish","product-tag-square-chafing-dish"],"acf":{"title":"Aquecedor El\u00e9trico de Alimentos 6qt OEM e ODM","title_source":{"label":"Title","type":"text","formatted_value":"Electric Food Warmer 6qt OEM and ODM "},"short_description":"Stainless steel electric food warmer wholesale, engineered with stainless steel and a glass-hinged lid. Customizable to meet your needs. Proudly crafted by Dongzhaowei chafing dish factory, we provide a one-stop custom chafing dish solution at cheap price for the catering business.","short_description_source":{"label":"Short description","type":"textarea","formatted_value":"Stainless steel electric food warmer wholesale, engineered with stainless steel and a glass-hinged lid. Customizable to meet your needs. Proudly crafted by Dongzhaowei chafing dish factory, we provide a one-stop custom chafing dish solution at cheap price for the catering business."},"parameters":"<table border=\"0\" width=\"423\" cellspacing=\"0\" cellpadding=\"0\">\r\n<tbody>\r\n<tr>\r\n<td width=\"166\" height=\"23\">Manufacturer<\/td>\r\n<td width=\"257\">DONGZHAOWEI<\/td>\r\n<\/tr>\r\n<tr>\r\n<td height=\"23\">Material<\/td>\r\n<td>Stainless Steel 201 and Glass<\/td>\r\n<\/tr>\r\n<tr>\r\n<td height=\"23\">Capacity<\/td>\r\n<td>6.0L (5.7qt)<\/td>\r\n<\/tr>\r\n<tr>\r\n<td height=\"23\">Color<\/td>\r\n<td>Silver<\/td>\r\n<\/tr>\r\n<tr>\r\n<td height=\"24\">Design<\/td>\r\n<td>Square Shape<\/td>\r\n<\/tr>\r\n<tr>\r\n<td height=\"24\">Lid type<\/td>\r\n<td>Hinged Lid<\/td>\r\n<\/tr>\r\n<tr>\r\n<td height=\"24\">Heat<\/td>\r\n<td>Electric<\/td>\r\n<\/tr>\r\n<tr>\r\n<td height=\"24\">Custom<\/td>\r\n<td>Color\/Logo\/Package\/Shape<\/td>\r\n<\/tr>\r\n<\/tbody>\r\n<\/table>","parameters_source":{"label":"Parameters","type":"wysiwyg","formatted_value":"<table border=\"0\" width=\"423\" cellspacing=\"0\" cellpadding=\"0\">\n<tbody>\n<tr>\n<td width=\"166\" height=\"23\">Manufacturer<\/td>\n<td width=\"257\">DONGZHAOWEI<\/td>\n<\/tr>\n<tr>\n<td height=\"23\">Material<\/td>\n<td>Stainless Steel 201 and Glass<\/td>\n<\/tr>\n<tr>\n<td height=\"23\">Capacity<\/td>\n<td>6.0L (5.7qt)<\/td>\n<\/tr>\n<tr>\n<td height=\"23\">Color<\/td>\n<td>Silver<\/td>\n<\/tr>\n<tr>\n<td height=\"24\">Design<\/td>\n<td>Square Shape<\/td>\n<\/tr>\n<tr>\n<td height=\"24\">Lid type<\/td>\n<td>Hinged Lid<\/td>\n<\/tr>\n<tr>\n<td height=\"24\">Heat<\/td>\n<td>Electric<\/td>\n<\/tr>\n<tr>\n<td height=\"24\">Custom<\/td>\n<td>Color\/Logo\/Package\/Shape<\/td>\n<\/tr>\n<\/tbody>\n<\/table>\n"},"photo_gallery":{"product_gallery":[[{"id":3410,"title":"electric food warmer supplier (3)","caption":"electric food warmer supplier","full_image_url":"https:\/\/www.dzwchafingdish.com\/wp-content\/uploads\/2024\/03\/electric-food-warmer-supplier-3.webp","thumbnail_image_url":"https:\/\/www.dzwchafingdish.com\/wp-content\/uploads\/2024\/03\/electric-food-warmer-supplier-3-150x150.webp","large_srcset":"https:\/\/www.dzwchafingdish.com\/wp-content\/uploads\/2024\/03\/electric-food-warmer-supplier-3.webp 800w, https:\/\/www.dzwchafingdish.com\/wp-content\/uploads\/2024\/03\/electric-food-warmer-supplier-3-300x300.webp 300w, https:\/\/www.dzwchafingdish.com\/wp-content\/uploads\/2024\/03\/electric-food-warmer-supplier-3-150x150.webp 150w, https:\/\/www.dzwchafingdish.com\/wp-content\/uploads\/2024\/03\/electric-food-warmer-supplier-3-768x768.webp 768w","medium_srcset":"https:\/\/www.dzwchafingdish.com\/wp-content\/uploads\/2024\/03\/electric-food-warmer-supplier-3-300x300.webp 300w, https:\/\/www.dzwchafingdish.com\/wp-content\/uploads\/2024\/03\/electric-food-warmer-supplier-3-150x150.webp 150w, https:\/\/www.dzwchafingdish.com\/wp-content\/uploads\/2024\/03\/electric-food-warmer-supplier-3-768x768.webp 768w, https:\/\/www.dzwchafingdish.com\/wp-content\/uploads\/2024\/03\/electric-food-warmer-supplier-3.webp 800w","media_details":{"width":800,"height":800,"sizes":{"medium":{"file":"electric-food-warmer-supplier-3-300x300.webp","width":300,"height":300,"mime-type":"image\/webp","filesize":10274,"source_url":"https:\/\/www.dzwchafingdish.com\/wp-content\/uploads\/2024\/03\/electric-food-warmer-supplier-3-300x300.webp"},"thumbnail":{"file":"electric-food-warmer-supplier-3-150x150.webp","width":150,"height":150,"mime-type":"image\/webp","filesize":3816,"source_url":"https:\/\/www.dzwchafingdish.com\/wp-content\/uploads\/2024\/03\/electric-food-warmer-supplier-3-150x150.webp"},"medium_large":{"file":"electric-food-warmer-supplier-3-768x768.webp","width":768,"height":768,"mime-type":"image\/webp","filesize":33350,"source_url":"https:\/\/www.dzwchafingdish.com\/wp-content\/uploads\/2024\/03\/electric-food-warmer-supplier-3-768x768.webp"}}},"alt_text":"electric food warmer supplier","url":"","target":""},{"id":3411,"title":"electric food warmer supplier (4)","caption":"electric food warmer supplier","full_image_url":"https:\/\/www.dzwchafingdish.com\/wp-content\/uploads\/2024\/03\/electric-food-warmer-supplier-4.webp","thumbnail_image_url":"https:\/\/www.dzwchafingdish.com\/wp-content\/uploads\/2024\/03\/electric-food-warmer-supplier-4-150x150.webp","large_srcset":"https:\/\/www.dzwchafingdish.com\/wp-content\/uploads\/2024\/03\/electric-food-warmer-supplier-4.webp 800w, https:\/\/www.dzwchafingdish.com\/wp-content\/uploads\/2024\/03\/electric-food-warmer-supplier-4-300x300.webp 300w, https:\/\/www.dzwchafingdish.com\/wp-content\/uploads\/2024\/03\/electric-food-warmer-supplier-4-150x150.webp 150w, https:\/\/www.dzwchafingdish.com\/wp-content\/uploads\/2024\/03\/electric-food-warmer-supplier-4-768x768.webp 768w","medium_srcset":"https:\/\/www.dzwchafingdish.com\/wp-content\/uploads\/2024\/03\/electric-food-warmer-supplier-4-300x300.webp 300w, https:\/\/www.dzwchafingdish.com\/wp-content\/uploads\/2024\/03\/electric-food-warmer-supplier-4-150x150.webp 150w, https:\/\/www.dzwchafingdish.com\/wp-content\/uploads\/2024\/03\/electric-food-warmer-supplier-4-768x768.webp 768w, https:\/\/www.dzwchafingdish.com\/wp-content\/uploads\/2024\/03\/electric-food-warmer-supplier-4.webp 800w","media_details":{"width":800,"height":800,"sizes":{"medium":{"file":"electric-food-warmer-supplier-4-300x300.webp","width":300,"height":300,"mime-type":"image\/webp","filesize":7382,"source_url":"https:\/\/www.dzwchafingdish.com\/wp-content\/uploads\/2024\/03\/electric-food-warmer-supplier-4-300x300.webp"},"thumbnail":{"file":"electric-food-warmer-supplier-4-150x150.webp","width":150,"height":150,"mime-type":"image\/webp","filesize":2734,"source_url":"https:\/\/www.dzwchafingdish.com\/wp-content\/uploads\/2024\/03\/electric-food-warmer-supplier-4-150x150.webp"},"medium_large":{"file":"electric-food-warmer-supplier-4-768x768.webp","width":768,"height":768,"mime-type":"image\/webp","filesize":23790,"source_url":"https:\/\/www.dzwchafingdish.com\/wp-content\/uploads\/2024\/03\/electric-food-warmer-supplier-4-768x768.webp"}}},"alt_text":"electric food warmer supplier","url":"","target":""},{"id":3412,"title":"electric food warmer supplier (5)","caption":"electric food warmer supplier","full_image_url":"https:\/\/www.dzwchafingdish.com\/wp-content\/uploads\/2024\/03\/electric-food-warmer-supplier-5.webp","thumbnail_image_url":"https:\/\/www.dzwchafingdish.com\/wp-content\/uploads\/2024\/03\/electric-food-warmer-supplier-5-150x150.webp","large_srcset":"https:\/\/www.dzwchafingdish.com\/wp-content\/uploads\/2024\/03\/electric-food-warmer-supplier-5.webp 800w, https:\/\/www.dzwchafingdish.com\/wp-content\/uploads\/2024\/03\/electric-food-warmer-supplier-5-300x300.webp 300w, https:\/\/www.dzwchafingdish.com\/wp-content\/uploads\/2024\/03\/electric-food-warmer-supplier-5-150x150.webp 150w, https:\/\/www.dzwchafingdish.com\/wp-content\/uploads\/2024\/03\/electric-food-warmer-supplier-5-768x768.webp 768w","medium_srcset":"https:\/\/www.dzwchafingdish.com\/wp-content\/uploads\/2024\/03\/electric-food-warmer-supplier-5-300x300.webp 300w, https:\/\/www.dzwchafingdish.com\/wp-content\/uploads\/2024\/03\/electric-food-warmer-supplier-5-150x150.webp 150w, https:\/\/www.dzwchafingdish.com\/wp-content\/uploads\/2024\/03\/electric-food-warmer-supplier-5-768x768.webp 768w, https:\/\/www.dzwchafingdish.com\/wp-content\/uploads\/2024\/03\/electric-food-warmer-supplier-5.webp 800w","media_details":{"width":800,"height":800,"sizes":{"medium":{"file":"electric-food-warmer-supplier-5-300x300.webp","width":300,"height":300,"mime-type":"image\/webp","filesize":6804,"source_url":"https:\/\/www.dzwchafingdish.com\/wp-content\/uploads\/2024\/03\/electric-food-warmer-supplier-5-300x300.webp"},"thumbnail":{"file":"electric-food-warmer-supplier-5-150x150.webp","width":150,"height":150,"mime-type":"image\/webp","filesize":2484,"source_url":"https:\/\/www.dzwchafingdish.com\/wp-content\/uploads\/2024\/03\/electric-food-warmer-supplier-5-150x150.webp"},"medium_large":{"file":"electric-food-warmer-supplier-5-768x768.webp","width":768,"height":768,"mime-type":"image\/webp","filesize":23286,"source_url":"https:\/\/www.dzwchafingdish.com\/wp-content\/uploads\/2024\/03\/electric-food-warmer-supplier-5-768x768.webp"}}},"alt_text":"electric food warmer supplier","url":"","target":""},{"id":3409,"title":"electric food warmer supplier (2)","caption":"electric food warmer supplier","full_image_url":"https:\/\/www.dzwchafingdish.com\/wp-content\/uploads\/2024\/03\/electric-food-warmer-supplier-2.webp","thumbnail_image_url":"https:\/\/www.dzwchafingdish.com\/wp-content\/uploads\/2024\/03\/electric-food-warmer-supplier-2-150x150.webp","large_srcset":"https:\/\/www.dzwchafingdish.com\/wp-content\/uploads\/2024\/03\/electric-food-warmer-supplier-2.webp 800w, https:\/\/www.dzwchafingdish.com\/wp-content\/uploads\/2024\/03\/electric-food-warmer-supplier-2-300x300.webp 300w, https:\/\/www.dzwchafingdish.com\/wp-content\/uploads\/2024\/03\/electric-food-warmer-supplier-2-150x150.webp 150w, https:\/\/www.dzwchafingdish.com\/wp-content\/uploads\/2024\/03\/electric-food-warmer-supplier-2-768x768.webp 768w","medium_srcset":"https:\/\/www.dzwchafingdish.com\/wp-content\/uploads\/2024\/03\/electric-food-warmer-supplier-2-300x300.webp 300w, https:\/\/www.dzwchafingdish.com\/wp-content\/uploads\/2024\/03\/electric-food-warmer-supplier-2-150x150.webp 150w, https:\/\/www.dzwchafingdish.com\/wp-content\/uploads\/2024\/03\/electric-food-warmer-supplier-2-768x768.webp 768w, https:\/\/www.dzwchafingdish.com\/wp-content\/uploads\/2024\/03\/electric-food-warmer-supplier-2.webp 800w","media_details":{"width":800,"height":800,"sizes":{"medium":{"file":"electric-food-warmer-supplier-2-300x300.webp","width":300,"height":300,"mime-type":"image\/webp","filesize":8096,"source_url":"https:\/\/www.dzwchafingdish.com\/wp-content\/uploads\/2024\/03\/electric-food-warmer-supplier-2-300x300.webp"},"thumbnail":{"file":"electric-food-warmer-supplier-2-150x150.webp","width":150,"height":150,"mime-type":"image\/webp","filesize":2992,"source_url":"https:\/\/www.dzwchafingdish.com\/wp-content\/uploads\/2024\/03\/electric-food-warmer-supplier-2-150x150.webp"},"medium_large":{"file":"electric-food-warmer-supplier-2-768x768.webp","width":768,"height":768,"mime-type":"image\/webp","filesize":26284,"source_url":"https:\/\/www.dzwchafingdish.com\/wp-content\/uploads\/2024\/03\/electric-food-warmer-supplier-2-768x768.webp"}}},"alt_text":"electric food warmer supplier","url":"","target":""},{"id":3415,"title":"electric food warmer wholesale (2)","caption":"electric food warmer wholesale ","full_image_url":"https:\/\/www.dzwchafingdish.com\/wp-content\/uploads\/2024\/03\/electric-food-warmer-wholesale-2.webp","thumbnail_image_url":"https:\/\/www.dzwchafingdish.com\/wp-content\/uploads\/2024\/03\/electric-food-warmer-wholesale-2-150x150.webp","large_srcset":"https:\/\/www.dzwchafingdish.com\/wp-content\/uploads\/2024\/03\/electric-food-warmer-wholesale-2.webp 3024w, https:\/\/www.dzwchafingdish.com\/wp-content\/uploads\/2024\/03\/electric-food-warmer-wholesale-2-300x300.webp 300w, https:\/\/www.dzwchafingdish.com\/wp-content\/uploads\/2024\/03\/electric-food-warmer-wholesale-2-150x150.webp 150w, https:\/\/www.dzwchafingdish.com\/wp-content\/uploads\/2024\/03\/electric-food-warmer-wholesale-2-768x768.webp 768w","medium_srcset":"https:\/\/www.dzwchafingdish.com\/wp-content\/uploads\/2024\/03\/electric-food-warmer-wholesale-2-300x300.webp 300w, https:\/\/www.dzwchafingdish.com\/wp-content\/uploads\/2024\/03\/electric-food-warmer-wholesale-2-150x150.webp 150w, https:\/\/www.dzwchafingdish.com\/wp-content\/uploads\/2024\/03\/electric-food-warmer-wholesale-2-768x768.webp 768w","media_details":{"width":3024,"height":3024,"sizes":{"medium":{"file":"electric-food-warmer-wholesale-2-300x300.webp","width":300,"height":300,"mime-type":"image\/webp","filesize":13890,"source_url":"https:\/\/www.dzwchafingdish.com\/wp-content\/uploads\/2024\/03\/electric-food-warmer-wholesale-2-300x300.webp"},"thumbnail":{"file":"electric-food-warmer-wholesale-2-150x150.webp","width":150,"height":150,"mime-type":"image\/webp","filesize":4440,"source_url":"https:\/\/www.dzwchafingdish.com\/wp-content\/uploads\/2024\/03\/electric-food-warmer-wholesale-2-150x150.webp"},"medium_large":{"file":"electric-food-warmer-wholesale-2-768x768.webp","width":768,"height":768,"mime-type":"image\/webp","filesize":68020,"source_url":"https:\/\/www.dzwchafingdish.com\/wp-content\/uploads\/2024\/03\/electric-food-warmer-wholesale-2-768x768.webp"}}},"alt_text":"electric food warmer wholesale","url":"","target":""},{"id":3414,"title":"electric food warmer wholesale (1)","caption":"electric food warmer wholesale","full_image_url":"https:\/\/www.dzwchafingdish.com\/wp-content\/uploads\/2024\/03\/electric-food-warmer-wholesale-1.webp","thumbnail_image_url":"https:\/\/www.dzwchafingdish.com\/wp-content\/uploads\/2024\/03\/electric-food-warmer-wholesale-1-150x150.webp","large_srcset":"https:\/\/www.dzwchafingdish.com\/wp-content\/uploads\/2024\/03\/electric-food-warmer-wholesale-1.webp 3024w, https:\/\/www.dzwchafingdish.com\/wp-content\/uploads\/2024\/03\/electric-food-warmer-wholesale-1-300x300.webp 300w, https:\/\/www.dzwchafingdish.com\/wp-content\/uploads\/2024\/03\/electric-food-warmer-wholesale-1-150x150.webp 150w, https:\/\/www.dzwchafingdish.com\/wp-content\/uploads\/2024\/03\/electric-food-warmer-wholesale-1-768x768.webp 768w","medium_srcset":"https:\/\/www.dzwchafingdish.com\/wp-content\/uploads\/2024\/03\/electric-food-warmer-wholesale-1-300x300.webp 300w, https:\/\/www.dzwchafingdish.com\/wp-content\/uploads\/2024\/03\/electric-food-warmer-wholesale-1-150x150.webp 150w, https:\/\/www.dzwchafingdish.com\/wp-content\/uploads\/2024\/03\/electric-food-warmer-wholesale-1-768x768.webp 768w","media_details":{"width":3024,"height":3024,"sizes":{"medium":{"file":"electric-food-warmer-wholesale-1-300x300.webp","width":300,"height":300,"mime-type":"image\/webp","filesize":18956,"source_url":"https:\/\/www.dzwchafingdish.com\/wp-content\/uploads\/2024\/03\/electric-food-warmer-wholesale-1-300x300.webp"},"thumbnail":{"file":"electric-food-warmer-wholesale-1-150x150.webp","width":150,"height":150,"mime-type":"image\/webp","filesize":6104,"source_url":"https:\/\/www.dzwchafingdish.com\/wp-content\/uploads\/2024\/03\/electric-food-warmer-wholesale-1-150x150.webp"},"medium_large":{"file":"electric-food-warmer-wholesale-1-768x768.webp","width":768,"height":768,"mime-type":"image\/webp","filesize":90470,"source_url":"https:\/\/www.dzwchafingdish.com\/wp-content\/uploads\/2024\/03\/electric-food-warmer-wholesale-1-768x768.webp"}}},"alt_text":"electric food warmer wholesale","url":"","target":""}]]}},"_links":{"self":[{"href":"https:\/\/www.dzwchafingdish.com\/pt\/wp-json\/wp\/v2\/product\/3404","targetHints":{"allow":["GET"]}}],"collection":[{"href":"https:\/\/www.dzwchafingdish.com\/pt\/wp-json\/wp\/v2\/product"}],"about":[{"href":"https:\/\/www.dzwchafingdish.com\/pt\/wp-json\/wp\/v2\/types\/product"}],"author":[{"embeddable":true,"href":"https:\/\/www.dzwchafingdish.com\/pt\/wp-json\/wp\/v2\/users\/1"}],"version-history":[{"count":0,"href":"https:\/\/www.dzwchafingdish.com\/pt\/wp-json\/wp\/v2\/product\/3404\/revisions"}],"wp:featuredmedia":[{"embeddable":true,"href":"https:\/\/www.dzwchafingdish.com\/pt\/wp-json\/wp\/v2\/media\/3410"}],"wp:attachment":[{"href":"https:\/\/www.dzwchafingdish.com\/pt\/wp-json\/wp\/v2\/media?parent=3404"}],"wp:term":[{"taxonomy":"product-categories","embeddable":true,"href":"https:\/\/www.dzwchafingdish.com\/pt\/wp-json\/wp\/v2\/product-categories?post=3404"},{"taxonomy":"product-tag","embeddable":true,"href":"https:\/\/www.dzwchafingdish.com\/pt\/wp-json\/wp\/v2\/product-tag?post=3404"}],"curies":[{"name":"wp","href":"https:\/\/api.w.org\/{rel}","templated":true}]}}