{"id":3439,"date":"2024-03-23T12:53:00","date_gmt":"2024-03-23T12:53:00","guid":{"rendered":"https:\/\/www.dzwchafingdish.com\/?post_type=product&#038;p=3439"},"modified":"2024-06-15T04:56:33","modified_gmt":"2024-06-15T04:56:33","slug":"buffet-chafing-dish","status":"publish","type":"product","link":"https:\/\/www.dzwchafingdish.com\/pt\/product\/buffet-chafing-dish\/","title":{"rendered":"Prato redondo para buffet em a\u00e7o inoxid\u00e1vel com tampa de vidro"},"content":{"rendered":"<div class=\"wp-block-columns is-layout-flex wp-container-core-columns-is-layout-28f84493 wp-block-columns-is-layout-flex\">\n<div class=\"wp-block-column is-layout-flow wp-block-column-is-layout-flow\">\n<h2 class=\"wp-block-heading\"><strong>Dimens\u00e3o do prato para buffet<\/strong><\/h2>\n\n\n\n<figure class=\"wp-block-table\"><table><tbody><tr><td>ITEM NO.<\/td><td>TAMANHO<\/td><td>COMPRIMENTO<\/td><td>LARGO<\/td><td>ALTURA<\/td><td>N.W \/SET<\/td><\/tr><tr><td>DZW-B035<\/td><td>3.5L<\/td><td>35 cm<\/td><td>28 cm<\/td><td>28 cm<\/td><td>2250 g<\/td><\/tr><tr><td>DZW-B040<\/td><td>4.0L<\/td><td>38 cm<\/td><td>30 cm<\/td><td>28 cm<\/td><td>2450 g<\/td><\/tr><tr><td>DZW-B060<\/td><td>6.0L<\/td><td>44 cm<\/td><td>36 cm<\/td><td>31 cm<\/td><td>3450 g<\/td><\/tr><tr><td>DZW-B080<\/td><td>8.0L<\/td><td>46 cm<\/td><td>38 cm<\/td><td>32 cm<\/td><td>3950 g<\/td><\/tr><\/tbody><\/table><\/figure>\n<\/div>\n\n\n\n<div class=\"wp-block-column is-layout-flow wp-block-column-is-layout-flow\">\n<figure class=\"wp-block-image aligncenter size-full is-resized\"><img fetchpriority=\"high\" decoding=\"async\" width=\"800\" height=\"800\" src=\"https:\/\/www.dzwchafingdish.com\/wp-content\/uploads\/2024\/03\/buffet-chafing-dish-wholesale-4.webp\" alt=\"prato para buffet - grossista\" class=\"wp-image-3459\" style=\"width:411px;height:auto\" srcset=\"https:\/\/www.dzwchafingdish.com\/wp-content\/uploads\/2024\/03\/buffet-chafing-dish-wholesale-4.webp 800w, https:\/\/www.dzwchafingdish.com\/wp-content\/uploads\/2024\/03\/buffet-chafing-dish-wholesale-4-300x300.webp 300w, https:\/\/www.dzwchafingdish.com\/wp-content\/uploads\/2024\/03\/buffet-chafing-dish-wholesale-4-150x150.webp 150w, https:\/\/www.dzwchafingdish.com\/wp-content\/uploads\/2024\/03\/buffet-chafing-dish-wholesale-4-768x768.webp 768w\" sizes=\"(max-width: 800px) 100vw, 800px\" \/><\/figure>\n<\/div>\n<\/div>\n\n\n\n<div class=\"wp-block-columns is-layout-flex wp-container-core-columns-is-layout-28f84493 wp-block-columns-is-layout-flex\">\n<div class=\"wp-block-column is-layout-flow wp-block-column-is-layout-flow\">\n<figure class=\"wp-block-image size-full\"><img decoding=\"async\" width=\"1000\" height=\"1000\" src=\"https:\/\/www.dzwchafingdish.com\/wp-content\/uploads\/2024\/03\/buffet-chafing-dish-wholesale-3.webp\" alt=\"prato para buffet - grossista\" class=\"wp-image-3458\" srcset=\"https:\/\/www.dzwchafingdish.com\/wp-content\/uploads\/2024\/03\/buffet-chafing-dish-wholesale-3.webp 1000w, https:\/\/www.dzwchafingdish.com\/wp-content\/uploads\/2024\/03\/buffet-chafing-dish-wholesale-3-300x300.webp 300w, https:\/\/www.dzwchafingdish.com\/wp-content\/uploads\/2024\/03\/buffet-chafing-dish-wholesale-3-150x150.webp 150w, https:\/\/www.dzwchafingdish.com\/wp-content\/uploads\/2024\/03\/buffet-chafing-dish-wholesale-3-768x768.webp 768w\" sizes=\"(max-width: 1000px) 100vw, 1000px\" \/><\/figure>\n<\/div>\n\n\n\n<div class=\"wp-block-column is-layout-flow wp-block-column-is-layout-flow\">\n<h2 class=\"wp-block-heading\"><strong>Prato de Chafing Buffet Carater\u00edsticas:<\/strong><\/h2>\n\n\n\n<ul class=\"wp-block-list\">\n<li>Material de qualidade: Este prato para buffet \u00e9 feito de a\u00e7o inoxid\u00e1vel 201 de alta qualidade para garantir durabilidade e utiliza\u00e7\u00e3o a longo prazo. O a\u00e7o inoxid\u00e1vel \u00e9 resistente \u00e0 corros\u00e3o e f\u00e1cil de limpar<\/li>\n\n\n\n<li>Design requintado: O seu design circular \u00e9 combinado com a tampa de vidro, que \u00e9 simultaneamente bonita e pr\u00e1tica. A tampa de vidro facilita a observa\u00e7\u00e3o dos alimentos e os pormenores de design tamb\u00e9m contribuem para o ambiente elegante \u00e0 mesa, tornando todo o banquete mais apelativo.<\/li>\n\n\n\n<li>Excelente isolamento: O excelente desempenho de isolamento e o desempenho de veda\u00e7\u00e3o da tampa de vidro podem impedir eficazmente a perda de calor, assegurando que o Chafing Dish Buffet mant\u00e9m a temperatura e o sabor ideais durante toda a refei\u00e7\u00e3o.<\/li>\n\n\n\n<li>F\u00e1cil de limpar: O a\u00e7o inoxid\u00e1vel torna a limpeza muito f\u00e1cil, basta passar um pano com \u00e1gua com sab\u00e3o suave. Devido \u00e0 sua durabilidade, os produtos de limpeza podem ser utilizados com confian\u00e7a, sem receio de danificar a superf\u00edcie.<\/li>\n<\/ul>\n<\/div>\n<\/div>","protected":false},"excerpt":{"rendered":"<p>Buffet Chafing Dish Dimension ITEM NO. SIZE LENGTH WIDE HIGHT N.W \/SET DZW-B035 3.5L 35 cm 28 cm 28 cm 2250 g DZW-B040 4.0L 38 cm 30 cm 28 cm 2450 g DZW-B060 6.0L 44 cm 36 cm 31 cm 3450 g DZW-B080 8.0L 46 cm 38 cm 32 cm 3950 g Buffet Chafing Dish [&hellip;]<\/p>","protected":false},"author":3,"featured_media":3456,"parent":0,"menu_order":0,"template":"","format":"standard","meta":{"_acf_changed":false,"site-sidebar-layout":"default","site-content-layout":"","ast-site-content-layout":"default","site-content-style":"default","site-sidebar-style":"default","ast-global-header-display":"","ast-banner-title-visibility":"","ast-main-header-display":"","ast-hfb-above-header-display":"","ast-hfb-below-header-display":"","ast-hfb-mobile-header-display":"","site-post-title":"","ast-breadcrumbs-content":"","ast-featured-img":"","footer-sml-layout":"","theme-transparent-header-meta":"","adv-header-id-meta":"","stick-header-meta":"","header-above-stick-meta":"","header-main-stick-meta":"","header-below-stick-meta":"","astra-migrate-meta-layouts":"default","ast-page-background-enabled":"default","ast-page-background-meta":{"desktop":{"background-color":"var(--ast-global-color-4)","background-image":"","background-repeat":"repeat","background-position":"center center","background-size":"auto","background-attachment":"scroll","background-type":"","background-media":"","overlay-type":"","overlay-color":"","overlay-opacity":"","overlay-gradient":""},"tablet":{"background-color":"","background-image":"","background-repeat":"repeat","background-position":"center center","background-size":"auto","background-attachment":"scroll","background-type":"","background-media":"","overlay-type":"","overlay-color":"","overlay-opacity":"","overlay-gradient":""},"mobile":{"background-color":"","background-image":"","background-repeat":"repeat","background-position":"center center","background-size":"auto","background-attachment":"scroll","background-type":"","background-media":"","overlay-type":"","overlay-color":"","overlay-opacity":"","overlay-gradient":""}},"ast-content-background-meta":{"desktop":{"background-color":"var(--ast-global-color-5)","background-image":"","background-repeat":"repeat","background-position":"center center","background-size":"auto","background-attachment":"scroll","background-type":"","background-media":"","overlay-type":"","overlay-color":"","overlay-opacity":"","overlay-gradient":""},"tablet":{"background-color":"var(--ast-global-color-5)","background-image":"","background-repeat":"repeat","background-position":"center center","background-size":"auto","background-attachment":"scroll","background-type":"","background-media":"","overlay-type":"","overlay-color":"","overlay-opacity":"","overlay-gradient":""},"mobile":{"background-color":"var(--ast-global-color-5)","background-image":"","background-repeat":"repeat","background-position":"center center","background-size":"auto","background-attachment":"scroll","background-type":"","background-media":"","overlay-type":"","overlay-color":"","overlay-opacity":"","overlay-gradient":""}},"footnotes":""},"product-categories":[63],"product-tag":[95,90,91],"class_list":["post-3439","product","type-product","status-publish","format-standard","has-post-thumbnail","hentry","product-categories-chafing-dish","product-tag-chafing-dish-with-glass-lid","product-tag-fuel-chafing-dish","product-tag-round-chafing-dish"],"acf":{"title":"Prato redondo para buffet em a\u00e7o inoxid\u00e1vel com tampa de vidro","title_source":{"label":"Title","type":"text","formatted_value":"Hot Sale Round Buffet Chafing Dish Stainless Steel with Glass Lid"},"short_description":"Wholesale Buffet Chafing Dish, we also provide custom chafing dish solutions. This stainless steel chafing dish with the glass lid and lid holder is Amazon's best seller, bulk order now to get factory cheap!","short_description_source":{"label":"Short description","type":"textarea","formatted_value":"Wholesale Buffet Chafing Dish, we also provide custom chafing dish solutions. This stainless steel chafing dish with the glass lid and lid holder is Amazon's best seller, bulk order now to get factory cheap!"},"parameters":"<table border=\"0\" width=\"275\" cellspacing=\"0\" cellpadding=\"0\">\r\n<tbody>\r\n<tr>\r\n<td width=\"108\" height=\"17\">Manufacturer<\/td>\r\n<td width=\"167\">DONGZHAOWEI<\/td>\r\n<\/tr>\r\n<tr>\r\n<td height=\"17\">Material<\/td>\r\n<td>Stainless Steel 201<\/td>\r\n<\/tr>\r\n<tr>\r\n<td height=\"17\">Capacity<\/td>\r\n<td>3.5L; 4.5L; 6.0L; 8.0L<\/td>\r\n<\/tr>\r\n<tr>\r\n<td height=\"17\">Color<\/td>\r\n<td>Golden \/ Silver<\/td>\r\n<\/tr>\r\n<tr>\r\n<td height=\"17\">Design<\/td>\r\n<td>Round shape<\/td>\r\n<\/tr>\r\n<tr>\r\n<td height=\"17\">Lid type<\/td>\r\n<td>Glass lid<\/td>\r\n<\/tr>\r\n<tr>\r\n<td height=\"17\">Heat<\/td>\r\n<td>Fuel<\/td>\r\n<\/tr>\r\n<tr>\r\n<td height=\"17\">Custom<\/td>\r\n<td>Color\/Logo\/Package<\/td>\r\n<\/tr>\r\n<\/tbody>\r\n<\/table>","parameters_source":{"label":"Parameters","type":"wysiwyg","formatted_value":"<table border=\"0\" width=\"275\" cellspacing=\"0\" cellpadding=\"0\">\n<tbody>\n<tr>\n<td width=\"108\" height=\"17\">Manufacturer<\/td>\n<td width=\"167\">DONGZHAOWEI<\/td>\n<\/tr>\n<tr>\n<td height=\"17\">Material<\/td>\n<td>Stainless Steel 201<\/td>\n<\/tr>\n<tr>\n<td height=\"17\">Capacity<\/td>\n<td>3.5L; 4.5L; 6.0L; 8.0L<\/td>\n<\/tr>\n<tr>\n<td height=\"17\">Color<\/td>\n<td>Golden \/ Silver<\/td>\n<\/tr>\n<tr>\n<td height=\"17\">Design<\/td>\n<td>Round shape<\/td>\n<\/tr>\n<tr>\n<td height=\"17\">Lid type<\/td>\n<td>Glass lid<\/td>\n<\/tr>\n<tr>\n<td height=\"17\">Heat<\/td>\n<td>Fuel<\/td>\n<\/tr>\n<tr>\n<td height=\"17\">Custom<\/td>\n<td>Color\/Logo\/Package<\/td>\n<\/tr>\n<\/tbody>\n<\/table>\n"},"photo_gallery":{"product_gallery":[[{"id":3456,"title":"buffet-chafing-dish-wholesale-1","caption":"buffet-chafing-dish-wholesale","full_image_url":"https:\/\/www.dzwchafingdish.com\/wp-content\/uploads\/2024\/03\/buffet-chafing-dish-wholesale-1.webp","thumbnail_image_url":"https:\/\/www.dzwchafingdish.com\/wp-content\/uploads\/2024\/03\/buffet-chafing-dish-wholesale-1-150x150.webp","large_srcset":"https:\/\/www.dzwchafingdish.com\/wp-content\/uploads\/2024\/03\/buffet-chafing-dish-wholesale-1.webp 1000w, https:\/\/www.dzwchafingdish.com\/wp-content\/uploads\/2024\/03\/buffet-chafing-dish-wholesale-1-300x300.webp 300w, https:\/\/www.dzwchafingdish.com\/wp-content\/uploads\/2024\/03\/buffet-chafing-dish-wholesale-1-150x150.webp 150w, https:\/\/www.dzwchafingdish.com\/wp-content\/uploads\/2024\/03\/buffet-chafing-dish-wholesale-1-768x768.webp 768w","medium_srcset":"https:\/\/www.dzwchafingdish.com\/wp-content\/uploads\/2024\/03\/buffet-chafing-dish-wholesale-1-300x300.webp 300w, https:\/\/www.dzwchafingdish.com\/wp-content\/uploads\/2024\/03\/buffet-chafing-dish-wholesale-1-150x150.webp 150w, https:\/\/www.dzwchafingdish.com\/wp-content\/uploads\/2024\/03\/buffet-chafing-dish-wholesale-1-768x768.webp 768w, https:\/\/www.dzwchafingdish.com\/wp-content\/uploads\/2024\/03\/buffet-chafing-dish-wholesale-1.webp 1000w","media_details":{"width":1000,"height":1000,"sizes":{"medium":{"file":"buffet-chafing-dish-wholesale-1-300x300.webp","width":300,"height":300,"mime-type":"image\/webp","filesize":8488,"source_url":"https:\/\/www.dzwchafingdish.com\/wp-content\/uploads\/2024\/03\/buffet-chafing-dish-wholesale-1-300x300.webp"},"thumbnail":{"file":"buffet-chafing-dish-wholesale-1-150x150.webp","width":150,"height":150,"mime-type":"image\/webp","filesize":3112,"source_url":"https:\/\/www.dzwchafingdish.com\/wp-content\/uploads\/2024\/03\/buffet-chafing-dish-wholesale-1-150x150.webp"},"medium_large":{"file":"buffet-chafing-dish-wholesale-1-768x768.webp","width":768,"height":768,"mime-type":"image\/webp","filesize":31630,"source_url":"https:\/\/www.dzwchafingdish.com\/wp-content\/uploads\/2024\/03\/buffet-chafing-dish-wholesale-1-768x768.webp"}}},"alt_text":"buffet-chafing-dish-wholesale","url":"","target":""},{"id":3457,"title":"buffet-chafing-dish-wholesale-2","caption":"buffet-chafing-dish-wholesale","full_image_url":"https:\/\/www.dzwchafingdish.com\/wp-content\/uploads\/2024\/03\/buffet-chafing-dish-wholesale-2.webp","thumbnail_image_url":"https:\/\/www.dzwchafingdish.com\/wp-content\/uploads\/2024\/03\/buffet-chafing-dish-wholesale-2-150x150.webp","large_srcset":"https:\/\/www.dzwchafingdish.com\/wp-content\/uploads\/2024\/03\/buffet-chafing-dish-wholesale-2.webp 1000w, https:\/\/www.dzwchafingdish.com\/wp-content\/uploads\/2024\/03\/buffet-chafing-dish-wholesale-2-300x300.webp 300w, https:\/\/www.dzwchafingdish.com\/wp-content\/uploads\/2024\/03\/buffet-chafing-dish-wholesale-2-150x150.webp 150w, https:\/\/www.dzwchafingdish.com\/wp-content\/uploads\/2024\/03\/buffet-chafing-dish-wholesale-2-768x768.webp 768w","medium_srcset":"https:\/\/www.dzwchafingdish.com\/wp-content\/uploads\/2024\/03\/buffet-chafing-dish-wholesale-2-300x300.webp 300w, https:\/\/www.dzwchafingdish.com\/wp-content\/uploads\/2024\/03\/buffet-chafing-dish-wholesale-2-150x150.webp 150w, https:\/\/www.dzwchafingdish.com\/wp-content\/uploads\/2024\/03\/buffet-chafing-dish-wholesale-2-768x768.webp 768w, https:\/\/www.dzwchafingdish.com\/wp-content\/uploads\/2024\/03\/buffet-chafing-dish-wholesale-2.webp 1000w","media_details":{"width":1000,"height":1000,"sizes":{"medium":{"file":"buffet-chafing-dish-wholesale-2-300x300.webp","width":300,"height":300,"mime-type":"image\/webp","filesize":7546,"source_url":"https:\/\/www.dzwchafingdish.com\/wp-content\/uploads\/2024\/03\/buffet-chafing-dish-wholesale-2-300x300.webp"},"thumbnail":{"file":"buffet-chafing-dish-wholesale-2-150x150.webp","width":150,"height":150,"mime-type":"image\/webp","filesize":2772,"source_url":"https:\/\/www.dzwchafingdish.com\/wp-content\/uploads\/2024\/03\/buffet-chafing-dish-wholesale-2-150x150.webp"},"medium_large":{"file":"buffet-chafing-dish-wholesale-2-768x768.webp","width":768,"height":768,"mime-type":"image\/webp","filesize":27724,"source_url":"https:\/\/www.dzwchafingdish.com\/wp-content\/uploads\/2024\/03\/buffet-chafing-dish-wholesale-2-768x768.webp"}}},"alt_text":"buffet-chafing-dish-wholesale","url":"","target":""},{"id":3458,"title":"buffet-chafing-dish-wholesale-3","caption":"buffet-chafing-dish-wholesale","full_image_url":"https:\/\/www.dzwchafingdish.com\/wp-content\/uploads\/2024\/03\/buffet-chafing-dish-wholesale-3.webp","thumbnail_image_url":"https:\/\/www.dzwchafingdish.com\/wp-content\/uploads\/2024\/03\/buffet-chafing-dish-wholesale-3-150x150.webp","large_srcset":"https:\/\/www.dzwchafingdish.com\/wp-content\/uploads\/2024\/03\/buffet-chafing-dish-wholesale-3.webp 1000w, https:\/\/www.dzwchafingdish.com\/wp-content\/uploads\/2024\/03\/buffet-chafing-dish-wholesale-3-300x300.webp 300w, https:\/\/www.dzwchafingdish.com\/wp-content\/uploads\/2024\/03\/buffet-chafing-dish-wholesale-3-150x150.webp 150w, https:\/\/www.dzwchafingdish.com\/wp-content\/uploads\/2024\/03\/buffet-chafing-dish-wholesale-3-768x768.webp 768w","medium_srcset":"https:\/\/www.dzwchafingdish.com\/wp-content\/uploads\/2024\/03\/buffet-chafing-dish-wholesale-3-300x300.webp 300w, https:\/\/www.dzwchafingdish.com\/wp-content\/uploads\/2024\/03\/buffet-chafing-dish-wholesale-3-150x150.webp 150w, https:\/\/www.dzwchafingdish.com\/wp-content\/uploads\/2024\/03\/buffet-chafing-dish-wholesale-3-768x768.webp 768w, https:\/\/www.dzwchafingdish.com\/wp-content\/uploads\/2024\/03\/buffet-chafing-dish-wholesale-3.webp 1000w","media_details":{"width":1000,"height":1000,"sizes":{"medium":{"file":"buffet-chafing-dish-wholesale-3-300x300.webp","width":300,"height":300,"mime-type":"image\/webp","filesize":7520,"source_url":"https:\/\/www.dzwchafingdish.com\/wp-content\/uploads\/2024\/03\/buffet-chafing-dish-wholesale-3-300x300.webp"},"thumbnail":{"file":"buffet-chafing-dish-wholesale-3-150x150.webp","width":150,"height":150,"mime-type":"image\/webp","filesize":2802,"source_url":"https:\/\/www.dzwchafingdish.com\/wp-content\/uploads\/2024\/03\/buffet-chafing-dish-wholesale-3-150x150.webp"},"medium_large":{"file":"buffet-chafing-dish-wholesale-3-768x768.webp","width":768,"height":768,"mime-type":"image\/webp","filesize":28764,"source_url":"https:\/\/www.dzwchafingdish.com\/wp-content\/uploads\/2024\/03\/buffet-chafing-dish-wholesale-3-768x768.webp"}}},"alt_text":"buffet-chafing-dish-wholesale","url":"","target":""},{"id":3459,"title":"buffet-chafing-dish-wholesale-4","caption":"buffet-chafing-dish-wholesale","full_image_url":"https:\/\/www.dzwchafingdish.com\/wp-content\/uploads\/2024\/03\/buffet-chafing-dish-wholesale-4.webp","thumbnail_image_url":"https:\/\/www.dzwchafingdish.com\/wp-content\/uploads\/2024\/03\/buffet-chafing-dish-wholesale-4-150x150.webp","large_srcset":"https:\/\/www.dzwchafingdish.com\/wp-content\/uploads\/2024\/03\/buffet-chafing-dish-wholesale-4.webp 800w, https:\/\/www.dzwchafingdish.com\/wp-content\/uploads\/2024\/03\/buffet-chafing-dish-wholesale-4-300x300.webp 300w, https:\/\/www.dzwchafingdish.com\/wp-content\/uploads\/2024\/03\/buffet-chafing-dish-wholesale-4-150x150.webp 150w, https:\/\/www.dzwchafingdish.com\/wp-content\/uploads\/2024\/03\/buffet-chafing-dish-wholesale-4-768x768.webp 768w","medium_srcset":"https:\/\/www.dzwchafingdish.com\/wp-content\/uploads\/2024\/03\/buffet-chafing-dish-wholesale-4-300x300.webp 300w, https:\/\/www.dzwchafingdish.com\/wp-content\/uploads\/2024\/03\/buffet-chafing-dish-wholesale-4-150x150.webp 150w, https:\/\/www.dzwchafingdish.com\/wp-content\/uploads\/2024\/03\/buffet-chafing-dish-wholesale-4-768x768.webp 768w, https:\/\/www.dzwchafingdish.com\/wp-content\/uploads\/2024\/03\/buffet-chafing-dish-wholesale-4.webp 800w","media_details":{"width":800,"height":800,"sizes":{"medium":{"file":"buffet-chafing-dish-wholesale-4-300x300.webp","width":300,"height":300,"mime-type":"image\/webp","filesize":4286,"source_url":"https:\/\/www.dzwchafingdish.com\/wp-content\/uploads\/2024\/03\/buffet-chafing-dish-wholesale-4-300x300.webp"},"thumbnail":{"file":"buffet-chafing-dish-wholesale-4-150x150.webp","width":150,"height":150,"mime-type":"image\/webp","filesize":1818,"source_url":"https:\/\/www.dzwchafingdish.com\/wp-content\/uploads\/2024\/03\/buffet-chafing-dish-wholesale-4-150x150.webp"},"medium_large":{"file":"buffet-chafing-dish-wholesale-4-768x768.webp","width":768,"height":768,"mime-type":"image\/webp","filesize":14308,"source_url":"https:\/\/www.dzwchafingdish.com\/wp-content\/uploads\/2024\/03\/buffet-chafing-dish-wholesale-4-768x768.webp"}}},"alt_text":"buffet-chafing-dish-wholesale","url":"","target":""},{"id":3461,"title":"buffet-chafing-dish-wholesale-6","caption":"","full_image_url":"https:\/\/www.dzwchafingdish.com\/wp-content\/uploads\/2024\/03\/buffet-chafing-dish-wholesale-6.webp","thumbnail_image_url":"https:\/\/www.dzwchafingdish.com\/wp-content\/uploads\/2024\/03\/buffet-chafing-dish-wholesale-6-150x150.webp","large_srcset":"https:\/\/www.dzwchafingdish.com\/wp-content\/uploads\/2024\/03\/buffet-chafing-dish-wholesale-6.webp 800w, https:\/\/www.dzwchafingdish.com\/wp-content\/uploads\/2024\/03\/buffet-chafing-dish-wholesale-6-300x300.webp 300w, https:\/\/www.dzwchafingdish.com\/wp-content\/uploads\/2024\/03\/buffet-chafing-dish-wholesale-6-150x150.webp 150w, https:\/\/www.dzwchafingdish.com\/wp-content\/uploads\/2024\/03\/buffet-chafing-dish-wholesale-6-768x768.webp 768w","medium_srcset":"https:\/\/www.dzwchafingdish.com\/wp-content\/uploads\/2024\/03\/buffet-chafing-dish-wholesale-6-300x300.webp 300w, https:\/\/www.dzwchafingdish.com\/wp-content\/uploads\/2024\/03\/buffet-chafing-dish-wholesale-6-150x150.webp 150w, https:\/\/www.dzwchafingdish.com\/wp-content\/uploads\/2024\/03\/buffet-chafing-dish-wholesale-6-768x768.webp 768w, https:\/\/www.dzwchafingdish.com\/wp-content\/uploads\/2024\/03\/buffet-chafing-dish-wholesale-6.webp 800w","media_details":{"width":800,"height":800,"sizes":{"medium":{"file":"buffet-chafing-dish-wholesale-6-300x300.webp","width":300,"height":300,"mime-type":"image\/webp","filesize":3974,"source_url":"https:\/\/www.dzwchafingdish.com\/wp-content\/uploads\/2024\/03\/buffet-chafing-dish-wholesale-6-300x300.webp"},"thumbnail":{"file":"buffet-chafing-dish-wholesale-6-150x150.webp","width":150,"height":150,"mime-type":"image\/webp","filesize":1764,"source_url":"https:\/\/www.dzwchafingdish.com\/wp-content\/uploads\/2024\/03\/buffet-chafing-dish-wholesale-6-150x150.webp"},"medium_large":{"file":"buffet-chafing-dish-wholesale-6-768x768.webp","width":768,"height":768,"mime-type":"image\/webp","filesize":12364,"source_url":"https:\/\/www.dzwchafingdish.com\/wp-content\/uploads\/2024\/03\/buffet-chafing-dish-wholesale-6-768x768.webp"}}},"alt_text":"buffet-chafing-dish-wholesale","url":"","target":""},{"id":3462,"title":"buffet-chafing-dish-wholesale-7","caption":"buffet-chafing-dish-wholesale","full_image_url":"https:\/\/www.dzwchafingdish.com\/wp-content\/uploads\/2024\/03\/buffet-chafing-dish-wholesale-7.webp","thumbnail_image_url":"https:\/\/www.dzwchafingdish.com\/wp-content\/uploads\/2024\/03\/buffet-chafing-dish-wholesale-7-150x150.webp","large_srcset":"https:\/\/www.dzwchafingdish.com\/wp-content\/uploads\/2024\/03\/buffet-chafing-dish-wholesale-7.webp 800w, https:\/\/www.dzwchafingdish.com\/wp-content\/uploads\/2024\/03\/buffet-chafing-dish-wholesale-7-300x300.webp 300w, https:\/\/www.dzwchafingdish.com\/wp-content\/uploads\/2024\/03\/buffet-chafing-dish-wholesale-7-150x150.webp 150w, https:\/\/www.dzwchafingdish.com\/wp-content\/uploads\/2024\/03\/buffet-chafing-dish-wholesale-7-768x768.webp 768w","medium_srcset":"https:\/\/www.dzwchafingdish.com\/wp-content\/uploads\/2024\/03\/buffet-chafing-dish-wholesale-7-300x300.webp 300w, https:\/\/www.dzwchafingdish.com\/wp-content\/uploads\/2024\/03\/buffet-chafing-dish-wholesale-7-150x150.webp 150w, https:\/\/www.dzwchafingdish.com\/wp-content\/uploads\/2024\/03\/buffet-chafing-dish-wholesale-7-768x768.webp 768w, https:\/\/www.dzwchafingdish.com\/wp-content\/uploads\/2024\/03\/buffet-chafing-dish-wholesale-7.webp 800w","media_details":{"width":800,"height":800,"sizes":{"medium":{"file":"buffet-chafing-dish-wholesale-7-300x300.webp","width":300,"height":300,"mime-type":"image\/webp","filesize":5572,"source_url":"https:\/\/www.dzwchafingdish.com\/wp-content\/uploads\/2024\/03\/buffet-chafing-dish-wholesale-7-300x300.webp"},"thumbnail":{"file":"buffet-chafing-dish-wholesale-7-150x150.webp","width":150,"height":150,"mime-type":"image\/webp","filesize":2076,"source_url":"https:\/\/www.dzwchafingdish.com\/wp-content\/uploads\/2024\/03\/buffet-chafing-dish-wholesale-7-150x150.webp"},"medium_large":{"file":"buffet-chafing-dish-wholesale-7-768x768.webp","width":768,"height":768,"mime-type":"image\/webp","filesize":21304,"source_url":"https:\/\/www.dzwchafingdish.com\/wp-content\/uploads\/2024\/03\/buffet-chafing-dish-wholesale-7-768x768.webp"}}},"alt_text":"buffet-chafing-dish-wholesale","url":"","target":""}]]}},"_links":{"self":[{"href":"https:\/\/www.dzwchafingdish.com\/pt\/wp-json\/wp\/v2\/product\/3439","targetHints":{"allow":["GET"]}}],"collection":[{"href":"https:\/\/www.dzwchafingdish.com\/pt\/wp-json\/wp\/v2\/product"}],"about":[{"href":"https:\/\/www.dzwchafingdish.com\/pt\/wp-json\/wp\/v2\/types\/product"}],"author":[{"embeddable":true,"href":"https:\/\/www.dzwchafingdish.com\/pt\/wp-json\/wp\/v2\/users\/3"}],"version-history":[{"count":0,"href":"https:\/\/www.dzwchafingdish.com\/pt\/wp-json\/wp\/v2\/product\/3439\/revisions"}],"wp:featuredmedia":[{"embeddable":true,"href":"https:\/\/www.dzwchafingdish.com\/pt\/wp-json\/wp\/v2\/media\/3456"}],"wp:attachment":[{"href":"https:\/\/www.dzwchafingdish.com\/pt\/wp-json\/wp\/v2\/media?parent=3439"}],"wp:term":[{"taxonomy":"product-categories","embeddable":true,"href":"https:\/\/www.dzwchafingdish.com\/pt\/wp-json\/wp\/v2\/product-categories?post=3439"},{"taxonomy":"product-tag","embeddable":true,"href":"https:\/\/www.dzwchafingdish.com\/pt\/wp-json\/wp\/v2\/product-tag?post=3439"}],"curies":[{"name":"wp","href":"https:\/\/api.w.org\/{rel}","templated":true}]}}