{"id":3482,"date":"2024-03-23T12:40:58","date_gmt":"2024-03-23T12:40:58","guid":{"rendered":"https:\/\/www.dzwchafingdish.com\/?post_type=product&#038;p=3482"},"modified":"2024-06-15T05:08:09","modified_gmt":"2024-06-15T05:08:09","slug":"catering-chafing-dishes-home-use-with-2-pans-wholesale","status":"publish","type":"product","link":"https:\/\/www.dzwchafingdish.com\/pt\/product\/catering-chafing-dishes-home-use-with-2-pans-wholesale\/","title":{"rendered":"Pratos de Chafing para catering por atacado para uso dom\u00e9stico com 2 panelas"},"content":{"rendered":"<div class=\"wp-block-columns is-layout-flex wp-container-core-columns-is-layout-28f84493 wp-block-columns-is-layout-flex\">\n<div class=\"wp-block-column is-layout-flow wp-block-column-is-layout-flow\">\n<h2 class=\"wp-block-heading\"><strong>Dimens\u00e3o dos pratos para catering<\/strong><\/h2>\n\n\n\n<figure class=\"wp-block-table\"><table><tbody><tr><td>ITEM NO.<\/td><td>TAMANHO<\/td><td>COMPRIMENTO<\/td><td>LARGO<\/td><td>ALTURA<\/td><td>N.W \/SET<\/td><\/tr><tr><td>DZW-GB235<\/td><td>3.5L<\/td><td>35 cm<\/td><td>28 cm<\/td><td>28 cm<\/td><td>2250 g<\/td><\/tr><tr><td>DZW-GB245<\/td><td>4.0L<\/td><td>38 cm<\/td><td>30 cm<\/td><td>28 cm<\/td><td>2450 g<\/td><\/tr><tr><td>DZW-GB260<\/td><td>6.0L<\/td><td>44 cm<\/td><td>36 cm<\/td><td>31 cm<\/td><td>3450 g<\/td><\/tr><tr><td>DZW-GB280<\/td><td>8.0L<\/td><td>46 cm<\/td><td>38 cm<\/td><td>32 cm<\/td><td>3950 g<\/td><\/tr><\/tbody><\/table><\/figure>\n<\/div>\n\n\n\n<div class=\"wp-block-column is-layout-flow wp-block-column-is-layout-flow\">\n<figure class=\"wp-block-image aligncenter size-full is-resized\"><img fetchpriority=\"high\" decoding=\"async\" width=\"800\" height=\"800\" src=\"https:\/\/www.dzwchafingdish.com\/wp-content\/uploads\/2024\/03\/wholesale-catering-chafing-dishes-3.webp\" alt=\"pratos de cozinha por atacado-1\" class=\"wp-image-3488\" style=\"width:436px;height:auto\" srcset=\"https:\/\/www.dzwchafingdish.com\/wp-content\/uploads\/2024\/03\/wholesale-catering-chafing-dishes-3.webp 800w, https:\/\/www.dzwchafingdish.com\/wp-content\/uploads\/2024\/03\/wholesale-catering-chafing-dishes-3-300x300.webp 300w, https:\/\/www.dzwchafingdish.com\/wp-content\/uploads\/2024\/03\/wholesale-catering-chafing-dishes-3-150x150.webp 150w, https:\/\/www.dzwchafingdish.com\/wp-content\/uploads\/2024\/03\/wholesale-catering-chafing-dishes-3-768x768.webp 768w\" sizes=\"(max-width: 800px) 100vw, 800px\" \/><\/figure>\n<\/div>\n<\/div>\n\n\n\n<div class=\"wp-block-columns is-layout-flex wp-container-core-columns-is-layout-28f84493 wp-block-columns-is-layout-flex\">\n<div class=\"wp-block-column is-layout-flow wp-block-column-is-layout-flow\">\n<figure class=\"wp-block-image aligncenter size-full is-resized\"><img decoding=\"async\" width=\"800\" height=\"800\" src=\"https:\/\/www.dzwchafingdish.com\/wp-content\/uploads\/2024\/03\/wholesale-catering-chafing-dishes-4.webp\" alt=\"pratos de cozinha por atacado-1\" class=\"wp-image-3489\" style=\"width:477px;height:auto\" srcset=\"https:\/\/www.dzwchafingdish.com\/wp-content\/uploads\/2024\/03\/wholesale-catering-chafing-dishes-4.webp 800w, https:\/\/www.dzwchafingdish.com\/wp-content\/uploads\/2024\/03\/wholesale-catering-chafing-dishes-4-300x300.webp 300w, https:\/\/www.dzwchafingdish.com\/wp-content\/uploads\/2024\/03\/wholesale-catering-chafing-dishes-4-150x150.webp 150w, https:\/\/www.dzwchafingdish.com\/wp-content\/uploads\/2024\/03\/wholesale-catering-chafing-dishes-4-768x768.webp 768w\" sizes=\"(max-width: 800px) 100vw, 800px\" \/><\/figure>\n<\/div>\n\n\n\n<div class=\"wp-block-column is-layout-flow wp-block-column-is-layout-flow\">\n<h2 class=\"wp-block-heading\">Pr\u00e9mio <strong>Chafing Dishes para catering<\/strong> Carater\u00edsticas:<\/h2>\n\n\n\n<ul class=\"wp-block-list\">\n<li>Vers\u00e1til: Este prato para servir refei\u00e7\u00f5es \u00e9 adequado para muitas ocasi\u00f5es, n\u00e3o s\u00f3 para utiliza\u00e7\u00e3o em casa, mas tamb\u00e9m para banquetes, festas, cafetarias e outros locais.<\/li>\n\n\n\n<li>Design de panela dupla: Este Chafing Dish para catering est\u00e1 equipado com duas panelas, permitindo-lhe oferecer v\u00e1rias op\u00e7\u00f5es de comida ao mesmo tempo para satisfazer as necessidades dos convidados com gostos diferentes.<\/li>\n\n\n\n<li>Materiais de alta qualidade: Fabricado com materiais de alta qualidade para garantir a durabilidade e a utiliza\u00e7\u00e3o a longo prazo.<\/li>\n\n\n\n<li>F\u00e1cil de utilizar: Este prato para catering tem um design simples e um funcionamento c\u00f3modo. Facilita a prepara\u00e7\u00e3o e o servi\u00e7o de pratos deliciosos.<\/li>\n<\/ul>\n<\/div>\n<\/div>","protected":false},"excerpt":{"rendered":"<p>Pratos para assar para catering Dimens\u00e3o ITEM NO. TAMANHO COMPRIMENTO LARGURA ALTURA N.W \/ CONJUNTO DZW-GB235 3,5L 35 cm 28 cm 28 cm 2250 g DZW-GB245 4,0L 38 cm 30 cm 28 cm 2450 g DZW-GB260 6,0L 44 cm 36 cm 31 cm 3450 g DZW-GB280 8,0L 46 cm 38 cm 32 cm 3950 g Pratos de refei\u00e7&amp;atildeo para catering [...]<\/p>","protected":false},"author":3,"featured_media":3486,"parent":0,"menu_order":0,"template":"","format":"standard","meta":{"_acf_changed":false,"site-sidebar-layout":"default","site-content-layout":"","ast-site-content-layout":"default","site-content-style":"default","site-sidebar-style":"default","ast-global-header-display":"","ast-banner-title-visibility":"","ast-main-header-display":"","ast-hfb-above-header-display":"","ast-hfb-below-header-display":"","ast-hfb-mobile-header-display":"","site-post-title":"","ast-breadcrumbs-content":"","ast-featured-img":"","footer-sml-layout":"","theme-transparent-header-meta":"","adv-header-id-meta":"","stick-header-meta":"","header-above-stick-meta":"","header-main-stick-meta":"","header-below-stick-meta":"","astra-migrate-meta-layouts":"default","ast-page-background-enabled":"default","ast-page-background-meta":{"desktop":{"background-color":"var(--ast-global-color-4)","background-image":"","background-repeat":"repeat","background-position":"center center","background-size":"auto","background-attachment":"scroll","background-type":"","background-media":"","overlay-type":"","overlay-color":"","overlay-opacity":"","overlay-gradient":""},"tablet":{"background-color":"","background-image":"","background-repeat":"repeat","background-position":"center center","background-size":"auto","background-attachment":"scroll","background-type":"","background-media":"","overlay-type":"","overlay-color":"","overlay-opacity":"","overlay-gradient":""},"mobile":{"background-color":"","background-image":"","background-repeat":"repeat","background-position":"center center","background-size":"auto","background-attachment":"scroll","background-type":"","background-media":"","overlay-type":"","overlay-color":"","overlay-opacity":"","overlay-gradient":""}},"ast-content-background-meta":{"desktop":{"background-color":"var(--ast-global-color-5)","background-image":"","background-repeat":"repeat","background-position":"center center","background-size":"auto","background-attachment":"scroll","background-type":"","background-media":"","overlay-type":"","overlay-color":"","overlay-opacity":"","overlay-gradient":""},"tablet":{"background-color":"var(--ast-global-color-5)","background-image":"","background-repeat":"repeat","background-position":"center center","background-size":"auto","background-attachment":"scroll","background-type":"","background-media":"","overlay-type":"","overlay-color":"","overlay-opacity":"","overlay-gradient":""},"mobile":{"background-color":"var(--ast-global-color-5)","background-image":"","background-repeat":"repeat","background-position":"center center","background-size":"auto","background-attachment":"scroll","background-type":"","background-media":"","overlay-type":"","overlay-color":"","overlay-opacity":"","overlay-gradient":""}},"footnotes":""},"product-categories":[63],"product-tag":[95,97,90,91],"class_list":["post-3482","product","type-product","status-publish","format-standard","has-post-thumbnail","hentry","product-categories-chafing-dish","product-tag-chafing-dish-with-glass-lid","product-tag-chafing-dish-with-hanging-lid","product-tag-fuel-chafing-dish","product-tag-round-chafing-dish"],"acf":{"title":"Pratos de Chafing para catering por atacado para uso dom\u00e9stico com 2 panelas","title_source":{"label":"Title","type":"text","formatted_value":"Wholesale Catering Chafing Dishes Home Use with 2 Pans"},"short_description":"We wholesale versatile and practical catering chafing dishes, provide custom service. These  catering chafing dishes are suitable for family, banquet, party and other occasions. Equipped with double pot design, offering a variety of dishes. Made of high quality materials, durable and easy to clean. Easy to use, easy to prepare and enjoy delicious food.","short_description_source":{"label":"Short description","type":"textarea","formatted_value":"We wholesale versatile and practical catering chafing dishes, provide custom service. These  catering chafing dishes are suitable for family, banquet, party and other occasions. Equipped with double pot design, offering a variety of dishes. Made of high quality materials, durable and easy to clean. Easy to use, easy to prepare and enjoy delicious food."},"parameters":"<table border=\"0\" width=\"275\" cellspacing=\"0\" cellpadding=\"0\">\r\n<tbody>\r\n<tr>\r\n<td width=\"108\" height=\"17\">Manufacturer<\/td>\r\n<td width=\"167\">DONGZHAOWEI<\/td>\r\n<\/tr>\r\n<tr>\r\n<td height=\"17\">Material<\/td>\r\n<td>Stainless Steel 201<\/td>\r\n<\/tr>\r\n<tr>\r\n<td height=\"17\">Capacity<\/td>\r\n<td>3.5L; 4.5L; 6.0L; 8.0L<\/td>\r\n<\/tr>\r\n<tr>\r\n<td height=\"17\">Color<\/td>\r\n<td>Golden \/ Silver<\/td>\r\n<\/tr>\r\n<tr>\r\n<td height=\"17\">Design<\/td>\r\n<td>Round shape<\/td>\r\n<\/tr>\r\n<tr>\r\n<td height=\"17\">Tray<\/td>\r\n<td>No divided \/ Divided tray<\/td>\r\n<\/tr>\r\n<tr>\r\n<td height=\"17\">Lid type<\/td>\r\n<td>Glass lid<\/td>\r\n<\/tr>\r\n<tr>\r\n<td height=\"17\">Heat<\/td>\r\n<td>Fuel<\/td>\r\n<\/tr>\r\n<tr>\r\n<td height=\"17\">Custom<\/td>\r\n<td>Color\/Logo\/Package<\/td>\r\n<\/tr>\r\n<\/tbody>\r\n<\/table>","parameters_source":{"label":"Parameters","type":"wysiwyg","formatted_value":"<table border=\"0\" width=\"275\" cellspacing=\"0\" cellpadding=\"0\">\n<tbody>\n<tr>\n<td width=\"108\" height=\"17\">Manufacturer<\/td>\n<td width=\"167\">DONGZHAOWEI<\/td>\n<\/tr>\n<tr>\n<td height=\"17\">Material<\/td>\n<td>Stainless Steel 201<\/td>\n<\/tr>\n<tr>\n<td height=\"17\">Capacity<\/td>\n<td>3.5L; 4.5L; 6.0L; 8.0L<\/td>\n<\/tr>\n<tr>\n<td height=\"17\">Color<\/td>\n<td>Golden \/ Silver<\/td>\n<\/tr>\n<tr>\n<td height=\"17\">Design<\/td>\n<td>Round shape<\/td>\n<\/tr>\n<tr>\n<td height=\"17\">Tray<\/td>\n<td>No divided \/ Divided tray<\/td>\n<\/tr>\n<tr>\n<td height=\"17\">Lid type<\/td>\n<td>Glass lid<\/td>\n<\/tr>\n<tr>\n<td height=\"17\">Heat<\/td>\n<td>Fuel<\/td>\n<\/tr>\n<tr>\n<td height=\"17\">Custom<\/td>\n<td>Color\/Logo\/Package<\/td>\n<\/tr>\n<\/tbody>\n<\/table>\n"},"photo_gallery":{"product_gallery":[[{"id":3486,"title":"wholesale-catering-chafing-dishes-1","caption":"wholesale-catering-chafing-dishes-1","full_image_url":"https:\/\/www.dzwchafingdish.com\/wp-content\/uploads\/2024\/03\/wholesale-catering-chafing-dishes-1.webp","thumbnail_image_url":"https:\/\/www.dzwchafingdish.com\/wp-content\/uploads\/2024\/03\/wholesale-catering-chafing-dishes-1-150x150.webp","large_srcset":"https:\/\/www.dzwchafingdish.com\/wp-content\/uploads\/2024\/03\/wholesale-catering-chafing-dishes-1.webp 800w, https:\/\/www.dzwchafingdish.com\/wp-content\/uploads\/2024\/03\/wholesale-catering-chafing-dishes-1-300x300.webp 300w, https:\/\/www.dzwchafingdish.com\/wp-content\/uploads\/2024\/03\/wholesale-catering-chafing-dishes-1-150x150.webp 150w, https:\/\/www.dzwchafingdish.com\/wp-content\/uploads\/2024\/03\/wholesale-catering-chafing-dishes-1-768x768.webp 768w","medium_srcset":"https:\/\/www.dzwchafingdish.com\/wp-content\/uploads\/2024\/03\/wholesale-catering-chafing-dishes-1-300x300.webp 300w, https:\/\/www.dzwchafingdish.com\/wp-content\/uploads\/2024\/03\/wholesale-catering-chafing-dishes-1-150x150.webp 150w, https:\/\/www.dzwchafingdish.com\/wp-content\/uploads\/2024\/03\/wholesale-catering-chafing-dishes-1-768x768.webp 768w, https:\/\/www.dzwchafingdish.com\/wp-content\/uploads\/2024\/03\/wholesale-catering-chafing-dishes-1.webp 800w","media_details":{"width":800,"height":800,"sizes":{"medium":{"file":"wholesale-catering-chafing-dishes-1-300x300.webp","width":300,"height":300,"mime-type":"image\/webp","filesize":14622,"source_url":"https:\/\/www.dzwchafingdish.com\/wp-content\/uploads\/2024\/03\/wholesale-catering-chafing-dishes-1-300x300.webp"},"thumbnail":{"file":"wholesale-catering-chafing-dishes-1-150x150.webp","width":150,"height":150,"mime-type":"image\/webp","filesize":4908,"source_url":"https:\/\/www.dzwchafingdish.com\/wp-content\/uploads\/2024\/03\/wholesale-catering-chafing-dishes-1-150x150.webp"},"medium_large":{"file":"wholesale-catering-chafing-dishes-1-768x768.webp","width":768,"height":768,"mime-type":"image\/webp","filesize":56706,"source_url":"https:\/\/www.dzwchafingdish.com\/wp-content\/uploads\/2024\/03\/wholesale-catering-chafing-dishes-1-768x768.webp"}}},"alt_text":"wholesale-catering-chafing-dishes-1","url":"","target":""},{"id":3487,"title":"wholesale-catering-chafing-dishes-2","caption":"wholesale-catering-chafing-dishes-1","full_image_url":"https:\/\/www.dzwchafingdish.com\/wp-content\/uploads\/2024\/03\/wholesale-catering-chafing-dishes-2.webp","thumbnail_image_url":"https:\/\/www.dzwchafingdish.com\/wp-content\/uploads\/2024\/03\/wholesale-catering-chafing-dishes-2-150x150.webp","large_srcset":"https:\/\/www.dzwchafingdish.com\/wp-content\/uploads\/2024\/03\/wholesale-catering-chafing-dishes-2.webp 800w, https:\/\/www.dzwchafingdish.com\/wp-content\/uploads\/2024\/03\/wholesale-catering-chafing-dishes-2-300x300.webp 300w, https:\/\/www.dzwchafingdish.com\/wp-content\/uploads\/2024\/03\/wholesale-catering-chafing-dishes-2-150x150.webp 150w, https:\/\/www.dzwchafingdish.com\/wp-content\/uploads\/2024\/03\/wholesale-catering-chafing-dishes-2-768x768.webp 768w","medium_srcset":"https:\/\/www.dzwchafingdish.com\/wp-content\/uploads\/2024\/03\/wholesale-catering-chafing-dishes-2-300x300.webp 300w, https:\/\/www.dzwchafingdish.com\/wp-content\/uploads\/2024\/03\/wholesale-catering-chafing-dishes-2-150x150.webp 150w, https:\/\/www.dzwchafingdish.com\/wp-content\/uploads\/2024\/03\/wholesale-catering-chafing-dishes-2-768x768.webp 768w, https:\/\/www.dzwchafingdish.com\/wp-content\/uploads\/2024\/03\/wholesale-catering-chafing-dishes-2.webp 800w","media_details":{"width":800,"height":800,"sizes":{"medium":{"file":"wholesale-catering-chafing-dishes-2-300x300.webp","width":300,"height":300,"mime-type":"image\/webp","filesize":12512,"source_url":"https:\/\/www.dzwchafingdish.com\/wp-content\/uploads\/2024\/03\/wholesale-catering-chafing-dishes-2-300x300.webp"},"thumbnail":{"file":"wholesale-catering-chafing-dishes-2-150x150.webp","width":150,"height":150,"mime-type":"image\/webp","filesize":4656,"source_url":"https:\/\/www.dzwchafingdish.com\/wp-content\/uploads\/2024\/03\/wholesale-catering-chafing-dishes-2-150x150.webp"},"medium_large":{"file":"wholesale-catering-chafing-dishes-2-768x768.webp","width":768,"height":768,"mime-type":"image\/webp","filesize":45516,"source_url":"https:\/\/www.dzwchafingdish.com\/wp-content\/uploads\/2024\/03\/wholesale-catering-chafing-dishes-2-768x768.webp"}}},"alt_text":"wholesale-catering-chafing-dishes-1","url":"","target":""},{"id":3489,"title":"wholesale-catering-chafing-dishes-4","caption":"wholesale-catering-chafing-dishes-1","full_image_url":"https:\/\/www.dzwchafingdish.com\/wp-content\/uploads\/2024\/03\/wholesale-catering-chafing-dishes-4.webp","thumbnail_image_url":"https:\/\/www.dzwchafingdish.com\/wp-content\/uploads\/2024\/03\/wholesale-catering-chafing-dishes-4-150x150.webp","large_srcset":"https:\/\/www.dzwchafingdish.com\/wp-content\/uploads\/2024\/03\/wholesale-catering-chafing-dishes-4.webp 800w, https:\/\/www.dzwchafingdish.com\/wp-content\/uploads\/2024\/03\/wholesale-catering-chafing-dishes-4-300x300.webp 300w, https:\/\/www.dzwchafingdish.com\/wp-content\/uploads\/2024\/03\/wholesale-catering-chafing-dishes-4-150x150.webp 150w, https:\/\/www.dzwchafingdish.com\/wp-content\/uploads\/2024\/03\/wholesale-catering-chafing-dishes-4-768x768.webp 768w","medium_srcset":"https:\/\/www.dzwchafingdish.com\/wp-content\/uploads\/2024\/03\/wholesale-catering-chafing-dishes-4-300x300.webp 300w, https:\/\/www.dzwchafingdish.com\/wp-content\/uploads\/2024\/03\/wholesale-catering-chafing-dishes-4-150x150.webp 150w, https:\/\/www.dzwchafingdish.com\/wp-content\/uploads\/2024\/03\/wholesale-catering-chafing-dishes-4-768x768.webp 768w, https:\/\/www.dzwchafingdish.com\/wp-content\/uploads\/2024\/03\/wholesale-catering-chafing-dishes-4.webp 800w","media_details":{"width":800,"height":800,"sizes":{"medium":{"file":"wholesale-catering-chafing-dishes-4-300x300.webp","width":300,"height":300,"mime-type":"image\/webp","filesize":12114,"source_url":"https:\/\/www.dzwchafingdish.com\/wp-content\/uploads\/2024\/03\/wholesale-catering-chafing-dishes-4-300x300.webp"},"thumbnail":{"file":"wholesale-catering-chafing-dishes-4-150x150.webp","width":150,"height":150,"mime-type":"image\/webp","filesize":4410,"source_url":"https:\/\/www.dzwchafingdish.com\/wp-content\/uploads\/2024\/03\/wholesale-catering-chafing-dishes-4-150x150.webp"},"medium_large":{"file":"wholesale-catering-chafing-dishes-4-768x768.webp","width":768,"height":768,"mime-type":"image\/webp","filesize":44372,"source_url":"https:\/\/www.dzwchafingdish.com\/wp-content\/uploads\/2024\/03\/wholesale-catering-chafing-dishes-4-768x768.webp"}}},"alt_text":"wholesale-catering-chafing-dishes-1","url":"","target":""},{"id":3490,"title":"wholesale-catering-chafing-dishes-5","caption":"wholesale-catering-chafing-dishes-1","full_image_url":"https:\/\/www.dzwchafingdish.com\/wp-content\/uploads\/2024\/03\/wholesale-catering-chafing-dishes-5.webp","thumbnail_image_url":"https:\/\/www.dzwchafingdish.com\/wp-content\/uploads\/2024\/03\/wholesale-catering-chafing-dishes-5-150x150.webp","large_srcset":"https:\/\/www.dzwchafingdish.com\/wp-content\/uploads\/2024\/03\/wholesale-catering-chafing-dishes-5.webp 800w, https:\/\/www.dzwchafingdish.com\/wp-content\/uploads\/2024\/03\/wholesale-catering-chafing-dishes-5-300x300.webp 300w, https:\/\/www.dzwchafingdish.com\/wp-content\/uploads\/2024\/03\/wholesale-catering-chafing-dishes-5-150x150.webp 150w, https:\/\/www.dzwchafingdish.com\/wp-content\/uploads\/2024\/03\/wholesale-catering-chafing-dishes-5-768x768.webp 768w","medium_srcset":"https:\/\/www.dzwchafingdish.com\/wp-content\/uploads\/2024\/03\/wholesale-catering-chafing-dishes-5-300x300.webp 300w, https:\/\/www.dzwchafingdish.com\/wp-content\/uploads\/2024\/03\/wholesale-catering-chafing-dishes-5-150x150.webp 150w, https:\/\/www.dzwchafingdish.com\/wp-content\/uploads\/2024\/03\/wholesale-catering-chafing-dishes-5-768x768.webp 768w, https:\/\/www.dzwchafingdish.com\/wp-content\/uploads\/2024\/03\/wholesale-catering-chafing-dishes-5.webp 800w","media_details":{"width":800,"height":800,"sizes":{"medium":{"file":"wholesale-catering-chafing-dishes-5-300x300.webp","width":300,"height":300,"mime-type":"image\/webp","filesize":9464,"source_url":"https:\/\/www.dzwchafingdish.com\/wp-content\/uploads\/2024\/03\/wholesale-catering-chafing-dishes-5-300x300.webp"},"thumbnail":{"file":"wholesale-catering-chafing-dishes-5-150x150.webp","width":150,"height":150,"mime-type":"image\/webp","filesize":3550,"source_url":"https:\/\/www.dzwchafingdish.com\/wp-content\/uploads\/2024\/03\/wholesale-catering-chafing-dishes-5-150x150.webp"},"medium_large":{"file":"wholesale-catering-chafing-dishes-5-768x768.webp","width":768,"height":768,"mime-type":"image\/webp","filesize":32470,"source_url":"https:\/\/www.dzwchafingdish.com\/wp-content\/uploads\/2024\/03\/wholesale-catering-chafing-dishes-5-768x768.webp"}}},"alt_text":"wholesale-catering-chafing-dishes-1","url":"","target":""},{"id":3488,"title":"wholesale-catering-chafing-dishes-3","caption":"wholesale-catering-chafing-dishes-1","full_image_url":"https:\/\/www.dzwchafingdish.com\/wp-content\/uploads\/2024\/03\/wholesale-catering-chafing-dishes-3.webp","thumbnail_image_url":"https:\/\/www.dzwchafingdish.com\/wp-content\/uploads\/2024\/03\/wholesale-catering-chafing-dishes-3-150x150.webp","large_srcset":"https:\/\/www.dzwchafingdish.com\/wp-content\/uploads\/2024\/03\/wholesale-catering-chafing-dishes-3.webp 800w, https:\/\/www.dzwchafingdish.com\/wp-content\/uploads\/2024\/03\/wholesale-catering-chafing-dishes-3-300x300.webp 300w, https:\/\/www.dzwchafingdish.com\/wp-content\/uploads\/2024\/03\/wholesale-catering-chafing-dishes-3-150x150.webp 150w, https:\/\/www.dzwchafingdish.com\/wp-content\/uploads\/2024\/03\/wholesale-catering-chafing-dishes-3-768x768.webp 768w","medium_srcset":"https:\/\/www.dzwchafingdish.com\/wp-content\/uploads\/2024\/03\/wholesale-catering-chafing-dishes-3-300x300.webp 300w, https:\/\/www.dzwchafingdish.com\/wp-content\/uploads\/2024\/03\/wholesale-catering-chafing-dishes-3-150x150.webp 150w, https:\/\/www.dzwchafingdish.com\/wp-content\/uploads\/2024\/03\/wholesale-catering-chafing-dishes-3-768x768.webp 768w, https:\/\/www.dzwchafingdish.com\/wp-content\/uploads\/2024\/03\/wholesale-catering-chafing-dishes-3.webp 800w","media_details":{"width":800,"height":800,"sizes":{"medium":{"file":"wholesale-catering-chafing-dishes-3-300x300.webp","width":300,"height":300,"mime-type":"image\/webp","filesize":9244,"source_url":"https:\/\/www.dzwchafingdish.com\/wp-content\/uploads\/2024\/03\/wholesale-catering-chafing-dishes-3-300x300.webp"},"thumbnail":{"file":"wholesale-catering-chafing-dishes-3-150x150.webp","width":150,"height":150,"mime-type":"image\/webp","filesize":3528,"source_url":"https:\/\/www.dzwchafingdish.com\/wp-content\/uploads\/2024\/03\/wholesale-catering-chafing-dishes-3-150x150.webp"},"medium_large":{"file":"wholesale-catering-chafing-dishes-3-768x768.webp","width":768,"height":768,"mime-type":"image\/webp","filesize":31322,"source_url":"https:\/\/www.dzwchafingdish.com\/wp-content\/uploads\/2024\/03\/wholesale-catering-chafing-dishes-3-768x768.webp"}}},"alt_text":"wholesale-catering-chafing-dishes-1","url":"","target":""}]]}},"_links":{"self":[{"href":"https:\/\/www.dzwchafingdish.com\/pt\/wp-json\/wp\/v2\/product\/3482","targetHints":{"allow":["GET"]}}],"collection":[{"href":"https:\/\/www.dzwchafingdish.com\/pt\/wp-json\/wp\/v2\/product"}],"about":[{"href":"https:\/\/www.dzwchafingdish.com\/pt\/wp-json\/wp\/v2\/types\/product"}],"author":[{"embeddable":true,"href":"https:\/\/www.dzwchafingdish.com\/pt\/wp-json\/wp\/v2\/users\/3"}],"version-history":[{"count":0,"href":"https:\/\/www.dzwchafingdish.com\/pt\/wp-json\/wp\/v2\/product\/3482\/revisions"}],"wp:featuredmedia":[{"embeddable":true,"href":"https:\/\/www.dzwchafingdish.com\/pt\/wp-json\/wp\/v2\/media\/3486"}],"wp:attachment":[{"href":"https:\/\/www.dzwchafingdish.com\/pt\/wp-json\/wp\/v2\/media?parent=3482"}],"wp:term":[{"taxonomy":"product-categories","embeddable":true,"href":"https:\/\/www.dzwchafingdish.com\/pt\/wp-json\/wp\/v2\/product-categories?post=3482"},{"taxonomy":"product-tag","embeddable":true,"href":"https:\/\/www.dzwchafingdish.com\/pt\/wp-json\/wp\/v2\/product-tag?post=3482"}],"curies":[{"name":"wp","href":"https:\/\/api.w.org\/{rel}","templated":true}]}}