{"id":3606,"date":"2024-05-13T10:05:19","date_gmt":"2024-05-13T10:05:19","guid":{"rendered":"https:\/\/www.dzwchafingdish.com\/?post_type=product&#038;p=3606"},"modified":"2024-06-15T05:19:19","modified_gmt":"2024-06-15T05:19:19","slug":"gold-chafing-dish","status":"publish","type":"product","link":"https:\/\/www.dzwchafingdish.com\/pt\/product\/gold-chafing-dish\/","title":{"rendered":"Prato para assar de ouro em a\u00e7o inoxid\u00e1vel por atacado 4.5-9L"},"content":{"rendered":"<div class=\"wp-block-columns is-layout-flex wp-container-core-columns-is-layout-28f84493 wp-block-columns-is-layout-flex\">\n<div class=\"wp-block-column is-layout-flow wp-block-column-is-layout-flow\">\n<h2 class=\"wp-block-heading\">Chafing Dish dourado <strong>Dimens\u00e3o<\/strong><\/h2>\n\n\n\n<figure class=\"wp-block-table\"><table><tbody><tr><td>ITEM NO.<\/td><td>TAMANHO<\/td><td>COMPRIMENTO<\/td><td>LARGO<\/td><td>ALTURA<\/td><td>N.W \/SET<\/td><\/tr><tr><td>DZW-FL045<\/td><td>4.5L<\/td><td>38,5 cm<\/td><td>32 cm<\/td><td>66 cm<\/td><td>3450 g<\/td><\/tr><tr><td>DZW-FL060<\/td><td>6.0L<\/td><td>42,5 cm<\/td><td>36 cm<\/td><td>66 cm<\/td><td>4200 g<\/td><\/tr><tr><td>DZW-FL090<\/td><td>9.0L<\/td><td>48,5 cm<\/td><td>38 cm<\/td><td>81 cm<\/td><td>4700 g<\/td><\/tr><\/tbody><\/table><\/figure>\n<\/div>\n\n\n\n<div class=\"wp-block-column is-layout-flow wp-block-column-is-layout-flow\">\n<figure class=\"wp-block-image size-full is-resized\"><img fetchpriority=\"high\" decoding=\"async\" width=\"800\" height=\"800\" src=\"https:\/\/www.dzwchafingdish.com\/wp-content\/uploads\/2024\/03\/wholesale-vintage-chafing-dish-2.webp\" alt=\"prato de caf\u00e9 vintage por atacado\" class=\"wp-image-3608\" style=\"width:500px;height:auto\" srcset=\"https:\/\/www.dzwchafingdish.com\/wp-content\/uploads\/2024\/03\/wholesale-vintage-chafing-dish-2.webp 800w, https:\/\/www.dzwchafingdish.com\/wp-content\/uploads\/2024\/03\/wholesale-vintage-chafing-dish-2-300x300.webp 300w, https:\/\/www.dzwchafingdish.com\/wp-content\/uploads\/2024\/03\/wholesale-vintage-chafing-dish-2-150x150.webp 150w, https:\/\/www.dzwchafingdish.com\/wp-content\/uploads\/2024\/03\/wholesale-vintage-chafing-dish-2-768x768.webp 768w\" sizes=\"(max-width: 800px) 100vw, 800px\" \/><\/figure>\n<\/div>\n<\/div>\n\n\n\n<div class=\"wp-block-columns is-layout-flex wp-container-core-columns-is-layout-28f84493 wp-block-columns-is-layout-flex\">\n<div class=\"wp-block-column is-layout-flow wp-block-column-is-layout-flow\">\n<figure class=\"wp-block-image size-full\"><img decoding=\"async\" width=\"800\" height=\"800\" src=\"https:\/\/www.dzwchafingdish.com\/wp-content\/uploads\/2024\/03\/wholesale-vintage-chafing-dish-3.webp\" alt=\"prato de caf\u00e9 vintage por atacado\" class=\"wp-image-3609\" srcset=\"https:\/\/www.dzwchafingdish.com\/wp-content\/uploads\/2024\/03\/wholesale-vintage-chafing-dish-3.webp 800w, https:\/\/www.dzwchafingdish.com\/wp-content\/uploads\/2024\/03\/wholesale-vintage-chafing-dish-3-300x300.webp 300w, https:\/\/www.dzwchafingdish.com\/wp-content\/uploads\/2024\/03\/wholesale-vintage-chafing-dish-3-150x150.webp 150w, https:\/\/www.dzwchafingdish.com\/wp-content\/uploads\/2024\/03\/wholesale-vintage-chafing-dish-3-768x768.webp 768w\" sizes=\"(max-width: 800px) 100vw, 800px\" \/><\/figure>\n<\/div>\n\n\n\n<div class=\"wp-block-column is-layout-flow wp-block-column-is-layout-flow\">\n<h2 class=\"wp-block-heading\"><strong>Prato para chafing em ouro Carater\u00edsticas:<\/strong><\/h2>\n\n\n\n<ul class=\"wp-block-list\">\n<li>Aspeto cl\u00e1ssico: Este refrat\u00e1rio de classe acrescenta um design moderno ao estilo retro e utiliza um design de entalhe em renda desde o rebordo da panela at\u00e9 ao suporte da tampa, o que acrescenta uma atmosfera e um estilo \u00fanicos \u00e0 cafetaria ou ao banquete.<\/li>\n\n\n\n<li>Design humanizado: Este Chafing Dish de classe est\u00e1 equipado com um suporte de tampa, que pode abrir ou fechar a tampa em qualquer altura, sem se preocupar com o facto de a tampa ocupar espa\u00e7o em excesso e mantendo a cena do buffet limpa.<\/li>\n\n\n\n<li>Materiais de qualidade: A utiliza\u00e7\u00e3o de a\u00e7o inoxid\u00e1vel 201 de alta qualidade assegura a durabilidade e a utiliza\u00e7\u00e3o a longo prazo, proporcionando aos clientes um desempenho fi\u00e1vel e um valor duradouro.<\/li>\n\n\n\n<li>Aplica\u00e7\u00e3o em v\u00e1rios cen\u00e1rios: Adequado para cafetarias de hotel, banquetes de casamento, banquetes de neg\u00f3cios e outras ocasi\u00f5es de jantar, para fornecer aos clientes uma variedade de escolhas alimentares, \u00e9 uma ferramenta ideal para melhorar o n\u00edvel do servi\u00e7o de catering.<\/li>\n<\/ul>\n<\/div>\n<\/div>","protected":false},"excerpt":{"rendered":"<p>Prato para assar em ouro Dimens\u00e3o ITEM NO. TAMANHO COMPRIMENTO LARGURA ALTURA N.W \/ CONJUNTO DZW-FL045 4.5L 38.5 cm 32 cm 66 cm 3450 g DZW-FL060 6.0L 42.5 cm 36 cm 66 cm 4200 g DZW-FL090 9.0L 48.5 cm 38 cm 81 cm 4700 g Prato de Chafing de Ouro Carater\u00edsticas:<\/p>","protected":false},"author":3,"featured_media":3607,"parent":0,"menu_order":0,"template":"","format":"standard","meta":{"_acf_changed":false,"site-sidebar-layout":"default","site-content-layout":"","ast-site-content-layout":"default","site-content-style":"default","site-sidebar-style":"default","ast-global-header-display":"","ast-banner-title-visibility":"","ast-main-header-display":"","ast-hfb-above-header-display":"","ast-hfb-below-header-display":"","ast-hfb-mobile-header-display":"","site-post-title":"","ast-breadcrumbs-content":"","ast-featured-img":"","footer-sml-layout":"","theme-transparent-header-meta":"","adv-header-id-meta":"","stick-header-meta":"","header-above-stick-meta":"","header-main-stick-meta":"","header-below-stick-meta":"","astra-migrate-meta-layouts":"default","ast-page-background-enabled":"default","ast-page-background-meta":{"desktop":{"background-color":"var(--ast-global-color-4)","background-image":"","background-repeat":"repeat","background-position":"center center","background-size":"auto","background-attachment":"scroll","background-type":"","background-media":"","overlay-type":"","overlay-color":"","overlay-opacity":"","overlay-gradient":""},"tablet":{"background-color":"","background-image":"","background-repeat":"repeat","background-position":"center center","background-size":"auto","background-attachment":"scroll","background-type":"","background-media":"","overlay-type":"","overlay-color":"","overlay-opacity":"","overlay-gradient":""},"mobile":{"background-color":"","background-image":"","background-repeat":"repeat","background-position":"center center","background-size":"auto","background-attachment":"scroll","background-type":"","background-media":"","overlay-type":"","overlay-color":"","overlay-opacity":"","overlay-gradient":""}},"ast-content-background-meta":{"desktop":{"background-color":"var(--ast-global-color-5)","background-image":"","background-repeat":"repeat","background-position":"center center","background-size":"auto","background-attachment":"scroll","background-type":"","background-media":"","overlay-type":"","overlay-color":"","overlay-opacity":"","overlay-gradient":""},"tablet":{"background-color":"var(--ast-global-color-5)","background-image":"","background-repeat":"repeat","background-position":"center center","background-size":"auto","background-attachment":"scroll","background-type":"","background-media":"","overlay-type":"","overlay-color":"","overlay-opacity":"","overlay-gradient":""},"mobile":{"background-color":"var(--ast-global-color-5)","background-image":"","background-repeat":"repeat","background-position":"center center","background-size":"auto","background-attachment":"scroll","background-type":"","background-media":"","overlay-type":"","overlay-color":"","overlay-opacity":"","overlay-gradient":""}},"footnotes":""},"product-categories":[63],"product-tag":[97,90,91],"class_list":["post-3606","product","type-product","status-publish","format-standard","has-post-thumbnail","hentry","product-categories-chafing-dish","product-tag-chafing-dish-with-hanging-lid","product-tag-fuel-chafing-dish","product-tag-round-chafing-dish"],"acf":{"title":"Prato para assar de ouro em a\u00e7o inoxid\u00e1vel por atacado 4.5-9L","title_source":{"label":"Title","type":"text","formatted_value":"Stainless Steel Gold Chafing Dish Wholesale 4.5-9L"},"short_description":"Wholesale custom gold chafing dish. This gold chafing dish with elegant retro style, with convenient stainless steel glossy lid, gold carved unique design, is the first choice for luxury parties, hotel events, weddings and so on.","short_description_source":{"label":"Short description","type":"textarea","formatted_value":"Wholesale custom gold chafing dish. This gold chafing dish with elegant retro style, with convenient stainless steel glossy lid, gold carved unique design, is the first choice for luxury parties, hotel events, weddings and so on."},"parameters":"<table style=\"border-collapse: collapse; width: 275.02pt;\" border=\"0\" width=\"275\" cellspacing=\"0\" cellpadding=\"0\">\r\n<tbody>\r\n<tr style=\"height: 17.60pt;\">\r\n<td class=\"et3\" style=\"height: 17.60pt; width: 108.35pt;\" width=\"108\" height=\"17\">Manufacturer<\/td>\r\n<td class=\"et3\" style=\"width: 167.10pt;\" width=\"167\">DONGZHAOWEI<\/td>\r\n<\/tr>\r\n<tr style=\"height: 17.60pt;\">\r\n<td class=\"et4\" style=\"height: 17.60pt;\" height=\"17\">Material<\/td>\r\n<td class=\"et3\">Stainless Steel 201<\/td>\r\n<\/tr>\r\n<tr style=\"height: 17.60pt;\">\r\n<td class=\"et4\" style=\"height: 17.60pt;\" height=\"17\">Capacity<\/td>\r\n<td class=\"et3\">4.5L; 6.0L; 9.0L<\/td>\r\n<\/tr>\r\n<tr style=\"height: 17.60pt;\">\r\n<td class=\"et4\" style=\"height: 17.60pt;\" height=\"17\">Color<\/td>\r\n<td class=\"et3\">Golden \/ Silver<\/td>\r\n<\/tr>\r\n<tr style=\"height: 17.60pt;\">\r\n<td class=\"et4\" style=\"height: 17.60pt;\" height=\"17\">Design<\/td>\r\n<td class=\"et3\">Round shape<\/td>\r\n<\/tr>\r\n<tr style=\"height: 17.60pt;\">\r\n<td class=\"et4\" style=\"height: 17.60pt;\" height=\"17\">Tray<\/td>\r\n<td class=\"et3\">No divided \/ Divided tray<\/td>\r\n<\/tr>\r\n<tr style=\"height: 17.60pt;\">\r\n<td class=\"et3\" style=\"height: 17.60pt;\" height=\"17\">Lid type<\/td>\r\n<td class=\"et3\">Hanging lid<\/td>\r\n<\/tr>\r\n<tr style=\"height: 17.60pt;\">\r\n<td class=\"et3\" style=\"height: 17.60pt;\" height=\"17\">Heat<\/td>\r\n<td class=\"et3\">Fuel<\/td>\r\n<\/tr>\r\n<tr style=\"height: 17.60pt;\">\r\n<td class=\"et3\" style=\"height: 17.60pt;\" height=\"17\">Custom<\/td>\r\n<td class=\"et3\">Color\/Logo\/Package<\/td>\r\n<\/tr>\r\n<\/tbody>\r\n<\/table>","parameters_source":{"label":"Parameters","type":"wysiwyg","formatted_value":"<table style=\"border-collapse: collapse; width: 275.02pt;\" border=\"0\" width=\"275\" cellspacing=\"0\" cellpadding=\"0\">\n<tbody>\n<tr style=\"height: 17.60pt;\">\n<td class=\"et3\" style=\"height: 17.60pt; width: 108.35pt;\" width=\"108\" height=\"17\">Manufacturer<\/td>\n<td class=\"et3\" style=\"width: 167.10pt;\" width=\"167\">DONGZHAOWEI<\/td>\n<\/tr>\n<tr style=\"height: 17.60pt;\">\n<td class=\"et4\" style=\"height: 17.60pt;\" height=\"17\">Material<\/td>\n<td class=\"et3\">Stainless Steel 201<\/td>\n<\/tr>\n<tr style=\"height: 17.60pt;\">\n<td class=\"et4\" style=\"height: 17.60pt;\" height=\"17\">Capacity<\/td>\n<td class=\"et3\">4.5L; 6.0L; 9.0L<\/td>\n<\/tr>\n<tr style=\"height: 17.60pt;\">\n<td class=\"et4\" style=\"height: 17.60pt;\" height=\"17\">Color<\/td>\n<td class=\"et3\">Golden \/ Silver<\/td>\n<\/tr>\n<tr style=\"height: 17.60pt;\">\n<td class=\"et4\" style=\"height: 17.60pt;\" height=\"17\">Design<\/td>\n<td class=\"et3\">Round shape<\/td>\n<\/tr>\n<tr style=\"height: 17.60pt;\">\n<td class=\"et4\" style=\"height: 17.60pt;\" height=\"17\">Tray<\/td>\n<td class=\"et3\">No divided \/ Divided tray<\/td>\n<\/tr>\n<tr style=\"height: 17.60pt;\">\n<td class=\"et3\" style=\"height: 17.60pt;\" height=\"17\">Lid type<\/td>\n<td class=\"et3\">Hanging lid<\/td>\n<\/tr>\n<tr style=\"height: 17.60pt;\">\n<td class=\"et3\" style=\"height: 17.60pt;\" height=\"17\">Heat<\/td>\n<td class=\"et3\">Fuel<\/td>\n<\/tr>\n<tr style=\"height: 17.60pt;\">\n<td class=\"et3\" style=\"height: 17.60pt;\" height=\"17\">Custom<\/td>\n<td class=\"et3\">Color\/Logo\/Package<\/td>\n<\/tr>\n<\/tbody>\n<\/table>\n"},"photo_gallery":{"product_gallery":[[{"id":3607,"title":"wholesale-vintage-chafing-dish-1","caption":"wholesale-vintage-chafing-dish","full_image_url":"https:\/\/www.dzwchafingdish.com\/wp-content\/uploads\/2024\/03\/wholesale-vintage-chafing-dish-1.webp","thumbnail_image_url":"https:\/\/www.dzwchafingdish.com\/wp-content\/uploads\/2024\/03\/wholesale-vintage-chafing-dish-1-150x150.webp","large_srcset":"https:\/\/www.dzwchafingdish.com\/wp-content\/uploads\/2024\/03\/wholesale-vintage-chafing-dish-1.webp 800w, https:\/\/www.dzwchafingdish.com\/wp-content\/uploads\/2024\/03\/wholesale-vintage-chafing-dish-1-300x300.webp 300w, https:\/\/www.dzwchafingdish.com\/wp-content\/uploads\/2024\/03\/wholesale-vintage-chafing-dish-1-150x150.webp 150w, https:\/\/www.dzwchafingdish.com\/wp-content\/uploads\/2024\/03\/wholesale-vintage-chafing-dish-1-768x768.webp 768w","medium_srcset":"https:\/\/www.dzwchafingdish.com\/wp-content\/uploads\/2024\/03\/wholesale-vintage-chafing-dish-1-300x300.webp 300w, https:\/\/www.dzwchafingdish.com\/wp-content\/uploads\/2024\/03\/wholesale-vintage-chafing-dish-1-150x150.webp 150w, https:\/\/www.dzwchafingdish.com\/wp-content\/uploads\/2024\/03\/wholesale-vintage-chafing-dish-1-768x768.webp 768w, https:\/\/www.dzwchafingdish.com\/wp-content\/uploads\/2024\/03\/wholesale-vintage-chafing-dish-1.webp 800w","media_details":{"width":800,"height":800,"sizes":{"medium":{"file":"wholesale-vintage-chafing-dish-1-300x300.webp","width":300,"height":300,"mime-type":"image\/webp","filesize":13300,"source_url":"https:\/\/www.dzwchafingdish.com\/wp-content\/uploads\/2024\/03\/wholesale-vintage-chafing-dish-1-300x300.webp"},"thumbnail":{"file":"wholesale-vintage-chafing-dish-1-150x150.webp","width":150,"height":150,"mime-type":"image\/webp","filesize":4422,"source_url":"https:\/\/www.dzwchafingdish.com\/wp-content\/uploads\/2024\/03\/wholesale-vintage-chafing-dish-1-150x150.webp"},"medium_large":{"file":"wholesale-vintage-chafing-dish-1-768x768.webp","width":768,"height":768,"mime-type":"image\/webp","filesize":59162,"source_url":"https:\/\/www.dzwchafingdish.com\/wp-content\/uploads\/2024\/03\/wholesale-vintage-chafing-dish-1-768x768.webp"}}},"alt_text":"wholesale-vintage-chafing-dish","url":"","target":""},{"id":3609,"title":"wholesale-vintage-chafing-dish-3","caption":"wholesale-vintage-chafing-dish","full_image_url":"https:\/\/www.dzwchafingdish.com\/wp-content\/uploads\/2024\/03\/wholesale-vintage-chafing-dish-3.webp","thumbnail_image_url":"https:\/\/www.dzwchafingdish.com\/wp-content\/uploads\/2024\/03\/wholesale-vintage-chafing-dish-3-150x150.webp","large_srcset":"https:\/\/www.dzwchafingdish.com\/wp-content\/uploads\/2024\/03\/wholesale-vintage-chafing-dish-3.webp 800w, https:\/\/www.dzwchafingdish.com\/wp-content\/uploads\/2024\/03\/wholesale-vintage-chafing-dish-3-300x300.webp 300w, https:\/\/www.dzwchafingdish.com\/wp-content\/uploads\/2024\/03\/wholesale-vintage-chafing-dish-3-150x150.webp 150w, https:\/\/www.dzwchafingdish.com\/wp-content\/uploads\/2024\/03\/wholesale-vintage-chafing-dish-3-768x768.webp 768w","medium_srcset":"https:\/\/www.dzwchafingdish.com\/wp-content\/uploads\/2024\/03\/wholesale-vintage-chafing-dish-3-300x300.webp 300w, https:\/\/www.dzwchafingdish.com\/wp-content\/uploads\/2024\/03\/wholesale-vintage-chafing-dish-3-150x150.webp 150w, https:\/\/www.dzwchafingdish.com\/wp-content\/uploads\/2024\/03\/wholesale-vintage-chafing-dish-3-768x768.webp 768w, https:\/\/www.dzwchafingdish.com\/wp-content\/uploads\/2024\/03\/wholesale-vintage-chafing-dish-3.webp 800w","media_details":{"width":800,"height":800,"sizes":{"medium":{"file":"wholesale-vintage-chafing-dish-3-300x300.webp","width":300,"height":300,"mime-type":"image\/webp","filesize":9830,"source_url":"https:\/\/www.dzwchafingdish.com\/wp-content\/uploads\/2024\/03\/wholesale-vintage-chafing-dish-3-300x300.webp"},"thumbnail":{"file":"wholesale-vintage-chafing-dish-3-150x150.webp","width":150,"height":150,"mime-type":"image\/webp","filesize":3286,"source_url":"https:\/\/www.dzwchafingdish.com\/wp-content\/uploads\/2024\/03\/wholesale-vintage-chafing-dish-3-150x150.webp"},"medium_large":{"file":"wholesale-vintage-chafing-dish-3-768x768.webp","width":768,"height":768,"mime-type":"image\/webp","filesize":44224,"source_url":"https:\/\/www.dzwchafingdish.com\/wp-content\/uploads\/2024\/03\/wholesale-vintage-chafing-dish-3-768x768.webp"}}},"alt_text":"wholesale-vintage-chafing-dish","url":"","target":""},{"id":3608,"title":"wholesale-vintage-chafing-dish-2","caption":"wholesale-vintage-chafing-dish","full_image_url":"https:\/\/www.dzwchafingdish.com\/wp-content\/uploads\/2024\/03\/wholesale-vintage-chafing-dish-2.webp","thumbnail_image_url":"https:\/\/www.dzwchafingdish.com\/wp-content\/uploads\/2024\/03\/wholesale-vintage-chafing-dish-2-150x150.webp","large_srcset":"https:\/\/www.dzwchafingdish.com\/wp-content\/uploads\/2024\/03\/wholesale-vintage-chafing-dish-2.webp 800w, https:\/\/www.dzwchafingdish.com\/wp-content\/uploads\/2024\/03\/wholesale-vintage-chafing-dish-2-300x300.webp 300w, https:\/\/www.dzwchafingdish.com\/wp-content\/uploads\/2024\/03\/wholesale-vintage-chafing-dish-2-150x150.webp 150w, https:\/\/www.dzwchafingdish.com\/wp-content\/uploads\/2024\/03\/wholesale-vintage-chafing-dish-2-768x768.webp 768w","medium_srcset":"https:\/\/www.dzwchafingdish.com\/wp-content\/uploads\/2024\/03\/wholesale-vintage-chafing-dish-2-300x300.webp 300w, https:\/\/www.dzwchafingdish.com\/wp-content\/uploads\/2024\/03\/wholesale-vintage-chafing-dish-2-150x150.webp 150w, https:\/\/www.dzwchafingdish.com\/wp-content\/uploads\/2024\/03\/wholesale-vintage-chafing-dish-2-768x768.webp 768w, https:\/\/www.dzwchafingdish.com\/wp-content\/uploads\/2024\/03\/wholesale-vintage-chafing-dish-2.webp 800w","media_details":{"width":800,"height":800,"sizes":{"medium":{"file":"wholesale-vintage-chafing-dish-2-300x300.webp","width":300,"height":300,"mime-type":"image\/webp","filesize":10228,"source_url":"https:\/\/www.dzwchafingdish.com\/wp-content\/uploads\/2024\/03\/wholesale-vintage-chafing-dish-2-300x300.webp"},"thumbnail":{"file":"wholesale-vintage-chafing-dish-2-150x150.webp","width":150,"height":150,"mime-type":"image\/webp","filesize":3396,"source_url":"https:\/\/www.dzwchafingdish.com\/wp-content\/uploads\/2024\/03\/wholesale-vintage-chafing-dish-2-150x150.webp"},"medium_large":{"file":"wholesale-vintage-chafing-dish-2-768x768.webp","width":768,"height":768,"mime-type":"image\/webp","filesize":45036,"source_url":"https:\/\/www.dzwchafingdish.com\/wp-content\/uploads\/2024\/03\/wholesale-vintage-chafing-dish-2-768x768.webp"}}},"alt_text":"wholesale-vintage-chafing-dish","url":"","target":""}]]}},"_links":{"self":[{"href":"https:\/\/www.dzwchafingdish.com\/pt\/wp-json\/wp\/v2\/product\/3606","targetHints":{"allow":["GET"]}}],"collection":[{"href":"https:\/\/www.dzwchafingdish.com\/pt\/wp-json\/wp\/v2\/product"}],"about":[{"href":"https:\/\/www.dzwchafingdish.com\/pt\/wp-json\/wp\/v2\/types\/product"}],"author":[{"embeddable":true,"href":"https:\/\/www.dzwchafingdish.com\/pt\/wp-json\/wp\/v2\/users\/3"}],"version-history":[{"count":0,"href":"https:\/\/www.dzwchafingdish.com\/pt\/wp-json\/wp\/v2\/product\/3606\/revisions"}],"wp:featuredmedia":[{"embeddable":true,"href":"https:\/\/www.dzwchafingdish.com\/pt\/wp-json\/wp\/v2\/media\/3607"}],"wp:attachment":[{"href":"https:\/\/www.dzwchafingdish.com\/pt\/wp-json\/wp\/v2\/media?parent=3606"}],"wp:term":[{"taxonomy":"product-categories","embeddable":true,"href":"https:\/\/www.dzwchafingdish.com\/pt\/wp-json\/wp\/v2\/product-categories?post=3606"},{"taxonomy":"product-tag","embeddable":true,"href":"https:\/\/www.dzwchafingdish.com\/pt\/wp-json\/wp\/v2\/product-tag?post=3606"}],"curies":[{"name":"wp","href":"https:\/\/api.w.org\/{rel}","templated":true}]}}