{"id":3669,"date":"2024-04-29T08:13:40","date_gmt":"2024-04-29T08:13:40","guid":{"rendered":"https:\/\/www.dzwchafingdish.com\/?post_type=product&#038;p=3669"},"modified":"2024-06-15T05:01:17","modified_gmt":"2024-06-15T05:01:17","slug":"buffet-warmer-set","status":"publish","type":"product","link":"https:\/\/www.dzwchafingdish.com\/pt\/product\/buffet-warmer-set\/","title":{"rendered":"Conjunto de aquecedor de buffet redondo 6L com tampa de vidro Diretamente da F\u00e1brica"},"content":{"rendered":"<div class=\"wp-block-columns is-layout-flex wp-container-core-columns-is-layout-28f84493 wp-block-columns-is-layout-flex\">\n<div class=\"wp-block-column is-vertically-aligned-center is-layout-flow wp-block-column-is-layout-flow\">\n<h2 class=\"wp-block-heading\"><strong>Conjunto de aquecedores de buffet Dimens\u00e3o<\/strong><\/h2>\n\n\n\n<figure class=\"wp-block-table\"><table><tbody><tr><td>ITEM NO.<\/td><td>TAMANHO<\/td><td>COMPRIMENTO<\/td><td>LARGO<\/td><td>ALTURA<\/td><td>N.W \/SET<\/td><\/tr><tr><td>DZW-S508<\/td><td>6.0L<\/td><td>44 cm<\/td><td>44 cm<\/td><td>26 cm<\/td><td>5300 g<\/td><\/tr><tr><td>DZW-G508<\/td><td>6.0L<\/td><td>44 cm<\/td><td>44 cm<\/td><td>26 cm<\/td><td>5300 g<\/td><\/tr><\/tbody><\/table><\/figure>\n<\/div>\n\n\n\n<div class=\"wp-block-column is-layout-flow wp-block-column-is-layout-flow\">\n<figure class=\"wp-block-image size-full is-resized\"><img fetchpriority=\"high\" decoding=\"async\" width=\"800\" height=\"800\" src=\"https:\/\/www.dzwchafingdish.com\/wp-content\/uploads\/2024\/03\/custom-round-chafing-dish-with-glass-lid-2-2.webp\" alt=\"prato redondo para ch\u00e1 personalizado com tampa de vidro\" class=\"wp-image-3681\" style=\"width:433px;height:auto\" srcset=\"https:\/\/www.dzwchafingdish.com\/wp-content\/uploads\/2024\/03\/custom-round-chafing-dish-with-glass-lid-2-2.webp 800w, https:\/\/www.dzwchafingdish.com\/wp-content\/uploads\/2024\/03\/custom-round-chafing-dish-with-glass-lid-2-2-300x300.webp 300w, https:\/\/www.dzwchafingdish.com\/wp-content\/uploads\/2024\/03\/custom-round-chafing-dish-with-glass-lid-2-2-150x150.webp 150w, https:\/\/www.dzwchafingdish.com\/wp-content\/uploads\/2024\/03\/custom-round-chafing-dish-with-glass-lid-2-2-768x768.webp 768w\" sizes=\"(max-width: 800px) 100vw, 800px\" \/><\/figure>\n<\/div>\n<\/div>\n\n\n\n<div class=\"wp-block-columns is-layout-flex wp-container-core-columns-is-layout-28f84493 wp-block-columns-is-layout-flex\">\n<div class=\"wp-block-column is-layout-flow wp-block-column-is-layout-flow\">\n<figure class=\"wp-block-image size-full is-resized\"><img decoding=\"async\" width=\"800\" height=\"800\" src=\"https:\/\/www.dzwchafingdish.com\/wp-content\/uploads\/2024\/03\/custom-round-chafing-dish-with-glass-lid-9.webp\" alt=\"prato de caf\u00e9 redondo personalizado com tampa de vidro\" class=\"wp-image-3678\" style=\"width:496px;height:auto\" srcset=\"https:\/\/www.dzwchafingdish.com\/wp-content\/uploads\/2024\/03\/custom-round-chafing-dish-with-glass-lid-9.webp 800w, https:\/\/www.dzwchafingdish.com\/wp-content\/uploads\/2024\/03\/custom-round-chafing-dish-with-glass-lid-9-300x300.webp 300w, https:\/\/www.dzwchafingdish.com\/wp-content\/uploads\/2024\/03\/custom-round-chafing-dish-with-glass-lid-9-150x150.webp 150w, https:\/\/www.dzwchafingdish.com\/wp-content\/uploads\/2024\/03\/custom-round-chafing-dish-with-glass-lid-9-768x768.webp 768w\" sizes=\"(max-width: 800px) 100vw, 800px\" \/><\/figure>\n<\/div>\n\n\n\n<div class=\"wp-block-column is-vertically-aligned-center is-layout-flow wp-block-column-is-layout-flow\">\n<h2 class=\"wp-block-heading\"><strong>Conjunto de aquecedores de buffet Premium<\/strong> <strong>Carater\u00edsticas:<\/strong><\/h2>\n\n\n\n<ul class=\"wp-block-list\">\n<li>Tampa de vidro elegante: Estes talheres redondos isolados de alta qualidade est\u00e3o equipados com uma tampa de vidro fino, que d\u00e1 um toque de eleg\u00e2ncia e melhora a apresenta\u00e7\u00e3o dos alimentos sem levantar a tampa.<\/li>\n\n\n\n<li>Constru\u00e7\u00e3o robusta: Fabricado com materiais de alta qualidade, este servi\u00e7o de mesa isolado garante durabilidade e longevidade, adequado para todas as ocasi\u00f5es.<\/li>\n\n\n\n<li>F\u00e1cil de limpar e manter: Concebidos para serem pr\u00e1ticos, estes utens\u00edlios de mesa isolados s\u00e3o f\u00e1ceis de limpar e manter e s\u00e3o fornecidos com pe\u00e7as amov\u00edveis que podem ser rapidamente removidas para uma limpeza completa ap\u00f3s cada utiliza\u00e7\u00e3o.<\/li>\n<\/ul>\n<\/div>\n<\/div>","protected":false},"excerpt":{"rendered":"<p>Conjunto de aquecedores de buffet Dimens\u00e3o ITEM NO. TAMANHO COMPRIMENTO LARGURA ALTURA N.W \/ CONJUNTO DZW-S508 6.0L 44 cm 44 cm 26 cm 5300 g DZW-G508 6.0L 44 cm 44 cm 26 cm 5300 g Conjunto de aquecedores de buffet Premium Carater\u00edsticas:<\/p>","protected":false},"author":3,"featured_media":3672,"parent":0,"menu_order":0,"template":"","format":"standard","meta":{"_acf_changed":false,"site-sidebar-layout":"default","site-content-layout":"","ast-site-content-layout":"default","site-content-style":"default","site-sidebar-style":"default","ast-global-header-display":"","ast-banner-title-visibility":"","ast-main-header-display":"","ast-hfb-above-header-display":"","ast-hfb-below-header-display":"","ast-hfb-mobile-header-display":"","site-post-title":"","ast-breadcrumbs-content":"","ast-featured-img":"","footer-sml-layout":"","theme-transparent-header-meta":"","adv-header-id-meta":"","stick-header-meta":"","header-above-stick-meta":"","header-main-stick-meta":"","header-below-stick-meta":"","astra-migrate-meta-layouts":"default","ast-page-background-enabled":"default","ast-page-background-meta":{"desktop":{"background-color":"var(--ast-global-color-4)","background-image":"","background-repeat":"repeat","background-position":"center center","background-size":"auto","background-attachment":"scroll","background-type":"","background-media":"","overlay-type":"","overlay-color":"","overlay-opacity":"","overlay-gradient":""},"tablet":{"background-color":"","background-image":"","background-repeat":"repeat","background-position":"center center","background-size":"auto","background-attachment":"scroll","background-type":"","background-media":"","overlay-type":"","overlay-color":"","overlay-opacity":"","overlay-gradient":""},"mobile":{"background-color":"","background-image":"","background-repeat":"repeat","background-position":"center center","background-size":"auto","background-attachment":"scroll","background-type":"","background-media":"","overlay-type":"","overlay-color":"","overlay-opacity":"","overlay-gradient":""}},"ast-content-background-meta":{"desktop":{"background-color":"var(--ast-global-color-5)","background-image":"","background-repeat":"repeat","background-position":"center center","background-size":"auto","background-attachment":"scroll","background-type":"","background-media":"","overlay-type":"","overlay-color":"","overlay-opacity":"","overlay-gradient":""},"tablet":{"background-color":"var(--ast-global-color-5)","background-image":"","background-repeat":"repeat","background-position":"center center","background-size":"auto","background-attachment":"scroll","background-type":"","background-media":"","overlay-type":"","overlay-color":"","overlay-opacity":"","overlay-gradient":""},"mobile":{"background-color":"var(--ast-global-color-5)","background-image":"","background-repeat":"repeat","background-position":"center center","background-size":"auto","background-attachment":"scroll","background-type":"","background-media":"","overlay-type":"","overlay-color":"","overlay-opacity":"","overlay-gradient":""}},"footnotes":""},"product-categories":[63],"product-tag":[95,97,89,90,91],"class_list":["post-3669","product","type-product","status-publish","format-standard","has-post-thumbnail","hentry","product-categories-chafing-dish","product-tag-chafing-dish-with-glass-lid","product-tag-chafing-dish-with-hanging-lid","product-tag-electric-chafing-dish","product-tag-fuel-chafing-dish","product-tag-round-chafing-dish"],"acf":{"title":"Conjunto de aquecedor de buffet redondo com tampa de vidro direto da f\u00e1brica","title_source":{"label":"Title","type":"text","formatted_value":"Factory Direct Round Buffet Warmer Set with Glass Lid"},"short_description":"Wholesale buffet warmer set at factory price, Dongzhaowei chafing dish manufacturer provides OEM and ODM service. This round chafing dish with a glass lid supports both fuel and electric heating, making it an ideal and versatile food heating solution.","short_description_source":{"label":"Short description","type":"textarea","formatted_value":"Wholesale buffet warmer set at factory price, Dongzhaowei chafing dish manufacturer provides OEM and ODM service. This round chafing dish with a glass lid supports both fuel and electric heating, making it an ideal and versatile food heating solution."},"parameters":"<table border=\"0\" width=\"275\" cellspacing=\"0\" cellpadding=\"0\">\r\n<tbody>\r\n<tr>\r\n<td width=\"108\" height=\"17\">Manufacturer<\/td>\r\n<td width=\"167\">DONGZHAOWEI<\/td>\r\n<\/tr>\r\n<tr>\r\n<td height=\"17\">Material<\/td>\r\n<td>Stainless Steel 201<\/td>\r\n<\/tr>\r\n<tr>\r\n<td height=\"17\">Capacity<\/td>\r\n<td>6.0L<\/td>\r\n<\/tr>\r\n<tr>\r\n<td height=\"17\">Color<\/td>\r\n<td>Golden \/ Silver<\/td>\r\n<\/tr>\r\n<tr>\r\n<td height=\"17\">Design<\/td>\r\n<td>Round Shape<\/td>\r\n<\/tr>\r\n<tr>\r\n<td height=\"17\">Tray<\/td>\r\n<td>No divided \/ Divided tray<\/td>\r\n<\/tr>\r\n<tr>\r\n<td height=\"17\">Lid type<\/td>\r\n<td>Glass lid<\/td>\r\n<\/tr>\r\n<tr>\r\n<td height=\"17\">Heat<\/td>\r\n<td>Fuel\/ Electric<\/td>\r\n<\/tr>\r\n<tr>\r\n<td height=\"17\">Custom<\/td>\r\n<td>Color\/Logo\/Package<\/td>\r\n<\/tr>\r\n<\/tbody>\r\n<\/table>","parameters_source":{"label":"Parameters","type":"wysiwyg","formatted_value":"<table border=\"0\" width=\"275\" cellspacing=\"0\" cellpadding=\"0\">\n<tbody>\n<tr>\n<td width=\"108\" height=\"17\">Manufacturer<\/td>\n<td width=\"167\">DONGZHAOWEI<\/td>\n<\/tr>\n<tr>\n<td height=\"17\">Material<\/td>\n<td>Stainless Steel 201<\/td>\n<\/tr>\n<tr>\n<td height=\"17\">Capacity<\/td>\n<td>6.0L<\/td>\n<\/tr>\n<tr>\n<td height=\"17\">Color<\/td>\n<td>Golden \/ Silver<\/td>\n<\/tr>\n<tr>\n<td height=\"17\">Design<\/td>\n<td>Round Shape<\/td>\n<\/tr>\n<tr>\n<td height=\"17\">Tray<\/td>\n<td>No divided \/ Divided tray<\/td>\n<\/tr>\n<tr>\n<td height=\"17\">Lid type<\/td>\n<td>Glass lid<\/td>\n<\/tr>\n<tr>\n<td height=\"17\">Heat<\/td>\n<td>Fuel\/ Electric<\/td>\n<\/tr>\n<tr>\n<td height=\"17\">Custom<\/td>\n<td>Color\/Logo\/Package<\/td>\n<\/tr>\n<\/tbody>\n<\/table>\n"},"photo_gallery":{"product_gallery":[[{"id":3680,"title":"custom-round-chafing -dish-with-glass-lid-1","caption":"custom-round-chafing-dish-with-glass-lid","full_image_url":"https:\/\/www.dzwchafingdish.com\/wp-content\/uploads\/2024\/03\/custom-round-chafing-dish-with-glass-lid-1-1.webp","thumbnail_image_url":"https:\/\/www.dzwchafingdish.com\/wp-content\/uploads\/2024\/03\/custom-round-chafing-dish-with-glass-lid-1-1-150x150.webp","large_srcset":"https:\/\/www.dzwchafingdish.com\/wp-content\/uploads\/2024\/03\/custom-round-chafing-dish-with-glass-lid-1-1.webp 800w, https:\/\/www.dzwchafingdish.com\/wp-content\/uploads\/2024\/03\/custom-round-chafing-dish-with-glass-lid-1-1-300x300.webp 300w, https:\/\/www.dzwchafingdish.com\/wp-content\/uploads\/2024\/03\/custom-round-chafing-dish-with-glass-lid-1-1-150x150.webp 150w, https:\/\/www.dzwchafingdish.com\/wp-content\/uploads\/2024\/03\/custom-round-chafing-dish-with-glass-lid-1-1-768x768.webp 768w","medium_srcset":"https:\/\/www.dzwchafingdish.com\/wp-content\/uploads\/2024\/03\/custom-round-chafing-dish-with-glass-lid-1-1-300x300.webp 300w, https:\/\/www.dzwchafingdish.com\/wp-content\/uploads\/2024\/03\/custom-round-chafing-dish-with-glass-lid-1-1-150x150.webp 150w, https:\/\/www.dzwchafingdish.com\/wp-content\/uploads\/2024\/03\/custom-round-chafing-dish-with-glass-lid-1-1-768x768.webp 768w, https:\/\/www.dzwchafingdish.com\/wp-content\/uploads\/2024\/03\/custom-round-chafing-dish-with-glass-lid-1-1.webp 800w","media_details":{"width":800,"height":800,"sizes":{"medium":{"file":"custom-round-chafing-dish-with-glass-lid-1-1-300x300.webp","width":300,"height":300,"mime-type":"image\/webp","filesize":9728,"source_url":"https:\/\/www.dzwchafingdish.com\/wp-content\/uploads\/2024\/03\/custom-round-chafing-dish-with-glass-lid-1-1-300x300.webp"},"thumbnail":{"file":"custom-round-chafing-dish-with-glass-lid-1-1-150x150.webp","width":150,"height":150,"mime-type":"image\/webp","filesize":3616,"source_url":"https:\/\/www.dzwchafingdish.com\/wp-content\/uploads\/2024\/03\/custom-round-chafing-dish-with-glass-lid-1-1-150x150.webp"},"medium_large":{"file":"custom-round-chafing-dish-with-glass-lid-1-1-768x768.webp","width":768,"height":768,"mime-type":"image\/webp","filesize":36126,"source_url":"https:\/\/www.dzwchafingdish.com\/wp-content\/uploads\/2024\/03\/custom-round-chafing-dish-with-glass-lid-1-1-768x768.webp"}}},"alt_text":"custom-round-chafing-dish-with-glass-lid","url":"","target":""},{"id":3685,"title":"custom-round-chafing -dish-with-glass-lid-7","caption":"custom-round-chafing-dish-with-glass-lid","full_image_url":"https:\/\/www.dzwchafingdish.com\/wp-content\/uploads\/2024\/03\/custom-round-chafing-dish-with-glass-lid-7-1.webp","thumbnail_image_url":"https:\/\/www.dzwchafingdish.com\/wp-content\/uploads\/2024\/03\/custom-round-chafing-dish-with-glass-lid-7-1-150x150.webp","large_srcset":"https:\/\/www.dzwchafingdish.com\/wp-content\/uploads\/2024\/03\/custom-round-chafing-dish-with-glass-lid-7-1.webp 800w, https:\/\/www.dzwchafingdish.com\/wp-content\/uploads\/2024\/03\/custom-round-chafing-dish-with-glass-lid-7-1-300x300.webp 300w, https:\/\/www.dzwchafingdish.com\/wp-content\/uploads\/2024\/03\/custom-round-chafing-dish-with-glass-lid-7-1-150x150.webp 150w, https:\/\/www.dzwchafingdish.com\/wp-content\/uploads\/2024\/03\/custom-round-chafing-dish-with-glass-lid-7-1-768x768.webp 768w","medium_srcset":"https:\/\/www.dzwchafingdish.com\/wp-content\/uploads\/2024\/03\/custom-round-chafing-dish-with-glass-lid-7-1-300x300.webp 300w, https:\/\/www.dzwchafingdish.com\/wp-content\/uploads\/2024\/03\/custom-round-chafing-dish-with-glass-lid-7-1-150x150.webp 150w, https:\/\/www.dzwchafingdish.com\/wp-content\/uploads\/2024\/03\/custom-round-chafing-dish-with-glass-lid-7-1-768x768.webp 768w, https:\/\/www.dzwchafingdish.com\/wp-content\/uploads\/2024\/03\/custom-round-chafing-dish-with-glass-lid-7-1.webp 800w","media_details":{"width":800,"height":800,"sizes":{"medium":{"file":"custom-round-chafing-dish-with-glass-lid-7-1-300x300.webp","width":300,"height":300,"mime-type":"image\/webp","filesize":8184,"source_url":"https:\/\/www.dzwchafingdish.com\/wp-content\/uploads\/2024\/03\/custom-round-chafing-dish-with-glass-lid-7-1-300x300.webp"},"thumbnail":{"file":"custom-round-chafing-dish-with-glass-lid-7-1-150x150.webp","width":150,"height":150,"mime-type":"image\/webp","filesize":3026,"source_url":"https:\/\/www.dzwchafingdish.com\/wp-content\/uploads\/2024\/03\/custom-round-chafing-dish-with-glass-lid-7-1-150x150.webp"},"medium_large":{"file":"custom-round-chafing-dish-with-glass-lid-7-1-768x768.webp","width":768,"height":768,"mime-type":"image\/webp","filesize":30904,"source_url":"https:\/\/www.dzwchafingdish.com\/wp-content\/uploads\/2024\/03\/custom-round-chafing-dish-with-glass-lid-7-1-768x768.webp"}}},"alt_text":"custom-round-chafing-dish-with-glass-lid","url":"","target":""},{"id":3682,"title":"custom-round-chafing -dish-with-glass-lid-3","caption":"custom-round-chafing-dish-with-glass-lid","full_image_url":"https:\/\/www.dzwchafingdish.com\/wp-content\/uploads\/2024\/03\/custom-round-chafing-dish-with-glass-lid-3-1.webp","thumbnail_image_url":"https:\/\/www.dzwchafingdish.com\/wp-content\/uploads\/2024\/03\/custom-round-chafing-dish-with-glass-lid-3-1-150x150.webp","large_srcset":"https:\/\/www.dzwchafingdish.com\/wp-content\/uploads\/2024\/03\/custom-round-chafing-dish-with-glass-lid-3-1.webp 800w, https:\/\/www.dzwchafingdish.com\/wp-content\/uploads\/2024\/03\/custom-round-chafing-dish-with-glass-lid-3-1-300x300.webp 300w, https:\/\/www.dzwchafingdish.com\/wp-content\/uploads\/2024\/03\/custom-round-chafing-dish-with-glass-lid-3-1-150x150.webp 150w, https:\/\/www.dzwchafingdish.com\/wp-content\/uploads\/2024\/03\/custom-round-chafing-dish-with-glass-lid-3-1-768x768.webp 768w","medium_srcset":"https:\/\/www.dzwchafingdish.com\/wp-content\/uploads\/2024\/03\/custom-round-chafing-dish-with-glass-lid-3-1-300x300.webp 300w, https:\/\/www.dzwchafingdish.com\/wp-content\/uploads\/2024\/03\/custom-round-chafing-dish-with-glass-lid-3-1-150x150.webp 150w, https:\/\/www.dzwchafingdish.com\/wp-content\/uploads\/2024\/03\/custom-round-chafing-dish-with-glass-lid-3-1-768x768.webp 768w, https:\/\/www.dzwchafingdish.com\/wp-content\/uploads\/2024\/03\/custom-round-chafing-dish-with-glass-lid-3-1.webp 800w","media_details":{"width":800,"height":800,"sizes":{"medium":{"file":"custom-round-chafing-dish-with-glass-lid-3-1-300x300.webp","width":300,"height":300,"mime-type":"image\/webp","filesize":12856,"source_url":"https:\/\/www.dzwchafingdish.com\/wp-content\/uploads\/2024\/03\/custom-round-chafing-dish-with-glass-lid-3-1-300x300.webp"},"thumbnail":{"file":"custom-round-chafing-dish-with-glass-lid-3-1-150x150.webp","width":150,"height":150,"mime-type":"image\/webp","filesize":4376,"source_url":"https:\/\/www.dzwchafingdish.com\/wp-content\/uploads\/2024\/03\/custom-round-chafing-dish-with-glass-lid-3-1-150x150.webp"},"medium_large":{"file":"custom-round-chafing-dish-with-glass-lid-3-1-768x768.webp","width":768,"height":768,"mime-type":"image\/webp","filesize":49178,"source_url":"https:\/\/www.dzwchafingdish.com\/wp-content\/uploads\/2024\/03\/custom-round-chafing-dish-with-glass-lid-3-1-768x768.webp"}}},"alt_text":"custom-round-chafing-dish-with-glass-lid","url":"","target":""},{"id":3688,"title":"custom-round-chafing -dish-with-glass-lid-10","caption":"custom-round-chafing-dish-with-glass-lid","full_image_url":"https:\/\/www.dzwchafingdish.com\/wp-content\/uploads\/2024\/03\/custom-round-chafing-dish-with-glass-lid-10-1.webp","thumbnail_image_url":"https:\/\/www.dzwchafingdish.com\/wp-content\/uploads\/2024\/03\/custom-round-chafing-dish-with-glass-lid-10-1-150x150.webp","large_srcset":"https:\/\/www.dzwchafingdish.com\/wp-content\/uploads\/2024\/03\/custom-round-chafing-dish-with-glass-lid-10-1.webp 800w, https:\/\/www.dzwchafingdish.com\/wp-content\/uploads\/2024\/03\/custom-round-chafing-dish-with-glass-lid-10-1-300x300.webp 300w, https:\/\/www.dzwchafingdish.com\/wp-content\/uploads\/2024\/03\/custom-round-chafing-dish-with-glass-lid-10-1-150x150.webp 150w, https:\/\/www.dzwchafingdish.com\/wp-content\/uploads\/2024\/03\/custom-round-chafing-dish-with-glass-lid-10-1-768x768.webp 768w","medium_srcset":"https:\/\/www.dzwchafingdish.com\/wp-content\/uploads\/2024\/03\/custom-round-chafing-dish-with-glass-lid-10-1-300x300.webp 300w, https:\/\/www.dzwchafingdish.com\/wp-content\/uploads\/2024\/03\/custom-round-chafing-dish-with-glass-lid-10-1-150x150.webp 150w, https:\/\/www.dzwchafingdish.com\/wp-content\/uploads\/2024\/03\/custom-round-chafing-dish-with-glass-lid-10-1-768x768.webp 768w, https:\/\/www.dzwchafingdish.com\/wp-content\/uploads\/2024\/03\/custom-round-chafing-dish-with-glass-lid-10-1.webp 800w","media_details":{"width":800,"height":800,"sizes":{"medium":{"file":"custom-round-chafing-dish-with-glass-lid-10-1-300x300.webp","width":300,"height":300,"mime-type":"image\/webp","filesize":4620,"source_url":"https:\/\/www.dzwchafingdish.com\/wp-content\/uploads\/2024\/03\/custom-round-chafing-dish-with-glass-lid-10-1-300x300.webp"},"thumbnail":{"file":"custom-round-chafing-dish-with-glass-lid-10-1-150x150.webp","width":150,"height":150,"mime-type":"image\/webp","filesize":1720,"source_url":"https:\/\/www.dzwchafingdish.com\/wp-content\/uploads\/2024\/03\/custom-round-chafing-dish-with-glass-lid-10-1-150x150.webp"},"medium_large":{"file":"custom-round-chafing-dish-with-glass-lid-10-1-768x768.webp","width":768,"height":768,"mime-type":"image\/webp","filesize":17656,"source_url":"https:\/\/www.dzwchafingdish.com\/wp-content\/uploads\/2024\/03\/custom-round-chafing-dish-with-glass-lid-10-1-768x768.webp"}}},"alt_text":"custom-round-chafing-dish-with-glass-lid","url":"","target":""},{"id":3683,"title":"custom-round-chafing -dish-with-glass-lid-4","caption":"custom-round-chafing-dish-with-glass-lid","full_image_url":"https:\/\/www.dzwchafingdish.com\/wp-content\/uploads\/2024\/03\/custom-round-chafing-dish-with-glass-lid-4-1.webp","thumbnail_image_url":"https:\/\/www.dzwchafingdish.com\/wp-content\/uploads\/2024\/03\/custom-round-chafing-dish-with-glass-lid-4-1-150x150.webp","large_srcset":"https:\/\/www.dzwchafingdish.com\/wp-content\/uploads\/2024\/03\/custom-round-chafing-dish-with-glass-lid-4-1.webp 800w, https:\/\/www.dzwchafingdish.com\/wp-content\/uploads\/2024\/03\/custom-round-chafing-dish-with-glass-lid-4-1-300x300.webp 300w, https:\/\/www.dzwchafingdish.com\/wp-content\/uploads\/2024\/03\/custom-round-chafing-dish-with-glass-lid-4-1-150x150.webp 150w, https:\/\/www.dzwchafingdish.com\/wp-content\/uploads\/2024\/03\/custom-round-chafing-dish-with-glass-lid-4-1-768x768.webp 768w","medium_srcset":"https:\/\/www.dzwchafingdish.com\/wp-content\/uploads\/2024\/03\/custom-round-chafing-dish-with-glass-lid-4-1-300x300.webp 300w, https:\/\/www.dzwchafingdish.com\/wp-content\/uploads\/2024\/03\/custom-round-chafing-dish-with-glass-lid-4-1-150x150.webp 150w, https:\/\/www.dzwchafingdish.com\/wp-content\/uploads\/2024\/03\/custom-round-chafing-dish-with-glass-lid-4-1-768x768.webp 768w, https:\/\/www.dzwchafingdish.com\/wp-content\/uploads\/2024\/03\/custom-round-chafing-dish-with-glass-lid-4-1.webp 800w","media_details":{"width":800,"height":800,"sizes":{"medium":{"file":"custom-round-chafing-dish-with-glass-lid-4-1-300x300.webp","width":300,"height":300,"mime-type":"image\/webp","filesize":5880,"source_url":"https:\/\/www.dzwchafingdish.com\/wp-content\/uploads\/2024\/03\/custom-round-chafing-dish-with-glass-lid-4-1-300x300.webp"},"thumbnail":{"file":"custom-round-chafing-dish-with-glass-lid-4-1-150x150.webp","width":150,"height":150,"mime-type":"image\/webp","filesize":2314,"source_url":"https:\/\/www.dzwchafingdish.com\/wp-content\/uploads\/2024\/03\/custom-round-chafing-dish-with-glass-lid-4-1-150x150.webp"},"medium_large":{"file":"custom-round-chafing-dish-with-glass-lid-4-1-768x768.webp","width":768,"height":768,"mime-type":"image\/webp","filesize":21388,"source_url":"https:\/\/www.dzwchafingdish.com\/wp-content\/uploads\/2024\/03\/custom-round-chafing-dish-with-glass-lid-4-1-768x768.webp"}}},"alt_text":"custom-round-chafing-dish-with-glass-lid","url":"","target":""},{"id":3689,"title":"custom-round-chafing -dish-with-glass-lid-11","caption":"custom-round-chafing-dish-with-glass-lid","full_image_url":"https:\/\/www.dzwchafingdish.com\/wp-content\/uploads\/2024\/03\/custom-round-chafing-dish-with-glass-lid-11.webp","thumbnail_image_url":"https:\/\/www.dzwchafingdish.com\/wp-content\/uploads\/2024\/03\/custom-round-chafing-dish-with-glass-lid-11-150x150.webp","large_srcset":"https:\/\/www.dzwchafingdish.com\/wp-content\/uploads\/2024\/03\/custom-round-chafing-dish-with-glass-lid-11.webp 800w, https:\/\/www.dzwchafingdish.com\/wp-content\/uploads\/2024\/03\/custom-round-chafing-dish-with-glass-lid-11-300x300.webp 300w, https:\/\/www.dzwchafingdish.com\/wp-content\/uploads\/2024\/03\/custom-round-chafing-dish-with-glass-lid-11-150x150.webp 150w, https:\/\/www.dzwchafingdish.com\/wp-content\/uploads\/2024\/03\/custom-round-chafing-dish-with-glass-lid-11-768x768.webp 768w","medium_srcset":"https:\/\/www.dzwchafingdish.com\/wp-content\/uploads\/2024\/03\/custom-round-chafing-dish-with-glass-lid-11-300x300.webp 300w, https:\/\/www.dzwchafingdish.com\/wp-content\/uploads\/2024\/03\/custom-round-chafing-dish-with-glass-lid-11-150x150.webp 150w, https:\/\/www.dzwchafingdish.com\/wp-content\/uploads\/2024\/03\/custom-round-chafing-dish-with-glass-lid-11-768x768.webp 768w, https:\/\/www.dzwchafingdish.com\/wp-content\/uploads\/2024\/03\/custom-round-chafing-dish-with-glass-lid-11.webp 800w","media_details":{"width":800,"height":800,"sizes":{"medium":{"file":"custom-round-chafing-dish-with-glass-lid-11-300x300.webp","width":300,"height":300,"mime-type":"image\/webp","filesize":11576,"source_url":"https:\/\/www.dzwchafingdish.com\/wp-content\/uploads\/2024\/03\/custom-round-chafing-dish-with-glass-lid-11-300x300.webp"},"thumbnail":{"file":"custom-round-chafing-dish-with-glass-lid-11-150x150.webp","width":150,"height":150,"mime-type":"image\/webp","filesize":3844,"source_url":"https:\/\/www.dzwchafingdish.com\/wp-content\/uploads\/2024\/03\/custom-round-chafing-dish-with-glass-lid-11-150x150.webp"},"medium_large":{"file":"custom-round-chafing-dish-with-glass-lid-11-768x768.webp","width":768,"height":768,"mime-type":"image\/webp","filesize":46916,"source_url":"https:\/\/www.dzwchafingdish.com\/wp-content\/uploads\/2024\/03\/custom-round-chafing-dish-with-glass-lid-11-768x768.webp"}}},"alt_text":"custom-round-chafing-dish-with-glass-lid","url":"","target":""}]]}},"_links":{"self":[{"href":"https:\/\/www.dzwchafingdish.com\/pt\/wp-json\/wp\/v2\/product\/3669","targetHints":{"allow":["GET"]}}],"collection":[{"href":"https:\/\/www.dzwchafingdish.com\/pt\/wp-json\/wp\/v2\/product"}],"about":[{"href":"https:\/\/www.dzwchafingdish.com\/pt\/wp-json\/wp\/v2\/types\/product"}],"author":[{"embeddable":true,"href":"https:\/\/www.dzwchafingdish.com\/pt\/wp-json\/wp\/v2\/users\/3"}],"version-history":[{"count":0,"href":"https:\/\/www.dzwchafingdish.com\/pt\/wp-json\/wp\/v2\/product\/3669\/revisions"}],"wp:featuredmedia":[{"embeddable":true,"href":"https:\/\/www.dzwchafingdish.com\/pt\/wp-json\/wp\/v2\/media\/3672"}],"wp:attachment":[{"href":"https:\/\/www.dzwchafingdish.com\/pt\/wp-json\/wp\/v2\/media?parent=3669"}],"wp:term":[{"taxonomy":"product-categories","embeddable":true,"href":"https:\/\/www.dzwchafingdish.com\/pt\/wp-json\/wp\/v2\/product-categories?post=3669"},{"taxonomy":"product-tag","embeddable":true,"href":"https:\/\/www.dzwchafingdish.com\/pt\/wp-json\/wp\/v2\/product-tag?post=3669"}],"curies":[{"name":"wp","href":"https:\/\/api.w.org\/{rel}","templated":true}]}}