{"id":3709,"date":"2024-03-29T11:01:54","date_gmt":"2024-03-29T11:01:54","guid":{"rendered":"https:\/\/www.dzwchafingdish.com\/?post_type=product&#038;p=3709"},"modified":"2024-03-29T11:01:56","modified_gmt":"2024-03-29T11:01:56","slug":"stainless-steel-drink-dispenser","status":"publish","type":"product","link":"https:\/\/www.dzwchafingdish.com\/pt\/product\/stainless-steel-drink-dispenser\/","title":{"rendered":"Dispensador de bebidas em a\u00e7o inoxid\u00e1vel OEM 3 gal\u00f5es 13L dourado e prateado"},"content":{"rendered":"<div class=\"wp-block-columns is-layout-flex wp-container-core-columns-is-layout-28f84493 wp-block-columns-is-layout-flex\">\n<div class=\"wp-block-column is-layout-flow wp-block-column-is-layout-flow\">\n<h2 class=\"wp-block-heading\"><strong>Dimens\u00e3o do distribuidor de bebidas em a\u00e7o inoxid\u00e1vel<\/strong><\/h2>\n\n\n\n<figure class=\"wp-block-table\"><table><tbody><tr><td>ITEM NO.<\/td><td>Cor<\/td><td>TAMANHO<\/td><td>COMPRIMENTO<\/td><td>LARGO<\/td><td>ALTURA<\/td><td>N.W \/SET<\/td><\/tr><tr><td>DZW-GU13<\/td><td>Prata<\/td><td>13L<\/td><td>29,5 cm<\/td><td>29 cm<\/td><td>56 cm<\/td><td>2600 g<\/td><\/tr><tr><td>DZW-GU14<\/td><td>Dourado<\/td><td>13L<\/td><td>29,5 cm<\/td><td>29 cm<\/td><td>56 cm<\/td><td>2600 g<\/td><\/tr><tr><td>DZW-GU15<\/td><td>Meio dourado<\/td><td>13L<\/td><td>29,5 cm<\/td><td>29 cm<\/td><td>56 cm<\/td><td>2600 g<\/td><\/tr><\/tbody><\/table><\/figure>\n<\/div>\n\n\n\n<div class=\"wp-block-column is-layout-flow wp-block-column-is-layout-flow\" style=\"flex-basis:40%\">\n<figure class=\"wp-block-image size-full\"><img fetchpriority=\"high\" decoding=\"async\" width=\"800\" height=\"800\" src=\"https:\/\/www.dzwchafingdish.com\/wp-content\/uploads\/2024\/03\/New-Stainless-Steel-Coffee-3-1.webp\" alt=\"Nova urna de caf\u00e9\" class=\"wp-image-3720\" srcset=\"https:\/\/www.dzwchafingdish.com\/wp-content\/uploads\/2024\/03\/New-Stainless-Steel-Coffee-3-1.webp 800w, https:\/\/www.dzwchafingdish.com\/wp-content\/uploads\/2024\/03\/New-Stainless-Steel-Coffee-3-1-300x300.webp 300w, https:\/\/www.dzwchafingdish.com\/wp-content\/uploads\/2024\/03\/New-Stainless-Steel-Coffee-3-1-150x150.webp 150w, https:\/\/www.dzwchafingdish.com\/wp-content\/uploads\/2024\/03\/New-Stainless-Steel-Coffee-3-1-768x768.webp 768w\" sizes=\"(max-width: 800px) 100vw, 800px\" \/><\/figure>\n<\/div>\n<\/div>\n\n\n\n<div class=\"wp-block-columns is-layout-flex wp-container-core-columns-is-layout-28f84493 wp-block-columns-is-layout-flex\">\n<div class=\"wp-block-column is-layout-flow wp-block-column-is-layout-flow\">\n<figure class=\"wp-block-image size-full is-resized\"><img decoding=\"async\" width=\"800\" height=\"800\" src=\"https:\/\/www.dzwchafingdish.com\/wp-content\/uploads\/2024\/03\/New-Stainless-Steel-Coffee-1.webp\" alt=\"Nova urna de caf\u00e9\" class=\"wp-image-3715\" style=\"width:493px;height:auto\" srcset=\"https:\/\/www.dzwchafingdish.com\/wp-content\/uploads\/2024\/03\/New-Stainless-Steel-Coffee-1.webp 800w, https:\/\/www.dzwchafingdish.com\/wp-content\/uploads\/2024\/03\/New-Stainless-Steel-Coffee-1-300x300.webp 300w, https:\/\/www.dzwchafingdish.com\/wp-content\/uploads\/2024\/03\/New-Stainless-Steel-Coffee-1-150x150.webp 150w, https:\/\/www.dzwchafingdish.com\/wp-content\/uploads\/2024\/03\/New-Stainless-Steel-Coffee-1-768x768.webp 768w\" sizes=\"(max-width: 800px) 100vw, 800px\" \/><\/figure>\n<\/div>\n\n\n\n<div class=\"wp-block-column is-layout-flow wp-block-column-is-layout-flow\">\n<h2 class=\"wp-block-heading\"><strong>Dispensador de bebidas em a\u00e7o inoxid\u00e1vel Carater\u00edsticas:<\/strong><\/h2>\n\n\n\n<ul class=\"wp-block-list\">\n<li>Material em a\u00e7o inoxid\u00e1vel polido: Particularmente dur\u00e1vel, resistente a danos, f\u00e1cil de limpar e manter<\/li>\n\n\n\n<li>Dispon\u00edvel nas populares cores dourada e prateada: Adequado para festas modernas e actuais ou eventos empresariais.<\/li>\n\n\n\n<li>Controlo eficaz da temperatura de aquecimento do combust\u00edvel: Mant\u00e9m a bebida quente durante muito tempo sem comprometer o sabor ou a qualidade.<\/li>\n\n\n\n<li>Pega pr\u00e1tica: Possui uma pega robusta para facilitar a desloca\u00e7\u00e3o<\/li>\n\n\n\n<li>13L Design de grande capacidade: adequado para ser utilizado por v\u00e1rias pessoas e satisfazer os picos de procura.<\/li>\n\n\n\n<li>Log\u00f3tipo e embalagem personaliz\u00e1veis: Somos diretos da f\u00e1brica, apoiando OEM e ODM, e oferecendo uma variedade de op\u00e7\u00f5es de personaliza\u00e7\u00e3o e pre\u00e7os de f\u00e1brica.<\/li>\n<\/ul>\n<\/div>\n<\/div>","protected":false},"excerpt":{"rendered":"<p>Dispensador de bebidas em a\u00e7o inoxid\u00e1vel Dimens\u00e3o ITEM NO. Cor TAMANHO COMPRIMENTO LARGURA ALTURA N.W \/ CONJUNTO DZW-GU13 Prata 13L 29,5cm 29cm 56cm 2600 g DZW-GU14 Dourado 13L 29,5cm 29cm 56cm 2600 g DZW-GU15 Meio Dourado 13L 29,5cm 29cm 56cm 2600 g Dispensador de bebidas em a\u00e7o inoxid\u00e1vel Carater\u00edsticas:<\/p>","protected":false},"author":1,"featured_media":3720,"parent":0,"menu_order":0,"template":"","format":"standard","meta":{"_acf_changed":false,"site-sidebar-layout":"default","site-content-layout":"","ast-site-content-layout":"default","site-content-style":"default","site-sidebar-style":"default","ast-global-header-display":"","ast-banner-title-visibility":"","ast-main-header-display":"","ast-hfb-above-header-display":"","ast-hfb-below-header-display":"","ast-hfb-mobile-header-display":"","site-post-title":"","ast-breadcrumbs-content":"","ast-featured-img":"","footer-sml-layout":"","theme-transparent-header-meta":"","adv-header-id-meta":"","stick-header-meta":"","header-above-stick-meta":"","header-main-stick-meta":"","header-below-stick-meta":"","astra-migrate-meta-layouts":"default","ast-page-background-enabled":"default","ast-page-background-meta":{"desktop":{"background-color":"var(--ast-global-color-4)","background-image":"","background-repeat":"repeat","background-position":"center center","background-size":"auto","background-attachment":"scroll","background-type":"","background-media":"","overlay-type":"","overlay-color":"","overlay-opacity":"","overlay-gradient":""},"tablet":{"background-color":"","background-image":"","background-repeat":"repeat","background-position":"center center","background-size":"auto","background-attachment":"scroll","background-type":"","background-media":"","overlay-type":"","overlay-color":"","overlay-opacity":"","overlay-gradient":""},"mobile":{"background-color":"","background-image":"","background-repeat":"repeat","background-position":"center center","background-size":"auto","background-attachment":"scroll","background-type":"","background-media":"","overlay-type":"","overlay-color":"","overlay-opacity":"","overlay-gradient":""}},"ast-content-background-meta":{"desktop":{"background-color":"var(--ast-global-color-5)","background-image":"","background-repeat":"repeat","background-position":"center center","background-size":"auto","background-attachment":"scroll","background-type":"","background-media":"","overlay-type":"","overlay-color":"","overlay-opacity":"","overlay-gradient":""},"tablet":{"background-color":"var(--ast-global-color-5)","background-image":"","background-repeat":"repeat","background-position":"center center","background-size":"auto","background-attachment":"scroll","background-type":"","background-media":"","overlay-type":"","overlay-color":"","overlay-opacity":"","overlay-gradient":""},"mobile":{"background-color":"var(--ast-global-color-5)","background-image":"","background-repeat":"repeat","background-position":"center center","background-size":"auto","background-attachment":"scroll","background-type":"","background-media":"","overlay-type":"","overlay-color":"","overlay-opacity":"","overlay-gradient":""}},"footnotes":""},"product-categories":[64],"product-tag":[],"class_list":["post-3709","product","type-product","status-publish","format-standard","has-post-thumbnail","hentry","product-categories-drink-dispenser"],"acf":{"title":"Dispensador de bebidas em a\u00e7o inoxid\u00e1vel OEM 3 gal\u00f5es 13L dourado e prateado","title_source":{"label":"Title","type":"text","formatted_value":"OEM Stainless Steel Drink Dispenser 3 Gallon 13L Gold and Siver"},"short_description":"We are stainless steel drink dispenser factory: Factory Direct offers OEM and ODM. This 13L drink has fuel heating to deliver hot drinks.  It comes in stylish gold and silver and can be customized according to your brand to suit any occasion.","short_description_source":{"label":"Short description","type":"textarea","formatted_value":"We are stainless steel drink dispenser factory: Factory Direct offers OEM and ODM. This 13L drink has fuel heating to deliver hot drinks.  It comes in stylish gold and silver and can be customized according to your brand to suit any occasion."},"parameters":"<table border=\"0\" width=\"423\" cellspacing=\"0\" cellpadding=\"0\">\r\n<tbody>\r\n<tr>\r\n<td width=\"166\" height=\"23\">Manufacturer<\/td>\r\n<td width=\"257\">DONGZHAOWEI<\/td>\r\n<\/tr>\r\n<tr>\r\n<td height=\"23\">Material<\/td>\r\n<td>Stainless Steel 201 and Plastic<\/td>\r\n<\/tr>\r\n<tr>\r\n<td height=\"23\">Capacity<\/td>\r\n<td>13L<\/td>\r\n<\/tr>\r\n<tr>\r\n<td height=\"24\">Color<\/td>\r\n<td>Golden \/ Silver\/Half Golden<\/td>\r\n<\/tr>\r\n<tr>\r\n<td height=\"24\">Design<\/td>\r\n<td>With stand, spigot and fuel holder<\/td>\r\n<\/tr>\r\n<tr>\r\n<td height=\"24\">Shape<\/td>\r\n<td>Barrel Shape<\/td>\r\n<\/tr>\r\n<tr>\r\n<td height=\"24\">Custom<\/td>\r\n<td>Color\/Logo\/Package<\/td>\r\n<\/tr>\r\n<\/tbody>\r\n<\/table>","parameters_source":{"label":"Parameters","type":"wysiwyg","formatted_value":"<table border=\"0\" width=\"423\" cellspacing=\"0\" cellpadding=\"0\">\n<tbody>\n<tr>\n<td width=\"166\" height=\"23\">Manufacturer<\/td>\n<td width=\"257\">DONGZHAOWEI<\/td>\n<\/tr>\n<tr>\n<td height=\"23\">Material<\/td>\n<td>Stainless Steel 201 and Plastic<\/td>\n<\/tr>\n<tr>\n<td height=\"23\">Capacity<\/td>\n<td>13L<\/td>\n<\/tr>\n<tr>\n<td height=\"24\">Color<\/td>\n<td>Golden \/ Silver\/Half Golden<\/td>\n<\/tr>\n<tr>\n<td height=\"24\">Design<\/td>\n<td>With stand, spigot and fuel holder<\/td>\n<\/tr>\n<tr>\n<td height=\"24\">Shape<\/td>\n<td>Barrel Shape<\/td>\n<\/tr>\n<tr>\n<td height=\"24\">Custom<\/td>\n<td>Color\/Logo\/Package<\/td>\n<\/tr>\n<\/tbody>\n<\/table>\n"},"photo_gallery":{"product_gallery":[[{"id":3720,"title":"New coffee urn","caption":"New coffee urn","full_image_url":"https:\/\/www.dzwchafingdish.com\/wp-content\/uploads\/2024\/03\/New-Stainless-Steel-Coffee-3-1.webp","thumbnail_image_url":"https:\/\/www.dzwchafingdish.com\/wp-content\/uploads\/2024\/03\/New-Stainless-Steel-Coffee-3-1-150x150.webp","large_srcset":"https:\/\/www.dzwchafingdish.com\/wp-content\/uploads\/2024\/03\/New-Stainless-Steel-Coffee-3-1.webp 800w, https:\/\/www.dzwchafingdish.com\/wp-content\/uploads\/2024\/03\/New-Stainless-Steel-Coffee-3-1-300x300.webp 300w, https:\/\/www.dzwchafingdish.com\/wp-content\/uploads\/2024\/03\/New-Stainless-Steel-Coffee-3-1-150x150.webp 150w, https:\/\/www.dzwchafingdish.com\/wp-content\/uploads\/2024\/03\/New-Stainless-Steel-Coffee-3-1-768x768.webp 768w","medium_srcset":"https:\/\/www.dzwchafingdish.com\/wp-content\/uploads\/2024\/03\/New-Stainless-Steel-Coffee-3-1-300x300.webp 300w, https:\/\/www.dzwchafingdish.com\/wp-content\/uploads\/2024\/03\/New-Stainless-Steel-Coffee-3-1-150x150.webp 150w, https:\/\/www.dzwchafingdish.com\/wp-content\/uploads\/2024\/03\/New-Stainless-Steel-Coffee-3-1-768x768.webp 768w, https:\/\/www.dzwchafingdish.com\/wp-content\/uploads\/2024\/03\/New-Stainless-Steel-Coffee-3-1.webp 800w","media_details":{"width":800,"height":800,"sizes":{"medium":{"file":"New-Stainless-Steel-Coffee-3-1-300x300.webp","width":300,"height":300,"mime-type":"image\/webp","filesize":7818,"source_url":"https:\/\/www.dzwchafingdish.com\/wp-content\/uploads\/2024\/03\/New-Stainless-Steel-Coffee-3-1-300x300.webp"},"thumbnail":{"file":"New-Stainless-Steel-Coffee-3-1-150x150.webp","width":150,"height":150,"mime-type":"image\/webp","filesize":2940,"source_url":"https:\/\/www.dzwchafingdish.com\/wp-content\/uploads\/2024\/03\/New-Stainless-Steel-Coffee-3-1-150x150.webp"},"medium_large":{"file":"New-Stainless-Steel-Coffee-3-1-768x768.webp","width":768,"height":768,"mime-type":"image\/webp","filesize":25208,"source_url":"https:\/\/www.dzwchafingdish.com\/wp-content\/uploads\/2024\/03\/New-Stainless-Steel-Coffee-3-1-768x768.webp"}}},"alt_text":"New coffee urn","url":"","target":""},{"id":3715,"title":"New coffee urn","caption":"New coffee urn","full_image_url":"https:\/\/www.dzwchafingdish.com\/wp-content\/uploads\/2024\/03\/New-Stainless-Steel-Coffee-1.webp","thumbnail_image_url":"https:\/\/www.dzwchafingdish.com\/wp-content\/uploads\/2024\/03\/New-Stainless-Steel-Coffee-1-150x150.webp","large_srcset":"https:\/\/www.dzwchafingdish.com\/wp-content\/uploads\/2024\/03\/New-Stainless-Steel-Coffee-1.webp 800w, https:\/\/www.dzwchafingdish.com\/wp-content\/uploads\/2024\/03\/New-Stainless-Steel-Coffee-1-300x300.webp 300w, https:\/\/www.dzwchafingdish.com\/wp-content\/uploads\/2024\/03\/New-Stainless-Steel-Coffee-1-150x150.webp 150w, https:\/\/www.dzwchafingdish.com\/wp-content\/uploads\/2024\/03\/New-Stainless-Steel-Coffee-1-768x768.webp 768w","medium_srcset":"https:\/\/www.dzwchafingdish.com\/wp-content\/uploads\/2024\/03\/New-Stainless-Steel-Coffee-1-300x300.webp 300w, https:\/\/www.dzwchafingdish.com\/wp-content\/uploads\/2024\/03\/New-Stainless-Steel-Coffee-1-150x150.webp 150w, https:\/\/www.dzwchafingdish.com\/wp-content\/uploads\/2024\/03\/New-Stainless-Steel-Coffee-1-768x768.webp 768w, https:\/\/www.dzwchafingdish.com\/wp-content\/uploads\/2024\/03\/New-Stainless-Steel-Coffee-1.webp 800w","media_details":{"width":800,"height":800,"sizes":{"medium":{"file":"New-Stainless-Steel-Coffee-1-300x300.webp","width":300,"height":300,"mime-type":"image\/webp","filesize":5810,"source_url":"https:\/\/www.dzwchafingdish.com\/wp-content\/uploads\/2024\/03\/New-Stainless-Steel-Coffee-1-300x300.webp"},"thumbnail":{"file":"New-Stainless-Steel-Coffee-1-150x150.webp","width":150,"height":150,"mime-type":"image\/webp","filesize":2280,"source_url":"https:\/\/www.dzwchafingdish.com\/wp-content\/uploads\/2024\/03\/New-Stainless-Steel-Coffee-1-150x150.webp"},"medium_large":{"file":"New-Stainless-Steel-Coffee-1-768x768.webp","width":768,"height":768,"mime-type":"image\/webp","filesize":19008,"source_url":"https:\/\/www.dzwchafingdish.com\/wp-content\/uploads\/2024\/03\/New-Stainless-Steel-Coffee-1-768x768.webp"}}},"alt_text":"New coffee urn","url":"","target":""},{"id":3718,"title":"New coffee urn","caption":"New coffee urn","full_image_url":"https:\/\/www.dzwchafingdish.com\/wp-content\/uploads\/2024\/03\/New-Stainless-Steel-Coffee-1-1.webp","thumbnail_image_url":"https:\/\/www.dzwchafingdish.com\/wp-content\/uploads\/2024\/03\/New-Stainless-Steel-Coffee-1-1-150x150.webp","large_srcset":"https:\/\/www.dzwchafingdish.com\/wp-content\/uploads\/2024\/03\/New-Stainless-Steel-Coffee-1-1.webp 800w, https:\/\/www.dzwchafingdish.com\/wp-content\/uploads\/2024\/03\/New-Stainless-Steel-Coffee-1-1-300x300.webp 300w, https:\/\/www.dzwchafingdish.com\/wp-content\/uploads\/2024\/03\/New-Stainless-Steel-Coffee-1-1-150x150.webp 150w, https:\/\/www.dzwchafingdish.com\/wp-content\/uploads\/2024\/03\/New-Stainless-Steel-Coffee-1-1-768x768.webp 768w","medium_srcset":"https:\/\/www.dzwchafingdish.com\/wp-content\/uploads\/2024\/03\/New-Stainless-Steel-Coffee-1-1-300x300.webp 300w, https:\/\/www.dzwchafingdish.com\/wp-content\/uploads\/2024\/03\/New-Stainless-Steel-Coffee-1-1-150x150.webp 150w, https:\/\/www.dzwchafingdish.com\/wp-content\/uploads\/2024\/03\/New-Stainless-Steel-Coffee-1-1-768x768.webp 768w, https:\/\/www.dzwchafingdish.com\/wp-content\/uploads\/2024\/03\/New-Stainless-Steel-Coffee-1-1.webp 800w","media_details":{"width":800,"height":800,"sizes":{"medium":{"file":"New-Stainless-Steel-Coffee-1-1-300x300.webp","width":300,"height":300,"mime-type":"image\/webp","filesize":6394,"source_url":"https:\/\/www.dzwchafingdish.com\/wp-content\/uploads\/2024\/03\/New-Stainless-Steel-Coffee-1-1-300x300.webp"},"thumbnail":{"file":"New-Stainless-Steel-Coffee-1-1-150x150.webp","width":150,"height":150,"mime-type":"image\/webp","filesize":2422,"source_url":"https:\/\/www.dzwchafingdish.com\/wp-content\/uploads\/2024\/03\/New-Stainless-Steel-Coffee-1-1-150x150.webp"},"medium_large":{"file":"New-Stainless-Steel-Coffee-1-1-768x768.webp","width":768,"height":768,"mime-type":"image\/webp","filesize":21088,"source_url":"https:\/\/www.dzwchafingdish.com\/wp-content\/uploads\/2024\/03\/New-Stainless-Steel-Coffee-1-1-768x768.webp"}}},"alt_text":"New coffee urn","url":"","target":""},{"id":3719,"title":"New coffee urn","caption":"New coffee urn","full_image_url":"https:\/\/www.dzwchafingdish.com\/wp-content\/uploads\/2024\/03\/New-Stainless-Steel-Coffee-2-1.webp","thumbnail_image_url":"https:\/\/www.dzwchafingdish.com\/wp-content\/uploads\/2024\/03\/New-Stainless-Steel-Coffee-2-1-150x150.webp","large_srcset":"https:\/\/www.dzwchafingdish.com\/wp-content\/uploads\/2024\/03\/New-Stainless-Steel-Coffee-2-1.webp 800w, https:\/\/www.dzwchafingdish.com\/wp-content\/uploads\/2024\/03\/New-Stainless-Steel-Coffee-2-1-300x300.webp 300w, https:\/\/www.dzwchafingdish.com\/wp-content\/uploads\/2024\/03\/New-Stainless-Steel-Coffee-2-1-150x150.webp 150w, https:\/\/www.dzwchafingdish.com\/wp-content\/uploads\/2024\/03\/New-Stainless-Steel-Coffee-2-1-768x768.webp 768w","medium_srcset":"https:\/\/www.dzwchafingdish.com\/wp-content\/uploads\/2024\/03\/New-Stainless-Steel-Coffee-2-1-300x300.webp 300w, https:\/\/www.dzwchafingdish.com\/wp-content\/uploads\/2024\/03\/New-Stainless-Steel-Coffee-2-1-150x150.webp 150w, https:\/\/www.dzwchafingdish.com\/wp-content\/uploads\/2024\/03\/New-Stainless-Steel-Coffee-2-1-768x768.webp 768w, https:\/\/www.dzwchafingdish.com\/wp-content\/uploads\/2024\/03\/New-Stainless-Steel-Coffee-2-1.webp 800w","media_details":{"width":800,"height":800,"sizes":{"medium":{"file":"New-Stainless-Steel-Coffee-2-1-300x300.webp","width":300,"height":300,"mime-type":"image\/webp","filesize":6600,"source_url":"https:\/\/www.dzwchafingdish.com\/wp-content\/uploads\/2024\/03\/New-Stainless-Steel-Coffee-2-1-300x300.webp"},"thumbnail":{"file":"New-Stainless-Steel-Coffee-2-1-150x150.webp","width":150,"height":150,"mime-type":"image\/webp","filesize":2660,"source_url":"https:\/\/www.dzwchafingdish.com\/wp-content\/uploads\/2024\/03\/New-Stainless-Steel-Coffee-2-1-150x150.webp"},"medium_large":{"file":"New-Stainless-Steel-Coffee-2-1-768x768.webp","width":768,"height":768,"mime-type":"image\/webp","filesize":21936,"source_url":"https:\/\/www.dzwchafingdish.com\/wp-content\/uploads\/2024\/03\/New-Stainless-Steel-Coffee-2-1-768x768.webp"}}},"alt_text":"New coffee urn","url":"","target":""},{"id":3716,"title":"New coffee urn","caption":"New coffee urn","full_image_url":"https:\/\/www.dzwchafingdish.com\/wp-content\/uploads\/2024\/03\/New-Stainless-Steel-Coffee-2.webp","thumbnail_image_url":"https:\/\/www.dzwchafingdish.com\/wp-content\/uploads\/2024\/03\/New-Stainless-Steel-Coffee-2-150x150.webp","large_srcset":"https:\/\/www.dzwchafingdish.com\/wp-content\/uploads\/2024\/03\/New-Stainless-Steel-Coffee-2.webp 800w, https:\/\/www.dzwchafingdish.com\/wp-content\/uploads\/2024\/03\/New-Stainless-Steel-Coffee-2-300x300.webp 300w, https:\/\/www.dzwchafingdish.com\/wp-content\/uploads\/2024\/03\/New-Stainless-Steel-Coffee-2-150x150.webp 150w, https:\/\/www.dzwchafingdish.com\/wp-content\/uploads\/2024\/03\/New-Stainless-Steel-Coffee-2-768x768.webp 768w","medium_srcset":"https:\/\/www.dzwchafingdish.com\/wp-content\/uploads\/2024\/03\/New-Stainless-Steel-Coffee-2-300x300.webp 300w, https:\/\/www.dzwchafingdish.com\/wp-content\/uploads\/2024\/03\/New-Stainless-Steel-Coffee-2-150x150.webp 150w, https:\/\/www.dzwchafingdish.com\/wp-content\/uploads\/2024\/03\/New-Stainless-Steel-Coffee-2-768x768.webp 768w, https:\/\/www.dzwchafingdish.com\/wp-content\/uploads\/2024\/03\/New-Stainless-Steel-Coffee-2.webp 800w","media_details":{"width":800,"height":800,"sizes":{"medium":{"file":"New-Stainless-Steel-Coffee-2-300x300.webp","width":300,"height":300,"mime-type":"image\/webp","filesize":5880,"source_url":"https:\/\/www.dzwchafingdish.com\/wp-content\/uploads\/2024\/03\/New-Stainless-Steel-Coffee-2-300x300.webp"},"thumbnail":{"file":"New-Stainless-Steel-Coffee-2-150x150.webp","width":150,"height":150,"mime-type":"image\/webp","filesize":2246,"source_url":"https:\/\/www.dzwchafingdish.com\/wp-content\/uploads\/2024\/03\/New-Stainless-Steel-Coffee-2-150x150.webp"},"medium_large":{"file":"New-Stainless-Steel-Coffee-2-768x768.webp","width":768,"height":768,"mime-type":"image\/webp","filesize":19166,"source_url":"https:\/\/www.dzwchafingdish.com\/wp-content\/uploads\/2024\/03\/New-Stainless-Steel-Coffee-2-768x768.webp"}}},"alt_text":"New coffee urn","url":"","target":""},{"id":3717,"title":"New coffee urn","caption":"New coffee urn","full_image_url":"https:\/\/www.dzwchafingdish.com\/wp-content\/uploads\/2024\/03\/New-Stainless-Steel-Coffee-3.webp","thumbnail_image_url":"https:\/\/www.dzwchafingdish.com\/wp-content\/uploads\/2024\/03\/New-Stainless-Steel-Coffee-3-150x150.webp","large_srcset":"https:\/\/www.dzwchafingdish.com\/wp-content\/uploads\/2024\/03\/New-Stainless-Steel-Coffee-3.webp 800w, https:\/\/www.dzwchafingdish.com\/wp-content\/uploads\/2024\/03\/New-Stainless-Steel-Coffee-3-300x300.webp 300w, https:\/\/www.dzwchafingdish.com\/wp-content\/uploads\/2024\/03\/New-Stainless-Steel-Coffee-3-150x150.webp 150w, https:\/\/www.dzwchafingdish.com\/wp-content\/uploads\/2024\/03\/New-Stainless-Steel-Coffee-3-768x768.webp 768w","medium_srcset":"https:\/\/www.dzwchafingdish.com\/wp-content\/uploads\/2024\/03\/New-Stainless-Steel-Coffee-3-300x300.webp 300w, https:\/\/www.dzwchafingdish.com\/wp-content\/uploads\/2024\/03\/New-Stainless-Steel-Coffee-3-150x150.webp 150w, https:\/\/www.dzwchafingdish.com\/wp-content\/uploads\/2024\/03\/New-Stainless-Steel-Coffee-3-768x768.webp 768w, https:\/\/www.dzwchafingdish.com\/wp-content\/uploads\/2024\/03\/New-Stainless-Steel-Coffee-3.webp 800w","media_details":{"width":800,"height":800,"sizes":{"medium":{"file":"New-Stainless-Steel-Coffee-3-300x300.webp","width":300,"height":300,"mime-type":"image\/webp","filesize":5740,"source_url":"https:\/\/www.dzwchafingdish.com\/wp-content\/uploads\/2024\/03\/New-Stainless-Steel-Coffee-3-300x300.webp"},"thumbnail":{"file":"New-Stainless-Steel-Coffee-3-150x150.webp","width":150,"height":150,"mime-type":"image\/webp","filesize":2314,"source_url":"https:\/\/www.dzwchafingdish.com\/wp-content\/uploads\/2024\/03\/New-Stainless-Steel-Coffee-3-150x150.webp"},"medium_large":{"file":"New-Stainless-Steel-Coffee-3-768x768.webp","width":768,"height":768,"mime-type":"image\/webp","filesize":19134,"source_url":"https:\/\/www.dzwchafingdish.com\/wp-content\/uploads\/2024\/03\/New-Stainless-Steel-Coffee-3-768x768.webp"}}},"alt_text":"New coffee urn","url":"","target":""}]]}},"_links":{"self":[{"href":"https:\/\/www.dzwchafingdish.com\/pt\/wp-json\/wp\/v2\/product\/3709","targetHints":{"allow":["GET"]}}],"collection":[{"href":"https:\/\/www.dzwchafingdish.com\/pt\/wp-json\/wp\/v2\/product"}],"about":[{"href":"https:\/\/www.dzwchafingdish.com\/pt\/wp-json\/wp\/v2\/types\/product"}],"author":[{"embeddable":true,"href":"https:\/\/www.dzwchafingdish.com\/pt\/wp-json\/wp\/v2\/users\/1"}],"version-history":[{"count":0,"href":"https:\/\/www.dzwchafingdish.com\/pt\/wp-json\/wp\/v2\/product\/3709\/revisions"}],"wp:featuredmedia":[{"embeddable":true,"href":"https:\/\/www.dzwchafingdish.com\/pt\/wp-json\/wp\/v2\/media\/3720"}],"wp:attachment":[{"href":"https:\/\/www.dzwchafingdish.com\/pt\/wp-json\/wp\/v2\/media?parent=3709"}],"wp:term":[{"taxonomy":"product-categories","embeddable":true,"href":"https:\/\/www.dzwchafingdish.com\/pt\/wp-json\/wp\/v2\/product-categories?post=3709"},{"taxonomy":"product-tag","embeddable":true,"href":"https:\/\/www.dzwchafingdish.com\/pt\/wp-json\/wp\/v2\/product-tag?post=3709"}],"curies":[{"name":"wp","href":"https:\/\/api.w.org\/{rel}","templated":true}]}}