{"id":3810,"date":"2024-06-12T07:19:01","date_gmt":"2024-06-12T07:19:01","guid":{"rendered":"https:\/\/www.dzwchafingdish.com\/?post_type=product&#038;p=3810"},"modified":"2024-07-13T04:13:42","modified_gmt":"2024-07-13T04:13:42","slug":"cupcake-stand","status":"publish","type":"product","link":"https:\/\/www.dzwchafingdish.com\/pt\/product\/cupcake-stand\/","title":{"rendered":"Expositor de sobremesas em camadas com suporte para cupcakes por atacado"},"content":{"rendered":"<div class=\"wp-block-columns is-layout-flex wp-container-core-columns-is-layout-28f84493 wp-block-columns-is-layout-flex\">\n<div class=\"wp-block-column is-layout-flow wp-block-column-is-layout-flow\">\n<h2 class=\"wp-block-heading\"><strong>Dimens\u00e3o do suporte para cupcakes<\/strong><\/h2>\n\n\n\n<figure class=\"wp-block-table\"><table><tbody><tr><td>ITEM NO.<\/td><td>Di\u00e2metro<\/td><td>Alta<\/td><td>G.W<\/td><\/tr><tr><td>DZW-SR16<\/td><td>32 cm<\/td><td>45 cm<\/td><td>13 kg<\/td><\/tr><\/tbody><\/table><\/figure>\n<\/div>\n\n\n\n<div class=\"wp-block-column is-layout-flow wp-block-column-is-layout-flow\">\n<figure class=\"wp-block-image aligncenter size-full is-resized\"><img fetchpriority=\"high\" decoding=\"async\" width=\"800\" height=\"800\" src=\"https:\/\/www.dzwchafingdish.com\/wp-content\/uploads\/2024\/06\/rectangle-cake-stand-wholesale3.webp\" alt=\"suporte retangular para bolos por atacado\" class=\"wp-image-4539\" style=\"width:442px;height:auto\" srcset=\"https:\/\/www.dzwchafingdish.com\/wp-content\/uploads\/2024\/06\/rectangle-cake-stand-wholesale3.webp 800w, https:\/\/www.dzwchafingdish.com\/wp-content\/uploads\/2024\/06\/rectangle-cake-stand-wholesale3-300x300.webp 300w, https:\/\/www.dzwchafingdish.com\/wp-content\/uploads\/2024\/06\/rectangle-cake-stand-wholesale3-150x150.webp 150w, https:\/\/www.dzwchafingdish.com\/wp-content\/uploads\/2024\/06\/rectangle-cake-stand-wholesale3-768x768.webp 768w, https:\/\/www.dzwchafingdish.com\/wp-content\/uploads\/2024\/06\/rectangle-cake-stand-wholesale3-12x12.webp 12w\" sizes=\"(max-width: 800px) 100vw, 800px\" \/><\/figure>\n<\/div>\n<\/div>\n\n\n\n<div class=\"wp-block-columns is-layout-flex wp-container-core-columns-is-layout-28f84493 wp-block-columns-is-layout-flex\">\n<div class=\"wp-block-column is-layout-flow wp-block-column-is-layout-flow\">\n<figure class=\"wp-block-image size-full\"><img decoding=\"async\" width=\"743\" height=\"743\" src=\"https:\/\/www.dzwchafingdish.com\/wp-content\/uploads\/2024\/03\/rectangle-cake-stand-2.webp\" alt=\"suporte retangular para bolos\" class=\"wp-image-3831\" srcset=\"https:\/\/www.dzwchafingdish.com\/wp-content\/uploads\/2024\/03\/rectangle-cake-stand-2.webp 743w, https:\/\/www.dzwchafingdish.com\/wp-content\/uploads\/2024\/03\/rectangle-cake-stand-2-300x300.webp 300w, https:\/\/www.dzwchafingdish.com\/wp-content\/uploads\/2024\/03\/rectangle-cake-stand-2-150x150.webp 150w\" sizes=\"(max-width: 743px) 100vw, 743px\" \/><\/figure>\n<\/div>\n\n\n\n<div class=\"wp-block-column is-layout-flow wp-block-column-is-layout-flow\">\n<h2 class=\"wp-block-heading\"><strong>Suporte para bolos Carater\u00edsticas:<\/strong><\/h2>\n\n\n\n<ul class=\"wp-block-list\">\n<li>Material de qualidade: feito de a\u00e7o inoxid\u00e1vel com um suporte dourado, resistente e duradouro para garantir um suporte est\u00e1vel para o bolo.<\/li>\n\n\n\n<li>Design requintado: O prato de cer\u00e2mica preta tem um design \u00fanico com um suporte em a\u00e7o inoxid\u00e1vel dourado, real\u00e7ando a nobreza e a eleg\u00e2ncia e conferindo um aspeto chique ao bolo.<\/li>\n\n\n\n<li>Utiliza\u00e7\u00e3o polivalente: O design retangular proporciona mais espa\u00e7o de exposi\u00e7\u00e3o, adequado para v\u00e1rias ocasi\u00f5es, como festas de anivers\u00e1rio, casamentos ou celebra\u00e7\u00f5es festivas.<\/li>\n\n\n\n<li>F\u00e1cil de limpar: Tanto o suporte de a\u00e7o inoxid\u00e1vel como a placa de cer\u00e2mica s\u00e3o f\u00e1ceis de limpar e podem ser lavados \u00e0 m\u00e3o ou na m\u00e1quina de lavar loi\u00e7a.<\/li>\n\n\n\n<li>Chama a aten\u00e7\u00e3o: A combina\u00e7\u00e3o do distinto suporte em a\u00e7o inoxid\u00e1vel dourado e da placa de cer\u00e2mica preta exclusiva torna-o o ponto focal da mesa e chama a aten\u00e7\u00e3o de todos.<\/li>\n<\/ul>\n<\/div>\n<\/div>","protected":false},"excerpt":{"rendered":"<p>Dimens\u00e3o do suporte para cupcakes ITEM NO. Di\u00e2metro Altura G.W DZW-SR16 32cm 45cm 13kg Suporte para bolos Carater\u00edsticas:<\/p>","protected":false},"author":1,"featured_media":4539,"parent":0,"menu_order":0,"template":"","format":"standard","meta":{"_acf_changed":false,"site-sidebar-layout":"default","site-content-layout":"","ast-site-content-layout":"default","site-content-style":"default","site-sidebar-style":"default","ast-global-header-display":"","ast-banner-title-visibility":"","ast-main-header-display":"","ast-hfb-above-header-display":"","ast-hfb-below-header-display":"","ast-hfb-mobile-header-display":"","site-post-title":"","ast-breadcrumbs-content":"","ast-featured-img":"","footer-sml-layout":"","theme-transparent-header-meta":"","adv-header-id-meta":"","stick-header-meta":"","header-above-stick-meta":"","header-main-stick-meta":"","header-below-stick-meta":"","astra-migrate-meta-layouts":"default","ast-page-background-enabled":"default","ast-page-background-meta":{"desktop":{"background-color":"var(--ast-global-color-4)","background-image":"","background-repeat":"repeat","background-position":"center center","background-size":"auto","background-attachment":"scroll","background-type":"","background-media":"","overlay-type":"","overlay-color":"","overlay-opacity":"","overlay-gradient":""},"tablet":{"background-color":"","background-image":"","background-repeat":"repeat","background-position":"center center","background-size":"auto","background-attachment":"scroll","background-type":"","background-media":"","overlay-type":"","overlay-color":"","overlay-opacity":"","overlay-gradient":""},"mobile":{"background-color":"","background-image":"","background-repeat":"repeat","background-position":"center center","background-size":"auto","background-attachment":"scroll","background-type":"","background-media":"","overlay-type":"","overlay-color":"","overlay-opacity":"","overlay-gradient":""}},"ast-content-background-meta":{"desktop":{"background-color":"var(--ast-global-color-5)","background-image":"","background-repeat":"repeat","background-position":"center center","background-size":"auto","background-attachment":"scroll","background-type":"","background-media":"","overlay-type":"","overlay-color":"","overlay-opacity":"","overlay-gradient":""},"tablet":{"background-color":"var(--ast-global-color-5)","background-image":"","background-repeat":"repeat","background-position":"center center","background-size":"auto","background-attachment":"scroll","background-type":"","background-media":"","overlay-type":"","overlay-color":"","overlay-opacity":"","overlay-gradient":""},"mobile":{"background-color":"var(--ast-global-color-5)","background-image":"","background-repeat":"repeat","background-position":"center center","background-size":"auto","background-attachment":"scroll","background-type":"","background-media":"","overlay-type":"","overlay-color":"","overlay-opacity":"","overlay-gradient":""}},"footnotes":""},"product-categories":[65],"product-tag":[],"class_list":["post-3810","product","type-product","status-publish","format-standard","has-post-thumbnail","hentry","product-categories-dessert-stand"],"acf":{"title":"Expositor de sobremesas em camadas com suporte para cupcakes por atacado","title_source":{"label":"Title","type":"text","formatted_value":"Wholesale Cupcake Stand Tiered Dessert Display "},"short_description":"This 2 tier cupcake stand, multi-capacity and beautiful, is great for decorative creative cake displays!As a buffet equipment supplier we offer a wide range of dessert stands and customization options, feel free to get a quote!","short_description_source":{"label":"Short description","type":"textarea","formatted_value":"This 2 tier cupcake stand, multi-capacity and beautiful, is great for decorative creative cake displays!As a buffet equipment supplier we offer a wide range of dessert stands and customization options, feel free to get a quote!"},"parameters":"<table border=\"0\" width=\"423\" cellspacing=\"0\" cellpadding=\"0\">\r\n<tbody>\r\n<tr>\r\n<td width=\"166\" height=\"23\">Manufacturer<\/td>\r\n<td width=\"257\">DONGZHAOWEI<\/td>\r\n<\/tr>\r\n<tr>\r\n<td height=\"23\">Material<\/td>\r\n<td>Stainless Steel 201 and Ceramic<\/td>\r\n<\/tr>\r\n<tr>\r\n<td height=\"23\">Tier<\/td>\r\n<td>2tier<\/td>\r\n<\/tr>\r\n<tr>\r\n<td height=\"24\">Color<\/td>\r\n<td>Golden,Black<\/td>\r\n<\/tr>\r\n<tr>\r\n<td height=\"24\">Shape<\/td>\r\n<td>rectangle shape<\/td>\r\n<\/tr>\r\n<tr>\r\n<td height=\"24\">Custom<\/td>\r\n<td>Color\/Logo\/Package<\/td>\r\n<\/tr>\r\n<tr>\r\n<td height=\"24\">MOQ<\/td>\r\n<td>1 Sets<\/td>\r\n<\/tr>\r\n<\/tbody>\r\n<\/table>","parameters_source":{"label":"Parameters","type":"wysiwyg","formatted_value":"<table border=\"0\" width=\"423\" cellspacing=\"0\" cellpadding=\"0\">\n<tbody>\n<tr>\n<td width=\"166\" height=\"23\">Manufacturer<\/td>\n<td width=\"257\">DONGZHAOWEI<\/td>\n<\/tr>\n<tr>\n<td height=\"23\">Material<\/td>\n<td>Stainless Steel 201 and Ceramic<\/td>\n<\/tr>\n<tr>\n<td height=\"23\">Tier<\/td>\n<td>2tier<\/td>\n<\/tr>\n<tr>\n<td height=\"24\">Color<\/td>\n<td>Golden,Black<\/td>\n<\/tr>\n<tr>\n<td height=\"24\">Shape<\/td>\n<td>rectangle shape<\/td>\n<\/tr>\n<tr>\n<td height=\"24\">Custom<\/td>\n<td>Color\/Logo\/Package<\/td>\n<\/tr>\n<tr>\n<td height=\"24\">MOQ<\/td>\n<td>1 Sets<\/td>\n<\/tr>\n<\/tbody>\n<\/table>\n"},"photo_gallery":{"product_gallery":[[{"id":3830,"title":"rectangle cake stand (1)","caption":"rectangle cake stand","full_image_url":"https:\/\/www.dzwchafingdish.com\/wp-content\/uploads\/2024\/03\/rectangle-cake-stand-1.webp","thumbnail_image_url":"https:\/\/www.dzwchafingdish.com\/wp-content\/uploads\/2024\/03\/rectangle-cake-stand-1-150x150.webp","large_srcset":"https:\/\/www.dzwchafingdish.com\/wp-content\/uploads\/2024\/03\/rectangle-cake-stand-1.webp 782w, https:\/\/www.dzwchafingdish.com\/wp-content\/uploads\/2024\/03\/rectangle-cake-stand-1-300x300.webp 300w, https:\/\/www.dzwchafingdish.com\/wp-content\/uploads\/2024\/03\/rectangle-cake-stand-1-150x150.webp 150w, https:\/\/www.dzwchafingdish.com\/wp-content\/uploads\/2024\/03\/rectangle-cake-stand-1-768x768.webp 768w","medium_srcset":"https:\/\/www.dzwchafingdish.com\/wp-content\/uploads\/2024\/03\/rectangle-cake-stand-1-300x300.webp 300w, https:\/\/www.dzwchafingdish.com\/wp-content\/uploads\/2024\/03\/rectangle-cake-stand-1-150x150.webp 150w, https:\/\/www.dzwchafingdish.com\/wp-content\/uploads\/2024\/03\/rectangle-cake-stand-1-768x768.webp 768w, https:\/\/www.dzwchafingdish.com\/wp-content\/uploads\/2024\/03\/rectangle-cake-stand-1.webp 782w","media_details":{"width":782,"height":782,"sizes":{"medium":{"file":"rectangle-cake-stand-1-300x300.webp","width":300,"height":300,"mime-type":"image\/webp","filesize":23302,"source_url":"https:\/\/www.dzwchafingdish.com\/wp-content\/uploads\/2024\/03\/rectangle-cake-stand-1-300x300.webp"},"thumbnail":{"file":"rectangle-cake-stand-1-150x150.webp","width":150,"height":150,"mime-type":"image\/webp","filesize":7018,"source_url":"https:\/\/www.dzwchafingdish.com\/wp-content\/uploads\/2024\/03\/rectangle-cake-stand-1-150x150.webp"},"medium_large":{"file":"rectangle-cake-stand-1-768x768.webp","width":768,"height":768,"mime-type":"image\/webp","filesize":116202,"source_url":"https:\/\/www.dzwchafingdish.com\/wp-content\/uploads\/2024\/03\/rectangle-cake-stand-1-768x768.webp"}}},"alt_text":"rectangle cake stand","url":"","target":""},{"id":4538,"title":"rectangle cake stand wholesale2","caption":"rectangle cake stand wholesale","full_image_url":"https:\/\/www.dzwchafingdish.com\/wp-content\/uploads\/2024\/06\/rectangle-cake-stand-wholesale2.webp","thumbnail_image_url":"https:\/\/www.dzwchafingdish.com\/wp-content\/uploads\/2024\/06\/rectangle-cake-stand-wholesale2-150x150.webp","large_srcset":"https:\/\/www.dzwchafingdish.com\/wp-content\/uploads\/2024\/06\/rectangle-cake-stand-wholesale2.webp 800w, https:\/\/www.dzwchafingdish.com\/wp-content\/uploads\/2024\/06\/rectangle-cake-stand-wholesale2-300x300.webp 300w, https:\/\/www.dzwchafingdish.com\/wp-content\/uploads\/2024\/06\/rectangle-cake-stand-wholesale2-150x150.webp 150w, https:\/\/www.dzwchafingdish.com\/wp-content\/uploads\/2024\/06\/rectangle-cake-stand-wholesale2-768x768.webp 768w, https:\/\/www.dzwchafingdish.com\/wp-content\/uploads\/2024\/06\/rectangle-cake-stand-wholesale2-12x12.webp 12w","medium_srcset":"https:\/\/www.dzwchafingdish.com\/wp-content\/uploads\/2024\/06\/rectangle-cake-stand-wholesale2-300x300.webp 300w, https:\/\/www.dzwchafingdish.com\/wp-content\/uploads\/2024\/06\/rectangle-cake-stand-wholesale2-150x150.webp 150w, https:\/\/www.dzwchafingdish.com\/wp-content\/uploads\/2024\/06\/rectangle-cake-stand-wholesale2-768x768.webp 768w, https:\/\/www.dzwchafingdish.com\/wp-content\/uploads\/2024\/06\/rectangle-cake-stand-wholesale2-12x12.webp 12w, https:\/\/www.dzwchafingdish.com\/wp-content\/uploads\/2024\/06\/rectangle-cake-stand-wholesale2.webp 800w","media_details":{"width":800,"height":800,"sizes":{"medium":{"file":"rectangle-cake-stand-wholesale2-300x300.webp","width":300,"height":300,"mime-type":"image\/webp","filesize":5552,"source_url":"https:\/\/www.dzwchafingdish.com\/wp-content\/uploads\/2024\/06\/rectangle-cake-stand-wholesale2-300x300.webp"},"thumbnail":{"file":"rectangle-cake-stand-wholesale2-150x150.webp","width":150,"height":150,"mime-type":"image\/webp","filesize":2342,"source_url":"https:\/\/www.dzwchafingdish.com\/wp-content\/uploads\/2024\/06\/rectangle-cake-stand-wholesale2-150x150.webp"},"medium_large":{"file":"rectangle-cake-stand-wholesale2-768x768.webp","width":768,"height":768,"mime-type":"image\/webp","filesize":16814,"source_url":"https:\/\/www.dzwchafingdish.com\/wp-content\/uploads\/2024\/06\/rectangle-cake-stand-wholesale2-768x768.webp"},"trp-custom-language-flag":{"file":"rectangle-cake-stand-wholesale2-12x12.webp","width":12,"height":12,"mime-type":"image\/webp","filesize":120,"source_url":"https:\/\/www.dzwchafingdish.com\/wp-content\/uploads\/2024\/06\/rectangle-cake-stand-wholesale2-12x12.webp"}}},"alt_text":"rectangle cake stand wholesale","url":"","target":""},{"id":4539,"title":"rectangle cake stand wholesale3","caption":"rectangle cake stand wholesale","full_image_url":"https:\/\/www.dzwchafingdish.com\/wp-content\/uploads\/2024\/06\/rectangle-cake-stand-wholesale3.webp","thumbnail_image_url":"https:\/\/www.dzwchafingdish.com\/wp-content\/uploads\/2024\/06\/rectangle-cake-stand-wholesale3-150x150.webp","large_srcset":"https:\/\/www.dzwchafingdish.com\/wp-content\/uploads\/2024\/06\/rectangle-cake-stand-wholesale3.webp 800w, https:\/\/www.dzwchafingdish.com\/wp-content\/uploads\/2024\/06\/rectangle-cake-stand-wholesale3-300x300.webp 300w, https:\/\/www.dzwchafingdish.com\/wp-content\/uploads\/2024\/06\/rectangle-cake-stand-wholesale3-150x150.webp 150w, https:\/\/www.dzwchafingdish.com\/wp-content\/uploads\/2024\/06\/rectangle-cake-stand-wholesale3-768x768.webp 768w, https:\/\/www.dzwchafingdish.com\/wp-content\/uploads\/2024\/06\/rectangle-cake-stand-wholesale3-12x12.webp 12w","medium_srcset":"https:\/\/www.dzwchafingdish.com\/wp-content\/uploads\/2024\/06\/rectangle-cake-stand-wholesale3-300x300.webp 300w, https:\/\/www.dzwchafingdish.com\/wp-content\/uploads\/2024\/06\/rectangle-cake-stand-wholesale3-150x150.webp 150w, https:\/\/www.dzwchafingdish.com\/wp-content\/uploads\/2024\/06\/rectangle-cake-stand-wholesale3-768x768.webp 768w, https:\/\/www.dzwchafingdish.com\/wp-content\/uploads\/2024\/06\/rectangle-cake-stand-wholesale3-12x12.webp 12w, https:\/\/www.dzwchafingdish.com\/wp-content\/uploads\/2024\/06\/rectangle-cake-stand-wholesale3.webp 800w","media_details":{"width":800,"height":800,"sizes":{"medium":{"file":"rectangle-cake-stand-wholesale3-300x300.webp","width":300,"height":300,"mime-type":"image\/webp","filesize":10670,"source_url":"https:\/\/www.dzwchafingdish.com\/wp-content\/uploads\/2024\/06\/rectangle-cake-stand-wholesale3-300x300.webp"},"thumbnail":{"file":"rectangle-cake-stand-wholesale3-150x150.webp","width":150,"height":150,"mime-type":"image\/webp","filesize":4238,"source_url":"https:\/\/www.dzwchafingdish.com\/wp-content\/uploads\/2024\/06\/rectangle-cake-stand-wholesale3-150x150.webp"},"medium_large":{"file":"rectangle-cake-stand-wholesale3-768x768.webp","width":768,"height":768,"mime-type":"image\/webp","filesize":35856,"source_url":"https:\/\/www.dzwchafingdish.com\/wp-content\/uploads\/2024\/06\/rectangle-cake-stand-wholesale3-768x768.webp"},"trp-custom-language-flag":{"file":"rectangle-cake-stand-wholesale3-12x12.webp","width":12,"height":12,"mime-type":"image\/webp","filesize":144,"source_url":"https:\/\/www.dzwchafingdish.com\/wp-content\/uploads\/2024\/06\/rectangle-cake-stand-wholesale3-12x12.webp"}}},"alt_text":"rectangle cake stand wholesale","url":"","target":""},{"id":4537,"title":"rectangle cake stand wholesale","caption":"rectangle cake stand wholesale","full_image_url":"https:\/\/www.dzwchafingdish.com\/wp-content\/uploads\/2024\/06\/rectangle-cake-stand-wholesale.webp","thumbnail_image_url":"https:\/\/www.dzwchafingdish.com\/wp-content\/uploads\/2024\/06\/rectangle-cake-stand-wholesale-150x150.webp","large_srcset":"https:\/\/www.dzwchafingdish.com\/wp-content\/uploads\/2024\/06\/rectangle-cake-stand-wholesale.webp 800w, https:\/\/www.dzwchafingdish.com\/wp-content\/uploads\/2024\/06\/rectangle-cake-stand-wholesale-300x300.webp 300w, https:\/\/www.dzwchafingdish.com\/wp-content\/uploads\/2024\/06\/rectangle-cake-stand-wholesale-150x150.webp 150w, https:\/\/www.dzwchafingdish.com\/wp-content\/uploads\/2024\/06\/rectangle-cake-stand-wholesale-768x768.webp 768w, https:\/\/www.dzwchafingdish.com\/wp-content\/uploads\/2024\/06\/rectangle-cake-stand-wholesale-12x12.webp 12w","medium_srcset":"https:\/\/www.dzwchafingdish.com\/wp-content\/uploads\/2024\/06\/rectangle-cake-stand-wholesale-300x300.webp 300w, https:\/\/www.dzwchafingdish.com\/wp-content\/uploads\/2024\/06\/rectangle-cake-stand-wholesale-150x150.webp 150w, https:\/\/www.dzwchafingdish.com\/wp-content\/uploads\/2024\/06\/rectangle-cake-stand-wholesale-768x768.webp 768w, https:\/\/www.dzwchafingdish.com\/wp-content\/uploads\/2024\/06\/rectangle-cake-stand-wholesale-12x12.webp 12w, https:\/\/www.dzwchafingdish.com\/wp-content\/uploads\/2024\/06\/rectangle-cake-stand-wholesale.webp 800w","media_details":{"width":800,"height":800,"sizes":{"medium":{"file":"rectangle-cake-stand-wholesale-300x300.webp","width":300,"height":300,"mime-type":"image\/webp","filesize":9694,"source_url":"https:\/\/www.dzwchafingdish.com\/wp-content\/uploads\/2024\/06\/rectangle-cake-stand-wholesale-300x300.webp"},"thumbnail":{"file":"rectangle-cake-stand-wholesale-150x150.webp","width":150,"height":150,"mime-type":"image\/webp","filesize":3910,"source_url":"https:\/\/www.dzwchafingdish.com\/wp-content\/uploads\/2024\/06\/rectangle-cake-stand-wholesale-150x150.webp"},"medium_large":{"file":"rectangle-cake-stand-wholesale-768x768.webp","width":768,"height":768,"mime-type":"image\/webp","filesize":32832,"source_url":"https:\/\/www.dzwchafingdish.com\/wp-content\/uploads\/2024\/06\/rectangle-cake-stand-wholesale-768x768.webp"},"trp-custom-language-flag":{"file":"rectangle-cake-stand-wholesale-12x12.webp","width":12,"height":12,"mime-type":"image\/webp","filesize":118,"source_url":"https:\/\/www.dzwchafingdish.com\/wp-content\/uploads\/2024\/06\/rectangle-cake-stand-wholesale-12x12.webp"}}},"alt_text":"rectangle cake stand wholesale","url":"","target":""},{"id":4542,"title":"rectangle cake stand wholesale4","caption":"rectangle cake stand wholesale","full_image_url":"https:\/\/www.dzwchafingdish.com\/wp-content\/uploads\/2024\/06\/rectangle-cake-stand-wholesale4.webp","thumbnail_image_url":"https:\/\/www.dzwchafingdish.com\/wp-content\/uploads\/2024\/06\/rectangle-cake-stand-wholesale4-150x150.webp","large_srcset":"https:\/\/www.dzwchafingdish.com\/wp-content\/uploads\/2024\/06\/rectangle-cake-stand-wholesale4.webp 800w, https:\/\/www.dzwchafingdish.com\/wp-content\/uploads\/2024\/06\/rectangle-cake-stand-wholesale4-300x300.webp 300w, https:\/\/www.dzwchafingdish.com\/wp-content\/uploads\/2024\/06\/rectangle-cake-stand-wholesale4-150x150.webp 150w, https:\/\/www.dzwchafingdish.com\/wp-content\/uploads\/2024\/06\/rectangle-cake-stand-wholesale4-768x768.webp 768w, https:\/\/www.dzwchafingdish.com\/wp-content\/uploads\/2024\/06\/rectangle-cake-stand-wholesale4-12x12.webp 12w","medium_srcset":"https:\/\/www.dzwchafingdish.com\/wp-content\/uploads\/2024\/06\/rectangle-cake-stand-wholesale4-300x300.webp 300w, https:\/\/www.dzwchafingdish.com\/wp-content\/uploads\/2024\/06\/rectangle-cake-stand-wholesale4-150x150.webp 150w, https:\/\/www.dzwchafingdish.com\/wp-content\/uploads\/2024\/06\/rectangle-cake-stand-wholesale4-768x768.webp 768w, https:\/\/www.dzwchafingdish.com\/wp-content\/uploads\/2024\/06\/rectangle-cake-stand-wholesale4-12x12.webp 12w, https:\/\/www.dzwchafingdish.com\/wp-content\/uploads\/2024\/06\/rectangle-cake-stand-wholesale4.webp 800w","media_details":{"width":800,"height":800,"sizes":{"medium":{"file":"rectangle-cake-stand-wholesale4-300x300.webp","width":300,"height":300,"mime-type":"image\/webp","filesize":3156,"source_url":"https:\/\/www.dzwchafingdish.com\/wp-content\/uploads\/2024\/06\/rectangle-cake-stand-wholesale4-300x300.webp"},"thumbnail":{"file":"rectangle-cake-stand-wholesale4-150x150.webp","width":150,"height":150,"mime-type":"image\/webp","filesize":1402,"source_url":"https:\/\/www.dzwchafingdish.com\/wp-content\/uploads\/2024\/06\/rectangle-cake-stand-wholesale4-150x150.webp"},"medium_large":{"file":"rectangle-cake-stand-wholesale4-768x768.webp","width":768,"height":768,"mime-type":"image\/webp","filesize":10242,"source_url":"https:\/\/www.dzwchafingdish.com\/wp-content\/uploads\/2024\/06\/rectangle-cake-stand-wholesale4-768x768.webp"},"trp-custom-language-flag":{"file":"rectangle-cake-stand-wholesale4-12x12.webp","width":12,"height":12,"mime-type":"image\/webp","filesize":138,"source_url":"https:\/\/www.dzwchafingdish.com\/wp-content\/uploads\/2024\/06\/rectangle-cake-stand-wholesale4-12x12.webp"}}},"alt_text":"rectangle cake stand wholesale","url":"","target":""}]]}},"_links":{"self":[{"href":"https:\/\/www.dzwchafingdish.com\/pt\/wp-json\/wp\/v2\/product\/3810","targetHints":{"allow":["GET"]}}],"collection":[{"href":"https:\/\/www.dzwchafingdish.com\/pt\/wp-json\/wp\/v2\/product"}],"about":[{"href":"https:\/\/www.dzwchafingdish.com\/pt\/wp-json\/wp\/v2\/types\/product"}],"author":[{"embeddable":true,"href":"https:\/\/www.dzwchafingdish.com\/pt\/wp-json\/wp\/v2\/users\/1"}],"version-history":[{"count":0,"href":"https:\/\/www.dzwchafingdish.com\/pt\/wp-json\/wp\/v2\/product\/3810\/revisions"}],"wp:featuredmedia":[{"embeddable":true,"href":"https:\/\/www.dzwchafingdish.com\/pt\/wp-json\/wp\/v2\/media\/4539"}],"wp:attachment":[{"href":"https:\/\/www.dzwchafingdish.com\/pt\/wp-json\/wp\/v2\/media?parent=3810"}],"wp:term":[{"taxonomy":"product-categories","embeddable":true,"href":"https:\/\/www.dzwchafingdish.com\/pt\/wp-json\/wp\/v2\/product-categories?post=3810"},{"taxonomy":"product-tag","embeddable":true,"href":"https:\/\/www.dzwchafingdish.com\/pt\/wp-json\/wp\/v2\/product-tag?post=3810"}],"curies":[{"name":"wp","href":"https:\/\/api.w.org\/{rel}","templated":true}]}}