{"id":3833,"date":"2024-06-12T06:44:20","date_gmt":"2024-06-12T06:44:20","guid":{"rendered":"https:\/\/www.dzwchafingdish.com\/?post_type=product&#038;p=3833"},"modified":"2024-06-12T06:44:22","modified_gmt":"2024-06-12T06:44:22","slug":"cake-display-stand-2","status":"publish","type":"product","link":"https:\/\/www.dzwchafingdish.com\/pt\/product\/cake-display-stand-2\/","title":{"rendered":"Expositor de bolos por atacado Suporte quadrado e de a\u00e7o inoxid\u00e1vel"},"content":{"rendered":"<p><\/p>\n\n\n\n<div class=\"wp-block-columns is-layout-flex wp-container-core-columns-is-layout-28f84493 wp-block-columns-is-layout-flex\">\n<div class=\"wp-block-column is-layout-flow wp-block-column-is-layout-flow\">\n<div class=\"wp-block-columns is-layout-flex wp-container-core-columns-is-layout-28f84493 wp-block-columns-is-layout-flex\">\n<div class=\"wp-block-column is-layout-flow wp-block-column-is-layout-flow\">\n<h2 class=\"wp-block-heading\">Dimens\u00e3o do expositor de bolos<\/h2>\n\n\n\n<figure class=\"wp-block-table\"><table><tbody><tr><td>ITEM NO.<\/td><td>COMPRIMENTO<\/td><td>LARGO<\/td><td>ALTURA<\/td><\/tr><tr><td>DZW-LS01<\/td><td>27 cm<\/td><td>27 cm<\/td><td>30 cm<\/td><\/tr><tr><td>DZW-LS02<\/td><td>25 cm<\/td><td>25m<\/td><td>25 cm<\/td><\/tr><tr><td>DZW-LS03<\/td><td>23 cm<\/td><td>23 cm<\/td><td>20 kg<\/td><\/tr><tr><td>DZW-LS04<\/td><td>21 cm<\/td><td>21 cm<\/td><td>15 kg<\/td><\/tr><tr><td>DZW-LS05<\/td><td>19 cm<\/td><td>19 cm<\/td><td>10 kg<\/td><\/tr><\/tbody><\/table><\/figure>\n<\/div>\n\n\n\n<div class=\"wp-block-column is-layout-flow wp-block-column-is-layout-flow\">\n<figure class=\"wp-block-image aligncenter size-full is-resized\"><img fetchpriority=\"high\" decoding=\"async\" width=\"1024\" height=\"1024\" src=\"https:\/\/www.dzwchafingdish.com\/wp-content\/uploads\/2024\/03\/wedding-cake-stand-5.webp\" alt=\"suporte para bolo de casamento\" class=\"wp-image-3838\" style=\"width:377px;height:auto\" srcset=\"https:\/\/www.dzwchafingdish.com\/wp-content\/uploads\/2024\/03\/wedding-cake-stand-5.webp 1024w, https:\/\/www.dzwchafingdish.com\/wp-content\/uploads\/2024\/03\/wedding-cake-stand-5-300x300.webp 300w, https:\/\/www.dzwchafingdish.com\/wp-content\/uploads\/2024\/03\/wedding-cake-stand-5-150x150.webp 150w, https:\/\/www.dzwchafingdish.com\/wp-content\/uploads\/2024\/03\/wedding-cake-stand-5-768x768.webp 768w\" sizes=\"(max-width: 1024px) 100vw, 1024px\" \/><\/figure>\n<\/div>\n<\/div>\n<\/div>\n<\/div>\n\n\n\n<div class=\"wp-block-columns is-layout-flex wp-container-core-columns-is-layout-28f84493 wp-block-columns-is-layout-flex\">\n<div class=\"wp-block-column is-layout-flow wp-block-column-is-layout-flow\">\n<figure class=\"wp-block-image size-full\"><img decoding=\"async\" width=\"800\" height=\"800\" src=\"https:\/\/www.dzwchafingdish.com\/wp-content\/uploads\/2024\/03\/wedding-cake-stand-4.webp\" alt=\"suporte para bolo de casamento\" class=\"wp-image-3837\" srcset=\"https:\/\/www.dzwchafingdish.com\/wp-content\/uploads\/2024\/03\/wedding-cake-stand-4.webp 800w, https:\/\/www.dzwchafingdish.com\/wp-content\/uploads\/2024\/03\/wedding-cake-stand-4-300x300.webp 300w, https:\/\/www.dzwchafingdish.com\/wp-content\/uploads\/2024\/03\/wedding-cake-stand-4-150x150.webp 150w, https:\/\/www.dzwchafingdish.com\/wp-content\/uploads\/2024\/03\/wedding-cake-stand-4-768x768.webp 768w\" sizes=\"(max-width: 800px) 100vw, 800px\" \/><\/figure>\n<\/div>\n\n\n\n<div class=\"wp-block-column is-layout-flow wp-block-column-is-layout-flow\">\n<h2 class=\"wp-block-heading\">Expositor de bolos Carater\u00edsticas:<\/h2>\n\n\n\n<ul class=\"wp-block-list\">\n<li>Design requintado: A combina\u00e7\u00e3o de um suporte triangular em a\u00e7o inoxid\u00e1vel dourado e de uma placa de cer\u00e2mica revela um aspeto elegante e luxuoso<\/li>\n\n\n\n<li>Suporte est\u00e1vel: O design do suporte triangular proporciona um apoio firme para exibir com seguran\u00e7a v\u00e1rios tamanhos e tipos de bolos de casamento, garantindo a estabilidade e a seguran\u00e7a do bolo.<\/li>\n\n\n\n<li>Material de alta qualidade: fabricado em a\u00e7o inoxid\u00e1vel 201 para maior durabilidade e resist\u00eancia \u00e0 corros\u00e3o<\/li>\n\n\n\n<li>F\u00e1cil de limpar: o material de a\u00e7o inoxid\u00e1vel e a placa de cer\u00e2mica t\u00eam uma superf\u00edcie lisa e uniforme, f\u00e1cil de limpar e manter, proporcionando comodidade.<\/li>\n<\/ul>\n<\/div>\n<\/div>","protected":false},"excerpt":{"rendered":"<p>Dimens\u00e3o do expositor de bolos ITEM NO. COMPRIMENTO LARGURA ALTURA DZW-LS01 27cm 27cm 30cm DZW-LS02 25cm 25m 25cm DZW-LS03 23cm 23cm 20kg DZW-LS04 21cm 21cm 15kg DZW-LS05 19cm 19cm 10kg Expositor de bolos Carater\u00edsticas:<\/p>","protected":false},"author":1,"featured_media":3837,"parent":0,"menu_order":0,"template":"","format":"standard","meta":{"_acf_changed":false,"site-sidebar-layout":"default","site-content-layout":"","ast-site-content-layout":"default","site-content-style":"default","site-sidebar-style":"default","ast-global-header-display":"","ast-banner-title-visibility":"","ast-main-header-display":"","ast-hfb-above-header-display":"","ast-hfb-below-header-display":"","ast-hfb-mobile-header-display":"","site-post-title":"","ast-breadcrumbs-content":"","ast-featured-img":"","footer-sml-layout":"","theme-transparent-header-meta":"","adv-header-id-meta":"","stick-header-meta":"","header-above-stick-meta":"","header-main-stick-meta":"","header-below-stick-meta":"","astra-migrate-meta-layouts":"default","ast-page-background-enabled":"default","ast-page-background-meta":{"desktop":{"background-color":"var(--ast-global-color-4)","background-image":"","background-repeat":"repeat","background-position":"center center","background-size":"auto","background-attachment":"scroll","background-type":"","background-media":"","overlay-type":"","overlay-color":"","overlay-opacity":"","overlay-gradient":""},"tablet":{"background-color":"","background-image":"","background-repeat":"repeat","background-position":"center center","background-size":"auto","background-attachment":"scroll","background-type":"","background-media":"","overlay-type":"","overlay-color":"","overlay-opacity":"","overlay-gradient":""},"mobile":{"background-color":"","background-image":"","background-repeat":"repeat","background-position":"center center","background-size":"auto","background-attachment":"scroll","background-type":"","background-media":"","overlay-type":"","overlay-color":"","overlay-opacity":"","overlay-gradient":""}},"ast-content-background-meta":{"desktop":{"background-color":"var(--ast-global-color-5)","background-image":"","background-repeat":"repeat","background-position":"center center","background-size":"auto","background-attachment":"scroll","background-type":"","background-media":"","overlay-type":"","overlay-color":"","overlay-opacity":"","overlay-gradient":""},"tablet":{"background-color":"var(--ast-global-color-5)","background-image":"","background-repeat":"repeat","background-position":"center center","background-size":"auto","background-attachment":"scroll","background-type":"","background-media":"","overlay-type":"","overlay-color":"","overlay-opacity":"","overlay-gradient":""},"mobile":{"background-color":"var(--ast-global-color-5)","background-image":"","background-repeat":"repeat","background-position":"center center","background-size":"auto","background-attachment":"scroll","background-type":"","background-media":"","overlay-type":"","overlay-color":"","overlay-opacity":"","overlay-gradient":""}},"footnotes":""},"product-categories":[65],"product-tag":[],"class_list":["post-3833","product","type-product","status-publish","format-standard","has-post-thumbnail","hentry","product-categories-dessert-stand"],"acf":{"title":"Expositor de bolos por atacado Suporte quadrado e de a\u00e7o inoxid\u00e1vel","title_source":{"label":"Title","type":"text","formatted_value":"Wholesale Cake Display Stand Square and Stainless Steel Stand"},"short_description":"We wholesale a wide range of exquisite cake display stands, with different square and rectangular shapes, made of high-quality ceramic and stainless steel materials. Suitable for weddings, catering, restaurants, hotels and other occasions.","short_description_source":{"label":"Short description","type":"textarea","formatted_value":"We wholesale a wide range of exquisite cake display stands, with different square and rectangular shapes, made of high-quality ceramic and stainless steel materials. Suitable for weddings, catering, restaurants, hotels and other occasions."},"parameters":"<table border=\"0\" width=\"423\" cellspacing=\"0\" cellpadding=\"0\">\r\n<tbody>\r\n<tr>\r\n<td width=\"166\" height=\"23\">Manufacturer<\/td>\r\n<td width=\"257\">DONGZHAOWEI<\/td>\r\n<\/tr>\r\n<tr>\r\n<td height=\"23\">Material<\/td>\r\n<td>Stainless Steel 201 and Ceramic<\/td>\r\n<\/tr>\r\n<tr>\r\n<td height=\"23\">Tier<\/td>\r\n<td>1tier<\/td>\r\n<\/tr>\r\n<tr>\r\n<td height=\"24\">Color<\/td>\r\n<td>Golden<\/td>\r\n<\/tr>\r\n<tr>\r\n<td height=\"24\">Shape<\/td>\r\n<td>square shape<\/td>\r\n<\/tr>\r\n<tr>\r\n<td height=\"24\">Custom<\/td>\r\n<td>Color\/Logo\/Package<\/td>\r\n<\/tr>\r\n<tr>\r\n<td height=\"24\">MOQ<\/td>\r\n<td>1 Sets<\/td>\r\n<\/tr>\r\n<\/tbody>\r\n<\/table>","parameters_source":{"label":"Parameters","type":"wysiwyg","formatted_value":"<table border=\"0\" width=\"423\" cellspacing=\"0\" cellpadding=\"0\">\n<tbody>\n<tr>\n<td width=\"166\" height=\"23\">Manufacturer<\/td>\n<td width=\"257\">DONGZHAOWEI<\/td>\n<\/tr>\n<tr>\n<td height=\"23\">Material<\/td>\n<td>Stainless Steel 201 and Ceramic<\/td>\n<\/tr>\n<tr>\n<td height=\"23\">Tier<\/td>\n<td>1tier<\/td>\n<\/tr>\n<tr>\n<td height=\"24\">Color<\/td>\n<td>Golden<\/td>\n<\/tr>\n<tr>\n<td height=\"24\">Shape<\/td>\n<td>square shape<\/td>\n<\/tr>\n<tr>\n<td height=\"24\">Custom<\/td>\n<td>Color\/Logo\/Package<\/td>\n<\/tr>\n<tr>\n<td height=\"24\">MOQ<\/td>\n<td>1 Sets<\/td>\n<\/tr>\n<\/tbody>\n<\/table>\n"},"photo_gallery":{"product_gallery":[[{"id":3837,"title":"wedding cake stand (4)","caption":"wedding cake stand","full_image_url":"https:\/\/www.dzwchafingdish.com\/wp-content\/uploads\/2024\/03\/wedding-cake-stand-4.webp","thumbnail_image_url":"https:\/\/www.dzwchafingdish.com\/wp-content\/uploads\/2024\/03\/wedding-cake-stand-4-150x150.webp","large_srcset":"https:\/\/www.dzwchafingdish.com\/wp-content\/uploads\/2024\/03\/wedding-cake-stand-4.webp 800w, https:\/\/www.dzwchafingdish.com\/wp-content\/uploads\/2024\/03\/wedding-cake-stand-4-300x300.webp 300w, https:\/\/www.dzwchafingdish.com\/wp-content\/uploads\/2024\/03\/wedding-cake-stand-4-150x150.webp 150w, https:\/\/www.dzwchafingdish.com\/wp-content\/uploads\/2024\/03\/wedding-cake-stand-4-768x768.webp 768w","medium_srcset":"https:\/\/www.dzwchafingdish.com\/wp-content\/uploads\/2024\/03\/wedding-cake-stand-4-300x300.webp 300w, https:\/\/www.dzwchafingdish.com\/wp-content\/uploads\/2024\/03\/wedding-cake-stand-4-150x150.webp 150w, https:\/\/www.dzwchafingdish.com\/wp-content\/uploads\/2024\/03\/wedding-cake-stand-4-768x768.webp 768w, https:\/\/www.dzwchafingdish.com\/wp-content\/uploads\/2024\/03\/wedding-cake-stand-4.webp 800w","media_details":{"width":800,"height":800,"sizes":{"medium":{"file":"wedding-cake-stand-4-300x300.webp","width":300,"height":300,"mime-type":"image\/webp","filesize":8910,"source_url":"https:\/\/www.dzwchafingdish.com\/wp-content\/uploads\/2024\/03\/wedding-cake-stand-4-300x300.webp"},"thumbnail":{"file":"wedding-cake-stand-4-150x150.webp","width":150,"height":150,"mime-type":"image\/webp","filesize":3206,"source_url":"https:\/\/www.dzwchafingdish.com\/wp-content\/uploads\/2024\/03\/wedding-cake-stand-4-150x150.webp"},"medium_large":{"file":"wedding-cake-stand-4-768x768.webp","width":768,"height":768,"mime-type":"image\/webp","filesize":38786,"source_url":"https:\/\/www.dzwchafingdish.com\/wp-content\/uploads\/2024\/03\/wedding-cake-stand-4-768x768.webp"}}},"alt_text":"wedding cake stand","url":"","target":""},{"id":3838,"title":"wedding cake stand (5)","caption":"wedding cake stand","full_image_url":"https:\/\/www.dzwchafingdish.com\/wp-content\/uploads\/2024\/03\/wedding-cake-stand-5.webp","thumbnail_image_url":"https:\/\/www.dzwchafingdish.com\/wp-content\/uploads\/2024\/03\/wedding-cake-stand-5-150x150.webp","large_srcset":"https:\/\/www.dzwchafingdish.com\/wp-content\/uploads\/2024\/03\/wedding-cake-stand-5.webp 1024w, https:\/\/www.dzwchafingdish.com\/wp-content\/uploads\/2024\/03\/wedding-cake-stand-5-300x300.webp 300w, https:\/\/www.dzwchafingdish.com\/wp-content\/uploads\/2024\/03\/wedding-cake-stand-5-150x150.webp 150w, https:\/\/www.dzwchafingdish.com\/wp-content\/uploads\/2024\/03\/wedding-cake-stand-5-768x768.webp 768w","medium_srcset":"https:\/\/www.dzwchafingdish.com\/wp-content\/uploads\/2024\/03\/wedding-cake-stand-5-300x300.webp 300w, https:\/\/www.dzwchafingdish.com\/wp-content\/uploads\/2024\/03\/wedding-cake-stand-5-150x150.webp 150w, https:\/\/www.dzwchafingdish.com\/wp-content\/uploads\/2024\/03\/wedding-cake-stand-5-768x768.webp 768w, https:\/\/www.dzwchafingdish.com\/wp-content\/uploads\/2024\/03\/wedding-cake-stand-5.webp 1024w","media_details":{"width":1024,"height":1024,"sizes":{"medium":{"file":"wedding-cake-stand-5-300x300.webp","width":300,"height":300,"mime-type":"image\/webp","filesize":5570,"source_url":"https:\/\/www.dzwchafingdish.com\/wp-content\/uploads\/2024\/03\/wedding-cake-stand-5-300x300.webp"},"thumbnail":{"file":"wedding-cake-stand-5-150x150.webp","width":150,"height":150,"mime-type":"image\/webp","filesize":2034,"source_url":"https:\/\/www.dzwchafingdish.com\/wp-content\/uploads\/2024\/03\/wedding-cake-stand-5-150x150.webp"},"medium_large":{"file":"wedding-cake-stand-5-768x768.webp","width":768,"height":768,"mime-type":"image\/webp","filesize":17474,"source_url":"https:\/\/www.dzwchafingdish.com\/wp-content\/uploads\/2024\/03\/wedding-cake-stand-5-768x768.webp"}}},"alt_text":"wedding cake stand","url":"","target":""},{"id":3839,"title":"wedding cake stand (6)","caption":"wedding cake stand","full_image_url":"https:\/\/www.dzwchafingdish.com\/wp-content\/uploads\/2024\/03\/wedding-cake-stand-6.webp","thumbnail_image_url":"https:\/\/www.dzwchafingdish.com\/wp-content\/uploads\/2024\/03\/wedding-cake-stand-6-150x150.webp","large_srcset":"https:\/\/www.dzwchafingdish.com\/wp-content\/uploads\/2024\/03\/wedding-cake-stand-6.webp 1024w, https:\/\/www.dzwchafingdish.com\/wp-content\/uploads\/2024\/03\/wedding-cake-stand-6-300x300.webp 300w, https:\/\/www.dzwchafingdish.com\/wp-content\/uploads\/2024\/03\/wedding-cake-stand-6-150x150.webp 150w, https:\/\/www.dzwchafingdish.com\/wp-content\/uploads\/2024\/03\/wedding-cake-stand-6-768x768.webp 768w","medium_srcset":"https:\/\/www.dzwchafingdish.com\/wp-content\/uploads\/2024\/03\/wedding-cake-stand-6-300x300.webp 300w, https:\/\/www.dzwchafingdish.com\/wp-content\/uploads\/2024\/03\/wedding-cake-stand-6-150x150.webp 150w, https:\/\/www.dzwchafingdish.com\/wp-content\/uploads\/2024\/03\/wedding-cake-stand-6-768x768.webp 768w, https:\/\/www.dzwchafingdish.com\/wp-content\/uploads\/2024\/03\/wedding-cake-stand-6.webp 1024w","media_details":{"width":1024,"height":1024,"sizes":{"medium":{"file":"wedding-cake-stand-6-300x300.webp","width":300,"height":300,"mime-type":"image\/webp","filesize":5476,"source_url":"https:\/\/www.dzwchafingdish.com\/wp-content\/uploads\/2024\/03\/wedding-cake-stand-6-300x300.webp"},"thumbnail":{"file":"wedding-cake-stand-6-150x150.webp","width":150,"height":150,"mime-type":"image\/webp","filesize":1970,"source_url":"https:\/\/www.dzwchafingdish.com\/wp-content\/uploads\/2024\/03\/wedding-cake-stand-6-150x150.webp"},"medium_large":{"file":"wedding-cake-stand-6-768x768.webp","width":768,"height":768,"mime-type":"image\/webp","filesize":16688,"source_url":"https:\/\/www.dzwchafingdish.com\/wp-content\/uploads\/2024\/03\/wedding-cake-stand-6-768x768.webp"}}},"alt_text":"wedding cake stand","url":"","target":""},{"id":3841,"title":"wedding cake stand (8)","caption":"","full_image_url":"https:\/\/www.dzwchafingdish.com\/wp-content\/uploads\/2024\/03\/wedding-cake-stand-8.webp","thumbnail_image_url":"https:\/\/www.dzwchafingdish.com\/wp-content\/uploads\/2024\/03\/wedding-cake-stand-8-150x150.webp","large_srcset":"https:\/\/www.dzwchafingdish.com\/wp-content\/uploads\/2024\/03\/wedding-cake-stand-8.webp 1024w, https:\/\/www.dzwchafingdish.com\/wp-content\/uploads\/2024\/03\/wedding-cake-stand-8-300x300.webp 300w, https:\/\/www.dzwchafingdish.com\/wp-content\/uploads\/2024\/03\/wedding-cake-stand-8-150x150.webp 150w, https:\/\/www.dzwchafingdish.com\/wp-content\/uploads\/2024\/03\/wedding-cake-stand-8-768x768.webp 768w","medium_srcset":"https:\/\/www.dzwchafingdish.com\/wp-content\/uploads\/2024\/03\/wedding-cake-stand-8-300x300.webp 300w, https:\/\/www.dzwchafingdish.com\/wp-content\/uploads\/2024\/03\/wedding-cake-stand-8-150x150.webp 150w, https:\/\/www.dzwchafingdish.com\/wp-content\/uploads\/2024\/03\/wedding-cake-stand-8-768x768.webp 768w, https:\/\/www.dzwchafingdish.com\/wp-content\/uploads\/2024\/03\/wedding-cake-stand-8.webp 1024w","media_details":{"width":1024,"height":1024,"sizes":{"medium":{"file":"wedding-cake-stand-8-300x300.webp","width":300,"height":300,"mime-type":"image\/webp","filesize":4734,"source_url":"https:\/\/www.dzwchafingdish.com\/wp-content\/uploads\/2024\/03\/wedding-cake-stand-8-300x300.webp"},"thumbnail":{"file":"wedding-cake-stand-8-150x150.webp","width":150,"height":150,"mime-type":"image\/webp","filesize":1784,"source_url":"https:\/\/www.dzwchafingdish.com\/wp-content\/uploads\/2024\/03\/wedding-cake-stand-8-150x150.webp"},"medium_large":{"file":"wedding-cake-stand-8-768x768.webp","width":768,"height":768,"mime-type":"image\/webp","filesize":15046,"source_url":"https:\/\/www.dzwchafingdish.com\/wp-content\/uploads\/2024\/03\/wedding-cake-stand-8-768x768.webp"}}},"alt_text":"","url":"","target":""},{"id":3835,"title":"wedding cake stand (2)","caption":"","full_image_url":"https:\/\/www.dzwchafingdish.com\/wp-content\/uploads\/2024\/03\/wedding-cake-stand-2.webp","thumbnail_image_url":"https:\/\/www.dzwchafingdish.com\/wp-content\/uploads\/2024\/03\/wedding-cake-stand-2-150x150.webp","large_srcset":"https:\/\/www.dzwchafingdish.com\/wp-content\/uploads\/2024\/03\/wedding-cake-stand-2.webp 328w, https:\/\/www.dzwchafingdish.com\/wp-content\/uploads\/2024\/03\/wedding-cake-stand-2-300x300.webp 300w, https:\/\/www.dzwchafingdish.com\/wp-content\/uploads\/2024\/03\/wedding-cake-stand-2-150x150.webp 150w","medium_srcset":"https:\/\/www.dzwchafingdish.com\/wp-content\/uploads\/2024\/03\/wedding-cake-stand-2-300x300.webp 300w, https:\/\/www.dzwchafingdish.com\/wp-content\/uploads\/2024\/03\/wedding-cake-stand-2-150x150.webp 150w, https:\/\/www.dzwchafingdish.com\/wp-content\/uploads\/2024\/03\/wedding-cake-stand-2.webp 328w","media_details":{"width":328,"height":328,"sizes":{"medium":{"file":"wedding-cake-stand-2-300x300.webp","width":300,"height":300,"mime-type":"image\/webp","filesize":2752,"source_url":"https:\/\/www.dzwchafingdish.com\/wp-content\/uploads\/2024\/03\/wedding-cake-stand-2-300x300.webp"},"thumbnail":{"file":"wedding-cake-stand-2-150x150.webp","width":150,"height":150,"mime-type":"image\/webp","filesize":1132,"source_url":"https:\/\/www.dzwchafingdish.com\/wp-content\/uploads\/2024\/03\/wedding-cake-stand-2-150x150.webp"}}},"alt_text":"","url":"","target":""},{"id":3834,"title":"wedding cake stand (1)","caption":"wedding cake stand","full_image_url":"https:\/\/www.dzwchafingdish.com\/wp-content\/uploads\/2024\/03\/wedding-cake-stand-1.webp","thumbnail_image_url":"https:\/\/www.dzwchafingdish.com\/wp-content\/uploads\/2024\/03\/wedding-cake-stand-1-150x150.webp","large_srcset":"https:\/\/www.dzwchafingdish.com\/wp-content\/uploads\/2024\/03\/wedding-cake-stand-1.webp 300w, https:\/\/www.dzwchafingdish.com\/wp-content\/uploads\/2024\/03\/wedding-cake-stand-1-150x150.webp 150w","medium_srcset":"https:\/\/www.dzwchafingdish.com\/wp-content\/uploads\/2024\/03\/wedding-cake-stand-1.webp 300w, https:\/\/www.dzwchafingdish.com\/wp-content\/uploads\/2024\/03\/wedding-cake-stand-1-150x150.webp 150w","media_details":{"width":300,"height":300,"sizes":{"thumbnail":{"file":"wedding-cake-stand-1-150x150.webp","width":150,"height":150,"mime-type":"image\/webp","filesize":1070,"source_url":"https:\/\/www.dzwchafingdish.com\/wp-content\/uploads\/2024\/03\/wedding-cake-stand-1-150x150.webp"}}},"alt_text":"wedding cake stand","url":"","target":""}]]}},"_links":{"self":[{"href":"https:\/\/www.dzwchafingdish.com\/pt\/wp-json\/wp\/v2\/product\/3833","targetHints":{"allow":["GET"]}}],"collection":[{"href":"https:\/\/www.dzwchafingdish.com\/pt\/wp-json\/wp\/v2\/product"}],"about":[{"href":"https:\/\/www.dzwchafingdish.com\/pt\/wp-json\/wp\/v2\/types\/product"}],"author":[{"embeddable":true,"href":"https:\/\/www.dzwchafingdish.com\/pt\/wp-json\/wp\/v2\/users\/1"}],"version-history":[{"count":0,"href":"https:\/\/www.dzwchafingdish.com\/pt\/wp-json\/wp\/v2\/product\/3833\/revisions"}],"wp:featuredmedia":[{"embeddable":true,"href":"https:\/\/www.dzwchafingdish.com\/pt\/wp-json\/wp\/v2\/media\/3837"}],"wp:attachment":[{"href":"https:\/\/www.dzwchafingdish.com\/pt\/wp-json\/wp\/v2\/media?parent=3833"}],"wp:term":[{"taxonomy":"product-categories","embeddable":true,"href":"https:\/\/www.dzwchafingdish.com\/pt\/wp-json\/wp\/v2\/product-categories?post=3833"},{"taxonomy":"product-tag","embeddable":true,"href":"https:\/\/www.dzwchafingdish.com\/pt\/wp-json\/wp\/v2\/product-tag?post=3833"}],"curies":[{"name":"wp","href":"https:\/\/api.w.org\/{rel}","templated":true}]}}