{"id":3881,"date":"2024-06-12T07:07:45","date_gmt":"2024-06-12T07:07:45","guid":{"rendered":"https:\/\/www.dzwchafingdish.com\/?post_type=product&#038;p=3881"},"modified":"2024-06-12T07:07:47","modified_gmt":"2024-06-12T07:07:47","slug":"modern-cake-stand","status":"publish","type":"product","link":"https:\/\/www.dzwchafingdish.com\/pt\/product\/modern-cake-stand\/","title":{"rendered":"Cubo de suporte de bolo moderno personalizado para casamento em hotel"},"content":{"rendered":"<div class=\"wp-block-columns is-layout-flex wp-container-core-columns-is-layout-28f84493 wp-block-columns-is-layout-flex\">\n<div class=\"wp-block-column is-layout-flow wp-block-column-is-layout-flow\">\n<h2 class=\"wp-block-heading\">Dimens\u00e3o do suporte para bolos moderno<\/h2>\n\n\n\n<figure class=\"wp-block-table\"><table><tbody><tr><td>TAMANHO<\/td><td>COMPRIMENTO<\/td><td>LARGO<\/td><td>ALTURA<\/td><\/tr><tr><td>Pequeno<\/td><td>15 cm<\/td><td>15 cm<\/td><td>15 kg<\/td><\/tr><tr><td>M\u00e9dio<\/td><td>20 cm<\/td><td>20 cm<\/td><td>20 kg<\/td><\/tr><tr><td>Grande<\/td><td>25 cm<\/td><td>25 cm<\/td><td>25 kg<\/td><\/tr><\/tbody><\/table><\/figure>\n<\/div>\n\n\n\n<div class=\"wp-block-column is-layout-flow wp-block-column-is-layout-flow\">\n<figure class=\"wp-block-image size-full\"><img fetchpriority=\"high\" decoding=\"async\" width=\"1024\" height=\"1024\" src=\"https:\/\/www.dzwchafingdish.com\/wp-content\/uploads\/2024\/03\/IMG_5177.webp\" alt=\"expositor de sobremesas\" class=\"wp-image-3890\" srcset=\"https:\/\/www.dzwchafingdish.com\/wp-content\/uploads\/2024\/03\/IMG_5177.webp 1024w, https:\/\/www.dzwchafingdish.com\/wp-content\/uploads\/2024\/03\/IMG_5177-300x300.webp 300w, https:\/\/www.dzwchafingdish.com\/wp-content\/uploads\/2024\/03\/IMG_5177-150x150.webp 150w, https:\/\/www.dzwchafingdish.com\/wp-content\/uploads\/2024\/03\/IMG_5177-768x768.webp 768w\" sizes=\"(max-width: 1024px) 100vw, 1024px\" \/><\/figure>\n<\/div>\n<\/div>\n\n\n\n<div class=\"wp-block-columns is-layout-flex wp-container-core-columns-is-layout-28f84493 wp-block-columns-is-layout-flex\">\n<div class=\"wp-block-column is-layout-flow wp-block-column-is-layout-flow\">\n<figure class=\"wp-block-image size-full\"><img decoding=\"async\" width=\"945\" height=\"945\" src=\"https:\/\/www.dzwchafingdish.com\/wp-content\/uploads\/2024\/03\/IMG_5180_\u526f\u672c.webp\" alt=\"expositor de sobremesas\" class=\"wp-image-3894\" srcset=\"https:\/\/www.dzwchafingdish.com\/wp-content\/uploads\/2024\/03\/IMG_5180_\u526f\u672c.webp 945w, https:\/\/www.dzwchafingdish.com\/wp-content\/uploads\/2024\/03\/IMG_5180_\u526f\u672c-300x300.webp 300w, https:\/\/www.dzwchafingdish.com\/wp-content\/uploads\/2024\/03\/IMG_5180_\u526f\u672c-150x150.webp 150w, https:\/\/www.dzwchafingdish.com\/wp-content\/uploads\/2024\/03\/IMG_5180_\u526f\u672c-768x768.webp 768w\" sizes=\"(max-width: 945px) 100vw, 945px\" \/><\/figure>\n<\/div>\n\n\n\n<div class=\"wp-block-column is-layout-flow wp-block-column-is-layout-flow\">\n<h2 class=\"wp-block-heading\">Suporte para bolos moderno Carater\u00edsticas:<\/h2>\n\n\n\n<ul class=\"wp-block-list\">\n<li>Design \u00fanico: o design do expositor de sobremesas com uma forma c\u00fabica apresenta um aspeto elegante e moderno.<\/li>\n\n\n\n<li>Ramifica\u00e7\u00e3o em linha reta: a forma apresenta uma ramifica\u00e7\u00e3o em linha reta, apresentando um efeito visual \u00fanico para uma exposi\u00e7\u00e3o de sobremesas.<\/li>\n\n\n\n<li>Utiliza\u00e7\u00e3o multifuncional: para expor v\u00e1rias iguarias, como cupcakes, bolachas, pastelaria, etc. \u00c9 adequado para v\u00e1rias ocasi\u00f5es, como casamentos, festas de anivers\u00e1rio, caf\u00e9s, etc.<\/li>\n\n\n\n<li>Elevada utiliza\u00e7\u00e3o do espa\u00e7o: o design c\u00fabico apresenta o espa\u00e7o de forma mais eficaz, tornando as sobremesas expostas mais limpas e bonitas e melhorando o efeito visual.<\/li>\n<\/ul>\n<\/div>\n<\/div>","protected":false},"excerpt":{"rendered":"<p>Suporte para bolos moderno Dimens\u00e3o TAMANHO COMPRIMENTO LARGURA ALTURA Pequeno 15cm 15cm 15kg M\u00e9dio 20cm 20cm 20kg Grande 25cm 25cm 25kg Suporte para bolos moderno Carater\u00edsticas:<\/p>","protected":false},"author":1,"featured_media":3894,"parent":0,"menu_order":0,"template":"","format":"standard","meta":{"_acf_changed":false,"site-sidebar-layout":"default","site-content-layout":"","ast-site-content-layout":"default","site-content-style":"default","site-sidebar-style":"default","ast-global-header-display":"","ast-banner-title-visibility":"","ast-main-header-display":"","ast-hfb-above-header-display":"","ast-hfb-below-header-display":"","ast-hfb-mobile-header-display":"","site-post-title":"","ast-breadcrumbs-content":"","ast-featured-img":"","footer-sml-layout":"","theme-transparent-header-meta":"","adv-header-id-meta":"","stick-header-meta":"","header-above-stick-meta":"","header-main-stick-meta":"","header-below-stick-meta":"","astra-migrate-meta-layouts":"default","ast-page-background-enabled":"default","ast-page-background-meta":{"desktop":{"background-color":"var(--ast-global-color-4)","background-image":"","background-repeat":"repeat","background-position":"center center","background-size":"auto","background-attachment":"scroll","background-type":"","background-media":"","overlay-type":"","overlay-color":"","overlay-opacity":"","overlay-gradient":""},"tablet":{"background-color":"","background-image":"","background-repeat":"repeat","background-position":"center center","background-size":"auto","background-attachment":"scroll","background-type":"","background-media":"","overlay-type":"","overlay-color":"","overlay-opacity":"","overlay-gradient":""},"mobile":{"background-color":"","background-image":"","background-repeat":"repeat","background-position":"center center","background-size":"auto","background-attachment":"scroll","background-type":"","background-media":"","overlay-type":"","overlay-color":"","overlay-opacity":"","overlay-gradient":""}},"ast-content-background-meta":{"desktop":{"background-color":"var(--ast-global-color-5)","background-image":"","background-repeat":"repeat","background-position":"center center","background-size":"auto","background-attachment":"scroll","background-type":"","background-media":"","overlay-type":"","overlay-color":"","overlay-opacity":"","overlay-gradient":""},"tablet":{"background-color":"var(--ast-global-color-5)","background-image":"","background-repeat":"repeat","background-position":"center center","background-size":"auto","background-attachment":"scroll","background-type":"","background-media":"","overlay-type":"","overlay-color":"","overlay-opacity":"","overlay-gradient":""},"mobile":{"background-color":"var(--ast-global-color-5)","background-image":"","background-repeat":"repeat","background-position":"center center","background-size":"auto","background-attachment":"scroll","background-type":"","background-media":"","overlay-type":"","overlay-color":"","overlay-opacity":"","overlay-gradient":""}},"footnotes":""},"product-categories":[65],"product-tag":[],"class_list":["post-3881","product","type-product","status-publish","format-standard","has-post-thumbnail","hentry","product-categories-dessert-stand"],"acf":{"title":"Cubo de suporte de bolo moderno personalizado para casamento em hotel","title_source":{"label":"Title","type":"text","formatted_value":"Custom Modern Cake Stand Cube for Hotel Wedding"},"short_description":"Factory direct sale modern cake stand, suitable for various occasions such as wedding, birthday party, restaurant or coffee shop. We offer cheap price wholesale program for customers.","short_description_source":{"label":"Short description","type":"textarea","formatted_value":"Factory direct sale modern cake stand, suitable for various occasions such as wedding, birthday party, restaurant or coffee shop. We offer cheap price wholesale program for customers."},"parameters":"<table border=\"0\" width=\"423\" cellspacing=\"0\" cellpadding=\"0\">\r\n<tbody>\r\n<tr>\r\n<td width=\"166\" height=\"23\">Manufacturer<\/td>\r\n<td width=\"257\">DONGZHAOWEI<\/td>\r\n<\/tr>\r\n<tr>\r\n<td height=\"23\">Material<\/td>\r\n<td>Stainless Steel 201 and Ceramic<\/td>\r\n<\/tr>\r\n<tr>\r\n<td height=\"23\">Tier<\/td>\r\n<td>1tier<\/td>\r\n<\/tr>\r\n<tr>\r\n<td height=\"24\">Color<\/td>\r\n<td>Golden\uff1bSilver<\/td>\r\n<\/tr>\r\n<tr>\r\n<td height=\"24\">Shape<\/td>\r\n<td>Square shape<\/td>\r\n<\/tr>\r\n<tr>\r\n<td height=\"24\">Custom<\/td>\r\n<td>Color\/Logo\/Package<\/td>\r\n<\/tr>\r\n<tr>\r\n<td height=\"24\">MOQ<\/td>\r\n<td>1 Sets<\/td>\r\n<\/tr>\r\n<\/tbody>\r\n<\/table>","parameters_source":{"label":"Parameters","type":"wysiwyg","formatted_value":"<table border=\"0\" width=\"423\" cellspacing=\"0\" cellpadding=\"0\">\n<tbody>\n<tr>\n<td width=\"166\" height=\"23\">Manufacturer<\/td>\n<td width=\"257\">DONGZHAOWEI<\/td>\n<\/tr>\n<tr>\n<td height=\"23\">Material<\/td>\n<td>Stainless Steel 201 and Ceramic<\/td>\n<\/tr>\n<tr>\n<td height=\"23\">Tier<\/td>\n<td>1tier<\/td>\n<\/tr>\n<tr>\n<td height=\"24\">Color<\/td>\n<td>Golden\uff1bSilver<\/td>\n<\/tr>\n<tr>\n<td height=\"24\">Shape<\/td>\n<td>Square shape<\/td>\n<\/tr>\n<tr>\n<td height=\"24\">Custom<\/td>\n<td>Color\/Logo\/Package<\/td>\n<\/tr>\n<tr>\n<td height=\"24\">MOQ<\/td>\n<td>1 Sets<\/td>\n<\/tr>\n<\/tbody>\n<\/table>\n"},"photo_gallery":{"product_gallery":[[{"id":3894,"title":"dessert display stand","caption":"dessert display stand","full_image_url":"https:\/\/www.dzwchafingdish.com\/wp-content\/uploads\/2024\/03\/IMG_5180_\u526f\u672c.webp","thumbnail_image_url":"https:\/\/www.dzwchafingdish.com\/wp-content\/uploads\/2024\/03\/IMG_5180_\u526f\u672c-150x150.webp","large_srcset":"https:\/\/www.dzwchafingdish.com\/wp-content\/uploads\/2024\/03\/IMG_5180_\u526f\u672c.webp 945w, https:\/\/www.dzwchafingdish.com\/wp-content\/uploads\/2024\/03\/IMG_5180_\u526f\u672c-300x300.webp 300w, https:\/\/www.dzwchafingdish.com\/wp-content\/uploads\/2024\/03\/IMG_5180_\u526f\u672c-150x150.webp 150w, https:\/\/www.dzwchafingdish.com\/wp-content\/uploads\/2024\/03\/IMG_5180_\u526f\u672c-768x768.webp 768w","medium_srcset":"https:\/\/www.dzwchafingdish.com\/wp-content\/uploads\/2024\/03\/IMG_5180_\u526f\u672c-300x300.webp 300w, https:\/\/www.dzwchafingdish.com\/wp-content\/uploads\/2024\/03\/IMG_5180_\u526f\u672c-150x150.webp 150w, https:\/\/www.dzwchafingdish.com\/wp-content\/uploads\/2024\/03\/IMG_5180_\u526f\u672c-768x768.webp 768w, https:\/\/www.dzwchafingdish.com\/wp-content\/uploads\/2024\/03\/IMG_5180_\u526f\u672c.webp 945w","media_details":{"width":945,"height":945,"sizes":{"medium":{"file":"IMG_5180_\u526f\u672c-300x300.webp","width":300,"height":300,"mime-type":"image\/webp","filesize":22592,"source_url":"https:\/\/www.dzwchafingdish.com\/wp-content\/uploads\/2024\/03\/IMG_5180_\u526f\u672c-300x300.webp"},"thumbnail":{"file":"IMG_5180_\u526f\u672c-150x150.webp","width":150,"height":150,"mime-type":"image\/webp","filesize":7276,"source_url":"https:\/\/www.dzwchafingdish.com\/wp-content\/uploads\/2024\/03\/IMG_5180_\u526f\u672c-150x150.webp"},"medium_large":{"file":"IMG_5180_\u526f\u672c-768x768.webp","width":768,"height":768,"mime-type":"image\/webp","filesize":73708,"source_url":"https:\/\/www.dzwchafingdish.com\/wp-content\/uploads\/2024\/03\/IMG_5180_\u526f\u672c-768x768.webp"}}},"alt_text":"dessert display stand","url":"","target":""},{"id":3887,"title":"dessert display stand","caption":"dessert display stand","full_image_url":"https:\/\/www.dzwchafingdish.com\/wp-content\/uploads\/2024\/03\/IMG_5174.webp","thumbnail_image_url":"https:\/\/www.dzwchafingdish.com\/wp-content\/uploads\/2024\/03\/IMG_5174-150x150.webp","large_srcset":"https:\/\/www.dzwchafingdish.com\/wp-content\/uploads\/2024\/03\/IMG_5174.webp 1024w, https:\/\/www.dzwchafingdish.com\/wp-content\/uploads\/2024\/03\/IMG_5174-300x300.webp 300w, https:\/\/www.dzwchafingdish.com\/wp-content\/uploads\/2024\/03\/IMG_5174-150x150.webp 150w, https:\/\/www.dzwchafingdish.com\/wp-content\/uploads\/2024\/03\/IMG_5174-768x768.webp 768w","medium_srcset":"https:\/\/www.dzwchafingdish.com\/wp-content\/uploads\/2024\/03\/IMG_5174-300x300.webp 300w, https:\/\/www.dzwchafingdish.com\/wp-content\/uploads\/2024\/03\/IMG_5174-150x150.webp 150w, https:\/\/www.dzwchafingdish.com\/wp-content\/uploads\/2024\/03\/IMG_5174-768x768.webp 768w, https:\/\/www.dzwchafingdish.com\/wp-content\/uploads\/2024\/03\/IMG_5174.webp 1024w","media_details":{"width":1024,"height":1024,"sizes":{"medium":{"file":"IMG_5174-300x300.webp","width":300,"height":300,"mime-type":"image\/webp","filesize":11484,"source_url":"https:\/\/www.dzwchafingdish.com\/wp-content\/uploads\/2024\/03\/IMG_5174-300x300.webp"},"thumbnail":{"file":"IMG_5174-150x150.webp","width":150,"height":150,"mime-type":"image\/webp","filesize":3586,"source_url":"https:\/\/www.dzwchafingdish.com\/wp-content\/uploads\/2024\/03\/IMG_5174-150x150.webp"},"medium_large":{"file":"IMG_5174-768x768.webp","width":768,"height":768,"mime-type":"image\/webp","filesize":38670,"source_url":"https:\/\/www.dzwchafingdish.com\/wp-content\/uploads\/2024\/03\/IMG_5174-768x768.webp"}}},"alt_text":"dessert display stand","url":"","target":""},{"id":3888,"title":"dessert display stand","caption":"dessert display stand","full_image_url":"https:\/\/www.dzwchafingdish.com\/wp-content\/uploads\/2024\/03\/IMG_5175.webp","thumbnail_image_url":"https:\/\/www.dzwchafingdish.com\/wp-content\/uploads\/2024\/03\/IMG_5175-150x150.webp","large_srcset":"https:\/\/www.dzwchafingdish.com\/wp-content\/uploads\/2024\/03\/IMG_5175.webp 1024w, https:\/\/www.dzwchafingdish.com\/wp-content\/uploads\/2024\/03\/IMG_5175-300x300.webp 300w, https:\/\/www.dzwchafingdish.com\/wp-content\/uploads\/2024\/03\/IMG_5175-150x150.webp 150w, https:\/\/www.dzwchafingdish.com\/wp-content\/uploads\/2024\/03\/IMG_5175-768x768.webp 768w","medium_srcset":"https:\/\/www.dzwchafingdish.com\/wp-content\/uploads\/2024\/03\/IMG_5175-300x300.webp 300w, https:\/\/www.dzwchafingdish.com\/wp-content\/uploads\/2024\/03\/IMG_5175-150x150.webp 150w, https:\/\/www.dzwchafingdish.com\/wp-content\/uploads\/2024\/03\/IMG_5175-768x768.webp 768w, https:\/\/www.dzwchafingdish.com\/wp-content\/uploads\/2024\/03\/IMG_5175.webp 1024w","media_details":{"width":1024,"height":1024,"sizes":{"medium":{"file":"IMG_5175-300x300.webp","width":300,"height":300,"mime-type":"image\/webp","filesize":9218,"source_url":"https:\/\/www.dzwchafingdish.com\/wp-content\/uploads\/2024\/03\/IMG_5175-300x300.webp"},"thumbnail":{"file":"IMG_5175-150x150.webp","width":150,"height":150,"mime-type":"image\/webp","filesize":2938,"source_url":"https:\/\/www.dzwchafingdish.com\/wp-content\/uploads\/2024\/03\/IMG_5175-150x150.webp"},"medium_large":{"file":"IMG_5175-768x768.webp","width":768,"height":768,"mime-type":"image\/webp","filesize":31810,"source_url":"https:\/\/www.dzwchafingdish.com\/wp-content\/uploads\/2024\/03\/IMG_5175-768x768.webp"}}},"alt_text":"dessert display stand","url":"","target":""},{"id":3892,"title":"dessert display stand","caption":"dessert display stand","full_image_url":"https:\/\/www.dzwchafingdish.com\/wp-content\/uploads\/2024\/03\/IMG_5179.webp","thumbnail_image_url":"https:\/\/www.dzwchafingdish.com\/wp-content\/uploads\/2024\/03\/IMG_5179-150x150.webp","large_srcset":"https:\/\/www.dzwchafingdish.com\/wp-content\/uploads\/2024\/03\/IMG_5179.webp 1024w, https:\/\/www.dzwchafingdish.com\/wp-content\/uploads\/2024\/03\/IMG_5179-300x300.webp 300w, https:\/\/www.dzwchafingdish.com\/wp-content\/uploads\/2024\/03\/IMG_5179-150x150.webp 150w, https:\/\/www.dzwchafingdish.com\/wp-content\/uploads\/2024\/03\/IMG_5179-768x768.webp 768w","medium_srcset":"https:\/\/www.dzwchafingdish.com\/wp-content\/uploads\/2024\/03\/IMG_5179-300x300.webp 300w, https:\/\/www.dzwchafingdish.com\/wp-content\/uploads\/2024\/03\/IMG_5179-150x150.webp 150w, https:\/\/www.dzwchafingdish.com\/wp-content\/uploads\/2024\/03\/IMG_5179-768x768.webp 768w, https:\/\/www.dzwchafingdish.com\/wp-content\/uploads\/2024\/03\/IMG_5179.webp 1024w","media_details":{"width":1024,"height":1024,"sizes":{"medium":{"file":"IMG_5179-300x300.webp","width":300,"height":300,"mime-type":"image\/webp","filesize":5946,"source_url":"https:\/\/www.dzwchafingdish.com\/wp-content\/uploads\/2024\/03\/IMG_5179-300x300.webp"},"thumbnail":{"file":"IMG_5179-150x150.webp","width":150,"height":150,"mime-type":"image\/webp","filesize":1878,"source_url":"https:\/\/www.dzwchafingdish.com\/wp-content\/uploads\/2024\/03\/IMG_5179-150x150.webp"},"medium_large":{"file":"IMG_5179-768x768.webp","width":768,"height":768,"mime-type":"image\/webp","filesize":20806,"source_url":"https:\/\/www.dzwchafingdish.com\/wp-content\/uploads\/2024\/03\/IMG_5179-768x768.webp"}}},"alt_text":"dessert display stand","url":"","target":""},{"id":3885,"title":"dessert display stand","caption":"dessert display stand","full_image_url":"https:\/\/www.dzwchafingdish.com\/wp-content\/uploads\/2024\/03\/IMG_5150.webp","thumbnail_image_url":"https:\/\/www.dzwchafingdish.com\/wp-content\/uploads\/2024\/03\/IMG_5150-150x150.webp","large_srcset":"https:\/\/www.dzwchafingdish.com\/wp-content\/uploads\/2024\/03\/IMG_5150.webp 800w, https:\/\/www.dzwchafingdish.com\/wp-content\/uploads\/2024\/03\/IMG_5150-300x300.webp 300w, https:\/\/www.dzwchafingdish.com\/wp-content\/uploads\/2024\/03\/IMG_5150-150x150.webp 150w, https:\/\/www.dzwchafingdish.com\/wp-content\/uploads\/2024\/03\/IMG_5150-768x768.webp 768w","medium_srcset":"https:\/\/www.dzwchafingdish.com\/wp-content\/uploads\/2024\/03\/IMG_5150-300x300.webp 300w, https:\/\/www.dzwchafingdish.com\/wp-content\/uploads\/2024\/03\/IMG_5150-150x150.webp 150w, https:\/\/www.dzwchafingdish.com\/wp-content\/uploads\/2024\/03\/IMG_5150-768x768.webp 768w, https:\/\/www.dzwchafingdish.com\/wp-content\/uploads\/2024\/03\/IMG_5150.webp 800w","media_details":{"width":800,"height":800,"sizes":{"medium":{"file":"IMG_5150-300x300.webp","width":300,"height":300,"mime-type":"image\/webp","filesize":8028,"source_url":"https:\/\/www.dzwchafingdish.com\/wp-content\/uploads\/2024\/03\/IMG_5150-300x300.webp"},"thumbnail":{"file":"IMG_5150-150x150.webp","width":150,"height":150,"mime-type":"image\/webp","filesize":1840,"source_url":"https:\/\/www.dzwchafingdish.com\/wp-content\/uploads\/2024\/03\/IMG_5150-150x150.webp"},"medium_large":{"file":"IMG_5150-768x768.webp","width":768,"height":768,"mime-type":"image\/webp","filesize":51152,"source_url":"https:\/\/www.dzwchafingdish.com\/wp-content\/uploads\/2024\/03\/IMG_5150-768x768.webp"}}},"alt_text":"dessert display stand","url":"","target":""},{"id":3884,"title":"dessert display stand","caption":"dessert display stand","full_image_url":"https:\/\/www.dzwchafingdish.com\/wp-content\/uploads\/2024\/03\/IMG_5151.webp","thumbnail_image_url":"https:\/\/www.dzwchafingdish.com\/wp-content\/uploads\/2024\/03\/IMG_5151-150x150.webp","large_srcset":"https:\/\/www.dzwchafingdish.com\/wp-content\/uploads\/2024\/03\/IMG_5151.webp 800w, https:\/\/www.dzwchafingdish.com\/wp-content\/uploads\/2024\/03\/IMG_5151-300x300.webp 300w, https:\/\/www.dzwchafingdish.com\/wp-content\/uploads\/2024\/03\/IMG_5151-150x150.webp 150w, https:\/\/www.dzwchafingdish.com\/wp-content\/uploads\/2024\/03\/IMG_5151-768x768.webp 768w","medium_srcset":"https:\/\/www.dzwchafingdish.com\/wp-content\/uploads\/2024\/03\/IMG_5151-300x300.webp 300w, https:\/\/www.dzwchafingdish.com\/wp-content\/uploads\/2024\/03\/IMG_5151-150x150.webp 150w, https:\/\/www.dzwchafingdish.com\/wp-content\/uploads\/2024\/03\/IMG_5151-768x768.webp 768w, https:\/\/www.dzwchafingdish.com\/wp-content\/uploads\/2024\/03\/IMG_5151.webp 800w","media_details":{"width":800,"height":800,"sizes":{"medium":{"file":"IMG_5151-300x300.webp","width":300,"height":300,"mime-type":"image\/webp","filesize":6808,"source_url":"https:\/\/www.dzwchafingdish.com\/wp-content\/uploads\/2024\/03\/IMG_5151-300x300.webp"},"thumbnail":{"file":"IMG_5151-150x150.webp","width":150,"height":150,"mime-type":"image\/webp","filesize":1628,"source_url":"https:\/\/www.dzwchafingdish.com\/wp-content\/uploads\/2024\/03\/IMG_5151-150x150.webp"},"medium_large":{"file":"IMG_5151-768x768.webp","width":768,"height":768,"mime-type":"image\/webp","filesize":44830,"source_url":"https:\/\/www.dzwchafingdish.com\/wp-content\/uploads\/2024\/03\/IMG_5151-768x768.webp"}}},"alt_text":"dessert display stand","url":"","target":""}]]}},"_links":{"self":[{"href":"https:\/\/www.dzwchafingdish.com\/pt\/wp-json\/wp\/v2\/product\/3881","targetHints":{"allow":["GET"]}}],"collection":[{"href":"https:\/\/www.dzwchafingdish.com\/pt\/wp-json\/wp\/v2\/product"}],"about":[{"href":"https:\/\/www.dzwchafingdish.com\/pt\/wp-json\/wp\/v2\/types\/product"}],"author":[{"embeddable":true,"href":"https:\/\/www.dzwchafingdish.com\/pt\/wp-json\/wp\/v2\/users\/1"}],"version-history":[{"count":0,"href":"https:\/\/www.dzwchafingdish.com\/pt\/wp-json\/wp\/v2\/product\/3881\/revisions"}],"wp:featuredmedia":[{"embeddable":true,"href":"https:\/\/www.dzwchafingdish.com\/pt\/wp-json\/wp\/v2\/media\/3894"}],"wp:attachment":[{"href":"https:\/\/www.dzwchafingdish.com\/pt\/wp-json\/wp\/v2\/media?parent=3881"}],"wp:term":[{"taxonomy":"product-categories","embeddable":true,"href":"https:\/\/www.dzwchafingdish.com\/pt\/wp-json\/wp\/v2\/product-categories?post=3881"},{"taxonomy":"product-tag","embeddable":true,"href":"https:\/\/www.dzwchafingdish.com\/pt\/wp-json\/wp\/v2\/product-tag?post=3881"}],"curies":[{"name":"wp","href":"https:\/\/api.w.org\/{rel}","templated":true}]}}