{"id":3923,"date":"2024-04-13T07:26:40","date_gmt":"2024-04-13T07:26:40","guid":{"rendered":"https:\/\/www.dzwchafingdish.com\/?post_type=product&#038;p=3923"},"modified":"2024-06-15T05:19:06","modified_gmt":"2024-06-15T05:19:06","slug":"chafing-food-warmer","status":"publish","type":"product","link":"https:\/\/www.dzwchafingdish.com\/pt\/product\/chafing-food-warmer\/","title":{"rendered":"Aquecedor de alimentos em a\u00e7o inoxid\u00e1vel 6L quadrado com tampa de vidro"},"content":{"rendered":"<div class=\"wp-block-columns is-layout-flex wp-container-core-columns-is-layout-28f84493 wp-block-columns-is-layout-flex\">\n<div class=\"wp-block-column is-vertically-aligned-center is-layout-flow wp-block-column-is-layout-flow\">\n<h2 class=\"wp-block-heading\"><strong>Dimens\u00e3o do aquecedor de alimentos para chafing\u00a0<\/strong><\/h2>\n\n\n\n<figure class=\"wp-block-table\"><table><tbody><tr><td>ITEM NO.<\/td><td>TAMANHO<\/td><td>COMPRIMENTO<\/td><td>LARGO<\/td><td>ALTURA<\/td><td>N.W \/SET<\/td><\/tr><tr><td>DZW-S322<\/td><td>6.0L<\/td><td>43 cm<\/td><td>39 cm<\/td><td>27,5 cm<\/td><td>5500 g<\/td><\/tr><tr><td>DZW-HG322<\/td><td>6.0L<\/td><td>43 cm<\/td><td>39 cm<\/td><td>27,5 cm<\/td><td>5500 g<\/td><\/tr><tr><td>DZW-G322<\/td><td>6.0L<\/td><td>43 cm<\/td><td>39 cm<\/td><td>27,5 cm<\/td><td>5500 g<\/td><\/tr><\/tbody><\/table><\/figure>\n<\/div>\n\n\n\n<div class=\"wp-block-column is-layout-flow wp-block-column-is-layout-flow\">\n<figure class=\"wp-block-image aligncenter size-full is-resized\"><img fetchpriority=\"high\" decoding=\"async\" width=\"1000\" height=\"1000\" src=\"https:\/\/www.dzwchafingdish.com\/wp-content\/uploads\/2024\/03\/wholesale-buffet-pans-4.webp\" alt=\"panelas-buffet por atacado\" class=\"wp-image-3927\" style=\"width:449px;height:auto\" srcset=\"https:\/\/www.dzwchafingdish.com\/wp-content\/uploads\/2024\/03\/wholesale-buffet-pans-4.webp 1000w, https:\/\/www.dzwchafingdish.com\/wp-content\/uploads\/2024\/03\/wholesale-buffet-pans-4-300x300.webp 300w, https:\/\/www.dzwchafingdish.com\/wp-content\/uploads\/2024\/03\/wholesale-buffet-pans-4-150x150.webp 150w, https:\/\/www.dzwchafingdish.com\/wp-content\/uploads\/2024\/03\/wholesale-buffet-pans-4-768x768.webp 768w\" sizes=\"(max-width: 1000px) 100vw, 1000px\" \/><\/figure>\n<\/div>\n<\/div>\n\n\n\n<div class=\"wp-block-columns is-layout-flex wp-container-core-columns-is-layout-28f84493 wp-block-columns-is-layout-flex\">\n<div class=\"wp-block-column is-layout-flow wp-block-column-is-layout-flow\">\n<figure class=\"wp-block-image size-full\"><img decoding=\"async\" width=\"800\" height=\"800\" src=\"https:\/\/www.dzwchafingdish.com\/wp-content\/uploads\/2024\/03\/wholesale-buffet-pans-6.webp\" alt=\"panelas-buffet por atacado\" class=\"wp-image-3929\" srcset=\"https:\/\/www.dzwchafingdish.com\/wp-content\/uploads\/2024\/03\/wholesale-buffet-pans-6.webp 800w, https:\/\/www.dzwchafingdish.com\/wp-content\/uploads\/2024\/03\/wholesale-buffet-pans-6-300x300.webp 300w, https:\/\/www.dzwchafingdish.com\/wp-content\/uploads\/2024\/03\/wholesale-buffet-pans-6-150x150.webp 150w, https:\/\/www.dzwchafingdish.com\/wp-content\/uploads\/2024\/03\/wholesale-buffet-pans-6-768x768.webp 768w\" sizes=\"(max-width: 800px) 100vw, 800px\" \/><\/figure>\n<\/div>\n\n\n\n<div class=\"wp-block-column is-vertically-aligned-center is-layout-flow wp-block-column-is-layout-flow\">\n<h2 class=\"wp-block-heading\"><strong>Carater\u00edsticas o<strong>f Aquecedor de alimentos para chafing<\/strong>:<\/strong><\/h2>\n\n\n\n<ul class=\"wp-block-list\">\n<li>Material de alta qualidade: Estas panelas para buffet s\u00e3o feitas de material de a\u00e7o inoxid\u00e1vel 201 de alta qualidade para garantir a qualidade fi\u00e1vel do produto.<\/li>\n\n\n\n<li>Design de grande capacidade: 6 L de design de grande capacidade, o que \u00e9 suficiente para armazenar uma grande quantidade de alimentos.<\/li>\n\n\n\n<li>Design quadrado: O design quadrado destas panelas para buffet permite uma utiliza\u00e7\u00e3o total do espa\u00e7o e \u00e9 adequado para colocar na mesa para tornar o seu ambiente de refei\u00e7\u00f5es mais arrumado e ordenado.<\/li>\n\n\n\n<li>Pre\u00e7os por grosso: Dispon\u00edvel a pre\u00e7os grossistas com desconto, \u00e9 a sua solu\u00e7\u00e3o de buffet acess\u00edvel.<\/li>\n<\/ul>\n<\/div>\n<\/div>","protected":false},"excerpt":{"rendered":"<p>Dimens\u00e3o do aquecedor de alimentos para chafing ITEM NO. TAMANHO COMPRIMENTO LARGURA ALTURA N.W \/ CONJUNTO DZW-S322 6,0L 43 cm 39 cm 27,5 cm 5500 g DZW-HG322 6,0L 43 cm 39 cm 27,5 cm 5500 g DZW-G322 6,0L 43 cm 39 cm 27,5 cm 5500 g Carater\u00edsticas do aquecedor de alimentos para chafing:<\/p>","protected":false},"author":3,"featured_media":3925,"parent":0,"menu_order":0,"template":"","format":"standard","meta":{"_acf_changed":false,"site-sidebar-layout":"default","site-content-layout":"","ast-site-content-layout":"default","site-content-style":"default","site-sidebar-style":"default","ast-global-header-display":"","ast-banner-title-visibility":"","ast-main-header-display":"","ast-hfb-above-header-display":"","ast-hfb-below-header-display":"","ast-hfb-mobile-header-display":"","site-post-title":"","ast-breadcrumbs-content":"","ast-featured-img":"","footer-sml-layout":"","theme-transparent-header-meta":"","adv-header-id-meta":"","stick-header-meta":"","header-above-stick-meta":"","header-main-stick-meta":"","header-below-stick-meta":"","astra-migrate-meta-layouts":"default","ast-page-background-enabled":"default","ast-page-background-meta":{"desktop":{"background-color":"var(--ast-global-color-4)","background-image":"","background-repeat":"repeat","background-position":"center center","background-size":"auto","background-attachment":"scroll","background-type":"","background-media":"","overlay-type":"","overlay-color":"","overlay-opacity":"","overlay-gradient":""},"tablet":{"background-color":"","background-image":"","background-repeat":"repeat","background-position":"center center","background-size":"auto","background-attachment":"scroll","background-type":"","background-media":"","overlay-type":"","overlay-color":"","overlay-opacity":"","overlay-gradient":""},"mobile":{"background-color":"","background-image":"","background-repeat":"repeat","background-position":"center center","background-size":"auto","background-attachment":"scroll","background-type":"","background-media":"","overlay-type":"","overlay-color":"","overlay-opacity":"","overlay-gradient":""}},"ast-content-background-meta":{"desktop":{"background-color":"var(--ast-global-color-5)","background-image":"","background-repeat":"repeat","background-position":"center center","background-size":"auto","background-attachment":"scroll","background-type":"","background-media":"","overlay-type":"","overlay-color":"","overlay-opacity":"","overlay-gradient":""},"tablet":{"background-color":"var(--ast-global-color-5)","background-image":"","background-repeat":"repeat","background-position":"center center","background-size":"auto","background-attachment":"scroll","background-type":"","background-media":"","overlay-type":"","overlay-color":"","overlay-opacity":"","overlay-gradient":""},"mobile":{"background-color":"var(--ast-global-color-5)","background-image":"","background-repeat":"repeat","background-position":"center center","background-size":"auto","background-attachment":"scroll","background-type":"","background-media":"","overlay-type":"","overlay-color":"","overlay-opacity":"","overlay-gradient":""}},"footnotes":""},"product-categories":[63],"product-tag":[95,96,89,90],"class_list":["post-3923","product","type-product","status-publish","format-standard","has-post-thumbnail","hentry","product-categories-chafing-dish","product-tag-chafing-dish-with-glass-lid","product-tag-chafing-dish-with-hinged-lid","product-tag-electric-chafing-dish","product-tag-fuel-chafing-dish"],"acf":{"title":"Aquecedor de alimentos em a\u00e7o inoxid\u00e1vel 6L quadrado com tampa de vidro","title_source":{"label":"Title","type":"text","formatted_value":"Stainless Steel Chafing Food Warmer 6L Square with Glass Lid"},"short_description":"As chafing dish manufacturer, we offer OEM and ODM services. Welcome to order Chafing Food Warmer in bulk, it is stainless steel durable material, support fuel and electric heating, suitable for restaurants, hotels, weddings and other catering use.","short_description_source":{"label":"Short description","type":"textarea","formatted_value":"As chafing dish manufacturer, we offer OEM and ODM services. Welcome to order Chafing Food Warmer in bulk, it is stainless steel durable material, support fuel and electric heating, suitable for restaurants, hotels, weddings and other catering use."},"parameters":"<table border=\"0\" width=\"275\" cellspacing=\"0\" cellpadding=\"0\">\r\n<tbody>\r\n<tr>\r\n<td width=\"108\" height=\"17\">Manufacturer<\/td>\r\n<td width=\"167\">DONGZHAOWEI<\/td>\r\n<\/tr>\r\n<tr>\r\n<td height=\"17\">Material<\/td>\r\n<td>Stainless Steel 201<\/td>\r\n<\/tr>\r\n<tr>\r\n<td height=\"17\">Capacity<\/td>\r\n<td>6.0L<\/td>\r\n<\/tr>\r\n<tr>\r\n<td height=\"17\">Color<\/td>\r\n<td>Golden\/ Half Golden\/ Silver<\/td>\r\n<\/tr>\r\n<tr>\r\n<td height=\"17\">Design<\/td>\r\n<td>Square<\/td>\r\n<\/tr>\r\n<tr>\r\n<td height=\"17\">Tray<\/td>\r\n<td>No divided \/ Divided tray<\/td>\r\n<\/tr>\r\n<tr>\r\n<td height=\"17\">Lid type<\/td>\r\n<td>Hinged lid<\/td>\r\n<\/tr>\r\n<tr>\r\n<td height=\"17\">Heat<\/td>\r\n<td>Fuel\/Electric<\/td>\r\n<\/tr>\r\n<tr>\r\n<td height=\"17\">Custom<\/td>\r\n<td>Color\/Logo\/Package<\/td>\r\n<\/tr>\r\n<\/tbody>\r\n<\/table>","parameters_source":{"label":"Parameters","type":"wysiwyg","formatted_value":"<table border=\"0\" width=\"275\" cellspacing=\"0\" cellpadding=\"0\">\n<tbody>\n<tr>\n<td width=\"108\" height=\"17\">Manufacturer<\/td>\n<td width=\"167\">DONGZHAOWEI<\/td>\n<\/tr>\n<tr>\n<td height=\"17\">Material<\/td>\n<td>Stainless Steel 201<\/td>\n<\/tr>\n<tr>\n<td height=\"17\">Capacity<\/td>\n<td>6.0L<\/td>\n<\/tr>\n<tr>\n<td height=\"17\">Color<\/td>\n<td>Golden\/ Half Golden\/ Silver<\/td>\n<\/tr>\n<tr>\n<td height=\"17\">Design<\/td>\n<td>Square<\/td>\n<\/tr>\n<tr>\n<td height=\"17\">Tray<\/td>\n<td>No divided \/ Divided tray<\/td>\n<\/tr>\n<tr>\n<td height=\"17\">Lid type<\/td>\n<td>Hinged lid<\/td>\n<\/tr>\n<tr>\n<td height=\"17\">Heat<\/td>\n<td>Fuel\/Electric<\/td>\n<\/tr>\n<tr>\n<td height=\"17\">Custom<\/td>\n<td>Color\/Logo\/Package<\/td>\n<\/tr>\n<\/tbody>\n<\/table>\n"},"photo_gallery":{"product_gallery":[[{"id":3925,"title":"wholesale-buffet-pans-2","caption":"wholesale-buffet-pans","full_image_url":"https:\/\/www.dzwchafingdish.com\/wp-content\/uploads\/2024\/03\/wholesale-buffet-pans-2.webp","thumbnail_image_url":"https:\/\/www.dzwchafingdish.com\/wp-content\/uploads\/2024\/03\/wholesale-buffet-pans-2-150x150.webp","large_srcset":"https:\/\/www.dzwchafingdish.com\/wp-content\/uploads\/2024\/03\/wholesale-buffet-pans-2.webp 1000w, https:\/\/www.dzwchafingdish.com\/wp-content\/uploads\/2024\/03\/wholesale-buffet-pans-2-300x300.webp 300w, https:\/\/www.dzwchafingdish.com\/wp-content\/uploads\/2024\/03\/wholesale-buffet-pans-2-150x150.webp 150w, https:\/\/www.dzwchafingdish.com\/wp-content\/uploads\/2024\/03\/wholesale-buffet-pans-2-768x768.webp 768w","medium_srcset":"https:\/\/www.dzwchafingdish.com\/wp-content\/uploads\/2024\/03\/wholesale-buffet-pans-2-300x300.webp 300w, https:\/\/www.dzwchafingdish.com\/wp-content\/uploads\/2024\/03\/wholesale-buffet-pans-2-150x150.webp 150w, https:\/\/www.dzwchafingdish.com\/wp-content\/uploads\/2024\/03\/wholesale-buffet-pans-2-768x768.webp 768w, https:\/\/www.dzwchafingdish.com\/wp-content\/uploads\/2024\/03\/wholesale-buffet-pans-2.webp 1000w","media_details":{"width":1000,"height":1000,"sizes":{"medium":{"file":"wholesale-buffet-pans-2-300x300.webp","width":300,"height":300,"mime-type":"image\/webp","filesize":7212,"source_url":"https:\/\/www.dzwchafingdish.com\/wp-content\/uploads\/2024\/03\/wholesale-buffet-pans-2-300x300.webp"},"thumbnail":{"file":"wholesale-buffet-pans-2-150x150.webp","width":150,"height":150,"mime-type":"image\/webp","filesize":2834,"source_url":"https:\/\/www.dzwchafingdish.com\/wp-content\/uploads\/2024\/03\/wholesale-buffet-pans-2-150x150.webp"},"medium_large":{"file":"wholesale-buffet-pans-2-768x768.webp","width":768,"height":768,"mime-type":"image\/webp","filesize":25964,"source_url":"https:\/\/www.dzwchafingdish.com\/wp-content\/uploads\/2024\/03\/wholesale-buffet-pans-2-768x768.webp"}}},"alt_text":"wholesale-buffet-pans","url":"","target":""},{"id":3926,"title":"wholesale-buffet-pans-3","caption":"wholesale-buffet-pans","full_image_url":"https:\/\/www.dzwchafingdish.com\/wp-content\/uploads\/2024\/03\/wholesale-buffet-pans-3.webp","thumbnail_image_url":"https:\/\/www.dzwchafingdish.com\/wp-content\/uploads\/2024\/03\/wholesale-buffet-pans-3-150x150.webp","large_srcset":"https:\/\/www.dzwchafingdish.com\/wp-content\/uploads\/2024\/03\/wholesale-buffet-pans-3.webp 800w, https:\/\/www.dzwchafingdish.com\/wp-content\/uploads\/2024\/03\/wholesale-buffet-pans-3-300x300.webp 300w, https:\/\/www.dzwchafingdish.com\/wp-content\/uploads\/2024\/03\/wholesale-buffet-pans-3-150x150.webp 150w, https:\/\/www.dzwchafingdish.com\/wp-content\/uploads\/2024\/03\/wholesale-buffet-pans-3-768x768.webp 768w","medium_srcset":"https:\/\/www.dzwchafingdish.com\/wp-content\/uploads\/2024\/03\/wholesale-buffet-pans-3-300x300.webp 300w, https:\/\/www.dzwchafingdish.com\/wp-content\/uploads\/2024\/03\/wholesale-buffet-pans-3-150x150.webp 150w, https:\/\/www.dzwchafingdish.com\/wp-content\/uploads\/2024\/03\/wholesale-buffet-pans-3-768x768.webp 768w, https:\/\/www.dzwchafingdish.com\/wp-content\/uploads\/2024\/03\/wholesale-buffet-pans-3.webp 800w","media_details":{"width":800,"height":800,"sizes":{"medium":{"file":"wholesale-buffet-pans-3-300x300.webp","width":300,"height":300,"mime-type":"image\/webp","filesize":9056,"source_url":"https:\/\/www.dzwchafingdish.com\/wp-content\/uploads\/2024\/03\/wholesale-buffet-pans-3-300x300.webp"},"thumbnail":{"file":"wholesale-buffet-pans-3-150x150.webp","width":150,"height":150,"mime-type":"image\/webp","filesize":3304,"source_url":"https:\/\/www.dzwchafingdish.com\/wp-content\/uploads\/2024\/03\/wholesale-buffet-pans-3-150x150.webp"},"medium_large":{"file":"wholesale-buffet-pans-3-768x768.webp","width":768,"height":768,"mime-type":"image\/webp","filesize":34298,"source_url":"https:\/\/www.dzwchafingdish.com\/wp-content\/uploads\/2024\/03\/wholesale-buffet-pans-3-768x768.webp"}}},"alt_text":"wholesale-buffet-pans","url":"","target":""},{"id":3924,"title":"wholesale-buffet-pans-1","caption":"wholesale-buffet-pans","full_image_url":"https:\/\/www.dzwchafingdish.com\/wp-content\/uploads\/2024\/03\/wholesale-buffet-pans-1.webp","thumbnail_image_url":"https:\/\/www.dzwchafingdish.com\/wp-content\/uploads\/2024\/03\/wholesale-buffet-pans-1-150x150.webp","large_srcset":"https:\/\/www.dzwchafingdish.com\/wp-content\/uploads\/2024\/03\/wholesale-buffet-pans-1.webp 800w, https:\/\/www.dzwchafingdish.com\/wp-content\/uploads\/2024\/03\/wholesale-buffet-pans-1-300x300.webp 300w, https:\/\/www.dzwchafingdish.com\/wp-content\/uploads\/2024\/03\/wholesale-buffet-pans-1-150x150.webp 150w, https:\/\/www.dzwchafingdish.com\/wp-content\/uploads\/2024\/03\/wholesale-buffet-pans-1-768x768.webp 768w","medium_srcset":"https:\/\/www.dzwchafingdish.com\/wp-content\/uploads\/2024\/03\/wholesale-buffet-pans-1-300x300.webp 300w, https:\/\/www.dzwchafingdish.com\/wp-content\/uploads\/2024\/03\/wholesale-buffet-pans-1-150x150.webp 150w, https:\/\/www.dzwchafingdish.com\/wp-content\/uploads\/2024\/03\/wholesale-buffet-pans-1-768x768.webp 768w, https:\/\/www.dzwchafingdish.com\/wp-content\/uploads\/2024\/03\/wholesale-buffet-pans-1.webp 800w","media_details":{"width":800,"height":800,"sizes":{"medium":{"file":"wholesale-buffet-pans-1-300x300.webp","width":300,"height":300,"mime-type":"image\/webp","filesize":9998,"source_url":"https:\/\/www.dzwchafingdish.com\/wp-content\/uploads\/2024\/03\/wholesale-buffet-pans-1-300x300.webp"},"thumbnail":{"file":"wholesale-buffet-pans-1-150x150.webp","width":150,"height":150,"mime-type":"image\/webp","filesize":3688,"source_url":"https:\/\/www.dzwchafingdish.com\/wp-content\/uploads\/2024\/03\/wholesale-buffet-pans-1-150x150.webp"},"medium_large":{"file":"wholesale-buffet-pans-1-768x768.webp","width":768,"height":768,"mime-type":"image\/webp","filesize":36674,"source_url":"https:\/\/www.dzwchafingdish.com\/wp-content\/uploads\/2024\/03\/wholesale-buffet-pans-1-768x768.webp"}}},"alt_text":"wholesale-buffet-pans","url":"","target":""},{"id":3927,"title":"wholesale-buffet-pans-4","caption":"wholesale-buffet-pans","full_image_url":"https:\/\/www.dzwchafingdish.com\/wp-content\/uploads\/2024\/03\/wholesale-buffet-pans-4.webp","thumbnail_image_url":"https:\/\/www.dzwchafingdish.com\/wp-content\/uploads\/2024\/03\/wholesale-buffet-pans-4-150x150.webp","large_srcset":"https:\/\/www.dzwchafingdish.com\/wp-content\/uploads\/2024\/03\/wholesale-buffet-pans-4.webp 1000w, https:\/\/www.dzwchafingdish.com\/wp-content\/uploads\/2024\/03\/wholesale-buffet-pans-4-300x300.webp 300w, https:\/\/www.dzwchafingdish.com\/wp-content\/uploads\/2024\/03\/wholesale-buffet-pans-4-150x150.webp 150w, https:\/\/www.dzwchafingdish.com\/wp-content\/uploads\/2024\/03\/wholesale-buffet-pans-4-768x768.webp 768w","medium_srcset":"https:\/\/www.dzwchafingdish.com\/wp-content\/uploads\/2024\/03\/wholesale-buffet-pans-4-300x300.webp 300w, https:\/\/www.dzwchafingdish.com\/wp-content\/uploads\/2024\/03\/wholesale-buffet-pans-4-150x150.webp 150w, https:\/\/www.dzwchafingdish.com\/wp-content\/uploads\/2024\/03\/wholesale-buffet-pans-4-768x768.webp 768w, https:\/\/www.dzwchafingdish.com\/wp-content\/uploads\/2024\/03\/wholesale-buffet-pans-4.webp 1000w","media_details":{"width":1000,"height":1000,"sizes":{"medium":{"file":"wholesale-buffet-pans-4-300x300.webp","width":300,"height":300,"mime-type":"image\/webp","filesize":7892,"source_url":"https:\/\/www.dzwchafingdish.com\/wp-content\/uploads\/2024\/03\/wholesale-buffet-pans-4-300x300.webp"},"thumbnail":{"file":"wholesale-buffet-pans-4-150x150.webp","width":150,"height":150,"mime-type":"image\/webp","filesize":3038,"source_url":"https:\/\/www.dzwchafingdish.com\/wp-content\/uploads\/2024\/03\/wholesale-buffet-pans-4-150x150.webp"},"medium_large":{"file":"wholesale-buffet-pans-4-768x768.webp","width":768,"height":768,"mime-type":"image\/webp","filesize":27696,"source_url":"https:\/\/www.dzwchafingdish.com\/wp-content\/uploads\/2024\/03\/wholesale-buffet-pans-4-768x768.webp"}}},"alt_text":"wholesale-buffet-pans","url":"","target":""},{"id":3929,"title":"wholesale-buffet-pans-6","caption":"wholesale-buffet-pans","full_image_url":"https:\/\/www.dzwchafingdish.com\/wp-content\/uploads\/2024\/03\/wholesale-buffet-pans-6.webp","thumbnail_image_url":"https:\/\/www.dzwchafingdish.com\/wp-content\/uploads\/2024\/03\/wholesale-buffet-pans-6-150x150.webp","large_srcset":"https:\/\/www.dzwchafingdish.com\/wp-content\/uploads\/2024\/03\/wholesale-buffet-pans-6.webp 800w, https:\/\/www.dzwchafingdish.com\/wp-content\/uploads\/2024\/03\/wholesale-buffet-pans-6-300x300.webp 300w, https:\/\/www.dzwchafingdish.com\/wp-content\/uploads\/2024\/03\/wholesale-buffet-pans-6-150x150.webp 150w, https:\/\/www.dzwchafingdish.com\/wp-content\/uploads\/2024\/03\/wholesale-buffet-pans-6-768x768.webp 768w","medium_srcset":"https:\/\/www.dzwchafingdish.com\/wp-content\/uploads\/2024\/03\/wholesale-buffet-pans-6-300x300.webp 300w, https:\/\/www.dzwchafingdish.com\/wp-content\/uploads\/2024\/03\/wholesale-buffet-pans-6-150x150.webp 150w, https:\/\/www.dzwchafingdish.com\/wp-content\/uploads\/2024\/03\/wholesale-buffet-pans-6-768x768.webp 768w, https:\/\/www.dzwchafingdish.com\/wp-content\/uploads\/2024\/03\/wholesale-buffet-pans-6.webp 800w","media_details":{"width":800,"height":800,"sizes":{"medium":{"file":"wholesale-buffet-pans-6-300x300.webp","width":300,"height":300,"mime-type":"image\/webp","filesize":7918,"source_url":"https:\/\/www.dzwchafingdish.com\/wp-content\/uploads\/2024\/03\/wholesale-buffet-pans-6-300x300.webp"},"thumbnail":{"file":"wholesale-buffet-pans-6-150x150.webp","width":150,"height":150,"mime-type":"image\/webp","filesize":2912,"source_url":"https:\/\/www.dzwchafingdish.com\/wp-content\/uploads\/2024\/03\/wholesale-buffet-pans-6-150x150.webp"},"medium_large":{"file":"wholesale-buffet-pans-6-768x768.webp","width":768,"height":768,"mime-type":"image\/webp","filesize":28824,"source_url":"https:\/\/www.dzwchafingdish.com\/wp-content\/uploads\/2024\/03\/wholesale-buffet-pans-6-768x768.webp"}}},"alt_text":"wholesale-buffet-pans","url":"","target":""},{"id":3928,"title":"wholesale-buffet-pans-5","caption":"wholesale-buffet-pans","full_image_url":"https:\/\/www.dzwchafingdish.com\/wp-content\/uploads\/2024\/03\/wholesale-buffet-pans-5.webp","thumbnail_image_url":"https:\/\/www.dzwchafingdish.com\/wp-content\/uploads\/2024\/03\/wholesale-buffet-pans-5-150x150.webp","large_srcset":"https:\/\/www.dzwchafingdish.com\/wp-content\/uploads\/2024\/03\/wholesale-buffet-pans-5.webp 1000w, https:\/\/www.dzwchafingdish.com\/wp-content\/uploads\/2024\/03\/wholesale-buffet-pans-5-300x300.webp 300w, https:\/\/www.dzwchafingdish.com\/wp-content\/uploads\/2024\/03\/wholesale-buffet-pans-5-150x150.webp 150w, https:\/\/www.dzwchafingdish.com\/wp-content\/uploads\/2024\/03\/wholesale-buffet-pans-5-768x768.webp 768w","medium_srcset":"https:\/\/www.dzwchafingdish.com\/wp-content\/uploads\/2024\/03\/wholesale-buffet-pans-5-300x300.webp 300w, https:\/\/www.dzwchafingdish.com\/wp-content\/uploads\/2024\/03\/wholesale-buffet-pans-5-150x150.webp 150w, https:\/\/www.dzwchafingdish.com\/wp-content\/uploads\/2024\/03\/wholesale-buffet-pans-5-768x768.webp 768w, https:\/\/www.dzwchafingdish.com\/wp-content\/uploads\/2024\/03\/wholesale-buffet-pans-5.webp 1000w","media_details":{"width":1000,"height":1000,"sizes":{"medium":{"file":"wholesale-buffet-pans-5-300x300.webp","width":300,"height":300,"mime-type":"image\/webp","filesize":6676,"source_url":"https:\/\/www.dzwchafingdish.com\/wp-content\/uploads\/2024\/03\/wholesale-buffet-pans-5-300x300.webp"},"thumbnail":{"file":"wholesale-buffet-pans-5-150x150.webp","width":150,"height":150,"mime-type":"image\/webp","filesize":2454,"source_url":"https:\/\/www.dzwchafingdish.com\/wp-content\/uploads\/2024\/03\/wholesale-buffet-pans-5-150x150.webp"},"medium_large":{"file":"wholesale-buffet-pans-5-768x768.webp","width":768,"height":768,"mime-type":"image\/webp","filesize":24184,"source_url":"https:\/\/www.dzwchafingdish.com\/wp-content\/uploads\/2024\/03\/wholesale-buffet-pans-5-768x768.webp"}}},"alt_text":"wholesale-buffet-pans","url":"","target":""}]]}},"_links":{"self":[{"href":"https:\/\/www.dzwchafingdish.com\/pt\/wp-json\/wp\/v2\/product\/3923","targetHints":{"allow":["GET"]}}],"collection":[{"href":"https:\/\/www.dzwchafingdish.com\/pt\/wp-json\/wp\/v2\/product"}],"about":[{"href":"https:\/\/www.dzwchafingdish.com\/pt\/wp-json\/wp\/v2\/types\/product"}],"author":[{"embeddable":true,"href":"https:\/\/www.dzwchafingdish.com\/pt\/wp-json\/wp\/v2\/users\/3"}],"version-history":[{"count":0,"href":"https:\/\/www.dzwchafingdish.com\/pt\/wp-json\/wp\/v2\/product\/3923\/revisions"}],"wp:featuredmedia":[{"embeddable":true,"href":"https:\/\/www.dzwchafingdish.com\/pt\/wp-json\/wp\/v2\/media\/3925"}],"wp:attachment":[{"href":"https:\/\/www.dzwchafingdish.com\/pt\/wp-json\/wp\/v2\/media?parent=3923"}],"wp:term":[{"taxonomy":"product-categories","embeddable":true,"href":"https:\/\/www.dzwchafingdish.com\/pt\/wp-json\/wp\/v2\/product-categories?post=3923"},{"taxonomy":"product-tag","embeddable":true,"href":"https:\/\/www.dzwchafingdish.com\/pt\/wp-json\/wp\/v2\/product-tag?post=3923"}],"curies":[{"name":"wp","href":"https:\/\/api.w.org\/{rel}","templated":true}]}}