{"id":3987,"date":"2024-04-11T13:07:38","date_gmt":"2024-04-11T13:07:38","guid":{"rendered":"https:\/\/www.dzwchafingdish.com\/?post_type=product&#038;p=3987"},"modified":"2024-06-15T05:11:35","modified_gmt":"2024-06-15T05:11:35","slug":"pyrex-chafing-dish","status":"publish","type":"product","link":"https:\/\/www.dzwchafingdish.com\/pt\/product\/pyrex-chafing-dish\/","title":{"rendered":"Prato para assar pirex retangular 2L com tampa"},"content":{"rendered":"<div class=\"wp-block-columns is-layout-flex wp-container-core-columns-is-layout-28f84493 wp-block-columns-is-layout-flex\">\n<div class=\"wp-block-column is-layout-flow wp-block-column-is-layout-flow\">\n<h2 class=\"wp-block-heading\"><strong>Dimens\u00e3o da travessa Pyrex<\/strong><\/h2>\n\n\n\n<figure class=\"wp-block-table\"><table><tbody><tr><td>ITEM NO.<\/td><td>TAMANHO<\/td><td>COMPRIMENTO<\/td><td>LARGO<\/td><td>ALTURA<\/td><td>N.W \/SET<\/td><\/tr><tr><td>DZW-RA01<\/td><td>2.0L<\/td><td>43 cm<\/td><td>23 cm<\/td><td>14 cm<\/td><td>2600 g<\/td><\/tr><tr><td>DZW-RA02<\/td><td>2.0L<\/td><td>43 cm<\/td><td>23 cm<\/td><td>14 cm<\/td><td>2600 g<\/td><\/tr><\/tbody><\/table><\/figure>\n<\/div>\n\n\n\n<div class=\"wp-block-column is-layout-flow wp-block-column-is-layout-flow\">\n<figure class=\"wp-block-image aligncenter size-full is-resized\"><img fetchpriority=\"high\" decoding=\"async\" width=\"800\" height=\"800\" src=\"https:\/\/www.dzwchafingdish.com\/wp-content\/uploads\/2024\/04\/custom-chafing-dish-set-1.webp\" alt=\"conjunto de pratos personalizados-1\" class=\"wp-image-3988\" style=\"width:457px;height:auto\" srcset=\"https:\/\/www.dzwchafingdish.com\/wp-content\/uploads\/2024\/04\/custom-chafing-dish-set-1.webp 800w, https:\/\/www.dzwchafingdish.com\/wp-content\/uploads\/2024\/04\/custom-chafing-dish-set-1-300x300.webp 300w, https:\/\/www.dzwchafingdish.com\/wp-content\/uploads\/2024\/04\/custom-chafing-dish-set-1-150x150.webp 150w, https:\/\/www.dzwchafingdish.com\/wp-content\/uploads\/2024\/04\/custom-chafing-dish-set-1-768x768.webp 768w\" sizes=\"(max-width: 800px) 100vw, 800px\" \/><\/figure>\n<\/div>\n<\/div>\n\n\n\n<div class=\"wp-block-columns is-layout-flex wp-container-core-columns-is-layout-28f84493 wp-block-columns-is-layout-flex\">\n<div class=\"wp-block-column is-layout-flow wp-block-column-is-layout-flow\">\n<figure class=\"wp-block-image size-full\"><img decoding=\"async\" width=\"3024\" height=\"3024\" src=\"https:\/\/www.dzwchafingdish.com\/wp-content\/uploads\/2024\/04\/custom-chafing-dish-set-3.webp\" alt=\"conjunto de prato personalizado\" class=\"wp-image-3990\" srcset=\"https:\/\/www.dzwchafingdish.com\/wp-content\/uploads\/2024\/04\/custom-chafing-dish-set-3.webp 3024w, https:\/\/www.dzwchafingdish.com\/wp-content\/uploads\/2024\/04\/custom-chafing-dish-set-3-300x300.webp 300w, https:\/\/www.dzwchafingdish.com\/wp-content\/uploads\/2024\/04\/custom-chafing-dish-set-3-150x150.webp 150w, https:\/\/www.dzwchafingdish.com\/wp-content\/uploads\/2024\/04\/custom-chafing-dish-set-3-768x768.webp 768w\" sizes=\"(max-width: 3024px) 100vw, 3024px\" \/><\/figure>\n<\/div>\n\n\n\n<div class=\"wp-block-column is-layout-flow wp-block-column-is-layout-flow\">\n<h2 class=\"wp-block-heading\"><strong>Carater\u00edsticas do Prato para Chafing Pyrex:<\/strong><\/h2>\n\n\n\n<ul class=\"wp-block-list\">\n<li>Materiais de alta qualidade: Este conjunto de pratos para chafing \u00e9 feito de a\u00e7o inoxid\u00e1vel 304 de qualidade alimentar e materiais de vidro para garantir o isolamento dos alimentos.<\/li>\n\n\n\n<li>Aspeto requintado: Com um design retangular e um aspeto luxuoso, este conjunto de pratos para chafing acrescenta um toque profissional e uma atmosfera de alta qualidade a qualquer ocasi\u00e3o.<\/li>\n\n\n\n<li>Capacidade moderada: design com capacidade de 2L, tornando-o adequado para pequenas cafetarias ou banquetes, satisfazendo as necessidades de ocasi\u00f5es de diferentes tamanhos.<\/li>\n\n\n\n<li>Aplica\u00e7\u00e3o multifuncional: Flex\u00edvel para utiliza\u00e7\u00e3o em v\u00e1rios pratos, tais como sopas, pratos b\u00e1sicos, etc.<\/li>\n<\/ul>\n<\/div>\n<\/div>","protected":false},"excerpt":{"rendered":"<p>Dimens\u00e3o da travessa Pyrex ITEM NO. TAMANHO COMPRIMENTO LARGURA ALTURA N.W \/ CONJUNTO DZW-RA01 2.0L 43 cm 23 cm 14 cm 2600 g DZW-RA02 2.0L 43 cm 23 cm 14 cm 2600 g Carater\u00edsticas do prato de servir Pyrex:<\/p>","protected":false},"author":3,"featured_media":3992,"parent":0,"menu_order":0,"template":"","format":"standard","meta":{"_acf_changed":false,"site-sidebar-layout":"default","site-content-layout":"","ast-site-content-layout":"default","site-content-style":"default","site-sidebar-style":"default","ast-global-header-display":"","ast-banner-title-visibility":"","ast-main-header-display":"","ast-hfb-above-header-display":"","ast-hfb-below-header-display":"","ast-hfb-mobile-header-display":"","site-post-title":"","ast-breadcrumbs-content":"","ast-featured-img":"","footer-sml-layout":"","theme-transparent-header-meta":"","adv-header-id-meta":"","stick-header-meta":"","header-above-stick-meta":"","header-main-stick-meta":"","header-below-stick-meta":"","astra-migrate-meta-layouts":"default","ast-page-background-enabled":"default","ast-page-background-meta":{"desktop":{"background-color":"var(--ast-global-color-4)","background-image":"","background-repeat":"repeat","background-position":"center center","background-size":"auto","background-attachment":"scroll","background-type":"","background-media":"","overlay-type":"","overlay-color":"","overlay-opacity":"","overlay-gradient":""},"tablet":{"background-color":"","background-image":"","background-repeat":"repeat","background-position":"center center","background-size":"auto","background-attachment":"scroll","background-type":"","background-media":"","overlay-type":"","overlay-color":"","overlay-opacity":"","overlay-gradient":""},"mobile":{"background-color":"","background-image":"","background-repeat":"repeat","background-position":"center center","background-size":"auto","background-attachment":"scroll","background-type":"","background-media":"","overlay-type":"","overlay-color":"","overlay-opacity":"","overlay-gradient":""}},"ast-content-background-meta":{"desktop":{"background-color":"var(--ast-global-color-5)","background-image":"","background-repeat":"repeat","background-position":"center center","background-size":"auto","background-attachment":"scroll","background-type":"","background-media":"","overlay-type":"","overlay-color":"","overlay-opacity":"","overlay-gradient":""},"tablet":{"background-color":"var(--ast-global-color-5)","background-image":"","background-repeat":"repeat","background-position":"center center","background-size":"auto","background-attachment":"scroll","background-type":"","background-media":"","overlay-type":"","overlay-color":"","overlay-opacity":"","overlay-gradient":""},"mobile":{"background-color":"var(--ast-global-color-5)","background-image":"","background-repeat":"repeat","background-position":"center center","background-size":"auto","background-attachment":"scroll","background-type":"","background-media":"","overlay-type":"","overlay-color":"","overlay-opacity":"","overlay-gradient":""}},"footnotes":""},"product-categories":[63],"product-tag":[90,98,93],"class_list":["post-3987","product","type-product","status-publish","format-standard","has-post-thumbnail","hentry","product-categories-chafing-dish","product-tag-fuel-chafing-dish","product-tag-glass-chafing-dish","product-tag-rectangular-chafing-dish"],"acf":{"title":"Prato para assar pirex retangular 2L com tampa","title_source":{"label":"Title","type":"text","formatted_value":"Wholesale Rectangle Pyrex Chafing Dish 2L with Lid"},"short_description":"The hot-selling pyrex chafing dish from our chafing dish factory has a beautiful lace design and a glossy polished lid. The stainless steel and glass material ensures its durability.","short_description_source":{"label":"Short description","type":"textarea","formatted_value":"The hot-selling pyrex chafing dish from our chafing dish factory has a beautiful lace design and a glossy polished lid. The stainless steel and glass material ensures its durability."},"parameters":"<table border=\"0\" width=\"275\" cellspacing=\"0\" cellpadding=\"0\">\r\n<tbody>\r\n<tr>\r\n<td width=\"108\" height=\"17\">Manufacturer<\/td>\r\n<td width=\"167\">DONGZHAOWEI<\/td>\r\n<\/tr>\r\n<tr>\r\n<td height=\"17\">Material<\/td>\r\n<td>Stainless Steel 201 + Glass<\/td>\r\n<\/tr>\r\n<tr>\r\n<td height=\"17\">Capacity<\/td>\r\n<td>2.0L<\/td>\r\n<\/tr>\r\n<tr>\r\n<td height=\"17\">Color<\/td>\r\n<td>Golden \/ Silver<\/td>\r\n<\/tr>\r\n<tr>\r\n<td height=\"17\">Design<\/td>\r\n<td>Rectangle Shape<\/td>\r\n<\/tr>\r\n<tr>\r\n<td height=\"17\">Tray<\/td>\r\n<td>No dividend<\/td>\r\n<\/tr>\r\n<tr>\r\n<td height=\"17\">Lid type<\/td>\r\n<td>Hanging Lid<\/td>\r\n<\/tr>\r\n<tr>\r\n<td height=\"17\">Heat<\/td>\r\n<td>Fuel<\/td>\r\n<\/tr>\r\n<tr>\r\n<td height=\"17\">Custom<\/td>\r\n<td>Color\/Logo\/Package<\/td>\r\n<\/tr>\r\n<\/tbody>\r\n<\/table>","parameters_source":{"label":"Parameters","type":"wysiwyg","formatted_value":"<table border=\"0\" width=\"275\" cellspacing=\"0\" cellpadding=\"0\">\n<tbody>\n<tr>\n<td width=\"108\" height=\"17\">Manufacturer<\/td>\n<td width=\"167\">DONGZHAOWEI<\/td>\n<\/tr>\n<tr>\n<td height=\"17\">Material<\/td>\n<td>Stainless Steel 201 + Glass<\/td>\n<\/tr>\n<tr>\n<td height=\"17\">Capacity<\/td>\n<td>2.0L<\/td>\n<\/tr>\n<tr>\n<td height=\"17\">Color<\/td>\n<td>Golden \/ Silver<\/td>\n<\/tr>\n<tr>\n<td height=\"17\">Design<\/td>\n<td>Rectangle Shape<\/td>\n<\/tr>\n<tr>\n<td height=\"17\">Tray<\/td>\n<td>No dividend<\/td>\n<\/tr>\n<tr>\n<td height=\"17\">Lid type<\/td>\n<td>Hanging Lid<\/td>\n<\/tr>\n<tr>\n<td height=\"17\">Heat<\/td>\n<td>Fuel<\/td>\n<\/tr>\n<tr>\n<td height=\"17\">Custom<\/td>\n<td>Color\/Logo\/Package<\/td>\n<\/tr>\n<\/tbody>\n<\/table>\n"},"photo_gallery":{"product_gallery":[[{"id":3991,"title":"custom-chafing-dish-set-4","caption":"custom-chafing-dish-set","full_image_url":"https:\/\/www.dzwchafingdish.com\/wp-content\/uploads\/2024\/04\/custom-chafing-dish-set-4.webp","thumbnail_image_url":"https:\/\/www.dzwchafingdish.com\/wp-content\/uploads\/2024\/04\/custom-chafing-dish-set-4-150x150.webp","large_srcset":"https:\/\/www.dzwchafingdish.com\/wp-content\/uploads\/2024\/04\/custom-chafing-dish-set-4.webp 800w, https:\/\/www.dzwchafingdish.com\/wp-content\/uploads\/2024\/04\/custom-chafing-dish-set-4-300x300.webp 300w, https:\/\/www.dzwchafingdish.com\/wp-content\/uploads\/2024\/04\/custom-chafing-dish-set-4-150x150.webp 150w, https:\/\/www.dzwchafingdish.com\/wp-content\/uploads\/2024\/04\/custom-chafing-dish-set-4-768x768.webp 768w","medium_srcset":"https:\/\/www.dzwchafingdish.com\/wp-content\/uploads\/2024\/04\/custom-chafing-dish-set-4-300x300.webp 300w, https:\/\/www.dzwchafingdish.com\/wp-content\/uploads\/2024\/04\/custom-chafing-dish-set-4-150x150.webp 150w, https:\/\/www.dzwchafingdish.com\/wp-content\/uploads\/2024\/04\/custom-chafing-dish-set-4-768x768.webp 768w, https:\/\/www.dzwchafingdish.com\/wp-content\/uploads\/2024\/04\/custom-chafing-dish-set-4.webp 800w","media_details":{"width":800,"height":800,"sizes":{"medium":{"file":"custom-chafing-dish-set-4-300x300.webp","width":300,"height":300,"mime-type":"image\/webp","filesize":7870,"source_url":"https:\/\/www.dzwchafingdish.com\/wp-content\/uploads\/2024\/04\/custom-chafing-dish-set-4-300x300.webp"},"thumbnail":{"file":"custom-chafing-dish-set-4-150x150.webp","width":150,"height":150,"mime-type":"image\/webp","filesize":2774,"source_url":"https:\/\/www.dzwchafingdish.com\/wp-content\/uploads\/2024\/04\/custom-chafing-dish-set-4-150x150.webp"},"medium_large":{"file":"custom-chafing-dish-set-4-768x768.webp","width":768,"height":768,"mime-type":"image\/webp","filesize":32224,"source_url":"https:\/\/www.dzwchafingdish.com\/wp-content\/uploads\/2024\/04\/custom-chafing-dish-set-4-768x768.webp"}}},"alt_text":"custom-chafing-dish-set","url":"","target":""},{"id":3993,"title":"custom-chafing-dish-set-6","caption":"custom-chafing-dish-set","full_image_url":"https:\/\/www.dzwchafingdish.com\/wp-content\/uploads\/2024\/04\/custom-chafing-dish-set-6.webp","thumbnail_image_url":"https:\/\/www.dzwchafingdish.com\/wp-content\/uploads\/2024\/04\/custom-chafing-dish-set-6-150x150.webp","large_srcset":"https:\/\/www.dzwchafingdish.com\/wp-content\/uploads\/2024\/04\/custom-chafing-dish-set-6.webp 800w, https:\/\/www.dzwchafingdish.com\/wp-content\/uploads\/2024\/04\/custom-chafing-dish-set-6-300x300.webp 300w, https:\/\/www.dzwchafingdish.com\/wp-content\/uploads\/2024\/04\/custom-chafing-dish-set-6-150x150.webp 150w, https:\/\/www.dzwchafingdish.com\/wp-content\/uploads\/2024\/04\/custom-chafing-dish-set-6-768x768.webp 768w","medium_srcset":"https:\/\/www.dzwchafingdish.com\/wp-content\/uploads\/2024\/04\/custom-chafing-dish-set-6-300x300.webp 300w, https:\/\/www.dzwchafingdish.com\/wp-content\/uploads\/2024\/04\/custom-chafing-dish-set-6-150x150.webp 150w, https:\/\/www.dzwchafingdish.com\/wp-content\/uploads\/2024\/04\/custom-chafing-dish-set-6-768x768.webp 768w, https:\/\/www.dzwchafingdish.com\/wp-content\/uploads\/2024\/04\/custom-chafing-dish-set-6.webp 800w","media_details":{"width":800,"height":800,"sizes":{"medium":{"file":"custom-chafing-dish-set-6-300x300.webp","width":300,"height":300,"mime-type":"image\/webp","filesize":5888,"source_url":"https:\/\/www.dzwchafingdish.com\/wp-content\/uploads\/2024\/04\/custom-chafing-dish-set-6-300x300.webp"},"thumbnail":{"file":"custom-chafing-dish-set-6-150x150.webp","width":150,"height":150,"mime-type":"image\/webp","filesize":2110,"source_url":"https:\/\/www.dzwchafingdish.com\/wp-content\/uploads\/2024\/04\/custom-chafing-dish-set-6-150x150.webp"},"medium_large":{"file":"custom-chafing-dish-set-6-768x768.webp","width":768,"height":768,"mime-type":"image\/webp","filesize":25130,"source_url":"https:\/\/www.dzwchafingdish.com\/wp-content\/uploads\/2024\/04\/custom-chafing-dish-set-6-768x768.webp"}}},"alt_text":"custom-chafing-dish-set","url":"","target":""},{"id":3992,"title":"custom-chafing-dish-set-5","caption":"custom-chafing-dish-set","full_image_url":"https:\/\/www.dzwchafingdish.com\/wp-content\/uploads\/2024\/04\/custom-chafing-dish-set-5.webp","thumbnail_image_url":"https:\/\/www.dzwchafingdish.com\/wp-content\/uploads\/2024\/04\/custom-chafing-dish-set-5-150x150.webp","large_srcset":"https:\/\/www.dzwchafingdish.com\/wp-content\/uploads\/2024\/04\/custom-chafing-dish-set-5.webp 800w, https:\/\/www.dzwchafingdish.com\/wp-content\/uploads\/2024\/04\/custom-chafing-dish-set-5-300x300.webp 300w, https:\/\/www.dzwchafingdish.com\/wp-content\/uploads\/2024\/04\/custom-chafing-dish-set-5-150x150.webp 150w, https:\/\/www.dzwchafingdish.com\/wp-content\/uploads\/2024\/04\/custom-chafing-dish-set-5-768x768.webp 768w","medium_srcset":"https:\/\/www.dzwchafingdish.com\/wp-content\/uploads\/2024\/04\/custom-chafing-dish-set-5-300x300.webp 300w, https:\/\/www.dzwchafingdish.com\/wp-content\/uploads\/2024\/04\/custom-chafing-dish-set-5-150x150.webp 150w, https:\/\/www.dzwchafingdish.com\/wp-content\/uploads\/2024\/04\/custom-chafing-dish-set-5-768x768.webp 768w, https:\/\/www.dzwchafingdish.com\/wp-content\/uploads\/2024\/04\/custom-chafing-dish-set-5.webp 800w","media_details":{"width":800,"height":800,"sizes":{"medium":{"file":"custom-chafing-dish-set-5-300x300.webp","width":300,"height":300,"mime-type":"image\/webp","filesize":11332,"source_url":"https:\/\/www.dzwchafingdish.com\/wp-content\/uploads\/2024\/04\/custom-chafing-dish-set-5-300x300.webp"},"thumbnail":{"file":"custom-chafing-dish-set-5-150x150.webp","width":150,"height":150,"mime-type":"image\/webp","filesize":3516,"source_url":"https:\/\/www.dzwchafingdish.com\/wp-content\/uploads\/2024\/04\/custom-chafing-dish-set-5-150x150.webp"},"medium_large":{"file":"custom-chafing-dish-set-5-768x768.webp","width":768,"height":768,"mime-type":"image\/webp","filesize":52746,"source_url":"https:\/\/www.dzwchafingdish.com\/wp-content\/uploads\/2024\/04\/custom-chafing-dish-set-5-768x768.webp"}}},"alt_text":"custom-chafing-dish-set","url":"","target":""},{"id":3990,"title":"custom-chafing-dish-set-3","caption":"custom-chafing-dish-set","full_image_url":"https:\/\/www.dzwchafingdish.com\/wp-content\/uploads\/2024\/04\/custom-chafing-dish-set-3.webp","thumbnail_image_url":"https:\/\/www.dzwchafingdish.com\/wp-content\/uploads\/2024\/04\/custom-chafing-dish-set-3-150x150.webp","large_srcset":"https:\/\/www.dzwchafingdish.com\/wp-content\/uploads\/2024\/04\/custom-chafing-dish-set-3.webp 3024w, https:\/\/www.dzwchafingdish.com\/wp-content\/uploads\/2024\/04\/custom-chafing-dish-set-3-300x300.webp 300w, https:\/\/www.dzwchafingdish.com\/wp-content\/uploads\/2024\/04\/custom-chafing-dish-set-3-150x150.webp 150w, https:\/\/www.dzwchafingdish.com\/wp-content\/uploads\/2024\/04\/custom-chafing-dish-set-3-768x768.webp 768w","medium_srcset":"https:\/\/www.dzwchafingdish.com\/wp-content\/uploads\/2024\/04\/custom-chafing-dish-set-3-300x300.webp 300w, https:\/\/www.dzwchafingdish.com\/wp-content\/uploads\/2024\/04\/custom-chafing-dish-set-3-150x150.webp 150w, https:\/\/www.dzwchafingdish.com\/wp-content\/uploads\/2024\/04\/custom-chafing-dish-set-3-768x768.webp 768w","media_details":{"width":3024,"height":3024,"sizes":{"medium":{"file":"custom-chafing-dish-set-3-300x300.webp","width":300,"height":300,"mime-type":"image\/webp","filesize":28652,"source_url":"https:\/\/www.dzwchafingdish.com\/wp-content\/uploads\/2024\/04\/custom-chafing-dish-set-3-300x300.webp"},"thumbnail":{"file":"custom-chafing-dish-set-3-150x150.webp","width":150,"height":150,"mime-type":"image\/webp","filesize":8972,"source_url":"https:\/\/www.dzwchafingdish.com\/wp-content\/uploads\/2024\/04\/custom-chafing-dish-set-3-150x150.webp"},"medium_large":{"file":"custom-chafing-dish-set-3-768x768.webp","width":768,"height":768,"mime-type":"image\/webp","filesize":124488,"source_url":"https:\/\/www.dzwchafingdish.com\/wp-content\/uploads\/2024\/04\/custom-chafing-dish-set-3-768x768.webp"}}},"alt_text":"custom-chafing-dish-set","url":"","target":""},{"id":3988,"title":"custom-chafing-dish-set-1","caption":"custom-chafing-dish-set-1","full_image_url":"https:\/\/www.dzwchafingdish.com\/wp-content\/uploads\/2024\/04\/custom-chafing-dish-set-1.webp","thumbnail_image_url":"https:\/\/www.dzwchafingdish.com\/wp-content\/uploads\/2024\/04\/custom-chafing-dish-set-1-150x150.webp","large_srcset":"https:\/\/www.dzwchafingdish.com\/wp-content\/uploads\/2024\/04\/custom-chafing-dish-set-1.webp 800w, https:\/\/www.dzwchafingdish.com\/wp-content\/uploads\/2024\/04\/custom-chafing-dish-set-1-300x300.webp 300w, https:\/\/www.dzwchafingdish.com\/wp-content\/uploads\/2024\/04\/custom-chafing-dish-set-1-150x150.webp 150w, https:\/\/www.dzwchafingdish.com\/wp-content\/uploads\/2024\/04\/custom-chafing-dish-set-1-768x768.webp 768w","medium_srcset":"https:\/\/www.dzwchafingdish.com\/wp-content\/uploads\/2024\/04\/custom-chafing-dish-set-1-300x300.webp 300w, https:\/\/www.dzwchafingdish.com\/wp-content\/uploads\/2024\/04\/custom-chafing-dish-set-1-150x150.webp 150w, https:\/\/www.dzwchafingdish.com\/wp-content\/uploads\/2024\/04\/custom-chafing-dish-set-1-768x768.webp 768w, https:\/\/www.dzwchafingdish.com\/wp-content\/uploads\/2024\/04\/custom-chafing-dish-set-1.webp 800w","media_details":{"width":800,"height":800,"sizes":{"medium":{"file":"custom-chafing-dish-set-1-300x300.webp","width":300,"height":300,"mime-type":"image\/webp","filesize":8002,"source_url":"https:\/\/www.dzwchafingdish.com\/wp-content\/uploads\/2024\/04\/custom-chafing-dish-set-1-300x300.webp"},"thumbnail":{"file":"custom-chafing-dish-set-1-150x150.webp","width":150,"height":150,"mime-type":"image\/webp","filesize":2378,"source_url":"https:\/\/www.dzwchafingdish.com\/wp-content\/uploads\/2024\/04\/custom-chafing-dish-set-1-150x150.webp"},"medium_large":{"file":"custom-chafing-dish-set-1-768x768.webp","width":768,"height":768,"mime-type":"image\/webp","filesize":38624,"source_url":"https:\/\/www.dzwchafingdish.com\/wp-content\/uploads\/2024\/04\/custom-chafing-dish-set-1-768x768.webp"}}},"alt_text":"custom-chafing-dish-set-1","url":"","target":""},{"id":3989,"title":"custom-chafing-dish-set-2","caption":"custom-chafing-dish-set-2","full_image_url":"https:\/\/www.dzwchafingdish.com\/wp-content\/uploads\/2024\/04\/custom-chafing-dish-set-2.webp","thumbnail_image_url":"https:\/\/www.dzwchafingdish.com\/wp-content\/uploads\/2024\/04\/custom-chafing-dish-set-2-150x150.webp","large_srcset":"https:\/\/www.dzwchafingdish.com\/wp-content\/uploads\/2024\/04\/custom-chafing-dish-set-2.webp 3024w, https:\/\/www.dzwchafingdish.com\/wp-content\/uploads\/2024\/04\/custom-chafing-dish-set-2-300x300.webp 300w, https:\/\/www.dzwchafingdish.com\/wp-content\/uploads\/2024\/04\/custom-chafing-dish-set-2-150x150.webp 150w, https:\/\/www.dzwchafingdish.com\/wp-content\/uploads\/2024\/04\/custom-chafing-dish-set-2-768x768.webp 768w","medium_srcset":"https:\/\/www.dzwchafingdish.com\/wp-content\/uploads\/2024\/04\/custom-chafing-dish-set-2-300x300.webp 300w, https:\/\/www.dzwchafingdish.com\/wp-content\/uploads\/2024\/04\/custom-chafing-dish-set-2-150x150.webp 150w, https:\/\/www.dzwchafingdish.com\/wp-content\/uploads\/2024\/04\/custom-chafing-dish-set-2-768x768.webp 768w","media_details":{"width":3024,"height":3024,"sizes":{"medium":{"file":"custom-chafing-dish-set-2-300x300.webp","width":300,"height":300,"mime-type":"image\/webp","filesize":28090,"source_url":"https:\/\/www.dzwchafingdish.com\/wp-content\/uploads\/2024\/04\/custom-chafing-dish-set-2-300x300.webp"},"thumbnail":{"file":"custom-chafing-dish-set-2-150x150.webp","width":150,"height":150,"mime-type":"image\/webp","filesize":8850,"source_url":"https:\/\/www.dzwchafingdish.com\/wp-content\/uploads\/2024\/04\/custom-chafing-dish-set-2-150x150.webp"},"medium_large":{"file":"custom-chafing-dish-set-2-768x768.webp","width":768,"height":768,"mime-type":"image\/webp","filesize":122706,"source_url":"https:\/\/www.dzwchafingdish.com\/wp-content\/uploads\/2024\/04\/custom-chafing-dish-set-2-768x768.webp"}}},"alt_text":"custom-chafing-dish-set-2","url":"","target":""}]]}},"_links":{"self":[{"href":"https:\/\/www.dzwchafingdish.com\/pt\/wp-json\/wp\/v2\/product\/3987","targetHints":{"allow":["GET"]}}],"collection":[{"href":"https:\/\/www.dzwchafingdish.com\/pt\/wp-json\/wp\/v2\/product"}],"about":[{"href":"https:\/\/www.dzwchafingdish.com\/pt\/wp-json\/wp\/v2\/types\/product"}],"author":[{"embeddable":true,"href":"https:\/\/www.dzwchafingdish.com\/pt\/wp-json\/wp\/v2\/users\/3"}],"version-history":[{"count":0,"href":"https:\/\/www.dzwchafingdish.com\/pt\/wp-json\/wp\/v2\/product\/3987\/revisions"}],"wp:featuredmedia":[{"embeddable":true,"href":"https:\/\/www.dzwchafingdish.com\/pt\/wp-json\/wp\/v2\/media\/3992"}],"wp:attachment":[{"href":"https:\/\/www.dzwchafingdish.com\/pt\/wp-json\/wp\/v2\/media?parent=3987"}],"wp:term":[{"taxonomy":"product-categories","embeddable":true,"href":"https:\/\/www.dzwchafingdish.com\/pt\/wp-json\/wp\/v2\/product-categories?post=3987"},{"taxonomy":"product-tag","embeddable":true,"href":"https:\/\/www.dzwchafingdish.com\/pt\/wp-json\/wp\/v2\/product-tag?post=3987"}],"curies":[{"name":"wp","href":"https:\/\/api.w.org\/{rel}","templated":true}]}}