{"id":4027,"date":"2024-04-09T10:24:10","date_gmt":"2024-04-09T10:24:10","guid":{"rendered":"https:\/\/www.dzwchafingdish.com\/?post_type=product&#038;p=4027"},"modified":"2024-06-15T03:57:16","modified_gmt":"2024-06-15T03:57:16","slug":"commercial-chafing-dish-2","status":"publish","type":"product","link":"https:\/\/www.dzwchafingdish.com\/pt\/product\/commercial-chafing-dish-2\/","title":{"rendered":"Chafing Dish Comercial de Luxo Personalizado Dourado com Tampa"},"content":{"rendered":"<div class=\"wp-block-columns is-layout-flex wp-container-core-columns-is-layout-28f84493 wp-block-columns-is-layout-flex\">\n<div class=\"wp-block-column is-layout-flow wp-block-column-is-layout-flow\">\n<h2 class=\"wp-block-heading\"><strong>Dimens\u00e3o do prato para chafing comercial<\/strong><\/h2>\n\n\n\n<figure class=\"wp-block-table\"><table><tbody><tr><td>ITEM NO.<\/td><td>TAMANHO<\/td><td>COMPRIMENTO<\/td><td>LARGO<\/td><td>ALTURA<\/td><td>N.W \/SET<\/td><\/tr><tr><td>DZW-BV045<\/td><td>4.5L<\/td><td>36 cm<\/td><td>32 cm<\/td><td>65 cm<\/td><td>3550 g<\/td><\/tr><tr><td>DZW-BV060<\/td><td>6.0L<\/td><td>40,5 cm<\/td><td>36 cm<\/td><td>68 cm<\/td><td>4400 g<\/td><\/tr><tr><td>DZW-BV080<\/td><td>8.0L<\/td><td>41 cm<\/td><td>38 cm<\/td><td>70 cm<\/td><td>4700 g<\/td><\/tr><tr><td>DZW-BV090<\/td><td>9.0L<\/td><td>44 cm<\/td><td>42 cm<\/td><td>70 cm<\/td><td>5600 g<\/td><\/tr><\/tbody><\/table><\/figure>\n<\/div>\n\n\n\n<div class=\"wp-block-column is-layout-flow wp-block-column-is-layout-flow\">\n<figure class=\"wp-block-image size-full\"><img fetchpriority=\"high\" decoding=\"async\" width=\"2480\" height=\"2480\" src=\"https:\/\/www.dzwchafingdish.com\/wp-content\/uploads\/2024\/04\/commercial-chafing-dish-wholesale-3.webp\" alt=\"venda por grosso de pratos de cozinha para uso comercial\" class=\"wp-image-4030\" srcset=\"https:\/\/www.dzwchafingdish.com\/wp-content\/uploads\/2024\/04\/commercial-chafing-dish-wholesale-3.webp 2480w, https:\/\/www.dzwchafingdish.com\/wp-content\/uploads\/2024\/04\/commercial-chafing-dish-wholesale-3-300x300.webp 300w, https:\/\/www.dzwchafingdish.com\/wp-content\/uploads\/2024\/04\/commercial-chafing-dish-wholesale-3-150x150.webp 150w, https:\/\/www.dzwchafingdish.com\/wp-content\/uploads\/2024\/04\/commercial-chafing-dish-wholesale-3-768x768.webp 768w\" sizes=\"(max-width: 2480px) 100vw, 2480px\" \/><\/figure>\n<\/div>\n<\/div>\n\n\n\n<div class=\"wp-block-columns is-layout-flex wp-container-core-columns-is-layout-28f84493 wp-block-columns-is-layout-flex\">\n<div class=\"wp-block-column is-layout-flow wp-block-column-is-layout-flow\">\n<figure class=\"wp-block-image size-full\"><img decoding=\"async\" width=\"4000\" height=\"4000\" src=\"https:\/\/www.dzwchafingdish.com\/wp-content\/uploads\/2024\/04\/commercial-chafing-dish-wholesale-4.webp\" alt=\"venda por grosso de pratos de cozinha para uso comercial\" class=\"wp-image-4031\" srcset=\"https:\/\/www.dzwchafingdish.com\/wp-content\/uploads\/2024\/04\/commercial-chafing-dish-wholesale-4.webp 4000w, https:\/\/www.dzwchafingdish.com\/wp-content\/uploads\/2024\/04\/commercial-chafing-dish-wholesale-4-300x300.webp 300w, https:\/\/www.dzwchafingdish.com\/wp-content\/uploads\/2024\/04\/commercial-chafing-dish-wholesale-4-150x150.webp 150w, https:\/\/www.dzwchafingdish.com\/wp-content\/uploads\/2024\/04\/commercial-chafing-dish-wholesale-4-768x768.webp 768w\" sizes=\"(max-width: 4000px) 100vw, 4000px\" \/><\/figure>\n<\/div>\n\n\n\n<div class=\"wp-block-column is-layout-flow wp-block-column-is-layout-flow\">\n<h2 class=\"wp-block-heading\"><strong><strong>Carater\u00edsticas<\/strong> de Chafing Dish comercial :<\/strong><\/h2>\n\n\n\n<ul class=\"wp-block-list\">\n<li>Design requintado: Esta travessa comercial foi cuidadosamente concebida com aten\u00e7\u00e3o aos pormenores e tem um aspeto elegante e sofisticado.<\/li>\n\n\n\n<li>Material de alta qualidade: Feito de material de a\u00e7o inoxid\u00e1vel 201 de alta qualidade, este prato de chafing comercial n\u00e3o \u00e9 apenas dur\u00e1vel, mas tamb\u00e9m cheio de luxo.<\/li>\n\n\n\n<li>Funcionalidade: Apesar do seu aspeto luxuoso, este prato de chafing comercial personalizado foi concebido tendo em mente o aspeto pr\u00e1tico. O design da tampa suspensa facilita o acesso aos alimentos, mantendo-os quentes e frescos.<\/li>\n\n\n\n<li>Op\u00e7\u00f5es de personaliza\u00e7\u00e3o: Esta chafing dish comercial est\u00e1 dispon\u00edvel numa s\u00e9rie de op\u00e7\u00f5es de personaliza\u00e7\u00e3o, incluindo cor, acabamento, tamanho e muito mais.<\/li>\n<\/ul>\n<\/div>\n<\/div>","protected":false},"excerpt":{"rendered":"<p>Prato para assar comercial Dimens\u00e3o ITEM NO. TAMANHO COMPRIMENTO LARGURA ALTURA N.W \/ CONJUNTO DZW-BV045 4.5L 36 cm 32 cm 65 cm 3550 g DZW-BV060 6.0L 40.5 cm 36 cm 68 cm 4400 g DZW-BV080 8.0L 41 cm 38 cm 70 cm 4700 g DZW-BV090 9.0L 44 cm 42 cm 70 cm 5600 g Carater\u00edsticas do [...]<\/p>","protected":false},"author":3,"featured_media":4030,"parent":0,"menu_order":0,"template":"","format":"standard","meta":{"_acf_changed":false,"site-sidebar-layout":"default","site-content-layout":"","ast-site-content-layout":"default","site-content-style":"default","site-sidebar-style":"default","ast-global-header-display":"","ast-banner-title-visibility":"","ast-main-header-display":"","ast-hfb-above-header-display":"","ast-hfb-below-header-display":"","ast-hfb-mobile-header-display":"","site-post-title":"","ast-breadcrumbs-content":"","ast-featured-img":"","footer-sml-layout":"","theme-transparent-header-meta":"","adv-header-id-meta":"","stick-header-meta":"","header-above-stick-meta":"","header-main-stick-meta":"","header-below-stick-meta":"","astra-migrate-meta-layouts":"default","ast-page-background-enabled":"default","ast-page-background-meta":{"desktop":{"background-color":"var(--ast-global-color-4)","background-image":"","background-repeat":"repeat","background-position":"center center","background-size":"auto","background-attachment":"scroll","background-type":"","background-media":"","overlay-type":"","overlay-color":"","overlay-opacity":"","overlay-gradient":""},"tablet":{"background-color":"","background-image":"","background-repeat":"repeat","background-position":"center center","background-size":"auto","background-attachment":"scroll","background-type":"","background-media":"","overlay-type":"","overlay-color":"","overlay-opacity":"","overlay-gradient":""},"mobile":{"background-color":"","background-image":"","background-repeat":"repeat","background-position":"center center","background-size":"auto","background-attachment":"scroll","background-type":"","background-media":"","overlay-type":"","overlay-color":"","overlay-opacity":"","overlay-gradient":""}},"ast-content-background-meta":{"desktop":{"background-color":"var(--ast-global-color-5)","background-image":"","background-repeat":"repeat","background-position":"center center","background-size":"auto","background-attachment":"scroll","background-type":"","background-media":"","overlay-type":"","overlay-color":"","overlay-opacity":"","overlay-gradient":""},"tablet":{"background-color":"var(--ast-global-color-5)","background-image":"","background-repeat":"repeat","background-position":"center center","background-size":"auto","background-attachment":"scroll","background-type":"","background-media":"","overlay-type":"","overlay-color":"","overlay-opacity":"","overlay-gradient":""},"mobile":{"background-color":"var(--ast-global-color-5)","background-image":"","background-repeat":"repeat","background-position":"center center","background-size":"auto","background-attachment":"scroll","background-type":"","background-media":"","overlay-type":"","overlay-color":"","overlay-opacity":"","overlay-gradient":""}},"footnotes":""},"product-categories":[63],"product-tag":[95,97,90,91],"class_list":["post-4027","product","type-product","status-publish","format-standard","has-post-thumbnail","hentry","product-categories-chafing-dish","product-tag-chafing-dish-with-glass-lid","product-tag-chafing-dish-with-hanging-lid","product-tag-fuel-chafing-dish","product-tag-round-chafing-dish"],"acf":{"title":"Chafing Dish Comercial de Luxo Personalizado Dourado com Tampa","title_source":{"label":"Title","type":"text","formatted_value":"Custom Luxury Commercial Chafing Dish Gold with Lid"},"short_description":"Welcome to customize all kinds of chafing dishes. This commercial chafing dish combines exquisite design, high-quality stainless steel materials, and functionality to enhance the dining experience and establish a symbol of nobility and refinement in the catering industry.","short_description_source":{"label":"Short description","type":"textarea","formatted_value":"Welcome to customize all kinds of chafing dishes. This commercial chafing dish combines exquisite design, high-quality stainless steel materials, and functionality to enhance the dining experience and establish a symbol of nobility and refinement in the catering industry."},"parameters":"<table border=\"0\" width=\"275\" cellspacing=\"0\" cellpadding=\"0\">\r\n<tbody>\r\n<tr>\r\n<td width=\"108\" height=\"17\">Manufacturer<\/td>\r\n<td width=\"167\">DONGZHAOWEI<\/td>\r\n<\/tr>\r\n<tr>\r\n<td height=\"17\">Material<\/td>\r\n<td>Stainless Steel 201<\/td>\r\n<\/tr>\r\n<tr>\r\n<td height=\"17\">Capacity<\/td>\r\n<td>4.5L; 6.0L; 8.0L; 9.0L<\/td>\r\n<\/tr>\r\n<tr>\r\n<td height=\"17\">Color<\/td>\r\n<td>Golden<\/td>\r\n<\/tr>\r\n<tr>\r\n<td height=\"17\">Design<\/td>\r\n<td>Round Shape<\/td>\r\n<\/tr>\r\n<tr>\r\n<td height=\"17\">Tray<\/td>\r\n<td>No divided \/ Divided tray<\/td>\r\n<\/tr>\r\n<tr>\r\n<td height=\"17\">Lid type<\/td>\r\n<td>hanging Lid<\/td>\r\n<\/tr>\r\n<tr>\r\n<td height=\"17\">Heat<\/td>\r\n<td>Fuel<\/td>\r\n<\/tr>\r\n<tr>\r\n<td height=\"17\">Custom<\/td>\r\n<td>Color\/Logo\/Package<\/td>\r\n<\/tr>\r\n<\/tbody>\r\n<\/table>","parameters_source":{"label":"Parameters","type":"wysiwyg","formatted_value":"<table border=\"0\" width=\"275\" cellspacing=\"0\" cellpadding=\"0\">\n<tbody>\n<tr>\n<td width=\"108\" height=\"17\">Manufacturer<\/td>\n<td width=\"167\">DONGZHAOWEI<\/td>\n<\/tr>\n<tr>\n<td height=\"17\">Material<\/td>\n<td>Stainless Steel 201<\/td>\n<\/tr>\n<tr>\n<td height=\"17\">Capacity<\/td>\n<td>4.5L; 6.0L; 8.0L; 9.0L<\/td>\n<\/tr>\n<tr>\n<td height=\"17\">Color<\/td>\n<td>Golden<\/td>\n<\/tr>\n<tr>\n<td height=\"17\">Design<\/td>\n<td>Round Shape<\/td>\n<\/tr>\n<tr>\n<td height=\"17\">Tray<\/td>\n<td>No divided \/ Divided tray<\/td>\n<\/tr>\n<tr>\n<td height=\"17\">Lid type<\/td>\n<td>hanging Lid<\/td>\n<\/tr>\n<tr>\n<td height=\"17\">Heat<\/td>\n<td>Fuel<\/td>\n<\/tr>\n<tr>\n<td height=\"17\">Custom<\/td>\n<td>Color\/Logo\/Package<\/td>\n<\/tr>\n<\/tbody>\n<\/table>\n"},"photo_gallery":{"product_gallery":[[{"id":4028,"title":"commercial-chafing-dish-wholesale-1","caption":"commercial-chafing-dish-wholesale","full_image_url":"https:\/\/www.dzwchafingdish.com\/wp-content\/uploads\/2024\/04\/commercial-chafing-dish-wholesale-1.webp","thumbnail_image_url":"https:\/\/www.dzwchafingdish.com\/wp-content\/uploads\/2024\/04\/commercial-chafing-dish-wholesale-1-150x150.webp","large_srcset":"https:\/\/www.dzwchafingdish.com\/wp-content\/uploads\/2024\/04\/commercial-chafing-dish-wholesale-1.webp 2480w, https:\/\/www.dzwchafingdish.com\/wp-content\/uploads\/2024\/04\/commercial-chafing-dish-wholesale-1-300x300.webp 300w, https:\/\/www.dzwchafingdish.com\/wp-content\/uploads\/2024\/04\/commercial-chafing-dish-wholesale-1-150x150.webp 150w, https:\/\/www.dzwchafingdish.com\/wp-content\/uploads\/2024\/04\/commercial-chafing-dish-wholesale-1-768x768.webp 768w","medium_srcset":"https:\/\/www.dzwchafingdish.com\/wp-content\/uploads\/2024\/04\/commercial-chafing-dish-wholesale-1-300x300.webp 300w, https:\/\/www.dzwchafingdish.com\/wp-content\/uploads\/2024\/04\/commercial-chafing-dish-wholesale-1-150x150.webp 150w, https:\/\/www.dzwchafingdish.com\/wp-content\/uploads\/2024\/04\/commercial-chafing-dish-wholesale-1-768x768.webp 768w","media_details":{"width":2480,"height":2480,"sizes":{"medium":{"file":"commercial-chafing-dish-wholesale-1-300x300.webp","width":300,"height":300,"mime-type":"image\/webp","filesize":13022,"source_url":"https:\/\/www.dzwchafingdish.com\/wp-content\/uploads\/2024\/04\/commercial-chafing-dish-wholesale-1-300x300.webp"},"thumbnail":{"file":"commercial-chafing-dish-wholesale-1-150x150.webp","width":150,"height":150,"mime-type":"image\/webp","filesize":4358,"source_url":"https:\/\/www.dzwchafingdish.com\/wp-content\/uploads\/2024\/04\/commercial-chafing-dish-wholesale-1-150x150.webp"},"medium_large":{"file":"commercial-chafing-dish-wholesale-1-768x768.webp","width":768,"height":768,"mime-type":"image\/webp","filesize":63608,"source_url":"https:\/\/www.dzwchafingdish.com\/wp-content\/uploads\/2024\/04\/commercial-chafing-dish-wholesale-1-768x768.webp"}}},"alt_text":"commercial-chafing-dish-wholesale","url":"","target":""},{"id":4029,"title":"commercial-chafing-dish-wholesale-2","caption":"commercial-chafing-dish-wholesale","full_image_url":"https:\/\/www.dzwchafingdish.com\/wp-content\/uploads\/2024\/04\/commercial-chafing-dish-wholesale-2.webp","thumbnail_image_url":"https:\/\/www.dzwchafingdish.com\/wp-content\/uploads\/2024\/04\/commercial-chafing-dish-wholesale-2-150x150.webp","large_srcset":"https:\/\/www.dzwchafingdish.com\/wp-content\/uploads\/2024\/04\/commercial-chafing-dish-wholesale-2.webp 2480w, https:\/\/www.dzwchafingdish.com\/wp-content\/uploads\/2024\/04\/commercial-chafing-dish-wholesale-2-300x300.webp 300w, https:\/\/www.dzwchafingdish.com\/wp-content\/uploads\/2024\/04\/commercial-chafing-dish-wholesale-2-150x150.webp 150w, https:\/\/www.dzwchafingdish.com\/wp-content\/uploads\/2024\/04\/commercial-chafing-dish-wholesale-2-768x768.webp 768w","medium_srcset":"https:\/\/www.dzwchafingdish.com\/wp-content\/uploads\/2024\/04\/commercial-chafing-dish-wholesale-2-300x300.webp 300w, https:\/\/www.dzwchafingdish.com\/wp-content\/uploads\/2024\/04\/commercial-chafing-dish-wholesale-2-150x150.webp 150w, https:\/\/www.dzwchafingdish.com\/wp-content\/uploads\/2024\/04\/commercial-chafing-dish-wholesale-2-768x768.webp 768w","media_details":{"width":2480,"height":2480,"sizes":{"medium":{"file":"commercial-chafing-dish-wholesale-2-300x300.webp","width":300,"height":300,"mime-type":"image\/webp","filesize":13128,"source_url":"https:\/\/www.dzwchafingdish.com\/wp-content\/uploads\/2024\/04\/commercial-chafing-dish-wholesale-2-300x300.webp"},"thumbnail":{"file":"commercial-chafing-dish-wholesale-2-150x150.webp","width":150,"height":150,"mime-type":"image\/webp","filesize":4488,"source_url":"https:\/\/www.dzwchafingdish.com\/wp-content\/uploads\/2024\/04\/commercial-chafing-dish-wholesale-2-150x150.webp"},"medium_large":{"file":"commercial-chafing-dish-wholesale-2-768x768.webp","width":768,"height":768,"mime-type":"image\/webp","filesize":61556,"source_url":"https:\/\/www.dzwchafingdish.com\/wp-content\/uploads\/2024\/04\/commercial-chafing-dish-wholesale-2-768x768.webp"}}},"alt_text":"commercial-chafing-dish-wholesale","url":"","target":""},{"id":4030,"title":"commercial-chafing-dish-wholesale-3","caption":"commercial-chafing-dish-wholesale","full_image_url":"https:\/\/www.dzwchafingdish.com\/wp-content\/uploads\/2024\/04\/commercial-chafing-dish-wholesale-3.webp","thumbnail_image_url":"https:\/\/www.dzwchafingdish.com\/wp-content\/uploads\/2024\/04\/commercial-chafing-dish-wholesale-3-150x150.webp","large_srcset":"https:\/\/www.dzwchafingdish.com\/wp-content\/uploads\/2024\/04\/commercial-chafing-dish-wholesale-3.webp 2480w, https:\/\/www.dzwchafingdish.com\/wp-content\/uploads\/2024\/04\/commercial-chafing-dish-wholesale-3-300x300.webp 300w, https:\/\/www.dzwchafingdish.com\/wp-content\/uploads\/2024\/04\/commercial-chafing-dish-wholesale-3-150x150.webp 150w, https:\/\/www.dzwchafingdish.com\/wp-content\/uploads\/2024\/04\/commercial-chafing-dish-wholesale-3-768x768.webp 768w","medium_srcset":"https:\/\/www.dzwchafingdish.com\/wp-content\/uploads\/2024\/04\/commercial-chafing-dish-wholesale-3-300x300.webp 300w, https:\/\/www.dzwchafingdish.com\/wp-content\/uploads\/2024\/04\/commercial-chafing-dish-wholesale-3-150x150.webp 150w, https:\/\/www.dzwchafingdish.com\/wp-content\/uploads\/2024\/04\/commercial-chafing-dish-wholesale-3-768x768.webp 768w","media_details":{"width":2480,"height":2480,"sizes":{"medium":{"file":"commercial-chafing-dish-wholesale-3-300x300.webp","width":300,"height":300,"mime-type":"image\/webp","filesize":15738,"source_url":"https:\/\/www.dzwchafingdish.com\/wp-content\/uploads\/2024\/04\/commercial-chafing-dish-wholesale-3-300x300.webp"},"thumbnail":{"file":"commercial-chafing-dish-wholesale-3-150x150.webp","width":150,"height":150,"mime-type":"image\/webp","filesize":5484,"source_url":"https:\/\/www.dzwchafingdish.com\/wp-content\/uploads\/2024\/04\/commercial-chafing-dish-wholesale-3-150x150.webp"},"medium_large":{"file":"commercial-chafing-dish-wholesale-3-768x768.webp","width":768,"height":768,"mime-type":"image\/webp","filesize":71940,"source_url":"https:\/\/www.dzwchafingdish.com\/wp-content\/uploads\/2024\/04\/commercial-chafing-dish-wholesale-3-768x768.webp"}}},"alt_text":"commercial-chafing-dish-wholesale","url":"","target":""},{"id":4031,"title":"commercial-chafing-dish-wholesale-4","caption":"commercial-chafing-dish-wholesale","full_image_url":"https:\/\/www.dzwchafingdish.com\/wp-content\/uploads\/2024\/04\/commercial-chafing-dish-wholesale-4.webp","thumbnail_image_url":"https:\/\/www.dzwchafingdish.com\/wp-content\/uploads\/2024\/04\/commercial-chafing-dish-wholesale-4-150x150.webp","large_srcset":"https:\/\/www.dzwchafingdish.com\/wp-content\/uploads\/2024\/04\/commercial-chafing-dish-wholesale-4.webp 4000w, https:\/\/www.dzwchafingdish.com\/wp-content\/uploads\/2024\/04\/commercial-chafing-dish-wholesale-4-300x300.webp 300w, https:\/\/www.dzwchafingdish.com\/wp-content\/uploads\/2024\/04\/commercial-chafing-dish-wholesale-4-150x150.webp 150w, https:\/\/www.dzwchafingdish.com\/wp-content\/uploads\/2024\/04\/commercial-chafing-dish-wholesale-4-768x768.webp 768w","medium_srcset":"https:\/\/www.dzwchafingdish.com\/wp-content\/uploads\/2024\/04\/commercial-chafing-dish-wholesale-4-300x300.webp 300w, https:\/\/www.dzwchafingdish.com\/wp-content\/uploads\/2024\/04\/commercial-chafing-dish-wholesale-4-150x150.webp 150w, https:\/\/www.dzwchafingdish.com\/wp-content\/uploads\/2024\/04\/commercial-chafing-dish-wholesale-4-768x768.webp 768w","media_details":{"width":4000,"height":4000,"sizes":{"medium":{"file":"commercial-chafing-dish-wholesale-4-300x300.webp","width":300,"height":300,"mime-type":"image\/webp","filesize":26708,"source_url":"https:\/\/www.dzwchafingdish.com\/wp-content\/uploads\/2024\/04\/commercial-chafing-dish-wholesale-4-300x300.webp"},"thumbnail":{"file":"commercial-chafing-dish-wholesale-4-150x150.webp","width":150,"height":150,"mime-type":"image\/webp","filesize":8340,"source_url":"https:\/\/www.dzwchafingdish.com\/wp-content\/uploads\/2024\/04\/commercial-chafing-dish-wholesale-4-150x150.webp"},"medium_large":{"file":"commercial-chafing-dish-wholesale-4-768x768.webp","width":768,"height":768,"mime-type":"image\/webp","filesize":132582,"source_url":"https:\/\/www.dzwchafingdish.com\/wp-content\/uploads\/2024\/04\/commercial-chafing-dish-wholesale-4-768x768.webp"}}},"alt_text":"commercial-chafing-dish-wholesale","url":"","target":""},{"id":4034,"title":"commercial-chafing-dish-wholesale-7","caption":"commercial-chafing-dish-wholesale","full_image_url":"https:\/\/www.dzwchafingdish.com\/wp-content\/uploads\/2024\/04\/commercial-chafing-dish-wholesale-7.webp","thumbnail_image_url":"https:\/\/www.dzwchafingdish.com\/wp-content\/uploads\/2024\/04\/commercial-chafing-dish-wholesale-7-150x150.webp","large_srcset":"https:\/\/www.dzwchafingdish.com\/wp-content\/uploads\/2024\/04\/commercial-chafing-dish-wholesale-7.webp 6000w, https:\/\/www.dzwchafingdish.com\/wp-content\/uploads\/2024\/04\/commercial-chafing-dish-wholesale-7-300x200.webp 300w, https:\/\/www.dzwchafingdish.com\/wp-content\/uploads\/2024\/04\/commercial-chafing-dish-wholesale-7-768x512.webp 768w","medium_srcset":"https:\/\/www.dzwchafingdish.com\/wp-content\/uploads\/2024\/04\/commercial-chafing-dish-wholesale-7-300x200.webp 300w, https:\/\/www.dzwchafingdish.com\/wp-content\/uploads\/2024\/04\/commercial-chafing-dish-wholesale-7-768x512.webp 768w","media_details":{"width":6000,"height":4000,"sizes":{"medium":{"file":"commercial-chafing-dish-wholesale-7-300x200.webp","width":300,"height":200,"mime-type":"image\/webp","filesize":21392,"source_url":"https:\/\/www.dzwchafingdish.com\/wp-content\/uploads\/2024\/04\/commercial-chafing-dish-wholesale-7-300x200.webp"},"thumbnail":{"file":"commercial-chafing-dish-wholesale-7-150x150.webp","width":150,"height":150,"mime-type":"image\/webp","filesize":9242,"source_url":"https:\/\/www.dzwchafingdish.com\/wp-content\/uploads\/2024\/04\/commercial-chafing-dish-wholesale-7-150x150.webp"},"medium_large":{"file":"commercial-chafing-dish-wholesale-7-768x512.webp","width":768,"height":512,"mime-type":"image\/webp","filesize":101534,"source_url":"https:\/\/www.dzwchafingdish.com\/wp-content\/uploads\/2024\/04\/commercial-chafing-dish-wholesale-7-768x512.webp"}}},"alt_text":"commercial-chafing-dish-wholesale","url":"","target":""},{"id":4033,"title":"commercial-chafing-dish-wholesale-6","caption":"commercial-chafing-dish-wholesale","full_image_url":"https:\/\/www.dzwchafingdish.com\/wp-content\/uploads\/2024\/04\/commercial-chafing-dish-wholesale-6.webp","thumbnail_image_url":"https:\/\/www.dzwchafingdish.com\/wp-content\/uploads\/2024\/04\/commercial-chafing-dish-wholesale-6-150x150.webp","large_srcset":"https:\/\/www.dzwchafingdish.com\/wp-content\/uploads\/2024\/04\/commercial-chafing-dish-wholesale-6.webp 4000w, https:\/\/www.dzwchafingdish.com\/wp-content\/uploads\/2024\/04\/commercial-chafing-dish-wholesale-6-200x300.webp 200w, https:\/\/www.dzwchafingdish.com\/wp-content\/uploads\/2024\/04\/commercial-chafing-dish-wholesale-6-768x1152.webp 768w","medium_srcset":"https:\/\/www.dzwchafingdish.com\/wp-content\/uploads\/2024\/04\/commercial-chafing-dish-wholesale-6-200x300.webp 200w, https:\/\/www.dzwchafingdish.com\/wp-content\/uploads\/2024\/04\/commercial-chafing-dish-wholesale-6-768x1152.webp 768w","media_details":{"width":4000,"height":6000,"sizes":{"medium":{"file":"commercial-chafing-dish-wholesale-6-200x300.webp","width":200,"height":300,"mime-type":"image\/webp","filesize":19688,"source_url":"https:\/\/www.dzwchafingdish.com\/wp-content\/uploads\/2024\/04\/commercial-chafing-dish-wholesale-6-200x300.webp"},"thumbnail":{"file":"commercial-chafing-dish-wholesale-6-150x150.webp","width":150,"height":150,"mime-type":"image\/webp","filesize":8866,"source_url":"https:\/\/www.dzwchafingdish.com\/wp-content\/uploads\/2024\/04\/commercial-chafing-dish-wholesale-6-150x150.webp"},"medium_large":{"file":"commercial-chafing-dish-wholesale-6-768x1152.webp","width":768,"height":1152,"mime-type":"image\/webp","filesize":163758,"source_url":"https:\/\/www.dzwchafingdish.com\/wp-content\/uploads\/2024\/04\/commercial-chafing-dish-wholesale-6-768x1152.webp"}}},"alt_text":"commercial-chafing-dish-wholesale","url":"","target":""}]]}},"_links":{"self":[{"href":"https:\/\/www.dzwchafingdish.com\/pt\/wp-json\/wp\/v2\/product\/4027","targetHints":{"allow":["GET"]}}],"collection":[{"href":"https:\/\/www.dzwchafingdish.com\/pt\/wp-json\/wp\/v2\/product"}],"about":[{"href":"https:\/\/www.dzwchafingdish.com\/pt\/wp-json\/wp\/v2\/types\/product"}],"author":[{"embeddable":true,"href":"https:\/\/www.dzwchafingdish.com\/pt\/wp-json\/wp\/v2\/users\/3"}],"version-history":[{"count":0,"href":"https:\/\/www.dzwchafingdish.com\/pt\/wp-json\/wp\/v2\/product\/4027\/revisions"}],"wp:featuredmedia":[{"embeddable":true,"href":"https:\/\/www.dzwchafingdish.com\/pt\/wp-json\/wp\/v2\/media\/4030"}],"wp:attachment":[{"href":"https:\/\/www.dzwchafingdish.com\/pt\/wp-json\/wp\/v2\/media?parent=4027"}],"wp:term":[{"taxonomy":"product-categories","embeddable":true,"href":"https:\/\/www.dzwchafingdish.com\/pt\/wp-json\/wp\/v2\/product-categories?post=4027"},{"taxonomy":"product-tag","embeddable":true,"href":"https:\/\/www.dzwchafingdish.com\/pt\/wp-json\/wp\/v2\/product-tag?post=4027"}],"curies":[{"name":"wp","href":"https:\/\/api.w.org\/{rel}","templated":true}]}}