{"id":4935,"date":"2025-01-14T12:49:40","date_gmt":"2025-01-14T12:49:40","guid":{"rendered":"https:\/\/www.dzwchafingdish.com\/?post_type=product&#038;p=4935"},"modified":"2025-01-14T12:49:42","modified_gmt":"2025-01-14T12:49:42","slug":"wholesale-buffet-chafer-set","status":"publish","type":"product","link":"https:\/\/www.dzwchafingdish.com\/pt\/product\/wholesale-buffet-chafer-set\/","title":{"rendered":"Conjunto de chafer para buffet por atacado Glod Round com tampa de enrolar"},"content":{"rendered":"<div class=\"wp-block-columns is-layout-flex wp-container-core-columns-is-layout-28f84493 wp-block-columns-is-layout-flex\">\n<div class=\"wp-block-column is-vertically-aligned-top is-layout-flow wp-block-column-is-layout-flow\">\n<h2 class=\"wp-block-heading\" style=\"font-size:18px\"><strong>Conjunto buffet Chafer Dimens\u00e3o<\/strong>l:<\/h2>\n\n\n\n<figure class=\"wp-block-table\"><table class=\"has-fixed-layout\"><tbody><tr><td>ITEM NO.<\/td><td>TAMANHO<\/td><td>COMPRIMENTO<\/td><td>LARGO<\/td><td>ALTURA<\/td><td>N.W \/SET<\/td><\/tr><tr><td>DZW-G221<\/td><td>6L<\/td><td>46 cm<\/td><td>43 cm<\/td><td>39 cm<\/td><td>5600 g<\/td><\/tr><tr><td>DZW-S221<\/td><td>6L<\/td><td>46 cm<\/td><td>43 cm<\/td><td>39 cm<\/td><td>5600 g<\/td><\/tr><\/tbody><\/table><\/figure>\n<\/div>\n\n\n\n<div class=\"wp-block-column is-layout-flow wp-block-column-is-layout-flow\">\n<figure class=\"wp-block-image aligncenter size-full is-resized\"><img fetchpriority=\"high\" decoding=\"async\" width=\"800\" height=\"800\" src=\"https:\/\/www.dzwchafingdish.com\/wp-content\/uploads\/2025\/01\/wholesale-buffet-chafer-set-2.webp\" alt=\"conjunto de chafer buffet por atacado\" class=\"wp-image-4943\" style=\"object-fit:cover;width:440px;height:auto\" srcset=\"https:\/\/www.dzwchafingdish.com\/wp-content\/uploads\/2025\/01\/wholesale-buffet-chafer-set-2.webp 800w, https:\/\/www.dzwchafingdish.com\/wp-content\/uploads\/2025\/01\/wholesale-buffet-chafer-set-2-300x300.webp 300w, https:\/\/www.dzwchafingdish.com\/wp-content\/uploads\/2025\/01\/wholesale-buffet-chafer-set-2-150x150.webp 150w, https:\/\/www.dzwchafingdish.com\/wp-content\/uploads\/2025\/01\/wholesale-buffet-chafer-set-2-768x768.webp 768w, https:\/\/www.dzwchafingdish.com\/wp-content\/uploads\/2025\/01\/wholesale-buffet-chafer-set-2-12x12.webp 12w\" sizes=\"(max-width: 800px) 100vw, 800px\" \/><\/figure>\n<\/div>\n<\/div>\n\n\n\n<div class=\"wp-block-columns is-layout-flex wp-container-core-columns-is-layout-28f84493 wp-block-columns-is-layout-flex\" style=\"font-size:18px\">\n<div class=\"wp-block-column is-layout-flow wp-container-core-column-is-layout-8a368f38 wp-block-column-is-layout-flow\" style=\"border-style:none;border-width:0px\">\n<div class=\"wp-block-columns is-layout-flex wp-container-core-columns-is-layout-28f84493 wp-block-columns-is-layout-flex\">\n<div class=\"wp-block-column is-layout-flow wp-block-column-is-layout-flow\">\n<figure class=\"wp-block-image aligncenter size-full is-resized\"><img decoding=\"async\" width=\"800\" height=\"800\" src=\"https:\/\/www.dzwchafingdish.com\/wp-content\/uploads\/2025\/01\/wholesale-buffet-chafer-set-1.webp\" alt=\"conjunto de chafer buffet por atacado\" class=\"wp-image-4942\" style=\"object-fit:cover;width:443px;height:auto\" srcset=\"https:\/\/www.dzwchafingdish.com\/wp-content\/uploads\/2025\/01\/wholesale-buffet-chafer-set-1.webp 800w, https:\/\/www.dzwchafingdish.com\/wp-content\/uploads\/2025\/01\/wholesale-buffet-chafer-set-1-300x300.webp 300w, https:\/\/www.dzwchafingdish.com\/wp-content\/uploads\/2025\/01\/wholesale-buffet-chafer-set-1-150x150.webp 150w, https:\/\/www.dzwchafingdish.com\/wp-content\/uploads\/2025\/01\/wholesale-buffet-chafer-set-1-768x768.webp 768w, https:\/\/www.dzwchafingdish.com\/wp-content\/uploads\/2025\/01\/wholesale-buffet-chafer-set-1-12x12.webp 12w\" sizes=\"(max-width: 800px) 100vw, 800px\" \/><\/figure>\n<\/div>\n<\/div>\n<\/div>\n\n\n\n<div class=\"wp-block-column is-vertically-aligned-center is-layout-flow wp-container-core-column-is-layout-ba6f69a4 wp-block-column-is-layout-flow\" style=\"border-style:none;border-width:0px;padding-top:0;padding-right:0;padding-bottom:0;padding-left:0;font-size:18px;flex-basis:45%\">\n<h2 class=\"wp-block-heading\" style=\"font-size:18px\"><strong><strong>Conjunto de chaleira para buffet<\/strong> Carater\u00edstica:<\/strong><\/h2>\n\n\n\n<p><strong>C\u00fapula dourada de luxo:<\/strong><br>O design da c\u00fapula dourada n\u00e3o s\u00f3 d\u00e1 uma sensa\u00e7\u00e3o de luxo, como tamb\u00e9m melhora o efeito de exposi\u00e7\u00e3o da restaura\u00e7\u00e3o, especialmente adequado para banquetes de luxo, casamentos e eventos empresariais.<\/p>\n\n\n\n<p><strong>Material em a\u00e7o inoxid\u00e1vel:<\/strong><br>\u00c9 feito de a\u00e7o inoxid\u00e1vel de alta qualidade, que \u00e9 seguro, inodoro e dur\u00e1vel, garantindo uma utiliza\u00e7\u00e3o a longo prazo sem deforma\u00e7\u00e3o e de f\u00e1cil limpeza.<\/p>\n\n\n\n<p><strong>Op\u00e7\u00f5es de superf\u00edcie polida e mate:<\/strong><br>Est\u00e3o dispon\u00edveis op\u00e7\u00f5es de tratamento de superf\u00edcie polido e mate, adequadas para locais de restaura\u00e7\u00e3o modernos, simples e de alta qualidade<\/p>\n\n\n\n<p><strong>Design da tampa superior rolante:<\/strong><br>A tampa rolante \u00e9 f\u00e1cil de abrir e fechar e pode ser facilmente acionada para garantir que os alimentos permanecem quentes durante muito tempo, mantendo-os frescos e saborosos.<\/p>\n\n\n\n<p><strong>Duas op\u00e7\u00f5es de aquecimento:<\/strong><br>S\u00e3o fornecidas placas de aquecimento a \u00e1lcool e el\u00e9ctricas para satisfazer as necessidades de diferentes ocasi\u00f5es.<\/p>\n<\/div>\n<\/div>","protected":false},"excerpt":{"rendered":"<p>Conjunto de buffet Chafer Dimensionl: ITEM NO. TAMANHO COMPRIMENTO LARGURA ALTURA N.W \/ CONJUNTO DZW-G221 6L 46 cm 43 cm 39 cm 5600 g DZW-S221 6L 46 cm 43 cm 39 cm 5600 g Conjunto de Chafer Buffet Carater\u00edstica: Design luxuoso da c\u00fapula dourada: O design da c\u00fapula dourada n\u00e3o s\u00f3 d\u00e1 uma sensa\u00e7\u00e3o de luxo, como tamb\u00e9m melhora o servi\u00e7o de catering [...]<\/p>","protected":false},"author":1,"featured_media":4944,"parent":0,"menu_order":0,"template":"","format":"standard","meta":{"_acf_changed":false,"site-sidebar-layout":"default","site-content-layout":"","ast-site-content-layout":"","site-content-style":"default","site-sidebar-style":"default","ast-global-header-display":"","ast-banner-title-visibility":"","ast-main-header-display":"","ast-hfb-above-header-display":"","ast-hfb-below-header-display":"","ast-hfb-mobile-header-display":"","site-post-title":"","ast-breadcrumbs-content":"","ast-featured-img":"","footer-sml-layout":"","theme-transparent-header-meta":"","adv-header-id-meta":"","stick-header-meta":"","header-above-stick-meta":"","header-main-stick-meta":"","header-below-stick-meta":"","astra-migrate-meta-layouts":"default","ast-page-background-enabled":"default","ast-page-background-meta":{"desktop":{"background-color":"var(--ast-global-color-4)","background-image":"","background-repeat":"repeat","background-position":"center center","background-size":"auto","background-attachment":"scroll","background-type":"","background-media":"","overlay-type":"","overlay-color":"","overlay-opacity":"","overlay-gradient":""},"tablet":{"background-color":"","background-image":"","background-repeat":"repeat","background-position":"center center","background-size":"auto","background-attachment":"scroll","background-type":"","background-media":"","overlay-type":"","overlay-color":"","overlay-opacity":"","overlay-gradient":""},"mobile":{"background-color":"","background-image":"","background-repeat":"repeat","background-position":"center center","background-size":"auto","background-attachment":"scroll","background-type":"","background-media":"","overlay-type":"","overlay-color":"","overlay-opacity":"","overlay-gradient":""}},"ast-content-background-meta":{"desktop":{"background-color":"var(--ast-global-color-5)","background-image":"","background-repeat":"repeat","background-position":"center center","background-size":"auto","background-attachment":"scroll","background-type":"","background-media":"","overlay-type":"","overlay-color":"","overlay-opacity":"","overlay-gradient":""},"tablet":{"background-color":"var(--ast-global-color-5)","background-image":"","background-repeat":"repeat","background-position":"center center","background-size":"auto","background-attachment":"scroll","background-type":"","background-media":"","overlay-type":"","overlay-color":"","overlay-opacity":"","overlay-gradient":""},"mobile":{"background-color":"var(--ast-global-color-5)","background-image":"","background-repeat":"repeat","background-position":"center center","background-size":"auto","background-attachment":"scroll","background-type":"","background-media":"","overlay-type":"","overlay-color":"","overlay-opacity":"","overlay-gradient":""}},"footnotes":""},"product-categories":[63],"product-tag":[90,94,91],"class_list":["post-4935","product","type-product","status-publish","format-standard","has-post-thumbnail","hentry","product-categories-chafing-dish","product-tag-fuel-chafing-dish","product-tag-roll-top-chafing-dish","product-tag-round-chafing-dish"],"acf":{"title":"Conjunto de chafer para buffet por atacado Glod Round com tampa de enrolar","title_source":{"label":"Title","type":"text","formatted_value":"Wholesale Buffet Chafer Set Glod Round with Roll Top Lid"},"short_description":"Custom Buffet Chafer Set , with luxurious gold dome design, dual heating options of alcohol lamp or electric hot plate, customizable color, packaging and logo, is a best seller in the Ghanaian market.","short_description_source":{"label":"Short description","type":"textarea","formatted_value":"Custom Buffet Chafer Set , with luxurious gold dome design, dual heating options of alcohol lamp or electric hot plate, customizable color, packaging and logo, is a best seller in the Ghanaian market."},"parameters":"<table border=\"0\" width=\"275\" cellspacing=\"0\" cellpadding=\"0\">\r\n<tbody>\r\n<tr>\r\n<td width=\"108\" height=\"17\">Manufacturer<\/td>\r\n<td width=\"167\">DONGZHAOWEI<\/td>\r\n<\/tr>\r\n<tr>\r\n<td height=\"17\">Material<\/td>\r\n<td>Stainless Steel 201<\/td>\r\n<\/tr>\r\n<tr>\r\n<td height=\"17\">Capacity<\/td>\r\n<td>6L<\/td>\r\n<\/tr>\r\n<tr>\r\n<td height=\"17\">Color<\/td>\r\n<td>Golden \/ Silver<\/td>\r\n<\/tr>\r\n<tr>\r\n<td height=\"17\">Design<\/td>\r\n<td>Round Dome Shape<\/td>\r\n<\/tr>\r\n<tr>\r\n<td height=\"17\">Tray<\/td>\r\n<td>No divided \/ Divided tray<\/td>\r\n<\/tr>\r\n<tr>\r\n<td height=\"17\">Lid type<\/td>\r\n<td>Roll Top Lid<\/td>\r\n<\/tr>\r\n<tr>\r\n<td height=\"17\">Heat<\/td>\r\n<td>Fuel<\/td>\r\n<\/tr>\r\n<tr>\r\n<td height=\"17\">Custom<\/td>\r\n<td>Color\/Logo\/Package<\/td>\r\n<\/tr>\r\n<\/tbody>\r\n<\/table>","parameters_source":{"label":"Parameters","type":"wysiwyg","formatted_value":"<table border=\"0\" width=\"275\" cellspacing=\"0\" cellpadding=\"0\">\n<tbody>\n<tr>\n<td width=\"108\" height=\"17\">Manufacturer<\/td>\n<td width=\"167\">DONGZHAOWEI<\/td>\n<\/tr>\n<tr>\n<td height=\"17\">Material<\/td>\n<td>Stainless Steel 201<\/td>\n<\/tr>\n<tr>\n<td height=\"17\">Capacity<\/td>\n<td>6L<\/td>\n<\/tr>\n<tr>\n<td height=\"17\">Color<\/td>\n<td>Golden \/ Silver<\/td>\n<\/tr>\n<tr>\n<td height=\"17\">Design<\/td>\n<td>Round Dome Shape<\/td>\n<\/tr>\n<tr>\n<td height=\"17\">Tray<\/td>\n<td>No divided \/ Divided tray<\/td>\n<\/tr>\n<tr>\n<td height=\"17\">Lid type<\/td>\n<td>Roll Top Lid<\/td>\n<\/tr>\n<tr>\n<td height=\"17\">Heat<\/td>\n<td>Fuel<\/td>\n<\/tr>\n<tr>\n<td height=\"17\">Custom<\/td>\n<td>Color\/Logo\/Package<\/td>\n<\/tr>\n<\/tbody>\n<\/table>\n"},"photo_gallery":{"product_gallery":[[{"id":4943,"title":"wholesale buffet chafer set (2)","caption":"wholesale buffet chafer set","full_image_url":"https:\/\/www.dzwchafingdish.com\/wp-content\/uploads\/2025\/01\/wholesale-buffet-chafer-set-2.webp","thumbnail_image_url":"https:\/\/www.dzwchafingdish.com\/wp-content\/uploads\/2025\/01\/wholesale-buffet-chafer-set-2-150x150.webp","large_srcset":"https:\/\/www.dzwchafingdish.com\/wp-content\/uploads\/2025\/01\/wholesale-buffet-chafer-set-2.webp 800w, https:\/\/www.dzwchafingdish.com\/wp-content\/uploads\/2025\/01\/wholesale-buffet-chafer-set-2-300x300.webp 300w, https:\/\/www.dzwchafingdish.com\/wp-content\/uploads\/2025\/01\/wholesale-buffet-chafer-set-2-150x150.webp 150w, https:\/\/www.dzwchafingdish.com\/wp-content\/uploads\/2025\/01\/wholesale-buffet-chafer-set-2-768x768.webp 768w, https:\/\/www.dzwchafingdish.com\/wp-content\/uploads\/2025\/01\/wholesale-buffet-chafer-set-2-12x12.webp 12w","medium_srcset":"https:\/\/www.dzwchafingdish.com\/wp-content\/uploads\/2025\/01\/wholesale-buffet-chafer-set-2-300x300.webp 300w, https:\/\/www.dzwchafingdish.com\/wp-content\/uploads\/2025\/01\/wholesale-buffet-chafer-set-2-150x150.webp 150w, https:\/\/www.dzwchafingdish.com\/wp-content\/uploads\/2025\/01\/wholesale-buffet-chafer-set-2-768x768.webp 768w, https:\/\/www.dzwchafingdish.com\/wp-content\/uploads\/2025\/01\/wholesale-buffet-chafer-set-2-12x12.webp 12w, https:\/\/www.dzwchafingdish.com\/wp-content\/uploads\/2025\/01\/wholesale-buffet-chafer-set-2.webp 800w","media_details":{"width":800,"height":800,"sizes":{"medium":{"file":"wholesale-buffet-chafer-set-2-300x300.webp","width":300,"height":300,"mime-type":"image\/webp","filesize":6014,"source_url":"https:\/\/www.dzwchafingdish.com\/wp-content\/uploads\/2025\/01\/wholesale-buffet-chafer-set-2-300x300.webp"},"thumbnail":{"file":"wholesale-buffet-chafer-set-2-150x150.webp","width":150,"height":150,"mime-type":"image\/webp","filesize":2354,"source_url":"https:\/\/www.dzwchafingdish.com\/wp-content\/uploads\/2025\/01\/wholesale-buffet-chafer-set-2-150x150.webp"},"medium_large":{"file":"wholesale-buffet-chafer-set-2-768x768.webp","width":768,"height":768,"mime-type":"image\/webp","filesize":20482,"source_url":"https:\/\/www.dzwchafingdish.com\/wp-content\/uploads\/2025\/01\/wholesale-buffet-chafer-set-2-768x768.webp"},"trp-custom-language-flag":{"file":"wholesale-buffet-chafer-set-2-12x12.webp","width":12,"height":12,"mime-type":"image\/webp","filesize":152,"source_url":"https:\/\/www.dzwchafingdish.com\/wp-content\/uploads\/2025\/01\/wholesale-buffet-chafer-set-2-12x12.webp"}}},"alt_text":"wholesale buffet chafer set","url":"","target":""},{"id":4942,"title":"wholesale buffet chafer set (1)","caption":"wholesale buffet chafer set","full_image_url":"https:\/\/www.dzwchafingdish.com\/wp-content\/uploads\/2025\/01\/wholesale-buffet-chafer-set-1.webp","thumbnail_image_url":"https:\/\/www.dzwchafingdish.com\/wp-content\/uploads\/2025\/01\/wholesale-buffet-chafer-set-1-150x150.webp","large_srcset":"https:\/\/www.dzwchafingdish.com\/wp-content\/uploads\/2025\/01\/wholesale-buffet-chafer-set-1.webp 800w, https:\/\/www.dzwchafingdish.com\/wp-content\/uploads\/2025\/01\/wholesale-buffet-chafer-set-1-300x300.webp 300w, https:\/\/www.dzwchafingdish.com\/wp-content\/uploads\/2025\/01\/wholesale-buffet-chafer-set-1-150x150.webp 150w, https:\/\/www.dzwchafingdish.com\/wp-content\/uploads\/2025\/01\/wholesale-buffet-chafer-set-1-768x768.webp 768w, https:\/\/www.dzwchafingdish.com\/wp-content\/uploads\/2025\/01\/wholesale-buffet-chafer-set-1-12x12.webp 12w","medium_srcset":"https:\/\/www.dzwchafingdish.com\/wp-content\/uploads\/2025\/01\/wholesale-buffet-chafer-set-1-300x300.webp 300w, https:\/\/www.dzwchafingdish.com\/wp-content\/uploads\/2025\/01\/wholesale-buffet-chafer-set-1-150x150.webp 150w, https:\/\/www.dzwchafingdish.com\/wp-content\/uploads\/2025\/01\/wholesale-buffet-chafer-set-1-768x768.webp 768w, https:\/\/www.dzwchafingdish.com\/wp-content\/uploads\/2025\/01\/wholesale-buffet-chafer-set-1-12x12.webp 12w, https:\/\/www.dzwchafingdish.com\/wp-content\/uploads\/2025\/01\/wholesale-buffet-chafer-set-1.webp 800w","media_details":{"width":800,"height":800,"sizes":{"medium":{"file":"wholesale-buffet-chafer-set-1-300x300.webp","width":300,"height":300,"mime-type":"image\/webp","filesize":6654,"source_url":"https:\/\/www.dzwchafingdish.com\/wp-content\/uploads\/2025\/01\/wholesale-buffet-chafer-set-1-300x300.webp"},"thumbnail":{"file":"wholesale-buffet-chafer-set-1-150x150.webp","width":150,"height":150,"mime-type":"image\/webp","filesize":2744,"source_url":"https:\/\/www.dzwchafingdish.com\/wp-content\/uploads\/2025\/01\/wholesale-buffet-chafer-set-1-150x150.webp"},"medium_large":{"file":"wholesale-buffet-chafer-set-1-768x768.webp","width":768,"height":768,"mime-type":"image\/webp","filesize":21702,"source_url":"https:\/\/www.dzwchafingdish.com\/wp-content\/uploads\/2025\/01\/wholesale-buffet-chafer-set-1-768x768.webp"},"trp-custom-language-flag":{"file":"wholesale-buffet-chafer-set-1-12x12.webp","width":12,"height":12,"mime-type":"image\/webp","filesize":152,"source_url":"https:\/\/www.dzwchafingdish.com\/wp-content\/uploads\/2025\/01\/wholesale-buffet-chafer-set-1-12x12.webp"}}},"alt_text":"wholesale buffet chafer set","url":"","target":""}]]}},"_links":{"self":[{"href":"https:\/\/www.dzwchafingdish.com\/pt\/wp-json\/wp\/v2\/product\/4935","targetHints":{"allow":["GET"]}}],"collection":[{"href":"https:\/\/www.dzwchafingdish.com\/pt\/wp-json\/wp\/v2\/product"}],"about":[{"href":"https:\/\/www.dzwchafingdish.com\/pt\/wp-json\/wp\/v2\/types\/product"}],"author":[{"embeddable":true,"href":"https:\/\/www.dzwchafingdish.com\/pt\/wp-json\/wp\/v2\/users\/1"}],"version-history":[{"count":0,"href":"https:\/\/www.dzwchafingdish.com\/pt\/wp-json\/wp\/v2\/product\/4935\/revisions"}],"wp:featuredmedia":[{"embeddable":true,"href":"https:\/\/www.dzwchafingdish.com\/pt\/wp-json\/wp\/v2\/media\/4944"}],"wp:attachment":[{"href":"https:\/\/www.dzwchafingdish.com\/pt\/wp-json\/wp\/v2\/media?parent=4935"}],"wp:term":[{"taxonomy":"product-categories","embeddable":true,"href":"https:\/\/www.dzwchafingdish.com\/pt\/wp-json\/wp\/v2\/product-categories?post=4935"},{"taxonomy":"product-tag","embeddable":true,"href":"https:\/\/www.dzwchafingdish.com\/pt\/wp-json\/wp\/v2\/product-tag?post=4935"}],"curies":[{"name":"wp","href":"https:\/\/api.w.org\/{rel}","templated":true}]}}