{"id":4973,"date":"2025-01-18T01:48:51","date_gmt":"2025-01-18T01:48:51","guid":{"rendered":"https:\/\/www.dzwchafingdish.com\/?post_type=product&#038;p=4973"},"modified":"2025-01-18T02:08:14","modified_gmt":"2025-01-18T02:08:14","slug":"wholesale-chafing-dish-with-glass-lid-2","status":"publish","type":"product","link":"https:\/\/www.dzwchafingdish.com\/pt\/product\/wholesale-chafing-dish-with-glass-lid-2\/","title":{"rendered":"Prato para assar por atacado com tampa de vidro em a\u00e7o inoxid\u00e1vel Rose Gold"},"content":{"rendered":"<div class=\"wp-block-columns is-layout-flex wp-container-core-columns-is-layout-28f84493 wp-block-columns-is-layout-flex\">\n<div class=\"wp-block-column is-vertically-aligned-top is-layout-flow wp-block-column-is-layout-flow\">\n<h2 class=\"wp-block-heading\" style=\"font-size:18px\">Tamanho da travessa com tampa de vidro:<\/h2>\n\n\n\n<figure class=\"wp-block-table\"><table class=\"has-fixed-layout\"><tbody><tr><td>ITEM NO.<\/td><td>Cor<\/td><td>TAMANHO<\/td><td>COMPRIMENTO<\/td><td>LARGO<\/td><td>ALTURA<\/td><td>N.W \/SET<\/td><\/tr><tr><td>DZW-R323<\/td><td>Ouro rosa<\/td><td>9L<\/td><td>57 cm<\/td><td>43 cm<\/td><td>27,5 cm<\/td><td>7300 g<\/td><\/tr><tr><td>DZW-S323<\/td><td>Prata<\/td><td>9L<\/td><td>57 cm<\/td><td>43 cm<\/td><td>27,5 cm<\/td><td>7300 g<\/td><\/tr><tr><td>DZW-H323<\/td><td>Semi-dourado<\/td><td>9L<\/td><td>57 cm<\/td><td>43 cm<\/td><td>27,5 cm<\/td><td>7300 g<\/td><\/tr><tr><td>DZW-G323<\/td><td>Ouro<\/td><td>9L<\/td><td>57 cm<\/td><td>43 cm<\/td><td>27,5 cm<\/td><td>7300 g<\/td><\/tr><\/tbody><\/table><\/figure>\n<\/div>\n\n\n\n<div class=\"wp-block-column is-layout-flow wp-block-column-is-layout-flow\">\n<figure class=\"wp-block-image aligncenter size-full is-resized\"><img fetchpriority=\"high\" decoding=\"async\" width=\"800\" height=\"800\" src=\"https:\/\/www.dzwchafingdish.com\/wp-content\/uploads\/2025\/01\/chafing-dish-with-glass-lid-wholesale-2.webp\" alt=\"travessa com tampa de vidro por atacado\" class=\"wp-image-4958\" style=\"object-fit:cover;width:440px;height:auto\" srcset=\"https:\/\/www.dzwchafingdish.com\/wp-content\/uploads\/2025\/01\/chafing-dish-with-glass-lid-wholesale-2.webp 800w, https:\/\/www.dzwchafingdish.com\/wp-content\/uploads\/2025\/01\/chafing-dish-with-glass-lid-wholesale-2-300x300.webp 300w, https:\/\/www.dzwchafingdish.com\/wp-content\/uploads\/2025\/01\/chafing-dish-with-glass-lid-wholesale-2-150x150.webp 150w, https:\/\/www.dzwchafingdish.com\/wp-content\/uploads\/2025\/01\/chafing-dish-with-glass-lid-wholesale-2-768x768.webp 768w, https:\/\/www.dzwchafingdish.com\/wp-content\/uploads\/2025\/01\/chafing-dish-with-glass-lid-wholesale-2-12x12.webp 12w\" sizes=\"(max-width: 800px) 100vw, 800px\" \/><\/figure>\n<\/div>\n<\/div>\n\n\n\n<div class=\"wp-block-columns is-layout-flex wp-container-core-columns-is-layout-28f84493 wp-block-columns-is-layout-flex\" style=\"font-size:18px\">\n<div class=\"wp-block-column is-layout-flow wp-container-core-column-is-layout-8a368f38 wp-block-column-is-layout-flow\" style=\"border-style:none;border-width:0px\">\n<div class=\"wp-block-columns is-layout-flex wp-container-core-columns-is-layout-28f84493 wp-block-columns-is-layout-flex\">\n<div class=\"wp-block-column is-layout-flow wp-block-column-is-layout-flow\">\n<figure class=\"wp-block-image aligncenter size-full is-resized\"><img decoding=\"async\" width=\"800\" height=\"800\" src=\"https:\/\/www.dzwchafingdish.com\/wp-content\/uploads\/2025\/01\/chafing-dish-with-glass-lid-wholesale-3.webp\" alt=\"travessa com tampa de vidro por atacado\" class=\"wp-image-4959\" style=\"object-fit:cover;width:443px;height:auto\" srcset=\"https:\/\/www.dzwchafingdish.com\/wp-content\/uploads\/2025\/01\/chafing-dish-with-glass-lid-wholesale-3.webp 800w, https:\/\/www.dzwchafingdish.com\/wp-content\/uploads\/2025\/01\/chafing-dish-with-glass-lid-wholesale-3-300x300.webp 300w, https:\/\/www.dzwchafingdish.com\/wp-content\/uploads\/2025\/01\/chafing-dish-with-glass-lid-wholesale-3-150x150.webp 150w, https:\/\/www.dzwchafingdish.com\/wp-content\/uploads\/2025\/01\/chafing-dish-with-glass-lid-wholesale-3-768x768.webp 768w, https:\/\/www.dzwchafingdish.com\/wp-content\/uploads\/2025\/01\/chafing-dish-with-glass-lid-wholesale-3-12x12.webp 12w\" sizes=\"(max-width: 800px) 100vw, 800px\" \/><\/figure>\n<\/div>\n<\/div>\n<\/div>\n\n\n\n<div class=\"wp-block-column is-vertically-aligned-center is-layout-flow wp-container-core-column-is-layout-ba6f69a4 wp-block-column-is-layout-flow\" style=\"border-style:none;border-width:0px;padding-top:0;padding-right:0;padding-bottom:0;padding-left:0;font-size:18px;flex-basis:45%\">\n<h2 class=\"wp-block-heading\" style=\"font-size:18px\">Prato para chafing com tampa de vidro Carater\u00edstica:<\/h2>\n\n\n\n<p><strong>Material de a\u00e7o inoxid\u00e1vel de alta qualidade: <\/strong>A chafing dish \u00e9 feita de a\u00e7o inoxid\u00e1vel duradouro, resistente ao desgaste e a altas temperaturas, aquece uniformemente e pode ser utilizada durante muito tempo.<\/p>\n\n\n\n<p><strong>Aspeto elegante em ouro rosa: <\/strong>A cor \u00fanica do ouro rosa real\u00e7a o luxo do produto, adequado para banquetes e ocasi\u00f5es de luxo, e pode acrescentar uma atmosfera elegante e refinada \u00e0 mesa de jantar.<\/p>\n\n\n\n<p><strong>Retangular 9L de grande capacidade: <\/strong>A grande capacidade de 9L em tamanho real \u00e9 muito adequada para grandes banquetes, buffets de hotel, casamentos e outras ocasi\u00f5es, e pode acomodar uma grande quantidade de alimentos.<\/p>\n\n\n\n<p><strong>Grande tampa de vidro com dobradi\u00e7as: <\/strong>O design da tampa de vidro grande n\u00e3o s\u00f3 \u00e9 conveniente para ver os alimentos no interior, como tamb\u00e9m mant\u00e9m eficazmente a temperatura dos alimentos. O dispositivo hidr\u00e1ulico assegura a estabilidade da tampa e \u00e9 mais suave e silencioso ao abrir e fechar.<\/p>\n\n\n\n<p><strong>Duas op\u00e7\u00f5es de aquecimento:<\/strong> A base de combust\u00edvel est\u00e1 configurada para suportar o aquecimento de l\u00e2mpadas a \u00e1lcool e pode ser substitu\u00edda por um sistema de aquecimento el\u00e9trico. Escolha o m\u00e9todo de aquecimento mais adequado de acordo com os diferentes ambientes e necessidades.<\/p>\n<\/div>\n<\/div>\n\n\n\n<p><\/p>","protected":false},"excerpt":{"rendered":"<p>Tamanho do prato para chafing com tampa de vidro: ITEM NO. Cor TAMANHO COMPRIMENTO LARGURA ALTURA N.W \/ CONJUNTO DZW-R323 Ouro rosa 9L 57 cm 43 cm 27,5 cm 7300 g DZW-S323 Prata 9L 57 cm 43 cm 27,5 cm 7300 g DZW-H323 Semi-dourado 9L 57 cm 43 cm 27,5 cm 7300 g DZW-G323 Ouro 9L 57 cm [...]<\/p>","protected":false},"author":1,"featured_media":4957,"parent":0,"menu_order":0,"template":"","format":"standard","meta":{"_acf_changed":false,"site-sidebar-layout":"default","site-content-layout":"","ast-site-content-layout":"","site-content-style":"default","site-sidebar-style":"default","ast-global-header-display":"","ast-banner-title-visibility":"","ast-main-header-display":"","ast-hfb-above-header-display":"","ast-hfb-below-header-display":"","ast-hfb-mobile-header-display":"","site-post-title":"","ast-breadcrumbs-content":"","ast-featured-img":"","footer-sml-layout":"","theme-transparent-header-meta":"","adv-header-id-meta":"","stick-header-meta":"","header-above-stick-meta":"","header-main-stick-meta":"","header-below-stick-meta":"","astra-migrate-meta-layouts":"default","ast-page-background-enabled":"default","ast-page-background-meta":{"desktop":{"background-color":"var(--ast-global-color-4)","background-image":"","background-repeat":"repeat","background-position":"center center","background-size":"auto","background-attachment":"scroll","background-type":"","background-media":"","overlay-type":"","overlay-color":"","overlay-opacity":"","overlay-gradient":""},"tablet":{"background-color":"","background-image":"","background-repeat":"repeat","background-position":"center center","background-size":"auto","background-attachment":"scroll","background-type":"","background-media":"","overlay-type":"","overlay-color":"","overlay-opacity":"","overlay-gradient":""},"mobile":{"background-color":"","background-image":"","background-repeat":"repeat","background-position":"center center","background-size":"auto","background-attachment":"scroll","background-type":"","background-media":"","overlay-type":"","overlay-color":"","overlay-opacity":"","overlay-gradient":""}},"ast-content-background-meta":{"desktop":{"background-color":"var(--ast-global-color-5)","background-image":"","background-repeat":"repeat","background-position":"center center","background-size":"auto","background-attachment":"scroll","background-type":"","background-media":"","overlay-type":"","overlay-color":"","overlay-opacity":"","overlay-gradient":""},"tablet":{"background-color":"var(--ast-global-color-5)","background-image":"","background-repeat":"repeat","background-position":"center center","background-size":"auto","background-attachment":"scroll","background-type":"","background-media":"","overlay-type":"","overlay-color":"","overlay-opacity":"","overlay-gradient":""},"mobile":{"background-color":"var(--ast-global-color-5)","background-image":"","background-repeat":"repeat","background-position":"center center","background-size":"auto","background-attachment":"scroll","background-type":"","background-media":"","overlay-type":"","overlay-color":"","overlay-opacity":"","overlay-gradient":""}},"footnotes":""},"product-categories":[63],"product-tag":[95,96,90,93],"class_list":["post-4973","product","type-product","status-publish","format-standard","has-post-thumbnail","hentry","product-categories-chafing-dish","product-tag-chafing-dish-with-glass-lid","product-tag-chafing-dish-with-hinged-lid","product-tag-fuel-chafing-dish","product-tag-rectangular-chafing-dish"],"acf":{"title":"Prato para assar por atacado com tampa de vidro em a\u00e7o inoxid\u00e1vel Rose Gold","title_source":{"label":"Title","type":"text","formatted_value":"Wholesale Chafing Dish with Glass Lid Stainless Steel Rose Gold"},"short_description":"New arrival, elegant rose gold chafing dish with glass lid, modern and luxurious, perfect for weddings, banquets, and other formal occasions. Dongzhaowei chafing dish manufacturer supplies, provides customized services to meet personalized needs. Welcome to inquire","short_description_source":{"label":"Short description","type":"textarea","formatted_value":"New arrival, elegant rose gold chafing dish with glass lid, modern and luxurious, perfect for weddings, banquets, and other formal occasions. Dongzhaowei chafing dish manufacturer supplies, provides customized services to meet personalized needs. Welcome to inquire"},"parameters":"<table border=\"0\" width=\"275\" cellspacing=\"0\" cellpadding=\"0\">\r\n<tbody>\r\n<tr>\r\n<td width=\"108\" height=\"17\">Manufacturer<\/td>\r\n<td width=\"167\">DONGZHAOWEI<\/td>\r\n<\/tr>\r\n<tr>\r\n<td height=\"17\">Material<\/td>\r\n<td>Stainless Steel 201<\/td>\r\n<\/tr>\r\n<tr>\r\n<td height=\"17\">Capacity<\/td>\r\n<td>9 L<\/td>\r\n<\/tr>\r\n<tr>\r\n<td height=\"17\">Color<\/td>\r\n<td>Rose Gold<\/td>\r\n<\/tr>\r\n<tr>\r\n<td height=\"17\">Design<\/td>\r\n<td>Rectangular<\/td>\r\n<\/tr>\r\n<tr>\r\n<td height=\"17\">Tray<\/td>\r\n<td>No divided \/ Divided tray<\/td>\r\n<\/tr>\r\n<tr>\r\n<td height=\"17\">Lid type<\/td>\r\n<td>Glass Hydraulic Lid<\/td>\r\n<\/tr>\r\n<tr>\r\n<td height=\"17\">Heat<\/td>\r\n<td>Fuel or Electric<\/td>\r\n<\/tr>\r\n<tr>\r\n<td height=\"17\">Custom<\/td>\r\n<td>Color\/Logo\/Package<\/td>\r\n<\/tr>\r\n<\/tbody>\r\n<\/table>","parameters_source":{"label":"Parameters","type":"wysiwyg","formatted_value":"<table border=\"0\" width=\"275\" cellspacing=\"0\" cellpadding=\"0\">\n<tbody>\n<tr>\n<td width=\"108\" height=\"17\">Manufacturer<\/td>\n<td width=\"167\">DONGZHAOWEI<\/td>\n<\/tr>\n<tr>\n<td height=\"17\">Material<\/td>\n<td>Stainless Steel 201<\/td>\n<\/tr>\n<tr>\n<td height=\"17\">Capacity<\/td>\n<td>9 L<\/td>\n<\/tr>\n<tr>\n<td height=\"17\">Color<\/td>\n<td>Rose Gold<\/td>\n<\/tr>\n<tr>\n<td height=\"17\">Design<\/td>\n<td>Rectangular<\/td>\n<\/tr>\n<tr>\n<td height=\"17\">Tray<\/td>\n<td>No divided \/ Divided tray<\/td>\n<\/tr>\n<tr>\n<td height=\"17\">Lid type<\/td>\n<td>Glass Hydraulic Lid<\/td>\n<\/tr>\n<tr>\n<td height=\"17\">Heat<\/td>\n<td>Fuel or Electric<\/td>\n<\/tr>\n<tr>\n<td height=\"17\">Custom<\/td>\n<td>Color\/Logo\/Package<\/td>\n<\/tr>\n<\/tbody>\n<\/table>\n"},"photo_gallery":{"product_gallery":[[{"id":4959,"title":"chafing dish with glass lid wholesale (3)","caption":"chafing dish with glass lid wholesale","full_image_url":"https:\/\/www.dzwchafingdish.com\/wp-content\/uploads\/2025\/01\/chafing-dish-with-glass-lid-wholesale-3.webp","thumbnail_image_url":"https:\/\/www.dzwchafingdish.com\/wp-content\/uploads\/2025\/01\/chafing-dish-with-glass-lid-wholesale-3-150x150.webp","large_srcset":"https:\/\/www.dzwchafingdish.com\/wp-content\/uploads\/2025\/01\/chafing-dish-with-glass-lid-wholesale-3.webp 800w, https:\/\/www.dzwchafingdish.com\/wp-content\/uploads\/2025\/01\/chafing-dish-with-glass-lid-wholesale-3-300x300.webp 300w, https:\/\/www.dzwchafingdish.com\/wp-content\/uploads\/2025\/01\/chafing-dish-with-glass-lid-wholesale-3-150x150.webp 150w, https:\/\/www.dzwchafingdish.com\/wp-content\/uploads\/2025\/01\/chafing-dish-with-glass-lid-wholesale-3-768x768.webp 768w, https:\/\/www.dzwchafingdish.com\/wp-content\/uploads\/2025\/01\/chafing-dish-with-glass-lid-wholesale-3-12x12.webp 12w","medium_srcset":"https:\/\/www.dzwchafingdish.com\/wp-content\/uploads\/2025\/01\/chafing-dish-with-glass-lid-wholesale-3-300x300.webp 300w, https:\/\/www.dzwchafingdish.com\/wp-content\/uploads\/2025\/01\/chafing-dish-with-glass-lid-wholesale-3-150x150.webp 150w, https:\/\/www.dzwchafingdish.com\/wp-content\/uploads\/2025\/01\/chafing-dish-with-glass-lid-wholesale-3-768x768.webp 768w, https:\/\/www.dzwchafingdish.com\/wp-content\/uploads\/2025\/01\/chafing-dish-with-glass-lid-wholesale-3-12x12.webp 12w, https:\/\/www.dzwchafingdish.com\/wp-content\/uploads\/2025\/01\/chafing-dish-with-glass-lid-wholesale-3.webp 800w","media_details":{"width":800,"height":800,"sizes":{"medium":{"file":"chafing-dish-with-glass-lid-wholesale-3-300x300.webp","width":300,"height":300,"mime-type":"image\/webp","filesize":8674,"source_url":"https:\/\/www.dzwchafingdish.com\/wp-content\/uploads\/2025\/01\/chafing-dish-with-glass-lid-wholesale-3-300x300.webp"},"thumbnail":{"file":"chafing-dish-with-glass-lid-wholesale-3-150x150.webp","width":150,"height":150,"mime-type":"image\/webp","filesize":3320,"source_url":"https:\/\/www.dzwchafingdish.com\/wp-content\/uploads\/2025\/01\/chafing-dish-with-glass-lid-wholesale-3-150x150.webp"},"medium_large":{"file":"chafing-dish-with-glass-lid-wholesale-3-768x768.webp","width":768,"height":768,"mime-type":"image\/webp","filesize":30774,"source_url":"https:\/\/www.dzwchafingdish.com\/wp-content\/uploads\/2025\/01\/chafing-dish-with-glass-lid-wholesale-3-768x768.webp"},"trp-custom-language-flag":{"file":"chafing-dish-with-glass-lid-wholesale-3-12x12.webp","width":12,"height":12,"mime-type":"image\/webp","filesize":148,"source_url":"https:\/\/www.dzwchafingdish.com\/wp-content\/uploads\/2025\/01\/chafing-dish-with-glass-lid-wholesale-3-12x12.webp"}}},"alt_text":"chafing dish with glass lid wholesale","url":"","target":""},{"id":4958,"title":"chafing dish with glass lid wholesale (2)","caption":"chafing dish with glass lid wholesale","full_image_url":"https:\/\/www.dzwchafingdish.com\/wp-content\/uploads\/2025\/01\/chafing-dish-with-glass-lid-wholesale-2.webp","thumbnail_image_url":"https:\/\/www.dzwchafingdish.com\/wp-content\/uploads\/2025\/01\/chafing-dish-with-glass-lid-wholesale-2-150x150.webp","large_srcset":"https:\/\/www.dzwchafingdish.com\/wp-content\/uploads\/2025\/01\/chafing-dish-with-glass-lid-wholesale-2.webp 800w, https:\/\/www.dzwchafingdish.com\/wp-content\/uploads\/2025\/01\/chafing-dish-with-glass-lid-wholesale-2-300x300.webp 300w, https:\/\/www.dzwchafingdish.com\/wp-content\/uploads\/2025\/01\/chafing-dish-with-glass-lid-wholesale-2-150x150.webp 150w, https:\/\/www.dzwchafingdish.com\/wp-content\/uploads\/2025\/01\/chafing-dish-with-glass-lid-wholesale-2-768x768.webp 768w, https:\/\/www.dzwchafingdish.com\/wp-content\/uploads\/2025\/01\/chafing-dish-with-glass-lid-wholesale-2-12x12.webp 12w","medium_srcset":"https:\/\/www.dzwchafingdish.com\/wp-content\/uploads\/2025\/01\/chafing-dish-with-glass-lid-wholesale-2-300x300.webp 300w, https:\/\/www.dzwchafingdish.com\/wp-content\/uploads\/2025\/01\/chafing-dish-with-glass-lid-wholesale-2-150x150.webp 150w, https:\/\/www.dzwchafingdish.com\/wp-content\/uploads\/2025\/01\/chafing-dish-with-glass-lid-wholesale-2-768x768.webp 768w, https:\/\/www.dzwchafingdish.com\/wp-content\/uploads\/2025\/01\/chafing-dish-with-glass-lid-wholesale-2-12x12.webp 12w, https:\/\/www.dzwchafingdish.com\/wp-content\/uploads\/2025\/01\/chafing-dish-with-glass-lid-wholesale-2.webp 800w","media_details":{"width":800,"height":800,"sizes":{"medium":{"file":"chafing-dish-with-glass-lid-wholesale-2-300x300.webp","width":300,"height":300,"mime-type":"image\/webp","filesize":7526,"source_url":"https:\/\/www.dzwchafingdish.com\/wp-content\/uploads\/2025\/01\/chafing-dish-with-glass-lid-wholesale-2-300x300.webp"},"thumbnail":{"file":"chafing-dish-with-glass-lid-wholesale-2-150x150.webp","width":150,"height":150,"mime-type":"image\/webp","filesize":2850,"source_url":"https:\/\/www.dzwchafingdish.com\/wp-content\/uploads\/2025\/01\/chafing-dish-with-glass-lid-wholesale-2-150x150.webp"},"medium_large":{"file":"chafing-dish-with-glass-lid-wholesale-2-768x768.webp","width":768,"height":768,"mime-type":"image\/webp","filesize":26156,"source_url":"https:\/\/www.dzwchafingdish.com\/wp-content\/uploads\/2025\/01\/chafing-dish-with-glass-lid-wholesale-2-768x768.webp"},"trp-custom-language-flag":{"file":"chafing-dish-with-glass-lid-wholesale-2-12x12.webp","width":12,"height":12,"mime-type":"image\/webp","filesize":134,"source_url":"https:\/\/www.dzwchafingdish.com\/wp-content\/uploads\/2025\/01\/chafing-dish-with-glass-lid-wholesale-2-12x12.webp"}}},"alt_text":"chafing dish with glass lid wholesale","url":"","target":""}]]}},"_links":{"self":[{"href":"https:\/\/www.dzwchafingdish.com\/pt\/wp-json\/wp\/v2\/product\/4973","targetHints":{"allow":["GET"]}}],"collection":[{"href":"https:\/\/www.dzwchafingdish.com\/pt\/wp-json\/wp\/v2\/product"}],"about":[{"href":"https:\/\/www.dzwchafingdish.com\/pt\/wp-json\/wp\/v2\/types\/product"}],"author":[{"embeddable":true,"href":"https:\/\/www.dzwchafingdish.com\/pt\/wp-json\/wp\/v2\/users\/1"}],"version-history":[{"count":0,"href":"https:\/\/www.dzwchafingdish.com\/pt\/wp-json\/wp\/v2\/product\/4973\/revisions"}],"wp:featuredmedia":[{"embeddable":true,"href":"https:\/\/www.dzwchafingdish.com\/pt\/wp-json\/wp\/v2\/media\/4957"}],"wp:attachment":[{"href":"https:\/\/www.dzwchafingdish.com\/pt\/wp-json\/wp\/v2\/media?parent=4973"}],"wp:term":[{"taxonomy":"product-categories","embeddable":true,"href":"https:\/\/www.dzwchafingdish.com\/pt\/wp-json\/wp\/v2\/product-categories?post=4973"},{"taxonomy":"product-tag","embeddable":true,"href":"https:\/\/www.dzwchafingdish.com\/pt\/wp-json\/wp\/v2\/product-tag?post=4973"}],"curies":[{"name":"wp","href":"https:\/\/api.w.org\/{rel}","templated":true}]}}