{"id":7293,"date":"2026-02-05T10:15:41","date_gmt":"2026-02-05T10:15:41","guid":{"rendered":"https:\/\/www.dzwchafingdish.com\/?post_type=product&#038;p=7293"},"modified":"2026-02-05T10:15:42","modified_gmt":"2026-02-05T10:15:42","slug":"wholesale-catering-chafing-dish","status":"publish","type":"product","link":"https:\/\/www.dzwchafingdish.com\/pt\/product\/wholesale-catering-chafing-dish\/","title":{"rendered":"Prato para buffet por atacado Estrela dourada de luxo, aquecedor de buffet em a\u00e7o inoxid\u00e1vel 8L personalizado"},"content":{"rendered":"<div class=\"wp-block-columns is-layout-flex wp-container-core-columns-is-layout-28f84493 wp-block-columns-is-layout-flex\">\n<div class=\"wp-block-column is-vertically-aligned-center is-layout-flow wp-block-column-is-layout-flow\">\n<h2 class=\"wp-block-heading\">Prato para catering Dimens\u00e3o:<\/h2>\n\n\n\n<figure class=\"wp-block-table\"><table><tbody><tr><td>ITEM NO.<\/td><td>Cor<\/td><td>Capacidade<\/td><td>COMPRIMENTO<\/td><td>LARGO<\/td><td>ALTURA<\/td><td>N.W \/SET<\/td><\/tr><tr><td>DZW-GS080<\/td><td>Ouro<\/td><td>8L<\/td><td>38 cm<\/td><td>40 cm<\/td><td>64 cm<\/td><td>4,900 g<\/td><\/tr><\/tbody><\/table><\/figure>\n<\/div>\n\n\n\n<div class=\"wp-block-column is-layout-flow wp-block-column-is-layout-flow\">\n<div class=\"wp-block-columns is-layout-flex wp-container-core-columns-is-layout-28f84493 wp-block-columns-is-layout-flex\">\n<div class=\"wp-block-column is-layout-flow wp-block-column-is-layout-flow\">\n<div class=\"wp-block-columns is-layout-flex wp-container-core-columns-is-layout-28f84493 wp-block-columns-is-layout-flex\">\n<div class=\"wp-block-column is-layout-flow wp-block-column-is-layout-flow\">\n<figure class=\"wp-block-image size-full\"><img fetchpriority=\"high\" decoding=\"async\" width=\"712\" height=\"712\" src=\"https:\/\/www.dzwchafingdish.com\/wp-content\/uploads\/2026\/02\/Wholesale-Catering-Chafing-Dish-Golden-Luxury-Star-Chafing-Dish-2.webp\" alt=\"Prato para assar para catering por atacado Prato para assar estrela de luxo dourado (2)\" class=\"wp-image-7295\" srcset=\"https:\/\/www.dzwchafingdish.com\/wp-content\/uploads\/2026\/02\/Wholesale-Catering-Chafing-Dish-Golden-Luxury-Star-Chafing-Dish-2.webp 712w, https:\/\/www.dzwchafingdish.com\/wp-content\/uploads\/2026\/02\/Wholesale-Catering-Chafing-Dish-Golden-Luxury-Star-Chafing-Dish-2-300x300.webp 300w, https:\/\/www.dzwchafingdish.com\/wp-content\/uploads\/2026\/02\/Wholesale-Catering-Chafing-Dish-Golden-Luxury-Star-Chafing-Dish-2-150x150.webp 150w, https:\/\/www.dzwchafingdish.com\/wp-content\/uploads\/2026\/02\/Wholesale-Catering-Chafing-Dish-Golden-Luxury-Star-Chafing-Dish-2-12x12.webp 12w\" sizes=\"(max-width: 712px) 100vw, 712px\" \/><\/figure>\n<\/div>\n<\/div>\n<\/div>\n<\/div>\n<\/div>\n<\/div>\n\n\n\n<div class=\"wp-block-columns is-layout-flex wp-container-core-columns-is-layout-28f84493 wp-block-columns-is-layout-flex\">\n<div class=\"wp-block-column is-layout-flow wp-block-column-is-layout-flow\">\n<figure class=\"wp-block-image size-full\"><img decoding=\"async\" width=\"729\" height=\"729\" src=\"https:\/\/www.dzwchafingdish.com\/wp-content\/uploads\/2026\/02\/Wholesale-Catering-Chafing-Dish-Golden-Luxury-Star-Chafing-Dish-3.webp\" alt=\"Prato para assar para catering por atacado Prato para assar estrela de luxo dourado (3)\" class=\"wp-image-7296\" srcset=\"https:\/\/www.dzwchafingdish.com\/wp-content\/uploads\/2026\/02\/Wholesale-Catering-Chafing-Dish-Golden-Luxury-Star-Chafing-Dish-3.webp 729w, https:\/\/www.dzwchafingdish.com\/wp-content\/uploads\/2026\/02\/Wholesale-Catering-Chafing-Dish-Golden-Luxury-Star-Chafing-Dish-3-300x300.webp 300w, https:\/\/www.dzwchafingdish.com\/wp-content\/uploads\/2026\/02\/Wholesale-Catering-Chafing-Dish-Golden-Luxury-Star-Chafing-Dish-3-150x150.webp 150w, https:\/\/www.dzwchafingdish.com\/wp-content\/uploads\/2026\/02\/Wholesale-Catering-Chafing-Dish-Golden-Luxury-Star-Chafing-Dish-3-12x12.webp 12w\" sizes=\"(max-width: 729px) 100vw, 729px\" \/><\/figure>\n<\/div>\n\n\n\n<div class=\"wp-block-column is-layout-flow wp-block-column-is-layout-flow\">\n<h2 class=\"wp-block-heading\">Prato para catering Carater\u00edsticas:<\/h2>\n\n\n\n<p><strong>Processo de revestimento a ouro<\/strong>: Utiliza a\u00e7o inoxid\u00e1vel de qualidade alimentar com um processo de revestimento a ouro, obtendo um acabamento espelhado que \u00e9 resistente a impress\u00f5es digitais, \u00e0 corros\u00e3o e mant\u00e9m o seu novo aspeto durante muito tempo.<\/p>\n\n\n\n<p><strong>Design oco exclusivo em forma de estrela:<\/strong> A base oca com padr\u00e3o de estrela em forma de cesta cria efeitos ricos de luz e sombra, combinados com uma pega met\u00e1lica alta, tornando instantaneamente a mesa de jantar a pe\u00e7a central visual.<\/p>\n\n\n\n<p><strong>Design de panela funda de grande capacidade<\/strong>: O recipiente interior em a\u00e7o inoxid\u00e1vel mais profundo adapta-se a cen\u00e1rios de refei\u00e7\u00f5es de grande volume, reduzindo o custo de reabastecimentos frequentes.<\/p>\n\n\n\n<p><strong>Personaliza\u00e7\u00e3o em massa dispon\u00edvel<\/strong>: Oferece op\u00e7\u00f5es de personaliza\u00e7\u00e3o de log\u00f3tipos, padr\u00f5es e tamanhos. As compras a granel beneficiam de pre\u00e7os exclusivos por grosso, o que faz com que seja a escolha ideal para empresas de catering e empresas de planeamento de eventos.<\/p>\n<\/div>\n<\/div>","protected":false},"excerpt":{"rendered":"<p>Catering Chafing Dish Dimension: ITEM NO. Color Capacity LENGTH WIDE HIGHT N.W \/SET DZW-GS080 Gold 8L 38 cm 40 cm 64 cm 4,900 g Catering Chafing Dish Features: Gold Plating Process: Utilizes food-grade stainless steel with a gold plating process, achieving a mirror-like finish that is fingerprint-resistant, corrosion-resistant, and maintains its new look for a [&hellip;]<\/p>","protected":false},"author":3,"featured_media":7295,"parent":0,"menu_order":0,"template":"","format":"standard","meta":{"_acf_changed":false,"site-sidebar-layout":"default","site-content-layout":"","ast-site-content-layout":"default","site-content-style":"default","site-sidebar-style":"default","ast-global-header-display":"","ast-banner-title-visibility":"","ast-main-header-display":"","ast-hfb-above-header-display":"","ast-hfb-below-header-display":"","ast-hfb-mobile-header-display":"","site-post-title":"","ast-breadcrumbs-content":"","ast-featured-img":"","footer-sml-layout":"","theme-transparent-header-meta":"","adv-header-id-meta":"","stick-header-meta":"","header-above-stick-meta":"","header-main-stick-meta":"","header-below-stick-meta":"","astra-migrate-meta-layouts":"default","ast-page-background-enabled":"default","ast-page-background-meta":{"desktop":{"background-color":"var(--ast-global-color-4)","background-image":"","background-repeat":"repeat","background-position":"center center","background-size":"auto","background-attachment":"scroll","background-type":"","background-media":"","overlay-type":"","overlay-color":"","overlay-opacity":"","overlay-gradient":""},"tablet":{"background-color":"","background-image":"","background-repeat":"repeat","background-position":"center center","background-size":"auto","background-attachment":"scroll","background-type":"","background-media":"","overlay-type":"","overlay-color":"","overlay-opacity":"","overlay-gradient":""},"mobile":{"background-color":"","background-image":"","background-repeat":"repeat","background-position":"center center","background-size":"auto","background-attachment":"scroll","background-type":"","background-media":"","overlay-type":"","overlay-color":"","overlay-opacity":"","overlay-gradient":""}},"ast-content-background-meta":{"desktop":{"background-color":"var(--ast-global-color-5)","background-image":"","background-repeat":"repeat","background-position":"center center","background-size":"auto","background-attachment":"scroll","background-type":"","background-media":"","overlay-type":"","overlay-color":"","overlay-opacity":"","overlay-gradient":""},"tablet":{"background-color":"var(--ast-global-color-5)","background-image":"","background-repeat":"repeat","background-position":"center center","background-size":"auto","background-attachment":"scroll","background-type":"","background-media":"","overlay-type":"","overlay-color":"","overlay-opacity":"","overlay-gradient":""},"mobile":{"background-color":"var(--ast-global-color-5)","background-image":"","background-repeat":"repeat","background-position":"center center","background-size":"auto","background-attachment":"scroll","background-type":"","background-media":"","overlay-type":"","overlay-color":"","overlay-opacity":"","overlay-gradient":""}},"footnotes":""},"product-categories":[63],"product-tag":[95,97,90,91],"class_list":["post-7293","product","type-product","status-publish","format-standard","has-post-thumbnail","hentry","product-categories-chafing-dish","product-tag-chafing-dish-with-glass-lid","product-tag-chafing-dish-with-hanging-lid","product-tag-fuel-chafing-dish","product-tag-round-chafing-dish"],"acf":{"title":"Prato para buffet por atacado Golden Luxury Star, Aquecedor de buffet em a\u00e7o inoxid\u00e1vel 8l Personalizado","title_source":{"label":"Title","type":"text","formatted_value":"Wholesale Catering Chafing Dish Golden Luxury Star, Stainless Buffet Warmer 8l Custom"},"short_description":"Welcome to wholesale catering chafing dish with food-grade gold-plated stainless steel, star-pattern cutout base, large deep pan, and elegant one-piece design. Custom logos, sizes, and bulk orders available. Contact us for quotes.","short_description_source":{"label":"Short description","type":"textarea","formatted_value":"Welcome to wholesale catering chafing dish with food-grade gold-plated stainless steel, star-pattern cutout base, large deep pan, and elegant one-piece design. Custom logos, sizes, and bulk orders available. Contact us for quotes."},"parameters":"<table border=\"0\" width=\"275\" cellspacing=\"0\" cellpadding=\"0\">\r\n<tbody>\r\n<tr>\r\n<td width=\"108\" height=\"17\">Manufacturer<\/td>\r\n<td width=\"167\">DONGZHAOWEI<\/td>\r\n<\/tr>\r\n<tr>\r\n<td height=\"17\">Material<\/td>\r\n<td>Stainless Steel 201<\/td>\r\n<\/tr>\r\n<tr>\r\n<td height=\"17\">Capacity<\/td>\r\n<td>8L<\/td>\r\n<\/tr>\r\n<tr>\r\n<td height=\"17\">Color<\/td>\r\n<td>Golden<\/td>\r\n<\/tr>\r\n<tr>\r\n<td height=\"17\">Design<\/td>\r\n<td>Star-Shaped Hollow Design<\/td>\r\n<\/tr>\r\n<tr>\r\n<td height=\"17\">Tray<\/td>\r\n<td>No Divided<\/td>\r\n<\/tr>\r\n<tr>\r\n<td height=\"17\">Lid type<\/td>\r\n<td>Hanging Lid<\/td>\r\n<\/tr>\r\n<tr>\r\n<td height=\"17\">Heat<\/td>\r\n<td>Fuel<\/td>\r\n<\/tr>\r\n<tr>\r\n<td height=\"17\">Custom<\/td>\r\n<td>Color\/Logo\/Package<\/td>\r\n<\/tr>\r\n<\/tbody>\r\n<\/table>","parameters_source":{"label":"Parameters","type":"wysiwyg","formatted_value":"<table border=\"0\" width=\"275\" cellspacing=\"0\" cellpadding=\"0\">\n<tbody>\n<tr>\n<td width=\"108\" height=\"17\">Manufacturer<\/td>\n<td width=\"167\">DONGZHAOWEI<\/td>\n<\/tr>\n<tr>\n<td height=\"17\">Material<\/td>\n<td>Stainless Steel 201<\/td>\n<\/tr>\n<tr>\n<td height=\"17\">Capacity<\/td>\n<td>8L<\/td>\n<\/tr>\n<tr>\n<td height=\"17\">Color<\/td>\n<td>Golden<\/td>\n<\/tr>\n<tr>\n<td height=\"17\">Design<\/td>\n<td>Star-Shaped Hollow Design<\/td>\n<\/tr>\n<tr>\n<td height=\"17\">Tray<\/td>\n<td>No Divided<\/td>\n<\/tr>\n<tr>\n<td height=\"17\">Lid type<\/td>\n<td>Hanging Lid<\/td>\n<\/tr>\n<tr>\n<td height=\"17\">Heat<\/td>\n<td>Fuel<\/td>\n<\/tr>\n<tr>\n<td height=\"17\">Custom<\/td>\n<td>Color\/Logo\/Package<\/td>\n<\/tr>\n<\/tbody>\n<\/table>\n"},"photo_gallery":{"product_gallery":[[{"id":7296,"title":"Wholesale Catering Chafing Dish Golden Luxury Star Chafing Dish (3)","caption":"Wholesale Catering Chafing Dish Golden Luxury Star Chafing Dish (3)","full_image_url":"https:\/\/www.dzwchafingdish.com\/wp-content\/uploads\/2026\/02\/Wholesale-Catering-Chafing-Dish-Golden-Luxury-Star-Chafing-Dish-3.webp","thumbnail_image_url":"https:\/\/www.dzwchafingdish.com\/wp-content\/uploads\/2026\/02\/Wholesale-Catering-Chafing-Dish-Golden-Luxury-Star-Chafing-Dish-3-150x150.webp","large_srcset":"https:\/\/www.dzwchafingdish.com\/wp-content\/uploads\/2026\/02\/Wholesale-Catering-Chafing-Dish-Golden-Luxury-Star-Chafing-Dish-3.webp 729w, https:\/\/www.dzwchafingdish.com\/wp-content\/uploads\/2026\/02\/Wholesale-Catering-Chafing-Dish-Golden-Luxury-Star-Chafing-Dish-3-300x300.webp 300w, https:\/\/www.dzwchafingdish.com\/wp-content\/uploads\/2026\/02\/Wholesale-Catering-Chafing-Dish-Golden-Luxury-Star-Chafing-Dish-3-150x150.webp 150w, https:\/\/www.dzwchafingdish.com\/wp-content\/uploads\/2026\/02\/Wholesale-Catering-Chafing-Dish-Golden-Luxury-Star-Chafing-Dish-3-12x12.webp 12w","medium_srcset":"https:\/\/www.dzwchafingdish.com\/wp-content\/uploads\/2026\/02\/Wholesale-Catering-Chafing-Dish-Golden-Luxury-Star-Chafing-Dish-3-300x300.webp 300w, https:\/\/www.dzwchafingdish.com\/wp-content\/uploads\/2026\/02\/Wholesale-Catering-Chafing-Dish-Golden-Luxury-Star-Chafing-Dish-3-150x150.webp 150w, https:\/\/www.dzwchafingdish.com\/wp-content\/uploads\/2026\/02\/Wholesale-Catering-Chafing-Dish-Golden-Luxury-Star-Chafing-Dish-3-12x12.webp 12w, https:\/\/www.dzwchafingdish.com\/wp-content\/uploads\/2026\/02\/Wholesale-Catering-Chafing-Dish-Golden-Luxury-Star-Chafing-Dish-3.webp 729w","media_details":{"width":729,"height":729,"sizes":{"medium":{"file":"Wholesale-Catering-Chafing-Dish-Golden-Luxury-Star-Chafing-Dish-3-300x300.webp","width":300,"height":300,"mime-type":"image\/webp","filesize":31828,"source_url":"https:\/\/www.dzwchafingdish.com\/wp-content\/uploads\/2026\/02\/Wholesale-Catering-Chafing-Dish-Golden-Luxury-Star-Chafing-Dish-3-300x300.webp"},"thumbnail":{"file":"Wholesale-Catering-Chafing-Dish-Golden-Luxury-Star-Chafing-Dish-3-150x150.webp","width":150,"height":150,"mime-type":"image\/webp","filesize":9528,"source_url":"https:\/\/www.dzwchafingdish.com\/wp-content\/uploads\/2026\/02\/Wholesale-Catering-Chafing-Dish-Golden-Luxury-Star-Chafing-Dish-3-150x150.webp"},"trp-custom-language-flag":{"file":"Wholesale-Catering-Chafing-Dish-Golden-Luxury-Star-Chafing-Dish-3-12x12.webp","width":12,"height":12,"mime-type":"image\/webp","filesize":160,"source_url":"https:\/\/www.dzwchafingdish.com\/wp-content\/uploads\/2026\/02\/Wholesale-Catering-Chafing-Dish-Golden-Luxury-Star-Chafing-Dish-3-12x12.webp"},"htliser_size_396x360":{"file":"Wholesale-Catering-Chafing-Dish-Golden-Luxury-Star-Chafing-Dish-3-396x360.webp","width":396,"height":360,"mime-type":"image\/webp","filesize":50020,"source_url":"https:\/\/www.dzwchafingdish.com\/wp-content\/uploads\/2026\/02\/Wholesale-Catering-Chafing-Dish-Golden-Luxury-Star-Chafing-Dish-3-396x360.webp"},"htslider_size_1170x536":{"file":"Wholesale-Catering-Chafing-Dish-Golden-Luxury-Star-Chafing-Dish-3-729x536.webp","width":729,"height":536,"mime-type":"image\/webp","filesize":134374,"source_url":"https:\/\/www.dzwchafingdish.com\/wp-content\/uploads\/2026\/02\/Wholesale-Catering-Chafing-Dish-Golden-Luxury-Star-Chafing-Dish-3-729x536.webp"}}},"alt_text":"Wholesale Catering Chafing Dish Golden Luxury Star Chafing Dish (3)","url":"","target":""},{"id":7294,"title":"Wholesale Catering Chafing Dish Golden Luxury Star Chafing Dish (1)","caption":"Wholesale Catering Chafing Dish Golden Luxury Star Chafing Dish (1)","full_image_url":"https:\/\/www.dzwchafingdish.com\/wp-content\/uploads\/2026\/02\/Wholesale-Catering-Chafing-Dish-Golden-Luxury-Star-Chafing-Dish-1.webp","thumbnail_image_url":"https:\/\/www.dzwchafingdish.com\/wp-content\/uploads\/2026\/02\/Wholesale-Catering-Chafing-Dish-Golden-Luxury-Star-Chafing-Dish-1-150x150.webp","large_srcset":"https:\/\/www.dzwchafingdish.com\/wp-content\/uploads\/2026\/02\/Wholesale-Catering-Chafing-Dish-Golden-Luxury-Star-Chafing-Dish-1.webp 714w, https:\/\/www.dzwchafingdish.com\/wp-content\/uploads\/2026\/02\/Wholesale-Catering-Chafing-Dish-Golden-Luxury-Star-Chafing-Dish-1-300x300.webp 300w, https:\/\/www.dzwchafingdish.com\/wp-content\/uploads\/2026\/02\/Wholesale-Catering-Chafing-Dish-Golden-Luxury-Star-Chafing-Dish-1-150x150.webp 150w, https:\/\/www.dzwchafingdish.com\/wp-content\/uploads\/2026\/02\/Wholesale-Catering-Chafing-Dish-Golden-Luxury-Star-Chafing-Dish-1-12x12.webp 12w","medium_srcset":"https:\/\/www.dzwchafingdish.com\/wp-content\/uploads\/2026\/02\/Wholesale-Catering-Chafing-Dish-Golden-Luxury-Star-Chafing-Dish-1-300x300.webp 300w, https:\/\/www.dzwchafingdish.com\/wp-content\/uploads\/2026\/02\/Wholesale-Catering-Chafing-Dish-Golden-Luxury-Star-Chafing-Dish-1-150x150.webp 150w, https:\/\/www.dzwchafingdish.com\/wp-content\/uploads\/2026\/02\/Wholesale-Catering-Chafing-Dish-Golden-Luxury-Star-Chafing-Dish-1-12x12.webp 12w, https:\/\/www.dzwchafingdish.com\/wp-content\/uploads\/2026\/02\/Wholesale-Catering-Chafing-Dish-Golden-Luxury-Star-Chafing-Dish-1.webp 714w","media_details":{"width":714,"height":714,"sizes":{"medium":{"file":"Wholesale-Catering-Chafing-Dish-Golden-Luxury-Star-Chafing-Dish-1-300x300.webp","width":300,"height":300,"mime-type":"image\/webp","filesize":30742,"source_url":"https:\/\/www.dzwchafingdish.com\/wp-content\/uploads\/2026\/02\/Wholesale-Catering-Chafing-Dish-Golden-Luxury-Star-Chafing-Dish-1-300x300.webp"},"thumbnail":{"file":"Wholesale-Catering-Chafing-Dish-Golden-Luxury-Star-Chafing-Dish-1-150x150.webp","width":150,"height":150,"mime-type":"image\/webp","filesize":9132,"source_url":"https:\/\/www.dzwchafingdish.com\/wp-content\/uploads\/2026\/02\/Wholesale-Catering-Chafing-Dish-Golden-Luxury-Star-Chafing-Dish-1-150x150.webp"},"trp-custom-language-flag":{"file":"Wholesale-Catering-Chafing-Dish-Golden-Luxury-Star-Chafing-Dish-1-12x12.webp","width":12,"height":12,"mime-type":"image\/webp","filesize":148,"source_url":"https:\/\/www.dzwchafingdish.com\/wp-content\/uploads\/2026\/02\/Wholesale-Catering-Chafing-Dish-Golden-Luxury-Star-Chafing-Dish-1-12x12.webp"},"htliser_size_396x360":{"file":"Wholesale-Catering-Chafing-Dish-Golden-Luxury-Star-Chafing-Dish-1-396x360.webp","width":396,"height":360,"mime-type":"image\/webp","filesize":49214,"source_url":"https:\/\/www.dzwchafingdish.com\/wp-content\/uploads\/2026\/02\/Wholesale-Catering-Chafing-Dish-Golden-Luxury-Star-Chafing-Dish-1-396x360.webp"},"htslider_size_1170x536":{"file":"Wholesale-Catering-Chafing-Dish-Golden-Luxury-Star-Chafing-Dish-1-714x536.webp","width":714,"height":536,"mime-type":"image\/webp","filesize":127228,"source_url":"https:\/\/www.dzwchafingdish.com\/wp-content\/uploads\/2026\/02\/Wholesale-Catering-Chafing-Dish-Golden-Luxury-Star-Chafing-Dish-1-714x536.webp"}}},"alt_text":"Wholesale Catering Chafing Dish Golden Luxury Star Chafing Dish (1)","url":"","target":""},{"id":7297,"title":"Wholesale Catering Chafing Dish Golden Luxury Star Chafing Dish (4)","caption":"Wholesale Catering Chafing Dish Golden Luxury Star Chafing Dish (4)","full_image_url":"https:\/\/www.dzwchafingdish.com\/wp-content\/uploads\/2026\/02\/Wholesale-Catering-Chafing-Dish-Golden-Luxury-Star-Chafing-Dish-4.webp","thumbnail_image_url":"https:\/\/www.dzwchafingdish.com\/wp-content\/uploads\/2026\/02\/Wholesale-Catering-Chafing-Dish-Golden-Luxury-Star-Chafing-Dish-4-150x150.webp","large_srcset":"https:\/\/www.dzwchafingdish.com\/wp-content\/uploads\/2026\/02\/Wholesale-Catering-Chafing-Dish-Golden-Luxury-Star-Chafing-Dish-4.webp 756w, https:\/\/www.dzwchafingdish.com\/wp-content\/uploads\/2026\/02\/Wholesale-Catering-Chafing-Dish-Golden-Luxury-Star-Chafing-Dish-4-300x300.webp 300w, https:\/\/www.dzwchafingdish.com\/wp-content\/uploads\/2026\/02\/Wholesale-Catering-Chafing-Dish-Golden-Luxury-Star-Chafing-Dish-4-150x150.webp 150w, https:\/\/www.dzwchafingdish.com\/wp-content\/uploads\/2026\/02\/Wholesale-Catering-Chafing-Dish-Golden-Luxury-Star-Chafing-Dish-4-12x12.webp 12w","medium_srcset":"https:\/\/www.dzwchafingdish.com\/wp-content\/uploads\/2026\/02\/Wholesale-Catering-Chafing-Dish-Golden-Luxury-Star-Chafing-Dish-4-300x300.webp 300w, https:\/\/www.dzwchafingdish.com\/wp-content\/uploads\/2026\/02\/Wholesale-Catering-Chafing-Dish-Golden-Luxury-Star-Chafing-Dish-4-150x150.webp 150w, https:\/\/www.dzwchafingdish.com\/wp-content\/uploads\/2026\/02\/Wholesale-Catering-Chafing-Dish-Golden-Luxury-Star-Chafing-Dish-4-12x12.webp 12w, https:\/\/www.dzwchafingdish.com\/wp-content\/uploads\/2026\/02\/Wholesale-Catering-Chafing-Dish-Golden-Luxury-Star-Chafing-Dish-4.webp 756w","media_details":{"width":756,"height":756,"sizes":{"medium":{"file":"Wholesale-Catering-Chafing-Dish-Golden-Luxury-Star-Chafing-Dish-4-300x300.webp","width":300,"height":300,"mime-type":"image\/webp","filesize":14768,"source_url":"https:\/\/www.dzwchafingdish.com\/wp-content\/uploads\/2026\/02\/Wholesale-Catering-Chafing-Dish-Golden-Luxury-Star-Chafing-Dish-4-300x300.webp"},"thumbnail":{"file":"Wholesale-Catering-Chafing-Dish-Golden-Luxury-Star-Chafing-Dish-4-150x150.webp","width":150,"height":150,"mime-type":"image\/webp","filesize":4660,"source_url":"https:\/\/www.dzwchafingdish.com\/wp-content\/uploads\/2026\/02\/Wholesale-Catering-Chafing-Dish-Golden-Luxury-Star-Chafing-Dish-4-150x150.webp"},"trp-custom-language-flag":{"file":"Wholesale-Catering-Chafing-Dish-Golden-Luxury-Star-Chafing-Dish-4-12x12.webp","width":12,"height":12,"mime-type":"image\/webp","filesize":128,"source_url":"https:\/\/www.dzwchafingdish.com\/wp-content\/uploads\/2026\/02\/Wholesale-Catering-Chafing-Dish-Golden-Luxury-Star-Chafing-Dish-4-12x12.webp"},"htliser_size_396x360":{"file":"Wholesale-Catering-Chafing-Dish-Golden-Luxury-Star-Chafing-Dish-4-396x360.webp","width":396,"height":360,"mime-type":"image\/webp","filesize":23324,"source_url":"https:\/\/www.dzwchafingdish.com\/wp-content\/uploads\/2026\/02\/Wholesale-Catering-Chafing-Dish-Golden-Luxury-Star-Chafing-Dish-4-396x360.webp"},"htslider_size_1170x536":{"file":"Wholesale-Catering-Chafing-Dish-Golden-Luxury-Star-Chafing-Dish-4-756x536.webp","width":756,"height":536,"mime-type":"image\/webp","filesize":71966,"source_url":"https:\/\/www.dzwchafingdish.com\/wp-content\/uploads\/2026\/02\/Wholesale-Catering-Chafing-Dish-Golden-Luxury-Star-Chafing-Dish-4-756x536.webp"}}},"alt_text":"Wholesale Catering Chafing Dish Golden Luxury Star Chafing Dish (4)","url":"","target":""},{"id":7298,"title":"Wholesale Catering Chafing Dish Golden Luxury Star Chafing Dish (5)","caption":"Wholesale Catering Chafing Dish Golden Luxury Star Chafing Dish (5)","full_image_url":"https:\/\/www.dzwchafingdish.com\/wp-content\/uploads\/2026\/02\/Wholesale-Catering-Chafing-Dish-Golden-Luxury-Star-Chafing-Dish-5.webp","thumbnail_image_url":"https:\/\/www.dzwchafingdish.com\/wp-content\/uploads\/2026\/02\/Wholesale-Catering-Chafing-Dish-Golden-Luxury-Star-Chafing-Dish-5-150x150.webp","large_srcset":"https:\/\/www.dzwchafingdish.com\/wp-content\/uploads\/2026\/02\/Wholesale-Catering-Chafing-Dish-Golden-Luxury-Star-Chafing-Dish-5.webp 756w, https:\/\/www.dzwchafingdish.com\/wp-content\/uploads\/2026\/02\/Wholesale-Catering-Chafing-Dish-Golden-Luxury-Star-Chafing-Dish-5-300x300.webp 300w, https:\/\/www.dzwchafingdish.com\/wp-content\/uploads\/2026\/02\/Wholesale-Catering-Chafing-Dish-Golden-Luxury-Star-Chafing-Dish-5-150x150.webp 150w, https:\/\/www.dzwchafingdish.com\/wp-content\/uploads\/2026\/02\/Wholesale-Catering-Chafing-Dish-Golden-Luxury-Star-Chafing-Dish-5-12x12.webp 12w","medium_srcset":"https:\/\/www.dzwchafingdish.com\/wp-content\/uploads\/2026\/02\/Wholesale-Catering-Chafing-Dish-Golden-Luxury-Star-Chafing-Dish-5-300x300.webp 300w, https:\/\/www.dzwchafingdish.com\/wp-content\/uploads\/2026\/02\/Wholesale-Catering-Chafing-Dish-Golden-Luxury-Star-Chafing-Dish-5-150x150.webp 150w, https:\/\/www.dzwchafingdish.com\/wp-content\/uploads\/2026\/02\/Wholesale-Catering-Chafing-Dish-Golden-Luxury-Star-Chafing-Dish-5-12x12.webp 12w, https:\/\/www.dzwchafingdish.com\/wp-content\/uploads\/2026\/02\/Wholesale-Catering-Chafing-Dish-Golden-Luxury-Star-Chafing-Dish-5.webp 756w","media_details":{"width":756,"height":756,"sizes":{"medium":{"file":"Wholesale-Catering-Chafing-Dish-Golden-Luxury-Star-Chafing-Dish-5-300x300.webp","width":300,"height":300,"mime-type":"image\/webp","filesize":14412,"source_url":"https:\/\/www.dzwchafingdish.com\/wp-content\/uploads\/2026\/02\/Wholesale-Catering-Chafing-Dish-Golden-Luxury-Star-Chafing-Dish-5-300x300.webp"},"thumbnail":{"file":"Wholesale-Catering-Chafing-Dish-Golden-Luxury-Star-Chafing-Dish-5-150x150.webp","width":150,"height":150,"mime-type":"image\/webp","filesize":4506,"source_url":"https:\/\/www.dzwchafingdish.com\/wp-content\/uploads\/2026\/02\/Wholesale-Catering-Chafing-Dish-Golden-Luxury-Star-Chafing-Dish-5-150x150.webp"},"trp-custom-language-flag":{"file":"Wholesale-Catering-Chafing-Dish-Golden-Luxury-Star-Chafing-Dish-5-12x12.webp","width":12,"height":12,"mime-type":"image\/webp","filesize":120,"source_url":"https:\/\/www.dzwchafingdish.com\/wp-content\/uploads\/2026\/02\/Wholesale-Catering-Chafing-Dish-Golden-Luxury-Star-Chafing-Dish-5-12x12.webp"},"htliser_size_396x360":{"file":"Wholesale-Catering-Chafing-Dish-Golden-Luxury-Star-Chafing-Dish-5-396x360.webp","width":396,"height":360,"mime-type":"image\/webp","filesize":22828,"source_url":"https:\/\/www.dzwchafingdish.com\/wp-content\/uploads\/2026\/02\/Wholesale-Catering-Chafing-Dish-Golden-Luxury-Star-Chafing-Dish-5-396x360.webp"},"htslider_size_1170x536":{"file":"Wholesale-Catering-Chafing-Dish-Golden-Luxury-Star-Chafing-Dish-5-756x536.webp","width":756,"height":536,"mime-type":"image\/webp","filesize":73250,"source_url":"https:\/\/www.dzwchafingdish.com\/wp-content\/uploads\/2026\/02\/Wholesale-Catering-Chafing-Dish-Golden-Luxury-Star-Chafing-Dish-5-756x536.webp"}}},"alt_text":"Wholesale Catering Chafing Dish Golden Luxury Star Chafing Dish (5)","url":"","target":""}]]}},"_links":{"self":[{"href":"https:\/\/www.dzwchafingdish.com\/pt\/wp-json\/wp\/v2\/product\/7293","targetHints":{"allow":["GET"]}}],"collection":[{"href":"https:\/\/www.dzwchafingdish.com\/pt\/wp-json\/wp\/v2\/product"}],"about":[{"href":"https:\/\/www.dzwchafingdish.com\/pt\/wp-json\/wp\/v2\/types\/product"}],"author":[{"embeddable":true,"href":"https:\/\/www.dzwchafingdish.com\/pt\/wp-json\/wp\/v2\/users\/3"}],"version-history":[{"count":3,"href":"https:\/\/www.dzwchafingdish.com\/pt\/wp-json\/wp\/v2\/product\/7293\/revisions"}],"predecessor-version":[{"id":7302,"href":"https:\/\/www.dzwchafingdish.com\/pt\/wp-json\/wp\/v2\/product\/7293\/revisions\/7302"}],"wp:featuredmedia":[{"embeddable":true,"href":"https:\/\/www.dzwchafingdish.com\/pt\/wp-json\/wp\/v2\/media\/7295"}],"wp:attachment":[{"href":"https:\/\/www.dzwchafingdish.com\/pt\/wp-json\/wp\/v2\/media?parent=7293"}],"wp:term":[{"taxonomy":"product-categories","embeddable":true,"href":"https:\/\/www.dzwchafingdish.com\/pt\/wp-json\/wp\/v2\/product-categories?post=7293"},{"taxonomy":"product-tag","embeddable":true,"href":"https:\/\/www.dzwchafingdish.com\/pt\/wp-json\/wp\/v2\/product-tag?post=7293"}],"curies":[{"name":"wp","href":"https:\/\/api.w.org\/{rel}","templated":true}]}}